{"id":23571,"date":"2025-04-13T17:40:00","date_gmt":"2025-04-13T17:40:00","guid":{"rendered":"https:\/\/researchchemicalhub.com\/?post_type=product&#038;p=23571"},"modified":"2025-10-18T15:31:03","modified_gmt":"2025-10-18T15:31:03","slug":"ecpla-l-tartrate-puur","status":"publish","type":"product","link":"https:\/\/researchchemicalhub.com\/pt\/shop\/ecpla\/ecpla-l-tartrate-puur\/","title":{"rendered":"ECPLA L-tartarato Puro"},"content":{"rendered":"<h1><strong><span dir=\"auto\" style=\"vertical-align: inherit;\"><span dir=\"auto\" style=\"vertical-align: inherit;\">ECPLA L-Tartrato (Puro) \u2013 Lisergamida de alta qualidade para pesquisa avan\u00e7ada<\/span><\/span><\/strong><\/h1>\n<p data-start=\"3901\" data-end=\"4112\"><strong data-start=\"3901\" data-end=\"3975\">ECPLA L-tartrato (L-tartrato de dietilamida do \u00e1cido N6-etil-6-norlis\u00e9rgico)<\/strong> \u00e9 um <strong data-start=\"3983\" data-end=\"4027\">composto de pesquisa de alta pureza<\/strong>, projetado para <strong data-start=\"4044\" data-end=\"4109\">pesquisa neurocient\u00edfica, farmacol\u00f3gica e anal\u00edtica<\/strong>. ecpla<\/p>\n<p data-start=\"4114\" data-end=\"4409\">Se <strong data-start=\"4118\" data-end=\"4178\">an\u00e1logo estrutural do LSD (dietilamida do \u00e1cido lis\u00e9rgico)<\/strong> A ECPLA cont\u00e9m uma <strong data-start=\"4195\" data-end=\"4243\">substitui\u00e7\u00e3o de etila na estrutura da lisergamida<\/strong>, tornando-o valioso para <strong data-start=\"4276\" data-end=\"4332\">pesquisa sobre receptores de serotonina (5-HT2A\/5-HT2C)<\/strong> e <strong data-start=\"4336\" data-end=\"4378\">rela\u00e7\u00f5es estrutura-atividade (SAR)<\/strong> dentro da classe das lisergamidas.<\/p>\n<p data-start=\"4411\" data-end=\"4605\">O <strong data-start=\"4414\" data-end=\"4432\">Forma L-tartarato<\/strong> aumenta o <strong data-start=\"4445\" data-end=\"4501\">estabilidade qu\u00edmica, solubilidade e prazo de validade<\/strong>, tornando este produto confi\u00e1vel para uso a longo prazo em ambientes de laborat\u00f3rio controlados.<\/p>\n<blockquote data-start=\"4607\" data-end=\"4758\">\n<p data-start=\"4609\" data-end=\"4758\">\u26a0\ufe0f <strong data-start=\"4612\" data-end=\"4623\">OBS:<\/strong> Este produto \u00e9 <strong data-start=\"4639\" data-end=\"4694\">destinado apenas \u00e0 pesquisa cient\u00edfica<\/strong> e <strong data-start=\"4698\" data-end=\"4755\">n\u00e3o \u00e9 adequado para consumo humano ou animal<\/strong>.<\/p>\n<\/blockquote>\n<hr data-start=\"4760\" data-end=\"4763\" \/>\n<h3 data-start=\"4765\" data-end=\"4796\"><strong data-start=\"4769\" data-end=\"4796\">Principais caracter\u00edsticas<\/strong><\/h3>\n<ul data-start=\"4797\" data-end=\"5188\">\n<li data-start=\"4797\" data-end=\"4882\">\n<p data-start=\"4799\" data-end=\"4882\"><strong data-start=\"4799\" data-end=\"4825\">Alta Pureza (\u226599%)<\/strong> \u2013 Testado em laborat\u00f3rio para identidade e composi\u00e7\u00e3o.<\/p>\n<\/li>\n<li data-start=\"4883\" data-end=\"4958\">\n<p data-start=\"4885\" data-end=\"4958\"><strong data-start=\"4885\" data-end=\"4916\">Forma de sal L-Tartarato est\u00e1vel<\/strong> \u2013 Aumenta a vida \u00fatil e a estabilidade.<\/p>\n<\/li>\n<li data-start=\"4959\" data-end=\"5050\">\n<p data-start=\"4961\" data-end=\"5050\"><strong data-start=\"4961\" data-end=\"4993\">N\u00edvel de pesquisa Lisergamida<\/strong> \u2013 Adequado para pesquisa de receptores e farmacol\u00f3gica.<\/p>\n<\/li>\n<li data-start=\"5051\" data-end=\"5121\">\n<p data-start=\"5053\" data-end=\"5121\"><strong data-start=\"5053\" data-end=\"5078\">Qualidade consistente<\/strong> \u2013 Fabricado de acordo com padr\u00f5es semelhantes aos GMP.<\/p>\n<\/li>\n<li data-start=\"5122\" data-end=\"5188\">\n<p data-start=\"5124\" data-end=\"5188\"><strong data-start=\"5124\" data-end=\"5146\">Embalagem Segura<\/strong> \u2013 Embalado hermeticamente e \u00e0 prova de umidade.<\/p>\n<\/li>\n<\/ul>\n<hr data-start=\"5190\" data-end=\"5193\" \/>\n<h3 data-start=\"5195\" data-end=\"5212\"><strong data-start=\"5199\" data-end=\"5212\">Vantagens<\/strong><\/h3>\n<ul data-start=\"5213\" data-end=\"5513\">\n<li data-start=\"5213\" data-end=\"5294\">\n<p data-start=\"5215\" data-end=\"5294\">Suportes <strong data-start=\"5227\" data-end=\"5291\">pesquisa sobre receptores de serotonina e an\u00e1logos de lisergamida<\/strong>.<\/p>\n<\/li>\n<li data-start=\"5295\" data-end=\"5370\">\n<p data-start=\"5297\" data-end=\"5370\"><strong data-start=\"5297\" data-end=\"5342\">Resultados confi\u00e1veis e reproduz\u00edveis<\/strong> em pesquisas de laborat\u00f3rio.<\/p>\n<\/li>\n<li data-start=\"5371\" data-end=\"5443\">\n<p data-start=\"5373\" data-end=\"5443\"><strong data-start=\"5373\" data-end=\"5399\">Estabilidade melhorada<\/strong> para armazenamento seguro e uso a longo prazo.<\/p>\n<\/li>\n<li data-start=\"5444\" data-end=\"5513\">\n<p data-start=\"5446\" data-end=\"5513\">Adequado para <strong data-start=\"5460\" data-end=\"5510\">pesquisa acad\u00eamica, anal\u00edtica e forense<\/strong>.<\/p>\n<\/li>\n<\/ul>\n<hr data-start=\"5515\" data-end=\"5518\" \/>\n<h3 data-start=\"5520\" data-end=\"5535\"><strong data-start=\"5524\" data-end=\"5535\">Uso<\/strong><\/h3>\n<ul data-start=\"5536\" data-end=\"5840\">\n<li data-start=\"5536\" data-end=\"5606\">\n<p data-start=\"5538\" data-end=\"5606\">Somente para ser usado por <strong data-start=\"5563\" data-end=\"5603\">pessoal de laborat\u00f3rio qualificado<\/strong>.<\/p>\n<\/li>\n<li data-start=\"5607\" data-end=\"5694\">\n<p data-start=\"5609\" data-end=\"5694\">Use adequado <strong data-start=\"5627\" data-end=\"5651\">equipamento de prote\u00e7\u00e3o<\/strong> (luvas, \u00f3culos de seguran\u00e7a, jaleco).<\/p>\n<\/li>\n<li data-start=\"5695\" data-end=\"5781\">\n<p data-start=\"5697\" data-end=\"5781\">Economize em um <strong data-start=\"5712\" data-end=\"5746\">local fresco, seco e escuro<\/strong>, protegido da umidade e da luz.<\/p>\n<\/li>\n<li data-start=\"5782\" data-end=\"5840\">\n<p data-start=\"5784\" data-end=\"5840\">N\u00e3o \u00e9 adequado para consumo humano ou animal.<\/p>\n<\/li>\n<\/ul>\n<hr data-start=\"5842\" data-end=\"5845\" \/>\n<h3 data-start=\"5847\" data-end=\"5882\"><strong data-start=\"5851\" data-end=\"5882\">Perguntas Frequentes (FAQ&#039;s)<\/strong><\/h3>\n<p data-start=\"5884\" data-end=\"6060\"><strong data-start=\"5884\" data-end=\"5932\">1. Para que \u00e9 usado o ECPLA L-tartarato?<\/strong><br data-start=\"5932\" data-end=\"5935\" \/>ECPLA \u00e9 usado para <strong data-start=\"5961\" data-end=\"6006\">pesquisa farmacol\u00f3gica e neuroqu\u00edmica<\/strong> aos receptores de serotonina e an\u00e1logos de lisergamida.<\/p>\n<p data-start=\"6062\" data-end=\"6241\"><strong data-start=\"6062\" data-end=\"6119\">2. O ECPLA L-tartarato \u00e9 seguro para uso humano?<\/strong><br data-start=\"6119\" data-end=\"6122\" \/>N\u00e3o. Este produto \u00e9 <strong data-start=\"6142\" data-end=\"6191\">destinado apenas para fins de pesquisa<\/strong> e n\u00e3o aprovado para consumo humano.<\/p>\n<p data-start=\"6243\" data-end=\"6405\"><strong data-start=\"6243\" data-end=\"6291\">3. Como o ECPLA L-tartarato deve ser armazenado?<\/strong><br data-start=\"6291\" data-end=\"6294\" \/>Armazene em um <strong data-start=\"6309\" data-end=\"6339\">embalagem bem fechada<\/strong> em temperatura ambiente (15\u201325\u00b0C), protegido da luz e da umidade.<\/p>","protected":false},"excerpt":{"rendered":"<h3><span style=\"vertical-align: inherit;\"><span style=\"vertical-align: inherit;\"><span dir=\"auto\" style=\"vertical-align: inherit;\"><span dir=\"auto\" style=\"vertical-align: inherit;\">Propriedades do L-tartarato ECPLA<\/span><\/span><\/span><\/span><\/h3>\n<p><strong><span style=\"vertical-align: inherit;\"><span style=\"vertical-align: inherit;\"><span dir=\"auto\" style=\"vertical-align: inherit;\"><span dir=\"auto\" style=\"vertical-align: inherit;\">Sin\u00f4nimo:<\/span><\/span><\/span><\/span><\/strong><span style=\"vertical-align: inherit;\"><span style=\"vertical-align: inherit;\"><span dir=\"auto\" style=\"vertical-align: inherit;\"><span dir=\"auto\" style=\"vertical-align: inherit;\"> \u00e1cido lis\u00e9rgico N-etil-N-ciclopropilamida hemi-L-tartarato <\/span><\/span><\/span><\/span><br \/>\n<strong><span style=\"vertical-align: inherit;\"><span style=\"vertical-align: inherit;\"><span dir=\"auto\" style=\"vertical-align: inherit;\"><span dir=\"auto\" style=\"vertical-align: inherit;\">N\u00famero CAS:<\/span><\/span><\/span><\/span><\/strong><span style=\"vertical-align: inherit;\"><span style=\"vertical-align: inherit;\"><span dir=\"auto\" style=\"vertical-align: inherit;\"><span dir=\"auto\" style=\"vertical-align: inherit;\"> DEPOIS <\/span><\/span><\/span><\/span><br \/>\n<strong><span style=\"vertical-align: inherit;\"><span style=\"vertical-align: inherit;\"><span dir=\"auto\" style=\"vertical-align: inherit;\"><span dir=\"auto\" style=\"vertical-align: inherit;\">F\u00f3rmula:<\/span><\/span><\/span><\/span><\/strong><span style=\"vertical-align: inherit;\"><span style=\"vertical-align: inherit;\"><span dir=\"auto\" style=\"vertical-align: inherit;\"><span dir=\"auto\" style=\"vertical-align: inherit;\"> (8\u03b2)-N-etil-N-ciclopropil-6-metil-9,10-didesidroergolina-8-carboxamida hemi-L-tartarato <\/span><\/span><\/span><\/span><br \/>\n<strong><span style=\"vertical-align: inherit;\"><span style=\"vertical-align: inherit;\"><span dir=\"auto\" style=\"vertical-align: inherit;\"><span dir=\"auto\" style=\"vertical-align: inherit;\">Massa molar:<\/span><\/span><\/span><\/span><\/strong><span style=\"vertical-align: inherit;\"><span style=\"vertical-align: inherit;\"><span dir=\"auto\" style=\"vertical-align: inherit;\"><span dir=\"auto\" style=\"vertical-align: inherit;\"> 410,5 g\/mol <\/span><\/span><\/span><\/span><br \/>\n<strong><span style=\"vertical-align: inherit;\"><span style=\"vertical-align: inherit;\"><span dir=\"auto\" style=\"vertical-align: inherit;\"><span dir=\"auto\" style=\"vertical-align: inherit;\">Pureza:<\/span><\/span><\/span><\/span><\/strong><span style=\"vertical-align: inherit;\"><span style=\"vertical-align: inherit;\"><span dir=\"auto\" style=\"vertical-align: inherit;\"><span dir=\"auto\" style=\"vertical-align: inherit;\"> &gt;97%<\/span><\/span><\/span><\/span><\/p>","protected":false},"featured_media":20487,"comment_status":"closed","ping_status":"closed","template":"","meta":[],"product_brand":[],"product_cat":[547,358],"product_tag":[1151,1152,326],"class_list":{"0":"post-23571","1":"product","2":"type-product","3":"status-publish","4":"has-post-thumbnail","6":"product_cat-ecpla","7":"product_cat-lysergamides","8":"product_tag-ecpla","9":"product_tag-ecpla-kopen","10":"product_tag-nl","12":"first","13":"instock","14":"taxable","15":"shipping-taxable","16":"purchasable","17":"product-type-variable"},"_links":{"self":[{"href":"https:\/\/researchchemicalhub.com\/pt\/wp-json\/wp\/v2\/product\/23571","targetHints":{"allow":["GET"]}}],"collection":[{"href":"https:\/\/researchchemicalhub.com\/pt\/wp-json\/wp\/v2\/product"}],"about":[{"href":"https:\/\/researchchemicalhub.com\/pt\/wp-json\/wp\/v2\/types\/product"}],"replies":[{"embeddable":true,"href":"https:\/\/researchchemicalhub.com\/pt\/wp-json\/wp\/v2\/comments?post=23571"}],"version-history":[{"count":5,"href":"https:\/\/researchchemicalhub.com\/pt\/wp-json\/wp\/v2\/product\/23571\/revisions"}],"predecessor-version":[{"id":28005,"href":"https:\/\/researchchemicalhub.com\/pt\/wp-json\/wp\/v2\/product\/23571\/revisions\/28005"}],"wp:featuredmedia":[{"embeddable":true,"href":"https:\/\/researchchemicalhub.com\/pt\/wp-json\/wp\/v2\/media\/20487"}],"wp:attachment":[{"href":"https:\/\/researchchemicalhub.com\/pt\/wp-json\/wp\/v2\/media?parent=23571"}],"wp:term":[{"taxonomy":"product_brand","embeddable":true,"href":"https:\/\/researchchemicalhub.com\/pt\/wp-json\/wp\/v2\/product_brand?post=23571"},{"taxonomy":"product_cat","embeddable":true,"href":"https:\/\/researchchemicalhub.com\/pt\/wp-json\/wp\/v2\/product_cat?post=23571"},{"taxonomy":"product_tag","embeddable":true,"href":"https:\/\/researchchemicalhub.com\/pt\/wp-json\/wp\/v2\/product_tag?post=23571"}],"curies":[{"name":"wp","href":"https:\/\/api.w.org\/{rel}","templated":true}]}}