{"id":23547,"date":"2025-04-13T17:39:57","date_gmt":"2025-04-13T17:39:57","guid":{"rendered":"https:\/\/researchchemicalhub.com\/?post_type=product&#038;p=23547"},"modified":"2025-10-30T09:20:38","modified_gmt":"2025-10-30T09:20:38","slug":"fumarato-mpt","status":"publish","type":"product","link":"https:\/\/researchchemicalhub.com\/pt\/comprar\/mpt\/fumarato-mpt\/","title":{"rendered":"Fumarato de MPT (N-metil-N-propiltriptamina)"},"content":{"rendered":"<h3><strong><span dir=\"auto\" style=\"vertical-align: inherit;\"><span dir=\"auto\" style=\"vertical-align: inherit;\">Fumarato de MPT (N-metil-N-propiltriptamina) \u2013 Descri\u00e7\u00e3o do produto, uso e informa\u00e7\u00f5es de seguran\u00e7a<\/span><\/span><\/strong><\/h3>\n<p data-start=\"3731\" data-end=\"3913\"><strong data-start=\"3731\" data-end=\"3777\">Fumarato de MPT (N-Metil-N-Propiltriptamina)<\/strong> \u00e9 um <strong data-start=\"3785\" data-end=\"3827\">composto de pesquisa de alta pureza<\/strong>, desenvolvido para <strong data-start=\"3845\" data-end=\"3910\">pesquisa neurocient\u00edfica, farmacol\u00f3gica e anal\u00edtica<\/strong>. fumarato mpt<\/p>\n<p data-start=\"3915\" data-end=\"4145\">O MPT pertence ao <strong data-start=\"3934\" data-end=\"3955\">fam\u00edlia da triptamina<\/strong>, intimamente relacionado a compostos como <strong data-start=\"3993\" data-end=\"4000\">DMT<\/strong> e <strong data-start=\"4004\" data-end=\"4012\">MiPT<\/strong>, e \u00e9 usado para <strong data-start=\"4037\" data-end=\"4096\">pesquisa sobre receptores de serotonina (5-HT2A e 5-HT1A)<\/strong> e <strong data-start=\"4100\" data-end=\"4142\">rela\u00e7\u00f5es estrutura-atividade (SAR)<\/strong>.<\/p>\n<p data-start=\"4147\" data-end=\"4326\">O <strong data-start=\"4150\" data-end=\"4170\">forma de sal de fumarato<\/strong> prev\u00ea <strong data-start=\"4182\" data-end=\"4245\">melhor estabilidade qu\u00edmica, solubilidade e prazo de validade<\/strong>, o que \u00e9 essencial para armazenamento de longo prazo e testes laboratoriais precisos.<\/p>\n<blockquote data-start=\"4328\" data-end=\"4479\">\n<p data-start=\"4330\" data-end=\"4479\">\u26a0\ufe0f <strong data-start=\"4333\" data-end=\"4344\">OBS:<\/strong> Este produto \u00e9 <strong data-start=\"4360\" data-end=\"4415\">destinado apenas \u00e0 pesquisa cient\u00edfica<\/strong> e <strong data-start=\"4419\" data-end=\"4476\">n\u00e3o \u00e9 adequado para consumo humano ou animal<\/strong>.<\/p>\n<\/blockquote>\n<hr data-start=\"4481\" data-end=\"4484\" \/>\n<h3 data-start=\"4486\" data-end=\"4517\"><strong data-start=\"4490\" data-end=\"4517\">Principais caracter\u00edsticas<\/strong><\/h3>\n<ul data-start=\"4518\" data-end=\"4933\">\n<li data-start=\"4518\" data-end=\"4613\">\n<p data-start=\"4520\" data-end=\"4613\"><strong data-start=\"4520\" data-end=\"4546\">Alta Pureza (\u226599%)<\/strong> \u2013 Testado em laborat\u00f3rio para identidade e composi\u00e7\u00e3o qu\u00edmica.<\/p>\n<\/li>\n<li data-start=\"4614\" data-end=\"4693\">\n<p data-start=\"4616\" data-end=\"4693\"><strong data-start=\"4616\" data-end=\"4645\">Forma de sal de fumarato est\u00e1vel<\/strong> \u2013 Aumenta a vida \u00fatil e a estabilidade de armazenamento.<\/p>\n<\/li>\n<li data-start=\"4694\" data-end=\"4781\">\n<p data-start=\"4696\" data-end=\"4781\"><strong data-start=\"4696\" data-end=\"4735\">Padr\u00e3o de Pesquisa Farmacol\u00f3gica<\/strong> \u2013 Adequado para pesquisa de receptores e SAR. fumarato mpt<\/p>\n<\/li>\n<li data-start=\"4782\" data-end=\"4852\">\n<p data-start=\"4784\" data-end=\"4852\"><strong data-start=\"4784\" data-end=\"4809\">Qualidade consistente<\/strong> \u2013 Fabricado de acordo com padr\u00f5es semelhantes aos GMP.<\/p>\n<\/li>\n<li data-start=\"4853\" data-end=\"4933\">\n<p data-start=\"4855\" data-end=\"4933\"><strong data-start=\"4855\" data-end=\"4877\">Embalagem Segura<\/strong> \u2013 Herm\u00e9tico e \u00e0 prova de luz para m\u00e1xima prote\u00e7\u00e3o.<\/p>\n<\/li>\n<\/ul>\n<hr data-start=\"4935\" data-end=\"4938\" \/>\n<h3 data-start=\"4940\" data-end=\"4957\"><strong data-start=\"4944\" data-end=\"4957\">Vantagens<\/strong><\/h3>\n<ul data-start=\"4958\" data-end=\"5228\">\n<li data-start=\"4958\" data-end=\"5038\">\n<p data-start=\"4960\" data-end=\"5038\">Suportes <strong data-start=\"4972\" data-end=\"5035\">pesquisa sobre receptores de serotonina e an\u00e1logos de triptamina<\/strong>.<\/p>\n<\/li>\n<li data-start=\"5039\" data-end=\"5099\">\n<p data-start=\"5041\" data-end=\"5099\"><strong data-start=\"5041\" data-end=\"5096\">Resultados de pesquisa confi\u00e1veis e reproduz\u00edveis<\/strong>.<\/p>\n<\/li>\n<li data-start=\"5100\" data-end=\"5154\">\n<p data-start=\"5102\" data-end=\"5154\"><strong data-start=\"5102\" data-end=\"5128\">Estabilidade melhorada<\/strong> para armazenamento de longo prazo.<\/p>\n<\/li>\n<li data-start=\"5155\" data-end=\"5228\">\n<p data-start=\"5157\" data-end=\"5228\">Adequado para <strong data-start=\"5171\" data-end=\"5225\">pesquisa acad\u00eamica, farmacol\u00f3gica e anal\u00edtica<\/strong>.<\/p>\n<\/li>\n<\/ul>\n<hr data-start=\"5230\" data-end=\"5233\" \/>\n<h3 data-start=\"5235\" data-end=\"5250\"><strong data-start=\"5239\" data-end=\"5250\">Uso<\/strong><\/h3>\n<ul data-start=\"5251\" data-end=\"5522\">\n<li data-start=\"5251\" data-end=\"5321\">\n<p data-start=\"5253\" data-end=\"5321\">Somente para ser usado por <strong data-start=\"5278\" data-end=\"5318\">pessoal de laborat\u00f3rio qualificado<\/strong>.<\/p>\n<\/li>\n<li data-start=\"5322\" data-end=\"5398\">\n<p data-start=\"5324\" data-end=\"5398\">Use adequado <strong data-start=\"5342\" data-end=\"5366\">equipamento de prote\u00e7\u00e3o<\/strong> (luvas, \u00f3culos de prote\u00e7\u00e3o, jaleco).<\/p>\n<\/li>\n<li data-start=\"5399\" data-end=\"5463\">\n<p data-start=\"5401\" data-end=\"5463\">Economize em um <strong data-start=\"5416\" data-end=\"5450\">local fresco, seco e escuro<\/strong> (15\u201325\u00b0C).<\/p>\n<\/li>\n<li data-start=\"5464\" data-end=\"5522\">\n<p data-start=\"5466\" data-end=\"5522\">N\u00e3o \u00e9 adequado para consumo humano ou animal.<\/p>\n<\/li>\n<\/ul>\n<hr data-start=\"5524\" data-end=\"5527\" \/>\n<h3 data-start=\"5529\" data-end=\"5564\"><strong data-start=\"5533\" data-end=\"5564\">Perguntas Frequentes (FAQ&#039;s)<\/strong><\/h3>\n<p data-start=\"5566\" data-end=\"5742\"><strong data-start=\"5566\" data-end=\"5610\">1. Para que \u00e9 usado o Fumarato MPT?<\/strong><br data-start=\"5610\" data-end=\"5613\" \/>O Fumarato MPT \u00e9 usado em <strong data-start=\"5644\" data-end=\"5689\">pesquisa farmacol\u00f3gica e neuroqu\u00edmica<\/strong> aos an\u00e1logos da triptamina e aos receptores de serotonina.<\/p>\n<p data-start=\"5744\" data-end=\"5919\"><strong data-start=\"5744\" data-end=\"5797\">2. O Fumarato de MPT \u00e9 seguro para uso humano?<\/strong><br data-start=\"5797\" data-end=\"5800\" \/>N\u00e3o. Este produto \u00e9 <strong data-start=\"5820\" data-end=\"5869\">destinado apenas para fins de pesquisa<\/strong> e n\u00e3o aprovado para consumo humano.<\/p>\n<p data-start=\"5921\" data-end=\"6079\"><strong data-start=\"5921\" data-end=\"5965\">3. Como o Fumarato MPT deve ser armazenado?<\/strong><br data-start=\"5965\" data-end=\"5968\" \/>Armazene em um <strong data-start=\"5983\" data-end=\"6013\">embalagem bem fechada<\/strong> em temperatura ambiente (15\u201325\u00b0C), protegido da luz e da umidade.<\/p>","protected":false},"excerpt":{"rendered":"<h3><span style=\"vertical-align: inherit;\"><span style=\"vertical-align: inherit;\"><span dir=\"auto\" style=\"vertical-align: inherit;\"><span dir=\"auto\" style=\"vertical-align: inherit;\">MPT fumarate properties<\/span><\/span><\/span><\/span><\/h3>\n<p><strong><span style=\"vertical-align: inherit;\"><span style=\"vertical-align: inherit;\"><span dir=\"auto\" style=\"vertical-align: inherit;\"><span dir=\"auto\" style=\"vertical-align: inherit;\">Synonym:<\/span><\/span><\/span><\/span><\/strong><span style=\"vertical-align: inherit;\"><span style=\"vertical-align: inherit;\"><span dir=\"auto\" style=\"vertical-align: inherit;\"><span dir=\"auto\" style=\"vertical-align: inherit;\"> N-methyl-N-propyltryptamine fumarate <\/span><\/span><\/span><\/span><br \/>\n<strong><span style=\"vertical-align: inherit;\"><span style=\"vertical-align: inherit;\"><span dir=\"auto\" style=\"vertical-align: inherit;\"><span dir=\"auto\" style=\"vertical-align: inherit;\">CAS Number:<\/span><\/span><\/span><\/span><\/strong><span style=\"vertical-align: inherit;\"><span style=\"vertical-align: inherit;\"><span dir=\"auto\" style=\"vertical-align: inherit;\"><span dir=\"auto\" style=\"vertical-align: inherit;\"> n\/a <\/span><\/span><\/span><\/span><br \/>\n<strong><span style=\"vertical-align: inherit;\"><span style=\"vertical-align: inherit;\"><span dir=\"auto\" style=\"vertical-align: inherit;\"><span dir=\"auto\" style=\"vertical-align: inherit;\">Formula:<\/span><\/span><\/span><\/span><\/strong><span style=\"vertical-align: inherit;\"><span style=\"vertical-align: inherit;\"><span dir=\"auto\" style=\"vertical-align: inherit;\"><span dir=\"auto\" style=\"vertical-align: inherit;\"> 3-[2-(propyl(methyl)amino)ethyl]-1H-indole fumarate <\/span><\/span><\/span><\/span><br \/>\n<strong><span style=\"vertical-align: inherit;\"><span style=\"vertical-align: inherit;\"><span dir=\"auto\" style=\"vertical-align: inherit;\"><span dir=\"auto\" style=\"vertical-align: inherit;\">Molar Mass:<\/span><\/span><\/span><\/span><\/strong><span style=\"vertical-align: inherit;\"><span style=\"vertical-align: inherit;\"><span dir=\"auto\" style=\"vertical-align: inherit;\"><span dir=\"auto\" style=\"vertical-align: inherit;\"> 332.4 g\/mol <\/span><\/span><\/span><\/span><br \/>\n<strong><span style=\"vertical-align: inherit;\"><span style=\"vertical-align: inherit;\"><span dir=\"auto\" style=\"vertical-align: inherit;\"><span dir=\"auto\" style=\"vertical-align: inherit;\">Purity:<\/span><\/span><\/span><\/span><\/strong><span style=\"vertical-align: inherit;\"><span style=\"vertical-align: inherit;\"><span dir=\"auto\" style=\"vertical-align: inherit;\"><span dir=\"auto\" style=\"vertical-align: inherit;\"> &gt;97%<\/span><\/span><\/span><\/span><\/p>\n","protected":false},"featured_media":28563,"comment_status":"closed","ping_status":"closed","template":"","meta":[],"product_brand":[],"product_cat":[506,398,381],"product_tag":[1158,1159,326],"class_list":{"0":"post-23547","1":"product","2":"type-product","3":"status-publish","4":"has-post-thumbnail","6":"product_cat-mpt","7":"product_cat-verkoop","8":"product_cat-tryptamines","9":"product_tag-mpt-fumarate","10":"product_tag-mpt-fumarate-kopen","11":"product_tag-nl","13":"first","14":"instock","15":"sale","16":"taxable","17":"shipping-taxable","18":"purchasable","19":"product-type-variable"},"_links":{"self":[{"href":"https:\/\/researchchemicalhub.com\/pt\/wp-json\/wp\/v2\/product\/23547","targetHints":{"allow":["GET"]}}],"collection":[{"href":"https:\/\/researchchemicalhub.com\/pt\/wp-json\/wp\/v2\/product"}],"about":[{"href":"https:\/\/researchchemicalhub.com\/pt\/wp-json\/wp\/v2\/types\/product"}],"replies":[{"embeddable":true,"href":"https:\/\/researchchemicalhub.com\/pt\/wp-json\/wp\/v2\/comments?post=23547"}],"version-history":[{"count":5,"href":"https:\/\/researchchemicalhub.com\/pt\/wp-json\/wp\/v2\/product\/23547\/revisions"}],"predecessor-version":[{"id":28020,"href":"https:\/\/researchchemicalhub.com\/pt\/wp-json\/wp\/v2\/product\/23547\/revisions\/28020"}],"wp:featuredmedia":[{"embeddable":true,"href":"https:\/\/researchchemicalhub.com\/pt\/wp-json\/wp\/v2\/media\/28563"}],"wp:attachment":[{"href":"https:\/\/researchchemicalhub.com\/pt\/wp-json\/wp\/v2\/media?parent=23547"}],"wp:term":[{"taxonomy":"product_brand","embeddable":true,"href":"https:\/\/researchchemicalhub.com\/pt\/wp-json\/wp\/v2\/product_brand?post=23547"},{"taxonomy":"product_cat","embeddable":true,"href":"https:\/\/researchchemicalhub.com\/pt\/wp-json\/wp\/v2\/product_cat?post=23547"},{"taxonomy":"product_tag","embeddable":true,"href":"https:\/\/researchchemicalhub.com\/pt\/wp-json\/wp\/v2\/product_tag?post=23547"}],"curies":[{"name":"wp","href":"https:\/\/api.w.org\/{rel}","templated":true}]}}