{"id":23461,"date":"2025-04-13T17:39:49","date_gmt":"2025-04-13T17:39:49","guid":{"rendered":"https:\/\/researchchemicalhub.com\/?post_type=product&#038;p=23461"},"modified":"2025-10-19T20:33:31","modified_gmt":"2025-10-19T20:33:31","slug":"4-fumarato-de-malte-ho","status":"publish","type":"product","link":"https:\/\/researchchemicalhub.com\/pt\/comprar\/4-maltes-ho\/4-fumarato-de-malte-ho\/","title":{"rendered":"Fumarato de 4-HO-MALT"},"content":{"rendered":"<h3><strong><span dir=\"auto\" style=\"vertical-align: inherit;\"><span dir=\"auto\" style=\"vertical-align: inherit;\">Fumarato de 4-HO-MALT \u2013 Descri\u00e7\u00e3o Cient\u00edfica do Produto<\/span><\/span><\/strong><\/h3>\n<p data-start=\"4163\" data-end=\"4360\"><strong data-start=\"4163\" data-end=\"4224\">Fumarato de 4-HO-MALT (4-Hidroxi-N-Metil-N-Aliltriptamina)<\/strong> \u00e9 um <strong data-start=\"4232\" data-end=\"4274\">composto de pesquisa de alta pureza<\/strong>, desenvolvido para <strong data-start=\"4292\" data-end=\"4357\">pesquisa neurocient\u00edfica, farmacol\u00f3gica e anal\u00edtica<\/strong>. Fumarato de 4-HO-MALT<\/p>\n<p data-start=\"4362\" data-end=\"4695\">Como membro do <strong data-start=\"4377\" data-end=\"4413\">Classe 4-hidroxitriptamina (4-HO)<\/strong> 4-HO-MALT \u00e9 um <strong data-start=\"4431\" data-end=\"4468\">an\u00e1logo substitu\u00eddo por hidroxila<\/strong> por <strong data-start=\"4473\" data-end=\"4481\">MALTE<\/strong>, e intimamente relacionado a compostos como <strong data-start=\"4522\" data-end=\"4546\">4-HO-DMT (Psilocina)<\/strong> e <strong data-start=\"4550\" data-end=\"4563\">4-HO-MiPT<\/strong>\u00c9 usado para <strong data-start=\"4589\" data-end=\"4646\">pesquisa sobre receptores de serotonina (5-HT2A, 5-HT1A)<\/strong> e <strong data-start=\"4650\" data-end=\"4692\">rela\u00e7\u00f5es estrutura-atividade (SAR)<\/strong>.<\/p>\n<p data-start=\"4697\" data-end=\"4878\">O <strong data-start=\"4700\" data-end=\"4720\">forma de sal de fumarato<\/strong> aumenta o <strong data-start=\"4733\" data-end=\"4789\">estabilidade qu\u00edmica, solubilidade e prazo de validade<\/strong>, tornando-o ideal para armazenamento de longo prazo e pesquisa controlada em laborat\u00f3rio.<\/p>\n<blockquote data-start=\"4880\" data-end=\"5031\">\n<p data-start=\"4882\" data-end=\"5031\">\u26a0\ufe0f <strong data-start=\"4885\" data-end=\"4896\">OBS:<\/strong> Este produto \u00e9 <strong data-start=\"4912\" data-end=\"4967\">destinado apenas \u00e0 pesquisa cient\u00edfica<\/strong> e <strong data-start=\"4971\" data-end=\"5028\">n\u00e3o \u00e9 adequado para consumo humano ou animal<\/strong>.<\/p>\n<\/blockquote>\n<hr data-start=\"5033\" data-end=\"5036\" \/>\n<h3 data-start=\"5038\" data-end=\"5069\"><strong data-start=\"5042\" data-end=\"5069\">Principais caracter\u00edsticas<\/strong><\/h3>\n<ul data-start=\"5070\" data-end=\"5454\">\n<li data-start=\"5070\" data-end=\"5140\">\n<p data-start=\"5072\" data-end=\"5140\"><strong data-start=\"5072\" data-end=\"5098\">Alta Pureza (\u226599%)<\/strong> \u2013 Testado em laborat\u00f3rio via HPLC e GC-MS.<\/p>\n<\/li>\n<li data-start=\"5141\" data-end=\"5214\">\n<p data-start=\"5143\" data-end=\"5214\"><strong data-start=\"5143\" data-end=\"5172\">Forma de sal de fumarato est\u00e1vel<\/strong> \u2013 Aumenta a vida \u00fatil e a estabilidade.<\/p>\n<\/li>\n<li data-start=\"5215\" data-end=\"5302\">\n<p data-start=\"5217\" data-end=\"5302\"><strong data-start=\"5217\" data-end=\"5256\">Padr\u00e3o de Pesquisa Farmacol\u00f3gica<\/strong> \u2013 Adequado para pesquisa de receptores e SAR.<\/p>\n<\/li>\n<li data-start=\"5303\" data-end=\"5373\">\n<p data-start=\"5305\" data-end=\"5373\"><strong data-start=\"5305\" data-end=\"5330\">Qualidade consistente<\/strong> \u2013 Fabricado de acordo com padr\u00f5es semelhantes aos GMP.<\/p>\n<\/li>\n<li data-start=\"5374\" data-end=\"5454\">\n<p data-start=\"5376\" data-end=\"5454\"><strong data-start=\"5376\" data-end=\"5398\">Embalagem Segura<\/strong> \u2013 Herm\u00e9tico e \u00e0 prova de luz para prote\u00e7\u00e3o ideal.<\/p>\n<\/li>\n<\/ul>\n<hr data-start=\"5456\" data-end=\"5459\" \/>\n<h3 data-start=\"5461\" data-end=\"5478\"><strong data-start=\"5465\" data-end=\"5478\">Vantagens<\/strong><\/h3>\n<ul data-start=\"5479\" data-end=\"5748\">\n<li data-start=\"5479\" data-end=\"5559\">\n<p data-start=\"5481\" data-end=\"5559\">Suportes <strong data-start=\"5493\" data-end=\"5556\">pesquisa sobre receptores de serotonina e an\u00e1logos de triptamina<\/strong>.<\/p>\n<\/li>\n<li data-start=\"5560\" data-end=\"5620\">\n<p data-start=\"5562\" data-end=\"5620\"><strong data-start=\"5562\" data-end=\"5617\">Resultados de pesquisa precisos e reproduz\u00edveis<\/strong>.<\/p>\n<\/li>\n<li data-start=\"5621\" data-end=\"5676\">\n<p data-start=\"5623\" data-end=\"5676\"><strong data-start=\"5623\" data-end=\"5649\">Estabilidade melhorada<\/strong> e maior prazo de validade.<\/p>\n<\/li>\n<li data-start=\"5677\" data-end=\"5748\">\n<p data-start=\"5679\" data-end=\"5748\">Ideal para <strong data-start=\"5691\" data-end=\"5745\">pesquisa acad\u00eamica, farmacol\u00f3gica e anal\u00edtica<\/strong>. Fumarato de 4-HO-MALT<\/p>\n<\/li>\n<\/ul>\n<hr data-start=\"5750\" data-end=\"5753\" \/>\n<h3 data-start=\"5755\" data-end=\"5770\"><strong data-start=\"5759\" data-end=\"5770\">Uso<\/strong><\/h3>\n<ul data-start=\"5771\" data-end=\"6042\">\n<li data-start=\"5771\" data-end=\"5841\">\n<p data-start=\"5773\" data-end=\"5841\">Somente para ser usado por <strong data-start=\"5798\" data-end=\"5838\">pessoal de laborat\u00f3rio qualificado<\/strong>.<\/p>\n<\/li>\n<li data-start=\"5842\" data-end=\"5918\">\n<p data-start=\"5844\" data-end=\"5918\">Use adequado <strong data-start=\"5862\" data-end=\"5886\">equipamento de prote\u00e7\u00e3o<\/strong> (luvas, \u00f3culos de prote\u00e7\u00e3o, jaleco).<\/p>\n<\/li>\n<li data-start=\"5919\" data-end=\"5983\">\n<p data-start=\"5921\" data-end=\"5983\">Economize em um <strong data-start=\"5936\" data-end=\"5970\">local fresco, seco e escuro<\/strong> (15\u201325\u00b0C).<\/p>\n<\/li>\n<li data-start=\"5984\" data-end=\"6042\">\n<p data-start=\"5986\" data-end=\"6042\">N\u00e3o \u00e9 adequado para consumo humano ou animal.<\/p>\n<\/li>\n<\/ul>\n<hr data-start=\"6044\" data-end=\"6047\" \/>\n<h3 data-start=\"6049\" data-end=\"6084\"><strong data-start=\"6053\" data-end=\"6084\">Perguntas Frequentes (FAQ&#039;s)<\/strong><\/h3>\n<p data-start=\"6086\" data-end=\"6289\"><strong data-start=\"6086\" data-end=\"6136\">1. Para que \u00e9 usado o Fumarato de 4-HO-MALT?<\/strong><br data-start=\"6136\" data-end=\"6139\" \/>O fumarato de 4-HO-MALT \u00e9 usado para <strong data-start=\"6178\" data-end=\"6223\">pesquisa farmacol\u00f3gica e neuroqu\u00edmica<\/strong> aos receptores de serotonina e \u00e0s rela\u00e7\u00f5es estrutura-atividade.<\/p>\n<p data-start=\"6291\" data-end=\"6472\"><strong data-start=\"6291\" data-end=\"6350\">2. O fumarato de 4-HO-MALT \u00e9 seguro para uso humano?<\/strong><br data-start=\"6350\" data-end=\"6353\" \/>N\u00e3o. Este produto \u00e9 <strong data-start=\"6373\" data-end=\"6422\">destinado apenas para fins de pesquisa<\/strong> e n\u00e3o aprovado para consumo humano.<\/p>\n<p data-start=\"6474\" data-end=\"6646\"><strong data-start=\"6474\" data-end=\"6524\">3. Como o 4-HO-MALT Fumarato deve ser armazenado?<\/strong><br data-start=\"6524\" data-end=\"6527\" \/>Armazene em um <strong data-start=\"6542\" data-end=\"6572\">embalagem bem fechada<\/strong> em temperatura ambiente (15\u201325\u00b0C), protegido da luz, calor e umidade.<\/p>","protected":false},"excerpt":{"rendered":"<p>4-HO-MALT Fumarate \u2013 Scientific Product Description 4-HO-MALT Fumaraat (4-Hydroxy-N-Methyl-N-Allyltryptamine) is een onderzoekscompound van hoge zuiverheid, ontwikkeld voor neurowetenschappelijk, farmacologisch en<\/p>","protected":false},"featured_media":20349,"comment_status":"closed","ping_status":"closed","template":"","meta":[],"product_brand":[],"product_cat":[543,381],"product_tag":[1174,1175,326],"class_list":{"0":"post-23461","1":"product","2":"type-product","3":"status-publish","4":"has-post-thumbnail","6":"product_cat-4-ho-malt","7":"product_cat-tryptamines","8":"product_tag-4-ho-malt-fumarate","9":"product_tag-4-ho-malt-fumarate-kopen","10":"product_tag-nl","12":"first","13":"instock","14":"taxable","15":"shipping-taxable","16":"purchasable","17":"product-type-variable"},"_links":{"self":[{"href":"https:\/\/researchchemicalhub.com\/pt\/wp-json\/wp\/v2\/product\/23461","targetHints":{"allow":["GET"]}}],"collection":[{"href":"https:\/\/researchchemicalhub.com\/pt\/wp-json\/wp\/v2\/product"}],"about":[{"href":"https:\/\/researchchemicalhub.com\/pt\/wp-json\/wp\/v2\/types\/product"}],"replies":[{"embeddable":true,"href":"https:\/\/researchchemicalhub.com\/pt\/wp-json\/wp\/v2\/comments?post=23461"}],"version-history":[{"count":4,"href":"https:\/\/researchchemicalhub.com\/pt\/wp-json\/wp\/v2\/product\/23461\/revisions"}],"predecessor-version":[{"id":28033,"href":"https:\/\/researchchemicalhub.com\/pt\/wp-json\/wp\/v2\/product\/23461\/revisions\/28033"}],"wp:featuredmedia":[{"embeddable":true,"href":"https:\/\/researchchemicalhub.com\/pt\/wp-json\/wp\/v2\/media\/20349"}],"wp:attachment":[{"href":"https:\/\/researchchemicalhub.com\/pt\/wp-json\/wp\/v2\/media?parent=23461"}],"wp:term":[{"taxonomy":"product_brand","embeddable":true,"href":"https:\/\/researchchemicalhub.com\/pt\/wp-json\/wp\/v2\/product_brand?post=23461"},{"taxonomy":"product_cat","embeddable":true,"href":"https:\/\/researchchemicalhub.com\/pt\/wp-json\/wp\/v2\/product_cat?post=23461"},{"taxonomy":"product_tag","embeddable":true,"href":"https:\/\/researchchemicalhub.com\/pt\/wp-json\/wp\/v2\/product_tag?post=23461"}],"curies":[{"name":"wp","href":"https:\/\/api.w.org\/{rel}","templated":true}]}}