{"id":23404,"date":"2025-04-13T17:39:42","date_gmt":"2025-04-13T17:39:42","guid":{"rendered":"https:\/\/researchchemicalhub.com\/?post_type=product&#038;p=23404"},"modified":"2025-10-30T10:03:54","modified_gmt":"2025-10-30T10:03:54","slug":"proscaline-hydrochloride","status":"publish","type":"product","link":"https:\/\/researchchemicalhub.com\/pt\/shop\/bijna-verboden\/proscaline-hydrochloride\/","title":{"rendered":"Cloridrato de proscalina"},"content":{"rendered":"<h1><strong>Cloridrato de Proscalina \u2013 Derivado de Fenetilamina para Pesquisa Cient\u00edfica<\/strong><\/h1>\n<p><strong>Nome do produto:<\/strong> Cloridrato de proscalina<br \/>\n<strong>Nome qu\u00edmico completo:<\/strong> Cloridrato de 4-propoxi-3,5-dimetoxifenetilamina<br \/>\n<strong>Classe qu\u00edmica:<\/strong> Fenetilamina substitu\u00edda<br \/>\n<strong>F\u00f3rmula molecular (sal de HCl):<\/strong> C13H21NO3 HCl<br \/>\n<strong>Massa molecular:<\/strong> \u00b1 275,77 g\/mol<br \/>\n<strong>Apar\u00eancia:<\/strong> P\u00f3 cristalino branco a amarelo claro<br \/>\n<strong>Pureza:<\/strong> \u2265 98% (verificado por HPLC)<br \/>\n<strong>Sin\u00f4nimos:<\/strong> Cloridrato de 3,5-dimetoxi-4-propoxifenetilamina<\/p>\n<hr \/>\n<h2>\ud83e\uddea <strong>O que \u00e9 Proscalina HCl?<\/strong><\/h2>\n<p>Proscalina \u00e9 uma <strong>composto psicod\u00e9lico<\/strong> que pertence ao <strong>fam\u00edlia da fenetilamina<\/strong>, relacionado \u00e0 mescalina e \u00e0 escalina. Tem um <strong>grupo propoxi<\/strong> em vez de um grupo metoxi ou etoxi, que confere \u00e0 mol\u00e9cula uma atividade de liga\u00e7\u00e3o \u00fanica. O sal cloridrato (HCl) \u00e9 a forma mais est\u00e1vel, adequada para uso laboratorial.<\/p>\n<blockquote><p>\u26a0\ufe0f <em>N\u00e3o se destina ao consumo humano. Somente para uso em pesquisa.<\/em><\/p><\/blockquote>\n<hr \/>\n<h2>\ud83d\udd2c <strong>Aplica\u00e7\u00f5es em Pesquisa<\/strong><\/h2>\n<p>O HCl de proscalina est\u00e1 sendo estudado nas \u00e1reas de:<\/p>\n<ul>\n<li><strong>Agonismo do receptor 5-HT2A<\/strong> e a\u00e7\u00e3o neurofarmacol\u00f3gica<\/li>\n<li><strong>Experimentos de liga\u00e7\u00e3o comparativa<\/strong> com outras fenetilaminas (como a mescalina)<\/li>\n<li><strong>Estudos de SAR (rela\u00e7\u00e3o estrutura-atividade)<\/strong> dentro de subst\u00e2ncias psicod\u00e9licas<\/li>\n<li><strong>An\u00e1lise de efeitos subjetivos<\/strong> em modelos de laborat\u00f3rio controlados<\/li>\n<\/ul>\n<hr \/>\n<h2>\ud83d\udce6 <strong>Conselhos de uso e armazenamento<\/strong><\/h2>\n<ul>\n<li><strong>Uso (somente in vitro):<\/strong> Concentra\u00e7\u00f5es t\u00edpicas para ensaios: 5\u201325 \u00b5M<\/li>\n<li><strong>Solubilidade:<\/strong> Livremente sol\u00favel em \u00e1gua, etanol, metanol<\/li>\n<li><strong>Condi\u00e7\u00f5es de armazenamento:<\/strong> Conservar em local herm\u00e9tico, escuro e fresco (2\u20138 \u00b0C)<\/li>\n<li><strong>Estabilidade:<\/strong> Est\u00e1vel por 24 meses em condi\u00e7\u00f5es ideais<\/li>\n<li><strong>Seguran\u00e7a:<\/strong> Trabalhar somente com equipamentos de prote\u00e7\u00e3o e em condi\u00e7\u00f5es de laborat\u00f3rio<\/li>\n<\/ul>\n<hr \/>\n<h2>\u274c <strong>Poss\u00edveis desvantagens e riscos<\/strong><\/h2>\n<ul>\n<li><strong>Perfil psicoativo forte<\/strong> em caso de contato acidental ou uso indevido<\/li>\n<li><strong>Pesquisa cl\u00ednica limitada<\/strong> dispon\u00edvel \u2013 principalmente relatos aned\u00f3ticos<\/li>\n<li><strong>\u00c1rea cinzenta jur\u00eddica<\/strong> em v\u00e1rios pa\u00edses<\/li>\n<li><strong>Derivados de fenetilamina<\/strong> pode interagir com sistemas de monoamina<\/li>\n<li><strong>N\u00e3o \u00e9 adequado para testes em animais sem permiss\u00e3o<\/strong><\/li>\n<\/ul>\n<hr \/>\n<h2>\ud83e\uddfe <strong>An\u00e1lise laboratorial (lote de amostra)<\/strong><\/h2>\n<p><strong>N\u00famero do lote:<\/strong> PRO-HCL-2025-03<br \/>\n<strong>Centro de An\u00e1lise:<\/strong> Synaptix ChemTesting, Holanda<br \/>\n<strong>Ferramentas de an\u00e1lise:<\/strong><\/p>\n<ul>\n<li>HPLC: Pureza 98,4%<\/li>\n<li>RMN: Confirma\u00e7\u00e3o estrutural<\/li>\n<li>FTIR: Valida\u00e7\u00e3o de Grupo Funcional<\/li>\n<li>GC-MS: Verifica\u00e7\u00e3o de identidade<\/li>\n<\/ul>\n<p><strong>An\u00e1lise de data:<\/strong> 2025-06-01<br \/>\n<strong>Solventes residuais:<\/strong> Dentro dos valores laboratoriais seguros<br \/>\n<strong>Metais pesados:<\/strong> N\u00e3o detect\u00e1vel<\/p>\n<hr \/>\n<h2>\u2753 <strong>FAQ \u2013 Perguntas Frequentes<\/strong><\/h2>\n<h3>\u2753 O que a Proscalina faz no n\u00edvel do receptor?<\/h3>\n<p>Ele funciona como <strong>agonista dos receptores 5-HT2A<\/strong>, semelhante a outros psicod\u00e9licos. O mecanismo exato de a\u00e7\u00e3o ainda est\u00e1 sob investiga\u00e7\u00e3o.<\/p>\n<h3>\u2753 A proscalina \u00e9 legal na Holanda ou na B\u00e9lgica?<\/h3>\n<p>N\u00e3o listado especificamente nas listas de proibi\u00e7\u00e3o, mas pode ser banido sob <strong>legisla\u00e7\u00e3o anal\u00f3gica<\/strong>. Consulte sempre um especialista jur\u00eddico.<\/p>\n<h3>\u2753 Este produto \u00e9 adequado para experimentos pessoais?<\/h3>\n<p><strong>N\u00e3o.<\/strong> Este produto est\u00e1 \u00e0 venda apenas <strong>fins de pesquisa em ambientes laboratoriais controlados<\/strong>. Use fora dessa caixa \u00e9 <strong>proibido e arriscado<\/strong>.<\/p>\n<h3>\u2753 Por que a forma de cloridrato \u00e9 usada?<\/h3>\n<p>O <strong>forma de sal de HCl<\/strong> \u00e9 mais est\u00e1vel, mais sol\u00favel em \u00e1gua e mais f\u00e1cil de dosar em ambientes laboratoriais precisos do que a base livre.<\/p>\n<hr \/>\n<h2>\u26a0\ufe0f <strong>Isen\u00e7\u00e3o de responsabilidade<\/strong><\/h2>\n<p>Este produto destina-se apenas a utiliza\u00e7\u00e3o <strong>pesquisa laboratorial leg\u00edtima<\/strong> e pode <strong>n\u00e3o deve ser usado para aplica\u00e7\u00f5es humanas ou veterin\u00e1rias<\/strong>A venda ou utiliza\u00e7\u00e3o por menores \u00e9 estritamente proibida. O fornecedor n\u00e3o se responsabiliza por qualquer forma de uso indevido ou impr\u00f3prio.<\/p>","protected":false},"excerpt":{"rendered":"<h3>Propriedades do cloridrato de proscalina<\/h3>\n<p><strong>Sin\u00f4nimo:<\/strong> Cloridrato de 3,5-dimetoxi-4-propoxifenetilamina<br \/>\n<strong>N\u00famero CAS:<\/strong> 39201-78-0<br \/>\n<strong>F\u00f3rmula:<\/strong> Cloridrato de 2-{3,5-dimetoxi-4-propiloxifenil}etan-1-amina<br \/>\n<strong>Massa molar:<\/strong> 275,8 g\/mol<br \/>\n<strong>Pureza:<\/strong> &gt;97%<\/p>","protected":false},"featured_media":28592,"comment_status":"closed","ping_status":"closed","template":"","meta":[],"product_brand":[],"product_cat":[322,80,536],"product_tag":[326],"class_list":{"0":"post-23404","1":"product","2":"type-product","3":"status-publish","4":"has-post-thumbnail","6":"product_cat-bijna-verboden","7":"product_cat-fenethylamine","8":"product_cat-proscaline","9":"product_tag-nl","11":"first","12":"instock","13":"taxable","14":"shipping-taxable","15":"purchasable","16":"product-type-variable"},"_links":{"self":[{"href":"https:\/\/researchchemicalhub.com\/pt\/wp-json\/wp\/v2\/product\/23404","targetHints":{"allow":["GET"]}}],"collection":[{"href":"https:\/\/researchchemicalhub.com\/pt\/wp-json\/wp\/v2\/product"}],"about":[{"href":"https:\/\/researchchemicalhub.com\/pt\/wp-json\/wp\/v2\/types\/product"}],"replies":[{"embeddable":true,"href":"https:\/\/researchchemicalhub.com\/pt\/wp-json\/wp\/v2\/comments?post=23404"}],"version-history":[{"count":4,"href":"https:\/\/researchchemicalhub.com\/pt\/wp-json\/wp\/v2\/product\/23404\/revisions"}],"predecessor-version":[{"id":26542,"href":"https:\/\/researchchemicalhub.com\/pt\/wp-json\/wp\/v2\/product\/23404\/revisions\/26542"}],"wp:featuredmedia":[{"embeddable":true,"href":"https:\/\/researchchemicalhub.com\/pt\/wp-json\/wp\/v2\/media\/28592"}],"wp:attachment":[{"href":"https:\/\/researchchemicalhub.com\/pt\/wp-json\/wp\/v2\/media?parent=23404"}],"wp:term":[{"taxonomy":"product_brand","embeddable":true,"href":"https:\/\/researchchemicalhub.com\/pt\/wp-json\/wp\/v2\/product_brand?post=23404"},{"taxonomy":"product_cat","embeddable":true,"href":"https:\/\/researchchemicalhub.com\/pt\/wp-json\/wp\/v2\/product_cat?post=23404"},{"taxonomy":"product_tag","embeddable":true,"href":"https:\/\/researchchemicalhub.com\/pt\/wp-json\/wp\/v2\/product_tag?post=23404"}],"curies":[{"name":"wp","href":"https:\/\/api.w.org\/{rel}","templated":true}]}}