{"id":23304,"date":"2025-04-13T17:39:31","date_gmt":"2025-04-13T17:39:31","guid":{"rendered":"https:\/\/researchchemicalhub.com\/?post_type=product&#038;p=23304"},"modified":"2025-10-30T10:18:10","modified_gmt":"2025-10-30T10:18:10","slug":"etizolam-kopen","status":"publish","type":"product","link":"https:\/\/researchchemicalhub.com\/pt\/shop\/verboden\/etizolam-kopen\/","title":{"rendered":"Etizolam 1mg Blotters"},"content":{"rendered":"<h1><span dir=\"auto\" style=\"vertical-align: inherit;\"><span dir=\"auto\" style=\"vertical-align: inherit;\">Blotters de Etizolam 1mg \u2013 Material de Pesquisa Profissional para Aplica\u00e7\u00f5es Cient\u00edficas<\/span><\/span><\/h1>\n<p data-start=\"3736\" data-end=\"3880\"><strong data-start=\"3736\" data-end=\"3761\">Etizolam 1mg Blotters<\/strong> conter <strong data-start=\"3771\" data-end=\"3807\">1 miligrama de Etizolam por blotting<\/strong>, precisamente dosado para <strong data-start=\"3835\" data-end=\"3877\">pesquisa farmacol\u00f3gica e anal\u00edtica<\/strong>. comprar etizolam<\/p>\n<p data-start=\"3882\" data-end=\"4147\">Etizolam \u00e9 um <strong data-start=\"3898\" data-end=\"3928\">composto tienodiazep\u00ednico<\/strong>, estruturalmente relacionado aos benzodiazep\u00ednicos, e est\u00e1 sendo investigado por seus efeitos sobre <strong data-start=\"4015\" data-end=\"4036\">Receptores GABA-A<\/strong>\u00c9 frequentemente usado em <strong data-start=\"4065\" data-end=\"4098\">pesquisa neurofarmacol\u00f3gica<\/strong> \u00e0s propriedades ansiol\u00edticas e sedativas.<\/p>\n<p data-start=\"4149\" data-end=\"4377\">Cada mata-borr\u00e3o \u00e9 fabricado sob <strong data-start=\"4186\" data-end=\"4224\">condi\u00e7\u00f5es rigorosas de laborat\u00f3rio<\/strong>, de <strong data-start=\"4230\" data-end=\"4265\">Etizolam de alta pureza (\u226599%)<\/strong> sobre <strong data-start=\"4269\" data-end=\"4297\">artigo digno de pesquisa<\/strong>, o que garante <strong data-start=\"4314\" data-end=\"4374\">absor\u00e7\u00e3o uniforme e desempenho anal\u00edtico consistente<\/strong>.<\/p>\n<blockquote data-start=\"4379\" data-end=\"4534\">\n<p data-start=\"4381\" data-end=\"4534\">\u26a0\ufe0f <strong data-start=\"4384\" data-end=\"4395\">OBS:<\/strong> Esses mata-borr\u00f5es s\u00e3o <strong data-start=\"4415\" data-end=\"4470\">destinado apenas \u00e0 pesquisa cient\u00edfica<\/strong> e <strong data-start=\"4474\" data-end=\"4531\">n\u00e3o \u00e9 adequado para consumo humano ou animal<\/strong>.<\/p>\n<\/blockquote>\n<hr data-start=\"4536\" data-end=\"4539\" \/>\n<h3 data-start=\"4541\" data-end=\"4572\"><strong data-start=\"4545\" data-end=\"4572\">Principais caracter\u00edsticas<\/strong><\/h3>\n<ul data-start=\"4573\" data-end=\"5008\">\n<li data-start=\"4573\" data-end=\"4662\">\n<p data-start=\"4575\" data-end=\"4662\"><strong data-start=\"4575\" data-end=\"4617\">Dosagem precisa (1 mg por blotter)<\/strong> \u2013 Para resultados anal\u00edticos confi\u00e1veis.<\/p>\n<\/li>\n<li data-start=\"4663\" data-end=\"4737\">\n<p data-start=\"4665\" data-end=\"4737\"><strong data-start=\"4665\" data-end=\"4691\">Alta Pureza (\u226599%)<\/strong> \u2013 Verificado por an\u00e1lise de HPLC e GC-MS.<\/p>\n<\/li>\n<li data-start=\"4738\" data-end=\"4820\">\n<p data-start=\"4740\" data-end=\"4820\"><strong data-start=\"4740\" data-end=\"4762\">Distribui\u00e7\u00e3o uniforme<\/strong> \u2013 Revestimento uniforme para resultados de testes consistentes.<\/p>\n<\/li>\n<li data-start=\"4821\" data-end=\"4918\">\n<p data-start=\"4823\" data-end=\"4918\"><strong data-start=\"4823\" data-end=\"4862\">Padr\u00e3o de Pesquisa Farmacol\u00f3gica<\/strong> \u2013 Adequado para pesquisa de receptores e bioanal\u00edtica.<\/p>\n<\/li>\n<li data-start=\"4919\" data-end=\"5008\">\n<p data-start=\"4921\" data-end=\"5008\"><strong data-start=\"4921\" data-end=\"4943\">Embalagem Segura<\/strong> \u2013 Protegido da luz e da umidade para maior durabilidade. Compre etizolam<\/p>\n<\/li>\n<\/ul>\n<hr data-start=\"5010\" data-end=\"5013\" \/>\n<h3 data-start=\"5015\" data-end=\"5032\"><strong data-start=\"5019\" data-end=\"5032\">Vantagens<\/strong><\/h3>\n<ul data-start=\"5033\" data-end=\"5328\">\n<li data-start=\"5033\" data-end=\"5120\">\n<p data-start=\"5035\" data-end=\"5120\">Suportes <strong data-start=\"5047\" data-end=\"5117\">pesquisa sobre receptores GABA-A e processos neurofarmacol\u00f3gicos<\/strong>.<\/p>\n<\/li>\n<li data-start=\"5121\" data-end=\"5181\">\n<p data-start=\"5123\" data-end=\"5181\"><strong data-start=\"5123\" data-end=\"5178\">Resultados de pesquisa precisos e reproduz\u00edveis<\/strong>.<\/p>\n<\/li>\n<li data-start=\"5182\" data-end=\"5254\">\n<p data-start=\"5184\" data-end=\"5254\"><strong data-start=\"5184\" data-end=\"5226\">F\u00e1cil de manusear e armazenar<\/strong> para uso laboratorial.<\/p>\n<\/li>\n<li data-start=\"5255\" data-end=\"5328\">\n<p data-start=\"5257\" data-end=\"5328\">Adequado para <strong data-start=\"5271\" data-end=\"5325\">pesquisa acad\u00eamica, farmacol\u00f3gica e anal\u00edtica<\/strong>.<\/p>\n<\/li>\n<\/ul>\n<hr data-start=\"5330\" data-end=\"5333\" \/>\n<h3 data-start=\"5335\" data-end=\"5350\"><strong data-start=\"5339\" data-end=\"5350\">Uso<\/strong><\/h3>\n<ul data-start=\"5351\" data-end=\"5622\">\n<li data-start=\"5351\" data-end=\"5421\">\n<p data-start=\"5353\" data-end=\"5421\">Somente para ser usado por <strong data-start=\"5378\" data-end=\"5418\">pessoal de laborat\u00f3rio qualificado<\/strong>.<\/p>\n<\/li>\n<li data-start=\"5422\" data-end=\"5498\">\n<p data-start=\"5424\" data-end=\"5498\">Use adequado <strong data-start=\"5442\" data-end=\"5466\">equipamento de prote\u00e7\u00e3o<\/strong> (luvas, \u00f3culos de prote\u00e7\u00e3o, jaleco).<\/p>\n<\/li>\n<li data-start=\"5499\" data-end=\"5563\">\n<p data-start=\"5501\" data-end=\"5563\">Economize em um <strong data-start=\"5516\" data-end=\"5550\">local fresco, seco e escuro<\/strong> (15\u201325\u00b0C).<\/p>\n<\/li>\n<li data-start=\"5564\" data-end=\"5622\">\n<p data-start=\"5566\" data-end=\"5622\">N\u00e3o \u00e9 adequado para consumo humano ou animal.<\/p>\n<\/li>\n<\/ul>\n<hr data-start=\"5624\" data-end=\"5627\" \/>\n<h3 data-start=\"5629\" data-end=\"5664\"><strong data-start=\"5633\" data-end=\"5664\">Perguntas Frequentes (FAQ&#039;s)<\/strong><\/h3>\n<p data-start=\"5666\" data-end=\"5841\"><strong data-start=\"5666\" data-end=\"5720\">1. Para que s\u00e3o usados os blotters de Etizolam 1 mg?<\/strong><br data-start=\"5720\" data-end=\"5723\" \/>Os blotters de Etizolam 1mg s\u00e3o usados em <strong data-start=\"5764\" data-end=\"5806\">pesquisa anal\u00edtica e farmacol\u00f3gica<\/strong> \u00e0s intera\u00e7\u00f5es do receptor GABA-A.<\/p>\n<p data-start=\"5843\" data-end=\"6029\"><strong data-start=\"5843\" data-end=\"5903\">2. Os absorventes Etizolam s\u00e3o seguros para uso humano?<\/strong><br data-start=\"5903\" data-end=\"5906\" \/>N\u00e3o. Esses mata-borr\u00f5es s\u00e3o <strong data-start=\"5930\" data-end=\"5979\">destinado apenas para fins de pesquisa<\/strong> e n\u00e3o aprovado para consumo humano.<\/p>\n<p data-start=\"6031\" data-end=\"6169\"><strong data-start=\"6031\" data-end=\"6082\">3. Como os absorventes Etizolam devem ser armazenados?<\/strong><br data-start=\"6082\" data-end=\"6085\" \/>Armazene em um <strong data-start=\"6100\" data-end=\"6135\">embalagem sem luz e sem umidade<\/strong> em temperatura ambiente (15\u201325\u00b0C).<\/p>","protected":false},"excerpt":{"rendered":"<h2><strong><span dir=\"auto\" style=\"vertical-align: inherit;\"><span dir=\"auto\" style=\"vertical-align: inherit;\">Etizolam 1mg Blotters<\/span><\/span><\/strong><\/h2>\n<p><span dir=\"auto\" style=\"vertical-align: inherit;\"><span dir=\"auto\" style=\"vertical-align: inherit;\">CAS Number: 40054-69-1 <\/span><\/span><br \/>\n<span dir=\"auto\" style=\"vertical-align: inherit;\"><span dir=\"auto\" style=\"vertical-align: inherit;\">Formula: 4-(2-chlorophenyl)-2-ethyl-9-methyl-6H-thieno[3,2-f][1,2,4]triazolo[4,3-a][1,4]diazepine <\/span><\/span><br \/>\n<span dir=\"auto\" style=\"vertical-align: inherit;\"><span dir=\"auto\" style=\"vertical-align: inherit;\">Molecular mass: 342.8 g\/mol <\/span><\/span><br \/>\n<span dir=\"auto\" style=\"vertical-align: inherit;\"><span dir=\"auto\" style=\"vertical-align: inherit;\">Purity: \u2265 99%<\/span><\/span><\/p>\n","protected":false},"featured_media":28518,"comment_status":"closed","ping_status":"closed","template":"","meta":[],"product_brand":[82],"product_cat":[488],"product_tag":[917,922,1130,326],"class_list":{"0":"post-23304","1":"product","2":"type-product","3":"status-publish","4":"has-post-thumbnail","6":"product_brand-research-chemical","7":"product_cat-verboden","8":"product_tag-etizolam","9":"product_tag-etizolam-blotters","10":"product_tag-etizolam-kopen","11":"product_tag-nl","13":"first","14":"instock","15":"taxable","16":"shipping-taxable","17":"purchasable","18":"product-type-simple"},"_links":{"self":[{"href":"https:\/\/researchchemicalhub.com\/pt\/wp-json\/wp\/v2\/product\/23304","targetHints":{"allow":["GET"]}}],"collection":[{"href":"https:\/\/researchchemicalhub.com\/pt\/wp-json\/wp\/v2\/product"}],"about":[{"href":"https:\/\/researchchemicalhub.com\/pt\/wp-json\/wp\/v2\/types\/product"}],"replies":[{"embeddable":true,"href":"https:\/\/researchchemicalhub.com\/pt\/wp-json\/wp\/v2\/comments?post=23304"}],"version-history":[{"count":6,"href":"https:\/\/researchchemicalhub.com\/pt\/wp-json\/wp\/v2\/product\/23304\/revisions"}],"predecessor-version":[{"id":28043,"href":"https:\/\/researchchemicalhub.com\/pt\/wp-json\/wp\/v2\/product\/23304\/revisions\/28043"}],"wp:featuredmedia":[{"embeddable":true,"href":"https:\/\/researchchemicalhub.com\/pt\/wp-json\/wp\/v2\/media\/28518"}],"wp:attachment":[{"href":"https:\/\/researchchemicalhub.com\/pt\/wp-json\/wp\/v2\/media?parent=23304"}],"wp:term":[{"taxonomy":"product_brand","embeddable":true,"href":"https:\/\/researchchemicalhub.com\/pt\/wp-json\/wp\/v2\/product_brand?post=23304"},{"taxonomy":"product_cat","embeddable":true,"href":"https:\/\/researchchemicalhub.com\/pt\/wp-json\/wp\/v2\/product_cat?post=23304"},{"taxonomy":"product_tag","embeddable":true,"href":"https:\/\/researchchemicalhub.com\/pt\/wp-json\/wp\/v2\/product_tag?post=23304"}],"curies":[{"name":"wp","href":"https:\/\/api.w.org\/{rel}","templated":true}]}}