{"id":23186,"date":"2025-04-13T17:39:18","date_gmt":"2025-04-13T17:39:18","guid":{"rendered":"https:\/\/researchchemicalhub.com\/?post_type=product&#038;p=23186"},"modified":"2025-10-30T12:09:12","modified_gmt":"2025-10-30T12:09:12","slug":"3mma-kopen","status":"publish","type":"product","link":"https:\/\/researchchemicalhub.com\/pt\/shop\/3-mma\/3mma-kopen\/","title":{"rendered":"3-MMA (Metafedrina)"},"content":{"rendered":"<h1><strong><span dir=\"auto\" style=\"vertical-align: inherit;\"><span dir=\"auto\" style=\"vertical-align: inherit;\">Comprar 3mma (3-metilmetanfetamina)\u00a0<\/span><\/span><\/strong><\/h1>\n<p data-start=\"735\" data-end=\"1150\"><strong data-start=\"735\" data-end=\"744\">3-MMA<\/strong>, na \u00edntegra <strong data-start=\"753\" data-end=\"779\">3-Metilmetanfetamina<\/strong> (tamb\u00e9m conhecido como <strong data-start=\"796\" data-end=\"812\">Metafedrina<\/strong>), \u00e9 um <strong data-start=\"822\" data-end=\"862\">composto estimulante sint\u00e9tico<\/strong> do <strong data-start=\"870\" data-end=\"906\">classe de anfetaminas substitu\u00eddas<\/strong>. <span class=\"___SBox_epc1q-ko_ ___SText_zko9t-ko_\" data-ui-name=\"Link.Text\">Compre 3 MM<\/span><br data-start=\"907\" data-end=\"910\" \/>\u00c9 quimicamente relacionado a <strong data-start=\"938\" data-end=\"956\">metanfetamina<\/strong>, mas difere pela <strong data-start=\"981\" data-end=\"1012\">grupo metil na posi\u00e7\u00e3o 3<\/strong> do anel arom\u00e1tico. Esta pequena altera\u00e7\u00e3o estrutural afeta a <strong data-start=\"1088\" data-end=\"1107\">liga\u00e7\u00e3o ao receptor<\/strong>, <strong data-start=\"1109\" data-end=\"1124\">metabolismo<\/strong> e <strong data-start=\"1128\" data-end=\"1147\">efic\u00e1cia<\/strong>.<\/p>\n<p data-start=\"1152\" data-end=\"1521\">Embora o 3-MMA tenha sido encontrado em <strong data-start=\"1184\" data-end=\"1223\">an\u00e1lises toxicol\u00f3gicas forenses<\/strong> e <strong data-start=\"1227\" data-end=\"1280\">pesquisa sobre novas subst\u00e2ncias psicoativas (NPS)<\/strong>, tem isso <strong data-start=\"1292\" data-end=\"1338\">nenhuma aplica\u00e7\u00e3o m\u00e9dica ou terap\u00eautica<\/strong>.<br data-start=\"1339\" data-end=\"1342\" \/>S\u00f3 \u00e9 investigado em <strong data-start=\"1378\" data-end=\"1434\">contextos acad\u00eamicos, forenses e toxicol\u00f3gicos<\/strong> para <strong data-start=\"1438\" data-end=\"1480\">rela\u00e7\u00f5es estrutura-atividade (SAR)<\/strong> dentro de an\u00e1logos de anfetamina.<\/p>\n<hr data-start=\"1523\" data-end=\"1526\" \/>\n<h2 data-start=\"1528\" data-end=\"1575\"><strong data-start=\"1531\" data-end=\"1575\">Contexto qu\u00edmico e farmacol\u00f3gico<\/strong><\/h2>\n<p data-start=\"1577\" data-end=\"1814\">3-MMA pertence ao <strong data-start=\"1598\" data-end=\"1637\">fam\u00edlia da fenetilamina e da anfetamina<\/strong>, um grupo de compostos que atuam como <strong data-start=\"1670\" data-end=\"1702\">simpaticomim\u00e9ticos indiretos<\/strong> trabalho \u2014 eles aumentam a atividade de <strong data-start=\"1742\" data-end=\"1754\">dopamina<\/strong>, <strong data-start=\"1756\" data-end=\"1773\">noradrenalina<\/strong> e <strong data-start=\"1777\" data-end=\"1791\">serotonin<\/strong> no sistema nervoso.<\/p>\n<p data-start=\"1816\" data-end=\"1841\"><strong data-start=\"1816\" data-end=\"1841\">Informa\u00e7\u00f5es qu\u00edmicas:<\/strong><\/p>\n<ul data-start=\"1842\" data-end=\"2258\">\n<li data-start=\"1842\" data-end=\"1888\">\n<p data-start=\"1844\" data-end=\"1888\"><strong data-start=\"1844\" data-end=\"1863\">Nome completo:<\/strong> 3-Metilmetanfetamina<\/p>\n<\/li>\n<li data-start=\"1889\" data-end=\"1957\">\n<p data-start=\"1891\" data-end=\"1957\"><strong data-start=\"1891\" data-end=\"1906\">Sin\u00f4nimos:<\/strong> Metafedrina, 3-metil-N,\u03b1-dimetilfenetilamina<\/p>\n<\/li>\n<li data-start=\"1958\" data-end=\"2016\">\n<p data-start=\"1960\" data-end=\"2016\"><strong data-start=\"1960\" data-end=\"1975\">Nome IUPAC:<\/strong> N,\u03b1-dimetil-3-metilbenzenotanamina<\/p>\n<\/li>\n<li data-start=\"2017\" data-end=\"2049\">\n<p data-start=\"2019\" data-end=\"2049\"><strong data-start=\"2019\" data-end=\"2039\">F\u00f3rmula molecular:<\/strong> C11H17N<\/p>\n<\/li>\n<li data-start=\"2050\" data-end=\"2086\">\n<p data-start=\"2052\" data-end=\"2086\"><strong data-start=\"2052\" data-end=\"2070\">Massa molecular:<\/strong> \u00b1163,26 g\/mol<\/p>\n<\/li>\n<li data-start=\"2087\" data-end=\"2140\">\n<p data-start=\"2089\" data-end=\"2140\"><strong data-start=\"2089\" data-end=\"2110\">Classe qu\u00edmica:<\/strong> Anfetaminas substitu\u00eddas<\/p>\n<\/li>\n<li data-start=\"2141\" data-end=\"2258\">\n<p data-start=\"2143\" data-end=\"2258\"><strong data-start=\"2143\" data-end=\"2171\">A\u00e7\u00e3o farmacol\u00f3gica:<\/strong> Liberador indireto de monoaminas; atua nos transportadores de dopamina e noradrenalina<\/p>\n<\/li>\n<\/ul>\n<p data-start=\"2260\" data-end=\"2479\">O <strong data-start=\"2263\" data-end=\"2315\">substitui\u00e7\u00e3o de metil na posi\u00e7\u00e3o meta (posi\u00e7\u00e3o 3)<\/strong> distingue 3-MMA de <strong data-start=\"2339\" data-end=\"2357\">metanfetamina<\/strong>, <strong data-start=\"2359\" data-end=\"2373\">anfetamina<\/strong> e <strong data-start=\"2377\" data-end=\"2386\">4-MMA<\/strong>, que afeta o <strong data-start=\"2412\" data-end=\"2444\">seletividade neuroqu\u00edmica<\/strong> e <strong data-start=\"2448\" data-end=\"2478\">propriedades estimulantes<\/strong>. <span class=\"___SBox_epc1q-ko_ ___SText_zko9t-ko_\" data-ui-name=\"Link.Text\">Compre 3 MM<\/span><\/p>\n<hr data-start=\"2481\" data-end=\"2484\" \/>\n<h2 data-start=\"2486\" data-end=\"2553\"><strong data-start=\"2489\" data-end=\"2553\">Principais caracter\u00edsticas do 3-MMA (para contextos de pesquisa)<\/strong><\/h2>\n<ul data-start=\"2555\" data-end=\"3012\">\n<li data-start=\"2555\" data-end=\"2633\">\n<p data-start=\"2557\" data-end=\"2633\"><strong data-start=\"2557\" data-end=\"2582\">An\u00e1logo Estrutural:<\/strong> Intimamente relacionado \u00e0 metanfetamina, 4-MMA e 2-MMA.<\/p>\n<\/li>\n<li data-start=\"2634\" data-end=\"2745\">\n<p data-start=\"2636\" data-end=\"2745\"><strong data-start=\"2636\" data-end=\"2663\">Relev\u00e2ncia Forense:<\/strong> Identificado em amostras durante pesquisas do NPS e an\u00e1lises de aplica\u00e7\u00e3o da lei.<\/p>\n<\/li>\n<li data-start=\"2746\" data-end=\"2869\">\n<p data-start=\"2748\" data-end=\"2869\"><strong data-start=\"2748\" data-end=\"2771\">Import\u00e2ncia anal\u00edtica:<\/strong> Usado como <strong data-start=\"2791\" data-end=\"2814\">padr\u00e3o de refer\u00eancia<\/strong> na valida\u00e7\u00e3o cromatogr\u00e1fica e espectrom\u00e9trica.<\/p>\n<\/li>\n<li data-start=\"2870\" data-end=\"3012\">\n<p data-start=\"2872\" data-end=\"3012\"><strong data-start=\"2872\" data-end=\"2899\">Valor Farmacol\u00f3gico:<\/strong> Ajuda os cientistas a entender como pequenas varia\u00e7\u00f5es estruturais afetam <strong data-start=\"2970\" data-end=\"2997\">atividade monoamin\u00e9rgica<\/strong> para influenciar.<\/p>\n<\/li>\n<\/ul>\n<hr data-start=\"3014\" data-end=\"3017\" \/>\n<h2 data-start=\"3019\" data-end=\"3046\"><strong data-start=\"3022\" data-end=\"3046\">Fins de pesquisa<\/strong><\/h2>\n<p data-start=\"3048\" data-end=\"3212\">O 3-MMA \u00e9 estudado principalmente em <strong data-start=\"3087\" data-end=\"3132\">laborat\u00f3rios forenses e toxicol\u00f3gicos<\/strong> sob condi\u00e7\u00f5es controladas. As principais \u00e1reas de aplica\u00e7\u00e3o s\u00e3o:<\/p>\n<ol data-start=\"3214\" data-end=\"3961\">\n<li data-start=\"3214\" data-end=\"3444\">\n<p data-start=\"3217\" data-end=\"3242\"><strong data-start=\"3217\" data-end=\"3240\">Qu\u00edmica Anal\u00edtica:<\/strong><\/p>\n<ul data-start=\"3246\" data-end=\"3444\">\n<li data-start=\"3246\" data-end=\"3373\">\n<p data-start=\"3248\" data-end=\"3373\">Desenvolvimento e valida\u00e7\u00e3o de <strong data-start=\"3278\" data-end=\"3287\">LC-MS<\/strong>, <strong data-start=\"3289\" data-end=\"3298\">GC-MS<\/strong> e <strong data-start=\"3302\" data-end=\"3310\">FTIR<\/strong>-m\u00e9todos para identifica\u00e7\u00e3o de anfetaminas substitu\u00eddas.<\/p>\n<\/li>\n<li data-start=\"3377\" data-end=\"3444\">\n<p data-start=\"3379\" data-end=\"3444\">Distinguir entre is\u00f4meros estruturais (como 3-MMA e 4-MMA).<\/p>\n<\/li>\n<\/ul>\n<\/li>\n<li data-start=\"3446\" data-end=\"3654\">\n<p data-start=\"3449\" data-end=\"3479\"><strong data-start=\"3449\" data-end=\"3477\">Toxicologia Forense:<\/strong><\/p>\n<ul data-start=\"3483\" data-end=\"3654\">\n<li data-start=\"3483\" data-end=\"3568\">\n<p data-start=\"3485\" data-end=\"3568\">Detec\u00e7\u00e3o e quantifica\u00e7\u00e3o de 3-MMA em amostras biol\u00f3gicas ou apreendidas.<\/p>\n<\/li>\n<li data-start=\"3572\" data-end=\"3654\">\n<p data-start=\"3574\" data-end=\"3654\">Parte de <strong data-start=\"3588\" data-end=\"3651\">sistemas de monitoramento de novas subst\u00e2ncias psicoativas (NPS)<\/strong>.<\/p>\n<\/li>\n<\/ul>\n<\/li>\n<li data-start=\"3656\" data-end=\"3797\">\n<p data-start=\"3659\" data-end=\"3690\"><strong data-start=\"3659\" data-end=\"3688\">Pesquisa Farmacol\u00f3gica:<\/strong><\/p>\n<ul data-start=\"3694\" data-end=\"3797\">\n<li data-start=\"3694\" data-end=\"3797\">\n<p data-start=\"3696\" data-end=\"3797\">Estudo de <strong data-start=\"3707\" data-end=\"3738\">inibi\u00e7\u00e3o do transportador de monoamina<\/strong> e <strong data-start=\"3742\" data-end=\"3768\">atividade libertadora<\/strong> de estimulantes.<\/p>\n<\/li>\n<\/ul>\n<\/li>\n<li data-start=\"3799\" data-end=\"3961\">\n<p data-start=\"3802\" data-end=\"3834\"><strong data-start=\"3802\" data-end=\"3832\">Pesquisa em sa\u00fade p\u00fablica:<\/strong><\/p>\n<ul data-start=\"3838\" data-end=\"3961\">\n<li data-start=\"3838\" data-end=\"3961\">\n<p data-start=\"3840\" data-end=\"3961\">Monitoramento de tend\u00eancias em <strong data-start=\"3865\" data-end=\"3903\">estimulantes sint\u00e9ticos<\/strong> em apoio aos alertas de sa\u00fade p\u00fablica.<\/p>\n<\/li>\n<\/ul>\n<\/li>\n<\/ol>\n<hr data-start=\"3963\" data-end=\"3966\" \/>\n<h2 data-start=\"3968\" data-end=\"4012\"><strong data-start=\"3971\" data-end=\"4012\">Considera\u00e7\u00f5es legais e de seguran\u00e7a<\/strong><\/h2>\n<h3 data-start=\"4014\" data-end=\"4032\"><strong data-start=\"4018\" data-end=\"4032\">Seguran\u00e7a<\/strong><\/h3>\n<p data-start=\"4034\" data-end=\"4256\">3-MMA s\u00f3 pode ser usado por <strong data-start=\"4079\" data-end=\"4111\">pesquisadores qualificados<\/strong> em <strong data-start=\"4115\" data-end=\"4139\">laborat\u00f3rios licenciados<\/strong>.<br data-start=\"4140\" data-end=\"4143\" \/>Por causa do <strong data-start=\"4154\" data-end=\"4171\">alto potencial<\/strong> e <strong data-start=\"4175\" data-end=\"4211\">dados toxicol\u00f3gicos limitados<\/strong> s\u00e3o necess\u00e1rias medidas de seguran\u00e7a rigorosas.<\/p>\n<p data-start=\"4258\" data-end=\"4296\"><strong data-start=\"4258\" data-end=\"4296\">Seguran\u00e7a recomendada em laborat\u00f3rio:<\/strong><\/p>\n<ul data-start=\"4297\" data-end=\"4600\">\n<li data-start=\"4297\" data-end=\"4395\">\n<p data-start=\"4299\" data-end=\"4395\">Sempre use <strong data-start=\"4314\" data-end=\"4357\">equipamento de prote\u00e7\u00e3o individual (EPI)<\/strong> como luvas, \u00f3culos de prote\u00e7\u00e3o e jaleco.<\/p>\n<\/li>\n<li data-start=\"4396\" data-end=\"4455\">\n<p data-start=\"4398\" data-end=\"4455\">Trabalhar sob um <strong data-start=\"4413\" data-end=\"4426\">exaustor<\/strong> para evitar a inala\u00e7\u00e3o.<\/p>\n<\/li>\n<li data-start=\"4456\" data-end=\"4517\">\n<p data-start=\"4458\" data-end=\"4517\">Salvar em <strong data-start=\"4468\" data-end=\"4514\">recipientes claramente etiquetados e fechados<\/strong>.<\/p>\n<\/li>\n<li data-start=\"4518\" data-end=\"4600\">\n<p data-start=\"4520\" data-end=\"4600\">Descarte os res\u00edduos de acordo com as <strong data-start=\"4545\" data-end=\"4597\">regulamentos para materiais qu\u00edmicos perigosos<\/strong>.<\/p>\n<\/li>\n<\/ul>\n<h3 data-start=\"4602\" data-end=\"4627\"><strong data-start=\"4606\" data-end=\"4627\">Situa\u00e7\u00e3o jur\u00eddica<\/strong><\/h3>\n<p data-start=\"4629\" data-end=\"4722\">De <strong data-start=\"4635\" data-end=\"4643\">2025<\/strong> \u00e9 <strong data-start=\"4647\" data-end=\"4671\">3-MMA (Metafedrina)<\/strong> na maioria dos pa\u00edses <strong data-start=\"4692\" data-end=\"4719\">regulamentado ou proibido<\/strong>:<\/p>\n<ul data-start=\"4723\" data-end=\"4996\">\n<li data-start=\"4723\" data-end=\"4797\">\n<p data-start=\"4725\" data-end=\"4797\"><strong data-start=\"4725\" data-end=\"4749\">Reino Unido:<\/strong> Verificado sob o <em data-start=\"4773\" data-end=\"4794\">Lei sobre o Uso Indevido de Drogas<\/em>.<\/p>\n<\/li>\n<li data-start=\"4798\" data-end=\"4882\">\n<p data-start=\"4800\" data-end=\"4882\"><strong data-start=\"4800\" data-end=\"4818\">Uni\u00e3o Europeia:<\/strong> Cai sob o <strong data-start=\"4833\" data-end=\"4879\">Regulamenta\u00e7\u00e3o do NPS para Subst\u00e2ncias Psicoativas<\/strong>.<\/p>\n<\/li>\n<li data-start=\"4883\" data-end=\"4996\">\n<p data-start=\"4885\" data-end=\"4996\"><strong data-start=\"4885\" data-end=\"4906\">Estados Unidos:<\/strong> Considerado como um <strong data-start=\"4931\" data-end=\"4961\">an\u00e1logo da metanfetamina<\/strong> sob o <em data-start=\"4971\" data-end=\"4993\">Lei Federal Anal\u00f3gica<\/em>.<\/p>\n<\/li>\n<\/ul>\n<p data-start=\"4998\" data-end=\"5105\">Apenas <strong data-start=\"5005\" data-end=\"5029\">laborat\u00f3rios licenciados<\/strong> com permiss\u00e3o oficial pode possuir ou usar 3-MMA para pesquisa.<\/p>\n<hr data-start=\"5107\" data-end=\"5110\" \/>\n<h2 data-start=\"5112\" data-end=\"5156\"><strong data-start=\"5115\" data-end=\"5156\">Identifica\u00e7\u00e3o e Detec\u00e7\u00e3o Anal\u00edtica<\/strong><\/h2>\n<p data-start=\"5158\" data-end=\"5277\">Na qu\u00edmica forense e anal\u00edtica, o 3-MMA \u00e9 identificado usando v\u00e1rias t\u00e9cnicas instrumentais:<\/p>\n<ul data-start=\"5279\" data-end=\"5492\">\n<li data-start=\"5279\" data-end=\"5331\">\n<p data-start=\"5281\" data-end=\"5331\"><strong data-start=\"5281\" data-end=\"5329\">Cromatografia gasosa-espectrometria de massa (GC-MS)<\/strong><\/p>\n<\/li>\n<li data-start=\"5332\" data-end=\"5390\">\n<p data-start=\"5334\" data-end=\"5390\"><strong data-start=\"5334\" data-end=\"5388\">Cromatografia l\u00edquida-espectrometria de massa (LC-MS)<\/strong><\/p>\n<\/li>\n<li data-start=\"5391\" data-end=\"5446\">\n<p data-start=\"5393\" data-end=\"5446\"><strong data-start=\"5393\" data-end=\"5444\">Espectroscopia de infravermelho com transformada de Fourier (FTIR)<\/strong><\/p>\n<\/li>\n<li data-start=\"5447\" data-end=\"5492\">\n<p data-start=\"5449\" data-end=\"5492\"><strong data-start=\"5449\" data-end=\"5490\">Espectroscopia de resson\u00e2ncia magn\u00e9tica nuclear (RMN)<\/strong><\/p>\n<\/li>\n<\/ul>\n<p data-start=\"5494\" data-end=\"5632\">Esses m\u00e9todos fazem <strong data-start=\"5514\" data-end=\"5576\">identifica\u00e7\u00e3o, diferencia\u00e7\u00e3o e quantifica\u00e7\u00e3o precisas<\/strong> possivelmente de 3-MMA e an\u00e1logos de anfetamina relacionados.<\/p>\n<hr data-start=\"5634\" data-end=\"5637\" \/>\n<h2 data-start=\"5639\" data-end=\"5673\"><strong data-start=\"5642\" data-end=\"5673\">Perguntas Frequentes (FAQ&#039;s)<\/strong><\/h2>\n<h3 data-start=\"5675\" data-end=\"5718\"><strong data-start=\"5679\" data-end=\"5718\">1. Para que o 3-MMA est\u00e1 sendo estudado?<\/strong><\/h3>\n<p data-start=\"5719\" data-end=\"5870\">O 3-MMA \u00e9 usado exclusivamente em <strong data-start=\"5755\" data-end=\"5797\">pesquisa forense e farmacol\u00f3gica<\/strong> estudar an\u00e1logos de anfetaminas e desenvolver m\u00e9todos de detec\u00e7\u00e3o.<\/p>\n<h3 data-start=\"5872\" data-end=\"5899\"><strong data-start=\"5876\" data-end=\"5899\">2. O 3-MMA \u00e9 legal?<\/strong><\/h3>\n<p data-start=\"5900\" data-end=\"6015\">Na maioria dos pa\u00edses, o 3-MMA \u00e9 <strong data-start=\"5929\" data-end=\"5956\">proibido ou regulamentado<\/strong> nos termos da legisla\u00e7\u00e3o sobre subst\u00e2ncias psicoativas ou an\u00e1logos.<\/p>\n<h3 data-start=\"6017\" data-end=\"6068\"><strong data-start=\"6021\" data-end=\"6068\">3. Como o 3-MMA deve ser manuseado com seguran\u00e7a?<\/strong><\/h3>\n<p data-start=\"6069\" data-end=\"6201\">Somente por <strong data-start=\"6081\" data-end=\"6111\">pesquisadores profissionais<\/strong> com a direita <strong data-start=\"6126\" data-end=\"6152\">medidas de seguran\u00e7a<\/strong> e em <strong data-start=\"6159\" data-end=\"6200\">ambientes de laborat\u00f3rio controlados<\/strong>.<\/p>","protected":false},"excerpt":{"rendered":"<h3><span style=\"vertical-align: inherit;\"><span style=\"vertical-align: inherit;\"><span dir=\"auto\" style=\"vertical-align: inherit;\"><span dir=\"auto\" style=\"vertical-align: inherit;\">Propriedades do 3-MMA<\/span><\/span><\/span><\/span><\/h3>\n<p><strong><span style=\"vertical-align: inherit;\"><span style=\"vertical-align: inherit;\"><span dir=\"auto\" style=\"vertical-align: inherit;\"><span dir=\"auto\" style=\"vertical-align: inherit;\">Sin\u00f4nimo<\/span><\/span><\/span><\/span><\/strong><span style=\"vertical-align: inherit;\"><span style=\"vertical-align: inherit;\"><span dir=\"auto\" style=\"vertical-align: inherit;\"><span dir=\"auto\" style=\"vertical-align: inherit;\"> : 3-Metilmetanfetamina <\/span><\/span><\/span><\/span><br \/>\n<strong><span style=\"vertical-align: inherit;\"><span style=\"vertical-align: inherit;\"><span dir=\"auto\" style=\"vertical-align: inherit;\"><span dir=\"auto\" style=\"vertical-align: inherit;\">CAS <\/span><\/span><\/span><\/span><\/strong> <strong><span style=\"vertical-align: inherit;\"><span style=\"vertical-align: inherit;\"><span dir=\"auto\" style=\"vertical-align: inherit;\"><span dir=\"auto\" style=\"vertical-align: inherit;\">N\u00famero<\/span><\/span><\/span><\/span><\/strong><span style=\"vertical-align: inherit;\"><span style=\"vertical-align: inherit;\"><span dir=\"auto\" style=\"vertical-align: inherit;\"><span dir=\"auto\" style=\"vertical-align: inherit;\"> : 2089255-96-7 <\/span><\/span><\/span><\/span><br \/>\n<strong><span style=\"vertical-align: inherit;\"><span style=\"vertical-align: inherit;\"><span dir=\"auto\" style=\"vertical-align: inherit;\"><span dir=\"auto\" style=\"vertical-align: inherit;\">F\u00f3rmula<\/span><\/span><\/span><\/span><\/strong><span style=\"vertical-align: inherit;\"><span style=\"vertical-align: inherit;\"><span dir=\"auto\" style=\"vertical-align: inherit;\"><span dir=\"auto\" style=\"vertical-align: inherit;\"> : <\/span><\/span><\/span><\/span><span title=\"Carbono\"><span style=\"vertical-align: inherit;\"><span style=\"vertical-align: inherit;\"><span dir=\"auto\" style=\"vertical-align: inherit;\"><span dir=\"auto\" style=\"vertical-align: inherit;\">C <\/span><\/span><\/span><\/span><\/span><sub><span style=\"vertical-align: inherit;\"><span style=\"vertical-align: inherit;\"><span dir=\"auto\" style=\"vertical-align: inherit;\"><span dir=\"auto\" style=\"vertical-align: inherit;\">11 <\/span><\/span><\/span><\/span><\/sub><span title=\"Hidrog\u00eanio\"><span style=\"vertical-align: inherit;\"><span style=\"vertical-align: inherit;\"><span dir=\"auto\" style=\"vertical-align: inherit;\"><span dir=\"auto\" style=\"vertical-align: inherit;\">H <\/span><\/span><\/span><\/span><\/span><sub><span style=\"vertical-align: inherit;\"><span style=\"vertical-align: inherit;\"><span dir=\"auto\" style=\"vertical-align: inherit;\"><span dir=\"auto\" style=\"vertical-align: inherit;\">17 <\/span><\/span><\/span><\/span><\/sub><span title=\"Azoto\"><span style=\"vertical-align: inherit;\"><span style=\"vertical-align: inherit;\"><span dir=\"auto\" style=\"vertical-align: inherit;\"><span dir=\"auto\" style=\"vertical-align: inherit;\">N <\/span><\/span><\/span><\/span><\/span><br \/>\n<strong><span style=\"vertical-align: inherit;\"><span style=\"vertical-align: inherit;\"><span dir=\"auto\" style=\"vertical-align: inherit;\"><span dir=\"auto\" style=\"vertical-align: inherit;\">Massa molar<\/span><\/span><\/span><\/span><\/strong><span style=\"vertical-align: inherit;\"><span style=\"vertical-align: inherit;\"><span dir=\"auto\" style=\"vertical-align: inherit;\"><span dir=\"auto\" style=\"vertical-align: inherit;\"> : 163,264 g\/mol <\/span><\/span><\/span><\/span><br \/>\n<strong><span style=\"vertical-align: inherit;\"><span style=\"vertical-align: inherit;\"><span dir=\"auto\" style=\"vertical-align: inherit;\"><span dir=\"auto\" style=\"vertical-align: inherit;\">Pureza<\/span><\/span><\/span><\/span><\/strong><span style=\"vertical-align: inherit;\"><span style=\"vertical-align: inherit;\"><span dir=\"auto\" style=\"vertical-align: inherit;\"><span dir=\"auto\" style=\"vertical-align: inherit;\"> : &gt;98%<\/span><\/span><\/span><\/span><\/p>","protected":false},"featured_media":28417,"comment_status":"closed","ping_status":"closed","template":"","meta":[],"product_brand":[82],"product_cat":[519,322,333],"product_tag":[1193,616,593,326],"class_list":{"0":"post-23186","1":"product","2":"type-product","3":"status-publish","4":"has-post-thumbnail","6":"product_brand-research-chemical","7":"product_cat-3-mma","8":"product_cat-bijna-verboden","9":"product_cat-gefluoreerden","10":"product_tag-3-mma","11":"product_tag-3-mma-kopen","12":"product_tag-3mma-kopen","13":"product_tag-nl","15":"first","16":"instock","17":"taxable","18":"shipping-taxable","19":"purchasable","20":"product-type-variable"},"_links":{"self":[{"href":"https:\/\/researchchemicalhub.com\/pt\/wp-json\/wp\/v2\/product\/23186","targetHints":{"allow":["GET"]}}],"collection":[{"href":"https:\/\/researchchemicalhub.com\/pt\/wp-json\/wp\/v2\/product"}],"about":[{"href":"https:\/\/researchchemicalhub.com\/pt\/wp-json\/wp\/v2\/types\/product"}],"replies":[{"embeddable":true,"href":"https:\/\/researchchemicalhub.com\/pt\/wp-json\/wp\/v2\/comments?post=23186"}],"version-history":[{"count":5,"href":"https:\/\/researchchemicalhub.com\/pt\/wp-json\/wp\/v2\/product\/23186\/revisions"}],"predecessor-version":[{"id":28058,"href":"https:\/\/researchchemicalhub.com\/pt\/wp-json\/wp\/v2\/product\/23186\/revisions\/28058"}],"wp:featuredmedia":[{"embeddable":true,"href":"https:\/\/researchchemicalhub.com\/pt\/wp-json\/wp\/v2\/media\/28417"}],"wp:attachment":[{"href":"https:\/\/researchchemicalhub.com\/pt\/wp-json\/wp\/v2\/media?parent=23186"}],"wp:term":[{"taxonomy":"product_brand","embeddable":true,"href":"https:\/\/researchchemicalhub.com\/pt\/wp-json\/wp\/v2\/product_brand?post=23186"},{"taxonomy":"product_cat","embeddable":true,"href":"https:\/\/researchchemicalhub.com\/pt\/wp-json\/wp\/v2\/product_cat?post=23186"},{"taxonomy":"product_tag","embeddable":true,"href":"https:\/\/researchchemicalhub.com\/pt\/wp-json\/wp\/v2\/product_tag?post=23186"}],"curies":[{"name":"wp","href":"https:\/\/api.w.org\/{rel}","templated":true}]}}