{"id":23084,"date":"2025-04-13T17:39:07","date_gmt":"2025-04-13T17:39:07","guid":{"rendered":"https:\/\/researchchemicalhub.com\/?post_type=product&#038;p=23084"},"modified":"2025-10-30T12:53:48","modified_gmt":"2025-10-30T12:53:48","slug":"4homet-fumarato","status":"publish","type":"product","link":"https:\/\/researchchemicalhub.com\/pt\/comprar\/4-horas-com\/4homet-fumarato\/","title":{"rendered":"Fumarato de 4-HO-MET"},"content":{"rendered":"<h1><strong>4HOMET Fumarato \u2013 Produto Qu\u00edmico de Pesquisa Puro<\/strong><\/h1>\n<h2><strong>O que \u00e9 fumarato de 4-HO-MET?<\/strong><\/h2>\n<p>4HOMET Fumarato (fumarato de 4-hidroxi-N-metil-N-etiltriptamina) \u00e9 uma triptamina psicod\u00e9lica sint\u00e9tica, relacionada \u00e0 psilocibina. \u00c9 conhecida por suas propriedades de estimula\u00e7\u00e3o visual e enriquecimento emocional.<\/p>\n<p>Esta subst\u00e2ncia \u00e9 utilizada exclusivamente para pesquisa cient\u00edfica, particularmente em farmacologia e estudos da consci\u00eancia. O produto est\u00e1 dispon\u00edvel em forma pura e dosada com precis\u00e3o, sendo adequado para fins de pesquisa controlada.<a title=\"1cP-LSD 150 MCG Art Blotters\" href=\"https:\/\/researchchemicalhub.com\/pt\/comprar\/lisergamidas\/1cp-lsd-150-mcg-mata-borroes-artisticos\/\" target=\"_blank\" rel=\"noopener\">1cP-LSD 150 MCG Art Blotters<\/a><\/p>\n<h2><strong>Caracter\u00edsticas do fumarato de 4-HO-MET<\/strong><\/h2>\n<ul>\n<li><strong>Alta pureza<\/strong> \u2013 Fabricado de acordo com rigorosos padr\u00f5es de laborat\u00f3rio<\/li>\n<li><strong>Dosagem precisa<\/strong> \u2013 Composi\u00e7\u00e3o consistente para resultados confi\u00e1veis<\/li>\n<li><strong>Embalagem segura<\/strong> \u2013 Selado hermeticamente e \u00e0 prova de luz para garantir estabilidade<\/li>\n<li><strong>Testado independentemente<\/strong> \u2013 Controle de qualidade por meio de an\u00e1lises laboratoriais externas<\/li>\n<\/ul>\n<h2><strong>Efeitos e Perfil de Efeitos<\/strong><\/h2>\n<p>O fumarato de 4-HO-MET \u00e9 conhecido por:<\/p>\n<ul>\n<li><strong>Efeitos visuais intensos<\/strong> como realce de cores e percep\u00e7\u00e3o de padr\u00f5es<\/li>\n<li><strong>Aumento da abertura emocional e euforia<\/strong><\/li>\n<li><strong>Baixa carga cognitiva<\/strong> comparado a triptaminas semelhantes<\/li>\n<li><strong>Dura\u00e7\u00e3o da a\u00e7\u00e3o: 4 a 6 horas<\/strong><\/li>\n<\/ul>\n<p>Os efeitos geralmente come\u00e7am dentro <strong>20 a 40 minutos<\/strong> e atingir um pico em torno de <strong>2 a 3 horas<\/strong> ap\u00f3s a ingest\u00e3o.<\/p>\n<h2><strong>Dosagens de pesquisa recomendadas<\/strong><\/h2>\n<ul>\n<li><strong>Dose baixa:<\/strong> 5 a 10 mg<\/li>\n<li><strong>Dose m\u00e9dia:<\/strong> 10 a 20 mg<\/li>\n<li><strong>Dose alta:<\/strong> 20 a 30 mg (apenas para pesquisadores experientes)<\/li>\n<\/ul>\n<p>Comece sempre com uma dose baixa para determinar a sensibilidade individual.<a title=\"Comprar Iboga\u00edna HCL\" href=\"https:\/\/researchchemicalhub.com\/pt\/comprar\/iboga-ibogaina\/comprar-cloridrato-de-ibogaina-online\/\" target=\"_blank\" rel=\"noopener\">Comprar Iboga\u00edna HCL<\/a><\/p>\n<h2><strong>Instru\u00e7\u00f5es de seguran\u00e7a<\/strong><\/h2>\n<ul>\n<li>N\u00e3o use na presen\u00e7a de condi\u00e7\u00f5es psiqui\u00e1tricas, como ansiedade ou psicose<\/li>\n<li>Sempre aplique em um ambiente de pesquisa controlado<\/li>\n<li>N\u00e3o combinar com outras subst\u00e2ncias psicoativas<\/li>\n<li>Armazene em local fresco, seco e seguro, fora do alcance de pessoas n\u00e3o autorizadas<\/li>\n<\/ul>\n<h2><strong>Aplica\u00e7\u00f5es e P\u00fablico-Alvo<\/strong><\/h2>\n<p>O Fumarato 4-HO MET \u00e9 indicado para:<\/p>\n<ul>\n<li><strong>Pesquisa cient\u00edfica<\/strong> para subst\u00e2ncias psicod\u00e9licas<\/li>\n<li><strong>Estudos acad\u00eamicos da consci\u00eancia<\/strong> dentro da neuroci\u00eancia e da psicologia<\/li>\n<li><strong>Pesquisadores experientes<\/strong> com conhecimento de triptaminas.<a title=\"Casca de raiz de iboga\" href=\"https:\/\/researchchemicalhub.com\/pt\/comprar\/iboga-ibogaina\/casca-da-raiz-de-iboga\/\" target=\"_blank\" rel=\"noopener\">Casca de raiz de iboga<\/a><\/li>\n<\/ul>\n<h2><strong>Informa\u00e7\u00f5es do pedido<\/strong><\/h2>\n<p>O Fumarato 4-HO-MET \u00e9 enviado de forma discreta e embalada com seguran\u00e7a. Dispon\u00edvel como um produto de pesquisa de alta qualidade para profissionais.<\/p>","protected":false},"excerpt":{"rendered":"<h3><span style=\"vertical-align: inherit;\"><span style=\"vertical-align: inherit;\">4-HO-MET Fumarate<\/span><\/span><\/h3>\n<p><span style=\"vertical-align: inherit;\"><span style=\"vertical-align: inherit;\">Synonyms: 4-hydroxy-N-methyl-N-ethyltryptamine; metocin; <\/span><\/span><br \/>\n<span style=\"vertical-align: inherit;\"><span style=\"vertical-align: inherit;\">3-{2-[ethyl(methyl)amino]ethyl}-1H-indol-4-ol <\/span><\/span><br \/>\n<span style=\"vertical-align: inherit;\"><span style=\"vertical-align: inherit;\">CAS number: 77872-41-4 <\/span><\/span><br \/>\n<span style=\"vertical-align: inherit;\"><span style=\"vertical-align: inherit;\">Formula: C13H18N2O <\/span><\/span><br \/>\n<span style=\"vertical-align: inherit;\"><span style=\"vertical-align: inherit;\">Molar mass: 218.3 g\/mol <\/span><\/span><br \/>\n<span style=\"vertical-align: inherit;\"><span style=\"vertical-align: inherit;\">Purity: \u226598%<\/span><\/span><\/p>\n","protected":false},"featured_media":28447,"comment_status":"closed","ping_status":"closed","template":"","meta":[],"product_brand":[82],"product_cat":[382,381],"product_tag":[658,659,657,326],"class_list":{"0":"post-23084","1":"product","2":"type-product","3":"status-publish","4":"has-post-thumbnail","6":"product_brand-research-chemical","7":"product_cat-4-ho-met","8":"product_cat-tryptamines","9":"product_tag-4-ho-met","10":"product_tag-4ho-met","11":"product_tag-4homet","12":"product_tag-nl","14":"first","15":"instock","16":"taxable","17":"shipping-taxable","18":"purchasable","19":"product-type-variable"},"_links":{"self":[{"href":"https:\/\/researchchemicalhub.com\/pt\/wp-json\/wp\/v2\/product\/23084","targetHints":{"allow":["GET"]}}],"collection":[{"href":"https:\/\/researchchemicalhub.com\/pt\/wp-json\/wp\/v2\/product"}],"about":[{"href":"https:\/\/researchchemicalhub.com\/pt\/wp-json\/wp\/v2\/types\/product"}],"replies":[{"embeddable":true,"href":"https:\/\/researchchemicalhub.com\/pt\/wp-json\/wp\/v2\/comments?post=23084"}],"version-history":[{"count":5,"href":"https:\/\/researchchemicalhub.com\/pt\/wp-json\/wp\/v2\/product\/23084\/revisions"}],"predecessor-version":[{"id":26298,"href":"https:\/\/researchchemicalhub.com\/pt\/wp-json\/wp\/v2\/product\/23084\/revisions\/26298"}],"wp:featuredmedia":[{"embeddable":true,"href":"https:\/\/researchchemicalhub.com\/pt\/wp-json\/wp\/v2\/media\/28447"}],"wp:attachment":[{"href":"https:\/\/researchchemicalhub.com\/pt\/wp-json\/wp\/v2\/media?parent=23084"}],"wp:term":[{"taxonomy":"product_brand","embeddable":true,"href":"https:\/\/researchchemicalhub.com\/pt\/wp-json\/wp\/v2\/product_brand?post=23084"},{"taxonomy":"product_cat","embeddable":true,"href":"https:\/\/researchchemicalhub.com\/pt\/wp-json\/wp\/v2\/product_cat?post=23084"},{"taxonomy":"product_tag","embeddable":true,"href":"https:\/\/researchchemicalhub.com\/pt\/wp-json\/wp\/v2\/product_tag?post=23084"}],"curies":[{"name":"wp","href":"https:\/\/api.w.org\/{rel}","templated":true}]}}