{"id":26138,"date":"2025-10-20T01:31:18","date_gmt":"2025-10-20T01:31:18","guid":{"rendered":"https:\/\/researchchemicalhub.com\/?post_type=product&#038;p=26138"},"modified":"2025-10-21T05:55:10","modified_gmt":"2025-10-21T05:55:10","slug":"iboga-capsules","status":"publish","type":"product","link":"https:\/\/researchchemicalhub.com\/pl\/shop\/iboga-ibogaine\/iboga-capsules\/","title":{"rendered":"Kapsu\u0142ki Iboga"},"content":{"rendered":"<h2>Kup kapsu\u0142ki Iboga<\/h2>\n<p>Nazwa iboga odnosi si\u0119 do zwi\u0105zku psychoaktywnego pozyskiwanego z ro\u015blin zawieraj\u0105cych alkaloid ibogain\u0119. W samym Gabonie wyst\u0119puje wiele ro\u015blin zawieraj\u0105cych ten alkaloid. G\u0142\u00f3wnym \u017ar\u00f3d\u0142em jest jednak ro\u015blina Tabernanthe Iboga. Ro\u015bliny te rosn\u0105 na dnie d\u017cungli w odleg\u0142ych regionach \u015brodkowo-zachodniej Afryki, w tym w Kamerunie i Republice Konga<a href=\"https:\/\/legalerfuhrerschein.com\/\" target=\"_blank\" rel=\"noopener\">,<\/a> Angola i oczywi\u015bcie Gabon, fizyczny i duchowy dom tej ro\u015bliny. Kup kapsu\u0142ki iboga<\/p>\n<p>Kora korzenia tej ro\u015bliny zawiera psychoaktywne alkaloidy. Zrywaj\u0105c kor\u0119 z korzenia, uzyskujemy \u015bwie\u017c\u0105, gotow\u0105 do spo\u017cycia, siln\u0105, staro\u017cytn\u0105, lecznicz\u0105 ro\u015blin\u0119 <a href=\"https:\/\/ibogainerehabilitation.com\/\" target=\"_blank\" rel=\"noopener\">iboga<\/a>. Po spo\u017cyciu kory korzenia osoby za\u017cywaj\u0105ce t\u0119 substancj\u0119 do\u015bwiadczaj\u0105 pocz\u0105tku stanu \u015bwiadomo\u015bci przypominaj\u0105cego sen. Podczas podr\u00f3\u017cy mo\u017cna (lub nie) natrafi\u0107 na odkrycia egzystencjalne, krystalicznie czyste wizje, przypomnie\u0107 sobie pewne sprawy i do\u015bwiadczy\u0107 wielu innych cudownych rzeczy. Takie jak uzale\u017cnienie, depresja, choroby sk\u00f3ry, redukcja masy cia\u0142a i duchowe przebudzenie<\/p>","protected":false},"excerpt":{"rendered":"<p>Kup kapsu\u0142ki iboga Iboga to psychoaktywny zwi\u0105zek pozyskiwany z ro\u015blin, kt\u00f3ry zawiera alkaloid ibogain\u0119. Tylko w Gabonie,<\/p>","protected":false},"featured_media":26151,"comment_status":"closed","ping_status":"closed","template":"","meta":[],"product_brand":[],"product_cat":[908],"product_tag":[],"class_list":{"0":"post-26138","1":"product","2":"type-product","3":"status-publish","4":"has-post-thumbnail","6":"product_cat-iboga-ibogaine","8":"first","9":"instock","10":"taxable","11":"shipping-taxable","12":"purchasable","13":"product-type-variable"},"_links":{"self":[{"href":"https:\/\/researchchemicalhub.com\/pl\/wp-json\/wp\/v2\/product\/26138","targetHints":{"allow":["GET"]}}],"collection":[{"href":"https:\/\/researchchemicalhub.com\/pl\/wp-json\/wp\/v2\/product"}],"about":[{"href":"https:\/\/researchchemicalhub.com\/pl\/wp-json\/wp\/v2\/types\/product"}],"replies":[{"embeddable":true,"href":"https:\/\/researchchemicalhub.com\/pl\/wp-json\/wp\/v2\/comments?post=26138"}],"version-history":[{"count":1,"href":"https:\/\/researchchemicalhub.com\/pl\/wp-json\/wp\/v2\/product\/26138\/revisions"}],"predecessor-version":[{"id":26152,"href":"https:\/\/researchchemicalhub.com\/pl\/wp-json\/wp\/v2\/product\/26138\/revisions\/26152"}],"wp:featuredmedia":[{"embeddable":true,"href":"https:\/\/researchchemicalhub.com\/pl\/wp-json\/wp\/v2\/media\/26151"}],"wp:attachment":[{"href":"https:\/\/researchchemicalhub.com\/pl\/wp-json\/wp\/v2\/media?parent=26138"}],"wp:term":[{"taxonomy":"product_brand","embeddable":true,"href":"https:\/\/researchchemicalhub.com\/pl\/wp-json\/wp\/v2\/product_brand?post=26138"},{"taxonomy":"product_cat","embeddable":true,"href":"https:\/\/researchchemicalhub.com\/pl\/wp-json\/wp\/v2\/product_cat?post=26138"},{"taxonomy":"product_tag","embeddable":true,"href":"https:\/\/researchchemicalhub.com\/pl\/wp-json\/wp\/v2\/product_tag?post=26138"}],"curies":[{"name":"wp","href":"https:\/\/api.w.org\/{rel}","templated":true}]}}