{"id":26132,"date":"2025-10-20T01:31:17","date_gmt":"2025-10-20T01:31:17","guid":{"rendered":"https:\/\/researchchemicalhub.com\/?post_type=product&#038;p=26132"},"modified":"2025-10-21T05:53:59","modified_gmt":"2025-10-21T05:53:59","slug":"kup-ibogaine-hcl-online","status":"publish","type":"product","link":"https:\/\/researchchemicalhub.com\/pl\/sklep\/iboga-ibogaina\/kup-ibogaine-hcl-online\/","title":{"rendered":"Kup Ibogain\u0119 HCL"},"content":{"rendered":"<h2>Kup Ibogain\u0119 HCL<\/h2>\n<div class=\"sm-table-layout__cell sm-table-layout__cell_align_left sm-table-layout__cell_fixed-cell_phrase\" role=\"cell\" data-testid=\"table-cell-keyword\">\n<div class=\"sm-cell-phrase\"><span class=\"___SText_anxqe-kmt_\" data-ui-name=\"Link.Text\">kup ibogain\u0119 hcl online, <\/span>Kup Ibogain\u0119 HCL. Ibogaina to substancja chemiczna wyst\u0119puj\u0105ca w afryka\u0144skim korzeniu Tabernanthe iboga, kt\u00f3ra likwiduje fizyczne objawy odstawienia i raz na zawsze przerywa zachowanie zwi\u0105zane z g\u0142odem narkotykowym. Ibogaina HCL okaza\u0142a si\u0119 by\u0107 najbardziej skutecznym zio\u0142owym \u015brodkiem w leczeniu uzale\u017cnie\u0144. Prawid\u0142owo zastosowany preparat jest skuteczny w 100%. Oferujemy Iboga w postaci kapsu\u0142ek, co u\u0142atwia dawkowanie i spo\u017cycie.<\/div>\n<\/div>\n<p>Otrzymywany z kory korzenia Tabernanthe Iboga. W drugiej warstwie kory ibogi znajduje si\u0119 oko\u0142o 12 r\u00f3\u017cnych alkaloid\u00f3w. Trzy najbardziej znane alkaloidy, kt\u00f3re s\u0105 ekstrahowane to ibogaina, ibogamina i ibogalina. Jako zwi\u0105zek chemiczny ibogainy, ibogaina HCL jest stosowana w leczeniu uzale\u017cnie\u0144. Ibogaina HCL to naturalnie wyst\u0119puj\u0105cy zwi\u0105zek chemiczny, ekstrahowany z krzewu Tabernanthe iboga, pochodz\u0105cego z Afryki. Stosowany w celu wyp\u0142ukiwania toksyn (np. opiat\u00f3w i innych narkotyk\u00f3w) z organizmu i pomagaj\u0105cy znacz\u0105co z\u0142agodzi\u0107 nieprzyjemne objawy zwi\u0105zane z fizycznym odstawieniem substancji psychoaktywnych.<\/p>\n<p>Ibogaina HCL jest trzecim rodzajem ibogainy i jest najcz\u0119\u015bciej stosowana w terapii uzale\u017cnie\u0144. Poddawany jest specjalnemu procesowi oczyszczania z wykorzystaniem HCL, kt\u00f3ry usuwa liczne zanieczyszczenia i inne substancje. Ponadto Ibogaina HCL zawiera oko\u0142o 85-99 procent czystej ibogainy.<\/p>\n<h2>Ibogaina HCL na sprzeda\u017c<\/h2>\n<p>Ibogain\u0119 HCL zazwyczaj stosuje si\u0119 w plac\u00f3wkach medycznych pod nadzorem profesjonalnie przeszkolonych, certyfikowanych lekarzy i piel\u0119gniarek. Pomaga osobom zmagaj\u0105cym si\u0119 z uzale\u017cnieniem od narkotyk\u00f3w lub alkoholu radzi\u0107 sobie z objawami odstawienia. Ibogaina HCL jest stosowana w leczeniu objaw\u00f3w odstawienia narkotyk\u00f3w poprzez synergistyczne dzia\u0142anie na neurony i specyficzne miejsca receptorowe znajduj\u0105ce si\u0119 w m\u00f3zgu i o\u015brodkowym uk\u0142adzie nerwowym.<\/p>\n<p>Je\u015bli u osoby przyjmuj\u0105cej ibogain\u0119 HCL wyst\u0105pi\u0105 objawy odstawienia, nadal b\u0119d\u0105 one wyst\u0119powa\u0107. Jednak ich odczuwanie jest zazwyczaj znacznie mniejsze ni\u017c w przypadku os\u00f3b, kt\u00f3re nie lecz\u0105. Efekty leczenia ibogain\u0105 HCL mog\u0105 utrzymywa\u0107 si\u0119 od 15 do 36 godzin, w zale\u017cno\u015bci od indywidualnych cech pacjenta.<a href=\"https:\/\/researchchemicalhub.com\/pl\/sklep\/katynony\/%f0%9f%92%a1-2-mmc-krystaliczny-proszek-do-wszystkich-pytan-i-odpowiedzi-do-zakupu\/\">2-CMC 250 mg granulki<\/a><a href=\"https:\/\/researchchemicalhub.com\/pl\/sklep\/prawie-zabronione\/6-cl-adba\/\">6-CL-ADBA<\/a><a href=\"https:\/\/researchchemicalhub.com\/pl\/sklep\/lizergamidy\/1v-lsd-150-mcg-blotters\/\">Bibu\u0142ki 1V-LSD 150 MCG<\/a><a href=\"https:\/\/researchchemicalhub.com\/pl\/sklep\/peletki-2\/o-dsmt-50mg-granulki\/\">O-DSMT 50 mg granulki<\/a><a href=\"https:\/\/researchchemicalhub.com\/pl\/sklep\/lizergamidy\/1cp-lsd-150-mcg-granulki\/\">1cP-LSD 150 MCG Art Blotters<\/a><\/p>","protected":false},"excerpt":{"rendered":"<p>Kup Ibogain\u0119 HCL kup Ibogain\u0119 HCL online, Kup Ibogain\u0119 HCL, Ibogaina to substancja chemiczna wyst\u0119puj\u0105ca w afryka\u0144skim Tabernanthe<\/p>","protected":false},"featured_media":26149,"comment_status":"closed","ping_status":"closed","template":"","meta":[],"product_brand":[],"product_cat":[908],"product_tag":[913],"class_list":{"0":"post-26132","1":"product","2":"type-product","3":"status-publish","4":"has-post-thumbnail","6":"product_cat-iboga-ibogaine","7":"product_tag-buy-ibogaine-hcl-online","9":"first","10":"instock","11":"taxable","12":"shipping-taxable","13":"purchasable","14":"product-type-variable"},"_links":{"self":[{"href":"https:\/\/researchchemicalhub.com\/pl\/wp-json\/wp\/v2\/product\/26132","targetHints":{"allow":["GET"]}}],"collection":[{"href":"https:\/\/researchchemicalhub.com\/pl\/wp-json\/wp\/v2\/product"}],"about":[{"href":"https:\/\/researchchemicalhub.com\/pl\/wp-json\/wp\/v2\/types\/product"}],"replies":[{"embeddable":true,"href":"https:\/\/researchchemicalhub.com\/pl\/wp-json\/wp\/v2\/comments?post=26132"}],"version-history":[{"count":3,"href":"https:\/\/researchchemicalhub.com\/pl\/wp-json\/wp\/v2\/product\/26132\/revisions"}],"predecessor-version":[{"id":26157,"href":"https:\/\/researchchemicalhub.com\/pl\/wp-json\/wp\/v2\/product\/26132\/revisions\/26157"}],"wp:featuredmedia":[{"embeddable":true,"href":"https:\/\/researchchemicalhub.com\/pl\/wp-json\/wp\/v2\/media\/26149"}],"wp:attachment":[{"href":"https:\/\/researchchemicalhub.com\/pl\/wp-json\/wp\/v2\/media?parent=26132"}],"wp:term":[{"taxonomy":"product_brand","embeddable":true,"href":"https:\/\/researchchemicalhub.com\/pl\/wp-json\/wp\/v2\/product_brand?post=26132"},{"taxonomy":"product_cat","embeddable":true,"href":"https:\/\/researchchemicalhub.com\/pl\/wp-json\/wp\/v2\/product_cat?post=26132"},{"taxonomy":"product_tag","embeddable":true,"href":"https:\/\/researchchemicalhub.com\/pl\/wp-json\/wp\/v2\/product_tag?post=26132"}],"curies":[{"name":"wp","href":"https:\/\/api.w.org\/{rel}","templated":true}]}}