{"id":24961,"date":"2025-10-20T17:43:53","date_gmt":"2025-10-20T17:43:53","guid":{"rendered":"https:\/\/researchchemicalhub.com\/?post_type=product&#038;p=24961"},"modified":"2025-10-28T22:38:22","modified_gmt":"2025-10-28T22:38:22","slug":"o-dsmt-50mg-granulki","status":"publish","type":"product","link":"https:\/\/researchchemicalhub.com\/pl\/sklep\/o-dsmt\/o-dsmt-50mg-granulki\/","title":{"rendered":"O-DSMT 50 mg granulki"},"content":{"rendered":"<h1 data-start=\"399\" data-end=\"488\"><strong data-start=\"401\" data-end=\"488\">O-DSMT (O-desmetylotramadol) \u2013 informacje naukowe i przegl\u0105d analityczny<\/strong><\/h1>\n<p data-start=\"490\" data-end=\"739\"><strong data-start=\"490\" data-end=\"512\">Meta opis:<\/strong><br data-start=\"512\" data-end=\"515\" \/>O-DSMT (O-demetylotramadol) to lek badawczy i farmakologicznie aktywny metabolit tramadolu. Dowiedz si\u0119 wi\u0119cej o strukturze chemicznej, mechanizmie dzia\u0142ania, znaczeniu naukowym i aspektach bezpiecze\u0144stwa O-DSMT.<\/p>\n<hr data-start=\"741\" data-end=\"744\" \/>\n<h2 data-start=\"746\" data-end=\"762\"><strong data-start=\"749\" data-end=\"762\">Wst\u0119p<\/strong><\/h2>\n<p data-start=\"764\" data-end=\"1036\"><strong data-start=\"764\" data-end=\"796\">O-Desmetylotramadol (O-DSMT)<\/strong> jest <strong data-start=\"804\" data-end=\"831\">zwi\u0105zek syntetyczny<\/strong> kt\u00f3ry nale\u017cy do grupy <strong data-start=\"861\" data-end=\"883\">opioidowe leki przeciwb\u00f3lowe<\/strong>. To jest <strong data-start=\"895\" data-end=\"930\">aktywny metabolit tramadolu<\/strong>, \u015brodek przeciwb\u00f3lowy stosowany na ca\u0142ym \u015bwiecie w leczeniu b\u00f3lu o nasileniu umiarkowanym do silnego.<\/p>\n<p data-start=\"1038\" data-end=\"1395\">O-DSMT powstaje w organizmie, gdy tramadol jest metabolizowany w w\u0105trobie za po\u015brednictwem enzymu CYP2D6. Ten metabolit jest <strong data-start=\"1154\" data-end=\"1221\">odpowiada za znaczn\u0105 cz\u0119\u015b\u0107 efektu przeciwb\u00f3lowego<\/strong> tramadolu. W kontek\u015bcie badawczym bada si\u0119 O-DSMT pod k\u0105tem <strong data-start=\"1287\" data-end=\"1348\">dzia\u0142anie farmakologiczne, aktywno\u015b\u0107 receptor\u00f3w i bezpiecze\u0144stwo<\/strong> aby lepiej zrozumie\u0107 zwi\u0105zki opioidowe.<\/p>\n<p data-start=\"1397\" data-end=\"1601\">O-DSMT jest czasami wspominany w literaturze naukowej na temat <strong data-start=\"1460\" data-end=\"1498\">nowe substancje psychoaktywne (NPS)<\/strong> I <strong data-start=\"1502\" data-end=\"1529\">toksykologia s\u0105dowa<\/strong>ale to jest <strong data-start=\"1543\" data-end=\"1600\">nie dopuszczone do u\u017cytku lub spo\u017cycia przez ludzi<\/strong>.<\/p>\n<hr data-start=\"1603\" data-end=\"1606\" \/>\n<h2 data-start=\"1608\" data-end=\"1653\"><strong data-start=\"1611\" data-end=\"1653\">G\u0142\u00f3wne cechy<\/strong><\/h2>\n<div class=\"_tableContainer_1rjym_1\">\n<div class=\"group _tableWrapper_1rjym_13 flex w-fit flex-col-reverse\" tabindex=\"-1\">\n<table class=\"w-fit min-w-(--thread-content-width)\" data-start=\"1655\" data-end=\"2176\">\n<thead data-start=\"1655\" data-end=\"1692\">\n<tr data-start=\"1655\" data-end=\"1692\">\n<th data-start=\"1655\" data-end=\"1672\" data-col-size=\"sm\"><strong data-start=\"1657\" data-end=\"1671\">Charakterystyczny<\/strong><\/th>\n<th data-start=\"1672\" data-end=\"1692\" data-col-size=\"md\"><strong data-start=\"1674\" data-end=\"1690\">Opis<\/strong><\/th>\n<\/tr>\n<\/thead>\n<tbody data-start=\"1732\" data-end=\"2176\">\n<tr data-start=\"1732\" data-end=\"1776\">\n<td data-start=\"1732\" data-end=\"1753\" data-col-size=\"sm\"><strong data-start=\"1734\" data-end=\"1752\">Pe\u0142ne imi\u0119 i nazwisko<\/strong><\/td>\n<td data-start=\"1753\" data-end=\"1776\" data-col-size=\"md\">O-Desmetylotramadol<\/td>\n<\/tr>\n<tr data-start=\"1777\" data-end=\"1814\">\n<td data-start=\"1777\" data-end=\"1801\" data-col-size=\"sm\"><strong data-start=\"1779\" data-end=\"1800\">Wz\u00f3r chemiczny<\/strong><\/td>\n<td data-start=\"1801\" data-end=\"1814\" data-col-size=\"md\">C\u2081\u2085H\u2082\u2083NO\u2082<\/td>\n<\/tr>\n<tr data-start=\"1815\" data-end=\"1851\">\n<td data-start=\"1815\" data-end=\"1835\" data-col-size=\"sm\"><strong data-start=\"1817\" data-end=\"1834\">Masa molowa<\/strong><\/td>\n<td data-col-size=\"md\" data-start=\"1835\" data-end=\"1851\">249,35 g\/mol<\/td>\n<\/tr>\n<tr data-start=\"1852\" data-end=\"1919\">\n<td data-start=\"1852\" data-end=\"1875\" data-col-size=\"sm\"><strong data-start=\"1854\" data-end=\"1874\">Klasa chemiczna<\/strong><\/td>\n<td data-start=\"1875\" data-end=\"1919\" data-col-size=\"md\">Opioid syntetyczny; metabolit tramadolu<\/td>\n<\/tr>\n<tr data-start=\"1920\" data-end=\"1979\">\n<td data-start=\"1920\" data-end=\"1950\" data-col-size=\"sm\"><strong data-start=\"1922\" data-end=\"1949\">Dzia\u0142anie farmakologiczne<\/strong><\/td>\n<td data-col-size=\"md\" data-start=\"1950\" data-end=\"1979\">agonista receptora \u03bc-opioidowego<\/td>\n<\/tr>\n<tr data-start=\"1980\" data-end=\"2042\">\n<td data-start=\"1980\" data-end=\"1997\" data-col-size=\"sm\"><strong data-start=\"1982\" data-end=\"1996\">Aplikacja<\/strong><\/td>\n<td data-col-size=\"md\" data-start=\"1997\" data-end=\"2042\">Badania farmakologiczne i toksykologiczne<\/td>\n<\/tr>\n<tr data-start=\"2043\" data-end=\"2097\">\n<td data-start=\"2043\" data-end=\"2054\" data-col-size=\"sm\"><strong data-start=\"2045\" data-end=\"2053\">Formularz<\/strong><\/td>\n<td data-col-size=\"md\" data-start=\"2054\" data-end=\"2097\">Substancja odniesienia do analizy laboratoryjnej<\/td>\n<\/tr>\n<tr data-start=\"2098\" data-end=\"2176\">\n<td data-start=\"2098\" data-end=\"2122\" data-col-size=\"sm\"><strong data-start=\"2100\" data-end=\"2121\">Status prawny<\/strong><\/td>\n<td data-col-size=\"md\" data-start=\"2122\" data-end=\"2176\">W wielu krajach podlega przepisom dotycz\u0105cym opioid\u00f3w<\/td>\n<\/tr>\n<\/tbody>\n<\/table>\n<\/div>\n<\/div>\n<hr data-start=\"2178\" data-end=\"2181\" \/>\n<h2 data-start=\"2183\" data-end=\"2238\"><strong data-start=\"2186\" data-end=\"2238\">Znaczenie naukowe i warto\u015b\u0107 badawcza<\/strong><\/h2>\n<ul data-start=\"2240\" data-end=\"3199\">\n<li data-start=\"2240\" data-end=\"2514\">\n<p data-start=\"2242\" data-end=\"2514\"><strong data-start=\"2242\" data-end=\"2270\">Badania farmakologiczne<\/strong><br data-start=\"2270\" data-end=\"2273\" \/>O-DSMT jest u\u017cywany do <strong data-start=\"2303\" data-end=\"2335\">mechanizmy \u0142agodzenia b\u00f3lu<\/strong> Lepsze zrozumienie i por\u00f3wnanie z innymi agonistami opioidowymi. To pomo\u017ce naukowcom uzyska\u0107 wgl\u0105d w selektywno\u015b\u0107 receptor\u00f3w, szlaki metaboliczne i zmienno\u015b\u0107 strukturaln\u0105.<\/p>\n<\/li>\n<li data-start=\"2516\" data-end=\"2769\">\n<p data-start=\"2518\" data-end=\"2769\"><strong data-start=\"2518\" data-end=\"2544\">Analiza toksykologiczna<\/strong><br data-start=\"2544\" data-end=\"2547\" \/>W laboratoriach toksykologii s\u0105dowej i klinicznej O-DSMT jest stosowany jako <strong data-start=\"2629\" data-end=\"2663\">substancja odniesienia lub kalibracji<\/strong> do analizy pr\u00f3bek biologicznych (takich jak krew lub mocz) pod k\u0105tem obecno\u015bci metabolit\u00f3w tramadolu.<\/p>\n<\/li>\n<li data-start=\"2771\" data-end=\"2970\">\n<p data-start=\"2773\" data-end=\"2970\"><strong data-start=\"2773\" data-end=\"2804\">Charakterystyka analityczna<\/strong><br data-start=\"2804\" data-end=\"2807\" \/>Materia\u0142 bada si\u0119 przy u\u017cyciu takich technik jak: <strong data-start=\"2866\" data-end=\"2892\">LC-MS\/MS, GC-MS i NMR<\/strong> aby umo\u017cliwi\u0107 identyfikacj\u0119 i kwantyfikacj\u0119 w pr\u00f3bkach badawczych.<\/p>\n<\/li>\n<li data-start=\"2972\" data-end=\"3199\">\n<p data-start=\"2974\" data-end=\"3199\"><strong data-start=\"2974\" data-end=\"3013\">Badania regulacyjne i bezpiecze\u0144stwa<\/strong><br data-start=\"3013\" data-end=\"3016\" \/>O-DSMT pomaga w opracowaniu protoko\u0142\u00f3w wykrywania <strong data-start=\"3080\" data-end=\"3118\">nowe substancje psychoaktywne (NPS)<\/strong> oraz w ocenie ryzyka dla zdrowia publicznego i potencjalnych nadu\u017cy\u0107.<\/p>\n<\/li>\n<\/ul>\n<hr data-start=\"3201\" data-end=\"3204\" \/>\n<h2 data-start=\"3206\" data-end=\"3264\"><strong data-start=\"3209\" data-end=\"3264\">U\u017cytek laboratoryjny (wy\u0142\u0105cznie do cel\u00f3w badawczych)<\/strong><\/h2>\n<blockquote data-start=\"3266\" data-end=\"3480\">\n<p data-start=\"3268\" data-end=\"3480\">\u26a0\ufe0f <strong data-start=\"3271\" data-end=\"3286\">Wa\u017cny:<\/strong><br data-start=\"3286\" data-end=\"3289\" \/>O-DSMT to <strong data-start=\"3301\" data-end=\"3356\">przeznaczone wy\u0142\u0105cznie do bada\u0144 naukowych<\/strong> w autoryzowanych laboratoriach.<br data-start=\"3387\" data-end=\"3390\" \/>To jest <strong data-start=\"3399\" data-end=\"3480\">nie jest przeznaczony do spo\u017cycia przez ludzi, samoleczenia ani u\u017cytku rekreacyjnego.<\/strong><\/p>\n<\/blockquote>\n<ol data-start=\"3482\" data-end=\"4188\">\n<li data-start=\"3482\" data-end=\"3702\">\n<p data-start=\"3485\" data-end=\"3512\"><strong data-start=\"3485\" data-end=\"3510\">Przechowywanie i stabilno\u015b\u0107<\/strong><\/p>\n<ul data-start=\"3516\" data-end=\"3702\">\n<li data-start=\"3516\" data-end=\"3577\">\n<p data-start=\"3518\" data-end=\"3577\">Przechowywa\u0107 w zamkni\u0119tym pojemniku, w suchym i ch\u0142odnym miejscu (2\u20138 \u00b0C).<\/p>\n<\/li>\n<li data-start=\"3581\" data-end=\"3624\">\n<p data-start=\"3583\" data-end=\"3624\">Chroni\u0107 przed \u015bwiat\u0142em, wilgoci\u0105 i powietrzem.<\/p>\n<\/li>\n<li data-start=\"3628\" data-end=\"3702\">\n<p data-start=\"3630\" data-end=\"3702\">Stosowa\u0107 wy\u0142\u0105cznie w instytucjach posiadaj\u0105cych wa\u017cne zezwolenia na prowadzenie bada\u0144.<\/p>\n<\/li>\n<\/ul>\n<\/li>\n<li data-start=\"3704\" data-end=\"3931\">\n<p data-start=\"3707\" data-end=\"3735\"><strong data-start=\"3707\" data-end=\"3733\">Zastosowanie analityczne<\/strong><\/p>\n<ul data-start=\"3739\" data-end=\"3931\">\n<li data-start=\"3739\" data-end=\"3839\">\n<p data-start=\"3741\" data-end=\"3839\">Stosowany jako standard w analizach LC-MS i GC-MS w celu identyfikacji metabolit\u00f3w tramadolu.<\/p>\n<\/li>\n<li data-start=\"3843\" data-end=\"3931\">\n<p data-start=\"3845\" data-end=\"3931\">Nadaje si\u0119 do walidacji metodologicznej w badaniach toksykologicznych i farmaceutycznych.<\/p>\n<\/li>\n<\/ul>\n<\/li>\n<li data-start=\"3933\" data-end=\"4188\">\n<p data-start=\"3936\" data-end=\"3972\"><strong data-start=\"3936\" data-end=\"3970\">Bezpiecze\u0144stwo w laboratorium<\/strong><\/p>\n<ul data-start=\"3976\" data-end=\"4188\">\n<li data-start=\"3976\" data-end=\"4042\">\n<p data-start=\"3978\" data-end=\"4042\">Zawsze nale\u017cy nosi\u0107 r\u0119kawice, okulary ochronne i fartuch laboratoryjny.<\/p>\n<\/li>\n<li data-start=\"4046\" data-end=\"4097\">\n<p data-start=\"4048\" data-end=\"4097\">Unika\u0107 kontaktu ze sk\u00f3r\u0105, oczami i b\u0142onami \u015bluzowymi.<\/p>\n<\/li>\n<li data-start=\"4101\" data-end=\"4188\">\n<p data-start=\"4103\" data-end=\"4188\">Odpady nale\u017cy utylizowa\u0107 zgodnie z przepisami dotycz\u0105cymi bezpiecze\u0144stwa chemicznego i przepisami krajowymi.<\/p>\n<\/li>\n<\/ul>\n<\/li>\n<\/ol>\n<hr data-start=\"4190\" data-end=\"4193\" \/>\n<h2 data-start=\"4195\" data-end=\"4223\"><strong data-start=\"4198\" data-end=\"4223\">Informacje prawne<\/strong><\/h2>\n<p data-start=\"4225\" data-end=\"4501\">O-DSMT jest obj\u0119ty <strong data-start=\"4270\" data-end=\"4298\">Ustawa o opium<\/strong> lub podobne ustalenia dotycz\u0105ce substancji opioidowych.<br data-start=\"4348\" data-end=\"4351\" \/>Badacze i laboratoria musz\u0105 <strong data-start=\"4386\" data-end=\"4414\">uprzedniej zgody<\/strong> uzyska\u0107 do przechowywania, transportu lub wykorzystania O-DSMT w kontek\u015bcie badawczym.<\/p>\n<p data-start=\"4503\" data-end=\"4674\">Tkanina mo\u017ce <strong data-start=\"4515\" data-end=\"4551\">nie podlega sprzeda\u017cy ani u\u017cyciu<\/strong> poza akredytowanymi instytucjami badawczymi. Nieautoryzowane posiadanie lub u\u017cywanie mo\u017ce skutkowa\u0107 <strong data-start=\"4642\" data-end=\"4673\">\u015bciganie karne<\/strong>.<\/p>\n<hr data-start=\"4676\" data-end=\"4679\" \/>\n<h2 data-start=\"4681\" data-end=\"4713\"><strong data-start=\"4684\" data-end=\"4713\">Cz\u0119sto zadawane pytania (FAQ)<\/strong><\/h2>\n<p data-start=\"4715\" data-end=\"4934\"><strong data-start=\"4715\" data-end=\"4745\">1\ufe0f\u20e3 Czym dok\u0142adnie jest O-DSMT?<\/strong><br data-start=\"4745\" data-end=\"4748\" \/>O-DSMT jest <strong data-start=\"4761\" data-end=\"4796\">aktywny metabolit tramadolu<\/strong>, powstaj\u0105cy w organizmie po za\u017cyciu tramadolu. W badaniach naukowych jest on wykorzystywany do badania farmakologii opioid\u00f3w.<\/p>\n<p data-start=\"4936\" data-end=\"5163\"><strong data-start=\"4936\" data-end=\"4961\">2\ufe0f\u20e3 Czy O-DSMT jest legalne?<\/strong><br data-start=\"4961\" data-end=\"4964\" \/>Status prawny r\u00f3\u017cni si\u0119 w zale\u017cno\u015bci od kraju. W wi\u0119kszo\u015bci kraj\u00f3w europejskich O-DSMT podlega przepisom dotycz\u0105cym opioid\u00f3w, co oznacza, \u017ce mo\u017cna go stosowa\u0107 wy\u0142\u0105cznie do cel\u00f3w naukowych lub kryminalistycznych.<\/p>\n<p data-start=\"5165\" data-end=\"5433\"><strong data-start=\"5165\" data-end=\"5246\">3\ufe0f\u20e3 Czy O-DSMT mo\u017cna stosowa\u0107 do u\u017cytku osobistego lub mikrodawkowania?<\/strong><br data-start=\"5246\" data-end=\"5249\" \/>Nie. O-DSMT to <strong data-start=\"5264\" data-end=\"5311\">nie dopuszczone do spo\u017cycia przez ludzi<\/strong> i mo\u017ce by\u0107 u\u017cywany wy\u0142\u0105cznie w kontrolowanym \u015brodowisku laboratoryjnym. Nieautoryzowane u\u017cycie jest niebezpieczne i nielegalne.<\/p>\n<hr data-start=\"5435\" data-end=\"5438\" \/>\n<h2 data-start=\"5440\" data-end=\"5480\"><strong data-start=\"5443\" data-end=\"5480\">Odniesienia i dalsze informacje<\/strong><\/h2>\n<ul data-start=\"5482\" data-end=\"5840\">\n<li data-start=\"5482\" data-end=\"5639\">\n<p data-start=\"5484\" data-end=\"5639\">Europejskie Centrum Monitorowania Narkotyk\u00f3w i Narkomanii (EMCDDA): <em data-start=\"5550\" data-end=\"5637\">Raport o nowych substancjach psychoaktywnych (NPS) \u2013 opioidach i pochodnych tramadolu.<\/em><\/p>\n<\/li>\n<li data-start=\"5640\" data-end=\"5737\">\n<p data-start=\"5642\" data-end=\"5737\">Narodowy Instytut ds. Nadu\u017cywania Narkotyk\u00f3w (NIDA): <em data-start=\"5683\" data-end=\"5735\">Opioidy syntetyczne i nowe zwi\u0105zki analogowe.<\/em><\/p>\n<\/li>\n<li data-start=\"5738\" data-end=\"5840\">\n<p data-start=\"5740\" data-end=\"5840\">Czasopisma z zakresu toksykologii s\u0105dowej: <em data-start=\"5770\" data-end=\"5838\">Analityczna identyfikacja i farmakologia O-demetylotramadolu.<\/em><\/p>\n<\/li>\n<\/ul>\n<p><a href=\"https:\/\/researchchemicalhub.com\/pl\/sklep\/iboga-ibogaina\/kup-ibogaine-hcl-online\/\"><span dir=\"auto\" style=\"vertical-align: inherit;\"><span dir=\"auto\" style=\"vertical-align: inherit;\">Kup Ibogain\u0119 HCL <\/span><\/span><\/a><a href=\"https:\/\/researchchemicalhub.com\/pl\/sklep\/iboga-ibogaina\/kora-korzenia-ibogi\/\"><span dir=\"auto\" style=\"vertical-align: inherit;\"><span dir=\"auto\" style=\"vertical-align: inherit;\">Kora korzenia ibogi <\/span><\/span><\/a><a href=\"https:\/\/researchchemicalhub.com\/pl\/sklep\/lizergamidy\/1cp-lsd-150-mcg-bibuly-artystyczne\/\"><span dir=\"auto\" style=\"vertical-align: inherit;\"><span dir=\"auto\" style=\"vertical-align: inherit;\">1cP-LSD 150 MCG Art Blotters <\/span><\/span><\/a><a href=\"https:\/\/researchchemicalhub.com\/pl\/sklep\/lizergamidy\/1v-lsd-150-mcg-blotters\/\"><span dir=\"auto\" style=\"vertical-align: inherit;\"><span dir=\"auto\" style=\"vertical-align: inherit;\">Bibu\u0142ki 1V-LSD 150 MCG <\/span><\/span><\/a><a href=\"https:\/\/researchchemicalhub.com\/pl\/sklep\/2-cmc-srut\/%f0%9f%92%a1-2-mmc-krystaliczny-proszek-do-wszystkich-pytan-i-odpowiedzi-do-zakupu\/%f0%9f%92%a1-2-mmc-krystaliczny-proszek-do-wszystkich-pytan-i-odpowiedzi-do-zakupu\/\"><span dir=\"auto\" style=\"vertical-align: inherit;\"><span dir=\"auto\" style=\"vertical-align: inherit;\">2-CMC 250 mg granulki<\/span><\/span><\/a><\/p>","protected":false},"excerpt":{"rendered":"<h3><span dir=\"auto\" style=\"vertical-align: inherit;\"><span dir=\"auto\" style=\"vertical-align: inherit;\">W\u0142a\u015bciwo\u015bci O-DSMT<\/span><\/span><\/h3>\n<p><strong><span dir=\"auto\" style=\"vertical-align: inherit;\"><span dir=\"auto\" style=\"vertical-align: inherit;\">Synonim: <\/span><\/span><\/strong> <i><span dir=\"auto\" style=\"vertical-align: inherit;\"><span dir=\"auto\" style=\"vertical-align: inherit;\">O-Desmetylotramadol, 3-(2-((dimetyloamino)metylo)-1-hydroksycykloheksylo)fenol <\/span><\/span><\/i><br \/>\n<strong><span dir=\"auto\" style=\"vertical-align: inherit;\"><span dir=\"auto\" style=\"vertical-align: inherit;\">Numer CAS:<\/span><\/span><\/strong><span dir=\"auto\" style=\"vertical-align: inherit;\"><span dir=\"auto\" style=\"vertical-align: inherit;\"> 80456-81-1 <\/span><\/span><br \/>\n<strong><span dir=\"auto\" style=\"vertical-align: inherit;\"><span dir=\"auto\" style=\"vertical-align: inherit;\">Formu\u0142a: <\/span><\/span><\/strong> <span title=\"W\u0119giel\"><span dir=\"auto\" style=\"vertical-align: inherit;\"><span dir=\"auto\" style=\"vertical-align: inherit;\">C <\/span><\/span><\/span><sub><span dir=\"auto\" style=\"vertical-align: inherit;\"><span dir=\"auto\" style=\"vertical-align: inherit;\">15 <\/span><\/span><\/sub><span title=\"Wod\u00f3r\"><span dir=\"auto\" style=\"vertical-align: inherit;\"><span dir=\"auto\" style=\"vertical-align: inherit;\">H <\/span><\/span><\/span><sub><span dir=\"auto\" style=\"vertical-align: inherit;\"><span dir=\"auto\" style=\"vertical-align: inherit;\">23 <\/span><\/span><\/sub><span title=\"Azot\"><span dir=\"auto\" style=\"vertical-align: inherit;\"><span dir=\"auto\" style=\"vertical-align: inherit;\">N <\/span><\/span><\/span><span title=\"Tlen\"><span dir=\"auto\" style=\"vertical-align: inherit;\"><span dir=\"auto\" style=\"vertical-align: inherit;\">O <\/span><\/span><\/span><sub><span dir=\"auto\" style=\"vertical-align: inherit;\"><span dir=\"auto\" style=\"vertical-align: inherit;\">2 <\/span><\/span><\/sub><br \/>\n<strong><span dir=\"auto\" style=\"vertical-align: inherit;\"><span dir=\"auto\" style=\"vertical-align: inherit;\">Masa molowa:<\/span><\/span><\/strong><span dir=\"auto\" style=\"vertical-align: inherit;\"><span dir=\"auto\" style=\"vertical-align: inherit;\"> 249,354 g\/mol <\/span><\/span><br \/>\n<strong><span dir=\"auto\" style=\"vertical-align: inherit;\"><span dir=\"auto\" style=\"vertical-align: inherit;\">Czysto\u015b\u0107:<\/span><\/span><\/strong><span dir=\"auto\" style=\"vertical-align: inherit;\"><span dir=\"auto\" style=\"vertical-align: inherit;\"> \u00a0&gt;97%<\/span><\/span><\/p>","protected":false},"featured_media":28581,"comment_status":"closed","ping_status":"closed","template":"","meta":[],"product_brand":[82],"product_cat":[337,420,336,324],"product_tag":[326,727,725,728,726,729,730],"class_list":{"0":"post-24961","1":"product","2":"type-product","3":"status-publish","4":"has-post-thumbnail","6":"product_brand-research-chemical","7":"product_cat-o-dsmt","8":"product_cat-o-dsmt-pellets","9":"product_cat-overig","10":"product_cat-pellets-for-pellet","11":"product_tag-nl","12":"product_tag-o-dsmt-ervaringen","13":"product_tag-o-dsmt","14":"product_tag-o-dsmt-bestellen","15":"product_tag-o-dsmt-kopen","16":"product_tag-o-dsmt-psychonaut","17":"product_tag-what-is-o-dsmt","19":"first","20":"instock","21":"taxable","22":"shipping-taxable","23":"purchasable","24":"product-type-variable"},"_links":{"self":[{"href":"https:\/\/researchchemicalhub.com\/pl\/wp-json\/wp\/v2\/product\/24961","targetHints":{"allow":["GET"]}}],"collection":[{"href":"https:\/\/researchchemicalhub.com\/pl\/wp-json\/wp\/v2\/product"}],"about":[{"href":"https:\/\/researchchemicalhub.com\/pl\/wp-json\/wp\/v2\/types\/product"}],"replies":[{"embeddable":true,"href":"https:\/\/researchchemicalhub.com\/pl\/wp-json\/wp\/v2\/comments?post=24961"}],"version-history":[{"count":7,"href":"https:\/\/researchchemicalhub.com\/pl\/wp-json\/wp\/v2\/product\/24961\/revisions"}],"predecessor-version":[{"id":27709,"href":"https:\/\/researchchemicalhub.com\/pl\/wp-json\/wp\/v2\/product\/24961\/revisions\/27709"}],"wp:featuredmedia":[{"embeddable":true,"href":"https:\/\/researchchemicalhub.com\/pl\/wp-json\/wp\/v2\/media\/28581"}],"wp:attachment":[{"href":"https:\/\/researchchemicalhub.com\/pl\/wp-json\/wp\/v2\/media?parent=24961"}],"wp:term":[{"taxonomy":"product_brand","embeddable":true,"href":"https:\/\/researchchemicalhub.com\/pl\/wp-json\/wp\/v2\/product_brand?post=24961"},{"taxonomy":"product_cat","embeddable":true,"href":"https:\/\/researchchemicalhub.com\/pl\/wp-json\/wp\/v2\/product_cat?post=24961"},{"taxonomy":"product_tag","embeddable":true,"href":"https:\/\/researchchemicalhub.com\/pl\/wp-json\/wp\/v2\/product_tag?post=24961"}],"curies":[{"name":"wp","href":"https:\/\/api.w.org\/{rel}","templated":true}]}}