{"id":24948,"date":"2025-10-20T17:43:52","date_gmt":"2025-10-20T17:43:52","guid":{"rendered":"https:\/\/researchchemicalhub.com\/?post_type=product&#038;p=24948"},"modified":"2025-10-28T22:42:39","modified_gmt":"2025-10-28T22:42:39","slug":"6-cl-adba","status":"publish","type":"product","link":"https:\/\/researchchemicalhub.com\/pl\/sklep\/6-cl-adba\/6-cl-adba\/","title":{"rendered":"6-CL-ADBA"},"content":{"rendered":"<h3 data-start=\"4116\" data-end=\"4135\"><strong data-start=\"4120\" data-end=\"4135\"><span dir=\"auto\" style=\"vertical-align: inherit;\"><span dir=\"auto\" style=\"vertical-align: inherit;\">Wst\u0119p<\/span><\/span><\/strong><\/h3>\n<p data-start=\"4136\" data-end=\"4427\"><span dir=\"auto\" style=\"vertical-align: inherit;\"><span dir=\"auto\" style=\"vertical-align: inherit;\">Nasz <\/span><\/span><strong data-start=\"4141\" data-end=\"4177\"><span dir=\"auto\" style=\"vertical-align: inherit;\"><span dir=\"auto\" style=\"vertical-align: inherit;\">zwi\u0105zek badawczy analityczny<\/span><\/span><\/strong><span dir=\"auto\" style=\"vertical-align: inherit;\"><span dir=\"auto\" style=\"vertical-align: inherit;\"> jest przeznaczony do stosowania w <\/span><\/span><strong data-start=\"4208\" data-end=\"4261\"><span dir=\"auto\" style=\"vertical-align: inherit;\"><span dir=\"auto\" style=\"vertical-align: inherit;\">badania laboratoryjne, kryminalistyczne i analityczne<\/span><\/span><\/strong><span dir=\"auto\" style=\"vertical-align: inherit;\"><span dir=\"auto\" style=\"vertical-align: inherit;\"> Ka\u017cda partia jest produkowana pod <\/span><\/span><strong data-start=\"4298\" data-end=\"4326\"><span dir=\"auto\" style=\"vertical-align: inherit;\"><span dir=\"auto\" style=\"vertical-align: inherit;\">surowe standardy jako\u015bci<\/span><\/span><\/strong><span dir=\"auto\" style=\"vertical-align: inherit;\"><span dir=\"auto\" style=\"vertical-align: inherit;\"> Do <\/span><span dir=\"auto\" style=\"vertical-align: inherit;\">zapewni\u0107 <\/span><\/span><strong data-start=\"4330\" data-end=\"4375\"><span dir=\"auto\" style=\"vertical-align: inherit;\"><span dir=\"auto\" style=\"vertical-align: inherit;\">czysto\u015b\u0107, stabilno\u015b\u0107 i dok\u0142adno\u015b\u0107 w zastosowaniach naukowych.<\/span><\/span><\/strong><\/p>\n<p data-start=\"4429\" data-end=\"4601\"><span dir=\"auto\" style=\"vertical-align: inherit;\"><span dir=\"auto\" style=\"vertical-align: inherit;\">Ten produkt jest idealny dla naukowc\u00f3w i profesjonalist\u00f3w laboratoryjnych poszukuj\u0105cych niezawodnych materia\u0142\u00f3w do <\/span><\/span><strong data-start=\"4539\" data-end=\"4598\"><span dir=\"auto\" style=\"vertical-align: inherit;\"><span dir=\"auto\" style=\"vertical-align: inherit;\">kalibracja, testy por\u00f3wnawcze i zaawansowana analiza<\/span><\/span><\/strong><span dir=\"auto\" style=\"vertical-align: inherit;\"><span dir=\"auto\" style=\"vertical-align: inherit;\"> .<\/span><\/span><\/p>\n<blockquote data-start=\"4602\" data-end=\"4712\">\n<p data-start=\"4604\" data-end=\"4712\">\u26a0\ufe0f <strong data-start=\"4607\" data-end=\"4712\"><span dir=\"auto\" style=\"vertical-align: inherit;\"><span dir=\"auto\" style=\"vertical-align: inherit;\">Tylko do cel\u00f3w badawczych. Produkt nie nadaje si\u0119 do spo\u017cycia przez ludzi ani zwierz\u0119ta.<\/span><\/span><\/strong><\/p>\n<\/blockquote>\n<hr data-start=\"4714\" data-end=\"4717\" \/>\n<h3 data-start=\"4719\" data-end=\"4750\"><strong data-start=\"4723\" data-end=\"4750\"><span dir=\"auto\" style=\"vertical-align: inherit;\"><span dir=\"auto\" style=\"vertical-align: inherit;\">G\u0142\u00f3wne cechy<\/span><\/span><\/strong><\/h3>\n<ul data-start=\"4751\" data-end=\"5196\">\n<li data-start=\"4751\" data-end=\"4821\">\n<p data-start=\"4753\" data-end=\"4821\"><strong data-start=\"4753\" data-end=\"4779\"><span dir=\"auto\" style=\"vertical-align: inherit;\"><span dir=\"auto\" style=\"vertical-align: inherit;\">Wysoka czysto\u015b\u0107 (\u226599%)<\/span><\/span><\/strong><span dir=\"auto\" style=\"vertical-align: inherit;\"><span dir=\"auto\" style=\"vertical-align: inherit;\"> \u2013 Niezale\u017cnie przetestowane i zweryfikowane.<\/span><\/span><\/p>\n<\/li>\n<li data-start=\"4822\" data-end=\"4914\">\n<p data-start=\"4824\" data-end=\"4914\"><strong data-start=\"4824\" data-end=\"4851\"><span dir=\"auto\" style=\"vertical-align: inherit;\"><span dir=\"auto\" style=\"vertical-align: inherit;\">Sp\u00f3jna formu\u0142a<\/span><\/span><\/strong><span dir=\"auto\" style=\"vertical-align: inherit;\"><span dir=\"auto\" style=\"vertical-align: inherit;\"> \u2013 Aby uzyska\u0107 powtarzalne wyniki w wielu eksperymentach.<\/span><\/span><\/p>\n<\/li>\n<li data-start=\"4915\" data-end=\"5004\">\n<p data-start=\"4917\" data-end=\"5004\"><strong data-start=\"4917\" data-end=\"4938\"><span dir=\"auto\" style=\"vertical-align: inherit;\"><span dir=\"auto\" style=\"vertical-align: inherit;\">Produkcja precyzyjna<\/span><\/span><\/strong><span dir=\"auto\" style=\"vertical-align: inherit;\"><span dir=\"auto\" style=\"vertical-align: inherit;\"> \u2013 Wyprodukowano w kontrolowanych warunkach laboratoryjnych.<\/span><\/span><\/p>\n<\/li>\n<li data-start=\"5005\" data-end=\"5098\">\n<p data-start=\"5007\" data-end=\"5098\"><strong data-start=\"5007\" data-end=\"5029\"><span dir=\"auto\" style=\"vertical-align: inherit;\"><span dir=\"auto\" style=\"vertical-align: inherit;\">Bezpieczne opakowanie<\/span><\/span><\/strong><span dir=\"auto\" style=\"vertical-align: inherit;\"><span dir=\"auto\" style=\"vertical-align: inherit;\"> \u2013 Materia\u0142y hermetyczne i odporne na \u015bwiat\u0142o zachowuj\u0105 jako\u015b\u0107.<\/span><\/span><\/p>\n<\/li>\n<li data-start=\"5099\" data-end=\"5196\">\n<p data-start=\"5101\" data-end=\"5196\"><strong data-start=\"5101\" data-end=\"5133\"><span dir=\"auto\" style=\"vertical-align: inherit;\"><span dir=\"auto\" style=\"vertical-align: inherit;\">Tylko do u\u017cytku profesjonalnego<\/span><\/span><\/strong><span dir=\"auto\" style=\"vertical-align: inherit;\"><span dir=\"auto\" style=\"vertical-align: inherit;\"> \u2013 Przeznaczone wy\u0142\u0105cznie do cel\u00f3w analitycznych lub kryminalistycznych.<\/span><\/span><\/p>\n<\/li>\n<\/ul>\n<hr data-start=\"5198\" data-end=\"5201\" \/>\n<h3 data-start=\"5203\" data-end=\"5220\"><strong data-start=\"5207\" data-end=\"5220\"><span dir=\"auto\" style=\"vertical-align: inherit;\"><span dir=\"auto\" style=\"vertical-align: inherit;\">Zalety<\/span><\/span><\/strong><\/h3>\n<ul data-start=\"5221\" data-end=\"5724\">\n<li data-start=\"5221\" data-end=\"5311\">\n<p data-start=\"5223\" data-end=\"5311\"><strong data-start=\"5223\" data-end=\"5259\"><span dir=\"auto\" style=\"vertical-align: inherit;\"><span dir=\"auto\" style=\"vertical-align: inherit;\">Niezawodne wyniki bada\u0144<\/span><\/span><\/strong><span dir=\"auto\" style=\"vertical-align: inherit;\"><span dir=\"auto\" style=\"vertical-align: inherit;\"> \u2013 Zapewnia powtarzalno\u015b\u0107 i dok\u0142adno\u015b\u0107 danych.<\/span><\/span><\/p>\n<\/li>\n<li data-start=\"5312\" data-end=\"5403\">\n<p data-start=\"5314\" data-end=\"5403\"><strong data-start=\"5314\" data-end=\"5344\"><span dir=\"auto\" style=\"vertical-align: inherit;\"><span dir=\"auto\" style=\"vertical-align: inherit;\">\u015acis\u0142a kontrola jako\u015bci<\/span><\/span><\/strong><span dir=\"auto\" style=\"vertical-align: inherit;\"><span dir=\"auto\" style=\"vertical-align: inherit;\"> \u2013 Ka\u017cda partia jest testowana w celu zapewnienia maksymalnej niezawodno\u015bci.<\/span><\/span><\/p>\n<\/li>\n<li data-start=\"5404\" data-end=\"5527\">\n<p data-start=\"5406\" data-end=\"5527\"><strong data-start=\"5406\" data-end=\"5455\"><span dir=\"auto\" style=\"vertical-align: inherit;\"><span dir=\"auto\" style=\"vertical-align: inherit;\">Zoptymalizowany do zastosowa\u0144 analitycznych<\/span><\/span><\/strong><span dir=\"auto\" style=\"vertical-align: inherit;\"><span dir=\"auto\" style=\"vertical-align: inherit;\"> \u2013 Nadaje si\u0119 do chromatografii, spektrometrii i bada\u0144 kryminalistycznych.<\/span><\/span><\/p>\n<\/li>\n<li data-start=\"5528\" data-end=\"5621\">\n<p data-start=\"5530\" data-end=\"5621\"><strong data-start=\"5530\" data-end=\"5556\"><span dir=\"auto\" style=\"vertical-align: inherit;\"><span dir=\"auto\" style=\"vertical-align: inherit;\">Stabilny sk\u0142ad<\/span><\/span><\/strong><span dir=\"auto\" style=\"vertical-align: inherit;\"><span dir=\"auto\" style=\"vertical-align: inherit;\"> \u2013 Zaprojektowane tak, aby zachowa\u0107 swoj\u0105 jako\u015b\u0107 przy prawid\u0142owym przechowywaniu.<\/span><\/span><\/p>\n<\/li>\n<li data-start=\"5622\" data-end=\"5724\">\n<p data-start=\"5624\" data-end=\"5724\"><strong data-start=\"5624\" data-end=\"5661\"><span dir=\"auto\" style=\"vertical-align: inherit;\"><span dir=\"auto\" style=\"vertical-align: inherit;\">Wyprodukowano etycznie i legalnie<\/span><\/span><\/strong><span dir=\"auto\" style=\"vertical-align: inherit;\"><span dir=\"auto\" style=\"vertical-align: inherit;\"> \u2013 Zgodnie z mi\u0119dzynarodowymi wytycznymi badawczymi.<\/span><\/span><\/p>\n<\/li>\n<\/ul>\n<hr data-start=\"5726\" data-end=\"5729\" \/>\n<h3 data-start=\"5731\" data-end=\"5746\"><strong data-start=\"5735\" data-end=\"5746\"><span dir=\"auto\" style=\"vertical-align: inherit;\"><span dir=\"auto\" style=\"vertical-align: inherit;\">Stosowanie<\/span><\/span><\/strong><\/h3>\n<ol data-start=\"5747\" data-end=\"6175\">\n<li data-start=\"5747\" data-end=\"5831\">\n<p data-start=\"5750\" data-end=\"5831\"><strong data-start=\"5750\" data-end=\"5783\"><span dir=\"auto\" style=\"vertical-align: inherit;\"><span dir=\"auto\" style=\"vertical-align: inherit;\">Tylko do cel\u00f3w badawczych<\/span><\/span><\/strong><span dir=\"auto\" style=\"vertical-align: inherit;\"><span dir=\"auto\" style=\"vertical-align: inherit;\"> \u2013 Stosowa\u0107 wy\u0142\u0105cznie w akredytowanych laboratoriach.<\/span><\/span><\/p>\n<\/li>\n<li data-start=\"5832\" data-end=\"5917\">\n<p data-start=\"5835\" data-end=\"5917\"><strong data-start=\"5835\" data-end=\"5859\"><span dir=\"auto\" style=\"vertical-align: inherit;\"><span dir=\"auto\" style=\"vertical-align: inherit;\">Warunki przechowywania<\/span><\/span><\/strong><span dir=\"auto\" style=\"vertical-align: inherit;\"><span dir=\"auto\" style=\"vertical-align: inherit;\"> \u2013 Przechowywa\u0107 w ch\u0142odnym, suchym i ciemnym miejscu; unika\u0107 ciep\u0142a i wilgoci.<\/span><\/span><\/p>\n<\/li>\n<li data-start=\"5918\" data-end=\"6005\">\n<p data-start=\"5921\" data-end=\"6005\"><strong data-start=\"5921\" data-end=\"5938\"><span dir=\"auto\" style=\"vertical-align: inherit;\"><span dir=\"auto\" style=\"vertical-align: inherit;\">Pracuj bezpiecznie<\/span><\/span><\/strong><span dir=\"auto\" style=\"vertical-align: inherit;\"><span dir=\"auto\" style=\"vertical-align: inherit;\"> \u2013 Zawsze nale\u017cy nosi\u0107 r\u0119kawice, okulary ochronne i fartuch laboratoryjny.<\/span><\/span><\/p>\n<\/li>\n<li data-start=\"6006\" data-end=\"6087\">\n<p data-start=\"6009\" data-end=\"6087\"><strong data-start=\"6009\" data-end=\"6021\"><span dir=\"auto\" style=\"vertical-align: inherit;\"><span dir=\"auto\" style=\"vertical-align: inherit;\">Pomiary<\/span><\/span><\/strong><span dir=\"auto\" style=\"vertical-align: inherit;\"><span dir=\"auto\" style=\"vertical-align: inherit;\"> \u2013 Aby zapewni\u0107 dok\u0142adn\u0105 analiz\u0119, nale\u017cy u\u017cywa\u0107 skalibrowanych instrument\u00f3w.<\/span><\/span><\/p>\n<\/li>\n<li data-start=\"6088\" data-end=\"6175\">\n<p data-start=\"6091\" data-end=\"6175\"><strong data-start=\"6091\" data-end=\"6118\"><span dir=\"auto\" style=\"vertical-align: inherit;\"><span dir=\"auto\" style=\"vertical-align: inherit;\">Ostrze\u017cenie dotycz\u0105ce bezpiecze\u0144stwa<\/span><\/span><\/strong><span dir=\"auto\" style=\"vertical-align: inherit;\"><span dir=\"auto\" style=\"vertical-align: inherit;\"> \u2013 Nie nadaje si\u0119 do spo\u017cycia przez ludzi i zwierz\u0119ta.<\/span><\/span><\/p>\n<\/li>\n<\/ol>\n<hr data-start=\"6177\" data-end=\"6180\" \/>\n<h3 data-start=\"6182\" data-end=\"6209\"><strong data-start=\"6186\" data-end=\"6209\"><span dir=\"auto\" style=\"vertical-align: inherit;\"><span dir=\"auto\" style=\"vertical-align: inherit;\">Cz\u0119sto zadawane pytania<\/span><\/span><\/strong><\/h3>\n<p data-start=\"6211\" data-end=\"6387\"><strong data-start=\"6211\" data-end=\"6258\"><span dir=\"auto\" style=\"vertical-align: inherit;\"><span dir=\"auto\" style=\"vertical-align: inherit;\">1. Do czego s\u0142u\u017cy ten zwi\u0105zek?<\/span><\/span><\/strong><br data-start=\"6258\" data-end=\"6261\" \/><span dir=\"auto\" style=\"vertical-align: inherit;\"><span dir=\"auto\" style=\"vertical-align: inherit;\"> Ten zwi\u0105zek jest przeznaczony do <\/span><\/span><strong data-start=\"6293\" data-end=\"6340\"><span dir=\"auto\" style=\"vertical-align: inherit;\"><span dir=\"auto\" style=\"vertical-align: inherit;\">badania laboratoryjne i naukowe<\/span><\/span><\/strong><span dir=\"auto\" style=\"vertical-align: inherit;\"><span dir=\"auto\" style=\"vertical-align: inherit;\"> takie jak testy analityczne i badania kalibracyjne.<\/span><\/span><\/p>\n<p data-start=\"6389\" data-end=\"6577\"><strong data-start=\"6389\" data-end=\"6449\"><span dir=\"auto\" style=\"vertical-align: inherit;\"><span dir=\"auto\" style=\"vertical-align: inherit;\">2. Czy mog\u0119 stosowa\u0107 ten produkt poza laboratorium?<\/span><\/span><\/strong><br data-start=\"6449\" data-end=\"6452\" \/><span dir=\"auto\" style=\"vertical-align: inherit;\"><span dir=\"auto\" style=\"vertical-align: inherit;\"> Nie. Ten produkt jest <\/span><\/span><strong data-start=\"6472\" data-end=\"6534\"><span dir=\"auto\" style=\"vertical-align: inherit;\"><span dir=\"auto\" style=\"vertical-align: inherit;\">przeznaczony wy\u0142\u0105cznie do profesjonalnego u\u017cytku laboratoryjnego<\/span><\/span><\/strong><span dir=\"auto\" style=\"vertical-align: inherit;\"><span dir=\"auto\" style=\"vertical-align: inherit;\"> i nie nadaje si\u0119 do u\u017cytku osobistego.<\/span><\/span><\/p>\n<p data-start=\"6579\" data-end=\"6726\"><strong data-start=\"6579\" data-end=\"6620\"><span dir=\"auto\" style=\"vertical-align: inherit;\"><span dir=\"auto\" style=\"vertical-align: inherit;\">3. Jak nale\u017cy przechowywa\u0107 ten materia\u0142?<\/span><\/span><\/strong><br data-start=\"6620\" data-end=\"6623\" \/><span dir=\"auto\" style=\"vertical-align: inherit;\"><span dir=\"auto\" style=\"vertical-align: inherit;\"> Przechowuj w <\/span><\/span><strong data-start=\"6641\" data-end=\"6677\"><span dir=\"auto\" style=\"vertical-align: inherit;\"><span dir=\"auto\" style=\"vertical-align: inherit;\">ch\u0142odne, suche i ciemne miejsce<\/span><\/span><\/strong><span dir=\"auto\" style=\"vertical-align: inherit;\"><span dir=\"auto\" style=\"vertical-align: inherit;\"> , szczelnie zamkni\u0119te, aby chroni\u0107 przed wilgoci\u0105 i \u015bwiat\u0142em. <\/span><\/span><a href=\"https:\/\/researchchemicalhub.com\/pl\/sklep\/okategoriserad\/kup-4mmc\/\"><span dir=\"auto\" style=\"vertical-align: inherit;\"><span dir=\"auto\" style=\"vertical-align: inherit;\">Kup 4mmc, kup <\/span><\/span><\/a><a href=\"https:\/\/researchchemicalhub.com\/pl\/sklep\/okategoriserad\/proszek-benzokainy\/\"><span dir=\"auto\" style=\"vertical-align: inherit;\"><span dir=\"auto\" style=\"vertical-align: inherit;\">proszek benzokainy, <\/span><\/span><\/a><a href=\"https:\/\/researchchemicalhub.com\/pl\/sklep\/okategoriserad\/kup-fentanyl\/\"><span dir=\"auto\" style=\"vertical-align: inherit;\"><span dir=\"auto\" style=\"vertical-align: inherit;\">kup fentanyl, <\/span><\/span><\/a><a href=\"https:\/\/researchchemicalhub.com\/pl\/sklep\/iboga-ibogaina\/kup-iboga\/\"><span dir=\"auto\" style=\"vertical-align: inherit;\"><span dir=\"auto\" style=\"vertical-align: inherit;\">kup iboga, <\/span><\/span><\/a><a href=\"https:\/\/researchchemicalhub.com\/pl\/sklep\/iboga-ibogaina\/kup-ibogaine-hcl-online\/\"><span dir=\"auto\" style=\"vertical-align: inherit;\"><span dir=\"auto\" style=\"vertical-align: inherit;\">kup ibogaine hcl online<\/span><\/span><\/a><\/p>\n<hr data-start=\"6728\" data-end=\"6731\" \/>\n<h3 data-start=\"6733\" data-end=\"6751\"><strong data-start=\"6737\" data-end=\"6751\"><span dir=\"auto\" style=\"vertical-align: inherit;\"><span dir=\"auto\" style=\"vertical-align: inherit;\">Zastrze\u017cenie<\/span><\/span><\/strong><\/h3>\n<p data-start=\"6752\" data-end=\"6978\"><span dir=\"auto\" style=\"vertical-align: inherit;\"><span dir=\"auto\" style=\"vertical-align: inherit;\">Ten produkt jest <\/span><\/span><strong data-start=\"6767\" data-end=\"6833\"><span dir=\"auto\" style=\"vertical-align: inherit;\"><span dir=\"auto\" style=\"vertical-align: inherit;\">przeznaczone wy\u0142\u0105cznie do cel\u00f3w badawczych i analitycznych<\/span><\/span><\/strong><span dir=\"auto\" style=\"vertical-align: inherit;\"><span dir=\"auto\" style=\"vertical-align: inherit;\"> . <\/span><\/span><strong data-start=\"6835\" data-end=\"6893\"><span dir=\"auto\" style=\"vertical-align: inherit;\"><span dir=\"auto\" style=\"vertical-align: inherit;\">Nie nadaje si\u0119 do spo\u017cycia przez ludzi i zwierz\u0119ta.<\/span><\/span><\/strong><br data-start=\"6893\" data-end=\"6896\" \/><span dir=\"auto\" style=\"vertical-align: inherit;\"><span dir=\"auto\" style=\"vertical-align: inherit;\"> Kupuj\u0105c ten produkt, wyra\u017casz zgod\u0119 na przestrzeganie wszystkich obowi\u0105zuj\u0105cych przepis\u00f3w i regulacji.<\/span><\/span><\/p>\n<h3><a style=\"font-size: 16px;\" href=\"https:\/\/researchchemicalhub.com\/pl\/sklep\/iboga-ibogaina\/kup-ibogaine-hcl-online\/\"><span dir=\"auto\" style=\"vertical-align: inherit;\"><span dir=\"auto\" style=\"vertical-align: inherit;\"><span dir=\"auto\" style=\"vertical-align: inherit;\"><span dir=\"auto\" style=\"vertical-align: inherit;\">Kup Ibogain\u0119 HCL <\/span><\/span><\/span><\/span><\/a><a style=\"font-size: 16px;\" href=\"https:\/\/researchchemicalhub.com\/pl\/sklep\/iboga-ibogaina\/kora-korzenia-ibogi\/\"><span dir=\"auto\" style=\"vertical-align: inherit;\"><span dir=\"auto\" style=\"vertical-align: inherit;\"><span dir=\"auto\" style=\"vertical-align: inherit;\"><span dir=\"auto\" style=\"vertical-align: inherit;\">Kora korzenia ibogi <\/span><\/span><\/span><\/span><\/a><a style=\"font-size: 16px;\" href=\"https:\/\/researchchemicalhub.com\/pl\/sklep\/lizergamidy\/1cp-lsd-150-mcg-bibuly-artystyczne\/\"><span dir=\"auto\" style=\"vertical-align: inherit;\"><span dir=\"auto\" style=\"vertical-align: inherit;\"><span dir=\"auto\" style=\"vertical-align: inherit;\"><span dir=\"auto\" style=\"vertical-align: inherit;\">1cP-LSD 150 MCG Art Blotters <\/span><\/span><\/span><\/span><\/a><a style=\"font-size: 16px;\" href=\"https:\/\/researchchemicalhub.com\/pl\/sklep\/peletki-2\/o-dsmt-50mg-granulki\/\"><span dir=\"auto\" style=\"vertical-align: inherit;\"><span dir=\"auto\" style=\"vertical-align: inherit;\"><span dir=\"auto\" style=\"vertical-align: inherit;\"><span dir=\"auto\" style=\"vertical-align: inherit;\">O-DSMT 50 mg granulki <\/span><\/span><\/span><\/span><\/a><a style=\"font-size: 16px;\" href=\"https:\/\/researchchemicalhub.com\/pl\/sklep\/lizergamidy\/1v-lsd-150-mcg-blotters\/\"><span dir=\"auto\" style=\"vertical-align: inherit;\"><span dir=\"auto\" style=\"vertical-align: inherit;\"><span dir=\"auto\" style=\"vertical-align: inherit;\"><span dir=\"auto\" style=\"vertical-align: inherit;\">Bibu\u0142ki 1V-LSD 150 MCG<\/span><\/span><\/span><\/span><\/a><\/h3>","protected":false},"excerpt":{"rendered":"<h2><span dir=\"auto\" style=\"vertical-align: inherit;\"><span dir=\"auto\" style=\"vertical-align: inherit;\"><span dir=\"auto\" style=\"vertical-align: inherit;\"><span dir=\"auto\" style=\"vertical-align: inherit;\">W\u0142a\u015bciwo\u015bci 6-CL-ADBA<\/span><\/span><\/span><\/span><\/h2>\n<p><strong><span dir=\"auto\" style=\"vertical-align: inherit;\"><span dir=\"auto\" style=\"vertical-align: inherit;\"><span dir=\"auto\" style=\"vertical-align: inherit;\"><span dir=\"auto\" style=\"vertical-align: inherit;\">Synonim:<\/span><\/span><\/span><\/span><\/strong><span dir=\"auto\" style=\"vertical-align: inherit;\"><span dir=\"auto\" style=\"vertical-align: inherit;\"><span dir=\"auto\" style=\"vertical-align: inherit;\"><span dir=\"auto\" style=\"vertical-align: inherit;\"> 6-CL-ADBA <\/span><\/span><\/span><\/span><strong><br \/>\n<span dir=\"auto\" style=\"vertical-align: inherit;\"><span dir=\"auto\" style=\"vertical-align: inherit;\"><span dir=\"auto\" style=\"vertical-align: inherit;\"><span dir=\"auto\" style=\"vertical-align: inherit;\">Numer CAS<\/span><\/span><\/span><\/span><\/strong><span dir=\"auto\" style=\"vertical-align: inherit;\"><span dir=\"auto\" style=\"vertical-align: inherit;\"><span dir=\"auto\" style=\"vertical-align: inherit;\"><span dir=\"auto\" style=\"vertical-align: inherit;\"> : n\/d <\/span><\/span><\/span><\/span><br \/>\n<strong><span dir=\"auto\" style=\"vertical-align: inherit;\"><span dir=\"auto\" style=\"vertical-align: inherit;\"><span dir=\"auto\" style=\"vertical-align: inherit;\"><span dir=\"auto\" style=\"vertical-align: inherit;\">Formu\u0142a<\/span><\/span><\/span><\/span><\/strong><span dir=\"auto\" style=\"vertical-align: inherit;\"><span dir=\"auto\" style=\"vertical-align: inherit;\"><span dir=\"auto\" style=\"vertical-align: inherit;\"><span dir=\"auto\" style=\"vertical-align: inherit;\"> : n\/d <\/span><\/span><\/span><\/span><br \/>\n<strong><span dir=\"auto\" style=\"vertical-align: inherit;\"><span dir=\"auto\" style=\"vertical-align: inherit;\"><span dir=\"auto\" style=\"vertical-align: inherit;\"><span dir=\"auto\" style=\"vertical-align: inherit;\">Masa molowa<\/span><\/span><\/span><\/span><\/strong><span dir=\"auto\" style=\"vertical-align: inherit;\"><span dir=\"auto\" style=\"vertical-align: inherit;\"><span dir=\"auto\" style=\"vertical-align: inherit;\"><span dir=\"auto\" style=\"vertical-align: inherit;\"> : n\/ag\u00b7mol <\/span><\/span><\/span><\/span><br \/>\n<strong><span dir=\"auto\" style=\"vertical-align: inherit;\"><span dir=\"auto\" style=\"vertical-align: inherit;\"><span dir=\"auto\" style=\"vertical-align: inherit;\"><span dir=\"auto\" style=\"vertical-align: inherit;\">Czysto\u015b\u0107<\/span><\/span><\/span><\/span><\/strong><span dir=\"auto\" style=\"vertical-align: inherit;\"><span dir=\"auto\" style=\"vertical-align: inherit;\"><span dir=\"auto\" style=\"vertical-align: inherit;\"><span dir=\"auto\" style=\"vertical-align: inherit;\"> : \u226598%<\/span><\/span><\/span><\/span><\/p>","protected":false},"featured_media":28470,"comment_status":"closed","ping_status":"closed","template":"","meta":[],"product_brand":[],"product_cat":[368,322],"product_tag":[610,594,326],"class_list":{"0":"post-24948","1":"product","2":"type-product","3":"status-publish","4":"has-post-thumbnail","6":"product_cat-6-cl-adba","7":"product_cat-bijna-verboden","8":"product_tag-6-cl-adb-a","9":"product_tag-6-cl-adba","10":"product_tag-nl","12":"first","13":"instock","14":"taxable","15":"shipping-taxable","16":"purchasable","17":"product-type-variable"},"_links":{"self":[{"href":"https:\/\/researchchemicalhub.com\/pl\/wp-json\/wp\/v2\/product\/24948","targetHints":{"allow":["GET"]}}],"collection":[{"href":"https:\/\/researchchemicalhub.com\/pl\/wp-json\/wp\/v2\/product"}],"about":[{"href":"https:\/\/researchchemicalhub.com\/pl\/wp-json\/wp\/v2\/types\/product"}],"replies":[{"embeddable":true,"href":"https:\/\/researchchemicalhub.com\/pl\/wp-json\/wp\/v2\/comments?post=24948"}],"version-history":[{"count":6,"href":"https:\/\/researchchemicalhub.com\/pl\/wp-json\/wp\/v2\/product\/24948\/revisions"}],"predecessor-version":[{"id":28631,"href":"https:\/\/researchchemicalhub.com\/pl\/wp-json\/wp\/v2\/product\/24948\/revisions\/28631"}],"wp:featuredmedia":[{"embeddable":true,"href":"https:\/\/researchchemicalhub.com\/pl\/wp-json\/wp\/v2\/media\/28470"}],"wp:attachment":[{"href":"https:\/\/researchchemicalhub.com\/pl\/wp-json\/wp\/v2\/media?parent=24948"}],"wp:term":[{"taxonomy":"product_brand","embeddable":true,"href":"https:\/\/researchchemicalhub.com\/pl\/wp-json\/wp\/v2\/product_brand?post=24948"},{"taxonomy":"product_cat","embeddable":true,"href":"https:\/\/researchchemicalhub.com\/pl\/wp-json\/wp\/v2\/product_cat?post=24948"},{"taxonomy":"product_tag","embeddable":true,"href":"https:\/\/researchchemicalhub.com\/pl\/wp-json\/wp\/v2\/product_tag?post=24948"}],"curies":[{"name":"wp","href":"https:\/\/api.w.org\/{rel}","templated":true}]}}