{"id":24900,"date":"2025-10-20T17:43:41","date_gmt":"2025-10-20T17:43:41","guid":{"rendered":"https:\/\/researchchemicalhub.com\/?post_type=product&#038;p=24900"},"modified":"2025-10-28T22:43:23","modified_gmt":"2025-10-28T22:43:23","slug":"granulki-gidazepamu-3-mg","status":"publish","type":"product","link":"https:\/\/researchchemicalhub.com\/pl\/sklep\/benzodiazepiny\/granulki-gidazepamu-3-mg\/","title":{"rendered":"Gidazepam 3 mg granulki"},"content":{"rendered":"<h3 data-start=\"4017\" data-end=\"4036\"><strong data-start=\"4021\" data-end=\"4036\"><span dir=\"auto\" style=\"vertical-align: inherit;\"><span dir=\"auto\" style=\"vertical-align: inherit;\">Wst\u0119p<\/span><\/span><\/strong><\/h3>\n<p data-start=\"4037\" data-end=\"4331\"><span dir=\"auto\" style=\"vertical-align: inherit;\"><span dir=\"auto\" style=\"vertical-align: inherit;\">Nasz <\/span><\/span><strong data-start=\"4042\" data-end=\"4068\"><span dir=\"auto\" style=\"vertical-align: inherit;\"><span dir=\"auto\" style=\"vertical-align: inherit;\">3 mg research pellets<\/span><\/span><\/strong><span dir=\"auto\" style=\"vertical-align: inherit;\"><span dir=\"auto\" style=\"vertical-align: inherit;\"> s\u0105 przeznaczone do <\/span><\/span><strong data-start=\"4090\" data-end=\"4152\"><span dir=\"auto\" style=\"vertical-align: inherit;\"><span dir=\"auto\" style=\"vertical-align: inherit;\">zastosowania naukowe, analityczne i laboratoryjne<\/span><\/span><\/strong><span dir=\"auto\" style=\"vertical-align: inherit;\"><span dir=\"auto\" style=\"vertical-align: inherit;\"> . <\/span><\/span><br data-start=\"4153\" data-end=\"4156\" \/><span dir=\"auto\" style=\"vertical-align: inherit;\"><span dir=\"auto\" style=\"vertical-align: inherit;\">Thanks to strict quality control, these pellets offer <\/span><\/span><strong data-start=\"4211\" data-end=\"4282\"><span dir=\"auto\" style=\"vertical-align: inherit;\"><span dir=\"auto\" style=\"vertical-align: inherit;\">precise dosing, high purity, and reproducible results<\/span><\/span><\/strong><span dir=\"auto\" style=\"vertical-align: inherit;\"><span dir=\"auto\" style=\"vertical-align: inherit;\"> \u2014essential for reliable research.<\/span><\/span><\/p>\n<p data-start=\"4333\" data-end=\"4416\"><span dir=\"auto\" style=\"vertical-align: inherit;\"><span dir=\"auto\" style=\"vertical-align: inherit;\">Ka\u017cda peletka zawiera <\/span><\/span><strong data-start=\"4351\" data-end=\"4365\"><span dir=\"auto\" style=\"vertical-align: inherit;\"><span dir=\"auto\" style=\"vertical-align: inherit;\">exactly 3 mg<\/span><\/span><\/strong><span dir=\"auto\" style=\"vertical-align: inherit;\"><span dir=\"auto\" style=\"vertical-align: inherit;\"> , guaranteeing consistency with repeated use.<\/span><\/span><\/p>\n<blockquote data-start=\"4417\" data-end=\"4518\">\n<p data-start=\"4419\" data-end=\"4518\">\u26a0\ufe0f <strong data-start=\"4422\" data-end=\"4518\"><span dir=\"auto\" style=\"vertical-align: inherit;\"><span dir=\"auto\" style=\"vertical-align: inherit;\">Wy\u0142\u0105cznie do u\u017cytku laboratoryjnego. Produkt nie nadaje si\u0119 do spo\u017cycia przez ludzi i zwierz\u0119ta.<\/span><\/span><\/strong><\/p>\n<\/blockquote>\n<hr data-start=\"4520\" data-end=\"4523\" \/>\n<h3 data-start=\"4525\" data-end=\"4556\"><strong data-start=\"4529\" data-end=\"4556\"><span dir=\"auto\" style=\"vertical-align: inherit;\"><span dir=\"auto\" style=\"vertical-align: inherit;\">G\u0142\u00f3wne cechy<\/span><\/span><\/strong><\/h3>\n<ul data-start=\"4557\" data-end=\"4994\">\n<li data-start=\"4557\" data-end=\"4627\">\n<p data-start=\"4559\" data-end=\"4627\"><strong data-start=\"4559\" data-end=\"4585\"><span dir=\"auto\" style=\"vertical-align: inherit;\"><span dir=\"auto\" style=\"vertical-align: inherit;\">Wysoka czysto\u015b\u0107 (\u226599%)<\/span><\/span><\/strong><span dir=\"auto\" style=\"vertical-align: inherit;\"><span dir=\"auto\" style=\"vertical-align: inherit;\"> \u2013 Niezale\u017cnie przetestowane i zweryfikowane.<\/span><\/span><\/p>\n<\/li>\n<li data-start=\"4628\" data-end=\"4703\">\n<p data-start=\"4630\" data-end=\"4703\"><strong data-start=\"4630\" data-end=\"4660\"><span dir=\"auto\" style=\"vertical-align: inherit;\"><span dir=\"auto\" style=\"vertical-align: inherit;\">Precise Dosage of 3 mg<\/span><\/span><\/strong><span dir=\"auto\" style=\"vertical-align: inherit;\"><span dir=\"auto\" style=\"vertical-align: inherit;\"> \u2013 Aby uzyska\u0107 sp\u00f3jne wyniki bada\u0144.<\/span><\/span><\/p>\n<\/li>\n<li data-start=\"4704\" data-end=\"4776\">\n<p data-start=\"4706\" data-end=\"4776\"><strong data-start=\"4706\" data-end=\"4732\"><span dir=\"auto\" style=\"vertical-align: inherit;\"><span dir=\"auto\" style=\"vertical-align: inherit;\">Formu\u0142a stabilna<\/span><\/span><\/strong><span dir=\"auto\" style=\"vertical-align: inherit;\"><span dir=\"auto\" style=\"vertical-align: inherit;\"> \u2013 Designed for long lasting shelf life.<\/span><\/span><\/p>\n<\/li>\n<li data-start=\"4777\" data-end=\"4841\">\n<p data-start=\"4779\" data-end=\"4841\"><strong data-start=\"4779\" data-end=\"4804\"><span dir=\"auto\" style=\"vertical-align: inherit;\"><span dir=\"auto\" style=\"vertical-align: inherit;\">Jako\u015b\u0107 laboratoryjna<\/span><\/span><\/strong><span dir=\"auto\" style=\"vertical-align: inherit;\"><span dir=\"auto\" style=\"vertical-align: inherit;\"> \u2013 Manufactured to ISO standards.<\/span><\/span><\/p>\n<\/li>\n<li data-start=\"4842\" data-end=\"4910\">\n<p data-start=\"4844\" data-end=\"4910\"><strong data-start=\"4844\" data-end=\"4874\"><span dir=\"auto\" style=\"vertical-align: inherit;\"><span dir=\"auto\" style=\"vertical-align: inherit;\">Opakowanie odporne na wilgo\u0107<\/span><\/span><\/strong><span dir=\"auto\" style=\"vertical-align: inherit;\"><span dir=\"auto\" style=\"vertical-align: inherit;\"> \u2013 Chroni przed powietrzem i wilgoci\u0105.<\/span><\/span><\/p>\n<\/li>\n<li data-start=\"4911\" data-end=\"4994\">\n<p data-start=\"4913\" data-end=\"4994\"><strong data-start=\"4913\" data-end=\"4945\"><span dir=\"auto\" style=\"vertical-align: inherit;\"><span dir=\"auto\" style=\"vertical-align: inherit;\">Tylko do u\u017cytku profesjonalnego<\/span><\/span><\/strong><span dir=\"auto\" style=\"vertical-align: inherit;\"><span dir=\"auto\" style=\"vertical-align: inherit;\"> \u2013 For research purposes only.<\/span><\/span><\/p>\n<\/li>\n<\/ul>\n<hr data-start=\"4996\" data-end=\"4999\" \/>\n<h3 data-start=\"5001\" data-end=\"5018\"><strong data-start=\"5005\" data-end=\"5018\"><span dir=\"auto\" style=\"vertical-align: inherit;\"><span dir=\"auto\" style=\"vertical-align: inherit;\">Zalety<\/span><\/span><\/strong><\/h3>\n<ul data-start=\"5019\" data-end=\"5440\">\n<li data-start=\"5019\" data-end=\"5113\">\n<p data-start=\"5021\" data-end=\"5113\"><strong data-start=\"5021\" data-end=\"5057\"><span dir=\"auto\" style=\"vertical-align: inherit;\"><span dir=\"auto\" style=\"vertical-align: inherit;\">Niezawodne wyniki bada\u0144<\/span><\/span><\/strong><span dir=\"auto\" style=\"vertical-align: inherit;\"><span dir=\"auto\" style=\"vertical-align: inherit;\"> \u2013 Reproducible data and analytical accuracy.<\/span><\/span><\/p>\n<\/li>\n<li data-start=\"5114\" data-end=\"5196\">\n<p data-start=\"5116\" data-end=\"5196\"><strong data-start=\"5116\" data-end=\"5150\"><span dir=\"auto\" style=\"vertical-align: inherit;\"><span dir=\"auto\" style=\"vertical-align: inherit;\">High Stability and Purity<\/span><\/span><\/strong><span dir=\"auto\" style=\"vertical-align: inherit;\"><span dir=\"auto\" style=\"vertical-align: inherit;\"> \u2013 Reduces variation during experiments.<\/span><\/span><\/p>\n<\/li>\n<li data-start=\"5197\" data-end=\"5268\">\n<p data-start=\"5199\" data-end=\"5268\"><strong data-start=\"5199\" data-end=\"5222\"><span dir=\"auto\" style=\"vertical-align: inherit;\"><span dir=\"auto\" style=\"vertical-align: inherit;\">\u0141atwy w u\u017cyciu<\/span><\/span><\/strong><span dir=\"auto\" style=\"vertical-align: inherit;\"><span dir=\"auto\" style=\"vertical-align: inherit;\"> \u2013 The solid pellet shape prevents waste.<\/span><\/span><\/p>\n<\/li>\n<li data-start=\"5269\" data-end=\"5351\">\n<p data-start=\"5271\" data-end=\"5351\"><strong data-start=\"5271\" data-end=\"5315\"><span dir=\"auto\" style=\"vertical-align: inherit;\"><span dir=\"auto\" style=\"vertical-align: inherit;\">Scientifically Verified Quality<\/span><\/span><\/strong><span dir=\"auto\" style=\"vertical-align: inherit;\"><span dir=\"auto\" style=\"vertical-align: inherit;\"> \u2013 Meets analytical standards.<\/span><\/span><\/p>\n<\/li>\n<li data-start=\"5352\" data-end=\"5440\">\n<p data-start=\"5354\" data-end=\"5440\"><strong data-start=\"5354\" data-end=\"5389\"><span dir=\"auto\" style=\"vertical-align: inherit;\"><span dir=\"auto\" style=\"vertical-align: inherit;\">Zgodne z normami i etycznie wyprodukowane<\/span><\/span><\/strong><span dir=\"auto\" style=\"vertical-align: inherit;\"><span dir=\"auto\" style=\"vertical-align: inherit;\"> \u2013 In compliance with international laws.<\/span><\/span><\/p>\n<\/li>\n<\/ul>\n<hr data-start=\"5442\" data-end=\"5445\" \/>\n<h3 data-start=\"5447\" data-end=\"5462\"><strong data-start=\"5451\" data-end=\"5462\"><span dir=\"auto\" style=\"vertical-align: inherit;\"><span dir=\"auto\" style=\"vertical-align: inherit;\">Stosowanie<\/span><\/span><\/strong><\/h3>\n<ol data-start=\"5463\" data-end=\"5820\">\n<li data-start=\"5463\" data-end=\"5558\">\n<p data-start=\"5466\" data-end=\"5558\"><strong data-start=\"5466\" data-end=\"5501\"><span dir=\"auto\" style=\"vertical-align: inherit;\"><span dir=\"auto\" style=\"vertical-align: inherit;\">Tylko do u\u017cytku laboratoryjnego<\/span><\/span><\/strong><span dir=\"auto\" style=\"vertical-align: inherit;\"><span dir=\"auto\" style=\"vertical-align: inherit;\"> \u2013 Stosowa\u0107 wy\u0142\u0105cznie w zatwierdzonych \u015brodowiskach badawczych.<\/span><\/span><\/p>\n<\/li>\n<li data-start=\"5559\" data-end=\"5606\">\n<p data-start=\"5562\" data-end=\"5606\"><strong data-start=\"5562\" data-end=\"5572\"><span dir=\"auto\" style=\"vertical-align: inherit;\"><span dir=\"auto\" style=\"vertical-align: inherit;\">Sk\u0142adowanie<\/span><\/span><\/strong><span dir=\"auto\" style=\"vertical-align: inherit;\"><span dir=\"auto\" style=\"vertical-align: inherit;\"> \u2013 Przechowywa\u0107 w ch\u0142odnym, suchym i ciemnym miejscu.<\/span><\/span><\/p>\n<\/li>\n<li data-start=\"5607\" data-end=\"5666\">\n<p data-start=\"5610\" data-end=\"5666\"><strong data-start=\"5610\" data-end=\"5627\"><span dir=\"auto\" style=\"vertical-align: inherit;\"><span dir=\"auto\" style=\"vertical-align: inherit;\">Bezpieczna praca<\/span><\/span><\/strong><span dir=\"auto\" style=\"vertical-align: inherit;\"><span dir=\"auto\" style=\"vertical-align: inherit;\"> \u2013 Always wear protective clothing.<\/span><\/span><\/p>\n<\/li>\n<li data-start=\"5667\" data-end=\"5733\">\n<p data-start=\"5670\" data-end=\"5733\"><strong data-start=\"5670\" data-end=\"5682\"><span dir=\"auto\" style=\"vertical-align: inherit;\"><span dir=\"auto\" style=\"vertical-align: inherit;\">Pomiary<\/span><\/span><\/strong><span dir=\"auto\" style=\"vertical-align: inherit;\"><span dir=\"auto\" style=\"vertical-align: inherit;\"> \u2013 Do analizy nale\u017cy u\u017cywa\u0107 skalibrowanego sprz\u0119tu.<\/span><\/span><\/p>\n<\/li>\n<li data-start=\"5734\" data-end=\"5820\">\n<p data-start=\"5737\" data-end=\"5820\"><strong data-start=\"5737\" data-end=\"5764\"><span dir=\"auto\" style=\"vertical-align: inherit;\"><span dir=\"auto\" style=\"vertical-align: inherit;\">Ostrze\u017cenie dotycz\u0105ce bezpiecze\u0144stwa<\/span><\/span><\/strong><span dir=\"auto\" style=\"vertical-align: inherit;\"><span dir=\"auto\" style=\"vertical-align: inherit;\"> \u2013 Produkt nie jest przeznaczony do spo\u017cycia przez ludzi i zwierz\u0119ta.<\/span><\/span><\/p>\n<\/li>\n<\/ol>\n<hr data-start=\"5822\" data-end=\"5825\" \/>\n<h3 data-start=\"5827\" data-end=\"5854\"><strong data-start=\"5831\" data-end=\"5854\"><span dir=\"auto\" style=\"vertical-align: inherit;\"><span dir=\"auto\" style=\"vertical-align: inherit;\">Cz\u0119sto zadawane pytania<\/span><\/span><\/strong><\/h3>\n<p data-start=\"5856\" data-end=\"6023\"><strong data-start=\"5856\" data-end=\"5911\"><span dir=\"auto\" style=\"vertical-align: inherit;\"><span dir=\"auto\" style=\"vertical-align: inherit;\">1. What are these research pellets used for?<\/span><\/span><\/strong><br data-start=\"5911\" data-end=\"5914\" \/><span dir=\"auto\" style=\"vertical-align: inherit;\"><span dir=\"auto\" style=\"vertical-align: inherit;\"> S\u0105 u\u017cywane do <\/span><\/span><strong data-start=\"5938\" data-end=\"5982\"><span dir=\"auto\" style=\"vertical-align: inherit;\"><span dir=\"auto\" style=\"vertical-align: inherit;\">badania analityczne i naukowe<\/span><\/span><\/strong><span dir=\"auto\" style=\"vertical-align: inherit;\"><span dir=\"auto\" style=\"vertical-align: inherit;\"> , such as chemical analyses or calibration.<\/span><\/span><\/p>\n<p data-start=\"6025\" data-end=\"6183\"><strong data-start=\"6025\" data-end=\"6092\"><span dir=\"auto\" style=\"vertical-align: inherit;\"><span dir=\"auto\" style=\"vertical-align: inherit;\">2. Czy te granulki mo\u017cna stosowa\u0107 poza laboratorium?<\/span><\/span><\/strong><br data-start=\"6092\" data-end=\"6095\" \/><span dir=\"auto\" style=\"vertical-align: inherit;\"><span dir=\"auto\" style=\"vertical-align: inherit;\"> Nie. Te produkty s\u0105 <\/span><\/span><strong data-start=\"6120\" data-end=\"6182\"><span dir=\"auto\" style=\"vertical-align: inherit;\"><span dir=\"auto\" style=\"vertical-align: inherit;\">przeznaczony wy\u0142\u0105cznie do profesjonalnego u\u017cytku laboratoryjnego<\/span><\/span><\/strong><span dir=\"auto\" style=\"vertical-align: inherit;\"><span dir=\"auto\" style=\"vertical-align: inherit;\"> .<\/span><\/span><\/p>\n<p data-start=\"6185\" data-end=\"6323\"><strong data-start=\"6185\" data-end=\"6223\"><span dir=\"auto\" style=\"vertical-align: inherit;\"><span dir=\"auto\" style=\"vertical-align: inherit;\">3. Jak nale\u017cy przechowywa\u0107 peletki?<\/span><\/span><\/strong><br data-start=\"6223\" data-end=\"6226\" \/><span dir=\"auto\" style=\"vertical-align: inherit;\"><span dir=\"auto\" style=\"vertical-align: inherit;\"> Przechowuj je w ich <\/span><\/span><strong data-start=\"6243\" data-end=\"6280\"><span dir=\"auto\" style=\"vertical-align: inherit;\"><span dir=\"auto\" style=\"vertical-align: inherit;\">oryginalne, hermetyczne opakowanie<\/span><\/span><\/strong><span dir=\"auto\" style=\"vertical-align: inherit;\"><span dir=\"auto\" style=\"vertical-align: inherit;\"> w <\/span><\/span><strong data-start=\"6288\" data-end=\"6322\"><span dir=\"auto\" style=\"vertical-align: inherit;\"><span dir=\"auto\" style=\"vertical-align: inherit;\">ch\u0142odne, suche i ciemne miejsce<\/span><\/span><\/strong><span dir=\"auto\" style=\"vertical-align: inherit;\"><span dir=\"auto\" style=\"vertical-align: inherit;\"> .<\/span><\/span><\/p>\n<hr data-start=\"6325\" data-end=\"6328\" \/>\n<h3 data-start=\"6330\" data-end=\"6348\"><strong data-start=\"6334\" data-end=\"6348\"><span dir=\"auto\" style=\"vertical-align: inherit;\"><span dir=\"auto\" style=\"vertical-align: inherit;\">Zastrze\u017cenie<\/span><\/span><\/strong><\/h3>\n<p data-start=\"6349\" data-end=\"6586\"><span dir=\"auto\" style=\"vertical-align: inherit;\"><span dir=\"auto\" style=\"vertical-align: inherit;\">Ten produkt jest <\/span><\/span><strong data-start=\"6364\" data-end=\"6413\"><span dir=\"auto\" style=\"vertical-align: inherit;\"><span dir=\"auto\" style=\"vertical-align: inherit;\">przeznaczone wy\u0142\u0105cznie do cel\u00f3w badawczych<\/span><\/span><\/strong><span dir=\"auto\" style=\"vertical-align: inherit;\"><span dir=\"auto\" style=\"vertical-align: inherit;\"> . <\/span><\/span><strong data-start=\"6415\" data-end=\"6473\"><span dir=\"auto\" style=\"vertical-align: inherit;\"><span dir=\"auto\" style=\"vertical-align: inherit;\">Nie nadaje si\u0119 do spo\u017cycia przez ludzi i zwierz\u0119ta.<\/span><\/span><\/strong><br data-start=\"6473\" data-end=\"6476\" \/><span dir=\"auto\" style=\"vertical-align: inherit;\"><span dir=\"auto\" style=\"vertical-align: inherit;\"> Kupuj\u0105c ten produkt, potwierdzasz, \u017ce jeste\u015b <\/span><\/span><strong data-start=\"6511\" data-end=\"6541\"><span dir=\"auto\" style=\"vertical-align: inherit;\"><span dir=\"auto\" style=\"vertical-align: inherit;\">licencjonowany badacz<\/span><\/span><\/strong><span dir=\"auto\" style=\"vertical-align: inherit;\"><span dir=\"auto\" style=\"vertical-align: inherit;\"> and comply with applicable regulations.<\/span><\/span><\/p>\n<p class=\"ds-markdown-paragraph\"><a href=\"https:\/\/researchchemicalhub.com\/pl\/sklep\/lizergamidy\/1v-lsd-150-mcg-blotters\/\"><span dir=\"auto\" style=\"vertical-align: inherit;\"><span dir=\"auto\" style=\"vertical-align: inherit;\"><span dir=\"auto\" style=\"vertical-align: inherit;\"><span dir=\"auto\" style=\"vertical-align: inherit;\">Bibu\u0142ki 1V-LSD 150 MCG <\/span><\/span><\/span><\/span><\/a><a href=\"https:\/\/researchchemicalhub.com\/pl\/sklep\/peletki-2\/o-dsmt-50mg-granulki\/\"><span dir=\"auto\" style=\"vertical-align: inherit;\"><span dir=\"auto\" style=\"vertical-align: inherit;\"><span dir=\"auto\" style=\"vertical-align: inherit;\"><span dir=\"auto\" style=\"vertical-align: inherit;\">O-DSMT 50 mg granulki <\/span><\/span><\/span><\/span><\/a><a href=\"https:\/\/researchchemicalhub.com\/pl\/sklep\/lizergamidy\/1cp-lsd-150-mcg-bibuly-artystyczne\/\"><span dir=\"auto\" style=\"vertical-align: inherit;\"><span dir=\"auto\" style=\"vertical-align: inherit;\"><span dir=\"auto\" style=\"vertical-align: inherit;\"><span dir=\"auto\" style=\"vertical-align: inherit;\">1cP-LSD 150 MCG Art Blotters <\/span><\/span><\/span><\/span><\/a><a href=\"https:\/\/researchchemicalhub.com\/pl\/sklep\/iboga-ibogaina\/kora-korzenia-ibogi\/\"><span dir=\"auto\" style=\"vertical-align: inherit;\"><span dir=\"auto\" style=\"vertical-align: inherit;\"><span dir=\"auto\" style=\"vertical-align: inherit;\"><span dir=\"auto\" style=\"vertical-align: inherit;\">Kora korzenia ibogi <\/span><\/span><\/span><\/span><\/a><a href=\"https:\/\/researchchemicalhub.com\/pl\/sklep\/iboga-ibogaina\/kup-ibogaine-hcl-online\/\"><span dir=\"auto\" style=\"vertical-align: inherit;\"><span dir=\"auto\" style=\"vertical-align: inherit;\"><span dir=\"auto\" style=\"vertical-align: inherit;\"><span dir=\"auto\" style=\"vertical-align: inherit;\">Kup Ibogain\u0119 HCL<\/span><\/span><\/span><\/span><\/a><\/p>","protected":false},"excerpt":{"rendered":"<h3><span dir=\"auto\" style=\"vertical-align: inherit;\"><span dir=\"auto\" style=\"vertical-align: inherit;\"><span dir=\"auto\" style=\"vertical-align: inherit;\"><span dir=\"auto\" style=\"vertical-align: inherit;\">W\u0142a\u015bciwo\u015bci gidazepamu<\/span><\/span><\/span><\/span><\/h3>\n<p><strong><span dir=\"auto\" style=\"vertical-align: inherit;\"><span dir=\"auto\" style=\"vertical-align: inherit;\"><span dir=\"auto\" style=\"vertical-align: inherit;\"><span dir=\"auto\" style=\"vertical-align: inherit;\">Synonim:<\/span><\/span><\/span><\/span><\/strong><span dir=\"auto\" style=\"vertical-align: inherit;\"><span dir=\"auto\" style=\"vertical-align: inherit;\"><span dir=\"auto\" style=\"vertical-align: inherit;\"><span dir=\"auto\" style=\"vertical-align: inherit;\"> hydazepam, hidazepam <\/span><\/span><\/span><\/span><br \/>\n<strong><span dir=\"auto\" style=\"vertical-align: inherit;\"><span dir=\"auto\" style=\"vertical-align: inherit;\"><span dir=\"auto\" style=\"vertical-align: inherit;\"><span dir=\"auto\" style=\"vertical-align: inherit;\">Numer CAS:<\/span><\/span><\/span><\/span><\/strong><span dir=\"auto\" style=\"vertical-align: inherit;\"><span dir=\"auto\" style=\"vertical-align: inherit;\"><span dir=\"auto\" style=\"vertical-align: inherit;\"><span dir=\"auto\" style=\"vertical-align: inherit;\"> 129186-29-4 <\/span><\/span><\/span><\/span><br \/>\n<strong><span dir=\"auto\" style=\"vertical-align: inherit;\"><span dir=\"auto\" style=\"vertical-align: inherit;\"><span dir=\"auto\" style=\"vertical-align: inherit;\"><span dir=\"auto\" style=\"vertical-align: inherit;\">Formu\u0142a: <\/span><\/span><\/span><\/span><\/strong> <span title=\"W\u0119giel\"><span dir=\"auto\" style=\"vertical-align: inherit;\"><span dir=\"auto\" style=\"vertical-align: inherit;\"><span dir=\"auto\" style=\"vertical-align: inherit;\"><span dir=\"auto\" style=\"vertical-align: inherit;\">C <\/span><\/span><\/span><\/span><\/span><sub><span dir=\"auto\" style=\"vertical-align: inherit;\"><span dir=\"auto\" style=\"vertical-align: inherit;\"><span dir=\"auto\" style=\"vertical-align: inherit;\"><span dir=\"auto\" style=\"vertical-align: inherit;\">17 <\/span><\/span><\/span><\/span><\/sub><span title=\"Wod\u00f3r\"><span dir=\"auto\" style=\"vertical-align: inherit;\"><span dir=\"auto\" style=\"vertical-align: inherit;\"><span dir=\"auto\" style=\"vertical-align: inherit;\"><span dir=\"auto\" style=\"vertical-align: inherit;\">H <\/span><\/span><\/span><\/span><\/span><sub><span dir=\"auto\" style=\"vertical-align: inherit;\"><span dir=\"auto\" style=\"vertical-align: inherit;\"><span dir=\"auto\" style=\"vertical-align: inherit;\"><span dir=\"auto\" style=\"vertical-align: inherit;\">15 <\/span><\/span><\/span><\/span><\/sub><span title=\"Brom\"><span dir=\"auto\" style=\"vertical-align: inherit;\"><span dir=\"auto\" style=\"vertical-align: inherit;\"><span dir=\"auto\" style=\"vertical-align: inherit;\"><span dir=\"auto\" style=\"vertical-align: inherit;\">Br <\/span><\/span><\/span><\/span><\/span><span title=\"Azot\"><span dir=\"auto\" style=\"vertical-align: inherit;\"><span dir=\"auto\" style=\"vertical-align: inherit;\"><span dir=\"auto\" style=\"vertical-align: inherit;\"><span dir=\"auto\" style=\"vertical-align: inherit;\">N <\/span><\/span><\/span><\/span><\/span><sub><span dir=\"auto\" style=\"vertical-align: inherit;\"><span dir=\"auto\" style=\"vertical-align: inherit;\"><span dir=\"auto\" style=\"vertical-align: inherit;\"><span dir=\"auto\" style=\"vertical-align: inherit;\">4 <\/span><\/span><\/span><\/span><\/sub><span title=\"Tlen\"><span dir=\"auto\" style=\"vertical-align: inherit;\"><span dir=\"auto\" style=\"vertical-align: inherit;\"><span dir=\"auto\" style=\"vertical-align: inherit;\"><span dir=\"auto\" style=\"vertical-align: inherit;\">O <\/span><\/span><\/span><\/span><\/span><sub><span dir=\"auto\" style=\"vertical-align: inherit;\"><span dir=\"auto\" style=\"vertical-align: inherit;\"><span dir=\"auto\" style=\"vertical-align: inherit;\"><span dir=\"auto\" style=\"vertical-align: inherit;\">2 <\/span><\/span><\/span><\/span><\/sub><br \/>\n<strong><span dir=\"auto\" style=\"vertical-align: inherit;\"><span dir=\"auto\" style=\"vertical-align: inherit;\"><span dir=\"auto\" style=\"vertical-align: inherit;\"><span dir=\"auto\" style=\"vertical-align: inherit;\">Masa molowa:<\/span><\/span><\/span><\/span><\/strong><span dir=\"auto\" style=\"vertical-align: inherit;\"><span dir=\"auto\" style=\"vertical-align: inherit;\"><span dir=\"auto\" style=\"vertical-align: inherit;\"><span dir=\"auto\" style=\"vertical-align: inherit;\"> 387,237 g\/mol <\/span><\/span><\/span><\/span><br \/>\n<strong><span dir=\"auto\" style=\"vertical-align: inherit;\"><span dir=\"auto\" style=\"vertical-align: inherit;\"><span dir=\"auto\" style=\"vertical-align: inherit;\"><span dir=\"auto\" style=\"vertical-align: inherit;\">Czysto\u015b\u0107:<\/span><\/span><\/span><\/span><\/strong><span dir=\"auto\" style=\"vertical-align: inherit;\"><span dir=\"auto\" style=\"vertical-align: inherit;\"><span dir=\"auto\" style=\"vertical-align: inherit;\"><span dir=\"auto\" style=\"vertical-align: inherit;\"> \u00a0&gt;97%<\/span><\/span><\/span><\/span><\/p>","protected":false},"featured_media":28535,"comment_status":"closed","ping_status":"closed","template":"","meta":[],"product_brand":[82],"product_cat":[76,387,393,324],"product_tag":[160,731,163,161,326],"class_list":{"0":"post-24900","1":"product","2":"type-product","3":"status-publish","4":"has-post-thumbnail","6":"product_brand-research-chemical","7":"product_cat-benzodiazepinen","8":"product_cat-gidazepam","9":"product_cat-gidazepam-pellets","10":"product_cat-pellets-for-pellet","11":"product_tag-gidazepam","12":"product_tag-gidazepam-dosage","13":"product_tag-gidazepam-experience","14":"product_tag-gidazepam-werking","15":"product_tag-nl","17":"first","18":"instock","19":"taxable","20":"shipping-taxable","21":"purchasable","22":"product-type-variable"},"_links":{"self":[{"href":"https:\/\/researchchemicalhub.com\/pl\/wp-json\/wp\/v2\/product\/24900","targetHints":{"allow":["GET"]}}],"collection":[{"href":"https:\/\/researchchemicalhub.com\/pl\/wp-json\/wp\/v2\/product"}],"about":[{"href":"https:\/\/researchchemicalhub.com\/pl\/wp-json\/wp\/v2\/types\/product"}],"replies":[{"embeddable":true,"href":"https:\/\/researchchemicalhub.com\/pl\/wp-json\/wp\/v2\/comments?post=24900"}],"version-history":[{"count":8,"href":"https:\/\/researchchemicalhub.com\/pl\/wp-json\/wp\/v2\/product\/24900\/revisions"}],"predecessor-version":[{"id":28632,"href":"https:\/\/researchchemicalhub.com\/pl\/wp-json\/wp\/v2\/product\/24900\/revisions\/28632"}],"wp:featuredmedia":[{"embeddable":true,"href":"https:\/\/researchchemicalhub.com\/pl\/wp-json\/wp\/v2\/media\/28535"}],"wp:attachment":[{"href":"https:\/\/researchchemicalhub.com\/pl\/wp-json\/wp\/v2\/media?parent=24900"}],"wp:term":[{"taxonomy":"product_brand","embeddable":true,"href":"https:\/\/researchchemicalhub.com\/pl\/wp-json\/wp\/v2\/product_brand?post=24900"},{"taxonomy":"product_cat","embeddable":true,"href":"https:\/\/researchchemicalhub.com\/pl\/wp-json\/wp\/v2\/product_cat?post=24900"},{"taxonomy":"product_tag","embeddable":true,"href":"https:\/\/researchchemicalhub.com\/pl\/wp-json\/wp\/v2\/product_tag?post=24900"}],"curies":[{"name":"wp","href":"https:\/\/api.w.org\/{rel}","templated":true}]}}