{"id":24654,"date":"2025-10-20T17:42:28","date_gmt":"2025-10-20T17:42:28","guid":{"rendered":"https:\/\/researchchemicalhub.com\/?post_type=product&#038;p=24654"},"modified":"2025-10-21T15:56:08","modified_gmt":"2025-10-21T15:56:08","slug":"cyfrowa-waga-cs-100g-x-001g","status":"publish","type":"product","link":"https:\/\/researchchemicalhub.com\/pl\/sklep\/waga\/cyfrowa-waga-cs-100g-x-001g\/","title":{"rendered":"Cyfrowa waga CS \u2013 100g x 0,01g"},"content":{"rendered":"<h3 data-start=\"4818\" data-end=\"4837\"><strong data-start=\"4822\" data-end=\"4837\">Wst\u0119p<\/strong><\/h3>\n<p data-start=\"4838\" data-end=\"5146\">Ten <strong data-start=\"4841\" data-end=\"4882\">Cyfrowa waga CS \u2013 100g x 0,01g<\/strong> jest <strong data-start=\"4890\" data-end=\"4925\">wysokiej jako\u015bci precyzyjna waga<\/strong> Zaprojektowane dla u\u017cytkownik\u00f3w ceni\u0105cych dok\u0142adno\u015b\u0107 i niezawodno\u015b\u0107.<br data-start=\"5000\" data-end=\"5003\" \/>Czy w <strong data-start=\"5020\" data-end=\"5061\">laboratorium, kuchnia lub sklep jubilerski<\/strong> jest to kompaktowa waga, kt\u00f3ra zapewnia <strong data-start=\"5098\" data-end=\"5143\">precyzyjne pomiary z dok\u0142adno\u015bci\u0105 do 0,01 g<\/strong>.<\/p>\n<p data-start=\"5148\" data-end=\"5394\">Dzi\u0119ki <strong data-start=\"5160\" data-end=\"5188\">platforma ze stali nierdzewnej<\/strong> i <strong data-start=\"5196\" data-end=\"5221\">wyra\u017any ekran LCD<\/strong> \u0142\u0105czy skal\u0119 Digital CS <strong data-start=\"5259\" data-end=\"5285\">profesjonalna precyzja<\/strong> z <strong data-start=\"5290\" data-end=\"5307\">\u0142atwo\u015b\u0107 u\u017cytkowania<\/strong>Doskonale nadaje si\u0119 do wa\u017cenia proszk\u00f3w, zi\u00f3\u0142, bi\u017cuterii lub ma\u0142ych pr\u00f3bek badawczych.<\/p>\n<hr data-start=\"5396\" data-end=\"5399\" \/>\n<h3 data-start=\"5401\" data-end=\"5432\"><strong data-start=\"5405\" data-end=\"5432\">G\u0142\u00f3wne cechy<\/strong><\/h3>\n<ul data-start=\"5433\" data-end=\"6068\">\n<li data-start=\"5433\" data-end=\"5523\">\n<p data-start=\"5435\" data-end=\"5523\"><strong data-start=\"5435\" data-end=\"5466\">Wysoka dok\u0142adno\u015b\u0107 (0,01 g)<\/strong> \u2013 Idealny do zastosowa\u0144 analitycznych i laboratoryjnych.<\/p>\n<\/li>\n<li data-start=\"5524\" data-end=\"5603\">\n<p data-start=\"5526\" data-end=\"5603\"><strong data-start=\"5526\" data-end=\"5549\">Pojemno\u015b\u0107 100g<\/strong> \u2013 Nadaje si\u0119 do u\u017cytku codziennego i profesjonalnego.<\/p>\n<\/li>\n<li data-start=\"5604\" data-end=\"5674\">\n<p data-start=\"5606\" data-end=\"5674\"><strong data-start=\"5606\" data-end=\"5630\">Kompaktowy i przeno\u015bny<\/strong> \u2013 Lekkie i \u0142atwe do przenoszenia.<\/p>\n<\/li>\n<li data-start=\"5675\" data-end=\"5754\">\n<p data-start=\"5677\" data-end=\"5754\"><strong data-start=\"5677\" data-end=\"5718\">Ekran LCD z pod\u015bwietleniem<\/strong> \u2013 \u0141atwe do odczytania w ka\u017cdym otoczeniu.<\/p>\n<\/li>\n<li data-start=\"5755\" data-end=\"5839\">\n<p data-start=\"5757\" data-end=\"5839\"><strong data-start=\"5757\" data-end=\"5773\">Funkcja tarowania<\/strong> \u2013 Przed dokonaniem pomiaru w pojemniku nale\u017cy wyzerowa\u0107 wag\u0119.<\/p>\n<\/li>\n<li data-start=\"5840\" data-end=\"5926\">\n<p data-start=\"5842\" data-end=\"5926\"><strong data-start=\"5842\" data-end=\"5866\">Konwersja wielojednostkowa<\/strong> \u2013 \u0141atwe prze\u0142\u0105czanie mi\u0119dzy gramami, uncjami, karatami i ziarnami.<\/p>\n<\/li>\n<li data-start=\"5927\" data-end=\"5994\">\n<p data-start=\"5929\" data-end=\"5994\"><strong data-start=\"5929\" data-end=\"5946\">Energooszcz\u0119dny<\/strong> \u2013 Automatyczne wy\u0142\u0105czanie po bezczynno\u015bci.<\/p>\n<\/li>\n<li data-start=\"5995\" data-end=\"6068\">\n<p data-start=\"5997\" data-end=\"6068\"><strong data-start=\"5997\" data-end=\"6025\">Platforma ze stali nierdzewnej<\/strong> \u2013 Trwa\u0142e i \u0142atwe do czyszczenia.<\/p>\n<\/li>\n<\/ul>\n<hr data-start=\"6070\" data-end=\"6073\" \/>\n<h3 data-start=\"6075\" data-end=\"6092\"><strong data-start=\"6079\" data-end=\"6092\">Zalety<\/strong><\/h3>\n<ul data-start=\"6093\" data-end=\"6471\">\n<li data-start=\"6093\" data-end=\"6169\">\n<p data-start=\"6095\" data-end=\"6169\"><strong data-start=\"6095\" data-end=\"6113\">Zawsze precyzyjny<\/strong> \u2013 Zapewnia sp\u00f3jne i wiarygodne wyniki pomiar\u00f3w.<\/p>\n<\/li>\n<li data-start=\"6170\" data-end=\"6260\">\n<p data-start=\"6172\" data-end=\"6260\"><strong data-start=\"6172\" data-end=\"6194\">Wszechstronne zastosowanie<\/strong> \u2013 Idealny dla <strong data-start=\"6210\" data-end=\"6257\">laboratorium, bi\u017cuteria, kuchnia lub edukacja<\/strong>.<\/p>\n<\/li>\n<li data-start=\"6261\" data-end=\"6321\">\n<p data-start=\"6263\" data-end=\"6321\"><strong data-start=\"6263\" data-end=\"6282\">Kompaktowa konstrukcja<\/strong> \u2013 Z \u0142atwo\u015bci\u0105 zmie\u015bci si\u0119 w kieszeni lub torbie.<\/p>\n<\/li>\n<li data-start=\"6322\" data-end=\"6392\">\n<p data-start=\"6324\" data-end=\"6392\"><strong data-start=\"6324\" data-end=\"6349\">Prosta kalibracja<\/strong> \u2013 Gotowe do u\u017cycia w kilka sekund.<\/p>\n<\/li>\n<li data-start=\"6393\" data-end=\"6471\">\n<p data-start=\"6395\" data-end=\"6471\"><strong data-start=\"6395\" data-end=\"6418\">Przyst\u0119pna precyzja<\/strong> \u2013 Profesjonalna jako\u015b\u0107 w konkurencyjnej cenie.<\/p>\n<\/li>\n<\/ul>\n<hr data-start=\"6473\" data-end=\"6476\" \/>\n<h3 data-start=\"6478\" data-end=\"6493\"><strong data-start=\"6482\" data-end=\"6493\">Stosowanie<\/strong><\/h3>\n<ol data-start=\"6494\" data-end=\"6757\">\n<li data-start=\"6494\" data-end=\"6546\">\n<p data-start=\"6497\" data-end=\"6546\"><strong data-start=\"6497\" data-end=\"6521\">Umie\u015b\u0107 wag\u0119<\/strong> na p\u0142askiej powierzchni.<\/p>\n<\/li>\n<li data-start=\"6547\" data-end=\"6599\">\n<p data-start=\"6550\" data-end=\"6599\"><strong data-start=\"6550\" data-end=\"6564\">W\u0142\u0105czy\u0107 co\u015b<\/strong> i poczekaj, a\u017c pojawi si\u0119 \u201e0,00g\u201d.<\/p>\n<\/li>\n<li data-start=\"6600\" data-end=\"6663\">\n<p data-start=\"6603\" data-end=\"6663\"><strong data-start=\"6603\" data-end=\"6630\">U\u017cyj funkcji tarowania<\/strong> podczas u\u017cywania pojemnika.<\/p>\n<\/li>\n<li data-start=\"6664\" data-end=\"6707\">\n<p data-start=\"6667\" data-end=\"6707\"><strong data-start=\"6667\" data-end=\"6688\">Umie\u015b\u0107 obiekt<\/strong> na platformie.<\/p>\n<\/li>\n<li data-start=\"6708\" data-end=\"6757\">\n<p data-start=\"6711\" data-end=\"6757\"><strong data-start=\"6711\" data-end=\"6733\">Przeczytaj wynik<\/strong> wy\u0142\u0105cz na ekranie LCD.<\/p>\n<\/li>\n<\/ol>\n<hr data-start=\"6759\" data-end=\"6762\" \/>\n<h3 data-start=\"6764\" data-end=\"6785\"><strong data-start=\"6768\" data-end=\"6785\">Specyfikacje<\/strong><\/h3>\n<div class=\"_tableContainer_1rjym_1\">\n<div class=\"group _tableWrapper_1rjym_13 flex w-fit flex-col-reverse\" tabindex=\"-1\">\n<table class=\"w-fit min-w-(--thread-content-width)\" data-start=\"6787\" data-end=\"7132\">\n<thead data-start=\"6787\" data-end=\"6818\">\n<tr data-start=\"6787\" data-end=\"6818\">\n<th data-start=\"6787\" data-end=\"6804\" data-col-size=\"sm\"><strong data-start=\"6789\" data-end=\"6803\">Charakterystyczny<\/strong><\/th>\n<th data-start=\"6804\" data-end=\"6818\" data-col-size=\"sm\"><strong data-start=\"6806\" data-end=\"6816\">Szczeg\u00f3\u0142<\/strong><\/th>\n<\/tr>\n<\/thead>\n<tbody data-start=\"6853\" data-end=\"7132\">\n<tr data-start=\"6853\" data-end=\"6874\">\n<td data-start=\"6853\" data-end=\"6866\" data-col-size=\"sm\">Pojemno\u015b\u0107<\/td>\n<td data-start=\"6866\" data-end=\"6874\" data-col-size=\"sm\">100g<\/td>\n<\/tr>\n<tr data-start=\"6875\" data-end=\"6901\">\n<td data-start=\"6875\" data-end=\"6892\" data-col-size=\"sm\">Dok\u0142adno\u015b\u0107<\/td>\n<td data-start=\"6892\" data-end=\"6901\" data-col-size=\"sm\">0,01 g<\/td>\n<\/tr>\n<tr data-start=\"6902\" data-end=\"6946\">\n<td data-start=\"6902\" data-end=\"6912\" data-col-size=\"sm\">Wy\u015bwietlacz<\/td>\n<td data-start=\"6912\" data-end=\"6946\" data-col-size=\"sm\">LCD z pod\u015bwietleniem<\/td>\n<\/tr>\n<tr data-start=\"6947\" data-end=\"6977\">\n<td data-start=\"6947\" data-end=\"6958\" data-col-size=\"sm\">Platforma<\/td>\n<td data-start=\"6958\" data-end=\"6977\" data-col-size=\"sm\">Stal nierdzewna<\/td>\n<\/tr>\n<tr data-start=\"6978\" data-end=\"7009\">\n<td data-start=\"6978\" data-end=\"6989\" data-col-size=\"sm\">Jednostki<\/td>\n<td data-start=\"6989\" data-end=\"7009\" data-col-size=\"sm\">g \/ oz \/ ct \/ gn<\/td>\n<\/tr>\n<tr data-start=\"7010\" data-end=\"7042\">\n<td data-start=\"7010\" data-end=\"7020\" data-col-size=\"sm\">Zasilacz<\/td>\n<td data-start=\"7020\" data-end=\"7042\" data-col-size=\"sm\">2 baterie AAA<\/td>\n<\/tr>\n<tr data-start=\"7043\" data-end=\"7095\">\n<td data-start=\"7043\" data-end=\"7072\" data-col-size=\"sm\">Automatyczne wy\u0142\u0105czanie<\/td>\n<td data-start=\"7072\" data-end=\"7095\" data-col-size=\"sm\">Tak (po 60 sekundach)<\/td>\n<\/tr>\n<tr data-start=\"7096\" data-end=\"7132\">\n<td data-start=\"7096\" data-end=\"7109\" data-col-size=\"sm\">Wymiary<\/td>\n<td data-start=\"7109\" data-end=\"7132\" data-col-size=\"sm\">120 mm \u00d7 65 mm \u00d7 20 mm<\/td>\n<\/tr>\n<\/tbody>\n<\/table>\n<\/div>\n<\/div>\n<hr data-start=\"7134\" data-end=\"7137\" \/>\n<h3 data-start=\"7139\" data-end=\"7166\"><strong data-start=\"7143\" data-end=\"7166\">Cz\u0119sto zadawane pytania<\/strong><\/h3>\n<p data-start=\"7168\" data-end=\"7323\"><strong data-start=\"7168\" data-end=\"7225\">1. Do czego s\u0142u\u017cy waga cyfrowa CS?<\/strong><br data-start=\"7225\" data-end=\"7228\" \/>Skala jest idealna do <strong data-start=\"7257\" data-end=\"7277\">precyzyjne pomiary<\/strong> w laboratoriach, kuchniach i sklepach jubilerskich.<\/p>\n<p data-start=\"7325\" data-end=\"7479\"><strong data-start=\"7325\" data-end=\"7364\">2. Jak dok\u0142adna jest waga?<\/strong><br data-start=\"7364\" data-end=\"7367\" \/>Ten <strong data-start=\"7370\" data-end=\"7396\">Cyfrowa waga CS<\/strong> ma <strong data-start=\"7407\" data-end=\"7435\">dok\u0142adno\u015b\u0107 0,01 g<\/strong>, idealny do ma\u0142ych przedmiot\u00f3w i tkanin.<\/p>\n<p data-start=\"7481\" data-end=\"7644\"><strong data-start=\"7481\" data-end=\"7531\">3. Jak mog\u0119 kupi\u0107 wag\u0119 cyfrow\u0105 CS?<\/strong><br data-start=\"7531\" data-end=\"7534\" \/>Mo\u017cesz \u0142atwo <strong data-start=\"7554\" data-end=\"7586\">Kup cyfrow\u0105 wag\u0119 CS<\/strong> za po\u015brednictwem autoryzowanych sklep\u00f3w internetowych lub dostawc\u00f3w laboratoryjnych.<\/p>\n<h1><strong>Cyfrowa waga CS \u2013 100g x 0,01g<\/strong><\/h1>\n<h3><strong>Opis produktu<\/strong><\/h3>\n<p class=\"ds-markdown-paragraph\">Ten\u00a0<strong>Cyfrowa waga CS (100 g x 0,01 g)<\/strong>\u00a0jest\u00a0<strong>skala pomiarowa o wysokiej precyzji<\/strong>\u00a0przeznaczony do zastosowa\u0144 laboratoryjnych, naukowych i przemys\u0142owych. Z\u00a0<strong>zakres pomiaru od 0,01 g do 100 g<\/strong>\u00a0i\u00a0<strong>dok\u0142adno\u015b\u0107 \u00b10,01g<\/strong>, ta skala zapewnia wiarygodne wyniki w przypadku wra\u017cliwych zastosowa\u0144.<\/p>\n<p class=\"ds-markdown-paragraph\"><strong>G\u0142\u00f3wne cechy:<\/strong><br \/>\n\u2714\u00a0<strong>Wysokiej jako\u015bci czujnik<\/strong>\u00a0\u2013 Dok\u0142adny do\u00a0<strong>0,01 g<\/strong><br \/>\n\u2714\u00a0<strong>Kompaktowy i przeno\u015bny<\/strong>\u00a0\u2013 Idealny do pracy laboratoryjnej i terenowej<br \/>\n\u2714\u00a0<strong>Wiele jednostek miary<\/strong>\u00a0\u2013 Gram (g), miligram (mg), uncje (oz), uncje troja\u0144skie (ozt)<br \/>\n\u2714\u00a0<strong>Funkcja automatycznej kalibracji i tarowania<\/strong>\u00a0\u2013 \u0141atwy w u\u017cyciu<br \/>\n\u2714\u00a0<strong>Solidna konstrukcja<\/strong>\u00a0\u2013 Zawiera os\u0142on\u0119 ochronn\u0105 i ci\u0119\u017carek kalibracyjny<\/p>\n<hr \/>\n<h2><strong>Aplikacje<\/strong><\/h2>\n<p class=\"ds-markdown-paragraph\">\u2705\u00a0<strong>Badania laboratoryjne<\/strong>\u00a0\u2013 Precyzyjne wa\u017cenie chemikali\u00f3w i proszk\u00f3w<br \/>\n\u2705\u00a0<strong>Praca jubilerska<\/strong>\u00a0\u2013 Pomiar metali szlachetnych i kamieni szlachetnych<br \/>\n\u2705\u00a0<strong>Przemys\u0142 spo\u017cywczy<\/strong>\u00a0\u2013 Kontrola porcji i wa\u017cenie sk\u0142adnik\u00f3w<br \/>\n\u2705\u00a0<strong>Edukacja i nauka<\/strong>\u00a0\u2013 Eksperymenty i projekty badawcze<br \/>\n\u2705\u00a0<strong>CBD\/Suplementy<\/strong>\u00a0\u2013 Dok\u0142adne dawkowanie sk\u0142adnik\u00f3w aktywnych<\/p>\n<hr \/>\n<h2><strong>Wady i ograniczenia<\/strong><\/h2>\n<p class=\"ds-markdown-paragraph\">\u26a0\u00a0<strong>Wra\u017cliwy na wibracje<\/strong>\u00a0\u2013 Wymaga stabilnej powierzchni<br \/>\n\u26a0\u00a0<strong>Nie nadaje si\u0119 do p\u0142yn\u00f3w<\/strong>\u00a0\u2013 Tylko dla substancji suchych<br \/>\n\u26a0\u00a0<strong>Maksymalna pojemno\u015b\u0107 100g<\/strong>\u00a0\u2013 Nie nadaje si\u0119 do ci\u0119\u017cszych przedmiot\u00f3w<br \/>\n\u26a0\u00a0<strong>Zale\u017cne od baterii<\/strong>\u00a0\u2013 W zestawie znajduj\u0105 si\u0119 baterie, ale nie ma mo\u017cliwo\u015bci \u0142adowania<\/p>\n<hr \/>\n<h2><strong>Instrukcja u\u017cytkowania<\/strong><\/h2>\n<ol start=\"1\">\n<li>\n<p class=\"ds-markdown-paragraph\"><strong>Ustaw wag\u0119 na p\u0142askiej, wolnej od wibracji powierzchni.<\/strong><\/p>\n<\/li>\n<li>\n<p class=\"ds-markdown-paragraph\"><strong>Naci\u015bnij przycisk zasilania<\/strong>\u00a0i poczekaj, a\u017c pojawi si\u0119 \u201e0,00\u201d.<\/p>\n<\/li>\n<li>\n<p class=\"ds-markdown-paragraph\"><strong>Umie\u015b\u0107 materia\u0142, kt\u00f3ry ma zosta\u0107 zwa\u017cony<\/strong>\u00a0na \u015brodku platformy.<\/p>\n<\/li>\n<li>\n<p class=\"ds-markdown-paragraph\"><strong>U\u017cyj funkcji tarowania<\/strong>\u00a0aby zneutralizowa\u0107 ci\u0119\u017car pustego pojemnika.<\/p>\n<\/li>\n<li>\n<p class=\"ds-markdown-paragraph\"><strong>Zwr\u00f3\u0107 uwag\u0119 na pomiar<\/strong>\u00a0i wy\u0142\u0105cz po u\u017cyciu.<\/p>\n<\/li>\n<\/ol>\n<hr \/>\n<h2><strong>Cz\u0119sto zadawane pytania (FAQ)<\/strong><\/h2>\n<h3><strong>P: Jak skalibrowa\u0107 wag\u0119?<\/strong><\/h3>\n<p class=\"ds-markdown-paragraph\">A: U\u017cyj dostarczonego\u00a0<strong>100g ci\u0119\u017carek kalibracyjny<\/strong>\u00a0i naci\u015bnij przycisk kalibracji.<\/p>\n<h3><strong>P: Czy mog\u0119 u\u017cywa\u0107 wagi do pomiaru p\u0142yn\u00f3w?<\/strong><\/h3>\n<p class=\"ds-markdown-paragraph\">A:\u00a0<strong>NIE<\/strong>, tylko dla substancji suchych. Ciecze mog\u0105 uszkodzi\u0107 czujnik.<\/p>\n<h3><strong>P: Jaka jest dok\u0142adno\u015b\u0107 przy ma\u0142ych masach?<\/strong><\/h3>\n<p class=\"ds-markdown-paragraph\">A:\u00a0<strong>\u00b10,01 g<\/strong>\u00a0dla odwa\u017cnik\u00f3w o masie od 0,01 g do 10 g,\u00a0<strong>\u00b10,02 g<\/strong>\u00a0powy\u017cej 10g.<\/p>\n<h3><strong>P: Jak d\u0142ugo dzia\u0142aj\u0105 baterie?<\/strong><\/h3>\n<p class=\"ds-markdown-paragraph\">A:\u00a0<strong>\u00b150 godzin<\/strong>\u00a0przy normalnym u\u017cytkowaniu. Wy\u0142\u0105cza si\u0119 automatycznie po 2 minutach bezczynno\u015bci.<\/p>\n<h3><strong>P: Czy waga nadaje si\u0119 do z\u0142ota i srebra?<\/strong><\/h3>\n<p class=\"ds-markdown-paragraph\">A:\u00a0<strong>Tak<\/strong>, idealne dla jubiler\u00f3w ze wzgl\u0119du na\u00a0<strong>funkcja uncji troja\u0144skiej (ozt)<\/strong>.<\/p>\n<hr \/>\n<h2><strong>Zalecane scenariusze u\u017cycia<\/strong><\/h2>\n<p class=\"ds-markdown-paragraph\">\ud83d\udd2c\u00a0<strong>Laboratorium chemiczne<\/strong>\u00a0\u2013 Precyzyjne wa\u017cenie odczynnik\u00f3w<br \/>\n\ud83d\udc8a\u00a0<strong>Badania farmaceutyczne<\/strong>\u00a0\u2013 Dawkowanie sk\u0142adnik\u00f3w aktywnych<br \/>\n\u2696\u00a0<strong>Handel metalami szlachetnymi<\/strong>\u00a0\u2013 Drogi z\u0142ota, srebra i platyny<br \/>\n\ud83e\uddea\u00a0<strong>Hobby i majsterkowanie<\/strong>\u00a0\u2013 Pomiary precyzyjne dla projekt\u00f3w<\/p>\n<hr \/>\n<h2><strong>Dane techniczne<\/strong><\/h2>\n<ul>\n<li>\n<p class=\"ds-markdown-paragraph\"><strong>Tworzywo:<\/strong>\u00a0Platforma ze stali nierdzewnej + obudowa ABS<\/p>\n<\/li>\n<li>\n<p class=\"ds-markdown-paragraph\"><strong>Wymiary:<\/strong>\u00a0120mm x 70mm x 20mm<\/p>\n<\/li>\n<li>\n<p class=\"ds-markdown-paragraph\"><strong>Zasilanie:<\/strong>\u00a02 baterie AAA (w zestawie)<\/p>\n<\/li>\n<li>\n<p class=\"ds-markdown-paragraph\"><strong>Waga:<\/strong>\u00a0150g<\/p>\n<\/li>\n<\/ul>\n<hr \/>\n<h3><strong>Ostrze\u017cenia<\/strong><\/h3>\n<ul>\n<li>\n<p class=\"ds-markdown-paragraph\"><strong>Nie wodoodporny<\/strong>\u00a0\u2013 Unikaj wilgoci i kurzu<\/p>\n<\/li>\n<li>\n<p class=\"ds-markdown-paragraph\"><strong>Nie nadaje si\u0119 do przemys\u0142owego wa\u017cenia zbiorczego.<\/strong><\/p>\n<\/li>\n<li>\n<p class=\"ds-markdown-paragraph\"><strong>Przechowywa\u0107 w miejscu niedost\u0119pnym dla dzieci. <a href=\"https:\/\/researchchemicalhub.com\/pl\/sklep\/top-10-research-chemicals\/nasiona-ibogi\/\">nasiona iboga\u200b<\/a><a href=\"https:\/\/researchchemicalhub.com\/pl\/sklep\/top-10-research-chemicals\/caluanie-muelear-utleniac\/\">caluanie muelear utlenia\u0107\u200b<\/a><a href=\"https:\/\/researchchemicalhub.com\/pl\/sklep\/waga\/cyfrowa-mini-waga-zbiornikowa-20g-x-0-001g\/\">Cyfrowa waga do czo\u0142g\u00f3w Mini<\/a><a href=\"https:\/\/researchchemicalhub.com\/pl\/sklep\/waga\/cyfrowa-bio-mini-waga-20g-x-0001g\/\">Cyfrowa Bio Mini Waga<\/a><a href=\"https:\/\/researchchemicalhub.com\/pl\/sklep\/top-10-research-chemicals\/3-cmc-hcl-woreczek-1gr\/\">3 cm<\/a><\/strong><\/p>\n<\/li>\n<\/ul>","protected":false},"excerpt":{"rendered":"<p><strong>Dane techniczne:<\/strong><\/p>\n<ul>\n<li>Cyfrowy<\/li>\n<li>Wa\u017cy od 0,01 g<\/li>\n<li>Maksymalna waga: 100g<\/li>\n<li>Dzia\u0142a na: 2 bateriach AAA<\/li>\n<li>Wy\u015bwietlacz LCD<\/li>\n<li>Kolor: czarny<\/li>\n<\/ul>","protected":false},"featured_media":24678,"comment_status":"closed","ping_status":"closed","template":"","meta":[],"product_brand":[],"product_cat":[451],"product_tag":[452,764,767,765,766,768],"class_list":{"0":"post-24654","1":"product","2":"type-product","3":"status-publish","4":"has-post-thumbnail","6":"product_cat-weegschalen","7":"product_tag-de","8":"product_tag-digitale-cs-weegschaal","9":"product_tag-digitale-microweegschaal","10":"product_tag-milligramweegschaal","11":"product_tag-precise-weegschaal-0-001g","12":"product_tag-weegschaal-voor-research-chemicals","14":"first","15":"instock","16":"taxable","17":"shipping-taxable","18":"purchasable","19":"product-type-simple"},"_links":{"self":[{"href":"https:\/\/researchchemicalhub.com\/pl\/wp-json\/wp\/v2\/product\/24654","targetHints":{"allow":["GET"]}}],"collection":[{"href":"https:\/\/researchchemicalhub.com\/pl\/wp-json\/wp\/v2\/product"}],"about":[{"href":"https:\/\/researchchemicalhub.com\/pl\/wp-json\/wp\/v2\/types\/product"}],"replies":[{"embeddable":true,"href":"https:\/\/researchchemicalhub.com\/pl\/wp-json\/wp\/v2\/comments?post=24654"}],"version-history":[{"count":7,"href":"https:\/\/researchchemicalhub.com\/pl\/wp-json\/wp\/v2\/product\/24654\/revisions"}],"predecessor-version":[{"id":27752,"href":"https:\/\/researchchemicalhub.com\/pl\/wp-json\/wp\/v2\/product\/24654\/revisions\/27752"}],"wp:featuredmedia":[{"embeddable":true,"href":"https:\/\/researchchemicalhub.com\/pl\/wp-json\/wp\/v2\/media\/24678"}],"wp:attachment":[{"href":"https:\/\/researchchemicalhub.com\/pl\/wp-json\/wp\/v2\/media?parent=24654"}],"wp:term":[{"taxonomy":"product_brand","embeddable":true,"href":"https:\/\/researchchemicalhub.com\/pl\/wp-json\/wp\/v2\/product_brand?post=24654"},{"taxonomy":"product_cat","embeddable":true,"href":"https:\/\/researchchemicalhub.com\/pl\/wp-json\/wp\/v2\/product_cat?post=24654"},{"taxonomy":"product_tag","embeddable":true,"href":"https:\/\/researchchemicalhub.com\/pl\/wp-json\/wp\/v2\/product_tag?post=24654"}],"curies":[{"name":"wp","href":"https:\/\/api.w.org\/{rel}","templated":true}]}}