{"id":24579,"date":"2025-10-20T17:42:03","date_gmt":"2025-10-20T17:42:03","guid":{"rendered":"https:\/\/researchchemicalhub.com\/?post_type=product&#038;p=24579"},"modified":"2025-10-29T08:03:21","modified_gmt":"2025-10-29T08:03:21","slug":"3-me-pcpy-hcl","status":"publish","type":"product","link":"https:\/\/researchchemicalhub.com\/pl\/shop\/3-me-pcpy\/3-me-pcpy-hcl\/","title":{"rendered":"3-Me-PCPy HCl"},"content":{"rendered":"<h3 data-start=\"4144\" data-end=\"4165\"><strong data-start=\"4148\" data-end=\"4163\">Wst\u0119p<\/strong><\/h3>\n<p data-start=\"4166\" data-end=\"4557\"><strong data-start=\"4166\" data-end=\"4241\">3-Me-PCPy HCl (chlorowodorek 3-metylo-1-(1-fenylocykloheksylu)pirolidyny)<\/strong> jest <strong data-start=\"4249\" data-end=\"4296\">syntetyczny zwi\u0105zek arylocykloheksyloaminy<\/strong>, strukturalnie powi\u0105zany z <strong data-start=\"4322\" data-end=\"4330\">PCPy<\/strong> I <strong data-start=\"4334\" data-end=\"4341\">PCP<\/strong>. 3-Me-PCPy<br data-start=\"4342\" data-end=\"4345\" \/>Tkanina jest u\u017cywana w <strong data-start=\"4371\" data-end=\"4409\">badania neurochemiczne i receptorowe<\/strong>, szczeg\u00f3lnie do nauki <strong data-start=\"4444\" data-end=\"4472\">Antagonizm receptora NMDA<\/strong> I <strong data-start=\"4476\" data-end=\"4517\">zale\u017cno\u015bci aktywno\u015bci strukturalnej (SAR)<\/strong> w obr\u0119bie klasy arylocykloheksyloamin.<\/p>\n<p data-start=\"4559\" data-end=\"4764\"><strong data-start=\"4559\" data-end=\"4576\">3-Me-PCPy HCl<\/strong> przychodzi jako <strong data-start=\"4596\" data-end=\"4640\">wysokiej czysto\u015bci krystaliczna s\u00f3l chlorowodorkowa<\/strong> i jest przeznaczony wy\u0142\u0105cznie dla <strong data-start=\"4672\" data-end=\"4713\">badania laboratoryjne i analityczne<\/strong>, <strong data-start=\"4715\" data-end=\"4763\">nie do spo\u017cycia przez ludzi i zwierz\u0119ta<\/strong>.<\/p>\n<hr data-start=\"4766\" data-end=\"4769\" \/>\n<h3 data-start=\"4771\" data-end=\"4802\"><strong data-start=\"4775\" data-end=\"4802\">G\u0142\u00f3wne cechy<\/strong><\/h3>\n<ul data-start=\"4804\" data-end=\"5219\">\n<li data-start=\"4804\" data-end=\"4883\">\n<p data-start=\"4806\" data-end=\"4883\"><strong data-start=\"4806\" data-end=\"4825\">Nazwa chemiczna:<\/strong> Chlorowodorek 3-metylo-1-(1-fenylocykloheksylo)pirolidyny<\/p>\n<\/li>\n<li data-start=\"4884\" data-end=\"4925\">\n<p data-start=\"4886\" data-end=\"4925\"><strong data-start=\"4886\" data-end=\"4909\">Nazwa zwyczajowa:<\/strong> 3-Me-PCPy HCl<\/p>\n<\/li>\n<li data-start=\"4926\" data-end=\"4960\">\n<p data-start=\"4928\" data-end=\"4960\"><strong data-start=\"4928\" data-end=\"4948\">Wz\u00f3r sumaryczny:<\/strong> C\u2081\u2088H\u2082\u2088ClN<\/p>\n<\/li>\n<li data-start=\"4961\" data-end=\"4998\">\n<p data-start=\"4963\" data-end=\"4998\"><strong data-start=\"4963\" data-end=\"4983\">Masa cz\u0105steczkowa:<\/strong> 293,88 g\/mol<\/p>\n<\/li>\n<li data-start=\"4999\" data-end=\"5060\">\n<p data-start=\"5001\" data-end=\"5060\"><strong data-start=\"5001\" data-end=\"5012\">Klasa:<\/strong> Antagonista receptora arylocykloheksyloaminy\/NMDA<\/p>\n<\/li>\n<li data-start=\"5061\" data-end=\"5104\">\n<p data-start=\"5063\" data-end=\"5104\"><strong data-start=\"5063\" data-end=\"5072\">Formularz:<\/strong> Krystaliczna s\u00f3l chlorowodorkowa<\/p>\n<\/li>\n<li data-start=\"5105\" data-end=\"5157\">\n<p data-start=\"5107\" data-end=\"5157\"><strong data-start=\"5107\" data-end=\"5122\">Czysto\u015b\u0107:<\/strong> \u2265 98 % (testowane metod\u0105 GC-MS i NMR)<\/p>\n<\/li>\n<li data-start=\"5158\" data-end=\"5219\">\n<p data-start=\"5160\" data-end=\"5219\"><strong data-start=\"5160\" data-end=\"5172\">Stosowanie:<\/strong> Tylko do bada\u0144 analitycznych i chemicznych<\/p>\n<\/li>\n<\/ul>\n<hr data-start=\"5221\" data-end=\"5224\" \/>\n<h3 data-start=\"5226\" data-end=\"5243\"><strong data-start=\"5230\" data-end=\"5243\">Zalety<\/strong><\/h3>\n<ul data-start=\"5245\" data-end=\"5803\">\n<li data-start=\"5245\" data-end=\"5351\">\n<p data-start=\"5247\" data-end=\"5351\"><strong data-start=\"5247\" data-end=\"5277\">Substancja odniesienia analitycznego<\/strong> \u2013 Nadaje si\u0119 do test\u00f3w toksykologicznych GC-MS lub LC-MS oraz bada\u0144 receptor\u00f3w. 3-Me-PCPy<\/p>\n<\/li>\n<li data-start=\"5352\" data-end=\"5472\">\n<p data-start=\"5354\" data-end=\"5472\"><strong data-start=\"5354\" data-end=\"5380\">Badania por\u00f3wnawcze<\/strong> \u2013 Przydatne w badaniach SAR pomi\u0119dzy analogami PCP, takimi jak PCP, 3-MeO-PCP i 3-Me-PCE.<\/p>\n<\/li>\n<li data-start=\"5473\" data-end=\"5574\">\n<p data-start=\"5475\" data-end=\"5574\"><strong data-start=\"5475\" data-end=\"5501\">Stabilny i niezawodny<\/strong> \u2013 Forma chlorowodorku zapewnia dobr\u0105 rozpuszczalno\u015b\u0107 i trwa\u0142o\u015b\u0107.<\/p>\n<\/li>\n<li data-start=\"5575\" data-end=\"5691\">\n<p data-start=\"5577\" data-end=\"5691\"><strong data-start=\"5577\" data-end=\"5598\">Badania receptor\u00f3w<\/strong> \u2013 Wspiera badania nad wi\u0105zaniem receptor\u00f3w NMDA i ich interakcjami z uk\u0142adami dopaminergicznymi.<\/p>\n<\/li>\n<li data-start=\"5692\" data-end=\"5803\">\n<p data-start=\"5694\" data-end=\"5803\"><strong data-start=\"5694\" data-end=\"5719\">Jako\u015b\u0107 laboratoryjna<\/strong> \u2013 Wyprodukowano w kontrolowanych warunkach, z certyfikatem analizy dost\u0119pnym dla ka\u017cdej partii.<\/p>\n<\/li>\n<\/ul>\n<hr data-start=\"5805\" data-end=\"5808\" \/>\n<h3 data-start=\"5810\" data-end=\"5862\"><strong data-start=\"5814\" data-end=\"5860\">U\u017cyj (tylko do cel\u00f3w badawczych)<\/strong><\/h3>\n<blockquote data-start=\"5864\" data-end=\"6024\">\n<p data-start=\"5866\" data-end=\"6024\">\u26a0\ufe0f <strong data-start=\"5869\" data-end=\"5880\">UWAGA:<\/strong> 3-Me-PCPy HCl przeznaczony jest wy\u0142\u0105cznie do <strong data-start=\"5923\" data-end=\"5964\">badania laboratoryjne i analityczne<\/strong>.<br data-start=\"5965\" data-end=\"5968\" \/>Nie nadaje si\u0119 do spo\u017cycia przez ludzi i zwierz\u0119ta.<\/p>\n<\/blockquote>\n<ol data-start=\"6026\" data-end=\"6442\">\n<li data-start=\"6026\" data-end=\"6115\">\n<p data-start=\"6029\" data-end=\"6115\"><strong data-start=\"6029\" data-end=\"6044\">Obs\u0142ugiwanie:<\/strong> Nale\u017cy nosi\u0107 r\u0119kawice, okulary ochronne i fartuch laboratoryjny; pracowa\u0107 pod wentylacj\u0105 wyci\u0105gow\u0105.<\/p>\n<\/li>\n<li data-start=\"6116\" data-end=\"6200\">\n<p data-start=\"6119\" data-end=\"6200\"><strong data-start=\"6119\" data-end=\"6132\">Pomiary:<\/strong> Aby zapewni\u0107 dok\u0142adne dawkowanie, nale\u017cy u\u017cywa\u0107 skalibrowanego sprz\u0119tu analitycznego.<\/p>\n<\/li>\n<li data-start=\"6201\" data-end=\"6287\">\n<p data-start=\"6204\" data-end=\"6287\"><strong data-start=\"6204\" data-end=\"6215\">Sk\u0142adowanie:<\/strong> Przechowywa\u0107 w suchym, ch\u0142odnym (2\u20138\u00b0C) i ciemnym miejscu, w szczelnie zamkni\u0119tym pojemniku.<\/p>\n<\/li>\n<li data-start=\"6288\" data-end=\"6352\">\n<p data-start=\"6291\" data-end=\"6352\"><strong data-start=\"6291\" data-end=\"6303\">Analiza:<\/strong> Nadaje si\u0119 do GC-MS, LC-MS, FTIR, HPLC i NMR.<\/p>\n<\/li>\n<li data-start=\"6353\" data-end=\"6442\">\n<p data-start=\"6356\" data-end=\"6442\"><strong data-start=\"6356\" data-end=\"6373\">Dokumentacja:<\/strong> Rejestruj dane partii, czysto\u015b\u0107 i warunki przechowywania w celu zapewnienia zgodno\u015bci.<\/p>\n<\/li>\n<\/ol>\n<hr data-start=\"6444\" data-end=\"6447\" \/>\n<h3 data-start=\"6449\" data-end=\"6484\"><strong data-start=\"6453\" data-end=\"6482\">Cz\u0119sto zadawane pytania (FAQ)<\/strong><\/h3>\n<p data-start=\"6486\" data-end=\"6674\"><strong data-start=\"6486\" data-end=\"6514\">1. Czym jest 3-Me-PCPy HCl?<\/strong><br data-start=\"6514\" data-end=\"6517\" \/>3-Me-PCPy HCl jest syntetycznym <strong data-start=\"6551\" data-end=\"6574\">arylocykloheksyloamina<\/strong> kt\u00f3ry jest stosowany w badaniach analitycznych i neurofarmakologicznych nad antagonistami receptora NMDA.<\/p>\n<p data-start=\"6676\" data-end=\"6853\"><strong data-start=\"6676\" data-end=\"6711\">2. Do czego s\u0142u\u017cy?<\/strong><br data-start=\"6711\" data-end=\"6714\" \/>Dla <strong data-start=\"6719\" data-end=\"6748\">badania wi\u0105zania receptora<\/strong>, <strong data-start=\"6750\" data-end=\"6784\">badania aktywno\u015bci strukturalnej<\/strong> a je\u015bli <strong data-start=\"6792\" data-end=\"6810\">substancja odniesienia<\/strong> w chemii toksykologicznej i analitycznej.<\/p>\n<p data-start=\"6855\" data-end=\"7122\"><strong data-start=\"6855\" data-end=\"6902\">3. Czy zakup 3-Me-PCPy HCl jest legalny?<\/strong><br data-start=\"6902\" data-end=\"6905\" \/>Ten <strong data-start=\"6908\" data-end=\"6940\">legalno\u015b\u0107 3-Me-PCPy HCl<\/strong> R\u00f3\u017cni si\u0119 w zale\u017cno\u015bci od kraju. W niekt\u00f3rych regionach jest klasyfikowany jako substancja badawcza; w innych mo\u017ce podlega\u0107 Ustawie o opium. Zawsze sprawdzaj lokalne przepisy przed zakupem lub importem.<\/p>","protected":false},"excerpt":{"rendered":"<h3><span dir=\"auto\" style=\"vertical-align: inherit;\"><span dir=\"auto\" style=\"vertical-align: inherit;\">W\u0142a\u015bciwo\u015bci 3-Me-PCPy<\/span><\/span><\/h3>\n<p><strong><span dir=\"auto\" style=\"vertical-align: inherit;\"><span dir=\"auto\" style=\"vertical-align: inherit;\">Synonim:<\/span><\/span><\/strong><span dir=\"auto\" style=\"vertical-align: inherit;\"><span dir=\"auto\" style=\"vertical-align: inherit;\"> 3-metylo-PCPy <\/span><\/span><br \/>\n<strong><span dir=\"auto\" style=\"vertical-align: inherit;\"><span dir=\"auto\" style=\"vertical-align: inherit;\">Numer CAS:<\/span><\/span><\/strong><span dir=\"auto\" style=\"vertical-align: inherit;\"><span dir=\"auto\" style=\"vertical-align: inherit;\"> 1622348-63-3 <\/span><\/span><br \/>\n<strong><span dir=\"auto\" style=\"vertical-align: inherit;\"><span dir=\"auto\" style=\"vertical-align: inherit;\">Formu\u0142a: <\/span><\/span><\/strong> <span title=\"W\u0119giel\"><span dir=\"auto\" style=\"vertical-align: inherit;\"><span dir=\"auto\" style=\"vertical-align: inherit;\">C <\/span><\/span><\/span><sub><span dir=\"auto\" style=\"vertical-align: inherit;\"><span dir=\"auto\" style=\"vertical-align: inherit;\">17 <\/span><\/span><\/sub><span title=\"Wod\u00f3r\"><span dir=\"auto\" style=\"vertical-align: inherit;\"><span dir=\"auto\" style=\"vertical-align: inherit;\">H <\/span><\/span><\/span><sub><span dir=\"auto\" style=\"vertical-align: inherit;\"><span dir=\"auto\" style=\"vertical-align: inherit;\">25 <\/span><\/span><\/sub><span title=\"Azot\"><span dir=\"auto\" style=\"vertical-align: inherit;\"><span dir=\"auto\" style=\"vertical-align: inherit;\">N <\/span><\/span><\/span><br \/>\n<strong><span dir=\"auto\" style=\"vertical-align: inherit;\"><span dir=\"auto\" style=\"vertical-align: inherit;\">Masa molowa:<\/span><\/span><\/strong><span dir=\"auto\" style=\"vertical-align: inherit;\"><span dir=\"auto\" style=\"vertical-align: inherit;\"> 243,394 g\/mol <\/span><\/span><br \/>\n<strong><span dir=\"auto\" style=\"vertical-align: inherit;\"><span dir=\"auto\" style=\"vertical-align: inherit;\">Czysto\u015b\u0107:<\/span><\/span><\/strong><span dir=\"auto\" style=\"vertical-align: inherit;\"><span dir=\"auto\" style=\"vertical-align: inherit;\"> &gt;97%<\/span><\/span><\/p>","protected":false},"featured_media":28416,"comment_status":"closed","ping_status":"closed","template":"","meta":[],"product_brand":[82],"product_cat":[456,71],"product_tag":[788,790,789,326],"class_list":{"0":"post-24579","1":"product","2":"type-product","3":"status-publish","4":"has-post-thumbnail","6":"product_brand-research-chemical","7":"product_cat-3-me-pcpy","8":"product_cat-arylcyclohexylamine","9":"product_tag-3-me-pcpy","10":"product_tag-3-me-pcpy-hcl","11":"product_tag-3-me-pcpy-reddit","12":"product_tag-nl","14":"first","15":"instock","16":"taxable","17":"shipping-taxable","18":"purchasable","19":"product-type-variable"},"_links":{"self":[{"href":"https:\/\/researchchemicalhub.com\/pl\/wp-json\/wp\/v2\/product\/24579","targetHints":{"allow":["GET"]}}],"collection":[{"href":"https:\/\/researchchemicalhub.com\/pl\/wp-json\/wp\/v2\/product"}],"about":[{"href":"https:\/\/researchchemicalhub.com\/pl\/wp-json\/wp\/v2\/types\/product"}],"replies":[{"embeddable":true,"href":"https:\/\/researchchemicalhub.com\/pl\/wp-json\/wp\/v2\/comments?post=24579"}],"version-history":[{"count":6,"href":"https:\/\/researchchemicalhub.com\/pl\/wp-json\/wp\/v2\/product\/24579\/revisions"}],"predecessor-version":[{"id":27764,"href":"https:\/\/researchchemicalhub.com\/pl\/wp-json\/wp\/v2\/product\/24579\/revisions\/27764"}],"wp:featuredmedia":[{"embeddable":true,"href":"https:\/\/researchchemicalhub.com\/pl\/wp-json\/wp\/v2\/media\/28416"}],"wp:attachment":[{"href":"https:\/\/researchchemicalhub.com\/pl\/wp-json\/wp\/v2\/media?parent=24579"}],"wp:term":[{"taxonomy":"product_brand","embeddable":true,"href":"https:\/\/researchchemicalhub.com\/pl\/wp-json\/wp\/v2\/product_brand?post=24579"},{"taxonomy":"product_cat","embeddable":true,"href":"https:\/\/researchchemicalhub.com\/pl\/wp-json\/wp\/v2\/product_cat?post=24579"},{"taxonomy":"product_tag","embeddable":true,"href":"https:\/\/researchchemicalhub.com\/pl\/wp-json\/wp\/v2\/product_tag?post=24579"}],"curies":[{"name":"wp","href":"https:\/\/api.w.org\/{rel}","templated":true}]}}