{"id":24573,"date":"2025-10-20T17:42:03","date_gmt":"2025-10-20T17:42:03","guid":{"rendered":"https:\/\/researchchemicalhub.com\/?post_type=product&#038;p=24573"},"modified":"2025-10-29T08:07:08","modified_gmt":"2025-10-29T08:07:08","slug":"zelki-50mg-hhc-czerwone","status":"publish","type":"product","link":"https:\/\/researchchemicalhub.com\/pl\/sklep\/b2b\/zelki-50mg-hhc-czerwone\/","title":{"rendered":"Gummybears 50mg HHC (czerwony)"},"content":{"rendered":"<h3 data-start=\"3889\" data-end=\"3910\"><strong data-start=\"3893\" data-end=\"3908\">Wst\u0119p<\/strong><\/h3>\n<p data-start=\"3911\" data-end=\"4184\">Odkry\u0107 <strong data-start=\"3918\" data-end=\"3948\">\u017belki 50 mg HHC (czerwone)<\/strong> \u2014 wysoka jako\u015b\u0107 <strong data-start=\"3964\" data-end=\"3979\">\u017belki HHC<\/strong> o pysznym smaku i precyzyjnym dawkowaniu. Ka\u017cdy czerwony \u017celkowy zawiera <strong data-start=\"4051\" data-end=\"4086\">50 mg HHC (heksahydrokannabinolu)<\/strong>, kt\u00f3ry zapewnia silniejszy i trwalszy efekt ni\u017c l\u017cejsze warianty 10 mg lub 25 mg. \u017belki hhc<\/p>\n<p data-start=\"4186\" data-end=\"4346\">Niezale\u017cnie od tego, czy prowadzisz badania nad <strong data-start=\"4214\" data-end=\"4229\">Produkty jadalne HHC<\/strong> lub rozwa\u017ca <strong data-start=\"4243\" data-end=\"4279\">Kup \u017belki Gummybears 50 mg HHC (czerwone).<\/strong>, produkt ten jest synonimem czysto\u015bci, precyzji i niezawodno\u015bci.<\/p>\n<hr data-start=\"4348\" data-end=\"4351\" \/>\n<h3 data-start=\"4353\" data-end=\"4384\"><strong data-start=\"4357\" data-end=\"4384\">G\u0142\u00f3wne cechy<\/strong><\/h3>\n<div class=\"_tableContainer_1rjym_1\">\n<div class=\"group _tableWrapper_1rjym_13 flex w-fit flex-col-reverse\" tabindex=\"-1\">\n<table class=\"w-fit min-w-(--thread-content-width)\" data-start=\"4386\" data-end=\"4853\">\n<thead data-start=\"4386\" data-end=\"4412\">\n<tr data-start=\"4386\" data-end=\"4412\">\n<th data-start=\"4386\" data-end=\"4396\" data-col-size=\"sm\">Funkcja<\/th>\n<th data-start=\"4396\" data-end=\"4412\" data-col-size=\"md\">Opis<\/th>\n<\/tr>\n<\/thead>\n<tbody data-start=\"4423\" data-end=\"4853\">\n<tr data-start=\"4423\" data-end=\"4512\">\n<td data-start=\"4423\" data-end=\"4442\" data-col-size=\"sm\"><strong data-start=\"4425\" data-end=\"4441\">Wysoka wytrzyma\u0142o\u015b\u0107<\/strong><\/td>\n<td data-start=\"4442\" data-end=\"4512\" data-col-size=\"md\">Ka\u017cdy \u017celek zawiera <strong data-start=\"4461\" data-end=\"4474\">50 mg HHC<\/strong> dla uzyskania silnego i ci\u0105g\u0142ego efektu.<\/td>\n<\/tr>\n<tr data-start=\"4513\" data-end=\"4585\">\n<td data-start=\"4513\" data-end=\"4532\" data-col-size=\"sm\"><strong data-start=\"4515\" data-end=\"4531\">Owocowy smak<\/strong><\/td>\n<td data-start=\"4532\" data-end=\"4585\" data-col-size=\"md\">Odmiana czerwona ma s\u0142odki i przyjemny smak.<\/td>\n<\/tr>\n<tr data-start=\"4586\" data-end=\"4674\">\n<td data-start=\"4586\" data-end=\"4612\" data-col-size=\"sm\"><strong data-start=\"4588\" data-end=\"4611\">Przebadano laboratoryjnie<\/strong><\/td>\n<td data-start=\"4612\" data-end=\"4674\" data-col-size=\"md\">Niezale\u017cne testy czysto\u015bci, mocy i bezpiecze\u0144stwa.<\/td>\n<\/tr>\n<tr data-start=\"4675\" data-end=\"4762\">\n<td data-start=\"4675\" data-end=\"4703\" data-col-size=\"sm\"><strong data-start=\"4677\" data-end=\"4702\">\u0141atwe dawkowanie<\/strong><\/td>\n<td data-start=\"4703\" data-end=\"4762\" data-col-size=\"md\">Precyzyjna zawarto\u015b\u0107 ka\u017cdego \u017celka zapewnia przewidywalne rezultaty.<\/td>\n<\/tr>\n<tr data-start=\"4763\" data-end=\"4853\">\n<td data-start=\"4763\" data-end=\"4791\" data-col-size=\"sm\"><strong data-start=\"4765\" data-end=\"4790\">Opakowanie zapiecz\u0119towane<\/strong><\/td>\n<td data-start=\"4791\" data-end=\"4853\" data-col-size=\"md\">Utrzymuje produkt \u015bwie\u017cy, skuteczny i chroniony przed wilgoci\u0105.<\/td>\n<\/tr>\n<\/tbody>\n<\/table>\n<\/div>\n<\/div>\n<hr data-start=\"4855\" data-end=\"4858\" \/>\n<h3 data-start=\"4860\" data-end=\"4877\"><strong data-start=\"4864\" data-end=\"4877\">Zalety<\/strong><\/h3>\n<ul data-start=\"4879\" data-end=\"5402\">\n<li data-start=\"4879\" data-end=\"5014\">\n<p data-start=\"4881\" data-end=\"5014\"><strong data-start=\"4881\" data-end=\"4916\">Mocne i d\u0142ugotrwa\u0142e do\u015bwiadczenie<\/strong> \u2013 Dawka 50 mg zapewnia d\u0142ugotrwa\u0142e efekty, odpowiednie dla do\u015bwiadczonych u\u017cytkownik\u00f3w lub os\u00f3b prowadz\u0105cych badania.<\/p>\n<\/li>\n<li data-start=\"5015\" data-end=\"5117\">\n<p data-start=\"5017\" data-end=\"5117\"><strong data-start=\"5017\" data-end=\"5042\">Niezawodna jako\u015b\u0107<\/strong> \u2013 Ka\u017cda partia <strong data-start=\"5056\" data-end=\"5071\">Produkty jadalne HHC<\/strong> jest testowany pod k\u0105tem sp\u00f3jno\u015bci i bezpiecze\u0144stwa.<\/p>\n<\/li>\n<li data-start=\"5118\" data-end=\"5209\">\n<p data-start=\"5120\" data-end=\"5209\"><strong data-start=\"5120\" data-end=\"5141\">Dyskretne i wygodne<\/strong> \u2013 \u0141atwe do przechowywania i stosowania, nie wymagaj\u0105 \u017cadnego zapachu ani sprz\u0119tu.<\/p>\n<\/li>\n<li data-start=\"5210\" data-end=\"5303\">\n<p data-start=\"5212\" data-end=\"5303\"><strong data-start=\"5212\" data-end=\"5234\">Smaczna si\u0142a<\/strong> \u2013 Czerwona odmiana \u0142\u0105czy w sobie owocowy smak z silnym dzia\u0142aniem.<\/p>\n<\/li>\n<li data-start=\"5304\" data-end=\"5402\">\n<p data-start=\"5306\" data-end=\"5402\"><strong data-start=\"5306\" data-end=\"5326\">Warto\u015b\u0107 badawcza<\/strong> \u2013 Nadaje si\u0119 do bada\u0144 nad <strong data-start=\"5356\" data-end=\"5402\">Metabolizm, stabilno\u015b\u0107 i wch\u0142anianie HHC. \u017belki HHC<\/strong><\/p>\n<\/li>\n<\/ul>\n<hr data-start=\"5404\" data-end=\"5407\" \/>\n<h3 data-start=\"5409\" data-end=\"5445\"><strong data-start=\"5413\" data-end=\"5445\">Zastosowanie \/ Instrukcja u\u017cycia<\/strong><\/h3>\n<blockquote data-start=\"5447\" data-end=\"5572\">\n<p data-start=\"5449\" data-end=\"5572\">\u26a0\ufe0f <strong data-start=\"5452\" data-end=\"5467\">Wa\u017cny:<\/strong> Stosowa\u0107 wy\u0142\u0105cznie w krajach, w kt\u00f3rych HHC jest legalne. Nieodpowiednie dla dzieci, zwierz\u0105t ani do u\u017cytku nieupowa\u017cnionego.<\/p>\n<\/blockquote>\n<ol data-start=\"5574\" data-end=\"5972\">\n<li data-start=\"5574\" data-end=\"5644\">\n<p data-start=\"5577\" data-end=\"5644\"><strong data-start=\"5577\" data-end=\"5592\">Zacznij od ma\u0142ych rzeczy<\/strong> \u2013 Zacznij od po\u0142owy \u017celk\u00f3w (oko\u0142o 25 mg HHC).<\/p>\n<\/li>\n<li data-start=\"5645\" data-end=\"5726\">\n<p data-start=\"5648\" data-end=\"5726\"><strong data-start=\"5648\" data-end=\"5668\">Poczekaj i oce\u0144<\/strong> - Stra\u017cnik <strong data-start=\"5677\" data-end=\"5695\">90\u2013120 minut<\/strong> za ka\u017cde dodatkowe spo\u017cycie.<\/p>\n<\/li>\n<li data-start=\"5727\" data-end=\"5829\">\n<p data-start=\"5730\" data-end=\"5829\"><strong data-start=\"5730\" data-end=\"5753\">Unikaj kombinacji<\/strong> \u2013 Nie stosowa\u0107 w po\u0142\u0105czeniu z alkoholem lub innymi substancjami psychoaktywnymi.<\/p>\n<\/li>\n<li data-start=\"5830\" data-end=\"5887\">\n<p data-start=\"5833\" data-end=\"5887\"><strong data-start=\"5833\" data-end=\"5843\">Sk\u0142adowanie<\/strong> \u2013 Przechowywa\u0107 w ch\u0142odnym, suchym i ciemnym miejscu (\u2264 20 \u00b0C).<\/p>\n<\/li>\n<li data-start=\"5888\" data-end=\"5972\">\n<p data-start=\"5891\" data-end=\"5972\"><strong data-start=\"5891\" data-end=\"5912\">Wykorzystanie bada\u0144<\/strong> \u2013 Zapisz numer partii i wyniki test\u00f3w w celu dokumentacji.<\/p>\n<\/li>\n<\/ol>\n<hr data-start=\"5974\" data-end=\"5977\" \/>\n<h3 data-start=\"5979\" data-end=\"6014\"><strong data-start=\"5983\" data-end=\"6012\">Cz\u0119sto zadawane pytania (FAQ)<\/strong><\/h3>\n<p data-start=\"6016\" data-end=\"6181\"><strong data-start=\"6016\" data-end=\"6044\">1. Czym s\u0105 \u017celki HHC?<\/strong><br data-start=\"6044\" data-end=\"6047\" \/><strong data-start=\"6047\" data-end=\"6062\">\u017belki HHC<\/strong> s\u0105 jadalnymi cukierkami z <strong data-start=\"6089\" data-end=\"6112\">Heksahydrokannabinol<\/strong>, uwodorniony kannabinoid o \u0142agodniejszym dzia\u0142aniu ni\u017c THC.<\/p>\n<p data-start=\"6183\" data-end=\"6361\"><strong data-start=\"6183\" data-end=\"6232\">2. Jak mocne s\u0105 \u017belki \u017belki 50 mg HHC (czerwone)?<\/strong><br data-start=\"6232\" data-end=\"6235\" \/>Ka\u017cdy \u017celek zawiera 50 mg HHC \u2014 wysok\u0105 dawk\u0119 o dzia\u0142aniu, kt\u00f3re <strong data-start=\"6296\" data-end=\"6307\">4\u20136 godzin<\/strong> mog\u0105 utrzymywa\u0107 si\u0119, w zale\u017cno\u015bci od metabolizmu.<\/p>\n<p data-start=\"6363\" data-end=\"6579\"><strong data-start=\"6363\" data-end=\"6422\">3. Czy zakup \u201eGummybears 50 mg HHC (czerwony)\u201d jest legalny?<\/strong><br data-start=\"6422\" data-end=\"6425\" \/>Legalno\u015b\u0107 r\u00f3\u017cni si\u0119 w zale\u017cno\u015bci od kraju. W niekt\u00f3rych krajach UE <strong data-start=\"6485\" data-end=\"6500\">Produkty jadalne HHC<\/strong> Regulowane lub zabronione. Zawsze sprawdzaj lokalne przepisy przed zakupem.<\/p>","protected":false},"excerpt":{"rendered":"<h2><span dir=\"auto\" style=\"vertical-align: inherit;\"><span dir=\"auto\" style=\"vertical-align: inherit;\">Gummybears 50mg HHC (czerwony)<\/span><\/span><\/h2>\n<ul>\n<li><strong><span dir=\"auto\" style=\"vertical-align: inherit;\"><span dir=\"auto\" style=\"vertical-align: inherit;\">Opakowanie detaliczne<\/span><\/span><br \/>\n<\/strong><\/li>\n<li><strong><span dir=\"auto\" style=\"vertical-align: inherit;\"><span dir=\"auto\" style=\"vertical-align: inherit;\">Liczba \u017celk\u00f3w w opakowaniu: 10<\/span><\/span><\/strong><\/li>\n<li><strong><span dir=\"auto\" style=\"vertical-align: inherit;\"><span dir=\"auto\" style=\"vertical-align: inherit;\">Ceny nie zawieraj\u0105 podatku VAT 21%<\/span><\/span><\/strong><\/li>\n<li><strong><span dir=\"auto\" style=\"vertical-align: inherit;\"><span dir=\"auto\" style=\"vertical-align: inherit;\">Sugerowana cena detaliczna za torb\u0119: 24,95 \u20ac z VAT<\/span><\/span><\/strong><\/li>\n<li><strong><span dir=\"auto\" style=\"vertical-align: inherit;\"><span dir=\"auto\" style=\"vertical-align: inherit;\">Minimalne zam\u00f3wienie: 100 toreb<\/span><\/span><\/strong><\/li>\n<\/ul>","protected":false},"featured_media":28541,"comment_status":"closed","ping_status":"closed","template":"","meta":[],"product_brand":[82],"product_cat":[555],"product_tag":[709,710,707,708,711,713,712],"class_list":{"0":"post-24573","1":"product","2":"type-product","3":"status-publish","4":"has-post-thumbnail","6":"product_brand-research-chemical","7":"product_cat-b2b","8":"product_tag-hhc-50mg","9":"product_tag-hhc-effecten","10":"product_tag-hhc-gummy-bear","11":"product_tag-hhc-gummy-bears","12":"product_tag-hhc-kopen","13":"product_tag-hhc-nederland-belgie","14":"product_tag-legale-cannabis","16":"first","17":"instock","18":"taxable","19":"shipping-taxable","20":"purchasable","21":"product-type-variable"},"_links":{"self":[{"href":"https:\/\/researchchemicalhub.com\/pl\/wp-json\/wp\/v2\/product\/24573","targetHints":{"allow":["GET"]}}],"collection":[{"href":"https:\/\/researchchemicalhub.com\/pl\/wp-json\/wp\/v2\/product"}],"about":[{"href":"https:\/\/researchchemicalhub.com\/pl\/wp-json\/wp\/v2\/types\/product"}],"replies":[{"embeddable":true,"href":"https:\/\/researchchemicalhub.com\/pl\/wp-json\/wp\/v2\/comments?post=24573"}],"version-history":[{"count":8,"href":"https:\/\/researchchemicalhub.com\/pl\/wp-json\/wp\/v2\/product\/24573\/revisions"}],"predecessor-version":[{"id":27768,"href":"https:\/\/researchchemicalhub.com\/pl\/wp-json\/wp\/v2\/product\/24573\/revisions\/27768"}],"wp:featuredmedia":[{"embeddable":true,"href":"https:\/\/researchchemicalhub.com\/pl\/wp-json\/wp\/v2\/media\/28541"}],"wp:attachment":[{"href":"https:\/\/researchchemicalhub.com\/pl\/wp-json\/wp\/v2\/media?parent=24573"}],"wp:term":[{"taxonomy":"product_brand","embeddable":true,"href":"https:\/\/researchchemicalhub.com\/pl\/wp-json\/wp\/v2\/product_brand?post=24573"},{"taxonomy":"product_cat","embeddable":true,"href":"https:\/\/researchchemicalhub.com\/pl\/wp-json\/wp\/v2\/product_cat?post=24573"},{"taxonomy":"product_tag","embeddable":true,"href":"https:\/\/researchchemicalhub.com\/pl\/wp-json\/wp\/v2\/product_tag?post=24573"}],"curies":[{"name":"wp","href":"https:\/\/api.w.org\/{rel}","templated":true}]}}