{"id":24569,"date":"2025-10-20T17:42:02","date_gmt":"2025-10-20T17:42:02","guid":{"rendered":"https:\/\/researchchemicalhub.com\/?post_type=product&#038;p=24569"},"modified":"2025-10-29T08:10:15","modified_gmt":"2025-10-29T08:10:15","slug":"dipropyltryptamine","status":"publish","type":"product","link":"https:\/\/researchchemicalhub.com\/pl\/shop\/dpt\/dipropyltryptamine\/","title":{"rendered":"DPT HCl (dipropylotryptamina)"},"content":{"rendered":"<h3 data-start=\"4130\" data-end=\"4151\"><strong data-start=\"4134\" data-end=\"4149\">Wst\u0119p<\/strong><\/h3>\n<p data-start=\"4152\" data-end=\"4535\"><strong data-start=\"4152\" data-end=\"4198\">DPT HCl (chlorowodorek dipropylotryptaminy)<\/strong> jest <strong data-start=\"4206\" data-end=\"4243\">syntetyczny zwi\u0105zek tryptaminy<\/strong> z tej samej rodziny chemicznej co DMT, DET i DiPT. Je\u015bli <strong data-start=\"4301\" data-end=\"4322\">indolo-alkiloamina<\/strong> DPT jest stosowany w <strong data-start=\"4345\" data-end=\"4402\">badania neurochemiczne, farmakologiczne i analityczne<\/strong>, szczeg\u00f3lnie do badania wi\u0105zania receptora serotoninowego, zale\u017cno\u015bci struktura-aktywno\u015b\u0107 (SAR) i charakterystyki widmowej. Dipropylotryptamina<\/p>\n<p data-start=\"4537\" data-end=\"4789\">W \u015brodowiskach badawczych DPT HCl jest ceniony za swoje <strong data-start=\"4599\" data-end=\"4619\">wysoka stabilno\u015b\u0107<\/strong>, <strong data-start=\"4621\" data-end=\"4654\">niezawodna czysto\u015b\u0107 (\u226598%)<\/strong> I <strong data-start=\"4658\" data-end=\"4694\">rozpuszczalna w wodzie forma krystaliczna<\/strong>, co czyni go odpowiednim do <strong data-start=\"4724\" data-end=\"4742\">chromatografia<\/strong>, <strong data-start=\"4744\" data-end=\"4761\">spektroskopia<\/strong> I <strong data-start=\"4765\" data-end=\"4786\">badania receptor\u00f3w<\/strong>.<\/p>\n<blockquote data-start=\"4791\" data-end=\"4937\">\n<p data-start=\"4793\" data-end=\"4937\">\u26a0\ufe0f <strong data-start=\"4796\" data-end=\"4807\">UWAGA:<\/strong> DPT HCl jest przeznaczony wy\u0142\u0105cznie do <strong data-start=\"4844\" data-end=\"4885\">badania laboratoryjne i analityczne<\/strong> \u2014 <strong data-start=\"4888\" data-end=\"4936\">nie do spo\u017cycia przez ludzi i zwierz\u0119ta<\/strong>.<\/p>\n<\/blockquote>\n<hr data-start=\"4939\" data-end=\"4942\" \/>\n<h3 data-start=\"4944\" data-end=\"4975\"><strong data-start=\"4948\" data-end=\"4975\">G\u0142\u00f3wne cechy<\/strong><\/h3>\n<div class=\"_tableContainer_1rjym_1\">\n<div class=\"group _tableWrapper_1rjym_13 flex w-fit flex-col-reverse\" tabindex=\"-1\">\n<table class=\"w-fit min-w-(--thread-content-width)\" data-start=\"4977\" data-end=\"5501\">\n<thead data-start=\"4977\" data-end=\"5003\">\n<tr data-start=\"4977\" data-end=\"5003\">\n<th data-start=\"4977\" data-end=\"4987\" data-col-size=\"sm\">Funkcja<\/th>\n<th data-start=\"4987\" data-end=\"5003\" data-col-size=\"md\">Opis<\/th>\n<\/tr>\n<\/thead>\n<tbody data-start=\"5032\" data-end=\"5501\">\n<tr data-start=\"5032\" data-end=\"5089\">\n<td data-start=\"5032\" data-end=\"5053\" data-col-size=\"sm\"><strong data-start=\"5034\" data-end=\"5052\">Nazwa chemiczna<\/strong><\/td>\n<td data-start=\"5053\" data-end=\"5089\" data-col-size=\"md\">Chlorowodorek dipropylotryptaminy<\/td>\n<\/tr>\n<tr data-start=\"5090\" data-end=\"5126\">\n<td data-start=\"5090\" data-end=\"5115\" data-col-size=\"sm\"><strong data-start=\"5092\" data-end=\"5114\">Nazwa zwyczajowa<\/strong><\/td>\n<td data-start=\"5115\" data-end=\"5126\" data-col-size=\"md\">DPT HCl<\/td>\n<\/tr>\n<tr data-start=\"5127\" data-end=\"5165\">\n<td data-start=\"5127\" data-end=\"5149\" data-col-size=\"sm\"><strong data-start=\"5129\" data-end=\"5148\">Wz\u00f3r cz\u0105steczkowy<\/strong><\/td>\n<td data-start=\"5149\" data-end=\"5165\" data-col-size=\"md\">C\u2081\u2086H\u2082\u2085N\u2082\u00b7HCl<\/td>\n<\/tr>\n<tr data-start=\"5166\" data-end=\"5204\">\n<td data-start=\"5166\" data-end=\"5188\" data-col-size=\"sm\"><strong data-start=\"5168\" data-end=\"5187\">Masa cz\u0105steczkowa<\/strong><\/td>\n<td data-start=\"5188\" data-end=\"5204\" data-col-size=\"md\">296,85 g\/mol<\/td>\n<\/tr>\n<tr data-start=\"5205\" data-end=\"5275\">\n<td data-start=\"5205\" data-end=\"5228\" data-col-size=\"sm\"><strong data-start=\"5207\" data-end=\"5227\">Klasa chemiczna<\/strong><\/td>\n<td data-start=\"5228\" data-end=\"5275\" data-col-size=\"md\">Syntetyczna tryptamina \/ Indolo-alkiloamina<\/td>\n<\/tr>\n<tr data-start=\"5276\" data-end=\"5320\">\n<td data-start=\"5276\" data-end=\"5287\" data-col-size=\"sm\"><strong data-start=\"5278\" data-end=\"5286\">Formularz<\/strong><\/td>\n<td data-start=\"5287\" data-end=\"5320\" data-col-size=\"md\">Krystaliczna s\u00f3l chlorowodorkowa<\/td>\n<\/tr>\n<tr data-start=\"5321\" data-end=\"5372\">\n<td data-start=\"5321\" data-end=\"5338\" data-col-size=\"sm\"><strong data-start=\"5323\" data-end=\"5337\">Czysto\u015b\u0107<\/strong><\/td>\n<td data-start=\"5338\" data-end=\"5372\" data-col-size=\"md\">\u2265 98% (testowane metod\u0105 HPLC i NMR)<\/td>\n<\/tr>\n<tr data-start=\"5373\" data-end=\"5447\">\n<td data-start=\"5373\" data-end=\"5387\" data-col-size=\"sm\"><strong data-start=\"5375\" data-end=\"5386\">Stosowanie<\/strong><\/td>\n<td data-col-size=\"md\" data-start=\"5387\" data-end=\"5447\">Tylko do bada\u0144 analitycznych, kryminalistycznych i chemicznych<\/td>\n<\/tr>\n<tr data-start=\"5448\" data-end=\"5501\">\n<td data-start=\"5448\" data-end=\"5461\" data-col-size=\"sm\"><strong data-start=\"5450\" data-end=\"5460\">Sk\u0142adowanie<\/strong><\/td>\n<td data-start=\"5461\" data-end=\"5501\" data-col-size=\"md\">Przechowywa\u0107 w ch\u0142odnym (2\u20138\u00b0C), suchym i ciemnym miejscu.<\/td>\n<\/tr>\n<\/tbody>\n<\/table>\n<\/div>\n<\/div>\n<hr data-start=\"5503\" data-end=\"5506\" \/>\n<h3 data-start=\"5508\" data-end=\"5525\"><strong data-start=\"5512\" data-end=\"5525\">Zalety<\/strong><\/h3>\n<ul data-start=\"5527\" data-end=\"6004\">\n<li data-start=\"5527\" data-end=\"5626\">\n<p data-start=\"5529\" data-end=\"5626\"><strong data-start=\"5529\" data-end=\"5548\">Wysoka czysto\u015b\u0107<\/strong> \u2013 \u226598% jako\u015b\u0107 laboratoryjna, idealna do uzyskiwania wiarygodnych wynik\u00f3w bada\u0144.<\/p>\n<\/li>\n<li data-start=\"5627\" data-end=\"5713\">\n<p data-start=\"5629\" data-end=\"5713\"><strong data-start=\"5629\" data-end=\"5646\">Stabilny kszta\u0142t<\/strong> \u2013 Forma chlorowodorku zwi\u0119ksza stabilno\u015b\u0107 i rozpuszczalno\u015b\u0107.<\/p>\n<\/li>\n<li data-start=\"5714\" data-end=\"5793\">\n<p data-start=\"5716\" data-end=\"5793\"><strong data-start=\"5716\" data-end=\"5741\">Analityczny Wszechstronny<\/strong> \u2013 Nadaje si\u0119 do analiz GC\/MS, HPLC, FTIR i NMR.<\/p>\n<\/li>\n<li data-start=\"5794\" data-end=\"5904\">\n<p data-start=\"5796\" data-end=\"5904\"><strong data-start=\"5796\" data-end=\"5825\">Znaczenie neurochemiczne<\/strong> \u2013 Stosowany w badaniach nad receptorami serotoninowymi (5-HT1A, 5-HT2A itp.).<\/p>\n<\/li>\n<li data-start=\"5905\" data-end=\"6004\">\n<p data-start=\"5907\" data-end=\"6004\"><strong data-start=\"5907\" data-end=\"5932\">Jako\u015b\u0107 \u015bledzona<\/strong> \u2013 Na \u017cyczenie klienta do ka\u017cdej partii do\u0142\u0105czamy Certyfikat Analizy (COA).<\/p>\n<\/li>\n<\/ul>\n<hr data-start=\"6006\" data-end=\"6009\" \/>\n<h3 data-start=\"6011\" data-end=\"6063\"><strong data-start=\"6015\" data-end=\"6061\">U\u017cyj (tylko do cel\u00f3w badawczych)<\/strong><\/h3>\n<ol data-start=\"6065\" data-end=\"6460\">\n<li data-start=\"6065\" data-end=\"6134\">\n<p data-start=\"6068\" data-end=\"6134\"><strong data-start=\"6068\" data-end=\"6083\">Obs\u0142ugiwanie:<\/strong> Nale\u017cy nosi\u0107 r\u0119kawice, fartuch laboratoryjny i okulary ochronne.<\/p>\n<\/li>\n<li data-start=\"6135\" data-end=\"6209\">\n<p data-start=\"6138\" data-end=\"6209\"><strong data-start=\"6138\" data-end=\"6151\">Pomiary:<\/strong> Aby zapewni\u0107 dok\u0142adne dawkowanie, nale\u017cy u\u017cywa\u0107 skalibrowanych urz\u0105dze\u0144.<\/p>\n<\/li>\n<li data-start=\"6210\" data-end=\"6276\">\n<p data-start=\"6213\" data-end=\"6276\"><strong data-start=\"6213\" data-end=\"6224\">Sk\u0142adowanie:<\/strong> Przechowywa\u0107 zamkni\u0119te w ch\u0142odnym (2\u20138\u00b0C), suchym i ciemnym miejscu.<\/p>\n<\/li>\n<li data-start=\"6277\" data-end=\"6377\">\n<p data-start=\"6280\" data-end=\"6377\"><strong data-start=\"6280\" data-end=\"6292\">Analiza:<\/strong> Nadaje si\u0119 do zastosowa\u0144 chromatograficznych, spektroskopowych i farmakologicznych.<\/p>\n<\/li>\n<li data-start=\"6378\" data-end=\"6460\">\n<p data-start=\"6381\" data-end=\"6460\"><strong data-start=\"6381\" data-end=\"6398\">Dokumentacja:<\/strong> Rejestruj numery partii, wyniki test\u00f3w i warunki przechowywania.<\/p>\n<\/li>\n<\/ol>\n<hr data-start=\"6462\" data-end=\"6465\" \/>\n<h3 data-start=\"6467\" data-end=\"6502\"><strong data-start=\"6471\" data-end=\"6500\">Cz\u0119sto zadawane pytania (FAQ)<\/strong><\/h3>\n<p data-start=\"6504\" data-end=\"6702\"><strong data-start=\"6504\" data-end=\"6526\">1. Czym jest DPT HCl?<\/strong><br data-start=\"6526\" data-end=\"6529\" \/><strong data-start=\"6529\" data-end=\"6575\">DPT HCl (chlorowodorek dipropylotryptaminy)<\/strong> jest <strong data-start=\"6583\" data-end=\"6610\">syntetyczna tryptamina<\/strong> kt\u00f3ry jest wykorzystywany do bada\u0144 analitycznych i neurochemicznych nad receptorami serotoninowymi.<\/p>\n<p data-start=\"6704\" data-end=\"6886\"><strong data-start=\"6704\" data-end=\"6743\">2. Do czego s\u0142u\u017cy DPT HCl?<\/strong><br data-start=\"6743\" data-end=\"6746\" \/>Dla <strong data-start=\"6751\" data-end=\"6783\">badania nad receptorem serotoninowym<\/strong>, <strong data-start=\"6785\" data-end=\"6815\">badania struktury i aktywno\u015bci<\/strong>, I <strong data-start=\"6820\" data-end=\"6852\">kalibracja chromatograficzna<\/strong> w laboratoriach analitycznych.<\/p>\n<p data-start=\"6888\" data-end=\"7139\"><strong data-start=\"6888\" data-end=\"6929\">3. Czy zakup DPT HCl jest legalny?<\/strong><br data-start=\"6929\" data-end=\"6932\" \/>Ten <strong data-start=\"6935\" data-end=\"6961\">legalno\u015b\u0107 DPT HCl<\/strong> R\u00f3\u017cni si\u0119 w zale\u017cno\u015bci od kraju. W niekt\u00f3rych krajach jest uznawany za substancj\u0119 badawcz\u0105; w innych mo\u017ce podlega\u0107 regulacjom. Zawsze sprawdzaj lokalne przepisy przed u\u017cyciem. <strong data-start=\"7119\" data-end=\"7136\">Kup DPT HCl<\/strong>.<\/p>","protected":false},"excerpt":{"rendered":"<h3><span data-sheets-value=\"{\" data-sheets-userformat=\"{\">W\u0142a\u015bciwo\u015bci fumaranu DPT<\/span><\/h3>\n<p><strong>Synonim:<\/strong> N,N-dipropylotryptamina<br \/>\n<strong>Numer CAS:<\/strong> 61-52-9<br \/>\n<strong>Formu\u0142a:<\/strong> <span title=\"W\u0119giel\">C<\/span><sub>16<\/sub><span title=\"Wod\u00f3r\">H<\/span><sub>24<\/sub><span title=\"Azot\">N<\/span><sub>2<\/sub><br \/>\n<strong>Masa molowa:<\/strong> 244,382 g\/mol<br \/>\n<strong>Czysto\u015b\u0107:<\/strong> &gt;97%<\/p>","protected":false},"featured_media":28511,"comment_status":"closed","ping_status":"closed","template":"","meta":[],"product_brand":[82],"product_cat":[457,381],"product_tag":[805,804,806,807,808,809,326],"class_list":{"0":"post-24569","1":"product","2":"type-product","3":"status-publish","4":"has-post-thumbnail","6":"product_brand-research-chemical","7":"product_cat-dpt","8":"product_cat-tryptamines","9":"product_tag-buy-dipropyltryptamine","10":"product_tag-dipropyltryptamine","11":"product_tag-dipropyltryptamine-buy","12":"product_tag-dipropyltryptamine-buy-direct","13":"product_tag-dipropyltryptamine-kopen","14":"product_tag-dipropyltryptamine-netherland","15":"product_tag-nl","17":"first","18":"instock","19":"taxable","20":"shipping-taxable","21":"purchasable","22":"product-type-variable"},"_links":{"self":[{"href":"https:\/\/researchchemicalhub.com\/pl\/wp-json\/wp\/v2\/product\/24569","targetHints":{"allow":["GET"]}}],"collection":[{"href":"https:\/\/researchchemicalhub.com\/pl\/wp-json\/wp\/v2\/product"}],"about":[{"href":"https:\/\/researchchemicalhub.com\/pl\/wp-json\/wp\/v2\/types\/product"}],"replies":[{"embeddable":true,"href":"https:\/\/researchchemicalhub.com\/pl\/wp-json\/wp\/v2\/comments?post=24569"}],"version-history":[{"count":6,"href":"https:\/\/researchchemicalhub.com\/pl\/wp-json\/wp\/v2\/product\/24569\/revisions"}],"predecessor-version":[{"id":27771,"href":"https:\/\/researchchemicalhub.com\/pl\/wp-json\/wp\/v2\/product\/24569\/revisions\/27771"}],"wp:featuredmedia":[{"embeddable":true,"href":"https:\/\/researchchemicalhub.com\/pl\/wp-json\/wp\/v2\/media\/28511"}],"wp:attachment":[{"href":"https:\/\/researchchemicalhub.com\/pl\/wp-json\/wp\/v2\/media?parent=24569"}],"wp:term":[{"taxonomy":"product_brand","embeddable":true,"href":"https:\/\/researchchemicalhub.com\/pl\/wp-json\/wp\/v2\/product_brand?post=24569"},{"taxonomy":"product_cat","embeddable":true,"href":"https:\/\/researchchemicalhub.com\/pl\/wp-json\/wp\/v2\/product_cat?post=24569"},{"taxonomy":"product_tag","embeddable":true,"href":"https:\/\/researchchemicalhub.com\/pl\/wp-json\/wp\/v2\/product_tag?post=24569"}],"curies":[{"name":"wp","href":"https:\/\/api.w.org\/{rel}","templated":true}]}}