{"id":24537,"date":"2025-10-20T17:41:54","date_gmt":"2025-10-20T17:41:54","guid":{"rendered":"https:\/\/researchchemicalhub.com\/?post_type=product&#038;p=24537"},"modified":"2025-10-21T16:01:53","modified_gmt":"2025-10-21T16:01:53","slug":"2c-e-10-mg-peletki-blister","status":"publish","type":"product","link":"https:\/\/researchchemicalhub.com\/pl\/sklep\/b2b\/2c-e-10-mg-peletki-blister\/","title":{"rendered":"2C-E 10 MG Pellet Blister"},"content":{"rendered":"<h3 data-start=\"3825\" data-end=\"3846\"><strong data-start=\"3829\" data-end=\"3844\">Wst\u0119p<\/strong><\/h3>\n<p data-start=\"3847\" data-end=\"4109\"><strong data-start=\"3847\" data-end=\"3889\">2C-E 10 mg granulki (opakowanie typu blister)<\/strong> zawiera\u0107 <strong data-start=\"3903\" data-end=\"3943\">dok\u0142adnie odwa\u017cona dawka 10 mg<\/strong> <strong data-start=\"3944\" data-end=\"3989\">2C-E (2,5-dimetoksy-4-etylofenetyloamina)<\/strong> - Jaki\u015b <strong data-start=\"3996\" data-end=\"4026\">syntetyczna fenetyloamina<\/strong> z <strong data-start=\"4034\" data-end=\"4048\">Rodzina 2C<\/strong>, pierwotnie opracowany przez <strong data-start=\"4081\" data-end=\"4106\">Dr Alexander Shulgin<\/strong>. 2c e\u200b<\/p>\n<p data-start=\"4111\" data-end=\"4452\">2C-E jest szeroko stosowany w <strong data-start=\"4139\" data-end=\"4179\">badania chemiczne i farmakologiczne<\/strong> Do <strong data-start=\"4185\" data-end=\"4234\">badania zale\u017cno\u015bci struktura-aktywno\u015b\u0107 (SAR)<\/strong> I <strong data-start=\"4238\" data-end=\"4267\">badania wi\u0105zania receptora<\/strong>.<br data-start=\"4268\" data-end=\"4271\" \/>Ka\u017cdy pellet jest produkowany zgodnie z <strong data-start=\"4310\" data-end=\"4356\">standardy laboratoryjne (czysto\u015b\u0107 \u2265 98%)<\/strong> i zapakowane w <strong data-start=\"4375\" data-end=\"4409\">opakowanie ochronne typu blister<\/strong> dla maksymalnej stabilno\u015bci i bezpiecze\u0144stwa.<\/p>\n<blockquote data-start=\"4454\" data-end=\"4603\">\n<p data-start=\"4456\" data-end=\"4603\">\u26a0\ufe0f <strong data-start=\"4459\" data-end=\"4470\">UWAGA:<\/strong> 2C-E jest przeznaczony wy\u0142\u0105cznie do <strong data-start=\"4504\" data-end=\"4545\">badania laboratoryjne i analityczne<\/strong> \u2014 <strong data-start=\"4548\" data-end=\"4600\">nie nadaje si\u0119 do u\u017cytku przez ludzi i zwierz\u0119ta<\/strong>.<\/p>\n<\/blockquote>\n<hr data-start=\"4605\" data-end=\"4608\" \/>\n<h3 data-start=\"4610\" data-end=\"4641\"><strong data-start=\"4614\" data-end=\"4641\">G\u0142\u00f3wne cechy<\/strong><\/h3>\n<div class=\"_tableContainer_1rjym_1\">\n<div class=\"group _tableWrapper_1rjym_13 flex w-fit flex-col-reverse\" tabindex=\"-1\">\n<table class=\"w-fit min-w-(--thread-content-width)\" data-start=\"4643\" data-end=\"5125\">\n<thead data-start=\"4643\" data-end=\"4669\">\n<tr data-start=\"4643\" data-end=\"4669\">\n<th data-start=\"4643\" data-end=\"4653\" data-col-size=\"sm\">Funkcja<\/th>\n<th data-start=\"4653\" data-end=\"4669\" data-col-size=\"md\">Opis<\/th>\n<\/tr>\n<\/thead>\n<tbody data-start=\"4698\" data-end=\"5125\">\n<tr data-start=\"4698\" data-end=\"4757\">\n<td data-start=\"4698\" data-end=\"4719\" data-col-size=\"sm\"><strong data-start=\"4700\" data-end=\"4718\">Nazwa chemiczna<\/strong><\/td>\n<td data-start=\"4719\" data-end=\"4757\" data-col-size=\"md\">2,5-dimetoksy-4-etylofenetyloamina<\/td>\n<\/tr>\n<tr data-start=\"4758\" data-end=\"4791\">\n<td data-start=\"4758\" data-end=\"4783\" data-col-size=\"sm\"><strong data-start=\"4760\" data-end=\"4782\">Nazwa zwyczajowa<\/strong><\/td>\n<td data-start=\"4783\" data-end=\"4791\" data-col-size=\"md\">2C-E<\/td>\n<\/tr>\n<tr data-start=\"4792\" data-end=\"4827\">\n<td data-start=\"4792\" data-end=\"4807\" data-col-size=\"sm\"><strong data-start=\"4794\" data-end=\"4806\">Dawkowanie<\/strong><\/td>\n<td data-start=\"4807\" data-end=\"4827\" data-col-size=\"md\">10 mg na peletk\u0119<\/td>\n<\/tr>\n<tr data-start=\"4828\" data-end=\"4875\">\n<td data-start=\"4828\" data-end=\"4839\" data-col-size=\"sm\"><strong data-start=\"4830\" data-end=\"4838\">Formularz<\/strong><\/td>\n<td data-start=\"4839\" data-end=\"4875\" data-col-size=\"md\">Pellet sta\u0142y (opakowanie typu blister)<\/td>\n<\/tr>\n<tr data-start=\"4876\" data-end=\"4930\">\n<td data-start=\"4876\" data-end=\"4893\" data-col-size=\"sm\"><strong data-start=\"4878\" data-end=\"4892\">Czysto\u015b\u0107<\/strong><\/td>\n<td data-start=\"4893\" data-end=\"4930\" data-col-size=\"md\">\u2265 98% (potwierdzone metod\u0105 HPLC i NMR)<\/td>\n<\/tr>\n<tr data-start=\"4931\" data-end=\"5000\">\n<td data-start=\"4931\" data-end=\"4954\" data-col-size=\"sm\"><strong data-start=\"4933\" data-end=\"4953\">Klasa chemiczna<\/strong><\/td>\n<td data-start=\"4954\" data-end=\"5000\" data-col-size=\"md\">Podstawiona fenetyloamina \/ rodzina 2C<\/td>\n<\/tr>\n<tr data-start=\"5001\" data-end=\"5050\">\n<td data-start=\"5001\" data-end=\"5018\" data-col-size=\"sm\"><strong data-start=\"5003\" data-end=\"5017\">Opakowanie<\/strong><\/td>\n<td data-start=\"5018\" data-end=\"5050\" data-col-size=\"md\">Opakowanie typu blister zapiecz\u0119towane<\/td>\n<\/tr>\n<tr data-start=\"5051\" data-end=\"5125\">\n<td data-start=\"5051\" data-end=\"5065\" data-col-size=\"sm\"><strong data-start=\"5053\" data-end=\"5064\">Stosowanie<\/strong><\/td>\n<td data-start=\"5065\" data-end=\"5125\" data-col-size=\"md\">Tylko do bada\u0144 analitycznych, kryminalistycznych i chemicznych<\/td>\n<\/tr>\n<\/tbody>\n<\/table>\n<\/div>\n<\/div>\n<hr data-start=\"5127\" data-end=\"5130\" \/>\n<h3 data-start=\"5132\" data-end=\"5149\"><strong data-start=\"5136\" data-end=\"5149\">Zalety<\/strong><\/h3>\n<ul data-start=\"5151\" data-end=\"5599\">\n<li data-start=\"5151\" data-end=\"5240\">\n<p data-start=\"5153\" data-end=\"5240\"><strong data-start=\"5153\" data-end=\"5177\">Dok\u0142adne dawkowanie<\/strong> \u2013 Ka\u017cda tabletka zawiera dok\u0142adnie 10 mg, co zapewnia powtarzalne rezultaty.<\/p>\n<\/li>\n<li data-start=\"5241\" data-end=\"5339\">\n<p data-start=\"5243\" data-end=\"5339\"><strong data-start=\"5243\" data-end=\"5262\">Wysoka czysto\u015b\u0107<\/strong> \u2013 \u2265 98% jako\u015b\u0107 laboratoryjna, testowana metod\u0105 chromatografii i spektroskopii.<\/p>\n<\/li>\n<li data-start=\"5340\" data-end=\"5430\">\n<p data-start=\"5342\" data-end=\"5430\"><strong data-start=\"5342\" data-end=\"5364\">Bezpieczne opakowanie<\/strong> \u2013 Opakowanie typu blister zapobiega zanieczyszczeniu i zapewnia stabilno\u015b\u0107.<\/p>\n<\/li>\n<li data-start=\"5431\" data-end=\"5515\">\n<p data-start=\"5433\" data-end=\"5515\"><strong data-start=\"5433\" data-end=\"5463\">Badania szeroko stosowane<\/strong> \u2013 Nadaje si\u0119 do analiz GC\/MS, HPLC, FTIR i NMR.<\/p>\n<\/li>\n<li data-start=\"5516\" data-end=\"5599\">\n<p data-start=\"5518\" data-end=\"5599\"><strong data-start=\"5518\" data-end=\"5538\">Warto\u015b\u0107 badawcza<\/strong> \u2013 Warto\u015bciowe dla bada\u0144 por\u00f3wnawczych w ramach serii 2C.<\/p>\n<\/li>\n<\/ul>\n<hr data-start=\"5601\" data-end=\"5604\" \/>\n<h3 data-start=\"5606\" data-end=\"5658\"><strong data-start=\"5610\" data-end=\"5656\">U\u017cyj (tylko do cel\u00f3w badawczych)<\/strong><\/h3>\n<ol data-start=\"5660\" data-end=\"6053\">\n<li data-start=\"5660\" data-end=\"5729\">\n<p data-start=\"5663\" data-end=\"5729\"><strong data-start=\"5663\" data-end=\"5678\">Obs\u0142ugiwanie:<\/strong> Nale\u017cy nosi\u0107 r\u0119kawice, okulary ochronne i fartuch laboratoryjny.<\/p>\n<\/li>\n<li data-start=\"5730\" data-end=\"5825\">\n<p data-start=\"5733\" data-end=\"5825\"><strong data-start=\"5733\" data-end=\"5746\">Pomiary:<\/strong> Ka\u017cda tabletka zawiera 10 mg; nie nale\u017cy zmienia\u0107 poza kontrolowanymi warunkami.<\/p>\n<\/li>\n<li data-start=\"5826\" data-end=\"5911\">\n<p data-start=\"5829\" data-end=\"5911\"><strong data-start=\"5829\" data-end=\"5840\">Sk\u0142adowanie:<\/strong> Przechowywa\u0107 w ch\u0142odnym (2\u20138\u00b0C), suchym i ciemnym miejscu, w oryginalnym opakowaniu typu blister.<\/p>\n<\/li>\n<li data-start=\"5912\" data-end=\"5976\">\n<p data-start=\"5915\" data-end=\"5976\"><strong data-start=\"5915\" data-end=\"5927\">Analiza:<\/strong> Nadaje si\u0119 do GC\/MS, LC-MS, HPLC, FTIR i NMR.<\/p>\n<\/li>\n<li data-start=\"5977\" data-end=\"6053\">\n<p data-start=\"5980\" data-end=\"6053\"><strong data-start=\"5980\" data-end=\"5997\">Dokumentacja:<\/strong> Rejestruj dane partii i wyniki test\u00f3w w celu zapewnienia zgodno\u015bci.<\/p>\n<\/li>\n<\/ol>\n<hr data-start=\"6055\" data-end=\"6058\" \/>\n<h3 data-start=\"6060\" data-end=\"6095\"><strong data-start=\"6064\" data-end=\"6093\">Cz\u0119sto zadawane pytania (FAQ)<\/strong><\/h3>\n<p data-start=\"6097\" data-end=\"6313\"><strong data-start=\"6097\" data-end=\"6116\">1. Czym jest 2C-E?<\/strong><br data-start=\"6116\" data-end=\"6119\" \/><strong data-start=\"6119\" data-end=\"6164\">2C-E (2,5-dimetoksy-4-etylofenetyloamina)<\/strong> jest <strong data-start=\"6172\" data-end=\"6202\">syntetyczna fenetyloamina<\/strong> kt\u00f3ry jest stosowany w badaniach analitycznych i farmakologicznych wi\u0105zania receptor\u00f3w i aktywno\u015bci strukturalnej.<\/p>\n<p data-start=\"6315\" data-end=\"6473\"><strong data-start=\"6315\" data-end=\"6366\">2. Do czego s\u0142u\u017c\u0105 granulki 2C-E 10 mg?<\/strong><br data-start=\"6366\" data-end=\"6369\" \/>S\u0105 przeznaczone do <strong data-start=\"6390\" data-end=\"6431\">cele analityczne i kryminalistyczne<\/strong>, takich jak chromatografia i spektroskopia.<\/p>\n<p data-start=\"6475\" data-end=\"6675\"><strong data-start=\"6475\" data-end=\"6513\">3. Czy zakup 2C-E jest legalny?<\/strong><br data-start=\"6513\" data-end=\"6516\" \/>Ten <strong data-start=\"6519\" data-end=\"6542\">legalno\u015b\u0107 2C-E<\/strong> Zale\u017cy od kraju. W niekt\u00f3rych krajach jest to substancja kontrolowana, dlatego zawsze przed zakupem nale\u017cy sprawdzi\u0107 lokalne przepisy.<\/p>","protected":false},"excerpt":{"rendered":"<h2><strong><span dir=\"auto\" style=\"vertical-align: inherit;\"><span dir=\"auto\" style=\"vertical-align: inherit;\">2C-E 10 MG Pellet Blister<\/span><\/span><\/strong><\/h2>\n<ul>\n<li><strong><span dir=\"auto\" style=\"vertical-align: inherit;\"><span dir=\"auto\" style=\"vertical-align: inherit;\">Opakowanie detaliczne<\/span><\/span><br \/>\n<\/strong><\/li>\n<li><strong><span dir=\"auto\" style=\"vertical-align: inherit;\"><span dir=\"auto\" style=\"vertical-align: inherit;\">Liczba peletek w blistrze: 10<\/span><\/span><\/strong><\/li>\n<li><strong><span dir=\"auto\" style=\"vertical-align: inherit;\"><span dir=\"auto\" style=\"vertical-align: inherit;\">Ceny nie zawieraj\u0105 podatku VAT 21%<\/span><\/span><\/strong><\/li>\n<li><strong><span dir=\"auto\" style=\"vertical-align: inherit;\"><span dir=\"auto\" style=\"vertical-align: inherit;\">Sugerowana cena detaliczna: 49,95 \u20ac z VAT<\/span><\/span><\/strong><\/li>\n<\/ul>","protected":false},"featured_media":20730,"comment_status":"closed","ping_status":"closed","template":"","meta":[],"product_brand":[82],"product_cat":[555],"product_tag":[799,620,621,816,326,797,798,795,796],"class_list":{"0":"post-24537","1":"product","2":"type-product","3":"status-publish","4":"has-post-thumbnail","6":"product_brand-research-chemical","7":"product_cat-b2b","8":"product_tag-2-ce-pellets","9":"product_tag-2c-e","10":"product_tag-2c-e-kopen","11":"product_tag-2ce-blister","12":"product_tag-nl","13":"product_tag-research-chemicals-bestellen","14":"product_tag-research-chemicals-nederland","15":"product_tag-wat-is-2c-e","16":"product_tag-where-to-buy-2c-e-online","18":"first","19":"instock","20":"taxable","21":"shipping-taxable","22":"purchasable","23":"product-type-variable"},"_links":{"self":[{"href":"https:\/\/researchchemicalhub.com\/pl\/wp-json\/wp\/v2\/product\/24537","targetHints":{"allow":["GET"]}}],"collection":[{"href":"https:\/\/researchchemicalhub.com\/pl\/wp-json\/wp\/v2\/product"}],"about":[{"href":"https:\/\/researchchemicalhub.com\/pl\/wp-json\/wp\/v2\/types\/product"}],"replies":[{"embeddable":true,"href":"https:\/\/researchchemicalhub.com\/pl\/wp-json\/wp\/v2\/comments?post=24537"}],"version-history":[{"count":7,"href":"https:\/\/researchchemicalhub.com\/pl\/wp-json\/wp\/v2\/product\/24537\/revisions"}],"predecessor-version":[{"id":27775,"href":"https:\/\/researchchemicalhub.com\/pl\/wp-json\/wp\/v2\/product\/24537\/revisions\/27775"}],"wp:featuredmedia":[{"embeddable":true,"href":"https:\/\/researchchemicalhub.com\/pl\/wp-json\/wp\/v2\/media\/20730"}],"wp:attachment":[{"href":"https:\/\/researchchemicalhub.com\/pl\/wp-json\/wp\/v2\/media?parent=24537"}],"wp:term":[{"taxonomy":"product_brand","embeddable":true,"href":"https:\/\/researchchemicalhub.com\/pl\/wp-json\/wp\/v2\/product_brand?post=24537"},{"taxonomy":"product_cat","embeddable":true,"href":"https:\/\/researchchemicalhub.com\/pl\/wp-json\/wp\/v2\/product_cat?post=24537"},{"taxonomy":"product_tag","embeddable":true,"href":"https:\/\/researchchemicalhub.com\/pl\/wp-json\/wp\/v2\/product_tag?post=24537"}],"curies":[{"name":"wp","href":"https:\/\/api.w.org\/{rel}","templated":true}]}}