{"id":24533,"date":"2025-10-20T17:41:54","date_gmt":"2025-10-20T17:41:54","guid":{"rendered":"https:\/\/researchchemicalhub.com\/?post_type=product&#038;p=24533"},"modified":"2025-10-21T16:01:39","modified_gmt":"2025-10-21T16:01:39","slug":"2c-d-kopen","status":"publish","type":"product","link":"https:\/\/researchchemicalhub.com\/pl\/shop\/b2b\/2c-d-kopen\/","title":{"rendered":"2C-D 10 MG Pellet Blister"},"content":{"rendered":"<h3 data-start=\"4002\" data-end=\"4023\"><strong data-start=\"4006\" data-end=\"4021\">Wst\u0119p<\/strong><\/h3>\n<p data-start=\"4024\" data-end=\"4294\"><strong data-start=\"4024\" data-end=\"4066\">2C-D 10 mg granulki (opakowanie typu blister)<\/strong> zawiera\u0107 <strong data-start=\"4080\" data-end=\"4123\">precyzyjnie odmierzona dawka 10 mg<\/strong> przez <strong data-start=\"4128\" data-end=\"4174\">2C-D (2,5-dimetoksy-4-metylofenetyloamina)<\/strong> - Jaki\u015b <strong data-start=\"4181\" data-end=\"4211\">syntetyczna fenetyloamina<\/strong> z <strong data-start=\"4219\" data-end=\"4233\">Rodzina 2C<\/strong>, pierwotnie opracowany przez <strong data-start=\"4266\" data-end=\"4291\">Dr Alexander Shulgin<\/strong>. Kup 2c-d<\/p>\n<p data-start=\"4296\" data-end=\"4682\">Wewn\u0105trz <strong data-start=\"4303\" data-end=\"4355\">badania chemiczne, farmakologiczne i analityczne<\/strong> 2C-D jest u\u017cywany jako <strong data-start=\"4380\" data-end=\"4398\">substancja odniesienia<\/strong> Do <strong data-start=\"4404\" data-end=\"4445\">zale\u017cno\u015b\u0107 struktura-aktywno\u015b\u0107 (SAR)<\/strong>-studia, <strong data-start=\"4455\" data-end=\"4484\">badania wi\u0105zania receptora<\/strong> I <strong data-start=\"4488\" data-end=\"4517\">analiza chromatograficzna<\/strong>.<br data-start=\"4518\" data-end=\"4521\" \/>Te peletki produkowane s\u0105 zgodnie z <strong data-start=\"4562\" data-end=\"4606\">jako\u015b\u0107 laboratoryjna (czysto\u015b\u0107 \u2265 98%)<\/strong> i zapakowane w <strong data-start=\"4621\" data-end=\"4638\">paski blistrowe<\/strong> dla optymalnej ochrony i stabilno\u015bci.<\/p>\n<blockquote data-start=\"4684\" data-end=\"4839\">\n<p data-start=\"4686\" data-end=\"4839\">\u26a0\ufe0f <strong data-start=\"4689\" data-end=\"4700\">UWAGA:<\/strong> \u015arut 2C-D przeznaczony jest wy\u0142\u0105cznie do <strong data-start=\"4744\" data-end=\"4785\">badania laboratoryjne i analityczne<\/strong> \u2014 <strong data-start=\"4788\" data-end=\"4836\">nie do spo\u017cycia przez ludzi i zwierz\u0119ta<\/strong>.<\/p>\n<\/blockquote>\n<hr data-start=\"4841\" data-end=\"4844\" \/>\n<h3 data-start=\"4846\" data-end=\"4877\"><strong data-start=\"4850\" data-end=\"4877\">G\u0142\u00f3wne cechy<\/strong><\/h3>\n<div class=\"_tableContainer_1rjym_1\">\n<div class=\"group _tableWrapper_1rjym_13 flex w-fit flex-col-reverse\" tabindex=\"-1\">\n<table class=\"w-fit min-w-(--thread-content-width)\" data-start=\"4879\" data-end=\"5360\">\n<thead data-start=\"4879\" data-end=\"4905\">\n<tr data-start=\"4879\" data-end=\"4905\">\n<th data-start=\"4879\" data-end=\"4889\" data-col-size=\"sm\">Funkcja<\/th>\n<th data-start=\"4889\" data-end=\"4905\" data-col-size=\"md\">Opis<\/th>\n<\/tr>\n<\/thead>\n<tbody data-start=\"4934\" data-end=\"5360\">\n<tr data-start=\"4934\" data-end=\"4994\">\n<td data-start=\"4934\" data-end=\"4955\" data-col-size=\"sm\"><strong data-start=\"4936\" data-end=\"4954\">Nazwa chemiczna<\/strong><\/td>\n<td data-start=\"4955\" data-end=\"4994\" data-col-size=\"md\">2,5-dimetoksy-4-metylofenetyloamina<\/td>\n<\/tr>\n<tr data-start=\"4995\" data-end=\"5028\">\n<td data-start=\"4995\" data-end=\"5020\" data-col-size=\"sm\"><strong data-start=\"4997\" data-end=\"5019\">Nazwa zwyczajowa<\/strong><\/td>\n<td data-start=\"5020\" data-end=\"5028\" data-col-size=\"md\">2C-D<\/td>\n<\/tr>\n<tr data-start=\"5029\" data-end=\"5064\">\n<td data-start=\"5029\" data-end=\"5044\" data-col-size=\"sm\"><strong data-start=\"5031\" data-end=\"5043\">Dawkowanie<\/strong><\/td>\n<td data-start=\"5044\" data-end=\"5064\" data-col-size=\"md\">10 mg na peletk\u0119<\/td>\n<\/tr>\n<tr data-start=\"5065\" data-end=\"5113\">\n<td data-start=\"5065\" data-end=\"5076\" data-col-size=\"sm\"><strong data-start=\"5067\" data-end=\"5075\">Formularz<\/strong><\/td>\n<td data-start=\"5076\" data-end=\"5113\" data-col-size=\"md\">Peletki sta\u0142e (opakowanie typu blister)<\/td>\n<\/tr>\n<tr data-start=\"5114\" data-end=\"5165\">\n<td data-start=\"5114\" data-end=\"5131\" data-col-size=\"sm\"><strong data-start=\"5116\" data-end=\"5130\">Czysto\u015b\u0107<\/strong><\/td>\n<td data-start=\"5131\" data-end=\"5165\" data-col-size=\"md\">\u2265 98% (testowane metod\u0105 HPLC i NMR)<\/td>\n<\/tr>\n<tr data-start=\"5166\" data-end=\"5235\">\n<td data-start=\"5166\" data-end=\"5189\" data-col-size=\"sm\"><strong data-start=\"5168\" data-end=\"5188\">Klasa chemiczna<\/strong><\/td>\n<td data-start=\"5189\" data-end=\"5235\" data-col-size=\"md\">Podstawiona fenetyloamina (rodzina 2C)<\/td>\n<\/tr>\n<tr data-start=\"5236\" data-end=\"5285\">\n<td data-start=\"5236\" data-end=\"5253\" data-col-size=\"sm\"><strong data-start=\"5238\" data-end=\"5252\">Opakowanie<\/strong><\/td>\n<td data-start=\"5253\" data-end=\"5285\" data-col-size=\"md\">Opakowanie typu blister zapiecz\u0119towane<\/td>\n<\/tr>\n<tr data-start=\"5286\" data-end=\"5360\">\n<td data-start=\"5286\" data-end=\"5300\" data-col-size=\"sm\"><strong data-start=\"5288\" data-end=\"5299\">Stosowanie<\/strong><\/td>\n<td data-start=\"5300\" data-end=\"5360\" data-col-size=\"md\">Tylko do bada\u0144 analitycznych, kryminalistycznych i chemicznych<\/td>\n<\/tr>\n<\/tbody>\n<\/table>\n<\/div>\n<\/div>\n<hr data-start=\"5362\" data-end=\"5365\" \/>\n<h3 data-start=\"5367\" data-end=\"5384\"><strong data-start=\"5371\" data-end=\"5384\">Zalety<\/strong><\/h3>\n<ul data-start=\"5386\" data-end=\"5834\">\n<li data-start=\"5386\" data-end=\"5484\">\n<p data-start=\"5388\" data-end=\"5484\"><strong data-start=\"5388\" data-end=\"5412\">Precyzyjnie dozowany<\/strong> \u2013 Ka\u017cda tabletka zawiera 10 mg 2C-D, co pozwala na uzyskanie wiarygodnych wynik\u00f3w bada\u0144.<\/p>\n<\/li>\n<li data-start=\"5485\" data-end=\"5565\">\n<p data-start=\"5487\" data-end=\"5565\"><strong data-start=\"5487\" data-end=\"5517\">Wysoka jako\u015b\u0107 laboratoryjna<\/strong> \u2013 Nadaje si\u0119 do analizy GC\/MS, HPLC i NMR.<\/p>\n<\/li>\n<li data-start=\"5566\" data-end=\"5655\">\n<p data-start=\"5568\" data-end=\"5655\"><strong data-start=\"5568\" data-end=\"5591\">Stabilne opakowanie<\/strong> \u2013 Opakowanie typu blister chroni przed zanieczyszczeniami i wilgoci\u0105.<\/p>\n<\/li>\n<li data-start=\"5656\" data-end=\"5735\">\n<p data-start=\"5658\" data-end=\"5735\"><strong data-start=\"5658\" data-end=\"5685\">Wysoka czysto\u015b\u0107<\/strong> \u2013 czysto\u015b\u0107 \u2265 98% zapewniaj\u0105ca sp\u00f3jne wyniki.<\/p>\n<\/li>\n<li data-start=\"5736\" data-end=\"5834\">\n<p data-start=\"5738\" data-end=\"5834\"><strong data-start=\"5738\" data-end=\"5758\">Warto\u015b\u0107 badawcza<\/strong> \u2013 Nadaje si\u0119 do bada\u0144 por\u00f3wnawczych z analogami 2C, takimi jak 2C-B i 2C-E.<\/p>\n<\/li>\n<\/ul>\n<hr data-start=\"5836\" data-end=\"5839\" \/>\n<h3 data-start=\"5841\" data-end=\"5893\"><strong data-start=\"5845\" data-end=\"5891\">U\u017cyj (tylko do cel\u00f3w badawczych)<\/strong><\/h3>\n<ol data-start=\"5895\" data-end=\"6319\">\n<li data-start=\"5895\" data-end=\"6001\">\n<p data-start=\"5898\" data-end=\"6001\"><strong data-start=\"5898\" data-end=\"5913\">Obs\u0142ugiwanie:<\/strong> Nale\u017cy nosi\u0107 r\u0119kawice, okulary ochronne i fartuch laboratoryjny; nale\u017cy pracowa\u0107 w kontrolowanym \u015brodowisku.<\/p>\n<\/li>\n<li data-start=\"6002\" data-end=\"6090\">\n<p data-start=\"6005\" data-end=\"6090\"><strong data-start=\"6005\" data-end=\"6018\">Pomiary:<\/strong> Ka\u017cda tabletka zawiera dok\u0142adnie 10 mg; nie modyfikowa\u0107 poza laboratorium.<\/p>\n<\/li>\n<li data-start=\"6091\" data-end=\"6180\">\n<p data-start=\"6094\" data-end=\"6180\"><strong data-start=\"6094\" data-end=\"6105\">Sk\u0142adowanie:<\/strong> Przechowywa\u0107 w ch\u0142odnym (2\u20138 \u00b0C), suchym i ciemnym miejscu, w oryginalnym blistrze.<\/p>\n<\/li>\n<li data-start=\"6181\" data-end=\"6245\">\n<p data-start=\"6184\" data-end=\"6245\"><strong data-start=\"6184\" data-end=\"6196\">Analiza:<\/strong> Nadaje si\u0119 do GC\/MS, LC-MS, HPLC, FTIR i NMR.<\/p>\n<\/li>\n<li data-start=\"6246\" data-end=\"6319\">\n<p data-start=\"6249\" data-end=\"6319\"><strong data-start=\"6249\" data-end=\"6266\">Dokumentacja:<\/strong> Rejestruj numery partii, czysto\u015b\u0107 i wyniki test\u00f3w.<\/p>\n<\/li>\n<\/ol>\n<hr data-start=\"6321\" data-end=\"6324\" \/>\n<h3 data-start=\"6326\" data-end=\"6361\"><strong data-start=\"6330\" data-end=\"6359\">Cz\u0119sto zadawane pytania (FAQ)<\/strong><\/h3>\n<p data-start=\"6363\" data-end=\"6563\"><strong data-start=\"6363\" data-end=\"6382\">1. Czym jest 2C-D?<\/strong><br data-start=\"6382\" data-end=\"6385\" \/>2C-D (2,5-dimetoksy-4-metylofenetyloamina) jest <strong data-start=\"6435\" data-end=\"6465\">syntetyczna fenetyloamina<\/strong> kt\u00f3ry jest stosowany w badaniach chemicznych i farmakologicznych nad wi\u0105zaniem receptor\u00f3w i badaniami SAR.<\/p>\n<p data-start=\"6565\" data-end=\"6740\"><strong data-start=\"6565\" data-end=\"6616\">2. Do czego s\u0142u\u017c\u0105 granulki 2C-D 10 mg?<\/strong><br data-start=\"6616\" data-end=\"6619\" \/>Pellet przeznaczony jest do: <strong data-start=\"6648\" data-end=\"6686\">badania analityczne i kryminalistyczne<\/strong>na przyk\u0142ad do chromatografii i spektroskopii.<\/p>\n<p data-start=\"6742\" data-end=\"6950\"><strong data-start=\"6742\" data-end=\"6780\">3. Czy zakup 2C-D jest legalny?<\/strong><br data-start=\"6780\" data-end=\"6783\" \/>Ten <strong data-start=\"6786\" data-end=\"6809\">legalno\u015b\u0107 2C-D<\/strong> R\u00f3\u017cni si\u0119 w zale\u017cno\u015bci od kraju. W niekt\u00f3rych krajach jest uznawany za substancj\u0119 kontrolowan\u0105. Zawsze sprawdzaj lokalne przepisy przed u\u017cyciem. <strong data-start=\"6933\" data-end=\"6947\">Kupuje 2C-D<\/strong>.<\/p>","protected":false},"excerpt":{"rendered":"<h2><strong>2C-D 10 MG Pellety<\/strong><\/h2>\n<ul>\n<li><strong>Opakowanie detaliczne<br \/>\n<\/strong><\/li>\n<li><strong>Liczba peletek w blistrze: 10<\/strong><\/li>\n<li><strong>Ceny nie zawieraj\u0105 podatku VAT 21%<\/strong><\/li>\n<li><strong>Sugerowana cena detaliczna: 49,95 \u20ac z VAT. KAD\u0179<\/strong><\/li>\n<\/ul>","protected":false},"featured_media":24548,"comment_status":"closed","ping_status":"closed","template":"","meta":[],"product_brand":[82],"product_cat":[555],"product_tag":[661,794,791,792,793,326],"class_list":{"0":"post-24533","1":"product","2":"type-product","3":"status-publish","4":"has-post-thumbnail","6":"product_brand-research-chemical","7":"product_cat-b2b","8":"product_tag-2c-d","9":"product_tag-2c-d-bestsellen","10":"product_tag-2c-d-kopen","11":"product_tag-2c-d-reddit","12":"product_tag-2cd-pellets","13":"product_tag-nl","15":"first","16":"instock","17":"taxable","18":"shipping-taxable","19":"purchasable","20":"product-type-variable"},"_links":{"self":[{"href":"https:\/\/researchchemicalhub.com\/pl\/wp-json\/wp\/v2\/product\/24533","targetHints":{"allow":["GET"]}}],"collection":[{"href":"https:\/\/researchchemicalhub.com\/pl\/wp-json\/wp\/v2\/product"}],"about":[{"href":"https:\/\/researchchemicalhub.com\/pl\/wp-json\/wp\/v2\/types\/product"}],"replies":[{"embeddable":true,"href":"https:\/\/researchchemicalhub.com\/pl\/wp-json\/wp\/v2\/comments?post=24533"}],"version-history":[{"count":5,"href":"https:\/\/researchchemicalhub.com\/pl\/wp-json\/wp\/v2\/product\/24533\/revisions"}],"predecessor-version":[{"id":27774,"href":"https:\/\/researchchemicalhub.com\/pl\/wp-json\/wp\/v2\/product\/24533\/revisions\/27774"}],"wp:featuredmedia":[{"embeddable":true,"href":"https:\/\/researchchemicalhub.com\/pl\/wp-json\/wp\/v2\/media\/24548"}],"wp:attachment":[{"href":"https:\/\/researchchemicalhub.com\/pl\/wp-json\/wp\/v2\/media?parent=24533"}],"wp:term":[{"taxonomy":"product_brand","embeddable":true,"href":"https:\/\/researchchemicalhub.com\/pl\/wp-json\/wp\/v2\/product_brand?post=24533"},{"taxonomy":"product_cat","embeddable":true,"href":"https:\/\/researchchemicalhub.com\/pl\/wp-json\/wp\/v2\/product_cat?post=24533"},{"taxonomy":"product_tag","embeddable":true,"href":"https:\/\/researchchemicalhub.com\/pl\/wp-json\/wp\/v2\/product_tag?post=24533"}],"curies":[{"name":"wp","href":"https:\/\/api.w.org\/{rel}","templated":true}]}}