{"id":24509,"date":"2025-10-20T17:41:53","date_gmt":"2025-10-20T17:41:53","guid":{"rendered":"https:\/\/researchchemicalhub.com\/?post_type=product&#038;p=24509"},"modified":"2025-10-29T08:12:55","modified_gmt":"2025-10-29T08:12:55","slug":"3fpm-50mg-zakje-3-pellets","status":"publish","type":"product","link":"https:\/\/researchchemicalhub.com\/pl\/shop\/b2b\/3fpm-50mg-zakje-3-pellets\/","title":{"rendered":"3-FPM 50mg woreczek 3 peletki"},"content":{"rendered":"<h3 data-start=\"4263\" data-end=\"4284\"><strong data-start=\"4267\" data-end=\"4282\">Wst\u0119p<\/strong><\/h3>\n<p data-start=\"4285\" data-end=\"4709\"><strong data-start=\"4285\" data-end=\"4318\">Saszetka 3-FPM 50 mg (3 peletki)<\/strong> zawiera <strong data-start=\"4325\" data-end=\"4373\">trzy precyzyjnie odmierzone dawki peletek po 50 mg<\/strong> <strong data-start=\"4374\" data-end=\"4407\">3-fluorofenmetrazyna (3-FPM)<\/strong> - Jaki\u015b <strong data-start=\"4414\" data-end=\"4441\">zwi\u0105zek syntetyczny<\/strong> z <strong data-start=\"4449\" data-end=\"4484\">podstawiona klasa morfoliny<\/strong>. 3 stopy na minut\u0119<br data-start=\"4485\" data-end=\"4488\" \/>Strukturalnie powi\u0105zany z <strong data-start=\"4512\" data-end=\"4528\">fenmetrazyna<\/strong>, 3-FPM jest u\u017cywany w <strong data-start=\"4554\" data-end=\"4607\">badania kryminalistyczne, analityczne i neurochemiczne<\/strong>, szczeg\u00f3lnie w przypadku bada\u0144 nad <strong data-start=\"4634\" data-end=\"4660\">transportery monoamin<\/strong> I <strong data-start=\"4664\" data-end=\"4706\">zale\u017cno\u015bci struktura-aktywno\u015b\u0107 (SAR)<\/strong>.<\/p>\n<p data-start=\"4711\" data-end=\"4990\">Pellety produkowane s\u0105 pod <strong data-start=\"4748\" data-end=\"4786\">surowe warunki laboratoryjne<\/strong> natychmiast <strong data-start=\"4795\" data-end=\"4819\">czysto\u015b\u0107 \u2265 98%<\/strong> dla uzyskania wiarygodnych i powtarzalnych wynik\u00f3w bada\u0144.<br data-start=\"4875\" data-end=\"4878\" \/>Ka\u017cda torba zawiera <strong data-start=\"4894\" data-end=\"4926\">trzy peletki (\u0142\u0105cznie 150 mg)<\/strong> w <strong data-start=\"4934\" data-end=\"4987\">opakowanie z mo\u017cliwo\u015bci\u0105 ponownego zamkni\u0119cia, odporne na wilgo\u0107 i \u0142adunki elektrostatyczne<\/strong>.<\/p>\n<blockquote data-start=\"4992\" data-end=\"5141\">\n<p data-start=\"4994\" data-end=\"5141\">\u26a0\ufe0f <strong data-start=\"4997\" data-end=\"5008\">UWAGA:<\/strong> 3-FPM jest przeznaczony wy\u0142\u0105cznie do <strong data-start=\"5043\" data-end=\"5078\">badania i wykorzystanie analityczne<\/strong> \u2014 <strong data-start=\"5081\" data-end=\"5138\">nie nadaje si\u0119 do spo\u017cycia przez ludzi i zwierz\u0119ta<\/strong>.<\/p>\n<\/blockquote>\n<hr data-start=\"5143\" data-end=\"5146\" \/>\n<h3 data-start=\"5148\" data-end=\"5179\"><strong data-start=\"5152\" data-end=\"5179\">G\u0142\u00f3wne cechy<\/strong><\/h3>\n<div class=\"_tableContainer_1rjym_1\">\n<div class=\"group _tableWrapper_1rjym_13 flex w-fit flex-col-reverse\" tabindex=\"-1\">\n<table class=\"w-fit min-w-(--thread-content-width)\" data-start=\"5181\" data-end=\"5706\">\n<thead data-start=\"5181\" data-end=\"5207\">\n<tr data-start=\"5181\" data-end=\"5207\">\n<th data-start=\"5181\" data-end=\"5191\" data-col-size=\"sm\">Funkcja<\/th>\n<th data-start=\"5191\" data-end=\"5207\" data-col-size=\"md\">Opis<\/th>\n<\/tr>\n<\/thead>\n<tbody data-start=\"5236\" data-end=\"5706\">\n<tr data-start=\"5236\" data-end=\"5281\">\n<td data-start=\"5236\" data-end=\"5257\" data-col-size=\"sm\"><strong data-start=\"5238\" data-end=\"5256\">Nazwa chemiczna<\/strong><\/td>\n<td data-start=\"5257\" data-end=\"5281\" data-col-size=\"md\">3-fluorofenmetrazyna<\/td>\n<\/tr>\n<tr data-start=\"5282\" data-end=\"5316\">\n<td data-start=\"5282\" data-end=\"5307\" data-col-size=\"sm\"><strong data-start=\"5284\" data-end=\"5306\">Nazwa zwyczajowa<\/strong><\/td>\n<td data-start=\"5307\" data-end=\"5316\" data-col-size=\"md\">3-FPM<\/td>\n<\/tr>\n<tr data-start=\"5317\" data-end=\"5390\">\n<td data-start=\"5317\" data-end=\"5332\" data-col-size=\"sm\"><strong data-start=\"5319\" data-end=\"5331\">Dawkowanie<\/strong><\/td>\n<td data-start=\"5332\" data-end=\"5390\" data-col-size=\"md\">50 mg na peletk\u0119 \u2013 \u0142\u0105cznie 150 mg (3 peletki w opakowaniu)<\/td>\n<\/tr>\n<tr data-start=\"5391\" data-end=\"5444\">\n<td data-start=\"5391\" data-end=\"5402\" data-col-size=\"sm\"><strong data-start=\"5393\" data-end=\"5401\">Formularz<\/strong><\/td>\n<td data-start=\"5402\" data-end=\"5444\" data-col-size=\"md\">Peletki sta\u0142e do u\u017cytku laboratoryjnego<\/td>\n<\/tr>\n<tr data-start=\"5445\" data-end=\"5497\">\n<td data-start=\"5445\" data-end=\"5462\" data-col-size=\"sm\"><strong data-start=\"5447\" data-end=\"5461\">Czysto\u015b\u0107<\/strong><\/td>\n<td data-start=\"5462\" data-end=\"5497\" data-col-size=\"md\">\u2265 98% (testowane metod\u0105 GC\/MS i NMR)<\/td>\n<\/tr>\n<tr data-start=\"5498\" data-end=\"5573\">\n<td data-start=\"5498\" data-end=\"5521\" data-col-size=\"sm\"><strong data-start=\"5500\" data-end=\"5520\">Klasa chemiczna<\/strong><\/td>\n<td data-start=\"5521\" data-end=\"5573\" data-col-size=\"md\">Podstawiony analog morfoliny\/fenmetrazyny<\/td>\n<\/tr>\n<tr data-start=\"5574\" data-end=\"5653\">\n<td data-start=\"5574\" data-end=\"5588\" data-col-size=\"sm\"><strong data-start=\"5576\" data-end=\"5587\">Stosowanie<\/strong><\/td>\n<td data-start=\"5588\" data-end=\"5653\" data-col-size=\"md\">Tylko do bada\u0144 analitycznych, kryminalistycznych i neurochemicznych<\/td>\n<\/tr>\n<tr data-start=\"5654\" data-end=\"5706\">\n<td data-start=\"5654\" data-end=\"5671\" data-col-size=\"sm\"><strong data-start=\"5656\" data-end=\"5670\">Opakowanie<\/strong><\/td>\n<td data-start=\"5671\" data-end=\"5706\" data-col-size=\"md\">Zamykana torba antystatyczna<\/td>\n<\/tr>\n<\/tbody>\n<\/table>\n<\/div>\n<\/div>\n<hr data-start=\"5708\" data-end=\"5711\" \/>\n<h3 data-start=\"5713\" data-end=\"5730\"><strong data-start=\"5717\" data-end=\"5730\">Zalety<\/strong><\/h3>\n<ul data-start=\"5732\" data-end=\"6210\">\n<li data-start=\"5732\" data-end=\"5837\">\n<p data-start=\"5734\" data-end=\"5837\"><strong data-start=\"5734\" data-end=\"5758\">Dok\u0142adne dawkowanie<\/strong> \u2013 Ka\u017cda tabletka zawiera dok\u0142adnie 50 mg 3-FPM, co pozwala na uzyskanie sp\u00f3jnych wynik\u00f3w bada\u0144.<\/p>\n<\/li>\n<li data-start=\"5838\" data-end=\"5939\">\n<p data-start=\"5840\" data-end=\"5939\"><strong data-start=\"5840\" data-end=\"5859\">Wysoka czysto\u015b\u0107<\/strong> \u2013 \u2265 98% jako\u015b\u0107 laboratoryjna, potwierdzona chromatografi\u0105 i spektroskopi\u0105.<\/p>\n<\/li>\n<li data-start=\"5940\" data-end=\"6025\">\n<p data-start=\"5942\" data-end=\"6025\"><strong data-start=\"5942\" data-end=\"5959\">Stabilny kszta\u0142t<\/strong> \u2013 Prawid\u0142owo przechowywane sta\u0142e peletki zachowuj\u0105 stabilno\u015b\u0107 przez d\u0142ugi czas.<\/p>\n<\/li>\n<li data-start=\"6026\" data-end=\"6109\">\n<p data-start=\"6028\" data-end=\"6109\"><strong data-start=\"6028\" data-end=\"6058\">Badania szeroko stosowane<\/strong> \u2013 Nadaje si\u0119 do GC\/MS, LC-MS, HPLC, FTIR i NMR.<\/p>\n<\/li>\n<li data-start=\"6110\" data-end=\"6210\">\n<p data-start=\"6112\" data-end=\"6210\"><strong data-start=\"6112\" data-end=\"6137\">Jako\u015b\u0107 \u015bledzona<\/strong> \u2013 Informacje o partii i Certyfikat Analizy (COA) dost\u0119pne na \u017c\u0105danie. 3fpm<\/p>\n<\/li>\n<\/ul>\n<hr data-start=\"6212\" data-end=\"6215\" \/>\n<h3 data-start=\"6217\" data-end=\"6269\"><strong data-start=\"6221\" data-end=\"6267\">U\u017cyj (tylko do cel\u00f3w badawczych)<\/strong><\/h3>\n<ol data-start=\"6271\" data-end=\"6688\">\n<li data-start=\"6271\" data-end=\"6382\">\n<p data-start=\"6274\" data-end=\"6382\"><strong data-start=\"6274\" data-end=\"6289\">Obs\u0142ugiwanie:<\/strong> Nale\u017cy nosi\u0107 r\u0119kawice, okulary ochronne i fartuch laboratoryjny; pracowa\u0107 w kontrolowanych warunkach.<\/p>\n<\/li>\n<li data-start=\"6383\" data-end=\"6466\">\n<p data-start=\"6386\" data-end=\"6466\"><strong data-start=\"6386\" data-end=\"6399\">Pomiary:<\/strong> Ka\u017cda tabletka zawiera 50 mg; nie nale\u017cy modyfikowa\u0107 poza laboratorium.<\/p>\n<\/li>\n<li data-start=\"6467\" data-end=\"6546\">\n<p data-start=\"6470\" data-end=\"6546\"><strong data-start=\"6470\" data-end=\"6481\">Sk\u0142adowanie:<\/strong> Przechowywa\u0107 w ch\u0142odnym (2\u20138 \u00b0C), suchym i ciemnym miejscu, w oryginalnym opakowaniu.<\/p>\n<\/li>\n<li data-start=\"6547\" data-end=\"6611\">\n<p data-start=\"6550\" data-end=\"6611\"><strong data-start=\"6550\" data-end=\"6562\">Analiza:<\/strong> Nadaje si\u0119 do GC\/MS, HPLC, FTIR, LC-MS i NMR.<\/p>\n<\/li>\n<li data-start=\"6612\" data-end=\"6688\">\n<p data-start=\"6615\" data-end=\"6688\"><strong data-start=\"6615\" data-end=\"6632\">Dokumentacja:<\/strong> Zapisz numer partii, czysto\u015b\u0107 i wyniki test\u00f3w.<\/p>\n<\/li>\n<\/ol>\n<hr data-start=\"6690\" data-end=\"6693\" \/>\n<h3 data-start=\"6695\" data-end=\"6730\"><strong data-start=\"6699\" data-end=\"6728\">Cz\u0119sto zadawane pytania (FAQ)<\/strong><\/h3>\n<p data-start=\"6732\" data-end=\"6914\"><strong data-start=\"6732\" data-end=\"6752\">1. Czym jest 3-FPM?<\/strong><br data-start=\"6752\" data-end=\"6755\" \/><strong data-start=\"6755\" data-end=\"6787\">3-FPM (3-fluorofenmetrazyna)<\/strong> jest <strong data-start=\"6795\" data-end=\"6825\">syntetyczna substancja badawcza<\/strong> z rodziny morfolin, stosowana w badaniach analitycznych i neurochemicznych.<\/p>\n<p data-start=\"6916\" data-end=\"7074\"><strong data-start=\"6916\" data-end=\"6971\">2. Co zawiera saszetka 3-FPM 50 mg (3 peletki)?<\/strong><br data-start=\"6971\" data-end=\"6974\" \/>Torba zawiera <strong data-start=\"6990\" data-end=\"7042\">trzy granulki po 50 mg 3-FPM ka\u017cda (\u0142\u0105cznie 150 mg)<\/strong> o czysto\u015bci \u2265 98%.<\/p>\n<p data-start=\"7076\" data-end=\"7278\"><strong data-start=\"7076\" data-end=\"7115\">3. Czy zakup 3-FPM jest legalny?<\/strong><br data-start=\"7115\" data-end=\"7118\" \/>Ten <strong data-start=\"7121\" data-end=\"7145\">legalno\u015b\u0107 3-FPM<\/strong> R\u00f3\u017cni si\u0119 w zale\u017cno\u015bci od kraju. W niekt\u00f3rych krajach podlega ustawie o opium; zawsze sprawd\u017a lokalne przepisy przed u\u017cyciem. <strong data-start=\"7260\" data-end=\"7275\">Kupuje 3-FPM<\/strong>.<\/p>","protected":false},"excerpt":{"rendered":"<h2><span data-sheets-value=\"{\" data-sheets-userformat=\"{\">3-FPM 50 mg woreczek z 3 peletkami<\/span><\/h2>\n<ul>\n<li><strong>Opakowanie detaliczne<br \/>\n<\/strong><\/li>\n<li><strong>Ilo\u015b\u0107 peletek w worku: 3<\/strong><\/li>\n<li><strong>Ceny nie zawieraj\u0105 podatku VAT 21%<\/strong><\/li>\n<li><strong>Sugerowana cena detaliczna: 21,95 \u20ac z VAT. KAD\u0179<\/strong><\/li>\n<\/ul>","protected":false},"featured_media":28407,"comment_status":"closed","ping_status":"closed","template":"","meta":[],"product_brand":[82],"product_cat":[555],"product_tag":[606,601,605,326],"class_list":{"0":"post-24509","1":"product","2":"type-product","3":"status-publish","4":"has-post-thumbnail","6":"product_brand-research-chemical","7":"product_cat-b2b","8":"product_tag-3-fluorophenmetrazine","9":"product_tag-3-fpm","10":"product_tag-3fpm","11":"product_tag-nl","13":"first","14":"instock","15":"taxable","16":"shipping-taxable","17":"purchasable","18":"product-type-variable"},"_links":{"self":[{"href":"https:\/\/researchchemicalhub.com\/pl\/wp-json\/wp\/v2\/product\/24509","targetHints":{"allow":["GET"]}}],"collection":[{"href":"https:\/\/researchchemicalhub.com\/pl\/wp-json\/wp\/v2\/product"}],"about":[{"href":"https:\/\/researchchemicalhub.com\/pl\/wp-json\/wp\/v2\/types\/product"}],"replies":[{"embeddable":true,"href":"https:\/\/researchchemicalhub.com\/pl\/wp-json\/wp\/v2\/comments?post=24509"}],"version-history":[{"count":5,"href":"https:\/\/researchchemicalhub.com\/pl\/wp-json\/wp\/v2\/product\/24509\/revisions"}],"predecessor-version":[{"id":27776,"href":"https:\/\/researchchemicalhub.com\/pl\/wp-json\/wp\/v2\/product\/24509\/revisions\/27776"}],"wp:featuredmedia":[{"embeddable":true,"href":"https:\/\/researchchemicalhub.com\/pl\/wp-json\/wp\/v2\/media\/28407"}],"wp:attachment":[{"href":"https:\/\/researchchemicalhub.com\/pl\/wp-json\/wp\/v2\/media?parent=24509"}],"wp:term":[{"taxonomy":"product_brand","embeddable":true,"href":"https:\/\/researchchemicalhub.com\/pl\/wp-json\/wp\/v2\/product_brand?post=24509"},{"taxonomy":"product_cat","embeddable":true,"href":"https:\/\/researchchemicalhub.com\/pl\/wp-json\/wp\/v2\/product_cat?post=24509"},{"taxonomy":"product_tag","embeddable":true,"href":"https:\/\/researchchemicalhub.com\/pl\/wp-json\/wp\/v2\/product_tag?post=24509"}],"curies":[{"name":"wp","href":"https:\/\/api.w.org\/{rel}","templated":true}]}}