{"id":24469,"date":"2025-10-20T17:41:48","date_gmt":"2025-10-20T17:41:48","guid":{"rendered":"https:\/\/researchchemicalhub.com\/?post_type=product&#038;p=24469"},"modified":"2025-10-21T16:12:40","modified_gmt":"2025-10-21T16:12:40","slug":"moxy-5-meo-mipt-10mg-granulki","status":"publish","type":"product","link":"https:\/\/researchchemicalhub.com\/pl\/sklep\/rozowa-mandala-2\/moxy-5-meo-mipt-10mg-granulki\/","title":{"rendered":"Moxy 5-MeO-MiPT 10 mg granulki"},"content":{"rendered":"<h3 data-start=\"4181\" data-end=\"4202\"><strong data-start=\"4185\" data-end=\"4200\">Wst\u0119p<\/strong><\/h3>\n<p data-start=\"4203\" data-end=\"4601\"><strong data-start=\"4203\" data-end=\"4235\">Moxy 5-MeO-MiPT 10 mg granulki<\/strong> zawiera\u0107 <strong data-start=\"4245\" data-end=\"4286\">precyzyjnie odwa\u017cone granulki o masie 10 mg<\/strong> <strong data-start=\"4287\" data-end=\"4344\">5-MeO-MiPT (5-metoksy-N-metylo-N-izopropylotryptamina)<\/strong> - Jaki\u015b <strong data-start=\"4351\" data-end=\"4388\">syntetyczny zwi\u0105zek tryptaminy<\/strong> z <strong data-start=\"4396\" data-end=\"4422\">rodzina alkaloid\u00f3w indolowych<\/strong>. 5 meo mipt<br data-start=\"4423\" data-end=\"4426\" \/>5-MeO-MiPT, znany r\u00f3wnie\u017c jako <strong data-start=\"4453\" data-end=\"4461\">Moxy<\/strong>, jest <strong data-start=\"4470\" data-end=\"4493\">strukturalnie analogiczny<\/strong> przez <strong data-start=\"4498\" data-end=\"4511\">5-MeO-DMT<\/strong> I <strong data-start=\"4515\" data-end=\"4523\">MiPT<\/strong> i jest u\u017cywany w <strong data-start=\"4545\" data-end=\"4598\">badania neurochemiczne, analityczne i kryminalistyczne<\/strong>.<\/p>\n<p data-start=\"4603\" data-end=\"4777\">Ka\u017cdy pelet jest produkowany z <strong data-start=\"4642\" data-end=\"4678\">czysto\u015b\u0107 laboratoryjna \u2265 98%<\/strong> i zapakowane w <strong data-start=\"4697\" data-end=\"4731\">opakowanie ochronne typu blister<\/strong> dla maksymalnej stabilno\u015bci i \u0142atwo\u015bci u\u017cytkowania.<\/p>\n<blockquote data-start=\"4779\" data-end=\"4931\">\n<p data-start=\"4781\" data-end=\"4931\">\u26a0\ufe0f <strong data-start=\"4784\" data-end=\"4795\">UWAGA:<\/strong> Ten produkt jest przeznaczony wy\u0142\u0105cznie do u\u017cytku <strong data-start=\"4836\" data-end=\"4877\">badania laboratoryjne i analityczne<\/strong> \u2014 <strong data-start=\"4880\" data-end=\"4928\">nie do spo\u017cycia przez ludzi i zwierz\u0119ta<\/strong>.<\/p>\n<\/blockquote>\n<hr data-start=\"4933\" data-end=\"4936\" \/>\n<h3 data-start=\"4938\" data-end=\"4969\"><strong data-start=\"4942\" data-end=\"4969\">G\u0142\u00f3wne cechy<\/strong><\/h3>\n<div class=\"_tableContainer_1rjym_1\">\n<div class=\"group _tableWrapper_1rjym_13 flex w-fit flex-col-reverse\" tabindex=\"-1\">\n<table class=\"w-fit min-w-(--thread-content-width)\" data-start=\"4971\" data-end=\"5556\">\n<thead data-start=\"4971\" data-end=\"4997\">\n<tr data-start=\"4971\" data-end=\"4997\">\n<th data-start=\"4971\" data-end=\"4981\" data-col-size=\"sm\">Funkcja<\/th>\n<th data-start=\"4981\" data-end=\"4997\" data-col-size=\"md\">Opis<\/th>\n<\/tr>\n<\/thead>\n<tbody data-start=\"5026\" data-end=\"5556\">\n<tr data-start=\"5026\" data-end=\"5091\">\n<td data-start=\"5026\" data-end=\"5047\" data-col-size=\"sm\"><strong data-start=\"5028\" data-end=\"5046\">Nazwa chemiczna<\/strong><\/td>\n<td data-start=\"5047\" data-end=\"5091\" data-col-size=\"md\">5-metoksy-N-metylo-N-izopropylotryptamina<\/td>\n<\/tr>\n<tr data-start=\"5092\" data-end=\"5138\">\n<td data-start=\"5092\" data-end=\"5117\" data-col-size=\"sm\"><strong data-start=\"5094\" data-end=\"5116\">Nazwa zwyczajowa<\/strong><\/td>\n<td data-start=\"5117\" data-end=\"5138\" data-col-size=\"md\">5-MeO-MiPT \/ Moxy<\/td>\n<\/tr>\n<tr data-start=\"5139\" data-end=\"5176\">\n<td data-start=\"5139\" data-end=\"5163\" data-col-size=\"sm\"><strong data-start=\"5141\" data-end=\"5162\">Wz\u00f3r chemiczny<\/strong><\/td>\n<td data-start=\"5163\" data-end=\"5176\" data-col-size=\"md\">C\u2081\u2085H\u2082\u2082N\u2082O<\/td>\n<\/tr>\n<tr data-start=\"5177\" data-end=\"5215\">\n<td data-start=\"5177\" data-end=\"5199\" data-col-size=\"sm\"><strong data-start=\"5179\" data-end=\"5198\">Masa cz\u0105steczkowa<\/strong><\/td>\n<td data-start=\"5199\" data-end=\"5215\" data-col-size=\"md\">246,35 g\/mol<\/td>\n<\/tr>\n<tr data-start=\"5216\" data-end=\"5250\">\n<td data-start=\"5216\" data-end=\"5231\" data-col-size=\"sm\"><strong data-start=\"5218\" data-end=\"5230\">Dawkowanie<\/strong><\/td>\n<td data-start=\"5231\" data-end=\"5250\" data-col-size=\"md\">10 mg na peletk\u0119<\/td>\n<\/tr>\n<tr data-start=\"5251\" data-end=\"5298\">\n<td data-start=\"5251\" data-end=\"5262\" data-col-size=\"sm\"><strong data-start=\"5253\" data-end=\"5261\">Formularz<\/strong><\/td>\n<td data-start=\"5262\" data-end=\"5298\" data-col-size=\"md\">Pellet sta\u0142y (opakowanie typu blister)<\/td>\n<\/tr>\n<tr data-start=\"5299\" data-end=\"5350\">\n<td data-start=\"5299\" data-end=\"5316\" data-col-size=\"sm\"><strong data-start=\"5301\" data-end=\"5315\">Czysto\u015b\u0107<\/strong><\/td>\n<td data-start=\"5316\" data-end=\"5350\" data-col-size=\"md\">\u2265 98% (testowane metod\u0105 HPLC i NMR)<\/td>\n<\/tr>\n<tr data-start=\"5351\" data-end=\"5419\">\n<td data-start=\"5351\" data-end=\"5374\" data-col-size=\"sm\"><strong data-start=\"5353\" data-end=\"5373\">Klasa chemiczna<\/strong><\/td>\n<td data-start=\"5374\" data-end=\"5419\" data-col-size=\"md\">Syntetyczna tryptamina\/alkaloid indolowy<\/td>\n<\/tr>\n<tr data-start=\"5420\" data-end=\"5494\">\n<td data-start=\"5420\" data-end=\"5434\" data-col-size=\"sm\"><strong data-start=\"5422\" data-end=\"5433\">Stosowanie<\/strong><\/td>\n<td data-start=\"5434\" data-end=\"5494\" data-col-size=\"md\">Tylko do bada\u0144 analitycznych, kryminalistycznych i chemicznych<\/td>\n<\/tr>\n<tr data-start=\"5495\" data-end=\"5556\">\n<td data-start=\"5495\" data-end=\"5512\" data-col-size=\"sm\"><strong data-start=\"5497\" data-end=\"5511\">Opakowanie<\/strong><\/td>\n<td data-start=\"5512\" data-end=\"5556\" data-col-size=\"md\">Blister z plomb\u0105 laboratoryjn\u0105<\/td>\n<\/tr>\n<\/tbody>\n<\/table>\n<\/div>\n<\/div>\n<hr data-start=\"5558\" data-end=\"5561\" \/>\n<h3 data-start=\"5563\" data-end=\"5580\"><strong data-start=\"5567\" data-end=\"5580\">Zalety<\/strong><\/h3>\n<ul data-start=\"5582\" data-end=\"6001\">\n<li data-start=\"5582\" data-end=\"5674\">\n<p data-start=\"5584\" data-end=\"5674\"><strong data-start=\"5584\" data-end=\"5603\">Wysoka czysto\u015b\u0107<\/strong> \u2013 \u2265 98% jako\u015b\u0107 laboratoryjna gwarantuj\u0105ca wiarygodne wyniki bada\u0144.<\/p>\n<\/li>\n<li data-start=\"5675\" data-end=\"5748\">\n<p data-start=\"5677\" data-end=\"5748\"><strong data-start=\"5677\" data-end=\"5701\">Dok\u0142adne dawkowanie<\/strong> \u2013 10 mg na tabletk\u0119 dla zapewnienia sp\u00f3jnej analizy.<\/p>\n<\/li>\n<li data-start=\"5749\" data-end=\"5834\">\n<p data-start=\"5751\" data-end=\"5834\"><strong data-start=\"5751\" data-end=\"5776\">Opakowanie ochronne<\/strong> \u2013 Opakowanie typu blister zapobiega degradacji pod wp\u0142ywem \u015bwiat\u0142a i wilgoci. 5 mipt.<\/p>\n<\/li>\n<li data-start=\"5835\" data-end=\"5918\">\n<p data-start=\"5837\" data-end=\"5918\"><strong data-start=\"5837\" data-end=\"5867\">Badania szeroko stosowane<\/strong> \u2013 Nadaje si\u0119 do GC\/MS, LC-MS, HPLC, FTIR i NMR.<\/p>\n<\/li>\n<li data-start=\"5919\" data-end=\"6001\">\n<p data-start=\"5921\" data-end=\"6001\"><strong data-start=\"5921\" data-end=\"5945\">W pe\u0142ni \u015bledzone<\/strong> \u2013 Ka\u017cda partia zawiera informacje o jako\u015bci.<\/p>\n<\/li>\n<\/ul>\n<hr data-start=\"6003\" data-end=\"6006\" \/>\n<h3 data-start=\"6008\" data-end=\"6060\"><strong data-start=\"6012\" data-end=\"6058\">U\u017cyj (tylko do cel\u00f3w badawczych)<\/strong><\/h3>\n<ol data-start=\"6062\" data-end=\"6459\">\n<li data-start=\"6062\" data-end=\"6131\">\n<p data-start=\"6065\" data-end=\"6131\"><strong data-start=\"6065\" data-end=\"6080\">Obs\u0142ugiwanie:<\/strong> Nale\u017cy nosi\u0107 r\u0119kawice, okulary ochronne i fartuch laboratoryjny.<\/p>\n<\/li>\n<li data-start=\"6132\" data-end=\"6219\">\n<p data-start=\"6135\" data-end=\"6219\"><strong data-start=\"6135\" data-end=\"6148\">Pomiary:<\/strong> Ka\u017cda tabletka zawiera 10 mg; nie nale\u017cy modyfikowa\u0107 poza warunkami laboratoryjnymi.<\/p>\n<\/li>\n<li data-start=\"6220\" data-end=\"6305\">\n<p data-start=\"6223\" data-end=\"6305\"><strong data-start=\"6223\" data-end=\"6234\">Sk\u0142adowanie:<\/strong> Przechowywa\u0107 w ch\u0142odnym (2\u20138\u00b0C), suchym i ciemnym miejscu, w oryginalnym opakowaniu typu blister.<\/p>\n<\/li>\n<li data-start=\"6306\" data-end=\"6397\">\n<p data-start=\"6309\" data-end=\"6397\"><strong data-start=\"6309\" data-end=\"6321\">Analiza:<\/strong> Nadaje si\u0119 do chromatografii, spektroskopii i identyfikacji kryminalistycznej.<\/p>\n<\/li>\n<li data-start=\"6398\" data-end=\"6459\">\n<p data-start=\"6401\" data-end=\"6459\"><strong data-start=\"6401\" data-end=\"6418\">Dokumentacja:<\/strong> Rejestruj numery partii i wyniki test\u00f3w.<\/p>\n<\/li>\n<\/ol>\n<hr data-start=\"6461\" data-end=\"6464\" \/>\n<h3 data-start=\"6466\" data-end=\"6501\"><strong data-start=\"6470\" data-end=\"6499\">Cz\u0119sto zadawane pytania (FAQ)<\/strong><\/h3>\n<p data-start=\"6503\" data-end=\"6694\"><strong data-start=\"6503\" data-end=\"6535\">1. Czym jest 5-MeO-MiPT (Moxy)?<\/strong><br data-start=\"6535\" data-end=\"6538\" \/><strong data-start=\"6538\" data-end=\"6559\">5-MeO-MiPT (Moxy)<\/strong> jest <strong data-start=\"6567\" data-end=\"6604\">syntetyczny zwi\u0105zek tryptaminy<\/strong> kt\u00f3ry s\u0142u\u017cy do bada\u0144 nad receptorami serotoninowymi i aktywno\u015bci\u0105 strukturaln\u0105.<\/p>\n<p data-start=\"6696\" data-end=\"6869\"><strong data-start=\"6696\" data-end=\"6757\">2. Do czego s\u0142u\u017c\u0105 granulki Moxy 5-MeO-MiPT 10 mg?<\/strong><br data-start=\"6757\" data-end=\"6760\" \/>Pellet przeznaczony jest do: <strong data-start=\"6789\" data-end=\"6827\">badania analityczne i kryminalistyczne<\/strong>, takich jak chromatografia i spektroskopia.<\/p>\n<p data-start=\"6871\" data-end=\"7042\"><strong data-start=\"6871\" data-end=\"6915\">3. Czy zakup 5-MeO-MiPT jest legalny?<\/strong><br data-start=\"6915\" data-end=\"6918\" \/>Ten <strong data-start=\"6921\" data-end=\"6950\">legalno\u015b\u0107 5-MeO-MiPT<\/strong> R\u00f3\u017cni si\u0119 w zale\u017cno\u015bci od kraju. Zawsze sprawdzaj lokalne przepisy przed u\u017cyciem. <strong data-start=\"7019\" data-end=\"7039\">Zakupy 5-MeO-MiPT<\/strong>.<\/p>","protected":false},"excerpt":{"rendered":"<p>Introductie Moxy 5-MeO-MiPT 10mg Pellets bevatten nauwkeurig afgewogen pellets van 10mg 5-MeO-MiPT (5-Methoxy-N-methyl-N-isopropyltryptamine) \u2014 een synthetische tryptamineverbinding uit de indoolalkalo\u00efdefamilie.<\/p>","protected":false},"featured_media":21432,"comment_status":"closed","ping_status":"closed","template":"","meta":[],"product_brand":[82],"product_cat":[436,434,324,381],"product_tag":[824,650,826,825,326,827],"class_list":{"0":"post-24469","1":"product","2":"type-product","3":"status-publish","4":"has-post-thumbnail","6":"product_brand-research-chemical","7":"product_cat-5-meo-mipt","8":"product_cat-5-meo-mipt-pellets","9":"product_cat-pellets-for-pellet","10":"product_cat-tryptamines","11":"product_tag-5-meo-mipt-moxy","12":"product_tag-5-meo-mipt","13":"product_tag-5-meo-mipt-moxy-purifie","14":"product_tag-moxy-5-meo-mipt","15":"product_tag-nl","16":"product_tag-purifie-moxy-5-meo-mipt","18":"first","19":"instock","20":"taxable","21":"shipping-taxable","22":"purchasable","23":"product-type-variable"},"_links":{"self":[{"href":"https:\/\/researchchemicalhub.com\/pl\/wp-json\/wp\/v2\/product\/24469","targetHints":{"allow":["GET"]}}],"collection":[{"href":"https:\/\/researchchemicalhub.com\/pl\/wp-json\/wp\/v2\/product"}],"about":[{"href":"https:\/\/researchchemicalhub.com\/pl\/wp-json\/wp\/v2\/types\/product"}],"replies":[{"embeddable":true,"href":"https:\/\/researchchemicalhub.com\/pl\/wp-json\/wp\/v2\/comments?post=24469"}],"version-history":[{"count":5,"href":"https:\/\/researchchemicalhub.com\/pl\/wp-json\/wp\/v2\/product\/24469\/revisions"}],"predecessor-version":[{"id":27784,"href":"https:\/\/researchchemicalhub.com\/pl\/wp-json\/wp\/v2\/product\/24469\/revisions\/27784"}],"wp:featuredmedia":[{"embeddable":true,"href":"https:\/\/researchchemicalhub.com\/pl\/wp-json\/wp\/v2\/media\/21432"}],"wp:attachment":[{"href":"https:\/\/researchchemicalhub.com\/pl\/wp-json\/wp\/v2\/media?parent=24469"}],"wp:term":[{"taxonomy":"product_brand","embeddable":true,"href":"https:\/\/researchchemicalhub.com\/pl\/wp-json\/wp\/v2\/product_brand?post=24469"},{"taxonomy":"product_cat","embeddable":true,"href":"https:\/\/researchchemicalhub.com\/pl\/wp-json\/wp\/v2\/product_cat?post=24469"},{"taxonomy":"product_tag","embeddable":true,"href":"https:\/\/researchchemicalhub.com\/pl\/wp-json\/wp\/v2\/product_tag?post=24469"}],"curies":[{"name":"wp","href":"https:\/\/api.w.org\/{rel}","templated":true}]}}