{"id":24443,"date":"2025-10-20T17:41:44","date_gmt":"2025-10-20T17:41:44","guid":{"rendered":"https:\/\/researchchemicalhub.com\/?post_type=product&#038;p=24443"},"modified":"2025-10-29T08:23:18","modified_gmt":"2025-10-29T08:23:18","slug":"ipph-25-mg-pellets","status":"publish","type":"product","link":"https:\/\/researchchemicalhub.com\/pl\/shop\/ipph\/ipph-25-mg-pellets\/","title":{"rendered":"Izopropylofenidat (IPPH) 25 MG Pellety"},"content":{"rendered":"<h3 data-start=\"4132\" data-end=\"4153\"><strong data-start=\"4136\" data-end=\"4151\">Wst\u0119p<\/strong><\/h3>\n<p data-start=\"4154\" data-end=\"4608\"><strong data-start=\"4154\" data-end=\"4195\">Izopropylofenidat (IPPH) 25 mg granulki<\/strong> zawiera\u0107 <strong data-start=\"4205\" data-end=\"4242\">25 mg izopropylofenidatu o wysokiej czysto\u015bci<\/strong>, Jaki\u015b <strong data-start=\"4248\" data-end=\"4272\">zwi\u0105zek piperydyny<\/strong> kt\u00f3ry jest strukturalnie powi\u0105zany z <strong data-start=\"4304\" data-end=\"4322\">metylofenidat<\/strong> I <strong data-start=\"4326\" data-end=\"4343\">etylofenidat<\/strong>.ipph\u00a0<br data-start=\"4344\" data-end=\"4347\" \/>Wewn\u0105trz <strong data-start=\"4354\" data-end=\"4395\">badania neurochemiczne i analityczne<\/strong> IPPH jest u\u017cywany jako <strong data-start=\"4420\" data-end=\"4473\">analog inhibitora wychwytu zwrotnego dopaminy i noradrenaliny<\/strong>Jest stosowany w badaniach <strong data-start=\"4512\" data-end=\"4538\">transportery monoamin<\/strong>, <strong data-start=\"4540\" data-end=\"4582\">zale\u017cno\u015bci struktura-aktywno\u015b\u0107 (SAR)<\/strong> I <strong data-start=\"4586\" data-end=\"4605\">wi\u0105zanie receptora<\/strong>.<\/p>\n<p data-start=\"4610\" data-end=\"4786\">Ka\u017cdy pelet jest produkowany z <strong data-start=\"4646\" data-end=\"4670\">czysto\u015b\u0107 \u2265 98%<\/strong>, pakowane pojedynczo w <strong data-start=\"4699\" data-end=\"4715\">pasek blistrowy<\/strong> i zaprojektowane dla <strong data-start=\"4734\" data-end=\"4783\">dok\u0142adne dawkowanie i stabilno\u015b\u0107 chemiczna<\/strong>.<\/p>\n<blockquote data-start=\"4788\" data-end=\"4934\">\n<p data-start=\"4790\" data-end=\"4934\">\u26a0\ufe0f <strong data-start=\"4793\" data-end=\"4804\">UWAGA:<\/strong> Ten produkt jest przeznaczony wy\u0142\u0105cznie do u\u017cytku <strong data-start=\"4845\" data-end=\"4880\">badania i wykorzystanie analityczne<\/strong> \u2014 <strong data-start=\"4883\" data-end=\"4931\">nie do spo\u017cycia przez ludzi i zwierz\u0119ta<\/strong>.<\/p>\n<\/blockquote>\n<hr data-start=\"4936\" data-end=\"4939\" \/>\n<h3 data-start=\"4941\" data-end=\"4972\"><strong data-start=\"4945\" data-end=\"4972\">G\u0142\u00f3wne cechy<\/strong><\/h3>\n<div class=\"_tableContainer_1rjym_1\">\n<div class=\"group _tableWrapper_1rjym_13 flex w-fit flex-col-reverse\" tabindex=\"-1\">\n<table class=\"w-fit min-w-(--thread-content-width)\" data-start=\"4974\" data-end=\"5527\">\n<thead data-start=\"4974\" data-end=\"5000\">\n<tr data-start=\"4974\" data-end=\"5000\">\n<th data-start=\"4974\" data-end=\"4984\" data-col-size=\"sm\">Funkcja<\/th>\n<th data-start=\"4984\" data-end=\"5000\" data-col-size=\"md\">Opis<\/th>\n<\/tr>\n<\/thead>\n<tbody data-start=\"5029\" data-end=\"5527\">\n<tr data-start=\"5029\" data-end=\"5085\">\n<td data-start=\"5029\" data-end=\"5050\" data-col-size=\"sm\"><strong data-start=\"5031\" data-end=\"5049\">Nazwa chemiczna<\/strong><\/td>\n<td data-start=\"5050\" data-end=\"5085\" data-col-size=\"md\">Chlorowodorek izopropylofenidatu<\/td>\n<\/tr>\n<tr data-start=\"5086\" data-end=\"5119\">\n<td data-start=\"5086\" data-end=\"5111\" data-col-size=\"sm\"><strong data-start=\"5088\" data-end=\"5110\">Nazwa zwyczajowa<\/strong><\/td>\n<td data-start=\"5111\" data-end=\"5119\" data-col-size=\"md\">IPPH<\/td>\n<\/tr>\n<tr data-start=\"5120\" data-end=\"5157\">\n<td data-start=\"5120\" data-end=\"5144\" data-col-size=\"sm\"><strong data-start=\"5122\" data-end=\"5143\">Wz\u00f3r chemiczny<\/strong><\/td>\n<td data-start=\"5144\" data-end=\"5157\" data-col-size=\"md\">C\u2081\u2085H\u2082\u2081NO\u2082<\/td>\n<\/tr>\n<tr data-start=\"5158\" data-end=\"5196\">\n<td data-start=\"5158\" data-end=\"5180\" data-col-size=\"sm\"><strong data-start=\"5160\" data-end=\"5179\">Masa cz\u0105steczkowa<\/strong><\/td>\n<td data-start=\"5180\" data-end=\"5196\" data-col-size=\"md\">247,33 g\/mol<\/td>\n<\/tr>\n<tr data-start=\"5197\" data-end=\"5231\">\n<td data-start=\"5197\" data-end=\"5212\" data-col-size=\"sm\"><strong data-start=\"5199\" data-end=\"5211\">Dawkowanie<\/strong><\/td>\n<td data-start=\"5212\" data-end=\"5231\" data-col-size=\"md\">25 mg na peletk\u0119<\/td>\n<\/tr>\n<tr data-start=\"5232\" data-end=\"5279\">\n<td data-start=\"5232\" data-end=\"5243\" data-col-size=\"sm\"><strong data-start=\"5234\" data-end=\"5242\">Formularz<\/strong><\/td>\n<td data-start=\"5243\" data-end=\"5279\" data-col-size=\"md\">Pellet sta\u0142y (opakowanie typu blister)<\/td>\n<\/tr>\n<tr data-start=\"5280\" data-end=\"5331\">\n<td data-start=\"5280\" data-end=\"5297\" data-col-size=\"sm\"><strong data-start=\"5282\" data-end=\"5296\">Czysto\u015b\u0107<\/strong><\/td>\n<td data-start=\"5297\" data-end=\"5331\" data-col-size=\"md\">\u2265 98% (testowane metod\u0105 HPLC i NMR)<\/td>\n<\/tr>\n<tr data-start=\"5332\" data-end=\"5397\">\n<td data-start=\"5332\" data-end=\"5355\" data-col-size=\"sm\"><strong data-start=\"5334\" data-end=\"5354\">Klasa chemiczna<\/strong><\/td>\n<td data-start=\"5355\" data-end=\"5397\" data-col-size=\"md\">Pochodna piperydyny \/ analog fenidatu<\/td>\n<\/tr>\n<tr data-start=\"5398\" data-end=\"5477\">\n<td data-start=\"5398\" data-end=\"5412\" data-col-size=\"sm\"><strong data-start=\"5400\" data-end=\"5411\">Stosowanie<\/strong><\/td>\n<td data-start=\"5412\" data-end=\"5477\" data-col-size=\"md\">Tylko do bada\u0144 analitycznych, kryminalistycznych i neurochemicznych<\/td>\n<\/tr>\n<tr data-start=\"5478\" data-end=\"5527\">\n<td data-start=\"5478\" data-end=\"5495\" data-col-size=\"sm\"><strong data-start=\"5480\" data-end=\"5494\">Opakowanie<\/strong><\/td>\n<td data-start=\"5495\" data-end=\"5527\" data-col-size=\"md\">Blister z plomb\u0105<\/td>\n<\/tr>\n<\/tbody>\n<\/table>\n<\/div>\n<\/div>\n<hr data-start=\"5529\" data-end=\"5532\" \/>\n<h3 data-start=\"5534\" data-end=\"5551\"><strong data-start=\"5538\" data-end=\"5551\">Zalety<\/strong><\/h3>\n<ul data-start=\"5553\" data-end=\"5952\">\n<li data-start=\"5553\" data-end=\"5645\">\n<p data-start=\"5555\" data-end=\"5645\"><strong data-start=\"5555\" data-end=\"5574\">Wysoka czysto\u015b\u0107<\/strong> \u2013 \u2265 98% jako\u015b\u0107 laboratoryjna gwarantuj\u0105ca wiarygodne wyniki bada\u0144.<\/p>\n<\/li>\n<li data-start=\"5646\" data-end=\"5719\">\n<p data-start=\"5648\" data-end=\"5719\"><strong data-start=\"5648\" data-end=\"5672\">Dok\u0142adne dawkowanie<\/strong> \u2013 25 mg na tabletk\u0119 dla zapewnienia sp\u00f3jnej analizy.<\/p>\n<\/li>\n<li data-start=\"5720\" data-end=\"5794\">\n<p data-start=\"5722\" data-end=\"5794\"><strong data-start=\"5722\" data-end=\"5744\">Bezpieczne opakowanie<\/strong> \u2013 Chroni\u0107 przed wilgoci\u0105, \u015bwiat\u0142em i zanieczyszczeniami.<\/p>\n<\/li>\n<li data-start=\"5795\" data-end=\"5863\">\n<p data-start=\"5797\" data-end=\"5863\"><strong data-start=\"5797\" data-end=\"5817\">Szeroko stosowane<\/strong> \u2013 Nadaje si\u0119 do GC\/MS, LC-MS, FTIR i HPLC.<\/p>\n<\/li>\n<li data-start=\"5864\" data-end=\"5952\">\n<p data-start=\"5866\" data-end=\"5952\"><strong data-start=\"5866\" data-end=\"5893\">Zweryfikowana jako\u015b\u0107<\/strong> \u2013 Ka\u017cda partia jest badana i dostarczana z certyfikatami analizy.<\/p>\n<\/li>\n<\/ul>\n<hr data-start=\"5954\" data-end=\"5957\" \/>\n<h3 data-start=\"5959\" data-end=\"6011\"><strong data-start=\"5963\" data-end=\"6009\">U\u017cyj (tylko do cel\u00f3w badawczych)<\/strong><\/h3>\n<ol data-start=\"6013\" data-end=\"6382\">\n<li data-start=\"6013\" data-end=\"6082\">\n<p data-start=\"6016\" data-end=\"6082\"><strong data-start=\"6016\" data-end=\"6031\">Obs\u0142ugiwanie:<\/strong> Nale\u017cy nosi\u0107 r\u0119kawice, okulary ochronne i fartuch laboratoryjny. ipph<\/p>\n<\/li>\n<li data-start=\"6083\" data-end=\"6180\">\n<p data-start=\"6086\" data-end=\"6180\"><strong data-start=\"6086\" data-end=\"6099\">Pomiary:<\/strong> Ka\u017cda tabletka zawiera dok\u0142adnie 25 mg; nie modyfikowa\u0107 poza warunkami laboratoryjnymi.<\/p>\n<\/li>\n<li data-start=\"6181\" data-end=\"6235\">\n<p data-start=\"6184\" data-end=\"6235\"><strong data-start=\"6184\" data-end=\"6195\">Sk\u0142adowanie:<\/strong> Przechowywa\u0107 w ch\u0142odnym (2\u20138\u00b0C), suchym i ciemnym miejscu.<\/p>\n<\/li>\n<li data-start=\"6236\" data-end=\"6319\">\n<p data-start=\"6239\" data-end=\"6319\"><strong data-start=\"6239\" data-end=\"6251\">Analiza:<\/strong> Nadaje si\u0119 do chromatografii, spektroskopii i bada\u0144 receptorowych.<\/p>\n<\/li>\n<li data-start=\"6320\" data-end=\"6382\">\n<p data-start=\"6323\" data-end=\"6382\"><strong data-start=\"6323\" data-end=\"6340\">Dokumentacja:<\/strong> Rejestruj numery partii i metody analityczne.<\/p>\n<\/li>\n<\/ol>\n<hr data-start=\"6384\" data-end=\"6387\" \/>\n<h3 data-start=\"6389\" data-end=\"6424\"><strong data-start=\"6393\" data-end=\"6422\">Cz\u0119sto zadawane pytania (FAQ)<\/strong><\/h3>\n<p data-start=\"6426\" data-end=\"6627\"><strong data-start=\"6426\" data-end=\"6465\">1. Czym jest izopropylofenidat (IPPH)?<\/strong><br data-start=\"6465\" data-end=\"6468\" \/><strong data-start=\"6468\" data-end=\"6489\">Izopropylofenidat<\/strong> jest <strong data-start=\"6497\" data-end=\"6521\">zwi\u0105zek piperydyny<\/strong> spokrewniony z metylofenidatem i stosowany w badaniach nad transporterami dopaminy i noradrenaliny.<\/p>\n<p data-start=\"6629\" data-end=\"6794\"><strong data-start=\"6629\" data-end=\"6679\">2. Do czego s\u0142u\u017c\u0105 granulki IPPH 25 mg?<\/strong><br data-start=\"6679\" data-end=\"6682\" \/>Pellety s\u0142u\u017c\u0105 do: <strong data-start=\"6714\" data-end=\"6752\">badania analityczne i kryminalistyczne<\/strong>, takich jak chromatografia i spektroskopia.<\/p>\n<p data-start=\"6796\" data-end=\"6987\"><strong data-start=\"6796\" data-end=\"6834\">3. Czy zakup IPPH jest legalny?<\/strong><br data-start=\"6834\" data-end=\"6837\" \/>Ten <strong data-start=\"6840\" data-end=\"6863\">legalno\u015b\u0107 IPPH<\/strong> R\u00f3\u017cni si\u0119 w zale\u017cno\u015bci od kraju. W niekt\u00f3rych krajach jest to regulowane. Zawsze sprawd\u017a lokalne przepisy przed u\u017cyciem. <strong data-start=\"6970\" data-end=\"6984\">IPPH kupuje<\/strong>.<\/p>","protected":false},"excerpt":{"rendered":"<p>Introductie Isopropylfenidaat (IPPH) 25mg Pellets bevatten 25mg hoogzuiver Isopropylfenidaat, een piperidineverbinding die structureel verwant is aan methylfenidaat en ethylfenidaat. ipph\u00a0Binnen<\/p>","protected":false},"featured_media":28547,"comment_status":"closed","ping_status":"closed","template":"","meta":[],"product_brand":[82],"product_cat":[461,462,336,324],"product_tag":[596,928,595,326],"class_list":{"0":"post-24443","1":"product","2":"type-product","3":"status-publish","4":"has-post-thumbnail","6":"product_brand-research-chemical","7":"product_cat-ipph","8":"product_cat-ipph-pellets","9":"product_cat-overig","10":"product_cat-pellets-for-pellet","11":"product_tag-ipph","12":"product_tag-ipph-kopen","13":"product_tag-isopropylphenidate","14":"product_tag-nl","16":"first","17":"instock","18":"taxable","19":"shipping-taxable","20":"purchasable","21":"product-type-variable"},"_links":{"self":[{"href":"https:\/\/researchchemicalhub.com\/pl\/wp-json\/wp\/v2\/product\/24443","targetHints":{"allow":["GET"]}}],"collection":[{"href":"https:\/\/researchchemicalhub.com\/pl\/wp-json\/wp\/v2\/product"}],"about":[{"href":"https:\/\/researchchemicalhub.com\/pl\/wp-json\/wp\/v2\/types\/product"}],"replies":[{"embeddable":true,"href":"https:\/\/researchchemicalhub.com\/pl\/wp-json\/wp\/v2\/comments?post=24443"}],"version-history":[{"count":5,"href":"https:\/\/researchchemicalhub.com\/pl\/wp-json\/wp\/v2\/product\/24443\/revisions"}],"predecessor-version":[{"id":27791,"href":"https:\/\/researchchemicalhub.com\/pl\/wp-json\/wp\/v2\/product\/24443\/revisions\/27791"}],"wp:featuredmedia":[{"embeddable":true,"href":"https:\/\/researchchemicalhub.com\/pl\/wp-json\/wp\/v2\/media\/28547"}],"wp:attachment":[{"href":"https:\/\/researchchemicalhub.com\/pl\/wp-json\/wp\/v2\/media?parent=24443"}],"wp:term":[{"taxonomy":"product_brand","embeddable":true,"href":"https:\/\/researchchemicalhub.com\/pl\/wp-json\/wp\/v2\/product_brand?post=24443"},{"taxonomy":"product_cat","embeddable":true,"href":"https:\/\/researchchemicalhub.com\/pl\/wp-json\/wp\/v2\/product_cat?post=24443"},{"taxonomy":"product_tag","embeddable":true,"href":"https:\/\/researchchemicalhub.com\/pl\/wp-json\/wp\/v2\/product_tag?post=24443"}],"curies":[{"name":"wp","href":"https:\/\/api.w.org\/{rel}","templated":true}]}}