{"id":24371,"date":"2025-04-13T17:41:35","date_gmt":"2025-04-13T17:41:35","guid":{"rendered":"https:\/\/researchchemicalhub.com\/?post_type=product&#038;p=24371"},"modified":"2025-10-12T09:30:51","modified_gmt":"2025-10-12T09:30:51","slug":"ks-2c","status":"publish","type":"product","link":"https:\/\/researchchemicalhub.com\/pl\/sklep\/prawie-zabronione\/ks-2c\/","title":{"rendered":"Beta-k-2C-B \u03b2k-2C-B 80mg Granulki"},"content":{"rendered":"<h3 data-start=\"4058\" data-end=\"4079\"><strong data-start=\"4062\" data-end=\"4077\">Wst\u0119p<\/strong><\/h3>\n<p data-start=\"4080\" data-end=\"4458\"><strong data-start=\"4080\" data-end=\"4118\">Beta-k-2C-B (\u03b2k-2C-B) 80 mg granulki<\/strong> zawiera\u0107 <strong data-start=\"4128\" data-end=\"4180\">80 miligram\u00f3w \u03b2k-2C-B (Beta-keto-2C-B) o wysokiej czysto\u015bci<\/strong> - Jaki\u015b <strong data-start=\"4187\" data-end=\"4225\">syntetyczna pochodna fenetyloaminy<\/strong> I <strong data-start=\"4229\" data-end=\"4251\">analog beta-ketonu<\/strong> przez <strong data-start=\"4256\" data-end=\"4264\">2C-B<\/strong>. ks. 2c\u00a0<br data-start=\"4265\" data-end=\"4268\" \/>\u03b2k-2C-B nale\u017cy do <strong data-start=\"4291\" data-end=\"4324\">Rodzina fenetyloamin 2C<\/strong> i jest u\u017cywany w <strong data-start=\"4346\" data-end=\"4384\">badania kryminalistyczne i analityczne<\/strong> Nieprzyjemny <strong data-start=\"4390\" data-end=\"4432\">zale\u017cno\u015bci struktura-aktywno\u015b\u0107 (SAR)<\/strong> I <strong data-start=\"4436\" data-end=\"4455\">wi\u0105zanie receptora<\/strong>.<\/p>\n<p data-start=\"4460\" data-end=\"4655\">Ka\u017cda peletka zawiera <strong data-start=\"4478\" data-end=\"4494\">80 mg \u03b2k-2C-B<\/strong> natychmiast <strong data-start=\"4503\" data-end=\"4527\">czysto\u015b\u0107 \u2265 98%<\/strong>, przetestowane przez <strong data-start=\"4540\" data-end=\"4555\">HPLC i NMR<\/strong>Pellet dostarczany jest w <strong data-start=\"4587\" data-end=\"4608\">opakowanie typu blister<\/strong> dla optymalnej stabilno\u015bci i dok\u0142adno\u015bci.<\/p>\n<blockquote data-start=\"4657\" data-end=\"4803\">\n<p data-start=\"4659\" data-end=\"4803\">\u26a0\ufe0f <strong data-start=\"4662\" data-end=\"4673\">UWAGA:<\/strong> Ten produkt jest przeznaczony wy\u0142\u0105cznie do u\u017cytku <strong data-start=\"4714\" data-end=\"4749\">badania i wykorzystanie analityczne<\/strong> \u2014 <strong data-start=\"4752\" data-end=\"4800\">nie do spo\u017cycia przez ludzi i zwierz\u0119ta<\/strong>.<\/p>\n<\/blockquote>\n<hr data-start=\"4805\" data-end=\"4808\" \/>\n<h3 data-start=\"4810\" data-end=\"4841\"><strong data-start=\"4814\" data-end=\"4841\">G\u0142\u00f3wne cechy<\/strong><\/h3>\n<div class=\"_tableContainer_1rjym_1\">\n<div class=\"group _tableWrapper_1rjym_13 flex w-fit flex-col-reverse\" tabindex=\"-1\">\n<table class=\"w-fit min-w-(--thread-content-width)\" data-start=\"4843\" data-end=\"5416\">\n<thead data-start=\"4843\" data-end=\"4869\">\n<tr data-start=\"4843\" data-end=\"4869\">\n<th data-start=\"4843\" data-end=\"4853\" data-col-size=\"sm\">Funkcja<\/th>\n<th data-start=\"4853\" data-end=\"4869\" data-col-size=\"md\">Opis<\/th>\n<\/tr>\n<\/thead>\n<tbody data-start=\"4898\" data-end=\"5416\">\n<tr data-start=\"4898\" data-end=\"4951\">\n<td data-start=\"4898\" data-end=\"4919\" data-col-size=\"sm\"><strong data-start=\"4900\" data-end=\"4918\">Nazwa chemiczna<\/strong><\/td>\n<td data-start=\"4919\" data-end=\"4951\" data-col-size=\"md\">Chlorowodorek beta-keto-2C-B<\/td>\n<\/tr>\n<tr data-start=\"4952\" data-end=\"4988\">\n<td data-start=\"4952\" data-end=\"4977\" data-col-size=\"sm\"><strong data-start=\"4954\" data-end=\"4976\">Nazwa zwyczajowa<\/strong><\/td>\n<td data-start=\"4977\" data-end=\"4988\" data-col-size=\"md\">\u03b2k-2C-B<\/td>\n<\/tr>\n<tr data-start=\"4989\" data-end=\"5032\">\n<td data-start=\"4989\" data-end=\"5013\" data-col-size=\"sm\"><strong data-start=\"4991\" data-end=\"5012\">Wz\u00f3r chemiczny<\/strong><\/td>\n<td data-start=\"5013\" data-end=\"5032\" data-col-size=\"md\">C\u2081\u2080H\u2081\u2082BrNO\u2083\u00b7HCl<\/td>\n<\/tr>\n<tr data-start=\"5033\" data-end=\"5071\">\n<td data-start=\"5033\" data-end=\"5055\" data-col-size=\"sm\"><strong data-start=\"5035\" data-end=\"5054\">Masa cz\u0105steczkowa<\/strong><\/td>\n<td data-start=\"5055\" data-end=\"5071\" data-col-size=\"md\">310,57 g\/mol<\/td>\n<\/tr>\n<tr data-start=\"5072\" data-end=\"5106\">\n<td data-start=\"5072\" data-end=\"5087\" data-col-size=\"sm\"><strong data-start=\"5074\" data-end=\"5086\">Dawkowanie<\/strong><\/td>\n<td data-start=\"5087\" data-end=\"5106\" data-col-size=\"md\">80 mg na peletk\u0119<\/td>\n<\/tr>\n<tr data-start=\"5107\" data-end=\"5154\">\n<td data-start=\"5107\" data-end=\"5118\" data-col-size=\"sm\"><strong data-start=\"5109\" data-end=\"5117\">Formularz<\/strong><\/td>\n<td data-start=\"5118\" data-end=\"5154\" data-col-size=\"md\">Pellet sta\u0142y (opakowanie typu blister)<\/td>\n<\/tr>\n<tr data-start=\"5155\" data-end=\"5206\">\n<td data-start=\"5155\" data-end=\"5172\" data-col-size=\"sm\"><strong data-start=\"5157\" data-end=\"5171\">Czysto\u015b\u0107<\/strong><\/td>\n<td data-start=\"5172\" data-end=\"5206\" data-col-size=\"md\">\u2265 98% (testowane metod\u0105 HPLC i NMR)<\/td>\n<\/tr>\n<tr data-start=\"5207\" data-end=\"5265\">\n<td data-start=\"5207\" data-end=\"5230\" data-col-size=\"sm\"><strong data-start=\"5209\" data-end=\"5229\">Klasa chemiczna<\/strong><\/td>\n<td data-start=\"5230\" data-end=\"5265\" data-col-size=\"md\">Analog fenetyloaminy\/\u03b2-ketonu<\/td>\n<\/tr>\n<tr data-start=\"5266\" data-end=\"5345\">\n<td data-start=\"5266\" data-end=\"5280\" data-col-size=\"sm\"><strong data-start=\"5268\" data-end=\"5279\">Stosowanie<\/strong><\/td>\n<td data-start=\"5280\" data-end=\"5345\" data-col-size=\"md\">Tylko do bada\u0144 analitycznych, kryminalistycznych i neurochemicznych<\/td>\n<\/tr>\n<tr data-start=\"5346\" data-end=\"5416\">\n<td data-start=\"5346\" data-end=\"5363\" data-col-size=\"sm\"><strong data-start=\"5348\" data-end=\"5362\">Opakowanie<\/strong><\/td>\n<td data-start=\"5363\" data-end=\"5416\" data-col-size=\"md\">Blister z plomb\u0105 zabezpieczaj\u0105c\u0105 przed wilgoci\u0105 i \u015bwiat\u0142em<\/td>\n<\/tr>\n<\/tbody>\n<\/table>\n<\/div>\n<\/div>\n<hr data-start=\"5418\" data-end=\"5421\" \/>\n<h3 data-start=\"5423\" data-end=\"5440\"><strong data-start=\"5427\" data-end=\"5440\">Zalety<\/strong><\/h3>\n<ul data-start=\"5442\" data-end=\"5851\">\n<li data-start=\"5442\" data-end=\"5534\">\n<p data-start=\"5444\" data-end=\"5534\"><strong data-start=\"5444\" data-end=\"5463\">Wysoka czysto\u015b\u0107<\/strong> \u2013 \u2265 98% jako\u015b\u0107 laboratoryjna gwarantuj\u0105ca wiarygodne wyniki bada\u0144.<\/p>\n<\/li>\n<li data-start=\"5535\" data-end=\"5628\">\n<p data-start=\"5537\" data-end=\"5628\"><strong data-start=\"5537\" data-end=\"5569\">Strukturalny analog 2C-B<\/strong> \u2013 Nadaje si\u0119 do por\u00f3wna\u0144 SAR i bada\u0144 receptor\u00f3w.<\/p>\n<\/li>\n<li data-start=\"5629\" data-end=\"5704\">\n<p data-start=\"5631\" data-end=\"5704\"><strong data-start=\"5631\" data-end=\"5655\">Precyzyjnie dozowany<\/strong> \u2013 80 mg na tabletk\u0119 dla uzyskania trwa\u0142ych rezultat\u00f3w.<\/p>\n<\/li>\n<li data-start=\"5705\" data-end=\"5783\">\n<p data-start=\"5707\" data-end=\"5783\"><strong data-start=\"5707\" data-end=\"5737\">Badania szeroko stosowane<\/strong> \u2013 Nadaje si\u0119 do GC\/MS, LC-MS, FTIR i HPLC.<\/p>\n<\/li>\n<li data-start=\"5784\" data-end=\"5851\">\n<p data-start=\"5786\" data-end=\"5851\"><strong data-start=\"5786\" data-end=\"5813\">Zweryfikowana produkcja<\/strong> \u2013 Ka\u017cda partia jest przetestowana i mo\u017cliwa do prze\u015bledzenia.<\/p>\n<\/li>\n<\/ul>\n<hr data-start=\"5853\" data-end=\"5856\" \/>\n<h3 data-start=\"5858\" data-end=\"5910\"><strong data-start=\"5862\" data-end=\"5908\">U\u017cyj (tylko do cel\u00f3w badawczych)<\/strong><\/h3>\n<ol data-start=\"5912\" data-end=\"6255\">\n<li data-start=\"5912\" data-end=\"5981\">\n<p data-start=\"5915\" data-end=\"5981\"><strong data-start=\"5915\" data-end=\"5930\">Obs\u0142ugiwanie:<\/strong> Nale\u017cy nosi\u0107 r\u0119kawice, okulary ochronne i fartuch laboratoryjny.<\/p>\n<\/li>\n<li data-start=\"5982\" data-end=\"6058\">\n<p data-start=\"5985\" data-end=\"6058\"><strong data-start=\"5985\" data-end=\"5998\">Pomiary:<\/strong> Ka\u017cda tabletka zawiera 80 mg; zwr\u00f3\u0107 uwag\u0119 na numer partii i czysto\u015b\u0107.<\/p>\n<\/li>\n<li data-start=\"6059\" data-end=\"6113\">\n<p data-start=\"6062\" data-end=\"6113\"><strong data-start=\"6062\" data-end=\"6073\">Sk\u0142adowanie:<\/strong> Przechowywa\u0107 w ch\u0142odnym (2\u20138\u00b0C), suchym i ciemnym miejscu.<\/p>\n<\/li>\n<li data-start=\"6114\" data-end=\"6190\">\n<p data-start=\"6117\" data-end=\"6190\"><strong data-start=\"6117\" data-end=\"6129\">Analiza:<\/strong> Nadaje si\u0119 do chromatografii i analizy spektroskopowej. ks. 2c<\/p>\n<\/li>\n<li data-start=\"6191\" data-end=\"6255\">\n<p data-start=\"6194\" data-end=\"6255\"><strong data-start=\"6194\" data-end=\"6211\">Dokumentacja:<\/strong> Rejestruj wyniki test\u00f3w i metody analityczne.<\/p>\n<\/li>\n<\/ol>\n<hr data-start=\"6257\" data-end=\"6260\" \/>\n<h3 data-start=\"6262\" data-end=\"6297\"><strong data-start=\"6266\" data-end=\"6295\">Cz\u0119sto zadawane pytania (FAQ)<\/strong><\/h3>\n<p data-start=\"6299\" data-end=\"6458\"><strong data-start=\"6299\" data-end=\"6321\">1. Czym jest \u03b2k-2C-B?<\/strong><br data-start=\"6321\" data-end=\"6324\" \/><strong data-start=\"6324\" data-end=\"6352\">\u03b2k-2C-B (beta-keto-2C-B)<\/strong> jest <strong data-start=\"6360\" data-end=\"6385\">analog fenetyloaminy<\/strong> 2C-B z dodatkow\u0105 grup\u0105 \u03b2-ketonow\u0105, stosowana w badaniach analitycznych.<\/p>\n<p data-start=\"6460\" data-end=\"6597\"><strong data-start=\"6460\" data-end=\"6505\">2. Co zawiera kapsu\u0142ka \u03b2k-2C-B 80 mg?<\/strong><br data-start=\"6505\" data-end=\"6508\" \/>Ka\u017cda peletka zawiera <strong data-start=\"6526\" data-end=\"6561\">80 mg \u03b2k-2C-B (czysto\u015b\u0107 \u2265 98%)<\/strong>, przetestowane laboratoryjnie.<\/p>\n<p data-start=\"6599\" data-end=\"6761\"><strong data-start=\"6599\" data-end=\"6640\">3. Czy zakup \u03b2k-2C-B jest legalny?<\/strong><br data-start=\"6640\" data-end=\"6643\" \/>Ten <strong data-start=\"6646\" data-end=\"6672\">legalno\u015b\u0107 \u03b2k-2C-B<\/strong> R\u00f3\u017cni si\u0119 w zale\u017cno\u015bci od kraju. Zawsze sprawdzaj lokalne przepisy przed u\u017cyciem. <strong data-start=\"6741\" data-end=\"6758\">Kupuje \u03b2k-2C-B<\/strong>.<\/p>","protected":false},"excerpt":{"rendered":"<p>Wprowadzenie Granulki Beta-k-2C-B (\u03b2k-2C-B) 80 mg zawieraj\u0105 80 miligram\u00f3w wysokiej czysto\u015bci \u03b2k-2C-B (Beta-keto-2C-B) \u2014 syntetycznej pochodnej fenetyloaminy i analogu beta-ketonu 2C-B. bk<\/p>","protected":false},"featured_media":21481,"comment_status":"closed","ping_status":"closed","template":"","meta":[],"product_brand":[],"product_cat":[322,405,469,80,324,398],"product_tag":[674,238,326],"class_list":{"0":"post-24371","1":"product","2":"type-product","3":"status-publish","4":"has-post-thumbnail","6":"product_cat-bijna-verboden","7":"product_cat-bk-2c-b","8":"product_cat-bk-2c-b-pellets","9":"product_cat-fenethylamine","10":"product_cat-pellets-for-pellet","11":"product_cat-verkoop","12":"product_tag-bk-2c","13":"product_tag-bk-2c-b","14":"product_tag-nl","16":"first","17":"instock","18":"sale","19":"taxable","20":"shipping-taxable","21":"purchasable","22":"product-type-variable"},"_links":{"self":[{"href":"https:\/\/researchchemicalhub.com\/pl\/wp-json\/wp\/v2\/product\/24371","targetHints":{"allow":["GET"]}}],"collection":[{"href":"https:\/\/researchchemicalhub.com\/pl\/wp-json\/wp\/v2\/product"}],"about":[{"href":"https:\/\/researchchemicalhub.com\/pl\/wp-json\/wp\/v2\/types\/product"}],"replies":[{"embeddable":true,"href":"https:\/\/researchchemicalhub.com\/pl\/wp-json\/wp\/v2\/comments?post=24371"}],"version-history":[{"count":6,"href":"https:\/\/researchchemicalhub.com\/pl\/wp-json\/wp\/v2\/product\/24371\/revisions"}],"predecessor-version":[{"id":27800,"href":"https:\/\/researchchemicalhub.com\/pl\/wp-json\/wp\/v2\/product\/24371\/revisions\/27800"}],"wp:featuredmedia":[{"embeddable":true,"href":"https:\/\/researchchemicalhub.com\/pl\/wp-json\/wp\/v2\/media\/21481"}],"wp:attachment":[{"href":"https:\/\/researchchemicalhub.com\/pl\/wp-json\/wp\/v2\/media?parent=24371"}],"wp:term":[{"taxonomy":"product_brand","embeddable":true,"href":"https:\/\/researchchemicalhub.com\/pl\/wp-json\/wp\/v2\/product_brand?post=24371"},{"taxonomy":"product_cat","embeddable":true,"href":"https:\/\/researchchemicalhub.com\/pl\/wp-json\/wp\/v2\/product_cat?post=24371"},{"taxonomy":"product_tag","embeddable":true,"href":"https:\/\/researchchemicalhub.com\/pl\/wp-json\/wp\/v2\/product_tag?post=24371"}],"curies":[{"name":"wp","href":"https:\/\/api.w.org\/{rel}","templated":true}]}}