{"id":24344,"date":"2025-04-13T17:41:31","date_gmt":"2025-04-13T17:41:31","guid":{"rendered":"https:\/\/researchchemicalhub.com\/?post_type=product&#038;p=24344"},"modified":"2025-10-29T08:42:33","modified_gmt":"2025-10-29T08:42:33","slug":"2-fa-2-fluoroamfetamine","status":"publish","type":"product","link":"https:\/\/researchchemicalhub.com\/pl\/shop\/2-fa\/2-fa-2-fluoroamfetamine\/","title":{"rendered":"2-FA (2-fluoroamfetamina)"},"content":{"rendered":"<h3 data-start=\"4212\" data-end=\"4233\"><strong data-start=\"4216\" data-end=\"4231\"><span dir=\"auto\" style=\"vertical-align: inherit;\"><span dir=\"auto\" style=\"vertical-align: inherit;\">Wst\u0119p<\/span><\/span><\/strong><\/h3>\n<p data-start=\"4234\" data-end=\"4470\"><strong data-start=\"4234\" data-end=\"4262\"><span dir=\"auto\" style=\"vertical-align: inherit;\"><span dir=\"auto\" style=\"vertical-align: inherit;\">2-FA (2-fluoramfetamina)<\/span><\/span><\/strong><span dir=\"auto\" style=\"vertical-align: inherit;\"><span dir=\"auto\" style=\"vertical-align: inherit;\"> jest <\/span><\/span><strong data-start=\"4270\" data-end=\"4307\"><span dir=\"auto\" style=\"vertical-align: inherit;\"><span dir=\"auto\" style=\"vertical-align: inherit;\">zwi\u0105zek fluorowanej amfetaminy<\/span><\/span><\/strong><span dir=\"auto\" style=\"vertical-align: inherit;\"><span dir=\"auto\" style=\"vertical-align: inherit;\"> z <\/span><\/span><strong data-start=\"4315\" data-end=\"4338\"><span dir=\"auto\" style=\"vertical-align: inherit;\"><span dir=\"auto\" style=\"vertical-align: inherit;\">klasa fenetyloamin<\/span><\/span><\/strong><span dir=\"auto\" style=\"vertical-align: inherit;\"><span dir=\"auto\" style=\"vertical-align: inherit;\"> Strukturalnie jest to <\/span><\/span><strong data-start=\"4369\" data-end=\"4406\"><span dir=\"auto\" style=\"vertical-align: inherit;\"><span dir=\"auto\" style=\"vertical-align: inherit;\">analog ortofluorowy lub amfetamina<\/span><\/span><\/strong><span dir=\"auto\" style=\"vertical-align: inherit;\"><span dir=\"auto\" style=\"vertical-align: inherit;\"> , w kt\u00f3rym atom wodoru zast\u0105piono atomem fluoru. 2-FA<\/span><\/span><\/p>\n<p data-start=\"4472\" data-end=\"4745\"><span dir=\"auto\" style=\"vertical-align: inherit;\"><span dir=\"auto\" style=\"vertical-align: inherit;\">W <\/span><\/span><strong data-start=\"4479\" data-end=\"4520\"><span dir=\"auto\" style=\"vertical-align: inherit;\"><span dir=\"auto\" style=\"vertical-align: inherit;\">badania analityczne i neurochemiczne,<\/span><\/span><\/strong><span dir=\"auto\" style=\"vertical-align: inherit;\"><span dir=\"auto\" style=\"vertical-align: inherit;\"> 2-FA jest u\u017cywane do <\/span><span dir=\"auto\" style=\"vertical-align: inherit;\">badanie <\/span><\/span><strong data-start=\"4544\" data-end=\"4578\"><span dir=\"auto\" style=\"vertical-align: inherit;\"><span dir=\"auto\" style=\"vertical-align: inherit;\">uwalnianie i wychwyt zwrotny monoamin. Jest to cenne dla bada\u0144 nad <\/span><\/span><\/strong><strong data-start=\"4631\" data-end=\"4674\"><span dir=\"auto\" style=\"vertical-align: inherit;\"><span dir=\"auto\" style=\"vertical-align: inherit;\">transportery dopaminy i noradrenaliny<\/span><\/span><\/strong><span dir=\"auto\" style=\"vertical-align: inherit;\"><span dir=\"auto\" style=\"vertical-align: inherit;\"> , <\/span><\/span><strong data-start=\"4676\" data-end=\"4695\"><span dir=\"auto\" style=\"vertical-align: inherit;\"><span dir=\"auto\" style=\"vertical-align: inherit;\">wi\u0105zanie receptora<\/span><\/span><\/strong><span dir=\"auto\" style=\"vertical-align: inherit;\"><span dir=\"auto\" style=\"vertical-align: inherit;\"> , I <\/span><\/span><strong data-start=\"4700\" data-end=\"4742\"><span dir=\"auto\" style=\"vertical-align: inherit;\"><span dir=\"auto\" style=\"vertical-align: inherit;\">zale\u017cno\u015bci struktura-aktywno\u015b\u0107 (SAR)<\/span><\/span><\/strong><span dir=\"auto\" style=\"vertical-align: inherit;\"><span dir=\"auto\" style=\"vertical-align: inherit;\"> .<\/span><\/span><\/p>\n<p data-start=\"4747\" data-end=\"4979\"><span dir=\"auto\" style=\"vertical-align: inherit;\"><span dir=\"auto\" style=\"vertical-align: inherit;\">Ka\u017cda partia jest produkowana pod <\/span><\/span><strong data-start=\"4783\" data-end=\"4823\"><span dir=\"auto\" style=\"vertical-align: inherit;\"><span dir=\"auto\" style=\"vertical-align: inherit;\">kontrolowane warunki laboratoryjne<\/span><\/span><\/strong><span dir=\"auto\" style=\"vertical-align: inherit;\"><span dir=\"auto\" style=\"vertical-align: inherit;\"> i przetestowane <\/span><\/span><strong data-start=\"4841\" data-end=\"4865\"><span dir=\"auto\" style=\"vertical-align: inherit;\"><span dir=\"auto\" style=\"vertical-align: inherit;\">\u2265 czysto\u015b\u0107 98%<\/span><\/span><\/strong><span dir=\"auto\" style=\"vertical-align: inherit;\"><span dir=\"auto\" style=\"vertical-align: inherit;\"> przez <\/span><\/span><strong data-start=\"4870\" data-end=\"4885\"><span dir=\"auto\" style=\"vertical-align: inherit;\"><span dir=\"auto\" style=\"vertical-align: inherit;\">HPLC i NMR<\/span><\/span><\/strong><span dir=\"auto\" style=\"vertical-align: inherit;\"><span dir=\"auto\" style=\"vertical-align: inherit;\"> . 2-FA jest dostarczany w <\/span><\/span><strong data-start=\"4910\" data-end=\"4950\"><span dir=\"auto\" style=\"vertical-align: inherit;\"><span dir=\"auto\" style=\"vertical-align: inherit;\">krystaliczna forma chlorowodorku (HCl)<\/span><\/span><\/strong><span dir=\"auto\" style=\"vertical-align: inherit;\"><span dir=\"auto\" style=\"vertical-align: inherit;\"> dla maksymalnej stabilno\u015bci.<\/span><\/span><\/p>\n<blockquote data-start=\"4981\" data-end=\"5127\">\n<p data-start=\"4983\" data-end=\"5127\">\u26a0\ufe0f <strong data-start=\"4986\" data-end=\"4997\"><span dir=\"auto\" style=\"vertical-align: inherit;\"><span dir=\"auto\" style=\"vertical-align: inherit;\">Uwaga:<\/span><\/span><\/strong><span dir=\"auto\" style=\"vertical-align: inherit;\"><span dir=\"auto\" style=\"vertical-align: inherit;\"> Ten produkt jest przeznaczony dla <\/span><\/span><strong data-start=\"5038\" data-end=\"5073\"><span dir=\"auto\" style=\"vertical-align: inherit;\"><span dir=\"auto\" style=\"vertical-align: inherit;\">badania i wykorzystanie analityczne<\/span><\/span><\/strong><span dir=\"auto\" style=\"vertical-align: inherit;\"><span dir=\"auto\" style=\"vertical-align: inherit;\"> tylko - <\/span><\/span><strong data-start=\"5076\" data-end=\"5124\"><span dir=\"auto\" style=\"vertical-align: inherit;\"><span dir=\"auto\" style=\"vertical-align: inherit;\">nie do spo\u017cycia przez ludzi i zwierz\u0119ta<\/span><\/span><\/strong><span dir=\"auto\" style=\"vertical-align: inherit;\"><span dir=\"auto\" style=\"vertical-align: inherit;\"> .<\/span><\/span><\/p>\n<\/blockquote>\n<hr data-start=\"5129\" data-end=\"5132\" \/>\n<h3 data-start=\"5134\" data-end=\"5165\"><strong data-start=\"5138\" data-end=\"5165\"><span dir=\"auto\" style=\"vertical-align: inherit;\"><span dir=\"auto\" style=\"vertical-align: inherit;\">G\u0142\u00f3wne cechy<\/span><\/span><\/strong><\/h3>\n<div class=\"_tableContainer_1rjym_1\">\n<div class=\"group _tableWrapper_1rjym_13 flex w-fit flex-col-reverse\" tabindex=\"-1\">\n<table class=\"w-fit min-w-(--thread-content-width)\" data-start=\"5167\" data-end=\"5761\">\n<thead data-start=\"5167\" data-end=\"5193\">\n<tr data-start=\"5167\" data-end=\"5193\">\n<th data-start=\"5167\" data-end=\"5177\" data-col-size=\"sm\"><span dir=\"auto\" style=\"vertical-align: inherit;\"><span dir=\"auto\" style=\"vertical-align: inherit;\">Funkcja<\/span><\/span><\/th>\n<th data-start=\"5177\" data-end=\"5193\" data-col-size=\"md\"><span dir=\"auto\" style=\"vertical-align: inherit;\"><span dir=\"auto\" style=\"vertical-align: inherit;\">Opis<\/span><\/span><\/th>\n<\/tr>\n<\/thead>\n<tbody data-start=\"5222\" data-end=\"5761\">\n<tr data-start=\"5222\" data-end=\"5278\">\n<td data-start=\"5222\" data-end=\"5243\" data-col-size=\"sm\"><strong data-start=\"5224\" data-end=\"5242\"><span dir=\"auto\" style=\"vertical-align: inherit;\"><span dir=\"auto\" style=\"vertical-align: inherit;\">Nazwa chemiczna<\/span><\/span><\/strong><\/td>\n<td data-start=\"5243\" data-end=\"5278\" data-col-size=\"md\"><span dir=\"auto\" style=\"vertical-align: inherit;\"><span dir=\"auto\" style=\"vertical-align: inherit;\">Chlorowodorek 2-fluoroamfetaminy<\/span><\/span><\/td>\n<\/tr>\n<tr data-start=\"5279\" data-end=\"5312\">\n<td data-start=\"5279\" data-end=\"5304\" data-col-size=\"sm\"><strong data-start=\"5281\" data-end=\"5303\"><span dir=\"auto\" style=\"vertical-align: inherit;\"><span dir=\"auto\" style=\"vertical-align: inherit;\">Nazwa zwyczajowa<\/span><\/span><\/strong><\/td>\n<td data-start=\"5304\" data-end=\"5312\" data-col-size=\"md\"><span dir=\"auto\" style=\"vertical-align: inherit;\"><span dir=\"auto\" style=\"vertical-align: inherit;\">2-FA<\/span><\/span><\/td>\n<\/tr>\n<tr data-start=\"5313\" data-end=\"5352\">\n<td data-start=\"5313\" data-end=\"5337\" data-col-size=\"sm\"><strong data-start=\"5315\" data-end=\"5336\"><span dir=\"auto\" style=\"vertical-align: inherit;\"><span dir=\"auto\" style=\"vertical-align: inherit;\">Wz\u00f3r chemiczny<\/span><\/span><\/strong><\/td>\n<td data-start=\"5337\" data-end=\"5352\" data-col-size=\"md\"><span dir=\"auto\" style=\"vertical-align: inherit;\"><span dir=\"auto\" style=\"vertical-align: inherit;\">C\u2089H\u2081\u2082FN\u00b7HCl<\/span><\/span><\/td>\n<\/tr>\n<tr data-start=\"5353\" data-end=\"5391\">\n<td data-start=\"5353\" data-end=\"5375\" data-col-size=\"sm\"><strong data-start=\"5355\" data-end=\"5374\"><span dir=\"auto\" style=\"vertical-align: inherit;\"><span dir=\"auto\" style=\"vertical-align: inherit;\">Masa cz\u0105steczkowa<\/span><\/span><\/strong><\/td>\n<td data-start=\"5375\" data-end=\"5391\" data-col-size=\"md\"><span dir=\"auto\" style=\"vertical-align: inherit;\"><span dir=\"auto\" style=\"vertical-align: inherit;\">189,65 g\/mol<\/span><\/span><\/td>\n<\/tr>\n<tr data-start=\"5392\" data-end=\"5436\">\n<td data-start=\"5392\" data-end=\"5403\" data-col-size=\"sm\"><strong data-start=\"5394\" data-end=\"5402\"><span dir=\"auto\" style=\"vertical-align: inherit;\"><span dir=\"auto\" style=\"vertical-align: inherit;\">Formularz<\/span><\/span><\/strong><\/td>\n<td data-start=\"5403\" data-end=\"5436\" data-col-size=\"md\"><span dir=\"auto\" style=\"vertical-align: inherit;\"><span dir=\"auto\" style=\"vertical-align: inherit;\">Krystaliczna s\u00f3l chlorowodorkowa<\/span><\/span><\/td>\n<\/tr>\n<tr data-start=\"5437\" data-end=\"5488\">\n<td data-start=\"5437\" data-end=\"5454\" data-col-size=\"sm\"><strong data-start=\"5439\" data-end=\"5453\"><span dir=\"auto\" style=\"vertical-align: inherit;\"><span dir=\"auto\" style=\"vertical-align: inherit;\">Czysto\u015b\u0107<\/span><\/span><\/strong><\/td>\n<td data-start=\"5454\" data-end=\"5488\" data-col-size=\"md\"><span dir=\"auto\" style=\"vertical-align: inherit;\"><span dir=\"auto\" style=\"vertical-align: inherit;\">\u2265 98% (testowane metod\u0105 HPLC i NMR)<\/span><\/span><\/td>\n<\/tr>\n<tr data-start=\"5489\" data-end=\"5555\">\n<td data-start=\"5489\" data-end=\"5512\" data-col-size=\"sm\"><strong data-start=\"5491\" data-end=\"5511\"><span dir=\"auto\" style=\"vertical-align: inherit;\"><span dir=\"auto\" style=\"vertical-align: inherit;\">Klasa chemiczna<\/span><\/span><\/strong><\/td>\n<td data-start=\"5512\" data-end=\"5555\" data-col-size=\"md\"><span dir=\"auto\" style=\"vertical-align: inherit;\"><span dir=\"auto\" style=\"vertical-align: inherit;\">Fluoramfetamina \/ analog fenetylaminy<\/span><\/span><\/td>\n<\/tr>\n<tr data-start=\"5556\" data-end=\"5635\">\n<td data-start=\"5556\" data-end=\"5570\" data-col-size=\"sm\"><strong data-start=\"5558\" data-end=\"5569\"><span dir=\"auto\" style=\"vertical-align: inherit;\"><span dir=\"auto\" style=\"vertical-align: inherit;\">Stosowanie<\/span><\/span><\/strong><\/td>\n<td data-start=\"5570\" data-end=\"5635\" data-col-size=\"md\"><span dir=\"auto\" style=\"vertical-align: inherit;\"><span dir=\"auto\" style=\"vertical-align: inherit;\">Tylko do bada\u0144 analitycznych, kryminalistycznych i neurochemicznych<\/span><\/span><\/td>\n<\/tr>\n<tr data-start=\"5636\" data-end=\"5703\">\n<td data-start=\"5636\" data-end=\"5653\" data-col-size=\"sm\"><strong data-start=\"5638\" data-end=\"5652\"><span dir=\"auto\" style=\"vertical-align: inherit;\"><span dir=\"auto\" style=\"vertical-align: inherit;\">Opakowanie<\/span><\/span><\/strong><\/td>\n<td data-start=\"5653\" data-end=\"5703\" data-col-size=\"md\"><span dir=\"auto\" style=\"vertical-align: inherit;\"><span dir=\"auto\" style=\"vertical-align: inherit;\">Zamykana, odporna na wilgo\u0107 torba laboratoryjna<\/span><\/span><\/td>\n<\/tr>\n<tr data-start=\"5704\" data-end=\"5761\">\n<td data-start=\"5704\" data-end=\"5722\" data-col-size=\"sm\"><strong data-start=\"5706\" data-end=\"5721\"><span dir=\"auto\" style=\"vertical-align: inherit;\"><span dir=\"auto\" style=\"vertical-align: inherit;\">Ilo\u015b\u0107<\/span><\/span><\/strong><\/td>\n<td data-start=\"5722\" data-end=\"5761\" data-col-size=\"md\"><span dir=\"auto\" style=\"vertical-align: inherit;\"><span dir=\"auto\" style=\"vertical-align: inherit;\">1 gram na woreczek (w zale\u017cno\u015bci od partii)<\/span><\/span><\/td>\n<\/tr>\n<\/tbody>\n<\/table>\n<\/div>\n<\/div>\n<hr data-start=\"5763\" data-end=\"5766\" \/>\n<h3 data-start=\"5768\" data-end=\"5785\"><strong data-start=\"5772\" data-end=\"5785\"><span dir=\"auto\" style=\"vertical-align: inherit;\"><span dir=\"auto\" style=\"vertical-align: inherit;\">Zalety<\/span><\/span><\/strong><\/h3>\n<ul data-start=\"5787\" data-end=\"6194\">\n<li data-start=\"5787\" data-end=\"5879\">\n<p data-start=\"5789\" data-end=\"5879\"><strong data-start=\"5789\" data-end=\"5808\"><span dir=\"auto\" style=\"vertical-align: inherit;\"><span dir=\"auto\" style=\"vertical-align: inherit;\">Wysoka czysto\u015b\u0107<\/span><\/span><\/strong><span dir=\"auto\" style=\"vertical-align: inherit;\"><span dir=\"auto\" style=\"vertical-align: inherit;\"> \u2013 \u2265 98% jako\u015b\u0107 laboratoryjna gwarantuj\u0105ca wiarygodne wyniki bada\u0144.<\/span><\/span><\/p>\n<\/li>\n<li data-start=\"5880\" data-end=\"5958\">\n<p data-start=\"5882\" data-end=\"5958\"><strong data-start=\"5882\" data-end=\"5903\"><span dir=\"auto\" style=\"vertical-align: inherit;\"><span dir=\"auto\" style=\"vertical-align: inherit;\">Stabilna forma soli<\/span><\/span><\/strong><span dir=\"auto\" style=\"vertical-align: inherit;\"><span dir=\"auto\" style=\"vertical-align: inherit;\"> \u2013 Forma HCl zwi\u0119ksza rozpuszczalno\u015b\u0107 i stabilno\u015b\u0107.<\/span><\/span><\/p>\n<\/li>\n<li data-start=\"5959\" data-end=\"6037\">\n<p data-start=\"5961\" data-end=\"6037\"><strong data-start=\"5961\" data-end=\"5991\"><span dir=\"auto\" style=\"vertical-align: inherit;\"><span dir=\"auto\" style=\"vertical-align: inherit;\">Szeroka stosowalno\u015b\u0107 bada\u0144<\/span><\/span><\/strong><span dir=\"auto\" style=\"vertical-align: inherit;\"><span dir=\"auto\" style=\"vertical-align: inherit;\"> \u2013 Nadaje si\u0119 do GC\/MS, LC-MS, FTIR i HPLC.<\/span><\/span><\/p>\n<\/li>\n<li data-start=\"6038\" data-end=\"6104\">\n<p data-start=\"6040\" data-end=\"6104\"><strong data-start=\"6040\" data-end=\"6065\"><span dir=\"auto\" style=\"vertical-align: inherit;\"><span dir=\"auto\" style=\"vertical-align: inherit;\">\u015aledzona produkcja<\/span><\/span><\/strong><span dir=\"auto\" style=\"vertical-align: inherit;\"><span dir=\"auto\" style=\"vertical-align: inherit;\"> \u2013 Ka\u017cda partia zosta\u0142a przetestowana i zweryfikowana.<\/span><\/span><\/p>\n<\/li>\n<li data-start=\"6105\" data-end=\"6194\">\n<p data-start=\"6107\" data-end=\"6194\"><strong data-start=\"6107\" data-end=\"6146\"><span dir=\"auto\" style=\"vertical-align: inherit;\"><span dir=\"auto\" style=\"vertical-align: inherit;\">Idealny do bada\u0144 neurochemicznych<\/span><\/span><\/strong><span dir=\"auto\" style=\"vertical-align: inherit;\"><span dir=\"auto\" style=\"vertical-align: inherit;\"> \u2013 Warto\u015bciowe dla analiz SAR i transporter\u00f3w.<\/span><\/span><\/p>\n<\/li>\n<\/ul>\n<hr data-start=\"6196\" data-end=\"6199\" \/>\n<h3 data-start=\"6201\" data-end=\"6253\"><strong data-start=\"6205\" data-end=\"6251\"><span dir=\"auto\" style=\"vertical-align: inherit;\"><span dir=\"auto\" style=\"vertical-align: inherit;\">U\u017cyj (tylko do cel\u00f3w badawczych)<\/span><\/span><\/strong><\/h3>\n<ol data-start=\"6255\" data-end=\"6573\">\n<li data-start=\"6255\" data-end=\"6324\">\n<p data-start=\"6258\" data-end=\"6324\"><strong data-start=\"6258\" data-end=\"6273\"><span dir=\"auto\" style=\"vertical-align: inherit;\"><span dir=\"auto\" style=\"vertical-align: inherit;\">Obs\u0142ugiwanie:<\/span><\/span><\/strong><span dir=\"auto\" style=\"vertical-align: inherit;\"><span dir=\"auto\" style=\"vertical-align: inherit;\"> Nale\u017cy nosi\u0107 r\u0119kawice, okulary ochronne i fartuch laboratoryjny.<\/span><\/span><\/p>\n<\/li>\n<li data-start=\"6325\" data-end=\"6384\">\n<p data-start=\"6328\" data-end=\"6384\"><strong data-start=\"6328\" data-end=\"6341\"><span dir=\"auto\" style=\"vertical-align: inherit;\"><span dir=\"auto\" style=\"vertical-align: inherit;\">Pomiary:<\/span><\/span><\/strong><span dir=\"auto\" style=\"vertical-align: inherit;\"><span dir=\"auto\" style=\"vertical-align: inherit;\"> U\u017cywaj skalibrowanych wag laboratoryjnych.<\/span><\/span><\/p>\n<\/li>\n<li data-start=\"6385\" data-end=\"6439\">\n<p data-start=\"6388\" data-end=\"6439\"><strong data-start=\"6388\" data-end=\"6399\"><span dir=\"auto\" style=\"vertical-align: inherit;\"><span dir=\"auto\" style=\"vertical-align: inherit;\">Sk\u0142adowanie:<\/span><\/span><\/strong><span dir=\"auto\" style=\"vertical-align: inherit;\"><span dir=\"auto\" style=\"vertical-align: inherit;\"> Przechowywa\u0107 w ch\u0142odnym (2\u20138\u00b0C), suchym i ciemnym miejscu.<\/span><\/span><\/p>\n<\/li>\n<li data-start=\"6440\" data-end=\"6514\">\n<p data-start=\"6443\" data-end=\"6514\"><strong data-start=\"6443\" data-end=\"6455\"><span dir=\"auto\" style=\"vertical-align: inherit;\"><span dir=\"auto\" style=\"vertical-align: inherit;\">Analiza:<\/span><\/span><\/strong><span dir=\"auto\" style=\"vertical-align: inherit;\"><span dir=\"auto\" style=\"vertical-align: inherit;\"> Nadaje si\u0119 do chromatografii i bada\u0144 neurochemicznych.<\/span><\/span><\/p>\n<\/li>\n<li data-start=\"6515\" data-end=\"6573\">\n<p data-start=\"6518\" data-end=\"6573\"><strong data-start=\"6518\" data-end=\"6535\"><span dir=\"auto\" style=\"vertical-align: inherit;\"><span dir=\"auto\" style=\"vertical-align: inherit;\">Dokumentacja:<\/span><\/span><\/strong><span dir=\"auto\" style=\"vertical-align: inherit;\"><span dir=\"auto\" style=\"vertical-align: inherit;\"> Zapisz numer partii i dane testowe.<\/span><\/span><\/p>\n<\/li>\n<\/ol>\n<hr data-start=\"6575\" data-end=\"6578\" \/>\n<h3 data-start=\"6580\" data-end=\"6615\"><strong data-start=\"6584\" data-end=\"6613\"><span dir=\"auto\" style=\"vertical-align: inherit;\"><span dir=\"auto\" style=\"vertical-align: inherit;\">Cz\u0119sto zadawane pytania (FAQ)<\/span><\/span><\/strong><\/h3>\n<p data-start=\"6617\" data-end=\"6775\"><strong data-start=\"6617\" data-end=\"6656\"><span dir=\"auto\" style=\"vertical-align: inherit;\"><span dir=\"auto\" style=\"vertical-align: inherit;\">1. Czym jest 2-FA (2-fluoroamfetamina)? <\/span><\/span><\/strong><br data-start=\"6656\" data-end=\"6659\" \/><strong data-start=\"6659\" data-end=\"6667\"><span dir=\"auto\" style=\"vertical-align: inherit;\"><span dir=\"auto\" style=\"vertical-align: inherit;\">2-FA<\/span><\/span><\/strong><span dir=\"auto\" style=\"vertical-align: inherit;\"><span dir=\"auto\" style=\"vertical-align: inherit;\"> jest <\/span><\/span><strong data-start=\"6675\" data-end=\"6710\"><span dir=\"auto\" style=\"vertical-align: inherit;\"><span dir=\"auto\" style=\"vertical-align: inherit;\">fluorowany analog amfetaminy<\/span><\/span><\/strong><span dir=\"auto\" style=\"vertical-align: inherit;\"><span dir=\"auto\" style=\"vertical-align: inherit;\"> stosowany w badaniach analitycznych i neurochemicznych.<\/span><\/span><\/p>\n<p data-start=\"6777\" data-end=\"6901\"><strong data-start=\"6777\" data-end=\"6814\"><span dir=\"auto\" style=\"vertical-align: inherit;\"><span dir=\"auto\" style=\"vertical-align: inherit;\">2. Jaka jest czysto\u015b\u0107 2-FA?<\/span><\/span><\/strong><br data-start=\"6814\" data-end=\"6817\" \/><span dir=\"auto\" style=\"vertical-align: inherit;\"><span dir=\"auto\" style=\"vertical-align: inherit;\"> Ka\u017cda partia ma <\/span><\/span><strong data-start=\"6838\" data-end=\"6862\"><span dir=\"auto\" style=\"vertical-align: inherit;\"><span dir=\"auto\" style=\"vertical-align: inherit;\">czysto\u015b\u0107 \u2265 98%<\/span><\/span><\/strong><span dir=\"auto\" style=\"vertical-align: inherit;\"><span dir=\"auto\" style=\"vertical-align: inherit;\"> , potwierdzone analiz\u0105 HPLC i NMR.<\/span><\/span><\/p>\n<p data-start=\"6903\" data-end=\"7056\"><strong data-start=\"6903\" data-end=\"6941\"><span dir=\"auto\" style=\"vertical-align: inherit;\"><span dir=\"auto\" style=\"vertical-align: inherit;\">3. Czy zakup 2-FA jest legalny?<\/span><\/span><\/strong><br data-start=\"6941\" data-end=\"6944\" \/><span dir=\"auto\" style=\"vertical-align: inherit;\"><span dir=\"auto\" style=\"vertical-align: inherit;\"> Ten <\/span><\/span><strong data-start=\"6947\" data-end=\"6970\"><span dir=\"auto\" style=\"vertical-align: inherit;\"><span dir=\"auto\" style=\"vertical-align: inherit;\">legalno\u015b\u0107 2-FA<\/span><\/span><\/strong><span dir=\"auto\" style=\"vertical-align: inherit;\"><span dir=\"auto\" style=\"vertical-align: inherit;\"> r\u00f3\u017cni si\u0119 w zale\u017cno\u015bci od kraju. Zawsze sprawdzaj lokalne przepisy przed <\/span><\/span><strong data-start=\"7039\" data-end=\"7053\"><span dir=\"auto\" style=\"vertical-align: inherit;\"><span dir=\"auto\" style=\"vertical-align: inherit;\">zakup 2-FA<\/span><\/span><\/strong><span dir=\"auto\" style=\"vertical-align: inherit;\"><span dir=\"auto\" style=\"vertical-align: inherit;\"> .<\/span><\/span><\/p>","protected":false},"excerpt":{"rendered":"<h2><span dir=\"auto\" style=\"vertical-align: inherit;\"><span dir=\"auto\" style=\"vertical-align: inherit;\"><span dir=\"auto\" style=\"vertical-align: inherit;\"><span dir=\"auto\" style=\"vertical-align: inherit;\">W\u0142a\u015bciwo\u015bci 2-FA<\/span><\/span><\/span><\/span><\/h2>\n<p><strong><span dir=\"auto\" style=\"vertical-align: inherit;\"><span dir=\"auto\" style=\"vertical-align: inherit;\"><span dir=\"auto\" style=\"vertical-align: inherit;\"><span dir=\"auto\" style=\"vertical-align: inherit;\">Synonim<\/span><\/span><\/span><\/span><\/strong><span dir=\"auto\" style=\"vertical-align: inherit;\"><span dir=\"auto\" style=\"vertical-align: inherit;\"><span dir=\"auto\" style=\"vertical-align: inherit;\"><span dir=\"auto\" style=\"vertical-align: inherit;\"> : 2-fluoroamfetamina <\/span><\/span><\/span><\/span><br \/>\n<strong><span dir=\"auto\" style=\"vertical-align: inherit;\"><span dir=\"auto\" style=\"vertical-align: inherit;\"><span dir=\"auto\" style=\"vertical-align: inherit;\"><span dir=\"auto\" style=\"vertical-align: inherit;\">Numer CAS<\/span><\/span><\/span><\/span><\/strong><span dir=\"auto\" style=\"vertical-align: inherit;\"><span dir=\"auto\" style=\"vertical-align: inherit;\"><span dir=\"auto\" style=\"vertical-align: inherit;\"><span dir=\"auto\" style=\"vertical-align: inherit;\"> : 1626-69-3 <\/span><\/span><\/span><\/span><br \/>\n<strong><span dir=\"auto\" style=\"vertical-align: inherit;\"><span dir=\"auto\" style=\"vertical-align: inherit;\"><span dir=\"auto\" style=\"vertical-align: inherit;\"><span dir=\"auto\" style=\"vertical-align: inherit;\">Formu\u0142a<\/span><\/span><\/span><\/span><\/strong><span dir=\"auto\" style=\"vertical-align: inherit;\"><span dir=\"auto\" style=\"vertical-align: inherit;\"><span dir=\"auto\" style=\"vertical-align: inherit;\"><span dir=\"auto\" style=\"vertical-align: inherit;\"> : C9H12FN \u2022 HCL <\/span><\/span><\/span><\/span><br \/>\n<strong><span dir=\"auto\" style=\"vertical-align: inherit;\"><span dir=\"auto\" style=\"vertical-align: inherit;\"><span dir=\"auto\" style=\"vertical-align: inherit;\"><span dir=\"auto\" style=\"vertical-align: inherit;\">Masa molowa<\/span><\/span><\/span><\/span><\/strong><span dir=\"auto\" style=\"vertical-align: inherit;\"><span dir=\"auto\" style=\"vertical-align: inherit;\"><span dir=\"auto\" style=\"vertical-align: inherit;\"><span dir=\"auto\" style=\"vertical-align: inherit;\"> : 189,7 g\/mol <\/span><\/span><\/span><\/span><br \/>\n<strong><span dir=\"auto\" style=\"vertical-align: inherit;\"><span dir=\"auto\" style=\"vertical-align: inherit;\"><span dir=\"auto\" style=\"vertical-align: inherit;\"><span dir=\"auto\" style=\"vertical-align: inherit;\">Czysto\u015b\u0107<\/span><\/span><\/span><\/span><\/strong><span dir=\"auto\" style=\"vertical-align: inherit;\"><span dir=\"auto\" style=\"vertical-align: inherit;\"><span dir=\"auto\" style=\"vertical-align: inherit;\"><span dir=\"auto\" style=\"vertical-align: inherit;\"> : \u226598%<\/span><\/span><\/span><\/span><\/p>","protected":false},"featured_media":28379,"comment_status":"closed","ping_status":"closed","template":"","meta":[],"product_brand":[82],"product_cat":[470,322,333],"product_tag":[931,932,821,326],"class_list":{"0":"post-24344","1":"product","2":"type-product","3":"status-publish","4":"has-post-thumbnail","6":"product_brand-research-chemical","7":"product_cat-2-fa","8":"product_cat-bijna-verboden","9":"product_cat-gefluoreerden","10":"product_tag-2-fa-kopen","11":"product_tag-2-fa-research-chemical","12":"product_tag-2-fa","13":"product_tag-nl","15":"first","16":"instock","17":"taxable","18":"shipping-taxable","19":"purchasable","20":"product-type-variable"},"_links":{"self":[{"href":"https:\/\/researchchemicalhub.com\/pl\/wp-json\/wp\/v2\/product\/24344","targetHints":{"allow":["GET"]}}],"collection":[{"href":"https:\/\/researchchemicalhub.com\/pl\/wp-json\/wp\/v2\/product"}],"about":[{"href":"https:\/\/researchchemicalhub.com\/pl\/wp-json\/wp\/v2\/types\/product"}],"replies":[{"embeddable":true,"href":"https:\/\/researchchemicalhub.com\/pl\/wp-json\/wp\/v2\/comments?post=24344"}],"version-history":[{"count":7,"href":"https:\/\/researchchemicalhub.com\/pl\/wp-json\/wp\/v2\/product\/24344\/revisions"}],"predecessor-version":[{"id":28686,"href":"https:\/\/researchchemicalhub.com\/pl\/wp-json\/wp\/v2\/product\/24344\/revisions\/28686"}],"wp:featuredmedia":[{"embeddable":true,"href":"https:\/\/researchchemicalhub.com\/pl\/wp-json\/wp\/v2\/media\/28379"}],"wp:attachment":[{"href":"https:\/\/researchchemicalhub.com\/pl\/wp-json\/wp\/v2\/media?parent=24344"}],"wp:term":[{"taxonomy":"product_brand","embeddable":true,"href":"https:\/\/researchchemicalhub.com\/pl\/wp-json\/wp\/v2\/product_brand?post=24344"},{"taxonomy":"product_cat","embeddable":true,"href":"https:\/\/researchchemicalhub.com\/pl\/wp-json\/wp\/v2\/product_cat?post=24344"},{"taxonomy":"product_tag","embeddable":true,"href":"https:\/\/researchchemicalhub.com\/pl\/wp-json\/wp\/v2\/product_tag?post=24344"}],"curies":[{"name":"wp","href":"https:\/\/api.w.org\/{rel}","templated":true}]}}