{"id":24343,"date":"2025-04-13T17:41:31","date_gmt":"2025-04-13T17:41:31","guid":{"rendered":"https:\/\/researchchemicalhub.com\/?post_type=product&#038;p=24343"},"modified":"2025-10-12T12:50:39","modified_gmt":"2025-10-12T12:50:39","slug":"cyfrowa-bio-mini-waga-20g-x-0001g","status":"publish","type":"product","link":"https:\/\/researchchemicalhub.com\/pl\/sklep\/waga\/cyfrowa-bio-mini-waga-20g-x-0001g\/","title":{"rendered":"Cyfrowa Bio Mini Waga \u2013 20g x 0,001g"},"content":{"rendered":"<h3 data-start=\"4064\" data-end=\"4085\"><strong data-start=\"4068\" data-end=\"4083\">Wst\u0119p<\/strong><\/h3>\n<p data-start=\"4086\" data-end=\"4354\">Ten <strong data-start=\"4089\" data-end=\"4136\">Cyfrowa Bio Mini Waga \u2013 20g x 0,001g<\/strong> jest <strong data-start=\"4144\" data-end=\"4180\">profesjonalna waga precyzyjna<\/strong> przeznaczony do zastosowa\u0144, w kt\u00f3rych wymagana jest wyj\u0105tkowa dok\u0142adno\u015b\u0107, takich jak <strong data-start=\"4256\" data-end=\"4281\">badania laboratoryjne<\/strong>, <strong data-start=\"4283\" data-end=\"4304\">analiza chemiczna<\/strong>, <strong data-start=\"4306\" data-end=\"4330\">badania biologiczne<\/strong> I <strong data-start=\"4334\" data-end=\"4351\">prace jubilerskie<\/strong>.<\/p>\n<p data-start=\"4356\" data-end=\"4670\">Natychmiast <strong data-start=\"4364\" data-end=\"4394\">no\u015bno\u015b\u0107 20 gram\u00f3w<\/strong> i <strong data-start=\"4402\" data-end=\"4445\">dok\u0142adno\u015b\u0107 0,001 g (1 miligram)<\/strong> oferuje t\u0119 mini wag\u0119 <strong data-start=\"4473\" data-end=\"4504\">precyzja na poziomie laboratoryjnym<\/strong> w <strong data-start=\"4512\" data-end=\"4544\">kompaktowa i przeno\u015bna konstrukcja<\/strong>Ten <strong data-start=\"4549\" data-end=\"4578\">p\u0142ytka wa\u017c\u0105ca ze stali nierdzewnej<\/strong> i <strong data-start=\"4586\" data-end=\"4608\">jasny ekran LCD<\/strong> zapewniaj\u0105 wyra\u017ane i stabilne pomiary w ka\u017cdym \u015brodowisku.<\/p>\n<blockquote data-start=\"4672\" data-end=\"4784\">\n<p data-start=\"4674\" data-end=\"4784\">\u2699\ufe0f <strong data-start=\"4677\" data-end=\"4784\">Doskonale nadaje si\u0119 do laboratori\u00f3w, bada\u0144 biochemicznych lub nauki o materia\u0142ach, wymaga dok\u0142adno\u015bci do miligram\u00f3w.<\/strong><\/p>\n<\/blockquote>\n<hr data-start=\"4786\" data-end=\"4789\" \/>\n<h3 data-start=\"4791\" data-end=\"4822\"><strong data-start=\"4795\" data-end=\"4822\">G\u0142\u00f3wne cechy<\/strong><\/h3>\n<div class=\"_tableContainer_1rjym_1\">\n<div class=\"group _tableWrapper_1rjym_13 flex w-fit flex-col-reverse\" tabindex=\"-1\">\n<table class=\"w-fit min-w-(--thread-content-width)\" data-start=\"4824\" data-end=\"5359\">\n<thead data-start=\"4824\" data-end=\"4850\">\n<tr data-start=\"4824\" data-end=\"4850\">\n<th data-start=\"4824\" data-end=\"4834\" data-col-size=\"sm\">Funkcja<\/th>\n<th data-start=\"4834\" data-end=\"4850\" data-col-size=\"md\">Opis<\/th>\n<\/tr>\n<\/thead>\n<tbody data-start=\"4879\" data-end=\"5359\">\n<tr data-start=\"4879\" data-end=\"4923\">\n<td data-start=\"4879\" data-end=\"4891\" data-col-size=\"sm\"><strong data-start=\"4881\" data-end=\"4890\">Model<\/strong><\/td>\n<td data-start=\"4891\" data-end=\"4923\" data-col-size=\"md\">Cyfrowa Bio Mini Waga<\/td>\n<\/tr>\n<tr data-start=\"4924\" data-end=\"4957\">\n<td data-start=\"4924\" data-end=\"4941\" data-col-size=\"sm\"><strong data-start=\"4926\" data-end=\"4940\">Zakres wa\u017cenia<\/strong><\/td>\n<td data-start=\"4941\" data-end=\"4957\" data-col-size=\"md\">0,001 g \u2013 20 g<\/td>\n<\/tr>\n<tr data-start=\"4958\" data-end=\"5004\">\n<td data-start=\"4958\" data-end=\"4979\" data-col-size=\"sm\"><strong data-start=\"4960\" data-end=\"4978\">Dok\u0142adno\u015b\u0107<\/strong><\/td>\n<td data-start=\"4979\" data-end=\"5004\" data-col-size=\"md\">\u00b10,001 g (1 miligram)<\/td>\n<\/tr>\n<tr data-start=\"5005\" data-end=\"5067\">\n<td data-start=\"5005\" data-end=\"5019\" data-col-size=\"sm\"><strong data-start=\"5007\" data-end=\"5018\">Wy\u015bwietlacz<\/strong><\/td>\n<td data-start=\"5019\" data-end=\"5067\" data-col-size=\"md\">Jasny wy\u015bwietlacz LCD z pod\u015bwietleniem<\/td>\n<\/tr>\n<tr data-start=\"5068\" data-end=\"5106\">\n<td data-start=\"5068\" data-end=\"5084\" data-col-size=\"sm\"><strong data-start=\"5070\" data-end=\"5083\">Jednostki miary<\/strong><\/td>\n<td data-start=\"5084\" data-end=\"5106\" data-col-size=\"md\">g, oz, ct, gn, dwt<\/td>\n<\/tr>\n<tr data-start=\"5107\" data-end=\"5151\">\n<td data-start=\"5107\" data-end=\"5126\" data-col-size=\"sm\"><strong data-start=\"5109\" data-end=\"5125\">Platforma wagowa<\/strong><\/td>\n<td data-start=\"5126\" data-end=\"5151\" data-col-size=\"md\">P\u0142yta ze stali nierdzewnej<\/td>\n<\/tr>\n<tr data-start=\"5152\" data-end=\"5201\">\n<td data-start=\"5152\" data-end=\"5166\" data-col-size=\"sm\"><strong data-start=\"5154\" data-end=\"5165\">Zasilacz<\/strong><\/td>\n<td data-start=\"5166\" data-end=\"5201\" data-col-size=\"md\">2 baterie AAA (w zestawie)<\/td>\n<\/tr>\n<tr data-start=\"5202\" data-end=\"5243\">\n<td data-start=\"5202\" data-end=\"5216\" data-col-size=\"sm\"><strong data-start=\"5204\" data-end=\"5215\">Projekt<\/strong><\/td>\n<td data-start=\"5216\" data-end=\"5243\" data-col-size=\"md\">Kompaktowy i lekki<\/td>\n<\/tr>\n<tr data-start=\"5244\" data-end=\"5306\">\n<td data-start=\"5244\" data-end=\"5277\" data-col-size=\"sm\"><strong data-start=\"5246\" data-end=\"5276\">Automatyczne wy\u0142\u0105czanie<\/strong><\/td>\n<td data-start=\"5277\" data-end=\"5306\" data-col-size=\"md\">Funkcja oszcz\u0119dzania energii<\/td>\n<\/tr>\n<tr data-start=\"5307\" data-end=\"5359\">\n<td data-start=\"5307\" data-end=\"5325\" data-col-size=\"sm\"><strong data-start=\"5309\" data-end=\"5324\">Czapka ochronna<\/strong><\/td>\n<td data-start=\"5325\" data-end=\"5359\" data-col-size=\"md\">Chroni przed kurzem i uszkodzeniami<\/td>\n<\/tr>\n<\/tbody>\n<\/table>\n<\/div>\n<\/div>\n<hr data-start=\"5361\" data-end=\"5364\" \/>\n<h3 data-start=\"5366\" data-end=\"5383\"><strong data-start=\"5370\" data-end=\"5383\">Zalety<\/strong><\/h3>\n<ul data-start=\"5385\" data-end=\"5857\">\n<li data-start=\"5385\" data-end=\"5477\">\n<p data-start=\"5387\" data-end=\"5477\"><strong data-start=\"5387\" data-end=\"5409\">Niezwykle dok\u0142adny<\/strong> \u2013 Wa\u017cy do 0,001 g i nadaje si\u0119 do bada\u0144 laboratoryjnych i biologicznych.<\/p>\n<\/li>\n<li data-start=\"5478\" data-end=\"5551\">\n<p data-start=\"5480\" data-end=\"5551\"><strong data-start=\"5480\" data-end=\"5503\">Przeno\u015bny i kompaktowy<\/strong> \u2013 Idealny do stosowania w laboratorium lub w podr\u00f3\u017cy.<\/p>\n<\/li>\n<li data-start=\"5552\" data-end=\"5616\">\n<p data-start=\"5554\" data-end=\"5616\"><strong data-start=\"5554\" data-end=\"5574\">Zr\u00f3wnowa\u017cony projekt<\/strong> \u2013 P\u0142yta wa\u017c\u0105ca ze stali nierdzewnej do d\u0142ugotrwa\u0142ego u\u017cytkowania.<\/p>\n<\/li>\n<li data-start=\"5617\" data-end=\"5711\">\n<p data-start=\"5619\" data-end=\"5711\"><strong data-start=\"5619\" data-end=\"5649\">R\u00f3\u017cne jednostki miary<\/strong> \u2013 \u0141atwe prze\u0142\u0105czanie mi\u0119dzy gramami, uncjami, karatami i innymi jednostkami.<\/p>\n<\/li>\n<li data-start=\"5712\" data-end=\"5785\">\n<p data-start=\"5714\" data-end=\"5785\"><strong data-start=\"5714\" data-end=\"5737\">Przyjazny dla u\u017cytkownika<\/strong> \u2013 \u0141atwa obs\u0142uga dzi\u0119ki czytelnemu wy\u015bwietlaczowi LCD.<\/p>\n<\/li>\n<li data-start=\"5786\" data-end=\"5857\">\n<p data-start=\"5788\" data-end=\"5857\"><strong data-start=\"5788\" data-end=\"5808\">Oszcz\u0119dno\u015b\u0107 energii<\/strong> \u2013 Automatyczne wy\u0142\u0105czanie w przypadku braku aktywno\u015bci.<\/p>\n<\/li>\n<\/ul>\n<hr data-start=\"5859\" data-end=\"5862\" \/>\n<h3 data-start=\"5864\" data-end=\"5879\"><strong data-start=\"5868\" data-end=\"5879\">Stosowanie<\/strong><\/h3>\n<ol data-start=\"5881\" data-end=\"6311\">\n<li data-start=\"5881\" data-end=\"5966\">\n<p data-start=\"5884\" data-end=\"5966\"><strong data-start=\"5884\" data-end=\"5916\">Po\u0142o\u017cy\u0107 na p\u0142askiej powierzchni<\/strong> \u2013 U\u017cywa\u0107 na stabilnym stole, wolnym od wibracji.<\/p>\n<\/li>\n<li data-start=\"5967\" data-end=\"6058\">\n<p data-start=\"5970\" data-end=\"6058\"><strong data-start=\"5970\" data-end=\"5996\">Przed u\u017cyciem nale\u017cy skalibrowa\u0107<\/strong> \u2013 Przeprowad\u017a kalibracj\u0119 przy u\u017cyciu dostarczonego ci\u0119\u017carka (je\u015bli jest dost\u0119pny).<\/p>\n<\/li>\n<li data-start=\"6059\" data-end=\"6129\">\n<p data-start=\"6062\" data-end=\"6129\"><strong data-start=\"6062\" data-end=\"6083\">Wybierz jednostk\u0119<\/strong> \u2013 Wybierz pomi\u0119dzy gramami, uncjami, karatami lub granami.<\/p>\n<\/li>\n<li data-start=\"6130\" data-end=\"6225\">\n<p data-start=\"6133\" data-end=\"6225\"><strong data-start=\"6133\" data-end=\"6160\">U\u017cyj funkcji TARA<\/strong> \u2013 Aby zapewni\u0107 dok\u0142adno\u015b\u0107 pomiar\u00f3w, nale\u017cy wyzerowa\u0107 wag\u0119 pojemnik\u00f3w.<\/p>\n<\/li>\n<li data-start=\"6226\" data-end=\"6311\">\n<p data-start=\"6229\" data-end=\"6311\"><strong data-start=\"6229\" data-end=\"6249\">Zwa\u017c dok\u0142adnie<\/strong> \u2013 Powoli dodawaj materia\u0142, a\u017c osi\u0105gniesz po\u017c\u0105dan\u0105 wag\u0119.<\/p>\n<\/li>\n<\/ol>\n<hr data-start=\"6313\" data-end=\"6316\" \/>\n<h3 data-start=\"6318\" data-end=\"6353\"><strong data-start=\"6322\" data-end=\"6351\">Cz\u0119sto zadawane pytania (FAQ)<\/strong><\/h3>\n<p data-start=\"6355\" data-end=\"6543\"><strong data-start=\"6355\" data-end=\"6414\">1. Co wyr\u00f3\u017cnia wag\u0119 Digital Bio Mini Scale?<\/strong><br data-start=\"6414\" data-end=\"6417\" \/>Ta skala oferuje <strong data-start=\"6443\" data-end=\"6466\">precyzja 0,001 g<\/strong>, Co <strong data-start=\"6472\" data-end=\"6498\">dziesi\u0119\u0107 razy dok\u0142adniejszy<\/strong> jest to standardowa mini waga (0,01g).<\/p>\n<p data-start=\"6545\" data-end=\"6685\"><strong data-start=\"6545\" data-end=\"6594\">2. Czy nadaje si\u0119 do u\u017cytku laboratoryjnego?<\/strong><br data-start=\"6594\" data-end=\"6597\" \/>Tak \u2014 waga jest przeznaczona do <strong data-start=\"6634\" data-end=\"6682\">badania biologiczne, chemiczne i analityczne<\/strong>.<\/p>\n<p data-start=\"6687\" data-end=\"6849\"><strong data-start=\"6687\" data-end=\"6745\">3. Czy baterie i ci\u0119\u017carek kalibracyjny s\u0105 do\u0142\u0105czone?<\/strong><br data-start=\"6745\" data-end=\"6748\" \/>Tak, waga jest dostarczana z <strong data-start=\"6785\" data-end=\"6807\">2 baterie AAA<\/strong> i prawdopodobnie <strong data-start=\"6825\" data-end=\"6846\">ci\u0119\u017carek kalibracyjny<\/strong>.<\/p>","protected":false},"excerpt":{"rendered":"<p><strong><span dir=\"auto\" style=\"vertical-align: inherit;\"><span dir=\"auto\" style=\"vertical-align: inherit;\">Dane techniczne:<\/span><\/span><\/strong><\/p>\n<ul>\n<li><span dir=\"auto\" style=\"vertical-align: inherit;\"><span dir=\"auto\" style=\"vertical-align: inherit;\">Cyfrowy<\/span><\/span><\/li>\n<li><span dir=\"auto\" style=\"vertical-align: inherit;\"><span dir=\"auto\" style=\"vertical-align: inherit;\">Waga od 0,001 g<\/span><\/span><\/li>\n<li><span dir=\"auto\" style=\"vertical-align: inherit;\"><span dir=\"auto\" style=\"vertical-align: inherit;\">Maksymalna waga: 20 g<\/span><\/span><\/li>\n<li><span dir=\"auto\" style=\"vertical-align: inherit;\"><span dir=\"auto\" style=\"vertical-align: inherit;\">Dzia\u0142a na: 2 bateriach AAA<\/span><\/span><\/li>\n<li><span dir=\"auto\" style=\"vertical-align: inherit;\"><span dir=\"auto\" style=\"vertical-align: inherit;\">Wy\u015bwietlacz LCD<\/span><\/span><\/li>\n<li><span dir=\"auto\" style=\"vertical-align: inherit;\"><span dir=\"auto\" style=\"vertical-align: inherit;\">Kolor: czarny<\/span><\/span><\/li>\n<\/ul>","protected":false},"featured_media":24680,"comment_status":"closed","ping_status":"closed","template":"","meta":[],"product_brand":[],"product_cat":[451],"product_tag":[452,848,764,767,765,766,768],"class_list":{"0":"post-24343","1":"product","2":"type-product","3":"status-publish","4":"has-post-thumbnail","6":"product_cat-weegschalen","7":"product_tag-de","8":"product_tag-digitale-bio-mini-weegschaal","9":"product_tag-digitale-cs-weegschaal","10":"product_tag-digitale-microweegschaal","11":"product_tag-milligramweegschaal","12":"product_tag-precise-weegschaal-0-001g","13":"product_tag-weegschaal-voor-research-chemicals","15":"first","16":"instock","17":"taxable","18":"shipping-taxable","19":"purchasable","20":"product-type-simple"},"_links":{"self":[{"href":"https:\/\/researchchemicalhub.com\/pl\/wp-json\/wp\/v2\/product\/24343","targetHints":{"allow":["GET"]}}],"collection":[{"href":"https:\/\/researchchemicalhub.com\/pl\/wp-json\/wp\/v2\/product"}],"about":[{"href":"https:\/\/researchchemicalhub.com\/pl\/wp-json\/wp\/v2\/types\/product"}],"replies":[{"embeddable":true,"href":"https:\/\/researchchemicalhub.com\/pl\/wp-json\/wp\/v2\/comments?post=24343"}],"version-history":[{"count":6,"href":"https:\/\/researchchemicalhub.com\/pl\/wp-json\/wp\/v2\/product\/24343\/revisions"}],"predecessor-version":[{"id":27802,"href":"https:\/\/researchchemicalhub.com\/pl\/wp-json\/wp\/v2\/product\/24343\/revisions\/27802"}],"wp:featuredmedia":[{"embeddable":true,"href":"https:\/\/researchchemicalhub.com\/pl\/wp-json\/wp\/v2\/media\/24680"}],"wp:attachment":[{"href":"https:\/\/researchchemicalhub.com\/pl\/wp-json\/wp\/v2\/media?parent=24343"}],"wp:term":[{"taxonomy":"product_brand","embeddable":true,"href":"https:\/\/researchchemicalhub.com\/pl\/wp-json\/wp\/v2\/product_brand?post=24343"},{"taxonomy":"product_cat","embeddable":true,"href":"https:\/\/researchchemicalhub.com\/pl\/wp-json\/wp\/v2\/product_cat?post=24343"},{"taxonomy":"product_tag","embeddable":true,"href":"https:\/\/researchchemicalhub.com\/pl\/wp-json\/wp\/v2\/product_tag?post=24343"}],"curies":[{"name":"wp","href":"https:\/\/api.w.org\/{rel}","templated":true}]}}