{"id":24342,"date":"2025-04-13T17:41:31","date_gmt":"2025-04-13T17:41:31","guid":{"rendered":"https:\/\/researchchemicalhub.com\/?post_type=product&#038;p=24342"},"modified":"2025-10-12T12:05:44","modified_gmt":"2025-10-12T12:05:44","slug":"cyfrowa-mini-waga-zbiornikowa-20g-x-0-001g","status":"publish","type":"product","link":"https:\/\/researchchemicalhub.com\/pl\/sklep\/waga\/cyfrowa-mini-waga-zbiornikowa-20g-x-0-001g\/","title":{"rendered":"Cyfrowa mini waga do zbiornik\u00f3w \u2013 20 g x 0,001 g"},"content":{"rendered":"<h3 data-start=\"3844\" data-end=\"3865\"><strong data-start=\"3848\" data-end=\"3863\">Wst\u0119p<\/strong><\/h3>\n<p data-start=\"3866\" data-end=\"4264\">Ten <strong data-start=\"3869\" data-end=\"3917\">Cyfrowa mini waga do zbiornik\u00f3w \u2013 20 g x 0,001 g<\/strong> jest <strong data-start=\"3925\" data-end=\"3955\">kieszonkowa waga o wysokiej precyzji<\/strong> zaprojektowany dla <strong data-start=\"3971\" data-end=\"4028\">zastosowania laboratoryjne, jubilerskie i analityczne<\/strong> gdzie wymagana jest maksymalna dok\u0142adno\u015b\u0107. Cyfrowa mini waga zbiornikowa<br data-start=\"4072\" data-end=\"4075\" \/>Z precyzj\u0105 <strong data-start=\"4096\" data-end=\"4120\">0,001 g (1 miligram)<\/strong> a kompaktowa i solidna konstrukcja zapewnia tej miniaturowej wadze <strong data-start=\"4180\" data-end=\"4214\">szybkie i niezawodne pomiary<\/strong> do proszk\u00f3w, kamieni szlachetnych lub pr\u00f3bek chemicznych.<\/p>\n<p data-start=\"4266\" data-end=\"4457\">Niezale\u017cnie od tego, czy pracujesz w <strong data-start=\"4287\" data-end=\"4303\">laboratorium<\/strong>, Jaki\u015b <strong data-start=\"4309\" data-end=\"4328\">konfiguracja domowa<\/strong> lub <strong data-start=\"4336\" data-end=\"4362\">\u015brodowisko zawodowe<\/strong>Cyfrowa mini waga do zbiornik\u00f3w zapewnia <strong data-start=\"4404\" data-end=\"4454\">jako\u015b\u0107 laboratoryjna w formacie przeno\u015bnym<\/strong>.<\/p>\n<blockquote data-start=\"4459\" data-end=\"4576\">\n<p data-start=\"4461\" data-end=\"4576\">\u2699\ufe0f Idealne do wa\u017cenia drobnych proszk\u00f3w, mikrodawek lub materia\u0142\u00f3w drogocennych z dok\u0142adno\u015bci\u0105 do miligrama.<\/p>\n<\/blockquote>\n<hr data-start=\"4578\" data-end=\"4581\" \/>\n<h3 data-start=\"4583\" data-end=\"4614\"><strong data-start=\"4587\" data-end=\"4614\">G\u0142\u00f3wne cechy<\/strong><\/h3>\n<div class=\"_tableContainer_1rjym_1\">\n<div class=\"group _tableWrapper_1rjym_13 flex w-fit flex-col-reverse\" tabindex=\"-1\">\n<table class=\"w-fit min-w-(--thread-content-width)\" data-start=\"4616\" data-end=\"5132\">\n<thead data-start=\"4616\" data-end=\"4642\">\n<tr data-start=\"4616\" data-end=\"4642\">\n<th data-start=\"4616\" data-end=\"4626\" data-col-size=\"sm\">Funkcja<\/th>\n<th data-start=\"4626\" data-end=\"4642\" data-col-size=\"sm\">Opis<\/th>\n<\/tr>\n<\/thead>\n<tbody data-start=\"4671\" data-end=\"5132\">\n<tr data-start=\"4671\" data-end=\"4716\">\n<td data-start=\"4671\" data-end=\"4683\" data-col-size=\"sm\"><strong data-start=\"4673\" data-end=\"4682\">Model<\/strong><\/td>\n<td data-start=\"4683\" data-end=\"4716\" data-col-size=\"sm\">Cyfrowa waga do czo\u0142g\u00f3w Mini<\/td>\n<\/tr>\n<tr data-start=\"4717\" data-end=\"4750\">\n<td data-start=\"4717\" data-end=\"4734\" data-col-size=\"sm\"><strong data-start=\"4719\" data-end=\"4733\">Zakres pomiarowy<\/strong><\/td>\n<td data-start=\"4734\" data-end=\"4750\" data-col-size=\"sm\">0,001 g \u2013 20 g<\/td>\n<\/tr>\n<tr data-start=\"4751\" data-end=\"4797\">\n<td data-start=\"4751\" data-end=\"4772\" data-col-size=\"sm\"><strong data-start=\"4753\" data-end=\"4771\">Dok\u0142adno\u015b\u0107<\/strong><\/td>\n<td data-start=\"4772\" data-end=\"4797\" data-col-size=\"sm\">\u00b10,001 g (1 miligram)<\/td>\n<\/tr>\n<tr data-start=\"4798\" data-end=\"4843\">\n<td data-start=\"4798\" data-end=\"4812\" data-col-size=\"sm\"><strong data-start=\"4800\" data-end=\"4811\">Wy\u015bwietlacz<\/strong><\/td>\n<td data-start=\"4812\" data-end=\"4843\" data-col-size=\"sm\">Pod\u015bwietlany ekran LCD (niebieski)<\/td>\n<\/tr>\n<tr data-start=\"4844\" data-end=\"4882\">\n<td data-start=\"4844\" data-end=\"4860\" data-col-size=\"sm\"><strong data-start=\"4846\" data-end=\"4859\">Jednostki miary<\/strong><\/td>\n<td data-start=\"4860\" data-end=\"4882\" data-col-size=\"sm\">g, oz, ct, gn, dwt<\/td>\n<\/tr>\n<tr data-start=\"4883\" data-end=\"4921\">\n<td data-start=\"4883\" data-end=\"4902\" data-col-size=\"sm\"><strong data-start=\"4885\" data-end=\"4901\">Platforma wagowa<\/strong><\/td>\n<td data-start=\"4902\" data-end=\"4921\" data-col-size=\"sm\">Stal nierdzewna<\/td>\n<\/tr>\n<tr data-start=\"4922\" data-end=\"4971\">\n<td data-start=\"4922\" data-end=\"4936\" data-col-size=\"sm\"><strong data-start=\"4924\" data-end=\"4935\">Zasilacz<\/strong><\/td>\n<td data-start=\"4936\" data-end=\"4971\" data-col-size=\"sm\">2 baterie AAA (w zestawie)<\/td>\n<\/tr>\n<tr data-start=\"4972\" data-end=\"5019\">\n<td data-start=\"4972\" data-end=\"4989\" data-col-size=\"sm\"><strong data-start=\"4974\" data-end=\"4988\">Wymiary<\/strong><\/td>\n<td data-start=\"4989\" data-end=\"5019\" data-col-size=\"sm\">Kompaktowa, przeno\u015bna konstrukcja<\/td>\n<\/tr>\n<tr data-start=\"5020\" data-end=\"5082\">\n<td data-start=\"5020\" data-end=\"5053\" data-col-size=\"sm\"><strong data-start=\"5022\" data-end=\"5052\">Automatyczne wy\u0142\u0105czanie<\/strong><\/td>\n<td data-start=\"5053\" data-end=\"5082\" data-col-size=\"sm\">Funkcja oszcz\u0119dzania energii<\/td>\n<\/tr>\n<tr data-start=\"5083\" data-end=\"5132\">\n<td data-start=\"5083\" data-end=\"5101\" data-col-size=\"sm\"><strong data-start=\"5085\" data-end=\"5100\">Czapka ochronna<\/strong><\/td>\n<td data-start=\"5101\" data-end=\"5132\" data-col-size=\"sm\">Chroni podczas transportu<\/td>\n<\/tr>\n<\/tbody>\n<\/table>\n<\/div>\n<\/div>\n<hr data-start=\"5134\" data-end=\"5137\" \/>\n<h3 data-start=\"5139\" data-end=\"5156\"><strong data-start=\"5143\" data-end=\"5156\">Zalety<\/strong><\/h3>\n<ul data-start=\"5158\" data-end=\"5604\">\n<li data-start=\"5158\" data-end=\"5224\">\n<p data-start=\"5160\" data-end=\"5224\"><strong data-start=\"5160\" data-end=\"5182\">Niezwykle dok\u0142adny<\/strong> \u2013 Wa\u017cy z dok\u0142adno\u015bci\u0105 do 0,001 g (1 mg).<\/p>\n<\/li>\n<li data-start=\"5225\" data-end=\"5289\">\n<p data-start=\"5227\" data-end=\"5289\"><strong data-start=\"5227\" data-end=\"5250\">Kompaktowy i przeno\u015bny<\/strong> \u2013 Z \u0142atwo\u015bci\u0105 mie\u015bci si\u0119 w kieszeni lub szufladzie biurka.<\/p>\n<\/li>\n<li data-start=\"5290\" data-end=\"5365\">\n<p data-start=\"5292\" data-end=\"5365\"><strong data-start=\"5292\" data-end=\"5312\">Zr\u00f3wnowa\u017cony projekt<\/strong> \u2013 Platforma ze stali nierdzewnej do d\u0142ugotrwa\u0142ego u\u017cytkowania.<\/p>\n<\/li>\n<li data-start=\"5366\" data-end=\"5457\">\n<p data-start=\"5368\" data-end=\"5457\"><strong data-start=\"5368\" data-end=\"5395\">R\u00f3\u017cne jednostki miary<\/strong> \u2013 \u0141atwe prze\u0142\u0105czanie mi\u0119dzy gramami, uncjami, karatami i innymi jednostkami.<\/p>\n<\/li>\n<li data-start=\"5458\" data-end=\"5531\">\n<p data-start=\"5460\" data-end=\"5531\"><strong data-start=\"5460\" data-end=\"5483\">Przyjazny dla u\u017cytkownika<\/strong> \u2013 \u0141atwa obs\u0142uga dzi\u0119ki czytelnemu wy\u015bwietlaczowi LCD.<\/p>\n<\/li>\n<li data-start=\"5532\" data-end=\"5604\">\n<p data-start=\"5534\" data-end=\"5604\"><strong data-start=\"5534\" data-end=\"5559\">W zestawie os\u0142ona ochronna<\/strong> \u2013 Utrzymuje wag\u0119 w czysto\u015bci i chroni j\u0105. Cyfrowa mini waga do tankowania<\/p>\n<\/li>\n<\/ul>\n<hr data-start=\"5606\" data-end=\"5609\" \/>\n<h3 data-start=\"5611\" data-end=\"5626\"><strong data-start=\"5615\" data-end=\"5626\">Stosowanie<\/strong><\/h3>\n<ol data-start=\"5628\" data-end=\"6084\">\n<li data-start=\"5628\" data-end=\"5718\">\n<p data-start=\"5631\" data-end=\"5718\"><strong data-start=\"5631\" data-end=\"5663\">Po\u0142o\u017cy\u0107 na p\u0142askiej powierzchni<\/strong> \u2013 Stosowa\u0107 na stabilnej, wolnej od wibracji powierzchni.<\/p>\n<\/li>\n<li data-start=\"5719\" data-end=\"5831\">\n<p data-start=\"5722\" data-end=\"5831\"><strong data-start=\"5722\" data-end=\"5748\">Przed u\u017cyciem nale\u017cy skalibrowa\u0107<\/strong> \u2013 Post\u0119puj zgodnie z instrukcj\u0105 kalibracji, u\u017cywaj\u0105c do\u0142\u0105czonego ci\u0119\u017carka (je\u015bli jest dost\u0119pny).<\/p>\n<\/li>\n<li data-start=\"5832\" data-end=\"5906\">\n<p data-start=\"5835\" data-end=\"5906\"><strong data-start=\"5835\" data-end=\"5860\">Wybierz jednostk\u0119 miary<\/strong> \u2013 Wybierz pomi\u0119dzy gramami, uncjami, karatami lub granami.<\/p>\n<\/li>\n<li data-start=\"5907\" data-end=\"6003\">\n<p data-start=\"5910\" data-end=\"6003\"><strong data-start=\"5910\" data-end=\"5934\">U\u017cyj funkcji TARA<\/strong> \u2013 Zerowa waga pojemnika zapewnia dok\u0142adno\u015b\u0107 pomiar\u00f3w.<\/p>\n<\/li>\n<li data-start=\"6004\" data-end=\"6084\">\n<p data-start=\"6007\" data-end=\"6084\"><strong data-start=\"6007\" data-end=\"6026\">Wa\u017cy\u0107 dok\u0142adnie<\/strong> \u2013 Powoli dodawaj materia\u0142, a\u017c osi\u0105gniesz po\u017c\u0105dan\u0105 wag\u0119.<\/p>\n<\/li>\n<\/ol>\n<hr data-start=\"6086\" data-end=\"6089\" \/>\n<h3 data-start=\"6091\" data-end=\"6126\"><strong data-start=\"6095\" data-end=\"6124\">Cz\u0119sto zadawane pytania (FAQ)<\/strong><\/h3>\n<p data-start=\"6128\" data-end=\"6315\"><strong data-start=\"6128\" data-end=\"6184\">1. Co sprawia, \u017ce waga Digital Tank Mini jest wyj\u0105tkowa?<\/strong><br data-start=\"6184\" data-end=\"6187\" \/>Ta skala oferuje <strong data-start=\"6213\" data-end=\"6236\">precyzja 0,001 g<\/strong>, Co <strong data-start=\"6242\" data-end=\"6262\">10x dok\u0142adniejsza<\/strong> jest wi\u0119ksza ni\u017c wi\u0119kszo\u015b\u0107 standardowych wag kieszonkowych (0,01 g).<\/p>\n<p data-start=\"6317\" data-end=\"6502\"><strong data-start=\"6317\" data-end=\"6368\">2. Czy nadaje si\u0119 do bada\u0144 laboratoryjnych?<\/strong><br data-start=\"6368\" data-end=\"6371\" \/>Tak \u2014 waga jest odpowiednia dla <strong data-start=\"6407\" data-end=\"6448\">zastosowania analityczne i chemiczne<\/strong>, je\u015bli u\u017cywany w <strong data-start=\"6471\" data-end=\"6499\">suche, stabilne \u015brodowisko<\/strong>.<\/p>\n<p data-start=\"6504\" data-end=\"6669\"><strong data-start=\"6504\" data-end=\"6562\">3. Czy baterie i ci\u0119\u017carek kalibracyjny s\u0105 do\u0142\u0105czone?<\/strong><br data-start=\"6562\" data-end=\"6565\" \/>Tak, s\u0105 <strong data-start=\"6579\" data-end=\"6601\">2 baterie AAA<\/strong> w zestawie. Niekt\u00f3re zestawy zawieraj\u0105 r\u00f3wnie\u017c <strong data-start=\"6645\" data-end=\"6666\">ci\u0119\u017carek kalibracyjny<\/strong>.<\/p>","protected":false},"excerpt":{"rendered":"<p><strong>Dane techniczne:<\/strong><\/p>\n<ul>\n<li>Cyfrowy<\/li>\n<li>Wa\u017cy od 0,001 g<\/li>\n<li>Maksymalna waga: 20g<\/li>\n<li>Dzia\u0142a na: 2 bateriach AAA<\/li>\n<li>Wy\u015bwietlacz LCD<\/li>\n<li>Kolor: czarny<\/li>\n<\/ul>","protected":false},"featured_media":21116,"comment_status":"closed","ping_status":"closed","template":"","meta":[],"product_brand":[],"product_cat":[451],"product_tag":[452,764,767,849,765,766,768],"class_list":{"0":"post-24342","1":"product","2":"type-product","3":"status-publish","4":"has-post-thumbnail","6":"product_cat-weegschalen","7":"product_tag-de","8":"product_tag-digitale-cs-weegschaal","9":"product_tag-digitale-microweegschaal","10":"product_tag-digitale-tank-mini-weegschaal","11":"product_tag-milligramweegschaal","12":"product_tag-precise-weegschaal-0-001g","13":"product_tag-weegschaal-voor-research-chemicals","15":"first","16":"instock","17":"taxable","18":"shipping-taxable","19":"purchasable","20":"product-type-simple"},"_links":{"self":[{"href":"https:\/\/researchchemicalhub.com\/pl\/wp-json\/wp\/v2\/product\/24342","targetHints":{"allow":["GET"]}}],"collection":[{"href":"https:\/\/researchchemicalhub.com\/pl\/wp-json\/wp\/v2\/product"}],"about":[{"href":"https:\/\/researchchemicalhub.com\/pl\/wp-json\/wp\/v2\/types\/product"}],"replies":[{"embeddable":true,"href":"https:\/\/researchchemicalhub.com\/pl\/wp-json\/wp\/v2\/comments?post=24342"}],"version-history":[{"count":6,"href":"https:\/\/researchchemicalhub.com\/pl\/wp-json\/wp\/v2\/product\/24342\/revisions"}],"predecessor-version":[{"id":27801,"href":"https:\/\/researchchemicalhub.com\/pl\/wp-json\/wp\/v2\/product\/24342\/revisions\/27801"}],"wp:featuredmedia":[{"embeddable":true,"href":"https:\/\/researchchemicalhub.com\/pl\/wp-json\/wp\/v2\/media\/21116"}],"wp:attachment":[{"href":"https:\/\/researchchemicalhub.com\/pl\/wp-json\/wp\/v2\/media?parent=24342"}],"wp:term":[{"taxonomy":"product_brand","embeddable":true,"href":"https:\/\/researchchemicalhub.com\/pl\/wp-json\/wp\/v2\/product_brand?post=24342"},{"taxonomy":"product_cat","embeddable":true,"href":"https:\/\/researchchemicalhub.com\/pl\/wp-json\/wp\/v2\/product_cat?post=24342"},{"taxonomy":"product_tag","embeddable":true,"href":"https:\/\/researchchemicalhub.com\/pl\/wp-json\/wp\/v2\/product_tag?post=24342"}],"curies":[{"name":"wp","href":"https:\/\/api.w.org\/{rel}","templated":true}]}}