{"id":24277,"date":"2025-04-13T17:41:22","date_gmt":"2025-04-13T17:41:22","guid":{"rendered":"https:\/\/researchchemicalhub.com\/?post_type=product&#038;p=24277"},"modified":"2025-10-29T08:52:48","modified_gmt":"2025-10-29T08:52:48","slug":"flubrotizolam-05-mg-granulki","status":"publish","type":"product","link":"https:\/\/researchchemicalhub.com\/pl\/sklep\/benzodiazepiny\/flubrotizolam-05-mg-granulki\/","title":{"rendered":"Flubrotizolam 0,5 MG granulki"},"content":{"rendered":"<p data-start=\"5386\" data-end=\"5642\"><strong data-start=\"5386\" data-end=\"5418\">Flubrotizolam 0,5 MG granulki<\/strong> Czy <strong data-start=\"5424\" data-end=\"5469\">chemikalia badawcze o wysokiej czysto\u015bci<\/strong>, przeznaczony do bada\u0144 toksykologicznych i farmakologicznych. Ka\u017cda peletka zawiera <strong data-start=\"5545\" data-end=\"5576\">0,5 miligrama Flubrotizolamu<\/strong> i jest starannie rozwa\u017cany pod k\u0105tem wiarygodnych wynik\u00f3w bada\u0144. flubrotizolam<\/p>\n<p data-start=\"5644\" data-end=\"5761\">\u26a0\ufe0f <strong data-start=\"5647\" data-end=\"5658\">UWAGA:<\/strong> Ten produkt jest przeznaczony wy\u0142\u0105cznie do u\u017cytku <em data-start=\"5699\" data-end=\"5721\">cele badawcze<\/em> I <strong data-start=\"5725\" data-end=\"5760\">nie do spo\u017cycia przez ludzi<\/strong>.<\/p>\n<hr data-start=\"5763\" data-end=\"5766\" \/>\n<h2 data-start=\"5768\" data-end=\"5798\"><strong data-start=\"5771\" data-end=\"5798\">G\u0142\u00f3wne cechy<\/strong><\/h2>\n<ul data-start=\"5800\" data-end=\"6145\">\n<li data-start=\"5800\" data-end=\"5864\">\n<p data-start=\"5802\" data-end=\"5864\"><strong data-start=\"5802\" data-end=\"5821\">Wysoka czysto\u015b\u0107<\/strong> dla uzyskania sp\u00f3jnych wynik\u00f3w laboratoryjnych.<\/p>\n<\/li>\n<li data-start=\"5865\" data-end=\"5946\">\n<p data-start=\"5867\" data-end=\"5946\"><strong data-start=\"5867\" data-end=\"5891\">Dok\u0142adne dawkowanie<\/strong>:0,5 mg na peletk\u0119 w przypadku eksperyment\u00f3w kontrolowanych.<\/p>\n<\/li>\n<li data-start=\"5947\" data-end=\"6015\">\n<p data-start=\"5949\" data-end=\"6015\"><strong data-start=\"5949\" data-end=\"5974\">Jako\u015b\u0107 analityczna<\/strong>, nadaje si\u0119 do bada\u0144 LC-MS i GC-MS.<\/p>\n<\/li>\n<li data-start=\"6016\" data-end=\"6086\">\n<p data-start=\"6018\" data-end=\"6086\"><strong data-start=\"6018\" data-end=\"6040\">Bezpieczne opakowanie<\/strong>:uszczelnione i zabezpieczone przed zanieczyszczeniem.<\/p>\n<\/li>\n<li data-start=\"6087\" data-end=\"6145\">\n<p data-start=\"6089\" data-end=\"6145\"><strong data-start=\"6089\" data-end=\"6115\">Zgodnie z przepisami UE<\/strong> do bada\u0144 chemicznych.<\/p>\n<\/li>\n<\/ul>\n<hr data-start=\"6147\" data-end=\"6150\" \/>\n<h2 data-start=\"6152\" data-end=\"6186\"><strong data-start=\"6155\" data-end=\"6186\">Korzy\u015bci dla badaczy<\/strong><\/h2>\n<ul data-start=\"6188\" data-end=\"6478\">\n<li data-start=\"6188\" data-end=\"6246\">\n<p data-start=\"6190\" data-end=\"6246\">Wspiera <strong data-start=\"6202\" data-end=\"6243\">badania toksykologiczne i analityczne<\/strong>.<\/p>\n<\/li>\n<li data-start=\"6247\" data-end=\"6325\">\n<p data-start=\"6249\" data-end=\"6325\">Nadaje si\u0119 do <strong data-start=\"6263\" data-end=\"6286\">badania referencyjne<\/strong> w kierunku nowych analog\u00f3w benzodiazepin.<\/p>\n<\/li>\n<li data-start=\"6326\" data-end=\"6413\">\n<p data-start=\"6328\" data-end=\"6413\">Promuje <strong data-start=\"6338\" data-end=\"6369\">walidacja naukowa<\/strong> w kontrolowanych warunkach laboratoryjnych.<\/p>\n<\/li>\n<li data-start=\"6414\" data-end=\"6478\">\n<p data-start=\"6416\" data-end=\"6478\">Pomaga w <strong data-start=\"6426\" data-end=\"6450\">rozw\u00f3j metody<\/strong> do analizy kryminalistycznej. flubrotizolam<\/p>\n<\/li>\n<\/ul>\n<hr data-start=\"6480\" data-end=\"6483\" \/>\n<h2 data-start=\"6485\" data-end=\"6519\"><strong data-start=\"6488\" data-end=\"6519\">Wykorzystanie (kontekst badawczy)<\/strong><\/h2>\n<ol data-start=\"6521\" data-end=\"6700\">\n<li data-start=\"6521\" data-end=\"6550\">\n<p data-start=\"6524\" data-end=\"6550\">Nale\u017cy nosi\u0107 standardowe laboratoryjne \u015brodki ochrony indywidualnej.<\/p>\n<\/li>\n<li data-start=\"6551\" data-end=\"6601\">\n<p data-start=\"6554\" data-end=\"6601\">Dokonaj dok\u0142adnego pomiaru przy u\u017cyciu skalibrowanego sprz\u0119tu.<\/p>\n<\/li>\n<li data-start=\"6602\" data-end=\"6649\">\n<p data-start=\"6605\" data-end=\"6649\">Przechowywa\u0107 w ch\u0142odnym i suchym miejscu, z dala od bezpo\u015bredniego \u015bwiat\u0142a s\u0142onecznego.<\/p>\n<\/li>\n<li data-start=\"6650\" data-end=\"6700\">\n<p data-start=\"6653\" data-end=\"6700\">Utylizowa\u0107 zgodnie z lokalnymi przepisami dotycz\u0105cymi odpad\u00f3w.<\/p>\n<\/li>\n<\/ol>\n<blockquote data-start=\"6702\" data-end=\"6796\">\n<p data-start=\"6704\" data-end=\"6796\"><strong data-start=\"6704\" data-end=\"6719\">Wa\u017cny:<\/strong> <em data-start=\"6720\" data-end=\"6750\">Flubrotizolam 0,5 MG granulki<\/em> Czy <strong data-start=\"6756\" data-end=\"6795\">nieprzeznaczony do u\u017cytku przez ludzi<\/strong>.<\/p>\n<\/blockquote>\n<hr data-start=\"6798\" data-end=\"6801\" \/>\n<h2 data-start=\"6803\" data-end=\"6874\"><strong data-start=\"6806\" data-end=\"6874\">Kup granulki Flubrotizolamu 0,5 mg (dla instytucji badawczych)<\/strong><\/h2>\n<p data-start=\"6876\" data-end=\"7031\">Tylko <strong data-start=\"6883\" data-end=\"6925\">certyfikowane instytucje badawcze<\/strong> z odpowiednimi pozwoleniami mo\u017ce <strong data-start=\"6959\" data-end=\"6997\">Kup Flubrotizolam 0,5 MG Pellets<\/strong>Prywatne u\u017cycie jest zabronione.<\/p>\n<hr data-start=\"7033\" data-end=\"7036\" \/>\n<h2 data-start=\"7038\" data-end=\"7072\"><strong data-start=\"7041\" data-end=\"7072\">Cz\u0119sto zadawane pytania (FAQ)<\/strong><\/h2>\n<h3 data-start=\"7074\" data-end=\"7139\"><strong data-start=\"7078\" data-end=\"7139\">1. Do czego s\u0142u\u017c\u0105 granulki Flubrotizolamu 0,5 MG?<\/strong><\/h3>\n<p data-start=\"7140\" data-end=\"7243\">Te granulki s\u0105 u\u017cywane do <strong data-start=\"7174\" data-end=\"7212\">badania kryminalistyczne i analityczne<\/strong> do tienotriazolodiazepin.<\/p>\n<hr data-start=\"7245\" data-end=\"7248\" \/>\n<h3 data-start=\"7250\" data-end=\"7313\"><strong data-start=\"7254\" data-end=\"7313\">2. Czy te peletki s\u0105 bezpieczne do spo\u017cycia przez ludzi?<\/strong><\/h3>\n<p data-start=\"7314\" data-end=\"7416\">Nie. Te peletki s\u0105 <strong data-start=\"7337\" data-end=\"7375\">przeznaczone wy\u0142\u0105cznie do cel\u00f3w badawczych<\/strong> i nie nadaje si\u0119 do u\u017cytku przez ludzi.<\/p>\n<hr data-start=\"7418\" data-end=\"7421\" \/>\n<h3 data-start=\"7423\" data-end=\"7489\"><strong data-start=\"7427\" data-end=\"7489\">3. Czy mog\u0119 kupi\u0107 Flubrotizolam 0,5 MG Pellets w Holandii?<\/strong><\/h3>\n<p data-start=\"7490\" data-end=\"7611\">Tylko <strong data-start=\"7497\" data-end=\"7531\">uznane instytucje badawcze<\/strong> Posiadaj\u0105c zezwolenie mo\u017cna naby\u0107 ten produkt do cel\u00f3w naukowych.<\/p>","protected":false},"excerpt":{"rendered":"<p>Peletki flubrotizolamu 0,5 mg to wysokiej czysto\u015bci odczynniki chemiczne przeznaczone do bada\u0144 toksykologicznych i farmakologicznych. Ka\u017cda peletka zawiera 0,5 miligrama.<\/p>","protected":false},"featured_media":28528,"comment_status":"closed","ping_status":"closed","template":"","meta":[],"product_brand":[82],"product_cat":[76,476,477,324],"product_tag":[150,153,154,151,152,155,326],"class_list":{"0":"post-24277","1":"product","2":"type-product","3":"status-publish","4":"has-post-thumbnail","6":"product_brand-research-chemical","7":"product_cat-benzodiazepinen","8":"product_cat-flubrotizolam","9":"product_cat-flubrotizolam-pellets","10":"product_cat-pellets-for-pellet","11":"product_tag-flubrotizolam","12":"product_tag-flubrotizolam-dosage","13":"product_tag-flubrotizolam-ervaring","14":"product_tag-flubrotizolam-half-life","15":"product_tag-flubrotizolam-werking","16":"product_tag-flunitrazolam-bijwerkingen","17":"product_tag-nl","19":"first","20":"instock","21":"taxable","22":"shipping-taxable","23":"purchasable","24":"product-type-variable"},"_links":{"self":[{"href":"https:\/\/researchchemicalhub.com\/pl\/wp-json\/wp\/v2\/product\/24277","targetHints":{"allow":["GET"]}}],"collection":[{"href":"https:\/\/researchchemicalhub.com\/pl\/wp-json\/wp\/v2\/product"}],"about":[{"href":"https:\/\/researchchemicalhub.com\/pl\/wp-json\/wp\/v2\/types\/product"}],"replies":[{"embeddable":true,"href":"https:\/\/researchchemicalhub.com\/pl\/wp-json\/wp\/v2\/comments?post=24277"}],"version-history":[{"count":4,"href":"https:\/\/researchchemicalhub.com\/pl\/wp-json\/wp\/v2\/product\/24277\/revisions"}],"predecessor-version":[{"id":27817,"href":"https:\/\/researchchemicalhub.com\/pl\/wp-json\/wp\/v2\/product\/24277\/revisions\/27817"}],"wp:featuredmedia":[{"embeddable":true,"href":"https:\/\/researchchemicalhub.com\/pl\/wp-json\/wp\/v2\/media\/28528"}],"wp:attachment":[{"href":"https:\/\/researchchemicalhub.com\/pl\/wp-json\/wp\/v2\/media?parent=24277"}],"wp:term":[{"taxonomy":"product_brand","embeddable":true,"href":"https:\/\/researchchemicalhub.com\/pl\/wp-json\/wp\/v2\/product_brand?post=24277"},{"taxonomy":"product_cat","embeddable":true,"href":"https:\/\/researchchemicalhub.com\/pl\/wp-json\/wp\/v2\/product_cat?post=24277"},{"taxonomy":"product_tag","embeddable":true,"href":"https:\/\/researchchemicalhub.com\/pl\/wp-json\/wp\/v2\/product_tag?post=24277"}],"curies":[{"name":"wp","href":"https:\/\/api.w.org\/{rel}","templated":true}]}}