{"id":24265,"date":"2025-04-13T17:41:21","date_gmt":"2025-04-13T17:41:21","guid":{"rendered":"https:\/\/researchchemicalhub.com\/?post_type=product&#038;p=24265"},"modified":"2025-10-12T19:33:01","modified_gmt":"2025-10-12T19:33:01","slug":"rc-metocin-torba-3-peletki","status":"publish","type":"product","link":"https:\/\/researchchemicalhub.com\/pl\/sklep\/b2b\/rc-metocin-torba-3-peletki\/","title":{"rendered":"RC+ Metocin woreczek 3 peletki"},"content":{"rendered":"<h2 data-start=\"3774\" data-end=\"3800\"><strong data-start=\"3777\" data-end=\"3800\">Opis produktu<\/strong><\/h2>\n<p data-start=\"3802\" data-end=\"4116\"><strong data-start=\"3802\" data-end=\"3833\">RC+ Metocin woreczek 3 peletki<\/strong> jest <strong data-start=\"3841\" data-end=\"3878\">wysokiej jako\u015bci materia\u0142 badawczy<\/strong>, opracowany do stosowania w laboratoriach analitycznych, toksykologicznych i kryminalistycznych.<br data-start=\"3962\" data-end=\"3965\" \/>Ka\u017cde opakowanie zawiera <strong data-start=\"3987\" data-end=\"4025\">trzy starannie dozowane peletki<\/strong>, produkowany pod \u015bcis\u0142\u0105 kontrol\u0105 jako\u015bci, dla zapewnienia maksymalnej czysto\u015bci i sp\u00f3jno\u015bci. metocin 4-ho-met<\/p>\n<p data-start=\"4118\" data-end=\"4290\"><strong data-start=\"4118\" data-end=\"4129\">Metocyna<\/strong>, cz\u0119\u015b\u0107 <strong data-start=\"4148\" data-end=\"4161\">Seria RC+<\/strong>, wspiera badania nad <strong data-start=\"4190\" data-end=\"4213\">analogi tryptaminy<\/strong> i s\u0142u\u017cy jako wiarygodna substancja odniesienia w zastosowaniach naukowych.<\/p>\n<p data-start=\"4292\" data-end=\"4428\">\u26a0\ufe0f <strong data-start=\"4295\" data-end=\"4306\">UWAGA:<\/strong> Ten produkt jest <strong data-start=\"4322\" data-end=\"4371\">przeznaczone wy\u0142\u0105cznie do cel\u00f3w badawczych<\/strong> I <strong data-start=\"4375\" data-end=\"4427\">nie nadaje si\u0119 do u\u017cytku przez ludzi i zwierz\u0119ta<\/strong>.<\/p>\n<hr data-start=\"4430\" data-end=\"4433\" \/>\n<h2 data-start=\"4435\" data-end=\"4465\"><strong data-start=\"4438\" data-end=\"4465\">G\u0142\u00f3wne cechy<\/strong><\/h2>\n<ul data-start=\"4467\" data-end=\"4883\">\n<li data-start=\"4467\" data-end=\"4533\">\n<p data-start=\"4469\" data-end=\"4533\"><strong data-start=\"4469\" data-end=\"4489\">Wysoka czysto\u015b\u0107:<\/strong> Spe\u0142nia laboratoryjne standardy jako\u015bci.<\/p>\n<\/li>\n<li data-start=\"4534\" data-end=\"4624\">\n<p data-start=\"4536\" data-end=\"4624\"><strong data-start=\"4536\" data-end=\"4568\">Standaryzowane dawkowanie:<\/strong> Trzy granulki w opakowaniu o jednolitym sk\u0142adzie.<\/p>\n<\/li>\n<li data-start=\"4625\" data-end=\"4713\">\n<p data-start=\"4627\" data-end=\"4713\"><strong data-start=\"4627\" data-end=\"4654\">Stabilny i niezawodny:<\/strong> Zaprojektowane z my\u015bl\u0105 o d\u0142ugotrwa\u0142ym przechowywaniu i mo\u017cliwo\u015bci odtwarzania.<\/p>\n<\/li>\n<li data-start=\"4714\" data-end=\"4797\">\n<p data-start=\"4716\" data-end=\"4797\"><strong data-start=\"4716\" data-end=\"4739\">Bezpieczne opakowanie:<\/strong> Hermetyczne i odporne na wilgo\u0107, zapewniaj\u0105ce maksymaln\u0105 integralno\u015b\u0107.<\/p>\n<\/li>\n<li data-start=\"4798\" data-end=\"4883\">\n<p data-start=\"4800\" data-end=\"4883\"><strong data-start=\"4800\" data-end=\"4827\">Zgodnie z przepisami UE:<\/strong> Wyprodukowano zgodnie z europejskimi wytycznymi bezpiecze\u0144stwa. metocin 4-ho-met<\/p>\n<\/li>\n<\/ul>\n<hr data-start=\"4885\" data-end=\"4888\" \/>\n<h2 data-start=\"4890\" data-end=\"4924\"><strong data-start=\"4893\" data-end=\"4924\">Korzy\u015bci dla badaczy<\/strong><\/h2>\n<ul data-start=\"4926\" data-end=\"5206\">\n<li data-start=\"4926\" data-end=\"4998\">\n<p data-start=\"4928\" data-end=\"4998\">Nadaje si\u0119 do <strong data-start=\"4942\" data-end=\"4995\">badania analityczne, kryminalistyczne i toksykologiczne<\/strong>.<\/p>\n<\/li>\n<li data-start=\"4999\" data-end=\"5071\">\n<p data-start=\"5001\" data-end=\"5071\">Wspiera <strong data-start=\"5013\" data-end=\"5042\">analizy spektroskopowe<\/strong> takich jak LC-MS, GC-MS i NMR.<\/p>\n<\/li>\n<li data-start=\"5072\" data-end=\"5134\">\n<p data-start=\"5074\" data-end=\"5134\">Pomaga w <strong data-start=\"5084\" data-end=\"5114\">identyfikacja i walidacja<\/strong> po\u0142\u0105cze\u0144.<\/p>\n<\/li>\n<li data-start=\"5135\" data-end=\"5206\">\n<p data-start=\"5137\" data-end=\"5206\">Oferty <strong data-start=\"5143\" data-end=\"5177\">wiarygodne pr\u00f3bki referencyjne<\/strong> w celach badawczych.<\/p>\n<\/li>\n<\/ul>\n<hr data-start=\"5208\" data-end=\"5211\" \/>\n<h2 data-start=\"5213\" data-end=\"5247\"><strong data-start=\"5216\" data-end=\"5247\">Wykorzystanie (kontekst badawczy)<\/strong><\/h2>\n<ol data-start=\"5249\" data-end=\"5453\">\n<li data-start=\"5249\" data-end=\"5294\">\n<p data-start=\"5252\" data-end=\"5294\">Stosowa\u0107 wy\u0142\u0105cznie w akredytowanych laboratoriach.<\/p>\n<\/li>\n<li data-start=\"5295\" data-end=\"5355\">\n<p data-start=\"5298\" data-end=\"5355\">Nale\u017cy nosi\u0107 r\u0119kawice, okulary ochronne i fartuch laboratoryjny.<\/p>\n<\/li>\n<li data-start=\"5356\" data-end=\"5403\">\n<p data-start=\"5359\" data-end=\"5403\">Przechowywa\u0107 w ch\u0142odnym, suchym i ciemnym miejscu (poni\u017cej 25\u00b0C).<\/p>\n<\/li>\n<li data-start=\"5404\" data-end=\"5453\">\n<p data-start=\"5407\" data-end=\"5453\">Pozosta\u0142o\u015bci nale\u017cy utylizowa\u0107 zgodnie z lokalnymi przepisami.<\/p>\n<\/li>\n<\/ol>\n<blockquote data-start=\"5455\" data-end=\"5552\">\n<p data-start=\"5457\" data-end=\"5552\"><strong data-start=\"5457\" data-end=\"5468\">UWAGA:<\/strong> <em data-start=\"5469\" data-end=\"5498\">RC+ Metocin woreczek 3 peletki<\/em> Jest <strong data-start=\"5502\" data-end=\"5551\">przeznaczone wy\u0142\u0105cznie do cel\u00f3w badawczych<\/strong>.<\/p>\n<\/blockquote>\n<hr data-start=\"5554\" data-end=\"5557\" \/>\n<h2 data-start=\"5559\" data-end=\"5593\"><strong data-start=\"5562\" data-end=\"5593\">Cz\u0119sto zadawane pytania (FAQ)<\/strong><\/h2>\n<p data-start=\"5595\" data-end=\"5743\"><strong data-start=\"5595\" data-end=\"5638\">1. Do czego s\u0142u\u017cy RC+ Metocin?<\/strong><br data-start=\"5638\" data-end=\"5641\" \/>RC+ Metocin jest stosowany w <strong data-start=\"5673\" data-end=\"5714\">badania analityczne i toksykologiczne<\/strong> do zwi\u0105zk\u00f3w tryptaminowych.<\/p>\n<p data-start=\"5745\" data-end=\"5859\"><strong data-start=\"5745\" data-end=\"5784\">2. Ile peletek mie\u015bci si\u0119 w jednym worku?<\/strong><br data-start=\"5784\" data-end=\"5787\" \/>Ka\u017cda torba zawiera <strong data-start=\"5803\" data-end=\"5835\">3 standaryzowane peletki<\/strong> o jednakowej czysto\u015bci.<\/p>\n<p data-start=\"5861\" data-end=\"6014\"><strong data-start=\"5861\" data-end=\"5909\">3. Czy mog\u0119 kupi\u0107 RC+ Metocin jako osoba prywatna?<\/strong><br data-start=\"5909\" data-end=\"5912\" \/>Nie, tylko <strong data-start=\"5924\" data-end=\"5958\">uznane instytucje badawcze<\/strong> Posiadacze odpowiedniego zezwolenia mog\u0105 naby\u0107 ten produkt.<\/p>","protected":false},"excerpt":{"rendered":"<p>Numer CAS: 77872-41-4<br \/>\nWz\u00f3r: C13H18N2O<br \/>\nMasa molowa: 218,3 g\/mol<br \/>\nCzysto\u015b\u0107: \u226598%<\/p>","protected":false},"featured_media":21348,"comment_status":"closed","ping_status":"closed","template":"","meta":[],"product_brand":[82],"product_cat":[555],"product_tag":[858,857,871,636,673,635,870,326],"class_list":{"0":"post-24265","1":"product","2":"type-product","3":"status-publish","4":"has-post-thumbnail","6":"product_brand-research-chemical","7":"product_cat-b2b","8":"product_tag-4-acetoxy-met","9":"product_tag-4-ho-met-psychonaut","10":"product_tag-methylcybin","11":"product_tag-metocin","12":"product_tag-metocin-4-ho-met","13":"product_tag-metocin-kopen","14":"product_tag-metocin-tablet","15":"product_tag-nl","17":"first","18":"instock","19":"taxable","20":"shipping-taxable","21":"purchasable","22":"product-type-variable"},"_links":{"self":[{"href":"https:\/\/researchchemicalhub.com\/pl\/wp-json\/wp\/v2\/product\/24265","targetHints":{"allow":["GET"]}}],"collection":[{"href":"https:\/\/researchchemicalhub.com\/pl\/wp-json\/wp\/v2\/product"}],"about":[{"href":"https:\/\/researchchemicalhub.com\/pl\/wp-json\/wp\/v2\/types\/product"}],"replies":[{"embeddable":true,"href":"https:\/\/researchchemicalhub.com\/pl\/wp-json\/wp\/v2\/comments?post=24265"}],"version-history":[{"count":4,"href":"https:\/\/researchchemicalhub.com\/pl\/wp-json\/wp\/v2\/product\/24265\/revisions"}],"predecessor-version":[{"id":27822,"href":"https:\/\/researchchemicalhub.com\/pl\/wp-json\/wp\/v2\/product\/24265\/revisions\/27822"}],"wp:featuredmedia":[{"embeddable":true,"href":"https:\/\/researchchemicalhub.com\/pl\/wp-json\/wp\/v2\/media\/21348"}],"wp:attachment":[{"href":"https:\/\/researchchemicalhub.com\/pl\/wp-json\/wp\/v2\/media?parent=24265"}],"wp:term":[{"taxonomy":"product_brand","embeddable":true,"href":"https:\/\/researchchemicalhub.com\/pl\/wp-json\/wp\/v2\/product_brand?post=24265"},{"taxonomy":"product_cat","embeddable":true,"href":"https:\/\/researchchemicalhub.com\/pl\/wp-json\/wp\/v2\/product_cat?post=24265"},{"taxonomy":"product_tag","embeddable":true,"href":"https:\/\/researchchemicalhub.com\/pl\/wp-json\/wp\/v2\/product_tag?post=24265"}],"curies":[{"name":"wp","href":"https:\/\/api.w.org\/{rel}","templated":true}]}}