{"id":24194,"date":"2025-04-13T17:41:13","date_gmt":"2025-04-13T17:41:13","guid":{"rendered":"https:\/\/researchchemicalhub.com\/?post_type=product&#038;p=24194"},"modified":"2025-10-30T07:17:37","modified_gmt":"2025-10-30T07:17:37","slug":"2-fma","status":"publish","type":"product","link":"https:\/\/researchchemicalhub.com\/pl\/shop\/b2b\/2-fma\/","title":{"rendered":"RC+ Fluor 2-FMA 30mg pude\u0142ko"},"content":{"rendered":"<h3 data-start=\"4860\" data-end=\"4879\"><strong data-start=\"4864\" data-end=\"4879\">Wst\u0119p<\/strong><\/h3>\n<p data-start=\"4880\" data-end=\"5253\">Ten <strong data-start=\"4883\" data-end=\"4911\">RC+ Fluor 2-FMA 30mg pude\u0142ko<\/strong> zawiera <strong data-start=\"4918\" data-end=\"4958\">wysokiej czysto\u015bci 2-fluoroamfetamina (2-FMA)<\/strong>, Jaki\u015b <strong data-start=\"4964\" data-end=\"4994\">fluorowana fenetyloamina<\/strong> kt\u00f3ry nale\u017cy do <strong data-start=\"5014\" data-end=\"5034\">klasa amfetaminy<\/strong>Znany ze swojego stabilnego profilu stymuluj\u0105cego i unikalnych w\u0142a\u015bciwo\u015bci farmakologicznych, <strong data-start=\"5128\" data-end=\"5137\">2-FMA<\/strong> cz\u0119sto u\u017cywany w <strong data-start=\"5155\" data-end=\"5203\">badania neurochemiczne i psychostymuluj\u0105ce<\/strong> Nieprzyjemny <strong data-start=\"5209\" data-end=\"5250\">aktywno\u015b\u0107 dopaminy i noradrenaliny<\/strong>. 2-fma<\/p>\n<p data-start=\"5255\" data-end=\"5454\">Ka\u017cda tabletka jest precyzyjnie produkowana w warunkach laboratoryjnych <strong data-start=\"5331\" data-end=\"5407\">precyzyjne dawkowanie, niezawodna konsystencja i d\u0142ugotrwa\u0142a stabilno\u015b\u0107<\/strong> \u2013 niezb\u0119dne dla nowoczesnych bada\u0144 analitycznych.<\/p>\n<hr data-start=\"5456\" data-end=\"5459\" \/>\n<h3 data-start=\"5461\" data-end=\"5492\"><strong data-start=\"5465\" data-end=\"5492\">G\u0142\u00f3wne cechy<\/strong><\/h3>\n<ul data-start=\"5493\" data-end=\"5972\">\n<li data-start=\"5493\" data-end=\"5582\">\n<p data-start=\"5495\" data-end=\"5582\"><strong data-start=\"5495\" data-end=\"5527\">Wysoka czysto\u015b\u0107 analityczna:<\/strong> Zawiera <strong data-start=\"5534\" data-end=\"5568\">30 mg 2-fluoroamfetaminy (2-FMA)<\/strong> na tabletk\u0119.<\/p>\n<\/li>\n<li data-start=\"5583\" data-end=\"5673\">\n<p data-start=\"5585\" data-end=\"5673\"><strong data-start=\"5585\" data-end=\"5611\">Jako\u015b\u0107 laboratoryjna:<\/strong> Przeznaczone wy\u0142\u0105cznie do u\u017cytku <strong data-start=\"5632\" data-end=\"5670\">aplikacje badawcze i analityczne<\/strong>.<\/p>\n<\/li>\n<li data-start=\"5674\" data-end=\"5771\">\n<p data-start=\"5676\" data-end=\"5771\"><strong data-start=\"5676\" data-end=\"5703\">Bezpieczne opakowanie RC+:<\/strong> Profesjonalnie zamkni\u0119te, odporne na wilgo\u0107 i w\u0142a\u015bciwie oznakowane.<\/p>\n<\/li>\n<li data-start=\"5772\" data-end=\"5861\">\n<p data-start=\"5774\" data-end=\"5861\"><strong data-start=\"5774\" data-end=\"5800\">\u015aledzona produkcja:<\/strong> Wyposa\u017cony w <strong data-start=\"5814\" data-end=\"5858\">numery partii i certyfikaty laboratoryjne<\/strong>.<\/p>\n<\/li>\n<li data-start=\"5862\" data-end=\"5972\">\n<p data-start=\"5864\" data-end=\"5972\"><strong data-start=\"5864\" data-end=\"5888\">Stabilne po\u0142\u0105czenie:<\/strong> Struktura fluoru zwi\u0119ksza <strong data-start=\"5919\" data-end=\"5969\">stabilno\u015b\u0107 chemiczna i selektywno\u015b\u0107 receptora<\/strong>.<\/p>\n<\/li>\n<\/ul>\n<hr data-start=\"5974\" data-end=\"5977\" \/>\n<h3 data-start=\"5979\" data-end=\"5996\"><strong data-start=\"5983\" data-end=\"5996\">Zalety<\/strong><\/h3>\n<ul data-start=\"5997\" data-end=\"6376\">\n<li data-start=\"5997\" data-end=\"6082\">\n<p data-start=\"5999\" data-end=\"6082\">Wspiera <strong data-start=\"6011\" data-end=\"6038\">badanie neurochemiczne<\/strong> do aktywno\u015bci dopaminergicznej i adrenergicznej.<\/p>\n<\/li>\n<li data-start=\"6083\" data-end=\"6159\">\n<p data-start=\"6085\" data-end=\"6159\">Nadaje si\u0119 do <strong data-start=\"6099\" data-end=\"6125\">badania por\u00f3wnawcze<\/strong> z innymi wariantami amfetaminy.<\/p>\n<\/li>\n<li data-start=\"6160\" data-end=\"6242\">\n<p data-start=\"6162\" data-end=\"6242\">Zapewnia <strong data-start=\"6173\" data-end=\"6209\">sp\u00f3jne i mierzalne wyniki<\/strong> w kontrolowanych laboratoriach.<\/p>\n<\/li>\n<li data-start=\"6243\" data-end=\"6313\">\n<p data-start=\"6245\" data-end=\"6313\">Idealny dla <strong data-start=\"6257\" data-end=\"6310\">badania naukowe, kryminalistyczne i farmaceutyczne<\/strong>.<\/p>\n<\/li>\n<li data-start=\"6314\" data-end=\"6376\">\n<p data-start=\"6316\" data-end=\"6376\">Oferty <strong data-start=\"6322\" data-end=\"6355\">doskona\u0142a stabilno\u015b\u0107 przechowywania<\/strong> dzi\u0119ki fluorowaniu.<\/p>\n<\/li>\n<\/ul>\n<hr data-start=\"6378\" data-end=\"6381\" \/>\n<h3 data-start=\"6383\" data-end=\"6398\"><strong data-start=\"6387\" data-end=\"6398\">Stosowanie<\/strong><\/h3>\n<p data-start=\"6399\" data-end=\"6525\">Ten <strong data-start=\"6402\" data-end=\"6430\">RC+ Fluor 2-FMA 30mg pude\u0142ko<\/strong> przeznaczony wy\u0142\u0105cznie dla <strong data-start=\"6459\" data-end=\"6499\">zastosowania laboratoryjne i analityczne<\/strong>.<br data-start=\"6500\" data-end=\"6503\" \/>Naukowcy musz\u0105:<\/p>\n<ul data-start=\"6526\" data-end=\"6811\">\n<li data-start=\"6526\" data-end=\"6600\">\n<p data-start=\"6528\" data-end=\"6600\"><strong data-start=\"6528\" data-end=\"6552\">Odzie\u017c ochronna<\/strong> nosi\u0107 (r\u0119kawiczki, okulary ochronne, fartuch laboratoryjny).<\/p>\n<\/li>\n<li data-start=\"6601\" data-end=\"6670\">\n<p data-start=\"6603\" data-end=\"6670\">Zapisz pod <strong data-start=\"6617\" data-end=\"6625\">25\u00b0C<\/strong> na <strong data-start=\"6633\" data-end=\"6667\">ch\u0142odne, suche i ciemne miejsce<\/strong>.<\/p>\n<\/li>\n<li data-start=\"6671\" data-end=\"6729\">\n<p data-start=\"6673\" data-end=\"6729\">Nara\u017cenie na <strong data-start=\"6691\" data-end=\"6716\">\u015bwiat\u0142o, powietrze i wilgo\u0107<\/strong> aby unikn\u0105\u0107.<\/p>\n<\/li>\n<li data-start=\"6730\" data-end=\"6811\">\n<p data-start=\"6732\" data-end=\"6811\">Korzysta\u0107 z <strong data-start=\"6750\" data-end=\"6782\">skalibrowany sprz\u0119t pomiarowy<\/strong> w celu przeprowadzenia dok\u0142adnych analiz.<\/p>\n<\/li>\n<\/ul>\n<hr data-start=\"6813\" data-end=\"6816\" \/>\n<h3 data-start=\"6818\" data-end=\"6847\"><strong data-start=\"6822\" data-end=\"6847\">Informacje dotycz\u0105ce bezpiecze\u0144stwa<\/strong><\/h3>\n<ul data-start=\"6848\" data-end=\"7056\">\n<li data-start=\"6848\" data-end=\"6886\">\n<p data-start=\"6850\" data-end=\"6886\">Tylko dla <strong data-start=\"6862\" data-end=\"6883\">wykorzystanie bada\u0144<\/strong>.<\/p>\n<\/li>\n<li data-start=\"6887\" data-end=\"6949\">\n<p data-start=\"6889\" data-end=\"6949\"><strong data-start=\"6889\" data-end=\"6947\">Nie nadaje si\u0119 do spo\u017cycia przez ludzi i zwierz\u0119ta. 2-fma<\/strong><\/p>\n<\/li>\n<li data-start=\"6950\" data-end=\"6998\">\n<p data-start=\"6952\" data-end=\"6998\">Pod\u0105\u017caj za <strong data-start=\"6960\" data-end=\"6995\">lokalne przepisy bezpiecze\u0144stwa<\/strong>.<\/p>\n<\/li>\n<li data-start=\"6999\" data-end=\"7056\">\n<p data-start=\"7001\" data-end=\"7056\">Poza zasi\u0119giem <strong data-start=\"7019\" data-end=\"7046\">dzieci i osoby nieupowa\u017cnione<\/strong> zachowa\u0107.<\/p>\n<\/li>\n<\/ul>\n<hr data-start=\"7058\" data-end=\"7061\" \/>\n<h3 data-start=\"7063\" data-end=\"7096\"><strong data-start=\"7067\" data-end=\"7096\">Cz\u0119sto zadawane pytania (FAQ)<\/strong><\/h3>\n<p data-start=\"7098\" data-end=\"7280\"><strong data-start=\"7098\" data-end=\"7154\">1. Do czego s\u0142u\u017cy opakowanie RC+ Fluor 2-FMA 30 mg?<\/strong><br data-start=\"7154\" data-end=\"7157\" \/>Jest u\u017cywany w <strong data-start=\"7179\" data-end=\"7230\">badania neurochemiczne i psychofarmakologiczne<\/strong>, g\u0142\u00f3wnie skupiony na <strong data-start=\"7250\" data-end=\"7279\">transportery katecholamin<\/strong>.<\/p>\n<p data-start=\"7282\" data-end=\"7495\"><strong data-start=\"7282\" data-end=\"7335\">2. Co wyr\u00f3\u017cnia 2-FMA od innych amfetamin?<\/strong><br data-start=\"7335\" data-end=\"7338\" \/>2-FMA to <strong data-start=\"7351\" data-end=\"7390\">fluorowana odmiana amfetaminy<\/strong>, znany ze swojego <strong data-start=\"7407\" data-end=\"7458\">d\u0142ugotrwa\u0142y i r\u00f3wnomierny efekt stymuluj\u0105cy<\/strong>, idealne do analiz por\u00f3wnawczych.<\/p>\n<p data-start=\"7497\" data-end=\"7647\"><strong data-start=\"7497\" data-end=\"7532\">3. Jak nale\u017cy przechowywa\u0107?<\/strong><br data-start=\"7532\" data-end=\"7535\" \/>Oszcz\u0119dzaj na <strong data-start=\"7549\" data-end=\"7583\">ch\u0142odne, suche i ciemne miejsce<\/strong>, pod <strong data-start=\"7591\" data-end=\"7599\">25\u00b0C<\/strong>, w <strong data-start=\"7607\" data-end=\"7646\">oryginalne, zapiecz\u0119towane opakowanie RC+<\/strong>.<\/p>\n<hr data-start=\"7649\" data-end=\"7652\" \/>\n<h3 data-start=\"7654\" data-end=\"7671\"><strong data-start=\"7658\" data-end=\"7671\">Wniosek<\/strong><\/h3>\n<p data-start=\"7672\" data-end=\"8008\">Ten <strong data-start=\"7675\" data-end=\"7703\">RC+ Fluor 2-FMA 30mg pude\u0142ko<\/strong> jest <strong data-start=\"7711\" data-end=\"7750\">niezawodny wyb\u00f3r dla badaczy<\/strong> kt\u00f3re skupiaj\u0105 si\u0119 na <strong data-start=\"7771\" data-end=\"7846\">farmakologia stymuluj\u0105ca, nauki behawioralne i badania neurochemiczne<\/strong>. Dzi\u0119ki <strong data-start=\"7859\" data-end=\"7938\">gwarantowana czysto\u015b\u0107, stabilno\u015b\u0107 chemiczna i profesjonalne opakowanie<\/strong> oferuje ten produkt <strong data-start=\"7957\" data-end=\"7987\">powtarzalne wyniki<\/strong> w ka\u017cdym laboratorium.<\/p>","protected":false},"excerpt":{"rendered":"<p><strong><span dir=\"auto\" style=\"vertical-align: inherit;\"><span dir=\"auto\" style=\"vertical-align: inherit;\">Synonim<\/span><\/span><\/strong><span dir=\"auto\" style=\"vertical-align: inherit;\"><span dir=\"auto\" style=\"vertical-align: inherit;\"> :Fluorometamfetamina <\/span><\/span><br \/>\n<strong><span dir=\"auto\" style=\"vertical-align: inherit;\"><span dir=\"auto\" style=\"vertical-align: inherit;\">Numer CAS<\/span><\/span><\/strong><span dir=\"auto\" style=\"vertical-align: inherit;\"><span dir=\"auto\" style=\"vertical-align: inherit;\"> : 1780004-19-4 <\/span><\/span><br \/>\n<strong><span dir=\"auto\" style=\"vertical-align: inherit;\"><span dir=\"auto\" style=\"vertical-align: inherit;\">Formu\u0142a<\/span><\/span><\/strong><span dir=\"auto\" style=\"vertical-align: inherit;\"><span dir=\"auto\" style=\"vertical-align: inherit;\"> : C10H14FN \u2022 HCL <\/span><\/span><br \/>\n<strong><span dir=\"auto\" style=\"vertical-align: inherit;\"><span dir=\"auto\" style=\"vertical-align: inherit;\">Masa molowa<\/span><\/span><\/strong><span dir=\"auto\" style=\"vertical-align: inherit;\"><span dir=\"auto\" style=\"vertical-align: inherit;\"> : 203,7 g\/mol <\/span><\/span><br \/>\n<strong><span dir=\"auto\" style=\"vertical-align: inherit;\"><span dir=\"auto\" style=\"vertical-align: inherit;\">Czysto\u015b\u0107<\/span><\/span><\/strong><span dir=\"auto\" style=\"vertical-align: inherit;\"><span dir=\"auto\" style=\"vertical-align: inherit;\"> : \u226599%<\/span><\/span><\/p>","protected":false},"featured_media":28606,"comment_status":"closed","ping_status":"closed","template":"","meta":[],"product_brand":[82],"product_cat":[555],"product_tag":[572,617,618,589,619,326],"class_list":{"0":"post-24194","1":"product","2":"type-product","3":"status-publish","4":"has-post-thumbnail","6":"product_brand-research-chemical","7":"product_cat-b2b","8":"product_tag-2-fma-kopen","9":"product_tag-2-fma","10":"product_tag-2fma","11":"product_tag-2fma-drugs","12":"product_tag-2fma-kopen","13":"product_tag-nl","15":"first","16":"instock","17":"taxable","18":"shipping-taxable","19":"purchasable","20":"product-type-variable"},"_links":{"self":[{"href":"https:\/\/researchchemicalhub.com\/pl\/wp-json\/wp\/v2\/product\/24194","targetHints":{"allow":["GET"]}}],"collection":[{"href":"https:\/\/researchchemicalhub.com\/pl\/wp-json\/wp\/v2\/product"}],"about":[{"href":"https:\/\/researchchemicalhub.com\/pl\/wp-json\/wp\/v2\/types\/product"}],"replies":[{"embeddable":true,"href":"https:\/\/researchchemicalhub.com\/pl\/wp-json\/wp\/v2\/comments?post=24194"}],"version-history":[{"count":5,"href":"https:\/\/researchchemicalhub.com\/pl\/wp-json\/wp\/v2\/product\/24194\/revisions"}],"predecessor-version":[{"id":25396,"href":"https:\/\/researchchemicalhub.com\/pl\/wp-json\/wp\/v2\/product\/24194\/revisions\/25396"}],"wp:featuredmedia":[{"embeddable":true,"href":"https:\/\/researchchemicalhub.com\/pl\/wp-json\/wp\/v2\/media\/28606"}],"wp:attachment":[{"href":"https:\/\/researchchemicalhub.com\/pl\/wp-json\/wp\/v2\/media?parent=24194"}],"wp:term":[{"taxonomy":"product_brand","embeddable":true,"href":"https:\/\/researchchemicalhub.com\/pl\/wp-json\/wp\/v2\/product_brand?post=24194"},{"taxonomy":"product_cat","embeddable":true,"href":"https:\/\/researchchemicalhub.com\/pl\/wp-json\/wp\/v2\/product_cat?post=24194"},{"taxonomy":"product_tag","embeddable":true,"href":"https:\/\/researchchemicalhub.com\/pl\/wp-json\/wp\/v2\/product_tag?post=24194"}],"curies":[{"name":"wp","href":"https:\/\/api.w.org\/{rel}","templated":true}]}}