{"id":24181,"date":"2025-04-13T17:41:13","date_gmt":"2025-04-13T17:41:13","guid":{"rendered":"https:\/\/researchchemicalhub.com\/?post_type=product&#038;p=24181"},"modified":"2025-10-12T20:21:20","modified_gmt":"2025-10-12T20:21:20","slug":"flubromazepam-halfwaardetijd","status":"publish","type":"product","link":"https:\/\/researchchemicalhub.com\/pl\/shop\/b2b\/flubromazepam-halfwaardetijd\/","title":{"rendered":"Flubromazepam 10 MG pude\u0142ko"},"content":{"rendered":"<h2 data-start=\"3803\" data-end=\"3829\"><strong data-start=\"3806\" data-end=\"3829\">Opis produktu<\/strong><\/h2>\n<p data-start=\"3831\" data-end=\"4136\"><strong data-start=\"3831\" data-end=\"3858\">Flubromazepam 10 MG pude\u0142ko<\/strong> jest <strong data-start=\"3866\" data-end=\"3920\">zwi\u0105zek benzodiazepinowy o czysto\u015bci badawczej<\/strong>, zaprojektowany dla <strong data-start=\"3937\" data-end=\"3991\">badania kryminalistyczne, farmakologiczne i analityczne<\/strong>Okres p\u00f3\u0142trwania flubromazepamu\u00a0<br data-start=\"3992\" data-end=\"3995\" \/>Cz\u0119sto jest u\u017cywany jako <strong data-start=\"4023\" data-end=\"4046\">standard odniesienia<\/strong> do identyfikacji i analizy analog\u00f3w benzodiazepin w warunkach laboratoryjnych.<\/p>\n<p data-start=\"4138\" data-end=\"4287\">Ka\u017cde pude\u0142ko zawiera <strong data-start=\"4153\" data-end=\"4175\">10 mg flubromazepamu<\/strong>, starannie skomponowane dla <strong data-start=\"4206\" data-end=\"4257\">sp\u00f3jno\u015b\u0107, czysto\u015b\u0107 i powtarzalno\u015b\u0107<\/strong> w zastosowaniach analitycznych.<\/p>\n<p data-start=\"4289\" data-end=\"4425\">\u26a0\ufe0f <strong data-start=\"4292\" data-end=\"4303\">UWAGA:<\/strong> Ten produkt jest <strong data-start=\"4319\" data-end=\"4368\">przeznaczone wy\u0142\u0105cznie do cel\u00f3w badawczych<\/strong> I <strong data-start=\"4372\" data-end=\"4424\">nie nadaje si\u0119 do u\u017cytku przez ludzi i zwierz\u0119ta<\/strong>.<\/p>\n<hr data-start=\"4427\" data-end=\"4430\" \/>\n<h2 data-start=\"4432\" data-end=\"4462\"><strong data-start=\"4435\" data-end=\"4462\">G\u0142\u00f3wne cechy<\/strong><\/h2>\n<ul data-start=\"4464\" data-end=\"4832\">\n<li data-start=\"4464\" data-end=\"4529\">\n<p data-start=\"4466\" data-end=\"4529\"><strong data-start=\"4466\" data-end=\"4486\">Wysoka czysto\u015b\u0107:<\/strong> Wyprodukowano zgodnie ze standardami laboratoryjnymi.<\/p>\n<\/li>\n<li data-start=\"4530\" data-end=\"4601\">\n<p data-start=\"4532\" data-end=\"4601\"><strong data-start=\"4532\" data-end=\"4557\">Dok\u0142adne dawkowanie:<\/strong> 10 mg na opakowanie zapewnia wiarygodne wyniki.<\/p>\n<\/li>\n<li data-start=\"4602\" data-end=\"4675\">\n<p data-start=\"4604\" data-end=\"4675\"><strong data-start=\"4604\" data-end=\"4629\">Stabilna formu\u0142a:<\/strong> Odporne na degradacj\u0119 przy w\u0142a\u015bciwym przechowywaniu.<\/p>\n<\/li>\n<li data-start=\"4676\" data-end=\"4746\">\n<p data-start=\"4678\" data-end=\"4746\"><strong data-start=\"4678\" data-end=\"4701\">Bezpieczne opakowanie:<\/strong> Zapiecz\u0119towane i zabezpieczone przed zanieczyszczeniem.<\/p>\n<\/li>\n<li data-start=\"4747\" data-end=\"4832\">\n<p data-start=\"4749\" data-end=\"4832\"><strong data-start=\"4749\" data-end=\"4776\">Zgodnie z przepisami UE:<\/strong> Wyprodukowano zgodnie z europejskimi wytycznymi bezpiecze\u0144stwa.<\/p>\n<\/li>\n<\/ul>\n<hr data-start=\"4834\" data-end=\"4837\" \/>\n<h2 data-start=\"4839\" data-end=\"4873\"><strong data-start=\"4842\" data-end=\"4873\">Korzy\u015bci dla badaczy<\/strong><\/h2>\n<ul data-start=\"4875\" data-end=\"5146\">\n<li data-start=\"4875\" data-end=\"4935\">\n<p data-start=\"4877\" data-end=\"4935\">Nadaje si\u0119 do <strong data-start=\"4891\" data-end=\"4932\">badania kryminalistyczne i toksykologiczne<\/strong>.<\/p>\n<\/li>\n<li data-start=\"4936\" data-end=\"5009\">\n<p data-start=\"4938\" data-end=\"5009\">Wspiera <strong data-start=\"4950\" data-end=\"4986\">rozw\u00f3j metod analitycznych<\/strong> (LC-MS, GC-MS, NMR). Okres p\u00f3\u0142trwania flubromazepamu<\/p>\n<\/li>\n<li data-start=\"5010\" data-end=\"5074\">\n<p data-start=\"5012\" data-end=\"5074\">Oferty <strong data-start=\"5018\" data-end=\"5040\">pr\u00f3bki referencyjne<\/strong> w celu por\u00f3wnania i walidacji.<\/p>\n<\/li>\n<li data-start=\"5075\" data-end=\"5146\">\n<p data-start=\"5077\" data-end=\"5146\">Zapewnia <strong data-start=\"5088\" data-end=\"5143\">dok\u0142adne i powtarzalne wyniki bada\u0144<\/strong>.<\/p>\n<\/li>\n<\/ul>\n<hr data-start=\"5148\" data-end=\"5151\" \/>\n<h2 data-start=\"5153\" data-end=\"5187\"><strong data-start=\"5156\" data-end=\"5187\">Wykorzystanie (kontekst badawczy)<\/strong><\/h2>\n<ol data-start=\"5189\" data-end=\"5406\">\n<li data-start=\"5189\" data-end=\"5234\">\n<p data-start=\"5192\" data-end=\"5234\">Stosowa\u0107 wy\u0142\u0105cznie w akredytowanych laboratoriach.<\/p>\n<\/li>\n<li data-start=\"5235\" data-end=\"5295\">\n<p data-start=\"5238\" data-end=\"5295\">Nale\u017cy nosi\u0107 r\u0119kawice, okulary ochronne i fartuch laboratoryjny.<\/p>\n<\/li>\n<li data-start=\"5296\" data-end=\"5343\">\n<p data-start=\"5299\" data-end=\"5343\">Przechowywa\u0107 w ch\u0142odnym, suchym i ciemnym miejscu (poni\u017cej 25\u00b0C).<\/p>\n<\/li>\n<li data-start=\"5344\" data-end=\"5406\">\n<p data-start=\"5347\" data-end=\"5406\">Pozosta\u0142o\u015bci nale\u017cy utylizowa\u0107 zgodnie z lokalnymi przepisami bezpiecze\u0144stwa.<\/p>\n<\/li>\n<\/ol>\n<blockquote data-start=\"5408\" data-end=\"5501\">\n<p data-start=\"5410\" data-end=\"5501\"><strong data-start=\"5410\" data-end=\"5421\">UWAGA:<\/strong> <em data-start=\"5422\" data-end=\"5447\">Flubromazepam 10 MG pude\u0142ko<\/em> Jest <strong data-start=\"5451\" data-end=\"5500\">przeznaczone wy\u0142\u0105cznie do cel\u00f3w badawczych<\/strong>.<\/p>\n<\/blockquote>\n<hr data-start=\"5503\" data-end=\"5506\" \/>\n<h2 data-start=\"5508\" data-end=\"5542\"><strong data-start=\"5511\" data-end=\"5542\">Cz\u0119sto zadawane pytania (FAQ)<\/strong><\/h2>\n<p data-start=\"5544\" data-end=\"5670\"><strong data-start=\"5544\" data-end=\"5589\">1. Do czego stosuje si\u0119 Flubromazepam?<\/strong><br data-start=\"5589\" data-end=\"5592\" \/>Dla <strong data-start=\"5597\" data-end=\"5635\">badania analityczne i kryminalistyczne<\/strong> do zwi\u0105zk\u00f3w benzodiazepinowych.<\/p>\n<p data-start=\"5672\" data-end=\"5770\"><strong data-start=\"5672\" data-end=\"5701\">2. Ile mie\u015bci si\u0119 w jednym pude\u0142ku?<\/strong><br data-start=\"5701\" data-end=\"5704\" \/>Ka\u017cde pude\u0142ko zawiera <strong data-start=\"5719\" data-end=\"5741\">10 mg flubromazepamu<\/strong> jako\u015bci laboratoryjnej.<\/p>\n<p data-start=\"5772\" data-end=\"5906\"><strong data-start=\"5772\" data-end=\"5822\">3. Czy mog\u0119 kupi\u0107 Flubromazepam jako osoba prywatna?<\/strong><br data-start=\"5822\" data-end=\"5825\" \/>Nie, ten produkt jest dost\u0119pny tylko dla <strong data-start=\"5869\" data-end=\"5903\">uznane instytucje badawcze<\/strong>.<\/p>","protected":false},"excerpt":{"rendered":"<p>Productbeschrijving Flubromazepam 10 MG Box is een benzodiazepine-verbinding van onderzoekszuiverheid, ontworpen voor forensisch, farmacologisch en analytisch onderzoek. Flubromazepam halfwaardetijd\u00a0Het wordt<\/p>","protected":false},"featured_media":21246,"comment_status":"closed","ping_status":"closed","template":"","meta":[],"product_brand":[82],"product_cat":[555],"product_tag":[139,140,142,141,143,326],"class_list":{"0":"post-24181","1":"product","2":"type-product","3":"status-publish","4":"has-post-thumbnail","6":"product_brand-research-chemical","7":"product_cat-b2b","8":"product_tag-flubromazepam-effects","9":"product_tag-flubromazepam-ervaring","10":"product_tag-flubromazepam-halfwaardetijd","11":"product_tag-flubromazepam-werking","12":"product_tag-how-to-test-flubromazepam-pellets","13":"product_tag-nl","15":"first","16":"instock","17":"taxable","18":"shipping-taxable","19":"purchasable","20":"product-type-variable"},"_links":{"self":[{"href":"https:\/\/researchchemicalhub.com\/pl\/wp-json\/wp\/v2\/product\/24181","targetHints":{"allow":["GET"]}}],"collection":[{"href":"https:\/\/researchchemicalhub.com\/pl\/wp-json\/wp\/v2\/product"}],"about":[{"href":"https:\/\/researchchemicalhub.com\/pl\/wp-json\/wp\/v2\/types\/product"}],"replies":[{"embeddable":true,"href":"https:\/\/researchchemicalhub.com\/pl\/wp-json\/wp\/v2\/comments?post=24181"}],"version-history":[{"count":4,"href":"https:\/\/researchchemicalhub.com\/pl\/wp-json\/wp\/v2\/product\/24181\/revisions"}],"predecessor-version":[{"id":27837,"href":"https:\/\/researchchemicalhub.com\/pl\/wp-json\/wp\/v2\/product\/24181\/revisions\/27837"}],"wp:featuredmedia":[{"embeddable":true,"href":"https:\/\/researchchemicalhub.com\/pl\/wp-json\/wp\/v2\/media\/21246"}],"wp:attachment":[{"href":"https:\/\/researchchemicalhub.com\/pl\/wp-json\/wp\/v2\/media?parent=24181"}],"wp:term":[{"taxonomy":"product_brand","embeddable":true,"href":"https:\/\/researchchemicalhub.com\/pl\/wp-json\/wp\/v2\/product_brand?post=24181"},{"taxonomy":"product_cat","embeddable":true,"href":"https:\/\/researchchemicalhub.com\/pl\/wp-json\/wp\/v2\/product_cat?post=24181"},{"taxonomy":"product_tag","embeddable":true,"href":"https:\/\/researchchemicalhub.com\/pl\/wp-json\/wp\/v2\/product_tag?post=24181"}],"curies":[{"name":"wp","href":"https:\/\/api.w.org\/{rel}","templated":true}]}}