{"id":24179,"date":"2025-04-13T17:41:13","date_gmt":"2025-04-13T17:41:13","guid":{"rendered":"https:\/\/researchchemicalhub.com\/?post_type=product&#038;p=24179"},"modified":"2025-10-12T20:18:57","modified_gmt":"2025-10-12T20:18:57","slug":"bromazolam-25mg-box","status":"publish","type":"product","link":"https:\/\/researchchemicalhub.com\/pl\/shop\/b2b\/bromazolam-25mg-box\/","title":{"rendered":"RC+ Bromazolam 2,5 mg pude\u0142ko"},"content":{"rendered":"<h2 data-start=\"3728\" data-end=\"3754\"><strong data-start=\"3731\" data-end=\"3754\">Opis produktu<\/strong><\/h2>\n<p data-start=\"3756\" data-end=\"4077\"><strong data-start=\"3756\" data-end=\"3784\">RC+ Bromazolam 2,5 mg pude\u0142ko<\/strong> zawiera <strong data-start=\"3791\" data-end=\"3817\">bromazolam o wysokiej czysto\u015bci<\/strong>, pochodna benzodiazepiny stosowana w <strong data-start=\"3871\" data-end=\"3924\">badania toksykologiczne, analityczne i kryminalistyczne<\/strong>.<br data-start=\"3925\" data-end=\"3928\" \/>Jest cz\u0119\u015bci\u0105 <strong data-start=\"3954\" data-end=\"3977\">Seria badawcza RC+<\/strong>, znany ze swojego <strong data-start=\"3994\" data-end=\"4074\">jako\u015b\u0107 laboratoryjna, standaryzowane dawkowanie i sta\u0142a wydajno\u015b\u0107<\/strong>.<\/p>\n<p data-start=\"4079\" data-end=\"4241\">Ka\u017cde pude\u0142ko zawiera <strong data-start=\"4094\" data-end=\"4136\">2,5 mg granulki o czysto\u015bci badawczej<\/strong>, opracowany dla <strong data-start=\"4154\" data-end=\"4197\">wiarygodne i powtarzalne analizy<\/strong> w kontrolowanych warunkach laboratoryjnych.<\/p>\n<p data-start=\"4243\" data-end=\"4379\">\u26a0\ufe0f <strong data-start=\"4246\" data-end=\"4257\">UWAGA:<\/strong> Ten produkt jest <strong data-start=\"4273\" data-end=\"4322\">przeznaczone wy\u0142\u0105cznie do cel\u00f3w badawczych<\/strong> I <strong data-start=\"4326\" data-end=\"4378\">nie nadaje si\u0119 do u\u017cytku przez ludzi i zwierz\u0119ta<\/strong>.<\/p>\n<hr data-start=\"4381\" data-end=\"4384\" \/>\n<h2 data-start=\"4386\" data-end=\"4416\"><strong data-start=\"4389\" data-end=\"4416\">G\u0142\u00f3wne cechy<\/strong><\/h2>\n<ul data-start=\"4418\" data-end=\"4783\">\n<li data-start=\"4418\" data-end=\"4483\">\n<p data-start=\"4420\" data-end=\"4483\"><strong data-start=\"4420\" data-end=\"4440\">Wysoka czysto\u015b\u0107:<\/strong> Wyprodukowano zgodnie ze standardami laboratoryjnymi.<\/p>\n<\/li>\n<li data-start=\"4484\" data-end=\"4566\">\n<p data-start=\"4486\" data-end=\"4566\"><strong data-start=\"4486\" data-end=\"4518\">Standaryzowane dawkowanie:<\/strong> 2,5 mg na tabletk\u0119 zapewnia dok\u0142adne wyniki.<\/p>\n<\/li>\n<li data-start=\"4567\" data-end=\"4640\">\n<p data-start=\"4569\" data-end=\"4640\"><strong data-start=\"4569\" data-end=\"4594\">Stabilna formu\u0142a:<\/strong> Odporne na degradacj\u0119 przy w\u0142a\u015bciwym przechowywaniu.<\/p>\n<\/li>\n<li data-start=\"4641\" data-end=\"4697\">\n<p data-start=\"4643\" data-end=\"4697\"><strong data-start=\"4643\" data-end=\"4666\">Bezpieczne opakowanie:<\/strong> Uszczelnione i odporne na wilgo\u0107.<\/p>\n<\/li>\n<li data-start=\"4698\" data-end=\"4783\">\n<p data-start=\"4700\" data-end=\"4783\"><strong data-start=\"4700\" data-end=\"4727\">Zgodnie z przepisami UE:<\/strong> Wyprodukowano zgodnie z europejskimi wytycznymi bezpiecze\u0144stwa.<\/p>\n<\/li>\n<\/ul>\n<hr data-start=\"4785\" data-end=\"4788\" \/>\n<h2 data-start=\"4790\" data-end=\"4824\"><strong data-start=\"4793\" data-end=\"4824\">Korzy\u015bci dla badaczy<\/strong><\/h2>\n<ul data-start=\"4826\" data-end=\"5090\">\n<li data-start=\"4826\" data-end=\"4886\">\n<p data-start=\"4828\" data-end=\"4886\">Nadaje si\u0119 do <strong data-start=\"4842\" data-end=\"4883\">badania kryminalistyczne i toksykologiczne<\/strong>.<\/p>\n<\/li>\n<li data-start=\"4887\" data-end=\"4955\">\n<p data-start=\"4889\" data-end=\"4955\">Wspiera <strong data-start=\"4901\" data-end=\"4937\">rozw\u00f3j metod analitycznych<\/strong> (LC-MS, GC-MS).<\/p>\n<\/li>\n<li data-start=\"4956\" data-end=\"5023\">\n<p data-start=\"4958\" data-end=\"5023\">S\u0142u\u017cy jako <strong data-start=\"4968\" data-end=\"4991\">standard odniesienia<\/strong> dla analog\u00f3w benzodiazepin.<\/p>\n<\/li>\n<li data-start=\"5024\" data-end=\"5090\">\n<p data-start=\"5026\" data-end=\"5090\">Oferty <strong data-start=\"5032\" data-end=\"5087\">powtarzalne i wiarygodne wyniki bada\u0144<\/strong>.<\/p>\n<\/li>\n<\/ul>\n<hr data-start=\"5092\" data-end=\"5095\" \/>\n<h2 data-start=\"5097\" data-end=\"5131\"><strong data-start=\"5100\" data-end=\"5131\">Wykorzystanie (kontekst badawczy)<\/strong><\/h2>\n<ol data-start=\"5133\" data-end=\"5350\">\n<li data-start=\"5133\" data-end=\"5178\">\n<p data-start=\"5136\" data-end=\"5178\">Stosowa\u0107 wy\u0142\u0105cznie w akredytowanych laboratoriach.<\/p>\n<\/li>\n<li data-start=\"5179\" data-end=\"5239\">\n<p data-start=\"5182\" data-end=\"5239\">Nale\u017cy nosi\u0107 r\u0119kawice, okulary ochronne i fartuch laboratoryjny.<\/p>\n<\/li>\n<li data-start=\"5240\" data-end=\"5287\">\n<p data-start=\"5243\" data-end=\"5287\">Przechowywa\u0107 w ch\u0142odnym, suchym i ciemnym miejscu (poni\u017cej 25\u00b0C).<\/p>\n<\/li>\n<li data-start=\"5288\" data-end=\"5350\">\n<p data-start=\"5291\" data-end=\"5350\">Pozosta\u0142o\u015bci nale\u017cy utylizowa\u0107 zgodnie z lokalnymi przepisami bezpiecze\u0144stwa.<\/p>\n<\/li>\n<\/ol>\n<blockquote data-start=\"5352\" data-end=\"5446\">\n<p data-start=\"5354\" data-end=\"5446\"><strong data-start=\"5354\" data-end=\"5365\">UWAGA:<\/strong> <em data-start=\"5366\" data-end=\"5392\">RC+ Bromazolam 2,5 mg pude\u0142ko<\/em> Jest <strong data-start=\"5396\" data-end=\"5445\">przeznaczone wy\u0142\u0105cznie do cel\u00f3w badawczych<\/strong>.<\/p>\n<\/blockquote>\n<hr data-start=\"5448\" data-end=\"5451\" \/>\n<h2 data-start=\"5453\" data-end=\"5487\"><strong data-start=\"5456\" data-end=\"5487\">Cz\u0119sto zadawane pytania (FAQ)<\/strong><\/h2>\n<p data-start=\"5489\" data-end=\"5635\"><strong data-start=\"5489\" data-end=\"5535\">1. Do czego s\u0142u\u017cy RC+ Bromazolam?<\/strong><br data-start=\"5535\" data-end=\"5538\" \/>S\u0142u\u017cy do <strong data-start=\"5562\" data-end=\"5600\">badania analityczne i kryminalistyczne<\/strong> do zwi\u0105zk\u00f3w benzodiazepinowych.<\/p>\n<p data-start=\"5637\" data-end=\"5745\"><strong data-start=\"5637\" data-end=\"5666\">2. Ile mie\u015bci si\u0119 w jednym pude\u0142ku?<\/strong><br data-start=\"5666\" data-end=\"5669\" \/>Ka\u017cde pude\u0142ko zawiera <strong data-start=\"5684\" data-end=\"5701\">Peletki 2,5 mg<\/strong> o standaryzowanym sk\u0142adzie.<\/p>\n<p data-start=\"5747\" data-end=\"5882\"><strong data-start=\"5747\" data-end=\"5798\">3. Czy mog\u0119 kupi\u0107 RC+ Bromazolam jako osoba prywatna?<\/strong><br data-start=\"5798\" data-end=\"5801\" \/>Nie, ten produkt jest dost\u0119pny tylko dla <strong data-start=\"5845\" data-end=\"5879\">uznane instytucje badawcze<\/strong>.<\/p>","protected":false},"excerpt":{"rendered":"<p>Opis produktu RC+ Bromazolam 2,5 mg Opakowanie zawiera bromazolam o wysokiej czysto\u015bci, pochodn\u0105 benzodiazepiny, stosowan\u0105 w badaniach toksykologicznych, analitycznych i kryminalistycznych.<\/p>","protected":false},"featured_media":21031,"comment_status":"closed","ping_status":"closed","template":"","meta":[],"product_brand":[82],"product_cat":[555],"product_tag":[174,183,184,176,175,178,177,180,326,179],"class_list":{"0":"post-24179","1":"product","2":"type-product","3":"status-publish","4":"has-post-thumbnail","6":"product_brand-research-chemical","7":"product_cat-b2b","8":"product_tag-bromazolam","9":"product_tag-bromazolam-bijwerkingen","10":"product_tag-bromazolam-dosing","11":"product_tag-bromazolam-ervaringen","12":"product_tag-bromazolam-kopen","13":"product_tag-bromazolam-na-drugs","14":"product_tag-bromazolam-psychonaut","15":"product_tag-hoe-lang-werkt-bromazolam","16":"product_tag-nl","17":"product_tag-wat-is-bromazolam","19":"first","20":"instock","21":"taxable","22":"shipping-taxable","23":"purchasable","24":"product-type-variable"},"_links":{"self":[{"href":"https:\/\/researchchemicalhub.com\/pl\/wp-json\/wp\/v2\/product\/24179","targetHints":{"allow":["GET"]}}],"collection":[{"href":"https:\/\/researchchemicalhub.com\/pl\/wp-json\/wp\/v2\/product"}],"about":[{"href":"https:\/\/researchchemicalhub.com\/pl\/wp-json\/wp\/v2\/types\/product"}],"replies":[{"embeddable":true,"href":"https:\/\/researchchemicalhub.com\/pl\/wp-json\/wp\/v2\/comments?post=24179"}],"version-history":[{"count":6,"href":"https:\/\/researchchemicalhub.com\/pl\/wp-json\/wp\/v2\/product\/24179\/revisions"}],"predecessor-version":[{"id":27836,"href":"https:\/\/researchchemicalhub.com\/pl\/wp-json\/wp\/v2\/product\/24179\/revisions\/27836"}],"wp:featuredmedia":[{"embeddable":true,"href":"https:\/\/researchchemicalhub.com\/pl\/wp-json\/wp\/v2\/media\/21031"}],"wp:attachment":[{"href":"https:\/\/researchchemicalhub.com\/pl\/wp-json\/wp\/v2\/media?parent=24179"}],"wp:term":[{"taxonomy":"product_brand","embeddable":true,"href":"https:\/\/researchchemicalhub.com\/pl\/wp-json\/wp\/v2\/product_brand?post=24179"},{"taxonomy":"product_cat","embeddable":true,"href":"https:\/\/researchchemicalhub.com\/pl\/wp-json\/wp\/v2\/product_cat?post=24179"},{"taxonomy":"product_tag","embeddable":true,"href":"https:\/\/researchchemicalhub.com\/pl\/wp-json\/wp\/v2\/product_tag?post=24179"}],"curies":[{"name":"wp","href":"https:\/\/api.w.org\/{rel}","templated":true}]}}