{"id":24107,"date":"2025-04-13T17:41:04","date_gmt":"2025-04-13T17:41:04","guid":{"rendered":"https:\/\/researchchemicalhub.com\/?post_type=product&#038;p=24107"},"modified":"2025-10-14T07:55:35","modified_gmt":"2025-10-14T07:55:35","slug":"rc-maxtc-blister","status":"publish","type":"product","link":"https:\/\/researchchemicalhub.com\/pl\/shop\/b2b\/rc-maxtc-blister\/","title":{"rendered":"Blister RC+ MaXTC"},"content":{"rendered":"<h3 data-start=\"5023\" data-end=\"5044\"><strong data-start=\"5027\" data-end=\"5042\">Wst\u0119p<\/strong><\/h3>\n<p data-start=\"5045\" data-end=\"5340\">Ten <strong data-start=\"5048\" data-end=\"5069\">Blister RC+ MaXTC<\/strong> jest <strong data-start=\"5077\" data-end=\"5115\">wysokiej jako\u015bci formu\u0142a badawcza<\/strong> Opracowany do zaawansowanych zastosowa\u0144 analitycznych i naukowych. Ka\u017cdy blister zawiera pojedynczo zamkni\u0119te peletki, przeznaczone do <strong data-start=\"5258\" data-end=\"5337\">precyzyjne dozowanie, lepsza stabilno\u015b\u0107 i brak zanieczyszcze\u0144 podczas obs\u0142ugi<\/strong>.<\/p>\n<p data-start=\"5342\" data-end=\"5536\">Po\u0142\u0105czenie <strong data-start=\"5360\" data-end=\"5391\">5-MAPB, 4-FMA i 5-MeO-MiPT<\/strong> sprawia, \u017ce produkt ten jest szczeg\u00f3lnie odpowiedni do bada\u0144 nad <strong data-start=\"5449\" data-end=\"5533\">interakcje farmakologiczne, wi\u0105zanie receptor\u00f3w i badania por\u00f3wnawcze na poziomie molekularnym<\/strong>.<\/p>\n<p data-start=\"5538\" data-end=\"5653\">Opakowanie typu blister gwarantuje niezawodno\u015b\u0107, mo\u017cliwo\u015b\u0107 \u015bledzenia i wygod\u0119 stosowania w profesjonalnych laboratoriach.<\/p>\n<p data-start=\"5655\" data-end=\"5766\"><em data-start=\"5655\" data-end=\"5766\">(Ten produkt jest przeznaczony wy\u0142\u0105cznie do cel\u00f3w badawczych. Nie nadaje si\u0119 do spo\u017cycia przez ludzi ani zwierz\u0119ta.)<\/em><\/p>\n<hr data-start=\"5768\" data-end=\"5771\" \/>\n<h3 data-start=\"5773\" data-end=\"5806\"><strong data-start=\"5777\" data-end=\"5804\">G\u0142\u00f3wne cechy<\/strong><\/h3>\n<ul data-start=\"5807\" data-end=\"6395\">\n<li data-start=\"5807\" data-end=\"5928\">\n<p data-start=\"5809\" data-end=\"5928\"><strong data-start=\"5809\" data-end=\"5832\">Mieszanka wielosk\u0142adnikowa:<\/strong> Ka\u017cda peletka zawiera precyzyjnie zbilansowan\u0105 kombinacj\u0119 5-MAPB, 4-FMA i 5-MeO-MiPT.<\/p>\n<\/li>\n<li data-start=\"5929\" data-end=\"6034\">\n<p data-start=\"5931\" data-end=\"6034\"><strong data-start=\"5931\" data-end=\"5955\">Precyzyjna formu\u0142a:<\/strong> Opracowane do kontrolowanych eksperyment\u00f3w przy zachowaniu sp\u00f3jnego sk\u0142adu.<\/p>\n<\/li>\n<li data-start=\"6035\" data-end=\"6137\">\n<p data-start=\"6037\" data-end=\"6137\"><strong data-start=\"6037\" data-end=\"6059\">Opakowanie typu blister:<\/strong> Ka\u017cda kulka jest osobno pakowana w celu zapewnienia optymalnej stabilno\u015bci i bezpiecze\u0144stwa.<\/p>\n<\/li>\n<li data-start=\"6138\" data-end=\"6236\">\n<p data-start=\"6140\" data-end=\"6236\"><strong data-start=\"6140\" data-end=\"6158\">\u0141atwo\u015b\u0107 u\u017cytkowania:<\/strong> \u0141atwe do wyj\u0119cia w celu precyzyjnego dozowania i przygotowania pr\u00f3bek.<\/p>\n<\/li>\n<li data-start=\"6237\" data-end=\"6334\">\n<p data-start=\"6239\" data-end=\"6334\"><strong data-start=\"6239\" data-end=\"6258\">Numeracja partii:<\/strong> Dostarczane z unikalnym kodem partii w celu zapewnienia jako\u015bci i mo\u017cliwo\u015bci \u015bledzenia.<\/p>\n<\/li>\n<li data-start=\"6335\" data-end=\"6395\">\n<p data-start=\"6337\" data-end=\"6395\"><strong data-start=\"6337\" data-end=\"6348\">Zawarto\u015b\u0107:<\/strong> Ka\u017cdy blister zawiera <strong data-start=\"6368\" data-end=\"6392\">10 granulek badawczych<\/strong>.<\/p>\n<\/li>\n<\/ul>\n<hr data-start=\"6397\" data-end=\"6400\" \/>\n<h3 data-start=\"6402\" data-end=\"6421\"><strong data-start=\"6406\" data-end=\"6419\">Zalety<\/strong><\/h3>\n<p data-start=\"6422\" data-end=\"6518\">\u2705 <strong data-start=\"6424\" data-end=\"6450\">Sp\u00f3jne wyniki<\/strong> \u2013 Ka\u017cda tabletka dostarcza wiarygodnych i powtarzalnych danych badawczych.<\/p>\n<p data-start=\"6520\" data-end=\"6618\">\u2705 <strong data-start=\"6522\" data-end=\"6544\">Lepsza stabilno\u015b\u0107<\/strong> \u2013 Opakowanie pozbawione powietrza i wilgoci zapobiega degradacji zwi\u0105zk\u00f3w chemicznych.<\/p>\n<p data-start=\"6620\" data-end=\"6702\">\u2705 <strong data-start=\"6622\" data-end=\"6644\">Szybszy proces pracy<\/strong> \u2013 Wst\u0119pnie odmierzone granulki oszcz\u0119dzaj\u0105 czas przygotowania.<\/p>\n<p data-start=\"6704\" data-end=\"6780\">\u2705 <strong data-start=\"6706\" data-end=\"6729\">Bezpieczniejsze w u\u017cyciu<\/strong> \u2013 Pojedyncze wn\u0119ki ograniczaj\u0105 ryzyko zanieczyszczenia.<\/p>\n<p data-start=\"6782\" data-end=\"6896\">\u2705 <strong data-start=\"6784\" data-end=\"6823\">Idealny do bada\u0144 por\u00f3wnawczych<\/strong> \u2013 Wspiera badania nad synergi\u0105 i interakcj\u0105 mi\u0119dzy zwi\u0105zkami.<\/p>\n<hr data-start=\"6898\" data-end=\"6901\" \/>\n<h3 data-start=\"6903\" data-end=\"6966\"><strong data-start=\"6907\" data-end=\"6964\">Instrukcja u\u017cytkowania (wy\u0142\u0105cznie do cel\u00f3w badawczych)<\/strong><\/h3>\n<blockquote data-start=\"6967\" data-end=\"7143\">\n<p data-start=\"6969\" data-end=\"7143\">\u26a0\ufe0f <strong data-start=\"6972\" data-end=\"6987\">Wa\u017cny:<\/strong> Blister RC+ MaXTC nie jest przeznaczony do u\u017cytku przez ludzi ani zwierz\u0119ta. Zawsze no\u015b r\u0119kawice i \u015brodki ochrony indywidualnej oraz post\u0119puj zgodnie z wytycznymi bezpiecze\u0144stwa obowi\u0105zuj\u0105cymi w laboratorium.<\/p>\n<\/blockquote>\n<ol data-start=\"7145\" data-end=\"8004\">\n<li data-start=\"7145\" data-end=\"7268\">\n<p data-start=\"7148\" data-end=\"7163\"><strong data-start=\"7148\" data-end=\"7161\">Kontrola<\/strong><\/p>\n<ul data-start=\"7167\" data-end=\"7268\">\n<li data-start=\"7167\" data-end=\"7212\">\n<p data-start=\"7169\" data-end=\"7212\">Sprawd\u017a blister i numer partii.<\/p>\n<\/li>\n<li data-start=\"7216\" data-end=\"7268\">\n<p data-start=\"7218\" data-end=\"7268\">Upewnij si\u0119, \u017ce peletki s\u0105 nienaruszone i nieuszkodzone.<\/p>\n<\/li>\n<\/ul>\n<\/li>\n<li data-start=\"7270\" data-end=\"7408\">\n<p data-start=\"7273\" data-end=\"7297\"><strong data-start=\"7273\" data-end=\"7295\">Usuwanie peletu<\/strong><\/p>\n<ul data-start=\"7301\" data-end=\"7408\">\n<li data-start=\"7301\" data-end=\"7373\">\n<p data-start=\"7303\" data-end=\"7373\">Delikatnie przepchnij jedn\u0105 kulk\u0119 przez foli\u0119, u\u017cywaj\u0105c sterylnych narz\u0119dzi.<\/p>\n<\/li>\n<li data-start=\"7377\" data-end=\"7408\">\n<p data-start=\"7379\" data-end=\"7408\">Unika\u0107 bezpo\u015bredniego kontaktu ze sk\u00f3r\u0105.<\/p>\n<\/li>\n<\/ul>\n<\/li>\n<li data-start=\"7410\" data-end=\"7600\">\n<p data-start=\"7413\" data-end=\"7439\"><strong data-start=\"7413\" data-end=\"7437\">Przygotowanie pr\u00f3bki<\/strong><\/p>\n<ul data-start=\"7443\" data-end=\"7600\">\n<li data-start=\"7443\" data-end=\"7548\">\n<p data-start=\"7445\" data-end=\"7548\">Rozpu\u015bci\u0107 pelet w odpowiednim rozpuszczalniku (np. etanolu, wodzie destylowanej lub roztworze buforowym).<\/p>\n<\/li>\n<li data-start=\"7552\" data-end=\"7600\">\n<p data-start=\"7554\" data-end=\"7600\">Delikatnie mieszaj, a\u017c do uzyskania jednorodnego roztworu.<\/p>\n<\/li>\n<\/ul>\n<\/li>\n<li data-start=\"7602\" data-end=\"7787\">\n<p data-start=\"7605\" data-end=\"7633\"><strong data-start=\"7605\" data-end=\"7631\">Przeprowadzanie eksperyment\u00f3w<\/strong><\/p>\n<ul data-start=\"7637\" data-end=\"7787\">\n<li data-start=\"7637\" data-end=\"7723\">\n<p data-start=\"7639\" data-end=\"7723\">Stosowa\u0107 w testach wi\u0105zania receptora, testach in vitro lub innych zatwierdzonych testach.<\/p>\n<\/li>\n<li data-start=\"7727\" data-end=\"7787\">\n<p data-start=\"7729\" data-end=\"7787\">Rejestruj rozpuszczalniki, st\u0119\u017cenia i odst\u0119py czasu.<\/p>\n<\/li>\n<\/ul>\n<\/li>\n<li data-start=\"7789\" data-end=\"8004\">\n<p data-start=\"7792\" data-end=\"7822\"><strong data-start=\"7792\" data-end=\"7820\">Magazynowanie i przetwarzanie odpad\u00f3w<\/strong><\/p>\n<ul data-start=\"7826\" data-end=\"8004\">\n<li data-start=\"7826\" data-end=\"7923\">\n<p data-start=\"7828\" data-end=\"7923\">Niewykorzystane peletki nale\u017cy przechowywa\u0107 w blistrze w pozycji pionowej. <strong data-start=\"7888\" data-end=\"7920\">ch\u0142odne, ciemne, suche miejsce<\/strong>.<\/p>\n<\/li>\n<li data-start=\"7927\" data-end=\"8004\">\n<p data-start=\"7929\" data-end=\"8004\">Pozosta\u0142o\u015bci nale\u017cy utylizowa\u0107 zgodnie z polityk\u0105 dotycz\u0105c\u0105 odpad\u00f3w chemicznych obowi\u0105zuj\u0105c\u0105 w laboratorium.<\/p>\n<\/li>\n<\/ul>\n<\/li>\n<\/ol>\n<hr data-start=\"8006\" data-end=\"8009\" \/>\n<h3 data-start=\"8011\" data-end=\"8046\"><strong data-start=\"8015\" data-end=\"8044\">Cz\u0119sto zadawane pytania (FAQ)<\/strong><\/h3>\n<p data-start=\"8048\" data-end=\"8225\"><strong data-start=\"8048\" data-end=\"8098\">1. Jakie zwi\u0105zki zawiera RC+ MaXTC Blister?<\/strong><br data-start=\"8098\" data-end=\"8101\" \/>Ka\u017cda peletka zawiera kombinacj\u0119 <strong data-start=\"8138\" data-end=\"8148\">5-MAPB<\/strong>, <strong data-start=\"8150\" data-end=\"8159\">4-FMA<\/strong> I <strong data-start=\"8163\" data-end=\"8177\">5-MeO-MiPT<\/strong> \u2013 przeznaczone wy\u0142\u0105cznie do cel\u00f3w badawczych.<\/p>\n<p data-start=\"8227\" data-end=\"8393\"><strong data-start=\"8227\" data-end=\"8285\">2. Ile peletek znajduje si\u0119 w jednym blistrze?<\/strong><br data-start=\"8285\" data-end=\"8288\" \/>Ka\u017cdy blister zawiera <strong data-start=\"8307\" data-end=\"8345\">10 pojedynczo zapakowanych peletek<\/strong> do kontrolowanych i powtarzalnych test\u00f3w.<\/p>\n<p data-start=\"8395\" data-end=\"8583\"><strong data-start=\"8395\" data-end=\"8455\">3. Czy blister RC+ MaXTC nadaje si\u0119 do stosowania u ludzi?<\/strong><br data-start=\"8455\" data-end=\"8458\" \/>Nie \u2013 ten produkt jest <strong data-start=\"8479\" data-end=\"8520\">wy\u0142\u0105cznie do cel\u00f3w badawczych<\/strong> I <strong data-start=\"8524\" data-end=\"8580\">nieprzeznaczony do spo\u017cycia przez ludzi i zwierz\u0119ta<\/strong>.<\/p>\n<p><a href=\"https:\/\/researchchemicalhub.com\/pl\/shop\/lysergamides\/1cp-lsd-150-mcg\/\"><span dir=\"auto\" style=\"vertical-align: inherit;\"><span dir=\"auto\" style=\"vertical-align: inherit;\">1cP-LSD 150 MCG Art Blotters <\/span><\/span><\/a><a href=\"https:\/\/researchchemicalhub.com\/pl\/shop\/pellets\/o-dsmt-50mg-pellets\/\"><span dir=\"auto\" style=\"vertical-align: inherit;\"><span dir=\"auto\" style=\"vertical-align: inherit;\">O-DSMT 50 mg granulki <\/span><\/span><\/a><a href=\"https:\/\/researchchemicalhub.com\/pl\/shop\/lysergamides\/1v-lsd-150-mcg-blotters\/\"><span dir=\"auto\" style=\"vertical-align: inherit;\"><span dir=\"auto\" style=\"vertical-align: inherit;\">Bibu\u0142ki 1V-LSD 150 MCG <\/span><\/span><\/a><a href=\"https:\/\/researchchemicalhub.com\/pl\/shop\/bijna-verboden\/6-cl-adba\/\"><span dir=\"auto\" style=\"vertical-align: inherit;\"><span dir=\"auto\" style=\"vertical-align: inherit;\">6-CL-ADBA <\/span><\/span><\/a><a href=\"https:\/\/researchchemicalhub.com\/pl\/shop\/cathinonen\/2-cmc-kopen\/\"><span dir=\"auto\" style=\"vertical-align: inherit;\"><span dir=\"auto\" style=\"vertical-align: inherit;\">2-CMC 250 mg granulki<\/span><\/span><\/a><\/p>","protected":false},"excerpt":{"rendered":"<p>Introductie De RC+ MaXTC Blister is een hoogwaardige onderzoeksformulering ontwikkeld voor geavanceerde analytische en wetenschappelijke toepassingen. Elke blister bevat individueel<\/p>","protected":false},"featured_media":21157,"comment_status":"closed","ping_status":"closed","template":"","meta":[],"product_brand":[],"product_cat":[555],"product_tag":[629,644,664,326],"class_list":{"0":"post-24107","1":"product","2":"type-product","3":"status-publish","4":"has-post-thumbnail","6":"product_cat-b2b","7":"product_tag-4-fma-kopen","8":"product_tag-4-fma","9":"product_tag-maxtc","10":"product_tag-nl","12":"first","13":"instock","14":"taxable","15":"shipping-taxable","16":"purchasable","17":"product-type-variable"},"_links":{"self":[{"href":"https:\/\/researchchemicalhub.com\/pl\/wp-json\/wp\/v2\/product\/24107","targetHints":{"allow":["GET"]}}],"collection":[{"href":"https:\/\/researchchemicalhub.com\/pl\/wp-json\/wp\/v2\/product"}],"about":[{"href":"https:\/\/researchchemicalhub.com\/pl\/wp-json\/wp\/v2\/types\/product"}],"replies":[{"embeddable":true,"href":"https:\/\/researchchemicalhub.com\/pl\/wp-json\/wp\/v2\/comments?post=24107"}],"version-history":[{"count":4,"href":"https:\/\/researchchemicalhub.com\/pl\/wp-json\/wp\/v2\/product\/24107\/revisions"}],"predecessor-version":[{"id":27874,"href":"https:\/\/researchchemicalhub.com\/pl\/wp-json\/wp\/v2\/product\/24107\/revisions\/27874"}],"wp:featuredmedia":[{"embeddable":true,"href":"https:\/\/researchchemicalhub.com\/pl\/wp-json\/wp\/v2\/media\/21157"}],"wp:attachment":[{"href":"https:\/\/researchchemicalhub.com\/pl\/wp-json\/wp\/v2\/media?parent=24107"}],"wp:term":[{"taxonomy":"product_brand","embeddable":true,"href":"https:\/\/researchchemicalhub.com\/pl\/wp-json\/wp\/v2\/product_brand?post=24107"},{"taxonomy":"product_cat","embeddable":true,"href":"https:\/\/researchchemicalhub.com\/pl\/wp-json\/wp\/v2\/product_cat?post=24107"},{"taxonomy":"product_tag","embeddable":true,"href":"https:\/\/researchchemicalhub.com\/pl\/wp-json\/wp\/v2\/product_tag?post=24107"}],"curies":[{"name":"wp","href":"https:\/\/api.w.org\/{rel}","templated":true}]}}