{"id":24075,"date":"2025-04-13T17:41:00","date_gmt":"2025-04-13T17:41:00","guid":{"rendered":"https:\/\/researchchemicalhub.com\/?post_type=product&#038;p=24075"},"modified":"2025-10-30T07:22:05","modified_gmt":"2025-10-30T07:22:05","slug":"1dlsd-150mcg-blotters","status":"publish","type":"product","link":"https:\/\/researchchemicalhub.com\/pl\/shop\/1d-lsd-225mcg-pellets\/1dlsd-150mcg-blotters\/","title":{"rendered":"Bibu\u0142ki 1D-LSD 150mcg"},"content":{"rendered":"<h3 data-start=\"5286\" data-end=\"5305\"><strong data-start=\"5290\" data-end=\"5305\"><span dir=\"auto\" style=\"vertical-align: inherit;\"><span dir=\"auto\" style=\"vertical-align: inherit;\">Wst\u0119p<\/span><\/span><\/strong><\/h3>\n<p data-start=\"5307\" data-end=\"5613\"><strong data-start=\"5307\" data-end=\"5333\"><span dir=\"auto\" style=\"vertical-align: inherit;\"><span dir=\"auto\" style=\"vertical-align: inherit;\">Bibu\u0142ki 1D-LSD 150mcg<\/span><\/span><\/strong><span dir=\"auto\" style=\"vertical-align: inherit;\"><span dir=\"auto\" style=\"vertical-align: inherit;\"> Czy <\/span><\/span><strong data-start=\"5339\" data-end=\"5386\"><span dir=\"auto\" style=\"vertical-align: inherit;\"><span dir=\"auto\" style=\"vertical-align: inherit;\">substancje badawcze klasy laboratoryjnej<\/span><\/span><\/strong><span dir=\"auto\" style=\"vertical-align: inherit;\"><span dir=\"auto\" style=\"vertical-align: inherit;\"> przeznaczony dla <\/span><\/span><strong data-start=\"5401\" data-end=\"5445\"><span dir=\"auto\" style=\"vertical-align: inherit;\"><span dir=\"auto\" style=\"vertical-align: inherit;\">badania naukowe i analityczne<\/span><\/span><\/strong><span dir=\"auto\" style=\"vertical-align: inherit;\"><span dir=\"auto\" style=\"vertical-align: inherit;\"> Ka\u017cdy bibu\u0142 zawiera <\/span><\/span><strong data-start=\"5466\" data-end=\"5534\"><span dir=\"auto\" style=\"vertical-align: inherit;\"><span dir=\"auto\" style=\"vertical-align: inherit;\">150 mikrogram\u00f3w 1D-LSD (1-dietyloamid-dietyloamid kwasu lizergowego)<\/span><\/span><\/strong><span dir=\"auto\" style=\"vertical-align: inherit;\"><span dir=\"auto\" style=\"vertical-align: inherit;\"> , starannie opracowane dla <\/span><\/span><strong data-start=\"5565\" data-end=\"5610\"><span dir=\"auto\" style=\"vertical-align: inherit;\"><span dir=\"auto\" style=\"vertical-align: inherit;\">dok\u0142adno\u015b\u0107, czysto\u015b\u0107 i stabilno\u015b\u0107<\/span><\/span><\/strong><span dir=\"auto\" style=\"vertical-align: inherit;\"><span dir=\"auto\" style=\"vertical-align: inherit;\"> . 1 dlsd<\/span><\/span><\/p>\n<p data-start=\"5615\" data-end=\"5824\"><span dir=\"auto\" style=\"vertical-align: inherit;\"><span dir=\"auto\" style=\"vertical-align: inherit;\">Te bibu\u0142ki s\u0105 produkowane pod \u015bcis\u0142\u0105 kontrol\u0105 jako\u015bci i <\/span><\/span><strong data-start=\"5692\" data-end=\"5731\"><span dir=\"auto\" style=\"vertical-align: inherit;\"><span dir=\"auto\" style=\"vertical-align: inherit;\">sp\u00f3jne i wiarygodne wyniki<\/span><\/span><\/strong><span dir=\"auto\" style=\"vertical-align: inherit;\"><span dir=\"auto\" style=\"vertical-align: inherit;\"> dla badaczy studiuj\u0105cych <\/span><\/span><strong data-start=\"5754\" data-end=\"5778\"><span dir=\"auto\" style=\"vertical-align: inherit;\"><span dir=\"auto\" style=\"vertical-align: inherit;\">analogi lizergamidu<\/span><\/span><\/strong><span dir=\"auto\" style=\"vertical-align: inherit;\"><span dir=\"auto\" style=\"vertical-align: inherit;\"> lub przeprowadzania analiz chemicznych.<\/span><\/span><\/p>\n<blockquote data-start=\"5826\" data-end=\"5957\">\n<p data-start=\"5828\" data-end=\"5957\">\u26a0\ufe0f <strong data-start=\"5831\" data-end=\"5842\"><span dir=\"auto\" style=\"vertical-align: inherit;\"><span dir=\"auto\" style=\"vertical-align: inherit;\">Uwaga:<\/span><\/span><\/strong><span dir=\"auto\" style=\"vertical-align: inherit;\"><span dir=\"auto\" style=\"vertical-align: inherit;\"> Ten produkt jest przeznaczony dla <\/span><\/span><strong data-start=\"5883\" data-end=\"5908\"><span dir=\"auto\" style=\"vertical-align: inherit;\"><span dir=\"auto\" style=\"vertical-align: inherit;\">badania laboratoryjne<\/span><\/span><\/strong><span dir=\"auto\" style=\"vertical-align: inherit;\"><span dir=\"auto\" style=\"vertical-align: inherit;\"> tylko i <\/span><\/span><strong data-start=\"5912\" data-end=\"5956\"><span dir=\"auto\" style=\"vertical-align: inherit;\"><span dir=\"auto\" style=\"vertical-align: inherit;\">nie nadaje si\u0119 do spo\u017cycia przez ludzi<\/span><\/span><\/strong><span dir=\"auto\" style=\"vertical-align: inherit;\"><span dir=\"auto\" style=\"vertical-align: inherit;\"> .<\/span><\/span><\/p>\n<\/blockquote>\n<hr data-start=\"5959\" data-end=\"5962\" \/>\n<h3 data-start=\"5964\" data-end=\"5995\"><strong data-start=\"5968\" data-end=\"5995\"><span dir=\"auto\" style=\"vertical-align: inherit;\"><span dir=\"auto\" style=\"vertical-align: inherit;\">G\u0142\u00f3wne cechy<\/span><\/span><\/strong><\/h3>\n<ul data-start=\"5997\" data-end=\"6539\">\n<li data-start=\"5997\" data-end=\"6086\">\n<p data-start=\"5999\" data-end=\"6086\"><strong data-start=\"5999\" data-end=\"6030\"><span dir=\"auto\" style=\"vertical-align: inherit;\"><span dir=\"auto\" style=\"vertical-align: inherit;\">Dok\u0142adna dawka 150mcg:<\/span><\/span><\/strong><span dir=\"auto\" style=\"vertical-align: inherit;\"><span dir=\"auto\" style=\"vertical-align: inherit;\"> Aby uzyska\u0107 sp\u00f3jne i wiarygodne wyniki bada\u0144.<\/span><\/span><\/p>\n<\/li>\n<li data-start=\"6087\" data-end=\"6190\">\n<p data-start=\"6089\" data-end=\"6190\"><strong data-start=\"6089\" data-end=\"6114\"><span dir=\"auto\" style=\"vertical-align: inherit;\"><span dir=\"auto\" style=\"vertical-align: inherit;\">Czysto\u015b\u0107 badawcza:<\/span><\/span><\/strong><span dir=\"auto\" style=\"vertical-align: inherit;\"><span dir=\"auto\" style=\"vertical-align: inherit;\"> Wyprodukowano zgodnie ze standardami laboratoryjnymi o czysto\u015bci \u226599%.<\/span><\/span><\/p>\n<\/li>\n<li data-start=\"6191\" data-end=\"6271\">\n<p data-start=\"6193\" data-end=\"6271\"><strong data-start=\"6193\" data-end=\"6219\"><span dir=\"auto\" style=\"vertical-align: inherit;\"><span dir=\"auto\" style=\"vertical-align: inherit;\">Stabilno\u015b\u0107 chemiczna:<\/span><\/span><\/strong><span dir=\"auto\" style=\"vertical-align: inherit;\"><span dir=\"auto\" style=\"vertical-align: inherit;\"> Zachowuje moc i skuteczno\u015b\u0107 pod warunkiem prawid\u0142owego przechowywania.<\/span><\/span><\/p>\n<\/li>\n<li data-start=\"6272\" data-end=\"6365\">\n<p data-start=\"6274\" data-end=\"6365\"><strong data-start=\"6274\" data-end=\"6298\"><span dir=\"auto\" style=\"vertical-align: inherit;\"><span dir=\"auto\" style=\"vertical-align: inherit;\">Wygodny format bibu\u0142y:<\/span><\/span><\/strong><span dir=\"auto\" style=\"vertical-align: inherit;\"><span dir=\"auto\" style=\"vertical-align: inherit;\"> \u0141atwe do pomiaru i obs\u0142ugi w warunkach laboratoryjnych.<\/span><\/span><\/p>\n<\/li>\n<li data-start=\"6366\" data-end=\"6449\">\n<p data-start=\"6368\" data-end=\"6449\"><strong data-start=\"6368\" data-end=\"6385\"><span dir=\"auto\" style=\"vertical-align: inherit;\"><span dir=\"auto\" style=\"vertical-align: inherit;\">Przetestowano parti\u0119:<\/span><\/span><\/strong><span dir=\"auto\" style=\"vertical-align: inherit;\"><span dir=\"auto\" style=\"vertical-align: inherit;\"> Ka\u017cda partia jest sprawdzana pod k\u0105tem czysto\u015bci i sp\u00f3jno\u015bci.<\/span><\/span><\/p>\n<\/li>\n<li data-start=\"6450\" data-end=\"6539\">\n<p data-start=\"6452\" data-end=\"6539\"><strong data-start=\"6452\" data-end=\"6475\"><span dir=\"auto\" style=\"vertical-align: inherit;\"><span dir=\"auto\" style=\"vertical-align: inherit;\">Bezpieczne opakowanie:<\/span><\/span><\/strong><span dir=\"auto\" style=\"vertical-align: inherit;\"><span dir=\"auto\" style=\"vertical-align: inherit;\"> Uszczelnione i odporne na wilgo\u0107, co zapewnia optymaln\u0105 integralno\u015b\u0107 produktu.<\/span><\/span><\/p>\n<\/li>\n<\/ul>\n<hr data-start=\"6541\" data-end=\"6544\" \/>\n<h3 data-start=\"6546\" data-end=\"6563\"><strong data-start=\"6550\" data-end=\"6563\"><span dir=\"auto\" style=\"vertical-align: inherit;\"><span dir=\"auto\" style=\"vertical-align: inherit;\">Zalety<\/span><\/span><\/strong><\/h3>\n<ol data-start=\"6565\" data-end=\"6986\">\n<li data-start=\"6565\" data-end=\"6654\">\n<p data-start=\"6568\" data-end=\"6654\"><strong data-start=\"6568\" data-end=\"6603\"><span dir=\"auto\" style=\"vertical-align: inherit;\"><span dir=\"auto\" style=\"vertical-align: inherit;\">Sp\u00f3jne wyniki bada\u0144:<\/span><\/span><\/strong><span dir=\"auto\" style=\"vertical-align: inherit;\"><span dir=\"auto\" style=\"vertical-align: inherit;\"> Niezawodna wydajno\u015b\u0107 w badaniach analitycznych.<\/span><\/span><\/p>\n<\/li>\n<li data-start=\"6655\" data-end=\"6738\">\n<p data-start=\"6658\" data-end=\"6738\"><strong data-start=\"6658\" data-end=\"6683\"><span dir=\"auto\" style=\"vertical-align: inherit;\"><span dir=\"auto\" style=\"vertical-align: inherit;\">\u0141atwy w u\u017cyciu:<\/span><\/span><\/strong><span dir=\"auto\" style=\"vertical-align: inherit;\"><span dir=\"auto\" style=\"vertical-align: inherit;\"> Kszta\u0142t bibu\u0142y ogranicza kontakt i ryzyko zaka\u017cenia.<\/span><\/span><\/p>\n<\/li>\n<li data-start=\"6739\" data-end=\"6815\">\n<p data-start=\"6742\" data-end=\"6815\"><strong data-start=\"6742\" data-end=\"6766\"><span dir=\"auto\" style=\"vertical-align: inherit;\"><span dir=\"auto\" style=\"vertical-align: inherit;\">Wysoka dok\u0142adno\u015b\u0107:<\/span><\/span><\/strong><span dir=\"auto\" style=\"vertical-align: inherit;\"><span dir=\"auto\" style=\"vertical-align: inherit;\"> Idealny do analiz chemicznych i strukturalnych. 1 dlsd<\/span><\/span><\/p>\n<\/li>\n<li data-start=\"6816\" data-end=\"6894\">\n<p data-start=\"6819\" data-end=\"6894\"><strong data-start=\"6819\" data-end=\"6846\"><span dir=\"auto\" style=\"vertical-align: inherit;\"><span dir=\"auto\" style=\"vertical-align: inherit;\">D\u0142ugoterminowa stabilno\u015b\u0107:<\/span><\/span><\/strong><span dir=\"auto\" style=\"vertical-align: inherit;\"><span dir=\"auto\" style=\"vertical-align: inherit;\"> Nadaje si\u0119 do d\u0142ugoterminowych projekt\u00f3w badawczych.<\/span><\/span><\/p>\n<\/li>\n<li data-start=\"6895\" data-end=\"6986\">\n<p data-start=\"6898\" data-end=\"6986\"><strong data-start=\"6898\" data-end=\"6924\"><span dir=\"auto\" style=\"vertical-align: inherit;\"><span dir=\"auto\" style=\"vertical-align: inherit;\">Niezawodna jako\u015b\u0107:<\/span><\/span><\/strong><span dir=\"auto\" style=\"vertical-align: inherit;\"><span dir=\"auto\" style=\"vertical-align: inherit;\"> Wyprodukowano zgodnie ze standardami GLP (Dobrej Praktyki Laboratoryjnej).<\/span><\/span><\/p>\n<\/li>\n<\/ol>\n<hr data-start=\"6988\" data-end=\"6991\" \/>\n<h3 data-start=\"6993\" data-end=\"7032\"><strong data-start=\"6997\" data-end=\"7032\"><span dir=\"auto\" style=\"vertical-align: inherit;\"><span dir=\"auto\" style=\"vertical-align: inherit;\">U\u017cyj (tylko do cel\u00f3w badawczych)<\/span><\/span><\/strong><\/h3>\n<ol data-start=\"7034\" data-end=\"7419\">\n<li data-start=\"7034\" data-end=\"7116\">\n<p data-start=\"7037\" data-end=\"7116\"><strong data-start=\"7037\" data-end=\"7067\"><span dir=\"auto\" style=\"vertical-align: inherit;\"><span dir=\"auto\" style=\"vertical-align: inherit;\">No\u015b odzie\u017c ochronn\u0105<\/span><\/span><\/strong><span dir=\"auto\" style=\"vertical-align: inherit;\"><span dir=\"auto\" style=\"vertical-align: inherit;\"> takie jak r\u0119kawice, okulary ochronne i fartuch laboratoryjny.<\/span><\/span><\/p>\n<\/li>\n<li data-start=\"7117\" data-end=\"7206\">\n<p data-start=\"7120\" data-end=\"7206\"><strong data-start=\"7120\" data-end=\"7153\"><span dir=\"auto\" style=\"vertical-align: inherit;\"><span dir=\"auto\" style=\"vertical-align: inherit;\">U\u017cywaj sterylnych narz\u0119dzi<\/span><\/span><\/strong><span dir=\"auto\" style=\"vertical-align: inherit;\"><span dir=\"auto\" style=\"vertical-align: inherit;\"> do dok\u0142adnego wyjmowania i mierzenia bibu\u0142ek.<\/span><\/span><\/p>\n<\/li>\n<li data-start=\"7207\" data-end=\"7278\">\n<p data-start=\"7210\" data-end=\"7278\"><strong data-start=\"7210\" data-end=\"7225\"><span dir=\"auto\" style=\"vertical-align: inherit;\"><span dir=\"auto\" style=\"vertical-align: inherit;\">Dokument<\/span><\/span><\/strong><span dir=\"auto\" style=\"vertical-align: inherit;\"><span dir=\"auto\" style=\"vertical-align: inherit;\"> liczba blotter\u00f3w u\u017cytych w ka\u017cdym eksperymencie.<\/span><\/span><\/p>\n<\/li>\n<li data-start=\"7279\" data-end=\"7355\">\n<p data-start=\"7282\" data-end=\"7355\"><strong data-start=\"7282\" data-end=\"7292\"><span dir=\"auto\" style=\"vertical-align: inherit;\"><span dir=\"auto\" style=\"vertical-align: inherit;\">Sklep<\/span><\/span><\/strong><span dir=\"auto\" style=\"vertical-align: inherit;\"><span dir=\"auto\" style=\"vertical-align: inherit;\"> resztki bibu\u0142ek przechowuj w ch\u0142odnym, suchym i ciemnym miejscu.<\/span><\/span><\/p>\n<\/li>\n<li data-start=\"7356\" data-end=\"7419\">\n<p data-start=\"7359\" data-end=\"7419\"><strong data-start=\"7359\" data-end=\"7378\"><span dir=\"auto\" style=\"vertical-align: inherit;\"><span dir=\"auto\" style=\"vertical-align: inherit;\">Utylizacja odpad\u00f3w<\/span><\/span><\/strong><span dir=\"auto\" style=\"vertical-align: inherit;\"><span dir=\"auto\" style=\"vertical-align: inherit;\"> zgodnie z lokalnymi wytycznymi bezpiecze\u0144stwa.<\/span><\/span><\/p>\n<\/li>\n<\/ol>\n<blockquote data-start=\"7421\" data-end=\"7526\">\n<p data-start=\"7423\" data-end=\"7526\">\u26a0\ufe0f <strong data-start=\"7426\" data-end=\"7484\"><span dir=\"auto\" style=\"vertical-align: inherit;\"><span dir=\"auto\" style=\"vertical-align: inherit;\">Nie nadaje si\u0119 do spo\u017cycia przez ludzi i zwierz\u0119ta. <\/span><\/span><\/strong><strong data-start=\"7497\" data-end=\"7525\"><span dir=\"auto\" style=\"vertical-align: inherit;\"><span dir=\"auto\" style=\"vertical-align: inherit;\">zastosowanie naukowe<\/span><\/span><\/strong><span dir=\"auto\" style=\"vertical-align: inherit;\"><span dir=\"auto\" style=\"vertical-align: inherit;\"> tylko <\/span><span dir=\"auto\" style=\"vertical-align: inherit;\">.<\/span><\/span><\/p>\n<\/blockquote>\n<hr data-start=\"7528\" data-end=\"7531\" \/>\n<h3 data-start=\"7533\" data-end=\"7558\"><strong data-start=\"7537\" data-end=\"7558\"><span dir=\"auto\" style=\"vertical-align: inherit;\"><span dir=\"auto\" style=\"vertical-align: inherit;\">Instrukcje dotycz\u0105ce przechowywania<\/span><\/span><\/strong><\/h3>\n<ul data-start=\"7560\" data-end=\"7704\">\n<li data-start=\"7560\" data-end=\"7618\">\n<p data-start=\"7562\" data-end=\"7618\"><span dir=\"auto\" style=\"vertical-align: inherit;\"><span dir=\"auto\" style=\"vertical-align: inherit;\">Przechowywa\u0107 w <\/span><\/span><strong data-start=\"7573\" data-end=\"7582\"><span dir=\"auto\" style=\"vertical-align: inherit;\"><span dir=\"auto\" style=\"vertical-align: inherit;\">2\u20138\u00b0C<\/span><\/span><\/strong><span dir=\"auto\" style=\"vertical-align: inherit;\"><span dir=\"auto\" style=\"vertical-align: inherit;\"> , z dala od \u015bwiat\u0142a i wilgoci.<\/span><\/span><\/p>\n<\/li>\n<li data-start=\"7619\" data-end=\"7662\">\n<p data-start=\"7621\" data-end=\"7662\"><span dir=\"auto\" style=\"vertical-align: inherit;\"><span dir=\"auto\" style=\"vertical-align: inherit;\">Zachowaj pojemnik <\/span><\/span><strong data-start=\"7640\" data-end=\"7659\"><span dir=\"auto\" style=\"vertical-align: inherit;\"><span dir=\"auto\" style=\"vertical-align: inherit;\">szczelnie zamkni\u0119te<\/span><\/span><\/strong><span dir=\"auto\" style=\"vertical-align: inherit;\"><span dir=\"auto\" style=\"vertical-align: inherit;\"> .<\/span><\/span><\/p>\n<\/li>\n<li data-start=\"7663\" data-end=\"7704\">\n<p data-start=\"7665\" data-end=\"7704\"><span dir=\"auto\" style=\"vertical-align: inherit;\"><span dir=\"auto\" style=\"vertical-align: inherit;\">Przechowywa\u0107 poza zasi\u0119giem os\u00f3b nieupowa\u017cnionych.<\/span><\/span><\/p>\n<\/li>\n<\/ul>\n<hr data-start=\"7706\" data-end=\"7709\" \/>\n<h3 data-start=\"7711\" data-end=\"7746\"><strong data-start=\"7715\" data-end=\"7746\"><span dir=\"auto\" style=\"vertical-align: inherit;\"><span dir=\"auto\" style=\"vertical-align: inherit;\">Cz\u0119sto zadawane pytania (FAQ)<\/span><\/span><\/strong><\/h3>\n<p data-start=\"7748\" data-end=\"7932\"><strong data-start=\"7748\" data-end=\"7803\"><span dir=\"auto\" style=\"vertical-align: inherit;\"><span dir=\"auto\" style=\"vertical-align: inherit;\">1. Do czego s\u0142u\u017c\u0105 blotery 1D-LSD 150mcg?<\/span><\/span><\/strong><br data-start=\"7803\" data-end=\"7806\" \/><span dir=\"auto\" style=\"vertical-align: inherit;\"><span dir=\"auto\" style=\"vertical-align: inherit;\"> Dla <\/span><\/span><strong data-start=\"7811\" data-end=\"7855\"><span dir=\"auto\" style=\"vertical-align: inherit;\"><span dir=\"auto\" style=\"vertical-align: inherit;\">badania naukowe i analityczne<\/span><\/span><\/strong><span dir=\"auto\" style=\"vertical-align: inherit;\"><span dir=\"auto\" style=\"vertical-align: inherit;\"> na analogach lizergamidu w kontrolowanych warunkach laboratoryjnych.<\/span><\/span><\/p>\n<p data-start=\"7934\" data-end=\"8100\"><strong data-start=\"7934\" data-end=\"7983\"><span dir=\"auto\" style=\"vertical-align: inherit;\"><span dir=\"auto\" style=\"vertical-align: inherit;\">2. Czy te bibu\u0142ki s\u0105 bezpieczne do spo\u017cycia?<\/span><\/span><\/strong><br data-start=\"7983\" data-end=\"7986\" \/><span dir=\"auto\" style=\"vertical-align: inherit;\"><span dir=\"auto\" style=\"vertical-align: inherit;\"> Nie. S\u0105. <\/span><\/span><strong data-start=\"7999\" data-end=\"8049\"><span dir=\"auto\" style=\"vertical-align: inherit;\"><span dir=\"auto\" style=\"vertical-align: inherit;\">przeznaczone wy\u0142\u0105cznie do bada\u0144 laboratoryjnych<\/span><\/span><\/strong><span dir=\"auto\" style=\"vertical-align: inherit;\"><span dir=\"auto\" style=\"vertical-align: inherit;\"> I <\/span><\/span><strong data-start=\"8053\" data-end=\"8097\"><span dir=\"auto\" style=\"vertical-align: inherit;\"><span dir=\"auto\" style=\"vertical-align: inherit;\">nie nadaj\u0105 si\u0119 do spo\u017cycia przez ludzi<\/span><\/span><\/strong><span dir=\"auto\" style=\"vertical-align: inherit;\"><span dir=\"auto\" style=\"vertical-align: inherit;\"> .<\/span><\/span><\/p>\n<p data-start=\"8102\" data-end=\"8238\"><strong data-start=\"8102\" data-end=\"8147\"><span dir=\"auto\" style=\"vertical-align: inherit;\"><span dir=\"auto\" style=\"vertical-align: inherit;\">3. Jaki jest najlepszy spos\u00f3b przechowywania bibu\u0142ek?<\/span><\/span><\/strong><br data-start=\"8147\" data-end=\"8150\" \/><span dir=\"auto\" style=\"vertical-align: inherit;\"><span dir=\"auto\" style=\"vertical-align: inherit;\"> Przechowuj je w <\/span><\/span><strong data-start=\"8167\" data-end=\"8201\"><span dir=\"auto\" style=\"vertical-align: inherit;\"><span dir=\"auto\" style=\"vertical-align: inherit;\">ch\u0142odne, suche i ciemne miejsce<\/span><\/span><\/strong><span dir=\"auto\" style=\"vertical-align: inherit;\"><span dir=\"auto\" style=\"vertical-align: inherit;\"> w temperaturze <\/span><\/span><strong data-start=\"8226\" data-end=\"8235\"><span dir=\"auto\" style=\"vertical-align: inherit;\"><span dir=\"auto\" style=\"vertical-align: inherit;\">2\u20138\u00b0C<\/span><\/span><\/strong><span dir=\"auto\" style=\"vertical-align: inherit;\"><span dir=\"auto\" style=\"vertical-align: inherit;\"> .<\/span><\/span><\/p>\n<hr data-start=\"8240\" data-end=\"8243\" \/>\n<h3 data-start=\"8245\" data-end=\"8262\"><strong data-start=\"8249\" data-end=\"8262\"><span dir=\"auto\" style=\"vertical-align: inherit;\"><span dir=\"auto\" style=\"vertical-align: inherit;\">Wniosek<\/span><\/span><\/strong><\/h3>\n<p data-start=\"8264\" data-end=\"8545\"><strong data-start=\"8264\" data-end=\"8290\"><span dir=\"auto\" style=\"vertical-align: inherit;\"><span dir=\"auto\" style=\"vertical-align: inherit;\">Blottery 1D-LSD 150mcg<\/span><\/span><\/strong><span dir=\"auto\" style=\"vertical-align: inherit;\"><span dir=\"auto\" style=\"vertical-align: inherit;\"> gwarancja <\/span><\/span><strong data-start=\"8309\" data-end=\"8356\"><span dir=\"auto\" style=\"vertical-align: inherit;\"><span dir=\"auto\" style=\"vertical-align: inherit;\">wyj\u0105tkowa dok\u0142adno\u015b\u0107 i czysto\u015b\u0107<\/span><\/span><\/strong><span dir=\"auto\" style=\"vertical-align: inherit;\"><span dir=\"auto\" style=\"vertical-align: inherit;\"> w badaniach analitycznych. Kontrolowane dawkowanie, wysoka stabilno\u015b\u0107 i niezawodny sk\u0142ad sprawiaj\u0105, \u017ce s\u0105 <\/span><\/span><strong data-start=\"8469\" data-end=\"8516\"><span dir=\"auto\" style=\"vertical-align: inherit;\"><span dir=\"auto\" style=\"vertical-align: inherit;\">idealny wyb\u00f3r dla profesjonalnych laboratori\u00f3w<\/span><\/span><\/strong><span dir=\"auto\" style=\"vertical-align: inherit;\"><span dir=\"auto\" style=\"vertical-align: inherit;\"> i instytucji badawczych.<\/span><\/span><\/p>","protected":false},"excerpt":{"rendered":"<h2><span style=\"vertical-align: inherit;\"><span style=\"vertical-align: inherit;\"><span dir=\"auto\" style=\"vertical-align: inherit;\"><span dir=\"auto\" style=\"vertical-align: inherit;\">Bibu\u0142ki 1D-LSD 150mcg<\/span><\/span><\/span><\/span><\/h2>\n<p><span style=\"vertical-align: inherit;\"><span style=\"vertical-align: inherit;\"><span dir=\"auto\" style=\"vertical-align: inherit;\"><span dir=\"auto\" style=\"vertical-align: inherit;\">1D-LSD jest substancj\u0105, kt\u00f3r\u0105 sprzedajemy wy\u0142\u0105cznie w celach badawczych.<\/span><\/span><\/span><\/span><\/p>","protected":false},"featured_media":28351,"comment_status":"closed","ping_status":"closed","template":"","meta":[],"product_brand":[82],"product_cat":[362,358],"product_tag":[675,452,634,632],"class_list":{"0":"post-24075","1":"product","2":"type-product","3":"status-publish","4":"has-post-thumbnail","6":"product_brand-research-chemical","7":"product_cat-1d-lsd-225mcg-pellets","8":"product_cat-lysergamides","9":"product_tag-1dlsd","10":"product_tag-de","11":"product_tag-lsd","12":"product_tag-lsd-blotter","14":"first","15":"instock","16":"taxable","17":"shipping-taxable","18":"purchasable","19":"product-type-variable"},"_links":{"self":[{"href":"https:\/\/researchchemicalhub.com\/pl\/wp-json\/wp\/v2\/product\/24075","targetHints":{"allow":["GET"]}}],"collection":[{"href":"https:\/\/researchchemicalhub.com\/pl\/wp-json\/wp\/v2\/product"}],"about":[{"href":"https:\/\/researchchemicalhub.com\/pl\/wp-json\/wp\/v2\/types\/product"}],"replies":[{"embeddable":true,"href":"https:\/\/researchchemicalhub.com\/pl\/wp-json\/wp\/v2\/comments?post=24075"}],"version-history":[{"count":7,"href":"https:\/\/researchchemicalhub.com\/pl\/wp-json\/wp\/v2\/product\/24075\/revisions"}],"predecessor-version":[{"id":28693,"href":"https:\/\/researchchemicalhub.com\/pl\/wp-json\/wp\/v2\/product\/24075\/revisions\/28693"}],"wp:featuredmedia":[{"embeddable":true,"href":"https:\/\/researchchemicalhub.com\/pl\/wp-json\/wp\/v2\/media\/28351"}],"wp:attachment":[{"href":"https:\/\/researchchemicalhub.com\/pl\/wp-json\/wp\/v2\/media?parent=24075"}],"wp:term":[{"taxonomy":"product_brand","embeddable":true,"href":"https:\/\/researchchemicalhub.com\/pl\/wp-json\/wp\/v2\/product_brand?post=24075"},{"taxonomy":"product_cat","embeddable":true,"href":"https:\/\/researchchemicalhub.com\/pl\/wp-json\/wp\/v2\/product_cat?post=24075"},{"taxonomy":"product_tag","embeddable":true,"href":"https:\/\/researchchemicalhub.com\/pl\/wp-json\/wp\/v2\/product_tag?post=24075"}],"curies":[{"name":"wp","href":"https:\/\/api.w.org\/{rel}","templated":true}]}}