{"id":23915,"date":"2025-04-13T17:40:40","date_gmt":"2025-04-13T17:40:40","guid":{"rendered":"https:\/\/researchchemicalhub.com\/?post_type=product&#038;p=23915"},"modified":"2025-10-30T07:54:01","modified_gmt":"2025-10-30T07:54:01","slug":"nb-5-szczawian-meo-dalt","status":"publish","type":"product","link":"https:\/\/researchchemicalhub.com\/pl\/sklep\/nb-5-maja-dalt\/nb-5-szczawian-meo-dalt\/","title":{"rendered":"NB-5-MeO-DALT szczawian"},"content":{"rendered":"<h3 data-start=\"6074\" data-end=\"6093\"><strong data-start=\"6078\" data-end=\"6093\">Wst\u0119p<\/strong><\/h3>\n<p data-start=\"6095\" data-end=\"6425\"><strong data-start=\"6095\" data-end=\"6120\">NB-5-MeO-DALT szczawian<\/strong> jest <strong data-start=\"6128\" data-end=\"6172\">materia\u0142 badawczy o jako\u015bci analitycznej<\/strong>, opracowany dla <strong data-start=\"6190\" data-end=\"6244\">badania chemiczne, naukowe i kryminalistyczne<\/strong>. Szczawian NB-5-MeO-DALT<br data-start=\"6245\" data-end=\"6248\" \/>To jest <strong data-start=\"6259\" data-end=\"6274\">s\u00f3l szczawianowa<\/strong> przez <strong data-start=\"6279\" data-end=\"6327\">5-MeO-DALT (N,N-diallilo-5-metoksytryptamina)<\/strong>, po\u0142\u0105czenie z <strong data-start=\"6351\" data-end=\"6372\">rodzina tryptamin<\/strong>, strukturalnie zbli\u017cone do naturalnych indoloamin.<\/p>\n<p data-start=\"6427\" data-end=\"6678\">Wyprodukowano pod <strong data-start=\"6446\" data-end=\"6487\">Normy GLP (Dobrej Praktyki Laboratoryjnej)<\/strong>, ta tkanina oferuje <strong data-start=\"6509\" data-end=\"6532\">czysto\u015b\u0107 \u226599%<\/strong>, <strong data-start=\"6534\" data-end=\"6559\">stabilno\u015b\u0107 chemiczna<\/strong> I <strong data-start=\"6563\" data-end=\"6585\">sp\u00f3jno\u015b\u0107 partii<\/strong>, co czyni go idealnym dla <strong data-start=\"6613\" data-end=\"6675\">badania chromatograficzne, spektroskopowe i strukturalne<\/strong>.<\/p>\n<blockquote data-start=\"6680\" data-end=\"6824\">\n<p data-start=\"6682\" data-end=\"6824\">\u26a0\ufe0f <strong data-start=\"6685\" data-end=\"6696\">UWAGA:<\/strong> Ten produkt jest <strong data-start=\"6712\" data-end=\"6762\">przeznaczony wy\u0142\u0105cznie do bada\u0144 laboratoryjnych<\/strong> I <strong data-start=\"6766\" data-end=\"6823\">nie nadaje si\u0119 do spo\u017cycia przez ludzi i zwierz\u0119ta<\/strong>.<\/p>\n<\/blockquote>\n<hr data-start=\"6826\" data-end=\"6829\" \/>\n<h3 data-start=\"6831\" data-end=\"6862\"><strong data-start=\"6835\" data-end=\"6862\">G\u0142\u00f3wne cechy<\/strong><\/h3>\n<ul data-start=\"6864\" data-end=\"7356\">\n<li data-start=\"6864\" data-end=\"6931\">\n<p data-start=\"6866\" data-end=\"6931\"><strong data-start=\"6866\" data-end=\"6898\">Wysoka czysto\u015b\u0107 analityczna:<\/strong> \u226599% testowano metod\u0105 HPLC i GC-MS.<\/p>\n<\/li>\n<li data-start=\"6932\" data-end=\"7025\">\n<p data-start=\"6934\" data-end=\"7025\"><strong data-start=\"6934\" data-end=\"6958\">Stabilna s\u00f3l szczawianowa:<\/strong> Wi\u0119ksza stabilno\u015b\u0107 i d\u0142u\u017cszy okres przydatno\u015bci do u\u017cycia ni\u017c w przypadku wolnej zasady.<\/p>\n<\/li>\n<li data-start=\"7026\" data-end=\"7095\">\n<p data-start=\"7028\" data-end=\"7095\"><strong data-start=\"7028\" data-end=\"7046\">Produkcja GLP:<\/strong> Wyprodukowano wed\u0142ug \u015bcis\u0142ych norm laboratoryjnych.<\/p>\n<\/li>\n<li data-start=\"7096\" data-end=\"7183\">\n<p data-start=\"7098\" data-end=\"7183\"><strong data-start=\"7098\" data-end=\"7127\">Niezawodna sp\u00f3jno\u015b\u0107:<\/strong> Ka\u017cda partia zosta\u0142a sprawdzona pod k\u0105tem to\u017csamo\u015bci i czysto\u015bci. Szczawian NB-5-MeO-DALT<\/p>\n<\/li>\n<li data-start=\"7184\" data-end=\"7276\">\n<p data-start=\"7186\" data-end=\"7276\"><strong data-start=\"7186\" data-end=\"7225\">Zastosowanie w badaniach kryminalistycznych:<\/strong> Nadaje si\u0119 do <strong data-start=\"7240\" data-end=\"7273\">analizy tryptaminy i indolu<\/strong>.<\/p>\n<\/li>\n<li data-start=\"7277\" data-end=\"7356\">\n<p data-start=\"7279\" data-end=\"7356\"><strong data-start=\"7279\" data-end=\"7302\">Bezpieczne opakowanie:<\/strong> Hermetyczne i uszczelnione, co zapewnia optymalny okres przydatno\u015bci do spo\u017cycia.<\/p>\n<\/li>\n<\/ul>\n<hr data-start=\"7358\" data-end=\"7361\" \/>\n<h3 data-start=\"7363\" data-end=\"7380\"><strong data-start=\"7367\" data-end=\"7380\">Zalety<\/strong><\/h3>\n<ol data-start=\"7382\" data-end=\"7834\">\n<li data-start=\"7382\" data-end=\"7464\">\n<p data-start=\"7385\" data-end=\"7464\"><strong data-start=\"7385\" data-end=\"7412\">Sk\u0142ad stabilny:<\/strong> Forma szczawianowa zapewnia d\u0142ugoterminow\u0105 stabilno\u015b\u0107.<\/p>\n<\/li>\n<li data-start=\"7465\" data-end=\"7556\">\n<p data-start=\"7468\" data-end=\"7556\"><strong data-start=\"7468\" data-end=\"7505\">Wiarygodne wyniki bada\u0144:<\/strong> Wysoka czysto\u015b\u0107 gwarantuje powtarzalno\u015b\u0107 danych.<\/p>\n<\/li>\n<li data-start=\"7557\" data-end=\"7658\">\n<p data-start=\"7560\" data-end=\"7658\"><strong data-start=\"7560\" data-end=\"7588\">Jako\u015b\u0107 profesjonalna:<\/strong> Idealny dla <strong data-start=\"7601\" data-end=\"7655\">zastosowania chromatograficzne i spektroskopowe<\/strong>.<\/p>\n<\/li>\n<li data-start=\"7659\" data-end=\"7752\">\n<p data-start=\"7662\" data-end=\"7752\"><strong data-start=\"7662\" data-end=\"7692\">U\u017cyteczno\u015b\u0107 kryminalistyczna:<\/strong> Nadaje si\u0119 do <strong data-start=\"7707\" data-end=\"7749\">badania toksykologiczne i strukturalne<\/strong>.<\/p>\n<\/li>\n<li data-start=\"7753\" data-end=\"7834\">\n<p data-start=\"7756\" data-end=\"7834\"><strong data-start=\"7756\" data-end=\"7782\">\u0141atwy w u\u017cyciu:<\/strong> Bezpieczne i dok\u0142adne zastosowanie w laboratoriach.<\/p>\n<\/li>\n<\/ol>\n<hr data-start=\"7836\" data-end=\"7839\" \/>\n<h3 data-start=\"7841\" data-end=\"7880\"><strong data-start=\"7845\" data-end=\"7880\">U\u017cyj (tylko do cel\u00f3w badawczych)<\/strong><\/h3>\n<ol data-start=\"7882\" data-end=\"8301\">\n<li data-start=\"7882\" data-end=\"7969\">\n<p data-start=\"7885\" data-end=\"7969\"><strong data-start=\"7885\" data-end=\"7916\">No\u015b odzie\u017c ochronn\u0105:<\/strong> Wymagane s\u0105 r\u0119kawice, okulary ochronne i fartuch laboratoryjny.<\/p>\n<\/li>\n<li data-start=\"7970\" data-end=\"8056\">\n<p data-start=\"7973\" data-end=\"8056\"><strong data-start=\"7973\" data-end=\"8012\">Stosowa\u0107 w kontrolowanym \u015brodowisku:<\/strong> Unika\u0107 nara\u017cenia na dzia\u0142anie powietrza i wilgoci.<\/p>\n<\/li>\n<li data-start=\"8057\" data-end=\"8138\">\n<p data-start=\"8060\" data-end=\"8138\"><strong data-start=\"8060\" data-end=\"8087\">Informacje o partii notatek:<\/strong> Rejestruj czysto\u015b\u0107, ilo\u015b\u0107 i warunki.<\/p>\n<\/li>\n<li data-start=\"8139\" data-end=\"8208\">\n<p data-start=\"8142\" data-end=\"8208\"><strong data-start=\"8142\" data-end=\"8179\">U\u017cyj skalibrowanego sprz\u0119tu:<\/strong> Do precyzyjnych pomiar\u00f3w.<\/p>\n<\/li>\n<li data-start=\"8209\" data-end=\"8301\">\n<p data-start=\"8212\" data-end=\"8301\"><strong data-start=\"8212\" data-end=\"8246\">Bezpieczna utylizacja odpad\u00f3w:<\/strong> Post\u0119puj zgodnie z wytycznymi bezpiecze\u0144stwa obowi\u0105zuj\u0105cymi w laboratorium.<\/p>\n<\/li>\n<\/ol>\n<blockquote data-start=\"8303\" data-end=\"8380\">\n<p data-start=\"8305\" data-end=\"8380\">\u2697\ufe0f <strong data-start=\"8308\" data-end=\"8380\">Tylko do test\u00f3w laboratoryjnych \u2013 nie do spo\u017cycia przez ludzi.<\/strong><\/p>\n<\/blockquote>\n<hr data-start=\"8382\" data-end=\"8385\" \/>\n<h3 data-start=\"8387\" data-end=\"8412\"><strong data-start=\"8391\" data-end=\"8412\">Instrukcje dotycz\u0105ce przechowywania<\/strong><\/h3>\n<ul data-start=\"8414\" data-end=\"8582\">\n<li data-start=\"8414\" data-end=\"8456\">\n<p data-start=\"8416\" data-end=\"8456\">Oszcz\u0119dzaj w <strong data-start=\"8427\" data-end=\"8436\">2\u20138\u00b0C<\/strong>, suche i ciemne.<\/p>\n<\/li>\n<li data-start=\"8457\" data-end=\"8493\">\n<p data-start=\"8459\" data-end=\"8493\">Przechowywa\u0107 pojemnik szczelnie zamkni\u0119ty.<\/p>\n<\/li>\n<li data-start=\"8494\" data-end=\"8539\">\n<p data-start=\"8496\" data-end=\"8539\">Chroni\u0107 przed <strong data-start=\"8511\" data-end=\"8536\">\u015bwiat\u0142o, ciep\u0142o i wilgo\u0107<\/strong>.<\/p>\n<\/li>\n<li data-start=\"8540\" data-end=\"8582\">\n<p data-start=\"8542\" data-end=\"8582\">Przechowywa\u0107 poza zasi\u0119giem os\u00f3b nieupowa\u017cnionych.<\/p>\n<\/li>\n<\/ul>\n<hr data-start=\"8584\" data-end=\"8587\" \/>\n<h3 data-start=\"8589\" data-end=\"8624\"><strong data-start=\"8593\" data-end=\"8624\">Cz\u0119sto zadawane pytania (FAQ)<\/strong><\/h3>\n<p data-start=\"8626\" data-end=\"8795\"><strong data-start=\"8626\" data-end=\"8679\">1. Do czego s\u0142u\u017cy szczawian NB-5-MeO-DALT?<\/strong><br data-start=\"8679\" data-end=\"8682\" \/>Dla <strong data-start=\"8687\" data-end=\"8735\">badania analityczne, chemiczne i kryminalistyczne<\/strong>, g\u0142\u00f3wnie skupiony na <strong data-start=\"8755\" data-end=\"8792\">zwi\u0105zki tryptaminy i indolu<\/strong>.<\/p>\n<p data-start=\"8797\" data-end=\"9005\"><strong data-start=\"8797\" data-end=\"8854\">2. Czy szczawian NB-5-MeO-DALT nadaje si\u0119 do spo\u017cycia?<\/strong><br data-start=\"8854\" data-end=\"8857\" \/>NIE. <strong data-start=\"8862\" data-end=\"8887\">NB-5-MeO-DALT szczawian<\/strong> Jest <strong data-start=\"8891\" data-end=\"8941\">przeznaczony wy\u0142\u0105cznie do bada\u0144 laboratoryjnych<\/strong> I <strong data-start=\"8945\" data-end=\"9002\">nie nadaje si\u0119 do spo\u017cycia przez ludzi i zwierz\u0119ta<\/strong>.<\/p>\n<p data-start=\"9007\" data-end=\"9165\"><strong data-start=\"9007\" data-end=\"9060\">3. Jak nale\u017cy przechowywa\u0107 szczawian NB-5-MeO-DALT?<\/strong><br data-start=\"9060\" data-end=\"9063\" \/>Oszcz\u0119dzaj na <strong data-start=\"9077\" data-end=\"9119\">ch\u0142odne, suche i ciemne miejsce (2\u20138\u00b0C)<\/strong> w <strong data-start=\"9126\" data-end=\"9162\">oryginalne, hermetyczne opakowanie<\/strong>.<\/p>\n<hr data-start=\"9167\" data-end=\"9170\" \/>\n<h3 data-start=\"9172\" data-end=\"9189\"><strong data-start=\"9176\" data-end=\"9189\">Wniosek<\/strong><\/h3>\n<p data-start=\"9191\" data-end=\"9456\"><strong data-start=\"9191\" data-end=\"9216\">NB-5-MeO-DALT szczawian<\/strong> jest <strong data-start=\"9224\" data-end=\"9255\">wysokiej jako\u015bci materia\u0142 badawczy<\/strong> z doskona\u0142ym <strong data-start=\"9272\" data-end=\"9322\">stabilno\u015b\u0107, czysto\u015b\u0107 i powtarzalno\u015b\u0107<\/strong>.<br data-start=\"9323\" data-end=\"9326\" \/>Jest to idealny wyb\u00f3r dla laboratori\u00f3w skupiaj\u0105cych si\u0119 na <strong data-start=\"9386\" data-end=\"9453\">analiza tryptaminy, badania indolu i zastosowania kryminalistyczne<\/strong>.<\/p>","protected":false},"excerpt":{"rendered":"<h3><span data-sheets-value=\"{\" data-sheets-userformat=\"{\"><span style=\"vertical-align: inherit;\"><span style=\"vertical-align: inherit;\">W\u0142a\u015bciwo\u015bci szczawianu NB-5-MeO-DALT<\/span><\/span><\/span><\/h3>\n<p><strong><span style=\"vertical-align: inherit;\"><span style=\"vertical-align: inherit;\">Synonim: tert-butyl 3-(2-(dialliloamino)etylo)-5-metoksy-1H-indolo-1-karboksylan szczawian <\/span><\/span><\/strong><br \/>\n<strong><span style=\"vertical-align: inherit;\"><span style=\"vertical-align: inherit;\">Numer CAS:<\/span><\/span><\/strong><span style=\"vertical-align: inherit;\"><span style=\"vertical-align: inherit;\"> nic <\/span><\/span><br \/>\n<strong><span style=\"vertical-align: inherit;\"><span style=\"vertical-align: inherit;\">Formu\u0142a:<\/span><\/span><\/strong><span style=\"vertical-align: inherit;\"><span style=\"vertical-align: inherit;\"> XX <\/span><\/span><br \/>\n<strong><span style=\"vertical-align: inherit;\"><span style=\"vertical-align: inherit;\">Masa molowa:<\/span><\/span><\/strong><span style=\"vertical-align: inherit;\"><span style=\"vertical-align: inherit;\"> xx <\/span><\/span><br \/>\n<strong><span style=\"vertical-align: inherit;\"><span style=\"vertical-align: inherit;\">Czysto\u015b\u0107:<\/span><\/span><\/strong><span style=\"vertical-align: inherit;\"><span style=\"vertical-align: inherit;\"> 98%&gt;<\/span><\/span><\/p>","protected":false},"featured_media":28567,"comment_status":"closed","ping_status":"closed","template":"","meta":[],"product_brand":[],"product_cat":[489,381],"product_tag":[452,1103],"class_list":{"0":"post-23915","1":"product","2":"type-product","3":"status-publish","4":"has-post-thumbnail","6":"product_cat-nb-5-meo-dalt","7":"product_cat-tryptamines","8":"product_tag-de","9":"product_tag-nb-5-meo-dalt-oxalate-2","11":"first","12":"instock","13":"taxable","14":"shipping-taxable","15":"purchasable","16":"product-type-variable"},"_links":{"self":[{"href":"https:\/\/researchchemicalhub.com\/pl\/wp-json\/wp\/v2\/product\/23915","targetHints":{"allow":["GET"]}}],"collection":[{"href":"https:\/\/researchchemicalhub.com\/pl\/wp-json\/wp\/v2\/product"}],"about":[{"href":"https:\/\/researchchemicalhub.com\/pl\/wp-json\/wp\/v2\/types\/product"}],"replies":[{"embeddable":true,"href":"https:\/\/researchchemicalhub.com\/pl\/wp-json\/wp\/v2\/comments?post=23915"}],"version-history":[{"count":6,"href":"https:\/\/researchchemicalhub.com\/pl\/wp-json\/wp\/v2\/product\/23915\/revisions"}],"predecessor-version":[{"id":27922,"href":"https:\/\/researchchemicalhub.com\/pl\/wp-json\/wp\/v2\/product\/23915\/revisions\/27922"}],"wp:featuredmedia":[{"embeddable":true,"href":"https:\/\/researchchemicalhub.com\/pl\/wp-json\/wp\/v2\/media\/28567"}],"wp:attachment":[{"href":"https:\/\/researchchemicalhub.com\/pl\/wp-json\/wp\/v2\/media?parent=23915"}],"wp:term":[{"taxonomy":"product_brand","embeddable":true,"href":"https:\/\/researchchemicalhub.com\/pl\/wp-json\/wp\/v2\/product_brand?post=23915"},{"taxonomy":"product_cat","embeddable":true,"href":"https:\/\/researchchemicalhub.com\/pl\/wp-json\/wp\/v2\/product_cat?post=23915"},{"taxonomy":"product_tag","embeddable":true,"href":"https:\/\/researchchemicalhub.com\/pl\/wp-json\/wp\/v2\/product_tag?post=23915"}],"curies":[{"name":"wp","href":"https:\/\/api.w.org\/{rel}","templated":true}]}}