{"id":23896,"date":"2025-04-13T17:40:39","date_gmt":"2025-04-13T17:40:39","guid":{"rendered":"https:\/\/researchchemicalhub.com\/?post_type=product&#038;p=23896"},"modified":"2025-10-30T07:56:46","modified_gmt":"2025-10-30T07:56:46","slug":"norflurazepam-10-mg-pellets","status":"publish","type":"product","link":"https:\/\/researchchemicalhub.com\/pl\/shop\/benzodiazepinen\/norflurazepam-10-mg-pellets\/","title":{"rendered":"Norflurazepam 10 MG Pellety"},"content":{"rendered":"<h3 data-start=\"6139\" data-end=\"6158\"><strong data-start=\"6143\" data-end=\"6158\">Wst\u0119p<\/strong><\/h3>\n<p data-start=\"6160\" data-end=\"6523\"><strong data-start=\"6160\" data-end=\"6190\">Granulki Norflurazepamu 10 mg<\/strong> Czy <strong data-start=\"6196\" data-end=\"6243\">substancje badawcze klasy analitycznej<\/strong>, opracowany dla <strong data-start=\"6261\" data-end=\"6315\">badania naukowe, kryminalistyczne i chemiczne<\/strong>. Granulki Norflurazepamu 10 mg<br data-start=\"6316\" data-end=\"6319\" \/>Znany r\u00f3wnie\u017c jako <strong data-start=\"6334\" data-end=\"6356\">Desalkylflurazepam<\/strong>, czy to po\u0142\u0105czenie nale\u017cy do <strong data-start=\"6389\" data-end=\"6413\">klasa benzodiazepin<\/strong> i to jest <strong data-start=\"6428\" data-end=\"6476\">metabolit r\u00f3\u017cnych benzodiazepin<\/strong>, pod kt\u00f3rym <strong data-start=\"6488\" data-end=\"6502\">Diklazepam<\/strong> I <strong data-start=\"6506\" data-end=\"6520\">Flurazepam<\/strong>.<\/p>\n<p data-start=\"6525\" data-end=\"6758\">Ka\u017cda peletka zawiera <strong data-start=\"6543\" data-end=\"6573\">10 miligram\u00f3w Norflurazepamu<\/strong> z gwarantowan\u0105 czysto\u015bci\u0105 <strong data-start=\"6611\" data-end=\"6619\">\u226599%<\/strong>, testowany pod <strong data-start=\"6634\" data-end=\"6668\">Dobra Praktyka Laboratoryjna (GLP)<\/strong>-standardy.<br data-start=\"6676\" data-end=\"6679\" \/>Idealny dla <strong data-start=\"6691\" data-end=\"6755\">badania chromatograficzne, spektroskopowe i toksykologiczne<\/strong>.<\/p>\n<blockquote data-start=\"6760\" data-end=\"6904\">\n<p data-start=\"6762\" data-end=\"6904\">\u26a0\ufe0f <strong data-start=\"6765\" data-end=\"6776\">UWAGA:<\/strong> Ten produkt jest <strong data-start=\"6792\" data-end=\"6842\">przeznaczony wy\u0142\u0105cznie do bada\u0144 laboratoryjnych<\/strong> I <strong data-start=\"6846\" data-end=\"6903\">nie nadaje si\u0119 do spo\u017cycia przez ludzi i zwierz\u0119ta<\/strong>.<\/p>\n<\/blockquote>\n<hr data-start=\"6906\" data-end=\"6909\" \/>\n<h3 data-start=\"6911\" data-end=\"6942\"><strong data-start=\"6915\" data-end=\"6942\">G\u0142\u00f3wne cechy<\/strong><\/h3>\n<ul data-start=\"6944\" data-end=\"7442\">\n<li data-start=\"6944\" data-end=\"7043\">\n<p data-start=\"6946\" data-end=\"7043\"><strong data-start=\"6946\" data-end=\"6978\">Wysoka czysto\u015b\u0107 analityczna:<\/strong> \u226599% przetestowano metod\u0105 analizy chromatograficznej i spektroskopowej.<\/p>\n<\/li>\n<li data-start=\"7044\" data-end=\"7110\">\n<p data-start=\"7046\" data-end=\"7110\"><strong data-start=\"7046\" data-end=\"7066\">Dok\u0142adne dawkowanie:<\/strong> Ka\u017cda peletka zawiera <strong data-start=\"7085\" data-end=\"7107\">10 mg Norflurazepamu<\/strong>.<\/p>\n<\/li>\n<li data-start=\"7111\" data-end=\"7186\">\n<p data-start=\"7113\" data-end=\"7186\"><strong data-start=\"7113\" data-end=\"7134\">Stabilny chemicznie:<\/strong> Odporne na degradacj\u0119 w odpowiednich warunkach przechowywania.<\/p>\n<\/li>\n<li data-start=\"7187\" data-end=\"7278\">\n<p data-start=\"7189\" data-end=\"7278\"><strong data-start=\"7189\" data-end=\"7207\">Produkcja GLP:<\/strong> Wyprodukowano pod \u015bcis\u0142ym nadzorem <strong data-start=\"7235\" data-end=\"7263\">Dobra Praktyka Laboratoryjna<\/strong>-wytyczne.<\/p>\n<\/li>\n<li data-start=\"7279\" data-end=\"7362\">\n<p data-start=\"7281\" data-end=\"7362\"><strong data-start=\"7281\" data-end=\"7298\">Przetestowano parti\u0119:<\/strong> Sprawdzamy to\u017csamo\u015b\u0107 i sp\u00f3jno\u015b\u0107 ka\u017cdej partii.<\/p>\n<\/li>\n<li data-start=\"7363\" data-end=\"7442\">\n<p data-start=\"7365\" data-end=\"7442\"><strong data-start=\"7365\" data-end=\"7388\">Bezpieczne opakowanie:<\/strong> Hermetyczne i uszczelnione, co zapewnia optymalny okres przydatno\u015bci do spo\u017cycia.<\/p>\n<\/li>\n<\/ul>\n<hr data-start=\"7444\" data-end=\"7447\" \/>\n<h3 data-start=\"7449\" data-end=\"7466\"><strong data-start=\"7453\" data-end=\"7466\">Zalety<\/strong><\/h3>\n<ol data-start=\"7468\" data-end=\"7886\">\n<li data-start=\"7468\" data-end=\"7555\">\n<p data-start=\"7471\" data-end=\"7555\"><strong data-start=\"7471\" data-end=\"7508\">Wiarygodne wyniki bada\u0144:<\/strong> Wysoka czysto\u015b\u0107 gwarantuje sp\u00f3jno\u015b\u0107 danych.<\/p>\n<\/li>\n<li data-start=\"7556\" data-end=\"7644\">\n<p data-start=\"7559\" data-end=\"7644\"><strong data-start=\"7559\" data-end=\"7586\">D\u0142ugoterminowa stabilno\u015b\u0107:<\/strong> Odporne na \u015bwiat\u0142o, wilgo\u0107 i zmiany temperatury.<\/p>\n<\/li>\n<li data-start=\"7645\" data-end=\"7717\">\n<p data-start=\"7648\" data-end=\"7717\"><strong data-start=\"7648\" data-end=\"7672\">Przyjazny dla u\u017cytkownika:<\/strong> Forma granulatu pozwala na \u0142atwe dozowanie.<\/p>\n<\/li>\n<li data-start=\"7718\" data-end=\"7805\">\n<p data-start=\"7721\" data-end=\"7805\"><strong data-start=\"7721\" data-end=\"7749\">Jako\u015b\u0107 profesjonalna:<\/strong> Nadaje si\u0119 do <strong data-start=\"7764\" data-end=\"7802\">badania kryminalistyczne i analityczne<\/strong>.<\/p>\n<\/li>\n<li data-start=\"7806\" data-end=\"7886\">\n<p data-start=\"7809\" data-end=\"7886\"><strong data-start=\"7809\" data-end=\"7840\">Normy mi\u0119dzynarodowe:<\/strong> Wyprodukowano zgodnie ze standardami bezpiecze\u0144stwa GLP.<\/p>\n<\/li>\n<\/ol>\n<hr data-start=\"7888\" data-end=\"7891\" \/>\n<h3 data-start=\"7893\" data-end=\"7932\"><strong data-start=\"7897\" data-end=\"7932\">U\u017cyj (tylko do cel\u00f3w badawczych)<\/strong><\/h3>\n<ol data-start=\"7934\" data-end=\"8347\">\n<li data-start=\"7934\" data-end=\"8026\">\n<p data-start=\"7937\" data-end=\"8026\"><strong data-start=\"7937\" data-end=\"7968\">No\u015b odzie\u017c ochronn\u0105:<\/strong> Wymagane jest noszenie r\u0119kawiczek, okular\u00f3w ochronnych i fartucha laboratoryjnego.<\/p>\n<\/li>\n<li data-start=\"8027\" data-end=\"8096\">\n<p data-start=\"8030\" data-end=\"8096\"><strong data-start=\"8030\" data-end=\"8067\">U\u017cyj skalibrowanego sprz\u0119tu:<\/strong> Do precyzyjnych pomiar\u00f3w.<\/p>\n<\/li>\n<li data-start=\"8097\" data-end=\"8167\">\n<p data-start=\"8100\" data-end=\"8167\"><strong data-start=\"8100\" data-end=\"8127\">Informacje o partii notatek:<\/strong> Rejestruj czysto\u015b\u0107 i ilo\u015b\u0107.<\/p>\n<\/li>\n<li data-start=\"8168\" data-end=\"8254\">\n<p data-start=\"8171\" data-end=\"8254\"><strong data-start=\"8171\" data-end=\"8211\">Praca w kontrolowanym \u015brodowisku:<\/strong> U\u017cywaj sterylnego sprz\u0119tu laboratoryjnego.<\/p>\n<\/li>\n<li data-start=\"8255\" data-end=\"8347\">\n<p data-start=\"8258\" data-end=\"8347\"><strong data-start=\"8258\" data-end=\"8292\">Bezpieczna utylizacja odpad\u00f3w:<\/strong> Post\u0119puj zgodnie z wytycznymi bezpiecze\u0144stwa obowi\u0105zuj\u0105cymi w laboratorium.<\/p>\n<\/li>\n<\/ol>\n<blockquote data-start=\"8349\" data-end=\"8434\">\n<p data-start=\"8351\" data-end=\"8434\">\u2697\ufe0f <strong data-start=\"8354\" data-end=\"8434\">Tylko do test\u00f3w laboratoryjnych \u2013 nie do spo\u017cycia przez ludzi.<\/strong><\/p>\n<\/blockquote>\n<hr data-start=\"8436\" data-end=\"8439\" \/>\n<h3 data-start=\"8441\" data-end=\"8466\"><strong data-start=\"8445\" data-end=\"8466\">Instrukcje dotycz\u0105ce przechowywania<\/strong><\/h3>\n<ul data-start=\"8468\" data-end=\"8636\">\n<li data-start=\"8468\" data-end=\"8510\">\n<p data-start=\"8470\" data-end=\"8510\">Oszcz\u0119dzaj w <strong data-start=\"8481\" data-end=\"8490\">2\u20138\u00b0C<\/strong>, suche i ciemne.<\/p>\n<\/li>\n<li data-start=\"8511\" data-end=\"8547\">\n<p data-start=\"8513\" data-end=\"8547\">Przechowywa\u0107 pojemnik szczelnie zamkni\u0119ty.<\/p>\n<\/li>\n<li data-start=\"8548\" data-end=\"8593\">\n<p data-start=\"8550\" data-end=\"8593\">Chroni\u0107 przed <strong data-start=\"8565\" data-end=\"8590\">\u015bwiat\u0142o, wilgo\u0107 i ciep\u0142o<\/strong>.<\/p>\n<\/li>\n<li data-start=\"8594\" data-end=\"8636\">\n<p data-start=\"8596\" data-end=\"8636\">Przechowywa\u0107 poza zasi\u0119giem os\u00f3b nieupowa\u017cnionych.<\/p>\n<\/li>\n<\/ul>\n<hr data-start=\"8638\" data-end=\"8641\" \/>\n<h3 data-start=\"8643\" data-end=\"8678\"><strong data-start=\"8647\" data-end=\"8678\">Cz\u0119sto zadawane pytania (FAQ)<\/strong><\/h3>\n<p data-start=\"8680\" data-end=\"8839\"><strong data-start=\"8680\" data-end=\"8725\">1. Do czego stosuje si\u0119 Norflurazepam?<\/strong><br data-start=\"8725\" data-end=\"8728\" \/>Dla <strong data-start=\"8733\" data-end=\"8771\">badania analityczne i kryminalistyczne<\/strong>, ze szczeg\u00f3lnym naciskiem na <strong data-start=\"8787\" data-end=\"8836\">analiza benzodiazepin i badanie metabolit\u00f3w<\/strong>. Granulki Norflurazepamu 10 mg<\/p>\n<p data-start=\"8841\" data-end=\"9059\"><strong data-start=\"8841\" data-end=\"8901\">2. Czy Norflurazepam nadaje si\u0119 do spo\u017cycia przez ludzi?<\/strong><br data-start=\"8901\" data-end=\"8904\" \/>NIE. <strong data-start=\"8909\" data-end=\"8939\">Granulki Norflurazepamu 10 mg<\/strong> Czy <strong data-start=\"8945\" data-end=\"8995\">przeznaczony wy\u0142\u0105cznie do bada\u0144 laboratoryjnych<\/strong> I <strong data-start=\"8999\" data-end=\"9056\">nie nadaje si\u0119 do spo\u017cycia przez ludzi i zwierz\u0119ta<\/strong>.<\/p>\n<p data-start=\"9061\" data-end=\"9211\"><strong data-start=\"9061\" data-end=\"9106\">3. Jak najlepiej przechowywa\u0107 Norflurazepam?<\/strong><br data-start=\"9106\" data-end=\"9109\" \/>Oszcz\u0119dzaj na <strong data-start=\"9123\" data-end=\"9165\">ch\u0142odne, suche i ciemne miejsce (2\u20138\u00b0C)<\/strong> w <strong data-start=\"9172\" data-end=\"9208\">oryginalne, hermetyczne opakowanie<\/strong>.<\/p>\n<hr data-start=\"9213\" data-end=\"9216\" \/>\n<h3 data-start=\"9218\" data-end=\"9235\"><strong data-start=\"9222\" data-end=\"9235\">Wniosek<\/strong><\/h3>\n<p data-start=\"9237\" data-end=\"9533\"><strong data-start=\"9237\" data-end=\"9267\">Granulki Norflurazepamu 10 mg<\/strong> oferta <strong data-start=\"9275\" data-end=\"9337\">doskona\u0142a czysto\u015b\u0107, stabilno\u015b\u0107 i powtarzalno\u015b\u0107<\/strong>, idealny dla <strong data-start=\"9351\" data-end=\"9399\">badania analityczne, chemiczne i kryminalistyczne<\/strong>.<br data-start=\"9400\" data-end=\"9403\" \/>Niezawodny wyb\u00f3r dla laboratori\u00f3w skupiaj\u0105cych si\u0119 na <strong data-start=\"9462\" data-end=\"9530\">analiza benzodiazepin, badania receptor\u00f3w i badania strukturalne<\/strong>.<\/p>","protected":false},"excerpt":{"rendered":"<h3><span data-sheets-value=\"{\" data-sheets-userformat=\"{\"><span dir=\"auto\" style=\"vertical-align: inherit;\"><span dir=\"auto\" style=\"vertical-align: inherit;\">W\u0142a\u015bciwo\u015bci norflurazepamu<\/span><\/span><\/span><\/h3>\n<p><strong><span dir=\"auto\" style=\"vertical-align: inherit;\"><span dir=\"auto\" style=\"vertical-align: inherit;\">Synonim:<\/span><\/span><\/strong><span dir=\"auto\" style=\"vertical-align: inherit;\"><span dir=\"auto\" style=\"vertical-align: inherit;\"> Norflurazepam <\/span><\/span><br \/>\n<strong><span dir=\"auto\" style=\"vertical-align: inherit;\"><span dir=\"auto\" style=\"vertical-align: inherit;\">Numer CAS:<\/span><\/span><\/strong><span dir=\"auto\" style=\"vertical-align: inherit;\"><span dir=\"auto\" style=\"vertical-align: inherit;\"> 2886-65-9 <\/span><\/span><br \/>\n<strong><span dir=\"auto\" style=\"vertical-align: inherit;\"><span dir=\"auto\" style=\"vertical-align: inherit;\">Formu\u0142a:<\/span><\/span><\/strong><span dir=\"auto\" style=\"vertical-align: inherit;\"><span dir=\"auto\" style=\"vertical-align: inherit;\"> 7-chloro-5-(2-fluorofenylo)-1,3-dihydro-2H-1,4-benzodiazepin-2-on <\/span><\/span><br \/>\n<strong><span dir=\"auto\" style=\"vertical-align: inherit;\"><span dir=\"auto\" style=\"vertical-align: inherit;\">Masa molowa:<\/span><\/span><\/strong><span dir=\"auto\" style=\"vertical-align: inherit;\"><span dir=\"auto\" style=\"vertical-align: inherit;\"> 299,3 g\/mol <\/span><\/span><br \/>\n<strong><span dir=\"auto\" style=\"vertical-align: inherit;\"><span dir=\"auto\" style=\"vertical-align: inherit;\">Czysto\u015b\u0107:<\/span><\/span><\/strong><span dir=\"auto\" style=\"vertical-align: inherit;\"><span dir=\"auto\" style=\"vertical-align: inherit;\"> &gt;97%<\/span><\/span><\/p>","protected":false},"featured_media":28578,"comment_status":"closed","ping_status":"closed","template":"","meta":[],"product_brand":[],"product_cat":[76,388,394,324,398],"product_tag":[326],"class_list":{"0":"post-23896","1":"product","2":"type-product","3":"status-publish","4":"has-post-thumbnail","6":"product_cat-benzodiazepinen","7":"product_cat-norflurazepam","8":"product_cat-norflurazepam-pellets","9":"product_cat-pellets-for-pellet","10":"product_cat-verkoop","11":"product_tag-nl","13":"first","14":"instock","15":"sale","16":"taxable","17":"shipping-taxable","18":"purchasable","19":"product-type-variable"},"_links":{"self":[{"href":"https:\/\/researchchemicalhub.com\/pl\/wp-json\/wp\/v2\/product\/23896","targetHints":{"allow":["GET"]}}],"collection":[{"href":"https:\/\/researchchemicalhub.com\/pl\/wp-json\/wp\/v2\/product"}],"about":[{"href":"https:\/\/researchchemicalhub.com\/pl\/wp-json\/wp\/v2\/types\/product"}],"replies":[{"embeddable":true,"href":"https:\/\/researchchemicalhub.com\/pl\/wp-json\/wp\/v2\/comments?post=23896"}],"version-history":[{"count":5,"href":"https:\/\/researchchemicalhub.com\/pl\/wp-json\/wp\/v2\/product\/23896\/revisions"}],"predecessor-version":[{"id":27924,"href":"https:\/\/researchchemicalhub.com\/pl\/wp-json\/wp\/v2\/product\/23896\/revisions\/27924"}],"wp:featuredmedia":[{"embeddable":true,"href":"https:\/\/researchchemicalhub.com\/pl\/wp-json\/wp\/v2\/media\/28578"}],"wp:attachment":[{"href":"https:\/\/researchchemicalhub.com\/pl\/wp-json\/wp\/v2\/media?parent=23896"}],"wp:term":[{"taxonomy":"product_brand","embeddable":true,"href":"https:\/\/researchchemicalhub.com\/pl\/wp-json\/wp\/v2\/product_brand?post=23896"},{"taxonomy":"product_cat","embeddable":true,"href":"https:\/\/researchchemicalhub.com\/pl\/wp-json\/wp\/v2\/product_cat?post=23896"},{"taxonomy":"product_tag","embeddable":true,"href":"https:\/\/researchchemicalhub.com\/pl\/wp-json\/wp\/v2\/product_tag?post=23896"}],"curies":[{"name":"wp","href":"https:\/\/api.w.org\/{rel}","templated":true}]}}