{"id":23869,"date":"2025-04-13T17:40:36","date_gmt":"2025-04-13T17:40:36","guid":{"rendered":"https:\/\/researchchemicalhub.com\/?post_type=product&#038;p=23869"},"modified":"2025-10-30T08:00:44","modified_gmt":"2025-10-30T08:00:44","slug":"kup-34-dmmc","status":"publish","type":"product","link":"https:\/\/researchchemicalhub.com\/pl\/sklep\/3\/kup-34-dmmc\/","title":{"rendered":"3,4-DMMC (3,4-dimetylometakatynon)"},"content":{"rendered":"<p data-start=\"4596\" data-end=\"4908\"><strong data-start=\"4596\" data-end=\"4636\">3,4-DMMC (3,4-dimetylometakatynon)<\/strong> jest <strong data-start=\"4644\" data-end=\"4679\">designerski zwi\u0105zek stymuluj\u0105cy<\/strong> w ramach klasy <strong data-start=\"4701\" data-end=\"4725\">zast\u0105pi\u0107 katynony<\/strong>.\u00a0<br data-start=\"4764\" data-end=\"4767\" \/>Substancj\u0119 t\u0119 wykryto po raz pierwszy oko\u0142o 2010 roku jako analog mefedronu i innych katynon\u00f3w. <span class=\"___SBox_epc1q-ko_ ___SText_zko9t-ko_\" data-ui-name=\"Link.Text\">Kup 34 dmmc<\/span><\/p>\n<p data-start=\"4910\" data-end=\"5190\">Jako substancja chemiczna do bada\u0144 3,4-DMMC jest stosowany w <strong data-start=\"4966\" data-end=\"5017\">badania analityczne, strukturalne i kryminalistyczne<\/strong> nowych substancji psychoaktywnych (NPS). S\u0142u\u017cy jako wzorzec odniesienia w laboratoriach badaj\u0105cych interakcje transporter\u00f3w, metabolity i identyfikacj\u0119 widmow\u0105.<\/p>\n<hr data-start=\"5192\" data-end=\"5195\" \/>\n<h3 data-start=\"5197\" data-end=\"5228\"><strong data-start=\"5201\" data-end=\"5228\">G\u0142\u00f3wne cechy<\/strong><\/h3>\n<ul data-start=\"5230\" data-end=\"6038\">\n<li data-start=\"5230\" data-end=\"5319\">\n<p data-start=\"5232\" data-end=\"5319\"><strong data-start=\"5232\" data-end=\"5264\">Wysoka czysto\u015b\u0107 analityczna:<\/strong> Zwykle czysto\u015b\u0107 \u2265 98\u201399% (zale\u017cnie od partii).<\/p>\n<\/li>\n<li data-start=\"5320\" data-end=\"5456\">\n<p data-start=\"5322\" data-end=\"5456\"><strong data-start=\"5322\" data-end=\"5346\">Strukturalnie analogiczne:<\/strong> Katynon z grupami metylowymi w pozycjach 3 i 4 pier\u015bcienia fenylowego.<\/p>\n<\/li>\n<li data-start=\"5457\" data-end=\"5650\">\n<p data-start=\"5459\" data-end=\"5650\"><strong data-start=\"5459\" data-end=\"5495\">Aktywno\u015b\u0107 transportera monoamin:<\/strong> Dzia\u0142a jako substrat\/inhibitor transporter\u00f3w serotoniny i noradrenaliny; mniejszy wp\u0142yw na wychwyt zwrotny dopaminy.<\/p>\n<\/li>\n<li data-start=\"5651\" data-end=\"5785\">\n<p data-start=\"5653\" data-end=\"5785\"><strong data-start=\"5653\" data-end=\"5689\">Solidne dane charakteryzacyjne:<\/strong> W pe\u0142ni scharakteryzowane poprzez GC\/MS, IR, NMR, UV\/vis.<\/p>\n<\/li>\n<li data-start=\"5786\" data-end=\"5946\">\n<p data-start=\"5788\" data-end=\"5946\"><strong data-start=\"5788\" data-end=\"5815\">Unikalny czas retencji GC:<\/strong> Mimo \u017ce profile IR\/UV przypominaj\u0105 mefedron, czasy retencji i fragmentacja s\u0105 r\u00f3\u017cne.<\/p>\n<\/li>\n<li data-start=\"5947\" data-end=\"6038\">\n<p data-start=\"5949\" data-end=\"6038\"><strong data-start=\"5949\" data-end=\"5979\">Stabilne przy prawid\u0142owym przechowywaniu:<\/strong> Zachowuje integralno\u015b\u0107, gdy jest prawid\u0142owo zakryty i chroniony.<\/p>\n<\/li>\n<\/ul>\n<hr data-start=\"6040\" data-end=\"6043\" \/>\n<h3 data-start=\"6045\" data-end=\"6062\"><strong data-start=\"6049\" data-end=\"6062\">Zalety<\/strong><\/h3>\n<ol data-start=\"6064\" data-end=\"6583\">\n<li data-start=\"6064\" data-end=\"6166\">\n<p data-start=\"6067\" data-end=\"6166\"><strong data-start=\"6067\" data-end=\"6098\">Wiarygodna substancja odniesienia:<\/strong> Stosowa\u0107 jako narz\u0119dzie kalibracyjne i por\u00f3wnawcze w laboratoriach kryminalistycznych.<\/p>\n<\/li>\n<li data-start=\"6167\" data-end=\"6262\">\n<p data-start=\"6170\" data-end=\"6262\"><strong data-start=\"6170\" data-end=\"6194\">Widmowe wyzwanie:<\/strong> S\u0142u\u017cy jako trudny analog do testowania selektywno\u015bci instrumentu.<\/p>\n<\/li>\n<li data-start=\"6263\" data-end=\"6359\">\n<p data-start=\"6266\" data-end=\"6359\"><strong data-start=\"6266\" data-end=\"6291\">Badania transporter\u00f3w:<\/strong> Cenny w badaniach farmakologicznych nad serotonin\u0105\/noradrenalin\u0105.<\/p>\n<\/li>\n<li data-start=\"6360\" data-end=\"6468\">\n<p data-start=\"6363\" data-end=\"6468\"><strong data-start=\"6363\" data-end=\"6387\">Badania metabolit\u00f3w:<\/strong> Pomaga w mapowaniu szlak\u00f3w metabolicznych w pr\u00f3bkach biologicznych.<\/p>\n<\/li>\n<li data-start=\"6469\" data-end=\"6583\">\n<p data-start=\"6472\" data-end=\"6583\"><strong data-start=\"6472\" data-end=\"6509\">Wspiera dochodzenia kryminalistyczne:<\/strong> U\u0142atwia budow\u0119 baz danych spektralnych dla nowych substancji.<\/p>\n<\/li>\n<\/ol>\n<hr data-start=\"6585\" data-end=\"6588\" \/>\n<h3 data-start=\"6590\" data-end=\"6650\"><strong data-start=\"6594\" data-end=\"6650\">Spos\u00f3b u\u017cycia (wy\u0142\u0105cznie do u\u017cytku laboratoryjnego)<\/strong><\/h3>\n<ol data-start=\"6652\" data-end=\"7071\">\n<li data-start=\"6652\" data-end=\"6737\">\n<p data-start=\"6655\" data-end=\"6737\"><strong data-start=\"6655\" data-end=\"6696\">No\u015b pe\u0142ny sprz\u0119t ochronny:<\/strong> r\u0119kawice, okulary ochronne, fartuch laboratoryjny.<\/p>\n<\/li>\n<li data-start=\"6738\" data-end=\"6819\">\n<p data-start=\"6741\" data-end=\"6819\"><strong data-start=\"6741\" data-end=\"6781\">Praca w kontrolowanym \u015brodowisku:<\/strong> np. wyci\u0105g laboratoryjny, czyste miejsce pracy.<\/p>\n<\/li>\n<li data-start=\"6820\" data-end=\"6896\">\n<p data-start=\"6823\" data-end=\"6896\"><strong data-start=\"6823\" data-end=\"6857\">U\u017cyj precyzyjnych instrument\u00f3w:<\/strong> wagi, pipety, spektrometry itp.<\/p>\n<\/li>\n<li data-start=\"6897\" data-end=\"6984\">\n<p data-start=\"6900\" data-end=\"6984\"><strong data-start=\"6900\" data-end=\"6932\">Przyk\u0142adowe dane dokumentu:<\/strong> numer partii, waga, czysto\u015b\u0107, warunki.<\/p>\n<\/li>\n<li data-start=\"6985\" data-end=\"7071\">\n<p data-start=\"6988\" data-end=\"7071\"><strong data-start=\"6988\" data-end=\"7018\">Bezpieczne usuwanie pozosta\u0142o\u015bci:<\/strong> zgodnie z protoko\u0142ami bezpiecze\u0144stwa obowi\u0105zuj\u0105cymi w Twojej instytucji.<\/p>\n<\/li>\n<\/ol>\n<blockquote data-start=\"7073\" data-end=\"7189\">\n<p data-start=\"7075\" data-end=\"7189\">\u2697\ufe0f <strong data-start=\"7078\" data-end=\"7189\">Wy\u0142\u0105cznie do cel\u00f3w bada\u0144 analitycznych\/naukowych \u2013 nie do spo\u017cycia przez ludzi lub zwierz\u0119ta.<\/strong><\/p>\n<\/blockquote>\n<hr data-start=\"7191\" data-end=\"7194\" \/>\n<h3 data-start=\"7196\" data-end=\"7221\"><strong data-start=\"7200\" data-end=\"7221\">Instrukcje dotycz\u0105ce przechowywania<\/strong><\/h3>\n<ul data-start=\"7223\" data-end=\"7494\">\n<li data-start=\"7223\" data-end=\"7283\">\n<p data-start=\"7225\" data-end=\"7283\">Oszcz\u0119dzaj w <strong data-start=\"7236\" data-end=\"7246\">2\u20138 \u00b0C<\/strong> w ch\u0142odnym, suchym i ciemnym miejscu.<\/p>\n<\/li>\n<li data-start=\"7284\" data-end=\"7370\">\n<p data-start=\"7286\" data-end=\"7370\">Chroni\u0107 przed wilgoci\u0105 i \u015bwiat\u0142em, stosuj\u0105c oboj\u0119tne, hermetyczne pojemniki (np. bursztynowe fiolki).<\/p>\n<\/li>\n<li data-start=\"7371\" data-end=\"7430\">\n<p data-start=\"7373\" data-end=\"7430\">Unika\u0107 d\u0142ugotrwa\u0142ego nara\u017cenia na dzia\u0142anie ciep\u0142a i \u015bwiat\u0142a.<\/p>\n<\/li>\n<li data-start=\"7431\" data-end=\"7494\">\n<p data-start=\"7433\" data-end=\"7494\">Dost\u0119pne wy\u0142\u0105cznie dla wykwalifikowanego personelu analitycznego. <span class=\"___SBox_epc1q-ko_ ___SText_zko9t-ko_\" data-ui-name=\"Link.Text\">Kup 34 dmmc<\/span><\/p>\n<\/li>\n<\/ul>\n<hr data-start=\"7496\" data-end=\"7499\" \/>\n<h3 data-start=\"7501\" data-end=\"7536\"><strong data-start=\"7505\" data-end=\"7536\">Cz\u0119sto zadawane pytania (FAQ)<\/strong><\/h3>\n<p data-start=\"7538\" data-end=\"7781\"><strong data-start=\"7538\" data-end=\"7587\">1. Jaki jest mechanizm dzia\u0142ania 3,4-DMMC?<\/strong><br data-start=\"7587\" data-end=\"7590\" \/>W warunkach in vitro dzia\u0142a jako substrat\/inhibitor transporter\u00f3w serotoniny i noradrenaliny, natomiast jego wp\u0142yw na wychwyt zwrotny dopaminy jest stosunkowo s\u0142abszy.<\/p>\n<p data-start=\"7783\" data-end=\"8013\"><strong data-start=\"7783\" data-end=\"7850\">2. Czy 3,4-DMMC mo\u017cna analitycznie odr\u00f3\u017cni\u0107 od mefedronu?<\/strong><br data-start=\"7850\" data-end=\"7853\" \/>Tak. Chocia\u017c profile IR\/UV mog\u0105 si\u0119 na siebie nak\u0142ada\u0107, czas retencji GC i fragmentacja masy maj\u0105 znaczenie.<\/p>\n<p data-start=\"8015\" data-end=\"8234\"><strong data-start=\"8015\" data-end=\"8058\">3. Czy 3,4-DMMC jest regulowany czy nielegalny?<\/strong><br data-start=\"8058\" data-end=\"8061\" \/>W wielu krajach 3,4-DMMC jest regulowany jako katynon modyfikowany genetycznie. W Stanach Zjednoczonych jest klasyfikowany jako substancja z Wykazu I jako izomer pozycyjny 4-MEC. <a href=\"https:\/\/researchchemicalhub.com\/pl\/sklep\/peletki\/1p-lsd-10-mcg-granulki-mikrodawka\/\">Mikrodawka 1P-LSD<\/a><\/p>","protected":false},"excerpt":{"rendered":"<h3><span style=\"vertical-align: inherit;\"><span style=\"vertical-align: inherit;\">3,4-DMMC jest substancj\u0105 pokrewn\u0105 3-MMC\/3-CMC<\/span><\/span><\/h3>\n<p><span style=\"vertical-align: inherit;\"><span style=\"vertical-align: inherit;\">3,4-DMMC \/3,4-Dimethylmethcathinone to substancja, kt\u00f3r\u0105 sprzedajemy wy\u0142\u0105cznie w celach badawczych i dlatego nie jest przeznaczona do spo\u017cycia. Substancja nale\u017cy do kategorii Cathinones. 3,4-DMMC jest dostarczany w postaci proszku i mo\u017ce by\u0107 badany do 2 lat, je\u015bli jest przechowywany w odpowiednim \u015brodowisku.<\/span><\/span><\/p>","protected":false},"featured_media":28394,"comment_status":"closed","ping_status":"closed","template":"","meta":[],"product_brand":[],"product_cat":[493,494,322,79],"product_tag":[1105,326],"class_list":{"0":"post-23869","1":"product","2":"type-product","3":"status-publish","4":"has-post-thumbnail","6":"product_cat-493","7":"product_cat-4-dmmc","8":"product_cat-bijna-verboden","9":"product_cat-cathinonen","10":"product_tag-34-dmmc-kopen","11":"product_tag-nl","13":"first","14":"instock","15":"taxable","16":"shipping-taxable","17":"purchasable","18":"product-type-variable"},"_links":{"self":[{"href":"https:\/\/researchchemicalhub.com\/pl\/wp-json\/wp\/v2\/product\/23869","targetHints":{"allow":["GET"]}}],"collection":[{"href":"https:\/\/researchchemicalhub.com\/pl\/wp-json\/wp\/v2\/product"}],"about":[{"href":"https:\/\/researchchemicalhub.com\/pl\/wp-json\/wp\/v2\/types\/product"}],"replies":[{"embeddable":true,"href":"https:\/\/researchchemicalhub.com\/pl\/wp-json\/wp\/v2\/comments?post=23869"}],"version-history":[{"count":5,"href":"https:\/\/researchchemicalhub.com\/pl\/wp-json\/wp\/v2\/product\/23869\/revisions"}],"predecessor-version":[{"id":27928,"href":"https:\/\/researchchemicalhub.com\/pl\/wp-json\/wp\/v2\/product\/23869\/revisions\/27928"}],"wp:featuredmedia":[{"embeddable":true,"href":"https:\/\/researchchemicalhub.com\/pl\/wp-json\/wp\/v2\/media\/28394"}],"wp:attachment":[{"href":"https:\/\/researchchemicalhub.com\/pl\/wp-json\/wp\/v2\/media?parent=23869"}],"wp:term":[{"taxonomy":"product_brand","embeddable":true,"href":"https:\/\/researchchemicalhub.com\/pl\/wp-json\/wp\/v2\/product_brand?post=23869"},{"taxonomy":"product_cat","embeddable":true,"href":"https:\/\/researchchemicalhub.com\/pl\/wp-json\/wp\/v2\/product_cat?post=23869"},{"taxonomy":"product_tag","embeddable":true,"href":"https:\/\/researchchemicalhub.com\/pl\/wp-json\/wp\/v2\/product_tag?post=23869"}],"curies":[{"name":"wp","href":"https:\/\/api.w.org\/{rel}","templated":true}]}}