{"id":23813,"date":"2025-04-13T17:40:27","date_gmt":"2025-04-13T17:40:27","guid":{"rendered":"https:\/\/researchchemicalhub.com\/?post_type=product&#038;p=23813"},"modified":"2025-10-30T08:13:43","modified_gmt":"2025-10-30T08:13:43","slug":"4c-mar-4-chlorine-4-methylaminorex","status":"publish","type":"product","link":"https:\/\/researchchemicalhub.com\/pl\/shop\/aminorex\/4c-mar-4-chlorine-4-methylaminorex\/","title":{"rendered":"4C-MAR (4-chloreks-4-metyloaminoreks)"},"content":{"rendered":"<p data-start=\"4910\" data-end=\"5181\"><strong data-start=\"4910\" data-end=\"4948\">4C-MAR (4-chloro-4-metyloaminoreks)<\/strong> jest <strong data-start=\"4956\" data-end=\"4989\">syntetyczna pochodna aminoreksu<\/strong> kt\u00f3ry nale\u017cy do <strong data-start=\"5009\" data-end=\"5046\">klasa zwi\u0105zk\u00f3w oksazolinowych<\/strong>Jest to badane w <strong data-start=\"5076\" data-end=\"5113\">chemia kryminalistyczna i analityczna<\/strong> ze wzgl\u0119du na podobie\u0144stwo strukturalne do innych analog\u00f3w aminoreksu. 4c Mar<\/p>\n<p data-start=\"5183\" data-end=\"5453\">4C-MAR jest u\u017cywany tylko jako <strong data-start=\"5221\" data-end=\"5239\">substancja odniesienia<\/strong> I <strong data-start=\"5243\" data-end=\"5267\">materia\u0142 analityczny<\/strong> do cel\u00f3w naukowych. To jest <strong data-start=\"5310\" data-end=\"5367\">nie nadaje si\u0119 do spo\u017cycia przez ludzi i zwierz\u0119ta<\/strong> i powinny by\u0107 obs\u0142ugiwane wy\u0142\u0105cznie przez wykwalifikowany personel w akredytowanych laboratoriach.<\/p>\n<hr data-start=\"5455\" data-end=\"5458\" \/>\n<h3 data-start=\"5460\" data-end=\"5491\"><strong data-start=\"5464\" data-end=\"5491\">G\u0142\u00f3wne cechy<\/strong><\/h3>\n<ul data-start=\"5493\" data-end=\"6020\">\n<li data-start=\"5493\" data-end=\"5606\">\n<p data-start=\"5495\" data-end=\"5606\"><strong data-start=\"5495\" data-end=\"5515\">Wysoka czysto\u015b\u0107:<\/strong> Wyprodukowano pod \u015bcis\u0142\u0105 kontrol\u0105 jako\u015bci w celu uzyskania powtarzalnych wynik\u00f3w bada\u0144.<\/p>\n<\/li>\n<li data-start=\"5607\" data-end=\"5720\">\n<p data-start=\"5609\" data-end=\"5720\"><strong data-start=\"5609\" data-end=\"5642\">Warto\u015b\u0107 bada\u0144 strukturalnych:<\/strong> Nadaje si\u0119 do bada\u0144 analog\u00f3w aminoreks\u00f3w i ich w\u0142a\u015bciwo\u015bci spektralnych.<\/p>\n<\/li>\n<li data-start=\"5721\" data-end=\"5814\">\n<p data-start=\"5723\" data-end=\"5814\"><strong data-start=\"5723\" data-end=\"5762\">Certyfikowany materia\u0142 odniesienia:<\/strong> Dostarczane ze szczeg\u00f3\u0142owymi certyfikatami analizy dla ka\u017cdej partii.<\/p>\n<\/li>\n<li data-start=\"5815\" data-end=\"5911\">\n<p data-start=\"5817\" data-end=\"5911\"><strong data-start=\"5817\" data-end=\"5849\">Zgodno\u015b\u0107 analityczna:<\/strong> Nadaje si\u0119 do stosowania z <strong data-start=\"5876\" data-end=\"5885\">GC-MS<\/strong>, <strong data-start=\"5887\" data-end=\"5896\">LC-MS<\/strong> I <strong data-start=\"5900\" data-end=\"5908\">chromatografia cieczowa<\/strong>.<\/p>\n<\/li>\n<li data-start=\"5912\" data-end=\"6020\">\n<p data-start=\"5914\" data-end=\"6020\"><strong data-start=\"5914\" data-end=\"5941\">Sk\u0142ad stabilny:<\/strong> Zaprojektowane do d\u0142ugotrwa\u0142ego przechowywania w standardowych warunkach laboratoryjnych.<\/p>\n<\/li>\n<\/ul>\n<hr data-start=\"6022\" data-end=\"6025\" \/>\n<h3 data-start=\"6027\" data-end=\"6044\"><strong data-start=\"6031\" data-end=\"6044\">Zalety<\/strong><\/h3>\n<ul data-start=\"6046\" data-end=\"6551\">\n<li data-start=\"6046\" data-end=\"6180\">\n<p data-start=\"6048\" data-end=\"6180\"><strong data-start=\"6048\" data-end=\"6085\">Wspiera badania analityczne:<\/strong> Pomaga w opracowaniu metod wykrywania i ilo\u015bciowego oznaczania zwi\u0105zk\u00f3w aminoreksowych.<\/p>\n<\/li>\n<li data-start=\"6181\" data-end=\"6276\">\n<p data-start=\"6183\" data-end=\"6276\"><strong data-start=\"6183\" data-end=\"6205\">Znaczenie kryminalistyczne:<\/strong> Stosowany przy identyfikacji nowych substancji syntetycznych.<\/p>\n<\/li>\n<li data-start=\"6277\" data-end=\"6352\">\n<p data-start=\"6279\" data-end=\"6352\"><strong data-start=\"6279\" data-end=\"6306\">Niezawodne wyniki:<\/strong> Wysoka czysto\u015b\u0107 zmniejsza odchylenia pomiarowe.<\/p>\n<\/li>\n<li data-start=\"6353\" data-end=\"6455\">\n<p data-start=\"6355\" data-end=\"6455\"><strong data-start=\"6355\" data-end=\"6393\">Kompatybilny z nowoczesnym sprz\u0119tem:<\/strong> Niezawodna wydajno\u015b\u0107 w chromatografii i spektrometrii.<\/p>\n<\/li>\n<li data-start=\"6456\" data-end=\"6551\">\n<p data-start=\"6458\" data-end=\"6551\"><strong data-start=\"6458\" data-end=\"6484\">Zastosowanie edukacyjne:<\/strong> Nadaje si\u0119 do projekt\u00f3w badawczych o charakterze akademickim i toksykologicznym. 4c Mar<\/p>\n<\/li>\n<\/ul>\n<hr data-start=\"6553\" data-end=\"6556\" \/>\n<h3 data-start=\"6558\" data-end=\"6619\"><strong data-start=\"6562\" data-end=\"6619\">Instrukcja u\u017cytkowania (wy\u0142\u0105cznie do cel\u00f3w badawczych)<\/strong><\/h3>\n<ol data-start=\"6621\" data-end=\"7012\">\n<li data-start=\"6621\" data-end=\"6720\">\n<p data-start=\"6624\" data-end=\"6720\"><strong data-start=\"6624\" data-end=\"6638\">Obs\u0142ugiwanie:<\/strong> Do stosowania wy\u0142\u0105cznie w zatwierdzonych laboratoriach wyposa\u017conych w odpowiedni sprz\u0119t bezpiecze\u0144stwa.<\/p>\n<\/li>\n<li data-start=\"6721\" data-end=\"6807\">\n<p data-start=\"6724\" data-end=\"6807\"><strong data-start=\"6724\" data-end=\"6742\">Przygotowanie:<\/strong> Przygotowa\u0107 lub rozcie\u0144czy\u0107 zgodnie z ustalonymi protoko\u0142ami analitycznymi.<\/p>\n<\/li>\n<li data-start=\"6808\" data-end=\"6923\">\n<p data-start=\"6811\" data-end=\"6923\"><strong data-start=\"6811\" data-end=\"6822\">Sk\u0142adowanie:<\/strong> Oszcz\u0119dzaj na <strong data-start=\"6837\" data-end=\"6869\">ch\u0142odne, suche i ciemne miejsce<\/strong>, szczelnie zamkni\u0119te w opakowaniu odpornym na dzia\u0142anie chemikali\u00f3w.<\/p>\n<\/li>\n<li data-start=\"6924\" data-end=\"7012\">\n<p data-start=\"6927\" data-end=\"7012\"><strong data-start=\"6927\" data-end=\"6938\">Sprzeda\u017c:<\/strong> Pozosta\u0142o\u015bci nale\u017cy utylizowa\u0107 zgodnie z lokalnymi i \u015brodowiskowymi przepisami dotycz\u0105cymi odpad\u00f3w chemicznych.<\/p>\n<\/li>\n<\/ol>\n<hr data-start=\"7014\" data-end=\"7017\" \/>\n<h3 data-start=\"7019\" data-end=\"7053\"><strong data-start=\"7023\" data-end=\"7053\">Bezpiecze\u0144stwo i zgodno\u015b\u0107<\/strong><\/h3>\n<ul data-start=\"7055\" data-end=\"7490\">\n<li data-start=\"7055\" data-end=\"7150\">\n<p data-start=\"7057\" data-end=\"7150\"><strong data-start=\"7057\" data-end=\"7093\">Tylko do u\u017cytku laboratoryjnego:<\/strong> Nie nadaje si\u0119 do spo\u017cycia przez ludzi i zwierz\u0119ta.<\/p>\n<\/li>\n<li data-start=\"7151\" data-end=\"7261\">\n<p data-start=\"7153\" data-end=\"7261\"><strong data-start=\"7153\" data-end=\"7181\">Rozwa\u017cania prawne:<\/strong> Przed zakupem lub u\u017cyciem 4C-MAR nale\u017cy zawsze sprawdzi\u0107 lokalne przepisy.<\/p>\n<\/li>\n<li data-start=\"7262\" data-end=\"7365\">\n<p data-start=\"7264\" data-end=\"7365\"><strong data-start=\"7264\" data-end=\"7282\">Bezpieczna praca:<\/strong> Unikaj kontaktu ze sk\u00f3r\u0105 i oczami i zawsze no\u015b \u015brodki ochrony osobistej.<\/p>\n<\/li>\n<li data-start=\"7366\" data-end=\"7490\">\n<p data-start=\"7368\" data-end=\"7490\"><strong data-start=\"7368\" data-end=\"7385\">Dokumentacja:<\/strong> A <strong data-start=\"7390\" data-end=\"7426\">karta charakterystyki (MSDS)<\/strong> I <strong data-start=\"7430\" data-end=\"7458\">certyfikat analizy (COA)<\/strong> s\u0105 dost\u0119pne na \u017cyczenie.<\/p>\n<\/li>\n<\/ul>\n<hr data-start=\"7492\" data-end=\"7495\" \/>\n<h3 data-start=\"7497\" data-end=\"7532\"><strong data-start=\"7501\" data-end=\"7532\">Cz\u0119sto zadawane pytania (FAQ)<\/strong><\/h3>\n<p data-start=\"7534\" data-end=\"7684\"><strong data-start=\"7534\" data-end=\"7572\">1. Do czego s\u0142u\u017cy 4C-MAR?<\/strong><br data-start=\"7572\" data-end=\"7575\" \/>4C-MAR jest u\u017cywany jako <strong data-start=\"7601\" data-end=\"7619\">substancja odniesienia<\/strong> do bada\u0144 analitycznych i kryminalistycznych analog\u00f3w aminoreksu.<\/p>\n<p data-start=\"7686\" data-end=\"7879\"><strong data-start=\"7686\" data-end=\"7737\">2. Czy 4C-MAR jest bezpieczny do spo\u017cycia przez ludzi?<\/strong><br data-start=\"7737\" data-end=\"7740\" \/>Nie. Ten produkt jest <strong data-start=\"7760\" data-end=\"7815\">przeznaczone wy\u0142\u0105cznie do bada\u0144 naukowych<\/strong> I <strong data-start=\"7819\" data-end=\"7876\">nie nadaje si\u0119 do spo\u017cycia przez ludzi i zwierz\u0119ta<\/strong>.<\/p>\n<p data-start=\"7881\" data-end=\"8030\"><strong data-start=\"7881\" data-end=\"7922\">3. Jak nale\u017cy przechowywa\u0107 preparat 4C-MAR?<\/strong><br data-start=\"7922\" data-end=\"7925\" \/>Oszcz\u0119dzaj na <strong data-start=\"7939\" data-end=\"7973\">ch\u0142odne, suche i ciemne miejsce<\/strong>, prawid\u0142owo zamkni\u0119te i poza zasi\u0119giem os\u00f3b nieupowa\u017cnionych.<\/p>","protected":false},"excerpt":{"rendered":"<h2><span style=\"vertical-align: inherit;\"><span style=\"vertical-align: inherit;\">4C-MAR \/ <\/span><\/span><b><span style=\"vertical-align: inherit;\"><span style=\"vertical-align: inherit;\">4\u2032-Chlor-4-metyloaminoreks<\/span><\/span><\/b><span style=\"vertical-align: inherit;\"><span style=\"vertical-align: inherit;\"> W\u0142a\u015bciwo\u015bci<\/span><\/span><\/h2>\n<p><strong><span style=\"vertical-align: inherit;\"><span style=\"vertical-align: inherit;\">Numer CAS<\/span><\/span><\/strong><span style=\"vertical-align: inherit;\"><span style=\"vertical-align: inherit;\"> : N\/A <\/span><\/span><br \/>\n<strong><span style=\"vertical-align: inherit;\"><span style=\"vertical-align: inherit;\">Formu\u0142a<\/span><\/span><\/strong><span style=\"vertical-align: inherit;\"><span style=\"vertical-align: inherit;\"> : <\/span><\/span><span title=\"W\u0119giel\"><span style=\"vertical-align: inherit;\"><span style=\"vertical-align: inherit;\">C <\/span><\/span><\/span><sub><span style=\"vertical-align: inherit;\"><span style=\"vertical-align: inherit;\">10 <\/span><\/span><\/sub><span title=\"Wod\u00f3r\"><span style=\"vertical-align: inherit;\"><span style=\"vertical-align: inherit;\">H <\/span><\/span><\/span><sub><span style=\"vertical-align: inherit;\"><span style=\"vertical-align: inherit;\">11 <\/span><\/span><\/sub><span title=\"Fluor\"><span style=\"vertical-align: inherit;\"><span style=\"vertical-align: inherit;\">F <\/span><\/span><\/span><span title=\"Azot\"><span style=\"vertical-align: inherit;\"><span style=\"vertical-align: inherit;\">N <\/span><\/span><\/span><sub><span style=\"vertical-align: inherit;\"><span style=\"vertical-align: inherit;\">2 <\/span><\/span><\/sub><span title=\"Tlen\"><span style=\"vertical-align: inherit;\"><span style=\"vertical-align: inherit;\">O <\/span><\/span><\/span><br \/>\n<strong><span style=\"vertical-align: inherit;\"><span style=\"vertical-align: inherit;\">Masa molowa<\/span><\/span><\/strong><span style=\"vertical-align: inherit;\"><span style=\"vertical-align: inherit;\"> : <\/span><\/span><span class=\"nowrap\"><span style=\"vertical-align: inherit;\"><span style=\"vertical-align: inherit;\">195.039<\/span><\/span><\/span><span style=\"vertical-align: inherit;\"><span style=\"vertical-align: inherit;\"> g mol <\/span><\/span><br \/>\n<strong><span style=\"vertical-align: inherit;\"><span style=\"vertical-align: inherit;\">Czysto\u015b\u0107<\/span><\/span><\/strong><span style=\"vertical-align: inherit;\"><span style=\"vertical-align: inherit;\"> : \u226598%<\/span><\/span><\/p>","protected":false},"featured_media":28430,"comment_status":"closed","ping_status":"closed","template":"","meta":[],"product_brand":[],"product_cat":[552],"product_tag":[1108,1109,326],"class_list":{"0":"post-23813","1":"product","2":"type-product","3":"status-publish","4":"has-post-thumbnail","6":"product_cat-aminorex","7":"product_tag-4c-mar","8":"product_tag-4c-mar-kopen","9":"product_tag-nl","11":"first","12":"instock","13":"taxable","14":"shipping-taxable","15":"purchasable","16":"product-type-variable"},"_links":{"self":[{"href":"https:\/\/researchchemicalhub.com\/pl\/wp-json\/wp\/v2\/product\/23813","targetHints":{"allow":["GET"]}}],"collection":[{"href":"https:\/\/researchchemicalhub.com\/pl\/wp-json\/wp\/v2\/product"}],"about":[{"href":"https:\/\/researchchemicalhub.com\/pl\/wp-json\/wp\/v2\/types\/product"}],"replies":[{"embeddable":true,"href":"https:\/\/researchchemicalhub.com\/pl\/wp-json\/wp\/v2\/comments?post=23813"}],"version-history":[{"count":5,"href":"https:\/\/researchchemicalhub.com\/pl\/wp-json\/wp\/v2\/product\/23813\/revisions"}],"predecessor-version":[{"id":27949,"href":"https:\/\/researchchemicalhub.com\/pl\/wp-json\/wp\/v2\/product\/23813\/revisions\/27949"}],"wp:featuredmedia":[{"embeddable":true,"href":"https:\/\/researchchemicalhub.com\/pl\/wp-json\/wp\/v2\/media\/28430"}],"wp:attachment":[{"href":"https:\/\/researchchemicalhub.com\/pl\/wp-json\/wp\/v2\/media?parent=23813"}],"wp:term":[{"taxonomy":"product_brand","embeddable":true,"href":"https:\/\/researchchemicalhub.com\/pl\/wp-json\/wp\/v2\/product_brand?post=23813"},{"taxonomy":"product_cat","embeddable":true,"href":"https:\/\/researchchemicalhub.com\/pl\/wp-json\/wp\/v2\/product_cat?post=23813"},{"taxonomy":"product_tag","embeddable":true,"href":"https:\/\/researchchemicalhub.com\/pl\/wp-json\/wp\/v2\/product_tag?post=23813"}],"curies":[{"name":"wp","href":"https:\/\/api.w.org\/{rel}","templated":true}]}}