{"id":23796,"date":"2025-04-13T17:40:27","date_gmt":"2025-04-13T17:40:27","guid":{"rendered":"https:\/\/researchchemicalhub.com\/?post_type=product&#038;p=23796"},"modified":"2025-10-30T08:16:06","modified_gmt":"2025-10-30T08:16:06","slug":"pyrazolam-3-mg-granulki","status":"publish","type":"product","link":"https:\/\/researchchemicalhub.com\/pl\/sklep\/benzodiazepiny\/pyrazolam-3-mg-granulki\/","title":{"rendered":"Pyrazolam 3 MG Pellety"},"content":{"rendered":"<p data-start=\"4849\" data-end=\"5106\"><strong data-start=\"4849\" data-end=\"4862\">Pirazolam<\/strong> jest <strong data-start=\"4870\" data-end=\"4897\">pochodna benzodiazepiny<\/strong> kt\u00f3ry jest u\u017cywany do <strong data-start=\"4922\" data-end=\"4978\">badania naukowe, analityczne i kryminalistyczne<\/strong>W formie peletu s\u0142u\u017cy jako <strong data-start=\"5012\" data-end=\"5051\">precyzyjnie zmierzona substancja odniesienia<\/strong> do kalibracji laboratoryjnej i identyfikacji zwi\u0105zk\u00f3w. pirazolam<\/p>\n<p data-start=\"5108\" data-end=\"5428\">Ten <strong data-start=\"5111\" data-end=\"5137\">Peletki Pyrazolam 3 mg<\/strong> s\u0105 przeznaczone wy\u0142\u0105cznie do <strong data-start=\"5168\" data-end=\"5209\">badania i zastosowania analityczne<\/strong>Oni s\u0105 <strong data-start=\"5219\" data-end=\"5276\">nie nadaje si\u0119 do spo\u017cycia przez ludzi i zwierz\u0119ta<\/strong>Laboratoria wykorzystuj\u0105 te granulki do badania analog\u00f3w benzodiazepin, opracowywania metod wykrywania i przeprowadzania analiz toksykologicznych.<\/p>\n<hr data-start=\"5430\" data-end=\"5433\" \/>\n<h3 data-start=\"5435\" data-end=\"5466\"><strong data-start=\"5439\" data-end=\"5466\">G\u0142\u00f3wne cechy<\/strong><\/h3>\n<ul data-start=\"5468\" data-end=\"5962\">\n<li data-start=\"5468\" data-end=\"5569\">\n<p data-start=\"5470\" data-end=\"5569\"><strong data-start=\"5470\" data-end=\"5495\">Dok\u0142adne dawkowanie:<\/strong> Ka\u017cda tabletka zawiera 3 mg pyrazolamu, co pozwala na uzyskanie sp\u00f3jnych wynik\u00f3w bada\u0144.<\/p>\n<\/li>\n<li data-start=\"5570\" data-end=\"5663\">\n<p data-start=\"5572\" data-end=\"5663\"><strong data-start=\"5572\" data-end=\"5592\">Wysoka czysto\u015b\u0107:<\/strong> Wyprodukowano pod \u015bcis\u0142\u0105 kontrol\u0105 jako\u015bci w celu zapewnienia wiarygodno\u015bci danych.<\/p>\n<\/li>\n<li data-start=\"5664\" data-end=\"5763\">\n<p data-start=\"5666\" data-end=\"5763\"><strong data-start=\"5666\" data-end=\"5690\">Norma odniesienia:<\/strong> Nadaje si\u0119 do zastosowa\u0144 analitycznych, toksykologicznych i kryminalistycznych.<\/p>\n<\/li>\n<li data-start=\"5764\" data-end=\"5868\">\n<p data-start=\"5766\" data-end=\"5868\"><strong data-start=\"5766\" data-end=\"5790\">Stabilny kszta\u0142t peletu:<\/strong> \u0141atwe do przechowywania, transportu i obs\u0142ugi bez utraty jako\u015bci.<\/p>\n<\/li>\n<li data-start=\"5869\" data-end=\"5962\">\n<p data-start=\"5871\" data-end=\"5962\"><strong data-start=\"5871\" data-end=\"5888\">Dokumentacja:<\/strong> Dostarczany z <strong data-start=\"5906\" data-end=\"5934\">certyfikat analizy (COA)<\/strong> i deklaracj\u0119 czysto\u015bci.<\/p>\n<\/li>\n<\/ul>\n<hr data-start=\"5964\" data-end=\"5967\" \/>\n<h3 data-start=\"5969\" data-end=\"5986\"><strong data-start=\"5973\" data-end=\"5986\">Zalety<\/strong><\/h3>\n<ul data-start=\"5988\" data-end=\"6467\">\n<li data-start=\"5988\" data-end=\"6105\">\n<p data-start=\"5990\" data-end=\"6105\"><strong data-start=\"5990\" data-end=\"6026\">Zwi\u0119kszona dok\u0142adno\u015b\u0107 analitu:<\/strong> Wspomaga kalibracj\u0119 sprz\u0119tu chromatograficznego i spektrometrycznego.<\/p>\n<\/li>\n<li data-start=\"6106\" data-end=\"6203\">\n<p data-start=\"6108\" data-end=\"6203\"><strong data-start=\"6108\" data-end=\"6134\">Zastosowanie w kryminalistyce:<\/strong> Stosowany do wykrywania benzodiazepin w dochodzeniach kryminalistycznych.<\/p>\n<\/li>\n<li data-start=\"6204\" data-end=\"6292\">\n<p data-start=\"6206\" data-end=\"6292\"><strong data-start=\"6206\" data-end=\"6228\">Warto\u015b\u0107 edukacyjna:<\/strong> Nadaje si\u0119 do program\u00f3w szkoleniowych z chemii i toksykologii.<\/p>\n<\/li>\n<li data-start=\"6293\" data-end=\"6376\">\n<p data-start=\"6295\" data-end=\"6376\"><strong data-start=\"6295\" data-end=\"6326\">Powtarzalne wyniki:<\/strong> Forma granulatu minimalizuje r\u00f3\u017cnice pomi\u0119dzy testami.<\/p>\n<\/li>\n<li data-start=\"6377\" data-end=\"6467\">\n<p data-start=\"6379\" data-end=\"6467\"><strong data-start=\"6379\" data-end=\"6410\">Bezpieczne u\u017cytkowanie laboratorium:<\/strong> Wyprodukowano zgodnie z mi\u0119dzynarodowymi normami bezpiecze\u0144stwa.<\/p>\n<\/li>\n<\/ul>\n<hr data-start=\"6469\" data-end=\"6472\" \/>\n<h3 data-start=\"6474\" data-end=\"6535\"><strong data-start=\"6478\" data-end=\"6535\">Instrukcja u\u017cytkowania (wy\u0142\u0105cznie do cel\u00f3w badawczych)<\/strong><\/h3>\n<ol data-start=\"6537\" data-end=\"6883\">\n<li data-start=\"6537\" data-end=\"6639\">\n<p data-start=\"6540\" data-end=\"6639\"><strong data-start=\"6540\" data-end=\"6558\">Przygotowanie:<\/strong> Stosowa\u0107 wy\u0142\u0105cznie w akredytowanych laboratoriach, stosuj\u0105c odpowiedni sprz\u0119t ochronny.<\/p>\n<\/li>\n<li data-start=\"6640\" data-end=\"6732\">\n<p data-start=\"6643\" data-end=\"6732\"><strong data-start=\"6643\" data-end=\"6658\">Aplikacja:<\/strong> Stosowa\u0107 zgodnie ze sprawdzonymi metodami analitycznymi lub chromatograficznymi.<\/p>\n<\/li>\n<li data-start=\"6733\" data-end=\"6796\">\n<p data-start=\"6736\" data-end=\"6796\"><strong data-start=\"6736\" data-end=\"6747\">Sk\u0142adowanie:<\/strong> Przechowywa\u0107 w ch\u0142odnym, suchym i ciemnym miejscu, szczelnie zamkni\u0119te.<\/p>\n<\/li>\n<li data-start=\"6797\" data-end=\"6883\">\n<p data-start=\"6800\" data-end=\"6883\"><strong data-start=\"6800\" data-end=\"6811\">Sprzeda\u017c:<\/strong> Pozosta\u0142o\u015bci nale\u017cy utylizowa\u0107 zgodnie z lokalnymi przepisami dotycz\u0105cymi odpad\u00f3w chemicznych.<\/p>\n<\/li>\n<\/ol>\n<hr data-start=\"6885\" data-end=\"6888\" \/>\n<h3 data-start=\"6890\" data-end=\"6924\"><strong data-start=\"6894\" data-end=\"6924\">Bezpiecze\u0144stwo i zgodno\u015b\u0107<\/strong><\/h3>\n<ul data-start=\"6926\" data-end=\"7348\">\n<li data-start=\"6926\" data-end=\"7022\">\n<p data-start=\"6928\" data-end=\"7022\"><strong data-start=\"6928\" data-end=\"6966\">Tylko do bada\u0144 laboratoryjnych:<\/strong> Produkt nie jest przeznaczony do spo\u017cycia przez ludzi i zwierz\u0119ta.<\/p>\n<\/li>\n<li data-start=\"7023\" data-end=\"7150\">\n<p data-start=\"7025\" data-end=\"7150\"><strong data-start=\"7025\" data-end=\"7053\">Rozwa\u017cania prawne:<\/strong> Status prawny pyrazolamu r\u00f3\u017cni si\u0119 w zale\u017cno\u015bci od kraju. Zawsze sprawdzaj lokalne przepisy.<\/p>\n<\/li>\n<li data-start=\"7151\" data-end=\"7257\">\n<p data-start=\"7153\" data-end=\"7257\"><strong data-start=\"7153\" data-end=\"7181\">Zdrowie i bezpiecze\u0144stwo:<\/strong> Unika\u0107 wdychania i kontaktu ze sk\u00f3r\u0105. Stosowa\u0107 pod nadzorem specjalisty.<\/p>\n<\/li>\n<li data-start=\"7258\" data-end=\"7348\">\n<p data-start=\"7260\" data-end=\"7348\"><strong data-start=\"7260\" data-end=\"7277\">Dokumentacja:<\/strong> A <strong data-start=\"7282\" data-end=\"7318\">karta charakterystyki (MSDS)<\/strong> jest dost\u0119pny na \u017cyczenie.<\/p>\n<\/li>\n<\/ul>\n<hr data-start=\"7350\" data-end=\"7353\" \/>\n<h3 data-start=\"7355\" data-end=\"7390\"><strong data-start=\"7359\" data-end=\"7390\">Cz\u0119sto zadawane pytania (FAQ)<\/strong><\/h3>\n<p data-start=\"7392\" data-end=\"7554\"><strong data-start=\"7392\" data-end=\"7447\">1. Do czego s\u0142u\u017c\u0105 granulki Pyrazolam 3 mg?<\/strong><br data-start=\"7447\" data-end=\"7450\" \/>S\u0105 u\u017cywane jako <strong data-start=\"7473\" data-end=\"7496\">standard odniesienia<\/strong> do bada\u0144 analitycznych, kryminalistycznych i toksykologicznych.<\/p>\n<p data-start=\"7556\" data-end=\"7735\"><strong data-start=\"7556\" data-end=\"7616\">2. Czy te peletki s\u0105 przeznaczone do spo\u017cycia przez ludzi?<\/strong><br data-start=\"7616\" data-end=\"7619\" \/>Nie. Te peletki s\u0105 <strong data-start=\"7642\" data-end=\"7684\">tylko do bada\u0144 laboratoryjnych<\/strong> I <strong data-start=\"7688\" data-end=\"7732\">niezatwierdzony do u\u017cytku medycznego<\/strong>.<\/p>\n<p data-start=\"7737\" data-end=\"7893\"><strong data-start=\"7737\" data-end=\"7796\">3. Jak nale\u017cy przechowywa\u0107 granulki Pyrazolamu 3 mg?<\/strong><br data-start=\"7796\" data-end=\"7799\" \/>Przechowywa\u0107 w ch\u0142odnym, suchym i ciemnym miejscu, w szczelnie zamkni\u0119tym pojemniku, poza zasi\u0119giem os\u00f3b nieupowa\u017cnionych.<\/p>","protected":false},"excerpt":{"rendered":"<h2><span style=\"vertical-align: inherit;\"><span style=\"vertical-align: inherit;\">Pyrazolam 3 MG pellets properties<\/span><\/span><\/h2>\n<p><strong><span style=\"vertical-align: inherit;\"><span style=\"vertical-align: inherit;\">Synonym<\/span><\/span><\/strong><span style=\"vertical-align: inherit;\"><span style=\"vertical-align: inherit;\"> : <\/span><\/span><i><span style=\"vertical-align: inherit;\"><span style=\"vertical-align: inherit;\">8-bromo-1-methyl-6-(pyridin-2-yl)-4H-[1,2,4]triazolo[4,3-a][1,4]benzodiazepine <\/span><\/span><\/i><br \/>\n<strong><span style=\"vertical-align: inherit;\"><span style=\"vertical-align: inherit;\">CAS Number<\/span><\/span><\/strong><span style=\"vertical-align: inherit;\"><span style=\"vertical-align: inherit;\"> : 39243-02-2 <\/span><\/span><br \/>\n<strong><span style=\"vertical-align: inherit;\"><span style=\"vertical-align: inherit;\">Formula<\/span><\/span><\/strong><span style=\"vertical-align: inherit;\"><span style=\"vertical-align: inherit;\"> : C16H12BrN5 <\/span><\/span><br \/>\n<strong><span style=\"vertical-align: inherit;\"><span style=\"vertical-align: inherit;\">Molar Mass<\/span><\/span><\/strong><span style=\"vertical-align: inherit;\"><span style=\"vertical-align: inherit;\"> : 354.20 <\/span><\/span><br \/>\n<strong><span style=\"vertical-align: inherit;\"><span style=\"vertical-align: inherit;\">Purity<\/span><\/span><\/strong><span style=\"vertical-align: inherit;\"><span style=\"vertical-align: inherit;\"> : \u2265 99%<\/span><\/span><\/p>\n","protected":false},"featured_media":28596,"comment_status":"closed","ping_status":"closed","template":"","meta":[],"product_brand":[82],"product_cat":[76,324,389,395],"product_tag":[326,96,99,98],"class_list":{"0":"post-23796","1":"product","2":"type-product","3":"status-publish","4":"has-post-thumbnail","6":"product_brand-research-chemical","7":"product_cat-benzodiazepinen","8":"product_cat-pellets-for-pellet","9":"product_cat-pyrazolam-kopen","10":"product_cat-pyrazolam-pellets","11":"product_tag-nl","12":"product_tag-pyrazolam","13":"product_tag-pyrazolam-kopen","14":"product_tag-pyrazolam-werking","16":"first","17":"instock","18":"taxable","19":"shipping-taxable","20":"purchasable","21":"product-type-variable"},"_links":{"self":[{"href":"https:\/\/researchchemicalhub.com\/pl\/wp-json\/wp\/v2\/product\/23796","targetHints":{"allow":["GET"]}}],"collection":[{"href":"https:\/\/researchchemicalhub.com\/pl\/wp-json\/wp\/v2\/product"}],"about":[{"href":"https:\/\/researchchemicalhub.com\/pl\/wp-json\/wp\/v2\/types\/product"}],"replies":[{"embeddable":true,"href":"https:\/\/researchchemicalhub.com\/pl\/wp-json\/wp\/v2\/comments?post=23796"}],"version-history":[{"count":5,"href":"https:\/\/researchchemicalhub.com\/pl\/wp-json\/wp\/v2\/product\/23796\/revisions"}],"predecessor-version":[{"id":25518,"href":"https:\/\/researchchemicalhub.com\/pl\/wp-json\/wp\/v2\/product\/23796\/revisions\/25518"}],"wp:featuredmedia":[{"embeddable":true,"href":"https:\/\/researchchemicalhub.com\/pl\/wp-json\/wp\/v2\/media\/28596"}],"wp:attachment":[{"href":"https:\/\/researchchemicalhub.com\/pl\/wp-json\/wp\/v2\/media?parent=23796"}],"wp:term":[{"taxonomy":"product_brand","embeddable":true,"href":"https:\/\/researchchemicalhub.com\/pl\/wp-json\/wp\/v2\/product_brand?post=23796"},{"taxonomy":"product_cat","embeddable":true,"href":"https:\/\/researchchemicalhub.com\/pl\/wp-json\/wp\/v2\/product_cat?post=23796"},{"taxonomy":"product_tag","embeddable":true,"href":"https:\/\/researchchemicalhub.com\/pl\/wp-json\/wp\/v2\/product_tag?post=23796"}],"curies":[{"name":"wp","href":"https:\/\/api.w.org\/{rel}","templated":true}]}}