{"id":23772,"date":"2025-04-13T17:40:23","date_gmt":"2025-04-13T17:40:23","guid":{"rendered":"https:\/\/researchchemicalhub.com\/?post_type=product&#038;p=23772"},"modified":"2025-10-30T08:25:36","modified_gmt":"2025-10-30T08:25:36","slug":"2c-e-pellets-10-mg","status":"publish","type":"product","link":"https:\/\/researchchemicalhub.com\/pl\/shop\/2c-e\/2c-e-pellets-10-mg\/","title":{"rendered":"2C-E Pellet 10 MG"},"content":{"rendered":"<p data-start=\"4783\" data-end=\"4975\"><strong data-start=\"4783\" data-end=\"4828\"><span dir=\"auto\" style=\"vertical-align: inherit;\"><span dir=\"auto\" style=\"vertical-align: inherit;\">2C-E (2,5-dimethoxy-4-ethylphenethylamine)<\/span><\/span><\/strong><span dir=\"auto\" style=\"vertical-align: inherit;\"><span dir=\"auto\" style=\"vertical-align: inherit;\"> jest <\/span><\/span><strong data-start=\"4836\" data-end=\"4869\"><span dir=\"auto\" style=\"vertical-align: inherit;\"><span dir=\"auto\" style=\"vertical-align: inherit;\">substituted phenethylamine<\/span><\/span><\/strong><span dir=\"auto\" style=\"vertical-align: inherit;\"><span dir=\"auto\" style=\"vertical-align: inherit;\"> z <\/span><\/span><strong data-start=\"4877\" data-end=\"4889\"><span dir=\"auto\" style=\"vertical-align: inherit;\"><span dir=\"auto\" style=\"vertical-align: inherit;\">2C series<\/span><\/span><\/strong><span dir=\"auto\" style=\"vertical-align: inherit;\"><span dir=\"auto\" style=\"vertical-align: inherit;\"> , a group of compounds studied in forensic and analytical chemistry. 2c e<\/span><\/span><\/p>\n<p data-start=\"4977\" data-end=\"5157\"><span dir=\"auto\" style=\"vertical-align: inherit;\"><span dir=\"auto\" style=\"vertical-align: inherit;\">Ten <\/span><\/span><strong data-start=\"4980\" data-end=\"5002\"><span dir=\"auto\" style=\"vertical-align: inherit;\"><span dir=\"auto\" style=\"vertical-align: inherit;\">2C-E 10 mg granulki<\/span><\/span><\/strong><span dir=\"auto\" style=\"vertical-align: inherit;\"><span dir=\"auto\" style=\"vertical-align: inherit;\"> serve as <\/span><\/span><strong data-start=\"5014\" data-end=\"5032\"><span dir=\"auto\" style=\"vertical-align: inherit;\"><span dir=\"auto\" style=\"vertical-align: inherit;\">substancja odniesienia<\/span><\/span><\/strong><span dir=\"auto\" style=\"vertical-align: inherit;\"><span dir=\"auto\" style=\"vertical-align: inherit;\"> for analytical calibration and method development in laboratories conducting research on substituted phenethylamines.<\/span><\/span><\/p>\n<p data-start=\"5159\" data-end=\"5291\"><span dir=\"auto\" style=\"vertical-align: inherit;\"><span dir=\"auto\" style=\"vertical-align: inherit;\">Ten produkt jest <\/span><\/span><strong data-start=\"5174\" data-end=\"5229\"><span dir=\"auto\" style=\"vertical-align: inherit;\"><span dir=\"auto\" style=\"vertical-align: inherit;\">przeznaczone wy\u0142\u0105cznie do bada\u0144 naukowych<\/span><\/span><\/strong><span dir=\"auto\" style=\"vertical-align: inherit;\"><span dir=\"auto\" style=\"vertical-align: inherit;\"> I <\/span><\/span><strong data-start=\"5233\" data-end=\"5290\"><span dir=\"auto\" style=\"vertical-align: inherit;\"><span dir=\"auto\" style=\"vertical-align: inherit;\">nie nadaje si\u0119 do spo\u017cycia przez ludzi i zwierz\u0119ta<\/span><\/span><\/strong><span dir=\"auto\" style=\"vertical-align: inherit;\"><span dir=\"auto\" style=\"vertical-align: inherit;\"> .<\/span><\/span><\/p>\n<hr data-start=\"5293\" data-end=\"5296\" \/>\n<h3 data-start=\"5298\" data-end=\"5329\"><strong data-start=\"5302\" data-end=\"5329\"><span dir=\"auto\" style=\"vertical-align: inherit;\"><span dir=\"auto\" style=\"vertical-align: inherit;\">G\u0142\u00f3wne cechy<\/span><\/span><\/strong><\/h3>\n<ul data-start=\"5331\" data-end=\"5813\">\n<li data-start=\"5331\" data-end=\"5430\">\n<p data-start=\"5333\" data-end=\"5430\"><strong data-start=\"5333\" data-end=\"5353\"><span dir=\"auto\" style=\"vertical-align: inherit;\"><span dir=\"auto\" style=\"vertical-align: inherit;\">Wysoka czysto\u015b\u0107:<\/span><\/span><\/strong><span dir=\"auto\" style=\"vertical-align: inherit;\"><span dir=\"auto\" style=\"vertical-align: inherit;\"> Manufactured under strict quality control for reliable results.<\/span><\/span><\/p>\n<\/li>\n<li data-start=\"5431\" data-end=\"5522\">\n<p data-start=\"5433\" data-end=\"5522\"><strong data-start=\"5433\" data-end=\"5465\"><span dir=\"auto\" style=\"vertical-align: inherit;\"><span dir=\"auto\" style=\"vertical-align: inherit;\">Standaryzowane dawkowanie:<\/span><\/span><\/strong><span dir=\"auto\" style=\"vertical-align: inherit;\"><span dir=\"auto\" style=\"vertical-align: inherit;\"> Each pellet contains 10 mg 2C-E for accurate analysis.<\/span><\/span><\/p>\n<\/li>\n<li data-start=\"5523\" data-end=\"5632\">\n<p data-start=\"5525\" data-end=\"5632\"><strong data-start=\"5525\" data-end=\"5564\"><span dir=\"auto\" style=\"vertical-align: inherit;\"><span dir=\"auto\" style=\"vertical-align: inherit;\">Certyfikowany materia\u0142 odniesienia:<\/span><\/span><\/strong><span dir=\"auto\" style=\"vertical-align: inherit;\"><span dir=\"auto\" style=\"vertical-align: inherit;\"> Dostarczone z <\/span><\/span><strong data-start=\"5578\" data-end=\"5606\"><span dir=\"auto\" style=\"vertical-align: inherit;\"><span dir=\"auto\" style=\"vertical-align: inherit;\">Certyfikat analizy (COA)<\/span><\/span><\/strong><span dir=\"auto\" style=\"vertical-align: inherit;\"><span dir=\"auto\" style=\"vertical-align: inherit;\"> and purity data.<\/span><\/span><\/p>\n<\/li>\n<li data-start=\"5633\" data-end=\"5719\">\n<p data-start=\"5635\" data-end=\"5719\"><strong data-start=\"5635\" data-end=\"5666\"><span dir=\"auto\" style=\"vertical-align: inherit;\"><span dir=\"auto\" style=\"vertical-align: inherit;\">Analityczny wszechstronny:<\/span><\/span><\/strong><span dir=\"auto\" style=\"vertical-align: inherit;\"><span dir=\"auto\" style=\"vertical-align: inherit;\"> Nadaje si\u0119 do <\/span><\/span><strong data-start=\"5681\" data-end=\"5690\"><span dir=\"auto\" style=\"vertical-align: inherit;\"><span dir=\"auto\" style=\"vertical-align: inherit;\">GC-MS<\/span><\/span><\/strong><span dir=\"auto\" style=\"vertical-align: inherit;\"><span dir=\"auto\" style=\"vertical-align: inherit;\"> , <\/span><\/span><strong data-start=\"5692\" data-end=\"5704\"><span dir=\"auto\" style=\"vertical-align: inherit;\"><span dir=\"auto\" style=\"vertical-align: inherit;\">LC-MS\/MS<\/span><\/span><\/strong><span dir=\"auto\" style=\"vertical-align: inherit;\"><span dir=\"auto\" style=\"vertical-align: inherit;\"> I <\/span><\/span><strong data-start=\"5708\" data-end=\"5716\"><span dir=\"auto\" style=\"vertical-align: inherit;\"><span dir=\"auto\" style=\"vertical-align: inherit;\">chromatografia cieczowa<\/span><\/span><\/strong><span dir=\"auto\" style=\"vertical-align: inherit;\"><span dir=\"auto\" style=\"vertical-align: inherit;\"> .<\/span><\/span><\/p>\n<\/li>\n<li data-start=\"5720\" data-end=\"5813\">\n<p data-start=\"5722\" data-end=\"5813\"><strong data-start=\"5722\" data-end=\"5747\"><span dir=\"auto\" style=\"vertical-align: inherit;\"><span dir=\"auto\" style=\"vertical-align: inherit;\">Stabilna formu\u0142a:<\/span><\/span><\/strong><span dir=\"auto\" style=\"vertical-align: inherit;\"><span dir=\"auto\" style=\"vertical-align: inherit;\"> Maintains chemical stability under recommended storage conditions. 2c e<\/span><\/span><\/p>\n<\/li>\n<\/ul>\n<hr data-start=\"5815\" data-end=\"5818\" \/>\n<h3 data-start=\"5820\" data-end=\"5837\"><strong data-start=\"5824\" data-end=\"5837\"><span dir=\"auto\" style=\"vertical-align: inherit;\"><span dir=\"auto\" style=\"vertical-align: inherit;\">Zalety<\/span><\/span><\/strong><\/h3>\n<ul data-start=\"5839\" data-end=\"6311\">\n<li data-start=\"5839\" data-end=\"5946\">\n<p data-start=\"5841\" data-end=\"5946\"><strong data-start=\"5841\" data-end=\"5878\"><span dir=\"auto\" style=\"vertical-align: inherit;\"><span dir=\"auto\" style=\"vertical-align: inherit;\">Supports Analytical Research:<\/span><\/span><\/strong><span dir=\"auto\" style=\"vertical-align: inherit;\"><span dir=\"auto\" style=\"vertical-align: inherit;\"> Helps in the development of detection and identification methods.<\/span><\/span><\/p>\n<\/li>\n<li data-start=\"5947\" data-end=\"6051\">\n<p data-start=\"5949\" data-end=\"6051\"><strong data-start=\"5949\" data-end=\"5976\"><span dir=\"auto\" style=\"vertical-align: inherit;\"><span dir=\"auto\" style=\"vertical-align: inherit;\">Zastosowanie kryminalistyczne:<\/span><\/span><\/strong><span dir=\"auto\" style=\"vertical-align: inherit;\"><span dir=\"auto\" style=\"vertical-align: inherit;\"> Used for the classification of substituted phenethylamines.<\/span><\/span><\/p>\n<\/li>\n<li data-start=\"6052\" data-end=\"6120\">\n<p data-start=\"6054\" data-end=\"6120\"><strong data-start=\"6054\" data-end=\"6081\"><span dir=\"auto\" style=\"vertical-align: inherit;\"><span dir=\"auto\" style=\"vertical-align: inherit;\">Niezawodna kalibracja:<\/span><\/span><\/strong><span dir=\"auto\" style=\"vertical-align: inherit;\"><span dir=\"auto\" style=\"vertical-align: inherit;\"> Ensures consistent measurement results.<\/span><\/span><\/p>\n<\/li>\n<li data-start=\"6121\" data-end=\"6211\">\n<p data-start=\"6123\" data-end=\"6211\"><strong data-start=\"6123\" data-end=\"6145\"><span dir=\"auto\" style=\"vertical-align: inherit;\"><span dir=\"auto\" style=\"vertical-align: inherit;\">Warto\u015b\u0107 edukacyjna:<\/span><\/span><\/strong><span dir=\"auto\" style=\"vertical-align: inherit;\"><span dir=\"auto\" style=\"vertical-align: inherit;\"> Suitable for academic courses in chemistry and toxicology.<\/span><\/span><\/p>\n<\/li>\n<li data-start=\"6212\" data-end=\"6311\">\n<p data-start=\"6214\" data-end=\"6311\"><strong data-start=\"6214\" data-end=\"6249\"><span dir=\"auto\" style=\"vertical-align: inherit;\"><span dir=\"auto\" style=\"vertical-align: inherit;\">Zgodno\u015b\u0107 ze standardami laboratoryjnymi:<\/span><\/span><\/strong><span dir=\"auto\" style=\"vertical-align: inherit;\"><span dir=\"auto\" style=\"vertical-align: inherit;\"> Manufactured to international safety guidelines.<\/span><\/span><\/p>\n<\/li>\n<\/ul>\n<hr data-start=\"6313\" data-end=\"6316\" \/>\n<h3 data-start=\"6318\" data-end=\"6379\"><strong data-start=\"6322\" data-end=\"6379\"><span dir=\"auto\" style=\"vertical-align: inherit;\"><span dir=\"auto\" style=\"vertical-align: inherit;\">Instrukcja u\u017cytkowania (wy\u0142\u0105cznie do cel\u00f3w badawczych)<\/span><\/span><\/strong><\/h3>\n<ol data-start=\"6381\" data-end=\"6729\">\n<li data-start=\"6381\" data-end=\"6471\">\n<p data-start=\"6384\" data-end=\"6471\"><strong data-start=\"6384\" data-end=\"6402\"><span dir=\"auto\" style=\"vertical-align: inherit;\"><span dir=\"auto\" style=\"vertical-align: inherit;\">Przygotowanie:<\/span><\/span><\/strong><span dir=\"auto\" style=\"vertical-align: inherit;\"><span dir=\"auto\" style=\"vertical-align: inherit;\"> Use in accredited laboratories with appropriate protective equipment.<\/span><\/span><\/p>\n<\/li>\n<li data-start=\"6472\" data-end=\"6592\">\n<p data-start=\"6475\" data-end=\"6592\"><strong data-start=\"6475\" data-end=\"6490\"><span dir=\"auto\" style=\"vertical-align: inherit;\"><span dir=\"auto\" style=\"vertical-align: inherit;\">Aplikacja:<\/span><\/span><\/strong><span dir=\"auto\" style=\"vertical-align: inherit;\"><span dir=\"auto\" style=\"vertical-align: inherit;\"> Use for analytical, chromatographic or spectral analyses according to validated protocols.<\/span><\/span><\/p>\n<\/li>\n<li data-start=\"6593\" data-end=\"6656\">\n<p data-start=\"6596\" data-end=\"6656\"><strong data-start=\"6596\" data-end=\"6607\"><span dir=\"auto\" style=\"vertical-align: inherit;\"><span dir=\"auto\" style=\"vertical-align: inherit;\">Sk\u0142adowanie:<\/span><\/span><\/strong><span dir=\"auto\" style=\"vertical-align: inherit;\"><span dir=\"auto\" style=\"vertical-align: inherit;\"> Przechowywa\u0107 w ch\u0142odnym, suchym i ciemnym miejscu, szczelnie zamkni\u0119te.<\/span><\/span><\/p>\n<\/li>\n<li data-start=\"6657\" data-end=\"6729\">\n<p data-start=\"6660\" data-end=\"6729\"><strong data-start=\"6660\" data-end=\"6671\"><span dir=\"auto\" style=\"vertical-align: inherit;\"><span dir=\"auto\" style=\"vertical-align: inherit;\">Sprzeda\u017c:<\/span><\/span><\/strong><span dir=\"auto\" style=\"vertical-align: inherit;\"><span dir=\"auto\" style=\"vertical-align: inherit;\"> Follow local regulations for chemical waste management.<\/span><\/span><\/p>\n<\/li>\n<\/ol>\n<hr data-start=\"6731\" data-end=\"6734\" \/>\n<h3 data-start=\"6736\" data-end=\"6770\"><strong data-start=\"6740\" data-end=\"6770\"><span dir=\"auto\" style=\"vertical-align: inherit;\"><span dir=\"auto\" style=\"vertical-align: inherit;\">Bezpiecze\u0144stwo i zgodno\u015b\u0107<\/span><\/span><\/strong><\/h3>\n<ul data-start=\"6772\" data-end=\"7197\">\n<li data-start=\"6772\" data-end=\"6866\">\n<p data-start=\"6774\" data-end=\"6866\"><strong data-start=\"6774\" data-end=\"6810\"><span dir=\"auto\" style=\"vertical-align: inherit;\"><span dir=\"auto\" style=\"vertical-align: inherit;\">Tylko do u\u017cytku laboratoryjnego:<\/span><\/span><\/strong><span dir=\"auto\" style=\"vertical-align: inherit;\"><span dir=\"auto\" style=\"vertical-align: inherit;\"> Produkt nie jest przeznaczony do spo\u017cycia przez ludzi i zwierz\u0119ta.<\/span><\/span><\/p>\n<\/li>\n<li data-start=\"6867\" data-end=\"6966\">\n<p data-start=\"6869\" data-end=\"6966\"><strong data-start=\"6869\" data-end=\"6891\"><span dir=\"auto\" style=\"vertical-align: inherit;\"><span dir=\"auto\" style=\"vertical-align: inherit;\">Status prawny:<\/span><\/span><\/strong><span dir=\"auto\" style=\"vertical-align: inherit;\"><span dir=\"auto\" style=\"vertical-align: inherit;\"> 2C-E is classified under the Opium Act or similar regulations in many countries.<\/span><\/span><\/p>\n<\/li>\n<li data-start=\"6967\" data-end=\"7072\">\n<p data-start=\"6969\" data-end=\"7072\"><strong data-start=\"6969\" data-end=\"6997\"><span dir=\"auto\" style=\"vertical-align: inherit;\"><span dir=\"auto\" style=\"vertical-align: inherit;\">Zdrowie i bezpiecze\u0144stwo:<\/span><\/span><\/strong><span dir=\"auto\" style=\"vertical-align: inherit;\"><span dir=\"auto\" style=\"vertical-align: inherit;\"> Avoid inhalation and skin contact; work in a well-ventilated area.<\/span><\/span><\/p>\n<\/li>\n<li data-start=\"7073\" data-end=\"7197\">\n<p data-start=\"7075\" data-end=\"7197\"><strong data-start=\"7075\" data-end=\"7092\"><span dir=\"auto\" style=\"vertical-align: inherit;\"><span dir=\"auto\" style=\"vertical-align: inherit;\">Dokumentacja:<\/span><\/span><\/strong><span dir=\"auto\" style=\"vertical-align: inherit;\"><span dir=\"auto\" style=\"vertical-align: inherit;\"> A <\/span><\/span><strong data-start=\"7097\" data-end=\"7133\"><span dir=\"auto\" style=\"vertical-align: inherit;\"><span dir=\"auto\" style=\"vertical-align: inherit;\">Karta charakterystyki substancji niebezpiecznej (MSDS)<\/span><\/span><\/strong><span dir=\"auto\" style=\"vertical-align: inherit;\"><span dir=\"auto\" style=\"vertical-align: inherit;\"> I <\/span><\/span><strong data-start=\"7137\" data-end=\"7165\"><span dir=\"auto\" style=\"vertical-align: inherit;\"><span dir=\"auto\" style=\"vertical-align: inherit;\">Certyfikat analizy (COA)<\/span><\/span><\/strong><span dir=\"auto\" style=\"vertical-align: inherit;\"><span dir=\"auto\" style=\"vertical-align: inherit;\"> s\u0105 dost\u0119pne na \u017cyczenie.<\/span><\/span><\/p>\n<\/li>\n<\/ul>\n<hr data-start=\"7199\" data-end=\"7202\" \/>\n<h3 data-start=\"7204\" data-end=\"7239\"><strong data-start=\"7208\" data-end=\"7239\"><span dir=\"auto\" style=\"vertical-align: inherit;\"><span dir=\"auto\" style=\"vertical-align: inherit;\">Cz\u0119sto zadawane pytania (FAQ)<\/span><\/span><\/strong><\/h3>\n<p data-start=\"7241\" data-end=\"7398\"><strong data-start=\"7241\" data-end=\"7277\"><span dir=\"auto\" style=\"vertical-align: inherit;\"><span dir=\"auto\" style=\"vertical-align: inherit;\">1. What is 2C-E used for?<\/span><\/span><\/strong><br data-start=\"7277\" data-end=\"7280\" \/><span dir=\"auto\" style=\"vertical-align: inherit;\"><span dir=\"auto\" style=\"vertical-align: inherit;\"> 2C-E is used as <\/span><\/span><strong data-start=\"7304\" data-end=\"7327\"><span dir=\"auto\" style=\"vertical-align: inherit;\"><span dir=\"auto\" style=\"vertical-align: inherit;\">standard odniesienia<\/span><\/span><\/strong><span dir=\"auto\" style=\"vertical-align: inherit;\"><span dir=\"auto\" style=\"vertical-align: inherit;\"> for analytical and forensic testing of phenethylamine analogues.<\/span><\/span><\/p>\n<p data-start=\"7400\" data-end=\"7560\"><strong data-start=\"7400\" data-end=\"7451\"><span dir=\"auto\" style=\"vertical-align: inherit;\"><span dir=\"auto\" style=\"vertical-align: inherit;\">2. Is 2C-E suitable for human consumption?<\/span><\/span><\/strong><br data-start=\"7451\" data-end=\"7454\" \/><span dir=\"auto\" style=\"vertical-align: inherit;\"><span dir=\"auto\" style=\"vertical-align: inherit;\"> Nie. Ten produkt jest <\/span><\/span><strong data-start=\"7474\" data-end=\"7512\"><span dir=\"auto\" style=\"vertical-align: inherit;\"><span dir=\"auto\" style=\"vertical-align: inherit;\">wy\u0142\u0105cznie do cel\u00f3w badawczych<\/span><\/span><\/strong><span dir=\"auto\" style=\"vertical-align: inherit;\"><span dir=\"auto\" style=\"vertical-align: inherit;\"> I <\/span><\/span><strong data-start=\"7516\" data-end=\"7557\"><span dir=\"auto\" style=\"vertical-align: inherit;\"><span dir=\"auto\" style=\"vertical-align: inherit;\">nie jest zatwierdzony do u\u017cytku medycznego<\/span><\/span><\/strong><span dir=\"auto\" style=\"vertical-align: inherit;\"><span dir=\"auto\" style=\"vertical-align: inherit;\"> .<\/span><\/span><\/p>\n<p data-start=\"7562\" data-end=\"7689\"><strong data-start=\"7562\" data-end=\"7601\"><span dir=\"auto\" style=\"vertical-align: inherit;\"><span dir=\"auto\" style=\"vertical-align: inherit;\">3. How should 2C-E be stored?<\/span><\/span><\/strong><br data-start=\"7601\" data-end=\"7604\" \/><span dir=\"auto\" style=\"vertical-align: inherit;\"><span dir=\"auto\" style=\"vertical-align: inherit;\"> Przechowywa\u0107 w ch\u0142odnym, suchym i ciemnym miejscu, szczelnie zamkni\u0119te, poza zasi\u0119giem os\u00f3b nieupowa\u017cnionych.<\/span><\/span><\/p>","protected":false},"excerpt":{"rendered":"<h2><span style=\"vertical-align: inherit;\"><span style=\"vertical-align: inherit;\"><span dir=\"auto\" style=\"vertical-align: inherit;\"><span dir=\"auto\" style=\"vertical-align: inherit;\"><span dir=\"auto\" style=\"vertical-align: inherit;\"><span dir=\"auto\" style=\"vertical-align: inherit;\">W\u0142a\u015bciwo\u015bci 2C-E<\/span><\/span><\/span><\/span><\/span><\/span><\/h2>\n<p><strong><span style=\"vertical-align: inherit;\"><span style=\"vertical-align: inherit;\"><span dir=\"auto\" style=\"vertical-align: inherit;\"><span dir=\"auto\" style=\"vertical-align: inherit;\"><span dir=\"auto\" style=\"vertical-align: inherit;\"><span dir=\"auto\" style=\"vertical-align: inherit;\">Synonimy<\/span><\/span><\/span><\/span><\/span><\/span><\/strong><span style=\"vertical-align: inherit;\"><span style=\"vertical-align: inherit;\"><span dir=\"auto\" style=\"vertical-align: inherit;\"><span dir=\"auto\" style=\"vertical-align: inherit;\"><span dir=\"auto\" style=\"vertical-align: inherit;\"><span dir=\"auto\" style=\"vertical-align: inherit;\"> : 2,5-dimetoksy-4-etylofenetyloamina, monochlorowodorek <\/span><\/span><\/span><\/span><\/span><\/span><br \/>\n<strong><span style=\"vertical-align: inherit;\"><span style=\"vertical-align: inherit;\"><span dir=\"auto\" style=\"vertical-align: inherit;\"><span dir=\"auto\" style=\"vertical-align: inherit;\"><span dir=\"auto\" style=\"vertical-align: inherit;\"><span dir=\"auto\" style=\"vertical-align: inherit;\">Numer CAS<\/span><\/span><\/span><\/span><\/span><\/span><\/strong><span style=\"vertical-align: inherit;\"><span style=\"vertical-align: inherit;\"><span dir=\"auto\" style=\"vertical-align: inherit;\"><span dir=\"auto\" style=\"vertical-align: inherit;\"><span dir=\"auto\" style=\"vertical-align: inherit;\"><span dir=\"auto\" style=\"vertical-align: inherit;\"> : 923013-67-6 <\/span><\/span><\/span><\/span><\/span><\/span><br \/>\n<strong><span style=\"vertical-align: inherit;\"><span style=\"vertical-align: inherit;\"><span dir=\"auto\" style=\"vertical-align: inherit;\"><span dir=\"auto\" style=\"vertical-align: inherit;\"><span dir=\"auto\" style=\"vertical-align: inherit;\"><span dir=\"auto\" style=\"vertical-align: inherit;\">Formu\u0142a<\/span><\/span><\/span><\/span><\/span><\/span><\/strong><span style=\"vertical-align: inherit;\"><span style=\"vertical-align: inherit;\"><span dir=\"auto\" style=\"vertical-align: inherit;\"><span dir=\"auto\" style=\"vertical-align: inherit;\"><span dir=\"auto\" style=\"vertical-align: inherit;\"><span dir=\"auto\" style=\"vertical-align: inherit;\"> : C12H19NO2 \u2022 HCl <\/span><\/span><\/span><\/span><\/span><\/span><br \/>\n<strong><span style=\"vertical-align: inherit;\"><span style=\"vertical-align: inherit;\"><span dir=\"auto\" style=\"vertical-align: inherit;\"><span dir=\"auto\" style=\"vertical-align: inherit;\"><span dir=\"auto\" style=\"vertical-align: inherit;\"><span dir=\"auto\" style=\"vertical-align: inherit;\">Masa molowa<\/span><\/span><\/span><\/span><\/span><\/span><\/strong><span style=\"vertical-align: inherit;\"><span style=\"vertical-align: inherit;\"><span dir=\"auto\" style=\"vertical-align: inherit;\"><span dir=\"auto\" style=\"vertical-align: inherit;\"><span dir=\"auto\" style=\"vertical-align: inherit;\"><span dir=\"auto\" style=\"vertical-align: inherit;\"> : 245,7 g\/mol <\/span><\/span><\/span><\/span><\/span><\/span><br \/>\n<strong><span style=\"vertical-align: inherit;\"><span style=\"vertical-align: inherit;\"><span dir=\"auto\" style=\"vertical-align: inherit;\"><span dir=\"auto\" style=\"vertical-align: inherit;\"><span dir=\"auto\" style=\"vertical-align: inherit;\"><span dir=\"auto\" style=\"vertical-align: inherit;\">Czysto\u015b\u0107<\/span><\/span><\/span><\/span><\/span><\/span><\/strong><span style=\"vertical-align: inherit;\"><span style=\"vertical-align: inherit;\"><span dir=\"auto\" style=\"vertical-align: inherit;\"><span dir=\"auto\" style=\"vertical-align: inherit;\"><span dir=\"auto\" style=\"vertical-align: inherit;\"><span dir=\"auto\" style=\"vertical-align: inherit;\"> : \u226599%<\/span><\/span><\/span><\/span><\/span><\/span><\/p>","protected":false},"featured_media":28373,"comment_status":"closed","ping_status":"closed","template":"","meta":[],"product_brand":[],"product_cat":[496,497,322,80,324],"product_tag":[620,621,326],"class_list":{"0":"post-23772","1":"product","2":"type-product","3":"status-publish","4":"has-post-thumbnail","6":"product_cat-2c-e","7":"product_cat-2c-e-pellets","8":"product_cat-bijna-verboden","9":"product_cat-fenethylamine","10":"product_cat-pellets-for-pellet","11":"product_tag-2c-e","12":"product_tag-2c-e-kopen","13":"product_tag-nl","15":"first","16":"instock","17":"taxable","18":"shipping-taxable","19":"purchasable","20":"product-type-variable"},"_links":{"self":[{"href":"https:\/\/researchchemicalhub.com\/pl\/wp-json\/wp\/v2\/product\/23772","targetHints":{"allow":["GET"]}}],"collection":[{"href":"https:\/\/researchchemicalhub.com\/pl\/wp-json\/wp\/v2\/product"}],"about":[{"href":"https:\/\/researchchemicalhub.com\/pl\/wp-json\/wp\/v2\/types\/product"}],"replies":[{"embeddable":true,"href":"https:\/\/researchchemicalhub.com\/pl\/wp-json\/wp\/v2\/comments?post=23772"}],"version-history":[{"count":6,"href":"https:\/\/researchchemicalhub.com\/pl\/wp-json\/wp\/v2\/product\/23772\/revisions"}],"predecessor-version":[{"id":28707,"href":"https:\/\/researchchemicalhub.com\/pl\/wp-json\/wp\/v2\/product\/23772\/revisions\/28707"}],"wp:featuredmedia":[{"embeddable":true,"href":"https:\/\/researchchemicalhub.com\/pl\/wp-json\/wp\/v2\/media\/28373"}],"wp:attachment":[{"href":"https:\/\/researchchemicalhub.com\/pl\/wp-json\/wp\/v2\/media?parent=23772"}],"wp:term":[{"taxonomy":"product_brand","embeddable":true,"href":"https:\/\/researchchemicalhub.com\/pl\/wp-json\/wp\/v2\/product_brand?post=23772"},{"taxonomy":"product_cat","embeddable":true,"href":"https:\/\/researchchemicalhub.com\/pl\/wp-json\/wp\/v2\/product_cat?post=23772"},{"taxonomy":"product_tag","embeddable":true,"href":"https:\/\/researchchemicalhub.com\/pl\/wp-json\/wp\/v2\/product_tag?post=23772"}],"curies":[{"name":"wp","href":"https:\/\/api.w.org\/{rel}","templated":true}]}}