{"id":23724,"date":"2025-04-13T17:40:18","date_gmt":"2025-04-13T17:40:18","guid":{"rendered":"https:\/\/researchchemicalhub.com\/?post_type=product&#038;p=23724"},"modified":"2025-10-30T08:43:45","modified_gmt":"2025-10-30T08:43:45","slug":"kup-chem-mist-2f-dck","status":"publish","type":"product","link":"https:\/\/researchchemicalhub.com\/pl\/sklep\/2f-dck-100-mg-granulki\/kup-chem-mist-2f-dck\/","title":{"rendered":"Chem-mist 2F-DCK spray 20%"},"content":{"rendered":"<p data-start=\"5034\" data-end=\"5327\"><strong data-start=\"5034\" data-end=\"5064\">Chem-Mist 2F-DCK Spray 20%<\/strong> zawiera <strong data-start=\"5071\" data-end=\"5109\">2-Fluorodeschloroketamina (2F-DCK)<\/strong>, po\u0142\u0105czenie z <strong data-start=\"5133\" data-end=\"5163\">klasa arylocykloheksyloamin<\/strong>.<br data-start=\"5164\" data-end=\"5167\" \/>Jest u\u017cywany jako <strong data-start=\"5190\" data-end=\"5208\">substancja odniesienia<\/strong> wewn\u0105trz <strong data-start=\"5216\" data-end=\"5258\">laboratoria kryminalistyczne i analityczne<\/strong> Do <strong data-start=\"5264\" data-end=\"5324\">walidacja metod, kalibracja i identyfikacja zwi\u0105zk\u00f3w<\/strong>Kup Chem Mist 2F DCK<\/p>\n<p data-start=\"5329\" data-end=\"5461\">Ten produkt jest <strong data-start=\"5344\" data-end=\"5399\">przeznaczone wy\u0142\u0105cznie do bada\u0144 naukowych<\/strong> I <strong data-start=\"5403\" data-end=\"5460\">nie nadaje si\u0119 do spo\u017cycia przez ludzi i zwierz\u0119ta<\/strong>.<\/p>\n<hr data-start=\"5463\" data-end=\"5466\" \/>\n<h3 data-start=\"5468\" data-end=\"5499\"><strong data-start=\"5472\" data-end=\"5499\">G\u0142\u00f3wne cechy<\/strong><\/h3>\n<ul data-start=\"5501\" data-end=\"5952\">\n<li data-start=\"5501\" data-end=\"5587\">\n<p data-start=\"5503\" data-end=\"5587\"><strong data-start=\"5503\" data-end=\"5523\">Wysoka czysto\u015b\u0107:<\/strong> Wyprodukowano w kontrolowanych warunkach laboratoryjnych.<\/p>\n<\/li>\n<li data-start=\"5588\" data-end=\"5664\">\n<p data-start=\"5590\" data-end=\"5664\"><strong data-start=\"5590\" data-end=\"5611\">St\u0119\u017cenie 20%:<\/strong> Zaprojektowane z my\u015bl\u0105 o niezawodnej kalibracji i wykrywaniu.<\/p>\n<\/li>\n<li data-start=\"5665\" data-end=\"5770\">\n<p data-start=\"5667\" data-end=\"5770\"><strong data-start=\"5667\" data-end=\"5706\">Certyfikowany materia\u0142 odniesienia:<\/strong> Dostarczone z <strong data-start=\"5720\" data-end=\"5748\">certyfikat analizy (COA)<\/strong> i informacje o partii.<\/p>\n<\/li>\n<li data-start=\"5771\" data-end=\"5871\">\n<p data-start=\"5773\" data-end=\"5871\"><strong data-start=\"5773\" data-end=\"5804\">Analityczne, szeroko wdra\u017calne:<\/strong> Nadaje si\u0119 do <strong data-start=\"5819\" data-end=\"5827\">chromatografia cieczowa<\/strong>, <strong data-start=\"5829\" data-end=\"5838\">GC-MS<\/strong>, I <strong data-start=\"5843\" data-end=\"5855\">LC-MS\/MS<\/strong> aplikacje.<\/p>\n<\/li>\n<li data-start=\"5872\" data-end=\"5952\">\n<p data-start=\"5874\" data-end=\"5952\"><strong data-start=\"5874\" data-end=\"5901\">Stabilna formu\u0142a sprayu:<\/strong> Zaprojektowane z my\u015bl\u0105 o d\u0142ugotrwa\u0142ej stabilno\u015bci chemicznej.<\/p>\n<\/li>\n<\/ul>\n<hr data-start=\"5954\" data-end=\"5957\" \/>\n<h3 data-start=\"5959\" data-end=\"5976\"><strong data-start=\"5963\" data-end=\"5976\">Zalety<\/strong><\/h3>\n<ul data-start=\"5978\" data-end=\"6429\">\n<li data-start=\"5978\" data-end=\"6060\">\n<p data-start=\"5980\" data-end=\"6060\"><strong data-start=\"5980\" data-end=\"6017\">Wspiera dochodzenia kryminalistyczne:<\/strong> Pomaga w walidacji metod analizy.<\/p>\n<\/li>\n<li data-start=\"6061\" data-end=\"6150\">\n<p data-start=\"6063\" data-end=\"6150\"><strong data-start=\"6063\" data-end=\"6090\">Niezawodna kalibracja:<\/strong> Gwarantuje sp\u00f3jne i powtarzalne wyniki pomiar\u00f3w.<\/p>\n<\/li>\n<li data-start=\"6151\" data-end=\"6255\">\n<p data-start=\"6153\" data-end=\"6255\"><strong data-start=\"6153\" data-end=\"6175\">Warto\u015b\u0107 edukacyjna:<\/strong> Nadaje si\u0119 do kszta\u0142cenia akademickiego w zakresie analizy chemicznej i toksykologicznej.<\/p>\n<\/li>\n<li data-start=\"6256\" data-end=\"6355\">\n<p data-start=\"6258\" data-end=\"6355\"><strong data-start=\"6258\" data-end=\"6292\">Spe\u0142nia normy bezpiecze\u0144stwa:<\/strong> Wyprodukowano zgodnie z mi\u0119dzynarodowymi wytycznymi laboratoryjnymi.<\/p>\n<\/li>\n<li data-start=\"6356\" data-end=\"6429\">\n<p data-start=\"6358\" data-end=\"6429\"><strong data-start=\"6358\" data-end=\"6385\">Pe\u0142na dokumentacja:<\/strong> Dostarczane z kartami charakterystyki substancji niebezpiecznej i certyfikatami analiz.<\/p>\n<\/li>\n<\/ul>\n<hr data-start=\"6431\" data-end=\"6434\" \/>\n<h3 data-start=\"6436\" data-end=\"6497\"><strong data-start=\"6440\" data-end=\"6497\">Instrukcja u\u017cytkowania (wy\u0142\u0105cznie do cel\u00f3w badawczych)<\/strong><\/h3>\n<ol data-start=\"6499\" data-end=\"6839\">\n<li data-start=\"6499\" data-end=\"6597\">\n<p data-start=\"6502\" data-end=\"6597\"><strong data-start=\"6502\" data-end=\"6516\">Obs\u0142ugiwanie:<\/strong> Stosowa\u0107 wy\u0142\u0105cznie w akredytowanych laboratoriach, stosuj\u0105c odpowiedni sprz\u0119t ochronny.<\/p>\n<\/li>\n<li data-start=\"6598\" data-end=\"6681\">\n<p data-start=\"6601\" data-end=\"6681\"><strong data-start=\"6601\" data-end=\"6616\">Aplikacja:<\/strong> U\u017cywaj sprayu w dobrze wentylowanych pomieszczeniach lub pod wyci\u0105giem. Kup Chem Mist 2F DCK.<\/p>\n<\/li>\n<li data-start=\"6682\" data-end=\"6745\">\n<p data-start=\"6685\" data-end=\"6745\"><strong data-start=\"6685\" data-end=\"6696\">Sk\u0142adowanie:<\/strong> Przechowywa\u0107 w ch\u0142odnym, suchym i ciemnym miejscu, szczelnie zamkni\u0119te.<\/p>\n<\/li>\n<li data-start=\"6746\" data-end=\"6839\">\n<p data-start=\"6749\" data-end=\"6839\"><strong data-start=\"6749\" data-end=\"6760\">Sprzeda\u017c:<\/strong> Pozosta\u0142o\u015bci nale\u017cy utylizowa\u0107 zgodnie z lokalnymi przepisami dotycz\u0105cymi gospodarki odpadami chemicznymi.<\/p>\n<\/li>\n<\/ol>\n<hr data-start=\"6841\" data-end=\"6844\" \/>\n<h3 data-start=\"6846\" data-end=\"6880\"><strong data-start=\"6850\" data-end=\"6880\">Bezpiecze\u0144stwo i zgodno\u015b\u0107<\/strong><\/h3>\n<ul data-start=\"6882\" data-end=\"7320\">\n<li data-start=\"6882\" data-end=\"6977\">\n<p data-start=\"6884\" data-end=\"6977\"><strong data-start=\"6884\" data-end=\"6920\">Tylko do u\u017cytku laboratoryjnego:<\/strong> Nie nadaje si\u0119 do spo\u017cycia przez ludzi i zwierz\u0119ta.<\/p>\n<\/li>\n<li data-start=\"6978\" data-end=\"7100\">\n<p data-start=\"6980\" data-end=\"7100\"><strong data-start=\"6980\" data-end=\"7008\">Rozwa\u017cania prawne:<\/strong> Status prawny 2F-DCK r\u00f3\u017cni si\u0119 w zale\u017cno\u015bci od kraju, zawsze nale\u017cy sprawdzi\u0107 lokalne przepisy.<\/p>\n<\/li>\n<li data-start=\"7101\" data-end=\"7195\">\n<p data-start=\"7103\" data-end=\"7195\"><strong data-start=\"7103\" data-end=\"7131\">Zdrowie i bezpiecze\u0144stwo:<\/strong> Unika\u0107 kontaktu, wdychania lub po\u0142ykania; stosowa\u0107 odpowiednie \u015brodki ochrony indywidualnej.<\/p>\n<\/li>\n<li data-start=\"7196\" data-end=\"7320\">\n<p data-start=\"7198\" data-end=\"7320\"><strong data-start=\"7198\" data-end=\"7215\">Dokumentacja:<\/strong> A <strong data-start=\"7220\" data-end=\"7256\">karta charakterystyki (MSDS)<\/strong> I <strong data-start=\"7260\" data-end=\"7288\">certyfikat analizy (COA)<\/strong> s\u0105 dost\u0119pne na \u017cyczenie.<\/p>\n<\/li>\n<\/ul>\n<hr data-start=\"7322\" data-end=\"7325\" \/>\n<h3 data-start=\"7327\" data-end=\"7362\"><strong data-start=\"7331\" data-end=\"7362\">Cz\u0119sto zadawane pytania (FAQ)<\/strong><\/h3>\n<p data-start=\"7364\" data-end=\"7554\"><strong data-start=\"7364\" data-end=\"7422\">1. Do czego s\u0142u\u017cy Chem-Mist 2F-DCK Spray 20%?<\/strong><br data-start=\"7422\" data-end=\"7425\" \/>Jest u\u017cywany jako <strong data-start=\"7448\" data-end=\"7471\">roztw\u00f3r odniesienia<\/strong> w laboratoriach kryminalistycznych i analitycznych do bada\u0144 wykrywaj\u0105cych i kalibracyjnych.<\/p>\n<p data-start=\"7556\" data-end=\"7740\"><strong data-start=\"7556\" data-end=\"7614\">2. Czy ten produkt nadaje si\u0119 do spo\u017cycia przez ludzi?<\/strong><br data-start=\"7614\" data-end=\"7617\" \/>Nie. Chem-Mist 2F-DCK Spray 20% to <strong data-start=\"7652\" data-end=\"7690\">przeznaczone wy\u0142\u0105cznie do cel\u00f3w badawczych<\/strong> I <strong data-start=\"7694\" data-end=\"7737\">niezatwierdzone do stosowania u ludzi<\/strong>.<\/p>\n<p data-start=\"7742\" data-end=\"7872\"><strong data-start=\"7742\" data-end=\"7788\">3. Jak nale\u017cy przechowywa\u0107 ten produkt?<\/strong><br data-start=\"7788\" data-end=\"7791\" \/>Przechowywa\u0107 w ch\u0142odnym, suchym i ciemnym miejscu, szczelnie zamkni\u0119te, poza zasi\u0119giem os\u00f3b nieupowa\u017cnionych.<\/p>","protected":false},"excerpt":{"rendered":"<h2><span style=\"vertical-align: inherit;\"><span style=\"vertical-align: inherit;\"><span dir=\"auto\" style=\"vertical-align: inherit;\"><span dir=\"auto\" style=\"vertical-align: inherit;\">W\u0142a\u015bciwo\u015bci Chem-mist 2F-DCK 20% Vanilla Sky<\/span><\/span><\/span><\/span><\/h2>\n<p><strong><span style=\"vertical-align: inherit;\"><span style=\"vertical-align: inherit;\"><span dir=\"auto\" style=\"vertical-align: inherit;\"><span dir=\"auto\" style=\"vertical-align: inherit;\">Synonim:<\/span><\/span><\/span><\/span><\/strong><span style=\"vertical-align: inherit;\"><span style=\"vertical-align: inherit;\"><span dir=\"auto\" style=\"vertical-align: inherit;\"><span dir=\"auto\" style=\"vertical-align: inherit;\"> 2-fluorodeschloroketamina HCl <\/span><\/span><\/span><\/span><br \/>\n<strong><span style=\"vertical-align: inherit;\"><span style=\"vertical-align: inherit;\"><span dir=\"auto\" style=\"vertical-align: inherit;\"><span dir=\"auto\" style=\"vertical-align: inherit;\">Numer CAS:<\/span><\/span><\/span><\/span><\/strong><span style=\"vertical-align: inherit;\"><span style=\"vertical-align: inherit;\"><span dir=\"auto\" style=\"vertical-align: inherit;\"><span dir=\"auto\" style=\"vertical-align: inherit;\"> 111982-49-1 <\/span><\/span><\/span><\/span><br \/>\n<strong><span style=\"vertical-align: inherit;\"><span style=\"vertical-align: inherit;\"><span dir=\"auto\" style=\"vertical-align: inherit;\"><span dir=\"auto\" style=\"vertical-align: inherit;\">Formu\u0142a:<\/span><\/span><\/span><\/span><\/strong><span style=\"vertical-align: inherit;\"><span style=\"vertical-align: inherit;\"><span dir=\"auto\" style=\"vertical-align: inherit;\"><span dir=\"auto\" style=\"vertical-align: inherit;\"> 2-(2-fluorofenylo)-2-(metyloamino)-cykloheksanon <\/span><\/span><\/span><\/span><br \/>\n<strong><span style=\"vertical-align: inherit;\"><span style=\"vertical-align: inherit;\"><span dir=\"auto\" style=\"vertical-align: inherit;\"><span dir=\"auto\" style=\"vertical-align: inherit;\">Masa molowa:<\/span><\/span><\/span><\/span><\/strong><span style=\"vertical-align: inherit;\"><span style=\"vertical-align: inherit;\"><span dir=\"auto\" style=\"vertical-align: inherit;\"><span dir=\"auto\" style=\"vertical-align: inherit;\"> 257,7 g\/mol <\/span><\/span><\/span><\/span><br \/>\n<strong><span style=\"vertical-align: inherit;\"><span style=\"vertical-align: inherit;\"><span dir=\"auto\" style=\"vertical-align: inherit;\"><span dir=\"auto\" style=\"vertical-align: inherit;\">Czysto\u015b\u0107:<\/span><\/span><\/span><\/span><\/strong><span style=\"vertical-align: inherit;\"><span style=\"vertical-align: inherit;\"><span dir=\"auto\" style=\"vertical-align: inherit;\"><span dir=\"auto\" style=\"vertical-align: inherit;\"> &gt;98%<\/span><\/span><\/span><\/span><\/p>","protected":false},"featured_media":28494,"comment_status":"closed","ping_status":"closed","template":"","meta":[],"product_brand":[],"product_cat":[474,498,71,471,396],"product_tag":[1126,326,472],"class_list":{"0":"post-23724","1":"product","2":"type-product","3":"status-publish","4":"has-post-thumbnail","6":"product_cat-2f-dck-kopen","7":"product_cat-2f-dck-sprays","8":"product_cat-arylcyclohexylamine","9":"product_cat-chem-mist-sprays","10":"product_cat-liquid-rcs","11":"product_tag-chem-mist-2f-dck-kopen","12":"product_tag-nl","13":"product_tag-spring-is-in-the-air","15":"first","16":"instock","17":"taxable","18":"shipping-taxable","19":"purchasable","20":"product-type-variable"},"_links":{"self":[{"href":"https:\/\/researchchemicalhub.com\/pl\/wp-json\/wp\/v2\/product\/23724","targetHints":{"allow":["GET"]}}],"collection":[{"href":"https:\/\/researchchemicalhub.com\/pl\/wp-json\/wp\/v2\/product"}],"about":[{"href":"https:\/\/researchchemicalhub.com\/pl\/wp-json\/wp\/v2\/types\/product"}],"replies":[{"embeddable":true,"href":"https:\/\/researchchemicalhub.com\/pl\/wp-json\/wp\/v2\/comments?post=23724"}],"version-history":[{"count":5,"href":"https:\/\/researchchemicalhub.com\/pl\/wp-json\/wp\/v2\/product\/23724\/revisions"}],"predecessor-version":[{"id":27973,"href":"https:\/\/researchchemicalhub.com\/pl\/wp-json\/wp\/v2\/product\/23724\/revisions\/27973"}],"wp:featuredmedia":[{"embeddable":true,"href":"https:\/\/researchchemicalhub.com\/pl\/wp-json\/wp\/v2\/media\/28494"}],"wp:attachment":[{"href":"https:\/\/researchchemicalhub.com\/pl\/wp-json\/wp\/v2\/media?parent=23724"}],"wp:term":[{"taxonomy":"product_brand","embeddable":true,"href":"https:\/\/researchchemicalhub.com\/pl\/wp-json\/wp\/v2\/product_brand?post=23724"},{"taxonomy":"product_cat","embeddable":true,"href":"https:\/\/researchchemicalhub.com\/pl\/wp-json\/wp\/v2\/product_cat?post=23724"},{"taxonomy":"product_tag","embeddable":true,"href":"https:\/\/researchchemicalhub.com\/pl\/wp-json\/wp\/v2\/product_tag?post=23724"}],"curies":[{"name":"wp","href":"https:\/\/api.w.org\/{rel}","templated":true}]}}