{"id":23635,"date":"2025-04-13T17:40:07","date_gmt":"2025-04-13T17:40:07","guid":{"rendered":"https:\/\/researchchemicalhub.com\/?post_type=product&#038;p=23635"},"modified":"2025-10-30T09:10:39","modified_gmt":"2025-10-30T09:10:39","slug":"kup-4f-mph-2","status":"publish","type":"product","link":"https:\/\/researchchemicalhub.com\/pl\/sklep\/4-mile-na-godzine\/kup-4f-mph-2\/","title":{"rendered":"4F-MPH 30 MG Pellety (4-fluorometylofenidat)"},"content":{"rendered":"<h3 data-start=\"3944\" data-end=\"3963\"><strong data-start=\"3948\" data-end=\"3963\">Wst\u0119p<\/strong><\/h3>\n<p data-start=\"3964\" data-end=\"4264\"><strong data-start=\"3964\" data-end=\"4000\">4F-MPH (4-fluorometylofenidat)<\/strong> Pellety 30 MG s\u0105 <strong data-start=\"4020\" data-end=\"4066\">zwi\u0105zki badawcze o wysokiej czysto\u015bci<\/strong>, opracowany dla <strong data-start=\"4084\" data-end=\"4137\">badania neurologiczne i farmakologiczne<\/strong>Ta odmiana fluorometylofenidatu jest szeroko stosowana w badaniach <strong data-start=\"4212\" data-end=\"4261\">uk\u0142ady transportu dopaminergicznego i noradrenergicznego<\/strong>. 4f mph kupi\u0107<\/p>\n<p data-start=\"4266\" data-end=\"4517\">Ka\u017cda peletka zawiera <strong data-start=\"4284\" data-end=\"4308\">30 mg czystego 4F-MPH<\/strong>, starannie zmierzone, aby zapewni\u0107 wiarygodne i powtarzalne wyniki bada\u0144. Ten produkt jest przeznaczony wy\u0142\u0105cznie do <strong data-start=\"4441\" data-end=\"4473\">wykwalifikowani badacze<\/strong> w kontrolowanych warunkach laboratoryjnych.<\/p>\n<blockquote data-start=\"4519\" data-end=\"4668\">\n<p data-start=\"4521\" data-end=\"4668\">\u26a0\ufe0f <strong data-start=\"4524\" data-end=\"4535\">UWAGA:<\/strong> 4F-MPH 30 MG Pellets to <strong data-start=\"4562\" data-end=\"4617\">przeznaczone wy\u0142\u0105cznie do bada\u0144 naukowych<\/strong> I <strong data-start=\"4621\" data-end=\"4665\">nie nadaje si\u0119 do spo\u017cycia przez ludzi<\/strong>.<\/p>\n<\/blockquote>\n<hr data-start=\"4670\" data-end=\"4673\" \/>\n<h3 data-start=\"4675\" data-end=\"4706\"><strong data-start=\"4679\" data-end=\"4706\">G\u0142\u00f3wne cechy<\/strong><\/h3>\n<ul data-start=\"4707\" data-end=\"5183\">\n<li data-start=\"4707\" data-end=\"4802\">\n<p data-start=\"4709\" data-end=\"4802\"><strong data-start=\"4709\" data-end=\"4735\">Wysoka czysto\u015b\u0107 (\u226599%)<\/strong> \u2013 Testowane laboratoryjnie w celu zapewnienia optymalnej jako\u015bci i niezawodno\u015bci.<\/p>\n<\/li>\n<li data-start=\"4803\" data-end=\"4910\">\n<p data-start=\"4805\" data-end=\"4910\"><strong data-start=\"4805\" data-end=\"4837\">Dok\u0142adna dawka (30 mg)<\/strong> \u2013 Ka\u017cda granulka jest mierzona w ten sam spos\u00f3b, aby zapewni\u0107 powtarzalne wyniki.<\/p>\n<\/li>\n<li data-start=\"4911\" data-end=\"5000\">\n<p data-start=\"4913\" data-end=\"5000\"><strong data-start=\"4913\" data-end=\"4939\">Poprawiona stabilno\u015b\u0107<\/strong> \u2013 Forma granulatu zapobiega rozpadowi i wyd\u0142u\u017ca okres przydatno\u015bci do spo\u017cycia. Kup 4f mph<\/p>\n<\/li>\n<li data-start=\"5001\" data-end=\"5082\">\n<p data-start=\"5003\" data-end=\"5082\"><strong data-start=\"5003\" data-end=\"5037\">Niezawodna kontrola jako\u015bci<\/strong> \u2013 Wyprodukowano zgodnie ze standardami GMP.<\/p>\n<\/li>\n<li data-start=\"5083\" data-end=\"5183\">\n<p data-start=\"5085\" data-end=\"5183\"><strong data-start=\"5085\" data-end=\"5107\">Bezpieczne opakowanie<\/strong> \u2013 Opakowanie hermetyczne i odporne na wilgo\u0107, aby zachowa\u0107 integralno\u015b\u0107 produktu.<\/p>\n<\/li>\n<\/ul>\n<hr data-start=\"5185\" data-end=\"5188\" \/>\n<h3 data-start=\"5190\" data-end=\"5207\"><strong data-start=\"5194\" data-end=\"5207\">Zalety<\/strong><\/h3>\n<ul data-start=\"5208\" data-end=\"5479\">\n<li data-start=\"5208\" data-end=\"5284\">\n<p data-start=\"5210\" data-end=\"5284\">Zapewnia <strong data-start=\"5221\" data-end=\"5245\">Dok\u0142adne dawkowanie<\/strong> i sp\u00f3jnych wynik\u00f3w bada\u0144.<\/p>\n<\/li>\n<li data-start=\"5285\" data-end=\"5349\">\n<p data-start=\"5287\" data-end=\"5349\">Nadaje si\u0119 do <strong data-start=\"5301\" data-end=\"5346\">badania neurochemiczne i farmakologiczne<\/strong>.<\/p>\n<\/li>\n<li data-start=\"5350\" data-end=\"5408\">\n<p data-start=\"5352\" data-end=\"5408\"><strong data-start=\"5352\" data-end=\"5376\">D\u0142u\u017cszy okres przydatno\u015bci do spo\u017cycia<\/strong> dzi\u0119ki stabilnej formule.<\/p>\n<\/li>\n<li data-start=\"5409\" data-end=\"5479\">\n<p data-start=\"5411\" data-end=\"5479\">\u0141atwe do <strong data-start=\"5424\" data-end=\"5451\">obs\u0142ugiwa\u0107 i przechowywa\u0107<\/strong> bez utraty jako\u015bci.<\/p>\n<\/li>\n<\/ul>\n<hr data-start=\"5481\" data-end=\"5484\" \/>\n<h3 data-start=\"5486\" data-end=\"5501\"><strong data-start=\"5490\" data-end=\"5501\">Stosowanie<\/strong><\/h3>\n<ul data-start=\"5502\" data-end=\"5772\">\n<li data-start=\"5502\" data-end=\"5562\">\n<p data-start=\"5504\" data-end=\"5562\">Tylko do u\u017cytku <strong data-start=\"5529\" data-end=\"5559\">badania naukowe<\/strong>.<\/p>\n<\/li>\n<li data-start=\"5563\" data-end=\"5637\">\n<p data-start=\"5565\" data-end=\"5637\">Nosi\u0107 odpowiednie <strong data-start=\"5581\" data-end=\"5605\">sprz\u0119t ochronny<\/strong> (r\u0119kawiczki, okulary ochronne, fartuch laboratoryjny).<\/p>\n<\/li>\n<li data-start=\"5638\" data-end=\"5713\">\n<p data-start=\"5640\" data-end=\"5713\">Oszcz\u0119dzaj na <strong data-start=\"5655\" data-end=\"5678\">ch\u0142odne, suche miejsce<\/strong>, chroni\u0107 przed \u015bwiat\u0142em i wilgoci\u0105.<\/p>\n<\/li>\n<li data-start=\"5714\" data-end=\"5772\">\n<p data-start=\"5716\" data-end=\"5772\">Nie nadaje si\u0119 do spo\u017cycia przez ludzi i zwierz\u0119ta.<\/p>\n<\/li>\n<\/ul>\n<hr data-start=\"5774\" data-end=\"5777\" \/>\n<h3 data-start=\"5779\" data-end=\"5814\"><strong data-start=\"5783\" data-end=\"5814\">Cz\u0119sto zadawane pytania (FAQ)<\/strong><\/h3>\n<p data-start=\"5816\" data-end=\"6007\"><strong data-start=\"5816\" data-end=\"5854\">1. Do czego s\u0142u\u017cy 4F-MPH?<\/strong><br data-start=\"5854\" data-end=\"5857\" \/>4F-MPH jest u\u017cywany w <strong data-start=\"5882\" data-end=\"5927\">badania farmakologiczne i neurochemiczne<\/strong> do stymulant\u00f3w i uk\u0142ad\u00f3w neuroprzeka\u017anik\u00f3w, takich jak dopamina i noradrenalina.<\/p>\n<p data-start=\"6009\" data-end=\"6184\"><strong data-start=\"6009\" data-end=\"6062\">2. Czy preparat 4F-MPH 30 MG jest bezpieczny dla ludzi?<\/strong><br data-start=\"6062\" data-end=\"6065\" \/>Nie. Ten produkt jest <strong data-start=\"6085\" data-end=\"6134\">przeznaczone wy\u0142\u0105cznie do cel\u00f3w badawczych<\/strong> i nie s\u0105 dopuszczone do spo\u017cycia przez ludzi.<\/p>\n<p data-start=\"6186\" data-end=\"6359\"><strong data-start=\"6186\" data-end=\"6230\">3. Jak nale\u017cy przechowywa\u0107 4F-MPH 30 MG?<\/strong><br data-start=\"6230\" data-end=\"6233\" \/>Przechowywa\u0107 w <strong data-start=\"6248\" data-end=\"6278\">dobrze uszczelnione opakowanie<\/strong> pszczo\u0142a <strong data-start=\"6283\" data-end=\"6313\">temperatura pokojowa (15\u201325\u00b0C)<\/strong>, z dala od wilgoci i bezpo\u015bredniego \u015bwiat\u0142a s\u0142onecznego.<\/p>","protected":false},"excerpt":{"rendered":"<p><strong><span dir=\"auto\" style=\"vertical-align: inherit;\"><span dir=\"auto\" style=\"vertical-align: inherit;\">TYMCZASOWO W NIEBIESKICH GRANULKACH (r\u00f3\u017cnica tylko w kolorze).<\/span><\/span><\/strong><\/p>","protected":false},"featured_media":28441,"comment_status":"closed","ping_status":"closed","template":"","meta":[],"product_brand":[82],"product_cat":[444,445,322,333,324],"product_tag":[570,571,326],"class_list":{"0":"post-23635","1":"product","2":"type-product","3":"status-publish","4":"has-post-thumbnail","6":"product_brand-research-chemical","7":"product_cat-4f-mph","8":"product_cat-4f-mph-pellets","9":"product_cat-bijna-verboden","10":"product_cat-gefluoreerden","11":"product_cat-pellets-for-pellet","12":"product_tag-4f-mph-kopen","13":"product_tag-4f-mph","14":"product_tag-nl","16":"first","17":"instock","18":"taxable","19":"shipping-taxable","20":"purchasable","21":"product-type-variable"},"_links":{"self":[{"href":"https:\/\/researchchemicalhub.com\/pl\/wp-json\/wp\/v2\/product\/23635","targetHints":{"allow":["GET"]}}],"collection":[{"href":"https:\/\/researchchemicalhub.com\/pl\/wp-json\/wp\/v2\/product"}],"about":[{"href":"https:\/\/researchchemicalhub.com\/pl\/wp-json\/wp\/v2\/types\/product"}],"replies":[{"embeddable":true,"href":"https:\/\/researchchemicalhub.com\/pl\/wp-json\/wp\/v2\/comments?post=23635"}],"version-history":[{"count":6,"href":"https:\/\/researchchemicalhub.com\/pl\/wp-json\/wp\/v2\/product\/23635\/revisions"}],"predecessor-version":[{"id":27993,"href":"https:\/\/researchchemicalhub.com\/pl\/wp-json\/wp\/v2\/product\/23635\/revisions\/27993"}],"wp:featuredmedia":[{"embeddable":true,"href":"https:\/\/researchchemicalhub.com\/pl\/wp-json\/wp\/v2\/media\/28441"}],"wp:attachment":[{"href":"https:\/\/researchchemicalhub.com\/pl\/wp-json\/wp\/v2\/media?parent=23635"}],"wp:term":[{"taxonomy":"product_brand","embeddable":true,"href":"https:\/\/researchchemicalhub.com\/pl\/wp-json\/wp\/v2\/product_brand?post=23635"},{"taxonomy":"product_cat","embeddable":true,"href":"https:\/\/researchchemicalhub.com\/pl\/wp-json\/wp\/v2\/product_cat?post=23635"},{"taxonomy":"product_tag","embeddable":true,"href":"https:\/\/researchchemicalhub.com\/pl\/wp-json\/wp\/v2\/product_tag?post=23635"}],"curies":[{"name":"wp","href":"https:\/\/api.w.org\/{rel}","templated":true}]}}