{"id":23611,"date":"2025-04-13T17:40:06","date_gmt":"2025-04-13T17:40:06","guid":{"rendered":"https:\/\/researchchemicalhub.com\/?post_type=product&#038;p=23611"},"modified":"2025-10-30T09:11:28","modified_gmt":"2025-10-30T09:11:28","slug":"3-fpm-kup-2","status":"publish","type":"product","link":"https:\/\/researchchemicalhub.com\/pl\/sklep\/3-fpm-3-fluorofenmetrazyna\/3-fpm-kup-2\/","title":{"rendered":"3-FPM 50 MG Pellets (3-fluorofenmetrazyna)"},"content":{"rendered":"<h1><strong><span dir=\"auto\" style=\"vertical-align: inherit;\"><span dir=\"auto\" style=\"vertical-align: inherit;\">3 fpm 50 MG Pellets (3-fluorofenmetrazyna) \u2013 jako\u015b\u0107 i precyzja w badaniach<\/span><\/span><\/strong><\/h1>\n<p data-start=\"3687\" data-end=\"4034\"><strong data-start=\"3687\" data-end=\"3720\">3-FPM (3-fluorofenmetrazyna)<\/strong> Pellety 50 MG s\u0105 <strong data-start=\"3740\" data-end=\"3786\">zwi\u0105zki badawcze o wysokiej czysto\u015bci<\/strong>, opracowany dla <strong data-start=\"3804\" data-end=\"3857\">badania neurologiczne i farmakologiczne<\/strong>. Kup 3 fpm<br data-start=\"3858\" data-end=\"3861\" \/>Jako fluorowana odmiana <strong data-start=\"3894\" data-end=\"3911\">fenmetrazyna<\/strong> Trwaj\u0105 badania nad 3-FPM pod k\u0105tem jego potencja\u0142u w zakresie dostarczania informacji na temat <strong data-start=\"3982\" data-end=\"4031\">uk\u0142ady transportu dopaminergicznego i noradrenergicznego<\/strong>.<\/p>\n<p data-start=\"4036\" data-end=\"4294\">Ka\u017cda peletka zawiera <strong data-start=\"4054\" data-end=\"4085\">50 mg 3-fluorofenmetrazyny<\/strong>, starannie odmierzone, aby zapewni\u0107 dok\u0142adne dawkowanie i wiarygodne wyniki bada\u0144. Ten produkt jest przeznaczony wy\u0142\u0105cznie do <strong data-start=\"4211\" data-end=\"4243\">wykwalifikowani badacze<\/strong> I <strong data-start=\"4247\" data-end=\"4291\">nie nadaje si\u0119 do spo\u017cycia przez ludzi<\/strong>.<\/p>\n<blockquote data-start=\"4296\" data-end=\"4391\">\n<p data-start=\"4298\" data-end=\"4391\">\u26a0\ufe0f <strong data-start=\"4301\" data-end=\"4312\">UWAGA:<\/strong> Pellety 3-FPM 50 MG s\u0105 <strong data-start=\"4338\" data-end=\"4388\">przeznaczony wy\u0142\u0105cznie do bada\u0144 laboratoryjnych<\/strong>.<\/p>\n<\/blockquote>\n<hr data-start=\"4393\" data-end=\"4396\" \/>\n<h3 data-start=\"4398\" data-end=\"4429\"><strong data-start=\"4402\" data-end=\"4429\">G\u0142\u00f3wne cechy<\/strong><\/h3>\n<ul data-start=\"4430\" data-end=\"4879\">\n<li data-start=\"4430\" data-end=\"4525\">\n<p data-start=\"4432\" data-end=\"4525\"><strong data-start=\"4432\" data-end=\"4458\">Wysoka czysto\u015b\u0107 (\u226599%)<\/strong> \u2013 Jako\u015b\u0107, stabilno\u015b\u0107 i sk\u0142ad testowane laboratoryjnie.<\/p>\n<\/li>\n<li data-start=\"4526\" data-end=\"4614\">\n<p data-start=\"4528\" data-end=\"4614\"><strong data-start=\"4528\" data-end=\"4571\">Dok\u0142adne dawkowanie (50 mg na tabletk\u0119)<\/strong> \u2013 Zapewnia powtarzalne wyniki.<\/p>\n<\/li>\n<li data-start=\"4615\" data-end=\"4704\">\n<p data-start=\"4617\" data-end=\"4704\"><strong data-start=\"4617\" data-end=\"4643\">Poprawiona stabilno\u015b\u0107<\/strong> \u2013 Forma granulatu zapobiega degradacji i wyd\u0142u\u017ca okres przydatno\u015bci do spo\u017cycia.<\/p>\n<\/li>\n<li data-start=\"4705\" data-end=\"4783\">\n<p data-start=\"4707\" data-end=\"4783\"><strong data-start=\"4707\" data-end=\"4732\">Produkcja zgodna z GMP<\/strong> \u2013 Gwarancja sp\u00f3jno\u015bci i niezawodno\u015bci.<\/p>\n<\/li>\n<li data-start=\"4784\" data-end=\"4879\">\n<p data-start=\"4786\" data-end=\"4879\"><strong data-start=\"4786\" data-end=\"4808\">Bezpieczne opakowanie<\/strong> \u2013 Hermetyczne i odporne na wilgo\u0107 opakowanie chroni po\u0142\u0105czenie. Kup 3 fpm<\/p>\n<\/li>\n<\/ul>\n<hr data-start=\"4881\" data-end=\"4884\" \/>\n<h3 data-start=\"4886\" data-end=\"4903\"><strong data-start=\"4890\" data-end=\"4903\">Zalety<\/strong><\/h3>\n<ul data-start=\"4904\" data-end=\"5187\">\n<li data-start=\"4904\" data-end=\"4980\">\n<p data-start=\"4906\" data-end=\"4980\">Zapewnia <strong data-start=\"4917\" data-end=\"4941\">Dok\u0142adne dawkowanie<\/strong> i wiarygodnych wynik\u00f3w bada\u0144.<\/p>\n<\/li>\n<li data-start=\"4981\" data-end=\"5058\">\n<p data-start=\"4983\" data-end=\"5058\">Nadaje si\u0119 do <strong data-start=\"4997\" data-end=\"5055\">badania nad stymulantami i uk\u0142adami neuroprzeka\u017anik\u00f3w<\/strong>.<\/p>\n<\/li>\n<li data-start=\"5059\" data-end=\"5107\">\n<p data-start=\"5061\" data-end=\"5107\"><strong data-start=\"5061\" data-end=\"5083\">D\u0142ugi okres przydatno\u015bci do spo\u017cycia<\/strong> i \u0142atwe przechowywanie.<\/p>\n<\/li>\n<li data-start=\"5108\" data-end=\"5187\">\n<p data-start=\"5110\" data-end=\"5187\"><strong data-start=\"5110\" data-end=\"5143\">Przyjazny dla u\u017cytkownika i bezpieczny<\/strong> w kontrolowanych warunkach laboratoryjnych.<\/p>\n<\/li>\n<\/ul>\n<hr data-start=\"5189\" data-end=\"5192\" \/>\n<h3 data-start=\"5194\" data-end=\"5209\"><strong data-start=\"5198\" data-end=\"5209\">Stosowanie<\/strong><\/h3>\n<ul data-start=\"5210\" data-end=\"5490\">\n<li data-start=\"5210\" data-end=\"5272\">\n<p data-start=\"5212\" data-end=\"5272\">Tylko dla <strong data-start=\"5224\" data-end=\"5269\">badania naukowe i laboratoryjne<\/strong>.<\/p>\n<\/li>\n<li data-start=\"5273\" data-end=\"5356\">\n<p data-start=\"5275\" data-end=\"5356\">Nosi\u0107 odpowiednie <strong data-start=\"5291\" data-end=\"5315\">sprz\u0119t ochronny<\/strong> takie jak r\u0119kawice i okulary ochronne.<\/p>\n<\/li>\n<li data-start=\"5357\" data-end=\"5432\">\n<p data-start=\"5359\" data-end=\"5432\">Oszcz\u0119dzaj na <strong data-start=\"5374\" data-end=\"5397\">ch\u0142odne, suche miejsce<\/strong>, chroni\u0107 przed \u015bwiat\u0142em i wilgoci\u0105.<\/p>\n<\/li>\n<li data-start=\"5433\" data-end=\"5490\">\n<p data-start=\"5435\" data-end=\"5490\">Produkt nie jest przeznaczony do spo\u017cycia przez ludzi i zwierz\u0119ta.<\/p>\n<\/li>\n<\/ul>\n<hr data-start=\"5492\" data-end=\"5495\" \/>\n<h3 data-start=\"5497\" data-end=\"5532\"><strong data-start=\"5501\" data-end=\"5532\">Cz\u0119sto zadawane pytania (FAQ)<\/strong><\/h3>\n<p data-start=\"5534\" data-end=\"5687\"><strong data-start=\"5534\" data-end=\"5571\">1. Do czego s\u0142u\u017cy metoda 3-FPM?<\/strong><br data-start=\"5571\" data-end=\"5574\" \/>3-FPM jest stosowany w <strong data-start=\"5598\" data-end=\"5633\">badania neurologiczne<\/strong> do stymulant\u00f3w i mechanizm\u00f3w transportu monoamin.<\/p>\n<p data-start=\"5689\" data-end=\"5865\"><strong data-start=\"5689\" data-end=\"5743\">2. Czy preparat 3-FPM 50 MG nadaje si\u0119 do stosowania u ludzi?<\/strong><br data-start=\"5743\" data-end=\"5746\" \/>Nie. Ten produkt jest <strong data-start=\"5766\" data-end=\"5815\">przeznaczone wy\u0142\u0105cznie do cel\u00f3w badawczych<\/strong> i nie s\u0105 dopuszczone do spo\u017cycia przez ludzi.<\/p>\n<p data-start=\"5867\" data-end=\"6035\"><strong data-start=\"5867\" data-end=\"5910\">3. Jak nale\u017cy przechowywa\u0107 preparat 3-FPM 50 MG?<\/strong><br data-start=\"5910\" data-end=\"5913\" \/>Przechowywa\u0107 w <strong data-start=\"5928\" data-end=\"5958\">dobrze uszczelnione opakowanie<\/strong> w temperaturze pokojowej (15\u201325\u00b0C), z dala od wilgoci i bezpo\u015bredniego \u015bwiat\u0142a s\u0142onecznego.<\/p>\n<h3><a style=\"font-size: 16px;\" href=\"https:\/\/researchchemicalhub.com\/pl\/sklep\/iboga-ibogaina\/kora-korzenia-ibogi\/\"><span dir=\"auto\" style=\"vertical-align: inherit;\"><span dir=\"auto\" style=\"vertical-align: inherit;\">kora korzenia ibogi<\/span><\/span><\/a><a style=\"font-size: 16px;\" href=\"https:\/\/researchchemicalhub.com\/pl\/sklep\/iboga-ibogaina\/kup-ibogaine-hcl-online\/\"><span dir=\"auto\" style=\"vertical-align: inherit;\"><span dir=\"auto\" style=\"vertical-align: inherit;\">kup ibogain\u0119 hcl online<\/span><\/span><\/a><a style=\"font-size: 16px;\" href=\"https:\/\/researchchemicalhub.com\/pl\/sklep\/lizergamidy\/1cp-lsd-150-mcg-bibuly-artystyczne\/\"><span dir=\"auto\" style=\"vertical-align: inherit;\"><span dir=\"auto\" style=\"vertical-align: inherit;\">1cp lsd <\/span><\/span><\/a><a style=\"font-size: 16px;\" href=\"https:\/\/researchchemicalhub.com\/pl\/sklep\/peletki-2\/o-dsmt-50mg-granulki\/\"><span dir=\"auto\" style=\"vertical-align: inherit;\"><span dir=\"auto\" style=\"vertical-align: inherit;\">o-dsmt <\/span><\/span><\/a><a style=\"font-size: 16px;\" href=\"https:\/\/researchchemicalhub.com\/pl\/sklep\/lizergamidy\/1v-lsd-150-mcg-blottery\/\"><span dir=\"auto\" style=\"vertical-align: inherit;\"><span dir=\"auto\" style=\"vertical-align: inherit;\">1vlsd<\/span><\/span><\/a><\/h3>","protected":false},"excerpt":{"rendered":"<p>3 fpm 50 MG Pellets (3-Fluorophenmetrazine) \u2013 Quality and Precision in Research 3-FPM (3-Fluorophenmetrazine) 50 MG Pellets zijn onderzoeksverbindingen van<\/p>","protected":false},"featured_media":28406,"comment_status":"closed","ping_status":"closed","template":"","meta":[],"product_brand":[82],"product_cat":[441,442,322,333,324],"product_tag":[606,601,605,326],"class_list":{"0":"post-23611","1":"product","2":"type-product","3":"status-publish","4":"has-post-thumbnail","6":"product_brand-research-chemical","7":"product_cat-3-fpm","8":"product_cat-3-fpm-pellets","9":"product_cat-bijna-verboden","10":"product_cat-gefluoreerden","11":"product_cat-pellets-for-pellet","12":"product_tag-3-fluorophenmetrazine","13":"product_tag-3-fpm","14":"product_tag-3fpm","15":"product_tag-nl","17":"first","18":"instock","19":"taxable","20":"shipping-taxable","21":"purchasable","22":"product-type-variable"},"_links":{"self":[{"href":"https:\/\/researchchemicalhub.com\/pl\/wp-json\/wp\/v2\/product\/23611","targetHints":{"allow":["GET"]}}],"collection":[{"href":"https:\/\/researchchemicalhub.com\/pl\/wp-json\/wp\/v2\/product"}],"about":[{"href":"https:\/\/researchchemicalhub.com\/pl\/wp-json\/wp\/v2\/types\/product"}],"replies":[{"embeddable":true,"href":"https:\/\/researchchemicalhub.com\/pl\/wp-json\/wp\/v2\/comments?post=23611"}],"version-history":[{"count":5,"href":"https:\/\/researchchemicalhub.com\/pl\/wp-json\/wp\/v2\/product\/23611\/revisions"}],"predecessor-version":[{"id":27994,"href":"https:\/\/researchchemicalhub.com\/pl\/wp-json\/wp\/v2\/product\/23611\/revisions\/27994"}],"wp:featuredmedia":[{"embeddable":true,"href":"https:\/\/researchchemicalhub.com\/pl\/wp-json\/wp\/v2\/media\/28406"}],"wp:attachment":[{"href":"https:\/\/researchchemicalhub.com\/pl\/wp-json\/wp\/v2\/media?parent=23611"}],"wp:term":[{"taxonomy":"product_brand","embeddable":true,"href":"https:\/\/researchchemicalhub.com\/pl\/wp-json\/wp\/v2\/product_brand?post=23611"},{"taxonomy":"product_cat","embeddable":true,"href":"https:\/\/researchchemicalhub.com\/pl\/wp-json\/wp\/v2\/product_cat?post=23611"},{"taxonomy":"product_tag","embeddable":true,"href":"https:\/\/researchchemicalhub.com\/pl\/wp-json\/wp\/v2\/product_tag?post=23611"}],"curies":[{"name":"wp","href":"https:\/\/api.w.org\/{rel}","templated":true}]}}