{"id":23573,"date":"2025-04-13T17:40:00","date_gmt":"2025-04-13T17:40:00","guid":{"rendered":"https:\/\/researchchemicalhub.com\/?post_type=product&#038;p=23573"},"modified":"2025-10-19T10:58:08","modified_gmt":"2025-10-19T10:58:08","slug":"lsz-l-winian-czysty","status":"publish","type":"product","link":"https:\/\/researchchemicalhub.com\/pl\/sklep\/lsz\/lsz-l-winian-czysty\/","title":{"rendered":"LSZ L-winian czysty"},"content":{"rendered":"<h3><span dir=\"auto\" style=\"vertical-align: inherit;\"><span dir=\"auto\" style=\"vertical-align: inherit;\">LSZ L-winian czysty \u2013 wysokiej jako\u015bci substancja chemiczna do bada\u0144 naukowych<\/span><\/span><\/h3>\n<p data-start=\"3744\" data-end=\"3935\"><strong data-start=\"3744\" data-end=\"3811\">LSZ L-winian (2,4-dimetyloazetydyd kwasu lizergowego L-winian)<\/strong> jest <strong data-start=\"3819\" data-end=\"3861\">zwi\u0105zek badawczy o wysokiej czysto\u015bci<\/strong>, opracowany dla <strong data-start=\"3879\" data-end=\"3932\">badania neurologiczne i farmakologiczne<\/strong>. <span class=\"___SBox_epc1q-ko_ ___SText_zko9t-ko_\" data-ui-name=\"Link.Text\">lsz<\/span><\/p>\n<p data-start=\"3937\" data-end=\"4264\">Je\u015bli <strong data-start=\"3941\" data-end=\"4001\">analog strukturalny LSD (dietyloamidu kwasu lizergowego)<\/strong> LSZ zawiera <strong data-start=\"4016\" data-end=\"4046\">Grupa 2,4-dimetyloazetydydowa<\/strong> zamiast grupy dietyloamidowej. To czyni j\u0105 szczeg\u00f3lnie cenn\u0105 dla <strong data-start=\"4123\" data-end=\"4163\">badania nad receptorami serotoninowymi<\/strong>, <strong data-start=\"4165\" data-end=\"4187\">powinowactwo wi\u0105zania<\/strong> I <strong data-start=\"4191\" data-end=\"4233\">zale\u017cno\u015bci struktura-aktywno\u015b\u0107 (SAR)<\/strong> w obr\u0119bie klasy lizergamidu.<\/p>\n<p data-start=\"4266\" data-end=\"4451\">Ten <strong data-start=\"4269\" data-end=\"4291\">Forma soli L-winianowej<\/strong> zwi\u0119ksza <strong data-start=\"4304\" data-end=\"4346\">stabilno\u015b\u0107 chemiczna i rozpuszczalno\u015b\u0107<\/strong>, dzi\u0119ki czemu produkt ten idealnie nadaje si\u0119 do d\u0142ugotrwa\u0142ego przechowywania i precyzyjnych zastosowa\u0144 laboratoryjnych.<\/p>\n<blockquote data-start=\"4453\" data-end=\"4604\">\n<p data-start=\"4455\" data-end=\"4604\">\u26a0\ufe0f <strong data-start=\"4458\" data-end=\"4469\">UWAGA:<\/strong> Ten produkt jest <strong data-start=\"4485\" data-end=\"4540\">przeznaczone wy\u0142\u0105cznie do bada\u0144 naukowych<\/strong> I <strong data-start=\"4544\" data-end=\"4601\">nie nadaje si\u0119 do spo\u017cycia przez ludzi i zwierz\u0119ta<\/strong>.<\/p>\n<\/blockquote>\n<hr data-start=\"4606\" data-end=\"4609\" \/>\n<h3 data-start=\"4611\" data-end=\"4642\"><strong data-start=\"4615\" data-end=\"4642\">G\u0142\u00f3wne cechy<\/strong><\/h3>\n<ul data-start=\"4643\" data-end=\"5086\">\n<li data-start=\"4643\" data-end=\"4741\">\n<p data-start=\"4645\" data-end=\"4741\"><strong data-start=\"4645\" data-end=\"4671\">Wysoka czysto\u015b\u0107 (\u226599%)<\/strong> \u2013 Przebadano laboratoryjnie pod k\u0105tem sk\u0142adu, stabilno\u015bci i to\u017csamo\u015bci.<\/p>\n<\/li>\n<li data-start=\"4742\" data-end=\"4829\">\n<p data-start=\"4744\" data-end=\"4829\"><strong data-start=\"4744\" data-end=\"4775\">Stabilna forma soli L-winianowej<\/strong> \u2013 Wyd\u0142u\u017ca okres przydatno\u015bci do spo\u017cycia i u\u0142atwia obs\u0142ug\u0119.<\/p>\n<\/li>\n<li data-start=\"4830\" data-end=\"4915\">\n<p data-start=\"4832\" data-end=\"4915\"><strong data-start=\"4832\" data-end=\"4871\">Standard Bada\u0144 Farmakologicznych<\/strong> \u2013 Idealny do bada\u0144 receptor\u00f3w i SAR.<\/p>\n<\/li>\n<li data-start=\"4916\" data-end=\"4997\">\n<p data-start=\"4918\" data-end=\"4997\"><strong data-start=\"4918\" data-end=\"4957\">Warunki produkcji zgodne z GMP<\/strong> \u2013 Gwarancja sta\u0142ej jako\u015bci.<\/p>\n<\/li>\n<li data-start=\"4998\" data-end=\"5086\">\n<p data-start=\"5000\" data-end=\"5086\"><strong data-start=\"5000\" data-end=\"5022\">Bezpieczne opakowanie<\/strong> \u2013 Hermetyczne i nieprzepuszczaj\u0105ce \u015bwiat\u0142a opakowanie zapewniaj\u0105ce maksymaln\u0105 ochron\u0119.<\/p>\n<\/li>\n<\/ul>\n<hr data-start=\"5088\" data-end=\"5091\" \/>\n<h3 data-start=\"5093\" data-end=\"5110\"><strong data-start=\"5097\" data-end=\"5110\">Zalety<\/strong><\/h3>\n<ul data-start=\"5111\" data-end=\"5378\">\n<li data-start=\"5111\" data-end=\"5182\">\n<p data-start=\"5113\" data-end=\"5182\">Zapewnia <strong data-start=\"5124\" data-end=\"5179\">wiarygodne i powtarzalne wyniki bada\u0144<\/strong>.<\/p>\n<\/li>\n<li data-start=\"5183\" data-end=\"5264\">\n<p data-start=\"5185\" data-end=\"5264\">Wspiera <strong data-start=\"5197\" data-end=\"5261\">badania nad receptorami serotoninowymi i analogami lizergamidu<\/strong>.<\/p>\n<\/li>\n<li data-start=\"5265\" data-end=\"5318\">\n<p data-start=\"5267\" data-end=\"5318\"><strong data-start=\"5267\" data-end=\"5293\">Poprawiona stabilno\u015b\u0107<\/strong> i d\u0142ugi okres przydatno\u015bci do spo\u017cycia.<\/p>\n<\/li>\n<li data-start=\"5319\" data-end=\"5378\">\n<p data-start=\"5321\" data-end=\"5378\"><strong data-start=\"5321\" data-end=\"5350\">Doskona\u0142a rozpuszczalno\u015b\u0107<\/strong> do bada\u0144 analitycznych.<\/p>\n<\/li>\n<\/ul>\n<hr data-start=\"5380\" data-end=\"5383\" \/>\n<h3 data-start=\"5385\" data-end=\"5400\"><strong data-start=\"5389\" data-end=\"5400\">Stosowanie<\/strong><\/h3>\n<ul data-start=\"5401\" data-end=\"5681\">\n<li data-start=\"5401\" data-end=\"5471\">\n<p data-start=\"5403\" data-end=\"5471\">Do u\u017cytku wy\u0142\u0105cznie przez <strong data-start=\"5428\" data-end=\"5468\">wykwalifikowany personel laboratoryjny<\/strong>.<\/p>\n<\/li>\n<li data-start=\"5472\" data-end=\"5557\">\n<p data-start=\"5474\" data-end=\"5557\">Nosi\u0107 odpowiednie <strong data-start=\"5490\" data-end=\"5514\">sprz\u0119t ochronny<\/strong> (r\u0119kawice, okulary ochronne, maska).<\/p>\n<\/li>\n<li data-start=\"5558\" data-end=\"5622\">\n<p data-start=\"5560\" data-end=\"5622\">Oszcz\u0119dzaj na <strong data-start=\"5575\" data-end=\"5609\">ch\u0142odne, suche i ciemne miejsce<\/strong> (15\u201325\u00b0C).<\/p>\n<\/li>\n<li data-start=\"5623\" data-end=\"5681\">\n<p data-start=\"5625\" data-end=\"5681\">Nie nadaje si\u0119 do spo\u017cycia przez ludzi i zwierz\u0119ta.<\/p>\n<\/li>\n<\/ul>\n<hr data-start=\"5683\" data-end=\"5686\" \/>\n<h3 data-start=\"5688\" data-end=\"5723\"><strong data-start=\"5692\" data-end=\"5723\">Cz\u0119sto zadawane pytania (FAQ)<\/strong><\/h3>\n<p data-start=\"5725\" data-end=\"5908\"><strong data-start=\"5725\" data-end=\"5771\">1. Do czego s\u0142u\u017cy L-winian LSZ?<\/strong><br data-start=\"5771\" data-end=\"5774\" \/>L-winian LSZ jest stosowany do <strong data-start=\"5809\" data-end=\"5854\">badania farmakologiczne i neurochemiczne<\/strong> do receptor\u00f3w serotoninowych i analog\u00f3w lizergamidu.<\/p>\n<p data-start=\"5910\" data-end=\"6087\"><strong data-start=\"5910\" data-end=\"5965\">2. Czy L-winian LSZ jest bezpieczny dla ludzi?<\/strong><br data-start=\"5965\" data-end=\"5968\" \/>Nie. Ten produkt jest <strong data-start=\"5988\" data-end=\"6037\">przeznaczone wy\u0142\u0105cznie do cel\u00f3w badawczych<\/strong> i nie s\u0105 dopuszczone do spo\u017cycia przez ludzi.<\/p>\n<p data-start=\"6089\" data-end=\"6249\"><strong data-start=\"6089\" data-end=\"6135\">3. Jak nale\u017cy przechowywa\u0107 L-winian LSZ?<\/strong><br data-start=\"6135\" data-end=\"6138\" \/>Przechowywa\u0107 w <strong data-start=\"6153\" data-end=\"6183\">dobrze uszczelnione opakowanie<\/strong> na <strong data-start=\"6191\" data-end=\"6214\">ch\u0142odne, suche miejsce<\/strong>, chroni\u0107 przed \u015bwiat\u0142em i wilgoci\u0105.<\/p>\n<p><span dir=\"auto\" style=\"vertical-align: inherit;\"><span dir=\"auto\" style=\"vertical-align: inherit;\">. <\/span><\/span><a href=\"https:\/\/researchchemicalhub.com\/pl\/sklep\/iboga-ibogaina\/kora-korzenia-ibogi\/\"><span dir=\"auto\" style=\"vertical-align: inherit;\"><span dir=\"auto\" style=\"vertical-align: inherit;\">Kora korzenia ibogi<\/span><\/span><\/a><a href=\"https:\/\/researchchemicalhub.com\/pl\/sklep\/iboga-ibogaina\/kup-ibogaine-hcl-online\/\"><span dir=\"auto\" style=\"vertical-align: inherit;\"><span dir=\"auto\" style=\"vertical-align: inherit;\">kup ibogain\u0119 hcl online<\/span><\/span><\/a><a href=\"https:\/\/researchchemicalhub.com\/pl\/sklep\/lizergamidy\/1cp-lsd-150-mcg-bibuly-artystyczne\/\"><span dir=\"auto\" style=\"vertical-align: inherit;\"><span dir=\"auto\" style=\"vertical-align: inherit;\">1cp lsd <\/span><\/span><\/a><a href=\"https:\/\/researchchemicalhub.com\/pl\/sklep\/peletki-2\/o-dsmt-50mg-granulki\/\"><span dir=\"auto\" style=\"vertical-align: inherit;\"><span dir=\"auto\" style=\"vertical-align: inherit;\">o-dsmt <\/span><\/span><\/a><a href=\"https:\/\/researchchemicalhub.com\/pl\/sklep\/lizergamidy\/1v-lsd-150-mcg-blottery\/\"><span dir=\"auto\" style=\"vertical-align: inherit;\"><span dir=\"auto\" style=\"vertical-align: inherit;\">1vlsd<\/span><\/span><\/a><\/p>","protected":false},"excerpt":{"rendered":"<h3><span style=\"vertical-align: inherit;\"><span style=\"vertical-align: inherit;\"><span dir=\"auto\" style=\"vertical-align: inherit;\"><span dir=\"auto\" style=\"vertical-align: inherit;\">W\u0142a\u015bciwo\u015bci L-winianu LSZ<\/span><\/span><\/span><\/span><\/h3>\n<p><strong><span style=\"vertical-align: inherit;\"><span style=\"vertical-align: inherit;\"><span dir=\"auto\" style=\"vertical-align: inherit;\"><span dir=\"auto\" style=\"vertical-align: inherit;\">Synonim:<\/span><\/span><\/span><\/span><\/strong><span style=\"vertical-align: inherit;\"><span style=\"vertical-align: inherit;\"><span dir=\"auto\" style=\"vertical-align: inherit;\"><span dir=\"auto\" style=\"vertical-align: inherit;\"> kwas lizergowy 2,4-dimetyloazetydyd hemi-L-winian <\/span><\/span><\/span><\/span><br \/>\n<strong><span style=\"vertical-align: inherit;\"><span style=\"vertical-align: inherit;\"><span dir=\"auto\" style=\"vertical-align: inherit;\"><span dir=\"auto\" style=\"vertical-align: inherit;\">Numer CAS:<\/span><\/span><\/span><\/span><\/strong><span style=\"vertical-align: inherit;\"><span style=\"vertical-align: inherit;\"><span dir=\"auto\" style=\"vertical-align: inherit;\"><span dir=\"auto\" style=\"vertical-align: inherit;\"> 470666-32-1 <\/span><\/span><\/span><\/span><br \/>\n<strong><span style=\"vertical-align: inherit;\"><span style=\"vertical-align: inherit;\"><span dir=\"auto\" style=\"vertical-align: inherit;\"><span dir=\"auto\" style=\"vertical-align: inherit;\">Formu\u0142a:<\/span><\/span><\/span><\/span><\/strong><span style=\"vertical-align: inherit;\"><span style=\"vertical-align: inherit;\"><span dir=\"auto\" style=\"vertical-align: inherit;\"><span dir=\"auto\" style=\"vertical-align: inherit;\"> ((2S,4S)-2,4-dimetyloazetydyn-1-yl+*(8\u03b2)-6-metylo-9,10-didehydroergolin-8-yl+metanon <\/span><\/span><\/span><\/span><br \/>\n<strong><span style=\"vertical-align: inherit;\"><span style=\"vertical-align: inherit;\"><span dir=\"auto\" style=\"vertical-align: inherit;\"><span dir=\"auto\" style=\"vertical-align: inherit;\">Masa molowa:<\/span><\/span><\/span><\/span><\/strong><span style=\"vertical-align: inherit;\"><span style=\"vertical-align: inherit;\"><span dir=\"auto\" style=\"vertical-align: inherit;\"><span dir=\"auto\" style=\"vertical-align: inherit;\"> 410,5 g\/mol <\/span><\/span><\/span><\/span><br \/>\n<strong><span style=\"vertical-align: inherit;\"><span style=\"vertical-align: inherit;\"><span dir=\"auto\" style=\"vertical-align: inherit;\"><span dir=\"auto\" style=\"vertical-align: inherit;\">Czysto\u015b\u0107:<\/span><\/span><\/span><\/span><\/strong><span style=\"vertical-align: inherit;\"><span style=\"vertical-align: inherit;\"><span dir=\"auto\" style=\"vertical-align: inherit;\"><span dir=\"auto\" style=\"vertical-align: inherit;\"> &gt;97%<\/span><\/span><\/span><\/span><\/p>","protected":false},"featured_media":20489,"comment_status":"closed","ping_status":"closed","template":"","meta":[],"product_brand":[82],"product_cat":[366,358],"product_tag":[775,326],"class_list":{"0":"post-23573","1":"product","2":"type-product","3":"status-publish","4":"has-post-thumbnail","6":"product_brand-research-chemical","7":"product_cat-lsz","8":"product_cat-lysergamides","9":"product_tag-lsz","10":"product_tag-nl","12":"first","13":"instock","14":"taxable","15":"shipping-taxable","16":"purchasable","17":"product-type-variable"},"_links":{"self":[{"href":"https:\/\/researchchemicalhub.com\/pl\/wp-json\/wp\/v2\/product\/23573","targetHints":{"allow":["GET"]}}],"collection":[{"href":"https:\/\/researchchemicalhub.com\/pl\/wp-json\/wp\/v2\/product"}],"about":[{"href":"https:\/\/researchchemicalhub.com\/pl\/wp-json\/wp\/v2\/types\/product"}],"replies":[{"embeddable":true,"href":"https:\/\/researchchemicalhub.com\/pl\/wp-json\/wp\/v2\/comments?post=23573"}],"version-history":[{"count":5,"href":"https:\/\/researchchemicalhub.com\/pl\/wp-json\/wp\/v2\/product\/23573\/revisions"}],"predecessor-version":[{"id":28011,"href":"https:\/\/researchchemicalhub.com\/pl\/wp-json\/wp\/v2\/product\/23573\/revisions\/28011"}],"wp:featuredmedia":[{"embeddable":true,"href":"https:\/\/researchchemicalhub.com\/pl\/wp-json\/wp\/v2\/media\/20489"}],"wp:attachment":[{"href":"https:\/\/researchchemicalhub.com\/pl\/wp-json\/wp\/v2\/media?parent=23573"}],"wp:term":[{"taxonomy":"product_brand","embeddable":true,"href":"https:\/\/researchchemicalhub.com\/pl\/wp-json\/wp\/v2\/product_brand?post=23573"},{"taxonomy":"product_cat","embeddable":true,"href":"https:\/\/researchchemicalhub.com\/pl\/wp-json\/wp\/v2\/product_cat?post=23573"},{"taxonomy":"product_tag","embeddable":true,"href":"https:\/\/researchchemicalhub.com\/pl\/wp-json\/wp\/v2\/product_tag?post=23573"}],"curies":[{"name":"wp","href":"https:\/\/api.w.org\/{rel}","templated":true}]}}