{"id":23559,"date":"2025-04-13T17:39:57","date_gmt":"2025-04-13T17:39:57","guid":{"rendered":"https:\/\/researchchemicalhub.com\/?post_type=product&#038;p=23559"},"modified":"2025-10-19T11:15:46","modified_gmt":"2025-10-19T11:15:46","slug":"1p-lsd-l-winian-czysty","status":"publish","type":"product","link":"https:\/\/researchchemicalhub.com\/pl\/sklep\/lizergamidy\/1p-lsd-l-winian-czysty\/","title":{"rendered":"1P-LSD L-winian Czysty"},"content":{"rendered":"<h1><span dir=\"auto\" style=\"vertical-align: inherit;\"><span dir=\"auto\" style=\"vertical-align: inherit;\">1P-LSD L-winian \u2013 rozszerzony opis produktu do bada\u0144 naukowych<\/span><\/span><\/h1>\n<p data-start=\"3759\" data-end=\"3969\"><strong data-start=\"3759\" data-end=\"3831\">1P-LSD L-winian (dietyloamid kwasu 1-propionylo-lizergowego L-winian)<\/strong> jest <strong data-start=\"3839\" data-end=\"3883\">zwi\u0105zek badawczy o wysokiej czysto\u015bci<\/strong>, opracowany dla <strong data-start=\"3901\" data-end=\"3966\">badania neurologiczne, farmakologiczne i analityczne<\/strong>.<\/p>\n<p data-start=\"3971\" data-end=\"4280\">Je\u015bli <strong data-start=\"3975\" data-end=\"4035\">analog strukturalny LSD (dietyloamidu kwasu lizergowego)<\/strong> zawiera 1P-LSD <strong data-start=\"4053\" data-end=\"4071\">grupa propionylowa<\/strong> do azotu indolowego. Ta zmiana sprawia, \u017ce zwi\u0105zek ten jest cenny dla <strong data-start=\"4145\" data-end=\"4186\">zale\u017cno\u015b\u0107 struktura-aktywno\u015b\u0107 (SAR)<\/strong>-badania, <strong data-start=\"4198\" data-end=\"4237\">badania receptora serotoninowego (5-HT2A)<\/strong> I <strong data-start=\"4241\" data-end=\"4277\">cele analityczne<\/strong>.<\/p>\n<p data-start=\"4282\" data-end=\"4446\">Ten <strong data-start=\"4285\" data-end=\"4307\">Forma soli L-winianowej<\/strong> zwi\u0119ksza <strong data-start=\"4320\" data-end=\"4362\">stabilno\u015b\u0107 chemiczna i rozpuszczalno\u015b\u0107<\/strong>, co czyni go idealnym do d\u0142ugoterminowego przechowywania i dok\u0142adnych bada\u0144 laboratoryjnych.<\/p>\n<blockquote data-start=\"4448\" data-end=\"4599\">\n<p data-start=\"4450\" data-end=\"4599\">\u26a0\ufe0f <strong data-start=\"4453\" data-end=\"4464\">UWAGA:<\/strong> Ten produkt jest <strong data-start=\"4480\" data-end=\"4535\">przeznaczone wy\u0142\u0105cznie do bada\u0144 naukowych<\/strong> I <strong data-start=\"4539\" data-end=\"4596\">nie nadaje si\u0119 do spo\u017cycia przez ludzi i zwierz\u0119ta<\/strong>.<\/p>\n<\/blockquote>\n<hr data-start=\"4601\" data-end=\"4604\" \/>\n<h3 data-start=\"4606\" data-end=\"4637\"><strong data-start=\"4610\" data-end=\"4637\">G\u0142\u00f3wne cechy<\/strong><\/h3>\n<ul data-start=\"4638\" data-end=\"5076\">\n<li data-start=\"4638\" data-end=\"4736\">\n<p data-start=\"4640\" data-end=\"4736\"><strong data-start=\"4640\" data-end=\"4666\">Wysoka czysto\u015b\u0107 (\u226599%)<\/strong> \u2013 Przebadano laboratoryjnie pod k\u0105tem to\u017csamo\u015bci, sk\u0142adu i stabilno\u015bci.<\/p>\n<\/li>\n<li data-start=\"4737\" data-end=\"4817\">\n<p data-start=\"4739\" data-end=\"4817\"><strong data-start=\"4739\" data-end=\"4770\">Stabilna forma soli L-winianowej<\/strong> \u2013 Wyd\u0142u\u017ca okres przydatno\u015bci do spo\u017cycia i zapobiega degradacji.<\/p>\n<\/li>\n<li data-start=\"4818\" data-end=\"4915\">\n<p data-start=\"4820\" data-end=\"4915\"><strong data-start=\"4820\" data-end=\"4859\">Standard Bada\u0144 Farmakologicznych<\/strong> \u2013 Nadaje si\u0119 do bada\u0144 receptorowych i neurochemicznych.<\/p>\n<\/li>\n<li data-start=\"4916\" data-end=\"4995\">\n<p data-start=\"4918\" data-end=\"4995\"><strong data-start=\"4918\" data-end=\"4943\">Produkcja zgodna z GMP<\/strong> \u2013 Gwarancja jako\u015bci i powtarzalno\u015bci.<\/p>\n<\/li>\n<li data-start=\"4996\" data-end=\"5076\">\n<p data-start=\"4998\" data-end=\"5076\"><strong data-start=\"4998\" data-end=\"5020\">Bezpieczne opakowanie<\/strong> \u2013 Hermetyczne i nieprzepuszczaj\u0105ce \u015bwiat\u0142a dla optymalnej ochrony.<\/p>\n<\/li>\n<\/ul>\n<hr data-start=\"5078\" data-end=\"5081\" \/>\n<h3 data-start=\"5083\" data-end=\"5100\"><strong data-start=\"5087\" data-end=\"5100\">Zalety<\/strong><\/h3>\n<ul data-start=\"5101\" data-end=\"5360\">\n<li data-start=\"5101\" data-end=\"5182\">\n<p data-start=\"5103\" data-end=\"5182\">Wspiera <strong data-start=\"5115\" data-end=\"5179\">badania nad analogami lizergamidu i receptorami serotoninowymi<\/strong>.<\/p>\n<\/li>\n<li data-start=\"5183\" data-end=\"5247\">\n<p data-start=\"5185\" data-end=\"5247\"><strong data-start=\"5185\" data-end=\"5230\">Dok\u0142adne i powtarzalne wyniki<\/strong> po przeprowadzeniu dochodzenia.<\/p>\n<\/li>\n<li data-start=\"5248\" data-end=\"5302\">\n<p data-start=\"5250\" data-end=\"5302\"><strong data-start=\"5250\" data-end=\"5276\">Poprawiona stabilno\u015b\u0107<\/strong> do d\u0142ugoterminowego przechowywania.<\/p>\n<\/li>\n<li data-start=\"5303\" data-end=\"5360\">\n<p data-start=\"5305\" data-end=\"5360\">Nadaje si\u0119 do <strong data-start=\"5319\" data-end=\"5357\">badania naukowe i analityczne<\/strong>.<\/p>\n<\/li>\n<\/ul>\n<hr data-start=\"5362\" data-end=\"5365\" \/>\n<h3 data-start=\"5367\" data-end=\"5382\"><strong data-start=\"5371\" data-end=\"5382\">Stosowanie<\/strong><\/h3>\n<ul data-start=\"5383\" data-end=\"5654\">\n<li data-start=\"5383\" data-end=\"5453\">\n<p data-start=\"5385\" data-end=\"5453\">Do u\u017cytku wy\u0142\u0105cznie przez <strong data-start=\"5410\" data-end=\"5450\">wykwalifikowany personel laboratoryjny<\/strong>.<\/p>\n<\/li>\n<li data-start=\"5454\" data-end=\"5530\">\n<p data-start=\"5456\" data-end=\"5530\">U\u017cyj odpowiedniego <strong data-start=\"5474\" data-end=\"5498\">sprz\u0119t ochronny<\/strong> (r\u0119kawiczki, okulary ochronne, fartuch laboratoryjny).<\/p>\n<\/li>\n<li data-start=\"5531\" data-end=\"5595\">\n<p data-start=\"5533\" data-end=\"5595\">Oszcz\u0119dzaj na <strong data-start=\"5548\" data-end=\"5582\">ch\u0142odne, suche i ciemne miejsce<\/strong> (15\u201325\u00b0C).<\/p>\n<\/li>\n<li data-start=\"5596\" data-end=\"5654\">\n<p data-start=\"5598\" data-end=\"5654\">Nie nadaje si\u0119 do spo\u017cycia przez ludzi i zwierz\u0119ta.<\/p>\n<\/li>\n<\/ul>\n<hr data-start=\"5656\" data-end=\"5659\" \/>\n<h3 data-start=\"5661\" data-end=\"5696\"><strong data-start=\"5665\" data-end=\"5696\">Cz\u0119sto zadawane pytania (FAQ)<\/strong><\/h3>\n<p data-start=\"5698\" data-end=\"5887\"><strong data-start=\"5698\" data-end=\"5747\">1. Do czego s\u0142u\u017cy 1P-LSD L-winian?<\/strong><br data-start=\"5747\" data-end=\"5750\" \/>1P-LSD L-winian jest stosowany do <strong data-start=\"5788\" data-end=\"5833\">badania farmakologiczne i neurochemiczne<\/strong> do analog\u00f3w lizergamidu i receptor\u00f3w serotoninowych.<\/p>\n<p data-start=\"5889\" data-end=\"6069\"><strong data-start=\"5889\" data-end=\"5947\">2. Czy 1P-LSD L-winian jest bezpieczny dla ludzi?<\/strong><br data-start=\"5947\" data-end=\"5950\" \/>Nie. Ten produkt jest <strong data-start=\"5970\" data-end=\"6019\">przeznaczone wy\u0142\u0105cznie do cel\u00f3w badawczych<\/strong> i nie s\u0105 dopuszczone do spo\u017cycia przez ludzi.<\/p>\n<p data-start=\"6071\" data-end=\"6244\"><strong data-start=\"6071\" data-end=\"6120\">3. Jak nale\u017cy przechowywa\u0107 1P-LSD L-winian?<\/strong><br data-start=\"6120\" data-end=\"6123\" \/>Przechowywa\u0107 w <strong data-start=\"6138\" data-end=\"6168\">dobrze uszczelnione opakowanie<\/strong> w temperaturze pokojowej (15\u201325\u00b0C), chroni\u0107 przed wilgoci\u0105 i bezpo\u015brednim dzia\u0142aniem promieni s\u0142onecznych.<\/p>\n<p><a href=\"https:\/\/researchchemicalhub.com\/pl\/sklep\/lizergamidy\/1cp-lsd-150-mcg-granulki\/\"><span style=\"vertical-align: inherit;\"><span style=\"vertical-align: inherit;\"><span dir=\"auto\" style=\"vertical-align: inherit;\"><span dir=\"auto\" style=\"vertical-align: inherit;\">1cP-LSD 150 MCG Art Blotters <\/span><\/span><\/span><\/span><\/a><a href=\"https:\/\/researchchemicalhub.com\/pl\/sklep\/peletki-2\/o-dsmt-50mg-granulki\/\"><span style=\"vertical-align: inherit;\"><span style=\"vertical-align: inherit;\"><span dir=\"auto\" style=\"vertical-align: inherit;\"><span dir=\"auto\" style=\"vertical-align: inherit;\">O-DSMT 50 mg granulki <\/span><\/span><\/span><\/span><\/a><a href=\"https:\/\/researchchemicalhub.com\/pl\/sklep\/lizergamidy\/1v-lsd-150-mcg-blotters\/\"><span style=\"vertical-align: inherit;\"><span style=\"vertical-align: inherit;\"><span dir=\"auto\" style=\"vertical-align: inherit;\"><span dir=\"auto\" style=\"vertical-align: inherit;\">Bibu\u0142ki 1V-LSD 150 MCG <\/span><\/span><\/span><\/span><\/a><a href=\"https:\/\/researchchemicalhub.com\/pl\/sklep\/fenetyloamina\/2-kapsulki-2c-ef-2mg\/\"><span style=\"vertical-align: inherit;\"><span style=\"vertical-align: inherit;\"><span dir=\"auto\" style=\"vertical-align: inherit;\"><span dir=\"auto\" style=\"vertical-align: inherit;\">Kapsu\u0142ki 2C-EF 2 mg <\/span><\/span><\/span><\/span><\/a><a href=\"https:\/\/researchchemicalhub.com\/pl\/sklep\/prawie-zabronione\/6-cl-adba\/\"><span style=\"vertical-align: inherit;\"><span style=\"vertical-align: inherit;\"><span dir=\"auto\" style=\"vertical-align: inherit;\"><span dir=\"auto\" style=\"vertical-align: inherit;\">6-CL-ADBA<\/span><\/span><\/span><\/span><\/a><\/p>","protected":false},"excerpt":{"rendered":"<h3><span style=\"vertical-align: inherit;\"><span style=\"vertical-align: inherit;\"><span dir=\"auto\" style=\"vertical-align: inherit;\"><span dir=\"auto\" style=\"vertical-align: inherit;\">W\u0142a\u015bciwo\u015bci 1P-LSD L-winianu<\/span><\/span><\/span><\/span><\/h3>\n<p><strong><span style=\"vertical-align: inherit;\"><span style=\"vertical-align: inherit;\"><span dir=\"auto\" style=\"vertical-align: inherit;\"><span dir=\"auto\" style=\"vertical-align: inherit;\">Synonim:<\/span><\/span><\/span><\/span><\/strong><span style=\"vertical-align: inherit;\"><span style=\"vertical-align: inherit;\"><span dir=\"auto\" style=\"vertical-align: inherit;\"><span dir=\"auto\" style=\"vertical-align: inherit;\"> 1-propionylo-lizergowy kwas dietyloamid hemi-L-winian, PLSD <\/span><\/span><\/span><\/span><br \/>\n<strong><span style=\"vertical-align: inherit;\"><span style=\"vertical-align: inherit;\"><span dir=\"auto\" style=\"vertical-align: inherit;\"><span dir=\"auto\" style=\"vertical-align: inherit;\">Numer CAS:<\/span><\/span><\/span><\/span><\/strong><span style=\"vertical-align: inherit;\"><span style=\"vertical-align: inherit;\"><span dir=\"auto\" style=\"vertical-align: inherit;\"><span dir=\"auto\" style=\"vertical-align: inherit;\"> 2349358-81-0 <\/span><\/span><\/span><\/span><br \/>\n<strong><span style=\"vertical-align: inherit;\"><span style=\"vertical-align: inherit;\"><span dir=\"auto\" style=\"vertical-align: inherit;\"><span dir=\"auto\" style=\"vertical-align: inherit;\">Formu\u0142a:<\/span><\/span><\/span><\/span><\/strong><span style=\"vertical-align: inherit;\"><span style=\"vertical-align: inherit;\"><span dir=\"auto\" style=\"vertical-align: inherit;\"><span dir=\"auto\" style=\"vertical-align: inherit;\"> (8\u03b2)-1-propionylo-N,N-dietylo-6-metylo-9,10-didehydroergolino-8-karboksyamid p\u00f3\u0142-L-winian <\/span><\/span><\/span><\/span><br \/>\n<strong><span style=\"vertical-align: inherit;\"><span style=\"vertical-align: inherit;\"><span dir=\"auto\" style=\"vertical-align: inherit;\"><span dir=\"auto\" style=\"vertical-align: inherit;\">Masa molowa:<\/span><\/span><\/span><\/span><\/strong><span style=\"vertical-align: inherit;\"><span style=\"vertical-align: inherit;\"><span dir=\"auto\" style=\"vertical-align: inherit;\"><span dir=\"auto\" style=\"vertical-align: inherit;\"> 454,5 g\/mol <\/span><\/span><\/span><\/span><br \/>\n<strong><span style=\"vertical-align: inherit;\"><span style=\"vertical-align: inherit;\"><span dir=\"auto\" style=\"vertical-align: inherit;\"><span dir=\"auto\" style=\"vertical-align: inherit;\">Czysto\u015b\u0107:<\/span><\/span><\/span><\/span><\/strong><span style=\"vertical-align: inherit;\"><span style=\"vertical-align: inherit;\"><span dir=\"auto\" style=\"vertical-align: inherit;\"><span dir=\"auto\" style=\"vertical-align: inherit;\"> &gt;97%<\/span><\/span><\/span><\/span><\/p>","protected":false},"featured_media":20483,"comment_status":"closed","ping_status":"closed","template":"","meta":[],"product_brand":[82],"product_cat":[358],"product_tag":[774,326],"class_list":{"0":"post-23559","1":"product","2":"type-product","3":"status-publish","4":"has-post-thumbnail","6":"product_brand-research-chemical","7":"product_cat-lysergamides","8":"product_tag-lsd-bestellen","9":"product_tag-nl","11":"first","12":"instock","13":"taxable","14":"shipping-taxable","15":"purchasable","16":"product-type-variable"},"_links":{"self":[{"href":"https:\/\/researchchemicalhub.com\/pl\/wp-json\/wp\/v2\/product\/23559","targetHints":{"allow":["GET"]}}],"collection":[{"href":"https:\/\/researchchemicalhub.com\/pl\/wp-json\/wp\/v2\/product"}],"about":[{"href":"https:\/\/researchchemicalhub.com\/pl\/wp-json\/wp\/v2\/types\/product"}],"replies":[{"embeddable":true,"href":"https:\/\/researchchemicalhub.com\/pl\/wp-json\/wp\/v2\/comments?post=23559"}],"version-history":[{"count":5,"href":"https:\/\/researchchemicalhub.com\/pl\/wp-json\/wp\/v2\/product\/23559\/revisions"}],"predecessor-version":[{"id":28018,"href":"https:\/\/researchchemicalhub.com\/pl\/wp-json\/wp\/v2\/product\/23559\/revisions\/28018"}],"wp:featuredmedia":[{"embeddable":true,"href":"https:\/\/researchchemicalhub.com\/pl\/wp-json\/wp\/v2\/media\/20483"}],"wp:attachment":[{"href":"https:\/\/researchchemicalhub.com\/pl\/wp-json\/wp\/v2\/media?parent=23559"}],"wp:term":[{"taxonomy":"product_brand","embeddable":true,"href":"https:\/\/researchchemicalhub.com\/pl\/wp-json\/wp\/v2\/product_brand?post=23559"},{"taxonomy":"product_cat","embeddable":true,"href":"https:\/\/researchchemicalhub.com\/pl\/wp-json\/wp\/v2\/product_cat?post=23559"},{"taxonomy":"product_tag","embeddable":true,"href":"https:\/\/researchchemicalhub.com\/pl\/wp-json\/wp\/v2\/product_tag?post=23559"}],"curies":[{"name":"wp","href":"https:\/\/api.w.org\/{rel}","templated":true}]}}