{"id":23547,"date":"2025-04-13T17:39:57","date_gmt":"2025-04-13T17:39:57","guid":{"rendered":"https:\/\/researchchemicalhub.com\/?post_type=product&#038;p=23547"},"modified":"2025-10-30T09:20:38","modified_gmt":"2025-10-30T09:20:38","slug":"fumaran-mpt","status":"publish","type":"product","link":"https:\/\/researchchemicalhub.com\/pl\/sklep\/mpt\/fumaran-mpt\/","title":{"rendered":"Fumaran MPT (N-metylo-N-propylotryptamina)"},"content":{"rendered":"<h3><strong><span dir=\"auto\" style=\"vertical-align: inherit;\"><span dir=\"auto\" style=\"vertical-align: inherit;\">Fumaran MPT (N-metylo-N-propylotryptamina) \u2013 opis produktu, zastosowanie i informacje dotycz\u0105ce bezpiecze\u0144stwa<\/span><\/span><\/strong><\/h3>\n<p data-start=\"3731\" data-end=\"3913\"><strong data-start=\"3731\" data-end=\"3777\">Fumaran MPT (N-metylo-N-propylotryptamina)<\/strong> jest <strong data-start=\"3785\" data-end=\"3827\">zwi\u0105zek badawczy o wysokiej czysto\u015bci<\/strong>, opracowany dla <strong data-start=\"3845\" data-end=\"3910\">badania neurologiczne, farmakologiczne i analityczne<\/strong>. fumaran mpt<\/p>\n<p data-start=\"3915\" data-end=\"4145\">MPT nale\u017cy do <strong data-start=\"3934\" data-end=\"3955\">rodzina tryptamin<\/strong>, blisko spokrewniony ze zwi\u0105zkami takimi jak <strong data-start=\"3993\" data-end=\"4000\">DMT<\/strong> I <strong data-start=\"4004\" data-end=\"4012\">MiPT<\/strong>i jest u\u017cywany do <strong data-start=\"4037\" data-end=\"4096\">badania nad receptorami serotoninowymi (5-HT2A i 5-HT1A)<\/strong> I <strong data-start=\"4100\" data-end=\"4142\">zale\u017cno\u015bci struktura-aktywno\u015b\u0107 (SAR)<\/strong>.<\/p>\n<p data-start=\"4147\" data-end=\"4326\">Ten <strong data-start=\"4150\" data-end=\"4170\">forma soli fumaranowej<\/strong> zapewnia <strong data-start=\"4182\" data-end=\"4245\">lepsza stabilno\u015b\u0107 chemiczna, rozpuszczalno\u015b\u0107 i trwa\u0142o\u015b\u0107<\/strong>, co jest niezb\u0119dne do d\u0142ugoterminowego przechowywania i dok\u0142adnych bada\u0144 laboratoryjnych.<\/p>\n<blockquote data-start=\"4328\" data-end=\"4479\">\n<p data-start=\"4330\" data-end=\"4479\">\u26a0\ufe0f <strong data-start=\"4333\" data-end=\"4344\">UWAGA:<\/strong> Ten produkt jest <strong data-start=\"4360\" data-end=\"4415\">przeznaczone wy\u0142\u0105cznie do bada\u0144 naukowych<\/strong> I <strong data-start=\"4419\" data-end=\"4476\">nie nadaje si\u0119 do spo\u017cycia przez ludzi i zwierz\u0119ta<\/strong>.<\/p>\n<\/blockquote>\n<hr data-start=\"4481\" data-end=\"4484\" \/>\n<h3 data-start=\"4486\" data-end=\"4517\"><strong data-start=\"4490\" data-end=\"4517\">G\u0142\u00f3wne cechy<\/strong><\/h3>\n<ul data-start=\"4518\" data-end=\"4933\">\n<li data-start=\"4518\" data-end=\"4613\">\n<p data-start=\"4520\" data-end=\"4613\"><strong data-start=\"4520\" data-end=\"4546\">Wysoka czysto\u015b\u0107 (\u226599%)<\/strong> \u2013 Przebadano laboratoryjnie pod k\u0105tem to\u017csamo\u015bci i sk\u0142adu chemicznego.<\/p>\n<\/li>\n<li data-start=\"4614\" data-end=\"4693\">\n<p data-start=\"4616\" data-end=\"4693\"><strong data-start=\"4616\" data-end=\"4645\">Stabilna forma soli fumaranowej<\/strong> \u2013 Zwi\u0119ksza trwa\u0142o\u015b\u0107 i stabilno\u015b\u0107 podczas przechowywania.<\/p>\n<\/li>\n<li data-start=\"4694\" data-end=\"4781\">\n<p data-start=\"4696\" data-end=\"4781\"><strong data-start=\"4696\" data-end=\"4735\">Standard Bada\u0144 Farmakologicznych<\/strong> \u2013 Nadaje si\u0119 do bada\u0144 receptor\u00f3w i SAR. fumaran mpt<\/p>\n<\/li>\n<li data-start=\"4782\" data-end=\"4852\">\n<p data-start=\"4784\" data-end=\"4852\"><strong data-start=\"4784\" data-end=\"4809\">Sta\u0142a jako\u015b\u0107<\/strong> \u2013 Wyprodukowano zgodnie ze standardami GMP.<\/p>\n<\/li>\n<li data-start=\"4853\" data-end=\"4933\">\n<p data-start=\"4855\" data-end=\"4933\"><strong data-start=\"4855\" data-end=\"4877\">Bezpieczne opakowanie<\/strong> \u2013 Hermetyczne i nieprzepuszczaj\u0105ce \u015bwiat\u0142a dla maksymalnej ochrony.<\/p>\n<\/li>\n<\/ul>\n<hr data-start=\"4935\" data-end=\"4938\" \/>\n<h3 data-start=\"4940\" data-end=\"4957\"><strong data-start=\"4944\" data-end=\"4957\">Zalety<\/strong><\/h3>\n<ul data-start=\"4958\" data-end=\"5228\">\n<li data-start=\"4958\" data-end=\"5038\">\n<p data-start=\"4960\" data-end=\"5038\">Wspiera <strong data-start=\"4972\" data-end=\"5035\">badania nad receptorami serotoninowymi i analogami tryptaminy<\/strong>.<\/p>\n<\/li>\n<li data-start=\"5039\" data-end=\"5099\">\n<p data-start=\"5041\" data-end=\"5099\"><strong data-start=\"5041\" data-end=\"5096\">Niezawodne i powtarzalne wyniki bada\u0144<\/strong>.<\/p>\n<\/li>\n<li data-start=\"5100\" data-end=\"5154\">\n<p data-start=\"5102\" data-end=\"5154\"><strong data-start=\"5102\" data-end=\"5128\">Poprawiona stabilno\u015b\u0107<\/strong> do d\u0142ugoterminowego przechowywania.<\/p>\n<\/li>\n<li data-start=\"5155\" data-end=\"5228\">\n<p data-start=\"5157\" data-end=\"5228\">Nadaje si\u0119 do <strong data-start=\"5171\" data-end=\"5225\">badania naukowe, farmakologiczne i analityczne<\/strong>.<\/p>\n<\/li>\n<\/ul>\n<hr data-start=\"5230\" data-end=\"5233\" \/>\n<h3 data-start=\"5235\" data-end=\"5250\"><strong data-start=\"5239\" data-end=\"5250\">Stosowanie<\/strong><\/h3>\n<ul data-start=\"5251\" data-end=\"5522\">\n<li data-start=\"5251\" data-end=\"5321\">\n<p data-start=\"5253\" data-end=\"5321\">Do u\u017cytku wy\u0142\u0105cznie przez <strong data-start=\"5278\" data-end=\"5318\">wykwalifikowany personel laboratoryjny<\/strong>.<\/p>\n<\/li>\n<li data-start=\"5322\" data-end=\"5398\">\n<p data-start=\"5324\" data-end=\"5398\">U\u017cyj odpowiedniego <strong data-start=\"5342\" data-end=\"5366\">sprz\u0119t ochronny<\/strong> (r\u0119kawiczki, okulary ochronne, fartuch laboratoryjny).<\/p>\n<\/li>\n<li data-start=\"5399\" data-end=\"5463\">\n<p data-start=\"5401\" data-end=\"5463\">Oszcz\u0119dzaj na <strong data-start=\"5416\" data-end=\"5450\">ch\u0142odne, suche i ciemne miejsce<\/strong> (15\u201325\u00b0C).<\/p>\n<\/li>\n<li data-start=\"5464\" data-end=\"5522\">\n<p data-start=\"5466\" data-end=\"5522\">Nie nadaje si\u0119 do spo\u017cycia przez ludzi i zwierz\u0119ta.<\/p>\n<\/li>\n<\/ul>\n<hr data-start=\"5524\" data-end=\"5527\" \/>\n<h3 data-start=\"5529\" data-end=\"5564\"><strong data-start=\"5533\" data-end=\"5564\">Cz\u0119sto zadawane pytania (FAQ)<\/strong><\/h3>\n<p data-start=\"5566\" data-end=\"5742\"><strong data-start=\"5566\" data-end=\"5610\">1. Do czego s\u0142u\u017cy fumaran MPT?<\/strong><br data-start=\"5610\" data-end=\"5613\" \/>Fumaran MPT jest stosowany w <strong data-start=\"5644\" data-end=\"5689\">badania farmakologiczne i neurochemiczne<\/strong> do analog\u00f3w tryptaminy i receptor\u00f3w serotoninowych.<\/p>\n<p data-start=\"5744\" data-end=\"5919\"><strong data-start=\"5744\" data-end=\"5797\">2. Czy fumaran MPT jest bezpieczny do stosowania u ludzi?<\/strong><br data-start=\"5797\" data-end=\"5800\" \/>Nie. Ten produkt jest <strong data-start=\"5820\" data-end=\"5869\">przeznaczone wy\u0142\u0105cznie do cel\u00f3w badawczych<\/strong> i nie s\u0105 dopuszczone do spo\u017cycia przez ludzi.<\/p>\n<p data-start=\"5921\" data-end=\"6079\"><strong data-start=\"5921\" data-end=\"5965\">3. Jak nale\u017cy przechowywa\u0107 fumaran MPT?<\/strong><br data-start=\"5965\" data-end=\"5968\" \/>Przechowywa\u0107 w <strong data-start=\"5983\" data-end=\"6013\">dobrze uszczelnione opakowanie<\/strong> w temperaturze pokojowej (15\u201325\u00b0C), chroni\u0107 od \u015bwiat\u0142a i wilgoci.<\/p>","protected":false},"excerpt":{"rendered":"<h3><span style=\"vertical-align: inherit;\"><span style=\"vertical-align: inherit;\"><span dir=\"auto\" style=\"vertical-align: inherit;\"><span dir=\"auto\" style=\"vertical-align: inherit;\">MPT fumarate properties<\/span><\/span><\/span><\/span><\/h3>\n<p><strong><span style=\"vertical-align: inherit;\"><span style=\"vertical-align: inherit;\"><span dir=\"auto\" style=\"vertical-align: inherit;\"><span dir=\"auto\" style=\"vertical-align: inherit;\">Synonym:<\/span><\/span><\/span><\/span><\/strong><span style=\"vertical-align: inherit;\"><span style=\"vertical-align: inherit;\"><span dir=\"auto\" style=\"vertical-align: inherit;\"><span dir=\"auto\" style=\"vertical-align: inherit;\"> N-methyl-N-propyltryptamine fumarate <\/span><\/span><\/span><\/span><br \/>\n<strong><span style=\"vertical-align: inherit;\"><span style=\"vertical-align: inherit;\"><span dir=\"auto\" style=\"vertical-align: inherit;\"><span dir=\"auto\" style=\"vertical-align: inherit;\">CAS Number:<\/span><\/span><\/span><\/span><\/strong><span style=\"vertical-align: inherit;\"><span style=\"vertical-align: inherit;\"><span dir=\"auto\" style=\"vertical-align: inherit;\"><span dir=\"auto\" style=\"vertical-align: inherit;\"> n\/a <\/span><\/span><\/span><\/span><br \/>\n<strong><span style=\"vertical-align: inherit;\"><span style=\"vertical-align: inherit;\"><span dir=\"auto\" style=\"vertical-align: inherit;\"><span dir=\"auto\" style=\"vertical-align: inherit;\">Formula:<\/span><\/span><\/span><\/span><\/strong><span style=\"vertical-align: inherit;\"><span style=\"vertical-align: inherit;\"><span dir=\"auto\" style=\"vertical-align: inherit;\"><span dir=\"auto\" style=\"vertical-align: inherit;\"> 3-[2-(propyl(methyl)amino)ethyl]-1H-indole fumarate <\/span><\/span><\/span><\/span><br \/>\n<strong><span style=\"vertical-align: inherit;\"><span style=\"vertical-align: inherit;\"><span dir=\"auto\" style=\"vertical-align: inherit;\"><span dir=\"auto\" style=\"vertical-align: inherit;\">Molar Mass:<\/span><\/span><\/span><\/span><\/strong><span style=\"vertical-align: inherit;\"><span style=\"vertical-align: inherit;\"><span dir=\"auto\" style=\"vertical-align: inherit;\"><span dir=\"auto\" style=\"vertical-align: inherit;\"> 332.4 g\/mol <\/span><\/span><\/span><\/span><br \/>\n<strong><span style=\"vertical-align: inherit;\"><span style=\"vertical-align: inherit;\"><span dir=\"auto\" style=\"vertical-align: inherit;\"><span dir=\"auto\" style=\"vertical-align: inherit;\">Purity:<\/span><\/span><\/span><\/span><\/strong><span style=\"vertical-align: inherit;\"><span style=\"vertical-align: inherit;\"><span dir=\"auto\" style=\"vertical-align: inherit;\"><span dir=\"auto\" style=\"vertical-align: inherit;\"> &gt;97%<\/span><\/span><\/span><\/span><\/p>\n","protected":false},"featured_media":28563,"comment_status":"closed","ping_status":"closed","template":"","meta":[],"product_brand":[],"product_cat":[506,398,381],"product_tag":[1158,1159,326],"class_list":{"0":"post-23547","1":"product","2":"type-product","3":"status-publish","4":"has-post-thumbnail","6":"product_cat-mpt","7":"product_cat-verkoop","8":"product_cat-tryptamines","9":"product_tag-mpt-fumarate","10":"product_tag-mpt-fumarate-kopen","11":"product_tag-nl","13":"first","14":"instock","15":"sale","16":"taxable","17":"shipping-taxable","18":"purchasable","19":"product-type-variable"},"_links":{"self":[{"href":"https:\/\/researchchemicalhub.com\/pl\/wp-json\/wp\/v2\/product\/23547","targetHints":{"allow":["GET"]}}],"collection":[{"href":"https:\/\/researchchemicalhub.com\/pl\/wp-json\/wp\/v2\/product"}],"about":[{"href":"https:\/\/researchchemicalhub.com\/pl\/wp-json\/wp\/v2\/types\/product"}],"replies":[{"embeddable":true,"href":"https:\/\/researchchemicalhub.com\/pl\/wp-json\/wp\/v2\/comments?post=23547"}],"version-history":[{"count":5,"href":"https:\/\/researchchemicalhub.com\/pl\/wp-json\/wp\/v2\/product\/23547\/revisions"}],"predecessor-version":[{"id":28020,"href":"https:\/\/researchchemicalhub.com\/pl\/wp-json\/wp\/v2\/product\/23547\/revisions\/28020"}],"wp:featuredmedia":[{"embeddable":true,"href":"https:\/\/researchchemicalhub.com\/pl\/wp-json\/wp\/v2\/media\/28563"}],"wp:attachment":[{"href":"https:\/\/researchchemicalhub.com\/pl\/wp-json\/wp\/v2\/media?parent=23547"}],"wp:term":[{"taxonomy":"product_brand","embeddable":true,"href":"https:\/\/researchchemicalhub.com\/pl\/wp-json\/wp\/v2\/product_brand?post=23547"},{"taxonomy":"product_cat","embeddable":true,"href":"https:\/\/researchchemicalhub.com\/pl\/wp-json\/wp\/v2\/product_cat?post=23547"},{"taxonomy":"product_tag","embeddable":true,"href":"https:\/\/researchchemicalhub.com\/pl\/wp-json\/wp\/v2\/product_tag?post=23547"}],"curies":[{"name":"wp","href":"https:\/\/api.w.org\/{rel}","templated":true}]}}