{"id":23514,"date":"2025-04-13T17:39:53","date_gmt":"2025-04-13T17:39:53","guid":{"rendered":"https:\/\/researchchemicalhub.com\/?post_type=product&#038;p=23514"},"modified":"2025-10-30T09:25:33","modified_gmt":"2025-10-30T09:25:33","slug":"5-meo-mipt-hydrochloride","status":"publish","type":"product","link":"https:\/\/researchchemicalhub.com\/pl\/shop\/5-meo-mipt\/5-meo-mipt-hydrochloride\/","title":{"rendered":"chlorowodorek 5-MeO-MiPT"},"content":{"rendered":"<h1><strong><span dir=\"auto\" style=\"vertical-align: inherit;\"><span dir=\"auto\" style=\"vertical-align: inherit;\">Chlorowodorek 5-MeO-MiPT \u2013 wysokowydajny zwi\u0105zek chemiczny do bada\u0144 zaawansowanych<\/span><\/span><\/strong><\/h1>\n<p data-start=\"4248\" data-end=\"4459\"><strong data-start=\"4248\" data-end=\"4323\">Chlorowodorek 5-MeO-MiPT (chlorowodorek 5-metoksy-N-metylo-N-izopropylotryptaminy)<\/strong> jest <strong data-start=\"4331\" data-end=\"4373\">zwi\u0105zek badawczy o wysokiej czysto\u015bci<\/strong>, opracowany dla <strong data-start=\"4391\" data-end=\"4456\">badania neurologiczne, farmakologiczne i analityczne<\/strong>. <span class=\"___SBox_epc1q-ko_ ___SText_zko9t-ko_\" data-ui-name=\"Link.Text\">chlorowodorek 5-meo-miptu<\/span><\/p>\n<p data-start=\"4461\" data-end=\"4685\">Je\u015bli <strong data-start=\"4465\" data-end=\"4501\">analog metoksy-podstawiony<\/strong> przez <strong data-start=\"4506\" data-end=\"4514\">MiPT<\/strong>, 5-MeO-MiPT oferuje cenne informacje na temat <strong data-start=\"4558\" data-end=\"4609\">badania nad receptorami serotoninowymi (5-HT2A i 5-HT1A)<\/strong> I <strong data-start=\"4613\" data-end=\"4655\">zale\u017cno\u015bci struktura-aktywno\u015b\u0107 (SAR)<\/strong> w obr\u0119bie klasy tryptamin.<\/p>\n<p data-start=\"4687\" data-end=\"4871\">Ten <strong data-start=\"4690\" data-end=\"4717\">forma chlorowodorku (HCl)<\/strong> zwi\u0119ksza <strong data-start=\"4730\" data-end=\"4787\">stabilno\u015b\u0107 chemiczna, rozpuszczalno\u015b\u0107 i \u0142atwo\u015b\u0107 u\u017cycia<\/strong>, co czyni go idealnym do d\u0142ugoterminowego przechowywania i powtarzania wynik\u00f3w bada\u0144.<\/p>\n<blockquote data-start=\"4873\" data-end=\"5024\">\n<p data-start=\"4875\" data-end=\"5024\">\u26a0\ufe0f <strong data-start=\"4878\" data-end=\"4889\">UWAGA:<\/strong> Ten produkt jest <strong data-start=\"4905\" data-end=\"4960\">przeznaczone wy\u0142\u0105cznie do bada\u0144 naukowych<\/strong> I <strong data-start=\"4964\" data-end=\"5021\">nie nadaje si\u0119 do spo\u017cycia przez ludzi i zwierz\u0119ta<\/strong>.<\/p>\n<\/blockquote>\n<hr data-start=\"5026\" data-end=\"5029\" \/>\n<h3 data-start=\"5031\" data-end=\"5062\"><strong data-start=\"5035\" data-end=\"5062\">G\u0142\u00f3wne cechy<\/strong><\/h3>\n<ul data-start=\"5063\" data-end=\"5472\">\n<li data-start=\"5063\" data-end=\"5146\">\n<p data-start=\"5065\" data-end=\"5146\"><strong data-start=\"5065\" data-end=\"5091\">Wysoka czysto\u015b\u0107 (\u226599%)<\/strong> \u2013 Przebadano laboratoryjnie pod k\u0105tem to\u017csamo\u015bci i stabilno\u015bci.<\/p>\n<\/li>\n<li data-start=\"5147\" data-end=\"5223\">\n<p data-start=\"5149\" data-end=\"5223\"><strong data-start=\"5149\" data-end=\"5179\">Stabilna forma chlorowodorku<\/strong> \u2013 Zwi\u0119ksza trwa\u0142o\u015b\u0107 i rozpuszczalno\u015b\u0107.<\/p>\n<\/li>\n<li data-start=\"5224\" data-end=\"5311\">\n<p data-start=\"5226\" data-end=\"5311\"><strong data-start=\"5226\" data-end=\"5265\">Standard Bada\u0144 Farmakologicznych<\/strong> \u2013 Nadaje si\u0119 do bada\u0144 receptor\u00f3w i SAR.<\/p>\n<\/li>\n<li data-start=\"5312\" data-end=\"5382\">\n<p data-start=\"5314\" data-end=\"5382\"><strong data-start=\"5314\" data-end=\"5339\">Sta\u0142a jako\u015b\u0107<\/strong> \u2013 Wyprodukowano zgodnie ze standardami GMP.<\/p>\n<\/li>\n<li data-start=\"5383\" data-end=\"5472\">\n<p data-start=\"5385\" data-end=\"5472\"><strong data-start=\"5385\" data-end=\"5407\">Bezpieczne opakowanie<\/strong> \u2013 Pakowane hermetycznie i nieprzepuszczaj\u0105ce \u015bwiat\u0142a, aby zapobiec degradacji.<\/p>\n<\/li>\n<\/ul>\n<hr data-start=\"5474\" data-end=\"5477\" \/>\n<h3 data-start=\"5479\" data-end=\"5496\"><strong data-start=\"5483\" data-end=\"5496\">Zalety<\/strong><\/h3>\n<ul data-start=\"5497\" data-end=\"5804\">\n<li data-start=\"5497\" data-end=\"5577\">\n<p data-start=\"5499\" data-end=\"5577\">Wspiera <strong data-start=\"5511\" data-end=\"5574\">badania nad receptorami serotoninowymi i analogami tryptaminy<\/strong>.<\/p>\n<\/li>\n<li data-start=\"5578\" data-end=\"5654\">\n<p data-start=\"5580\" data-end=\"5654\"><strong data-start=\"5580\" data-end=\"5625\">Niezawodne i powtarzalne wyniki<\/strong> w badaniach laboratoryjnych.<\/p>\n<\/li>\n<li data-start=\"5655\" data-end=\"5732\">\n<p data-start=\"5657\" data-end=\"5732\"><strong data-start=\"5657\" data-end=\"5683\">Poprawiona stabilno\u015b\u0107<\/strong> i d\u0142u\u017cszy okres przydatno\u015bci do spo\u017cycia ni\u017c w przypadku formy wolnej.<\/p>\n<\/li>\n<li data-start=\"5733\" data-end=\"5804\">\n<p data-start=\"5735\" data-end=\"5804\">Idealny dla <strong data-start=\"5747\" data-end=\"5801\">badania naukowe, farmakologiczne i analityczne<\/strong>.<\/p>\n<\/li>\n<\/ul>\n<hr data-start=\"5806\" data-end=\"5809\" \/>\n<h3 data-start=\"5811\" data-end=\"5826\"><strong data-start=\"5815\" data-end=\"5826\">Stosowanie<\/strong><\/h3>\n<ul data-start=\"5827\" data-end=\"6098\">\n<li data-start=\"5827\" data-end=\"5897\">\n<p data-start=\"5829\" data-end=\"5897\">Do u\u017cytku wy\u0142\u0105cznie przez <strong data-start=\"5854\" data-end=\"5894\">wykwalifikowany personel laboratoryjny<\/strong>.<\/p>\n<\/li>\n<li data-start=\"5898\" data-end=\"5974\">\n<p data-start=\"5900\" data-end=\"5974\">U\u017cyj odpowiedniego <strong data-start=\"5918\" data-end=\"5942\">sprz\u0119t ochronny<\/strong> (r\u0119kawiczki, okulary ochronne, fartuch laboratoryjny).<\/p>\n<\/li>\n<li data-start=\"5975\" data-end=\"6039\">\n<p data-start=\"5977\" data-end=\"6039\">Oszcz\u0119dzaj na <strong data-start=\"5992\" data-end=\"6026\">ch\u0142odne, suche i ciemne miejsce<\/strong> (15\u201325\u00b0C).<\/p>\n<\/li>\n<li data-start=\"6040\" data-end=\"6098\">\n<p data-start=\"6042\" data-end=\"6098\">Nie nadaje si\u0119 do spo\u017cycia przez ludzi i zwierz\u0119ta.<\/p>\n<\/li>\n<\/ul>\n<hr data-start=\"6100\" data-end=\"6103\" \/>\n<h3 data-start=\"6105\" data-end=\"6140\"><strong data-start=\"6109\" data-end=\"6140\">Cz\u0119sto zadawane pytania (FAQ)<\/strong><\/h3>\n<p data-start=\"6142\" data-end=\"6354\"><strong data-start=\"6142\" data-end=\"6198\">1. Do czego s\u0142u\u017cy chlorowodorek 5-MeO-MiPT?<\/strong><br data-start=\"6198\" data-end=\"6201\" \/>Chlorowodorek 5-MeO-MiPT jest stosowany w <strong data-start=\"6244\" data-end=\"6289\">badania farmakologiczne i neurochemiczne<\/strong> do receptor\u00f3w serotoninowych i strukturalnych analog\u00f3w tryptaminy.<\/p>\n<p data-start=\"6356\" data-end=\"6543\"><strong data-start=\"6356\" data-end=\"6421\">2. Czy chlorowodorek 5-MeO-MiPT jest bezpieczny dla ludzi?<\/strong><br data-start=\"6421\" data-end=\"6424\" \/>Nie. Ten produkt jest <strong data-start=\"6444\" data-end=\"6493\">przeznaczone wy\u0142\u0105cznie do cel\u00f3w badawczych<\/strong> i nie s\u0105 dopuszczone do spo\u017cycia przez ludzi.<\/p>\n<p data-start=\"6545\" data-end=\"6723\"><strong data-start=\"6545\" data-end=\"6601\">3. Jak nale\u017cy przechowywa\u0107 chlorowodorek 5-MeO-MiPT?<\/strong><br data-start=\"6601\" data-end=\"6604\" \/>Przechowywa\u0107 w <strong data-start=\"6619\" data-end=\"6649\">dobrze uszczelnione opakowanie<\/strong> w temperaturze pokojowej (15\u201325\u00b0C), chroni\u0107 od wilgoci, ciep\u0142a i \u015bwiat\u0142a.<\/p>\n<p>&nbsp;<\/p>","protected":false},"excerpt":{"rendered":"<h3><span data-sheets-value=\"{\" data-sheets-userformat=\"{\"><span dir=\"auto\" style=\"vertical-align: inherit;\"><span dir=\"auto\" style=\"vertical-align: inherit;\">5-MeO-MiPT hydrochloride properties<\/span><\/span><\/span><\/h3>\n<p><strong><span style=\"vertical-align: inherit;\"><span style=\"vertical-align: inherit;\"><span dir=\"auto\" style=\"vertical-align: inherit;\"><span dir=\"auto\" style=\"vertical-align: inherit;\">Synonym:<\/span><\/span><\/span><\/span><\/strong><span style=\"vertical-align: inherit;\"><span style=\"vertical-align: inherit;\"><span dir=\"auto\" style=\"vertical-align: inherit;\"><span dir=\"auto\" style=\"vertical-align: inherit;\"> 5-methoxy-N-isopropyl-N-methyltryptamine hydrochloride <\/span><\/span><\/span><\/span><br \/>\n<strong><span style=\"vertical-align: inherit;\"><span style=\"vertical-align: inherit;\"><span dir=\"auto\" style=\"vertical-align: inherit;\"><span dir=\"auto\" style=\"vertical-align: inherit;\">CAS Number:<\/span><\/span><\/span><\/span><\/strong><span style=\"vertical-align: inherit;\"><span style=\"vertical-align: inherit;\"><span dir=\"auto\" style=\"vertical-align: inherit;\"><span dir=\"auto\" style=\"vertical-align: inherit;\"> 96096-55-8 <\/span><\/span><\/span><\/span><br \/>\n<strong><span style=\"vertical-align: inherit;\"><span style=\"vertical-align: inherit;\"><span dir=\"auto\" style=\"vertical-align: inherit;\"><span dir=\"auto\" style=\"vertical-align: inherit;\">Formula:<\/span><\/span><\/span><\/span><\/strong><span style=\"vertical-align: inherit;\"><span style=\"vertical-align: inherit;\"><span dir=\"auto\" style=\"vertical-align: inherit;\"><span dir=\"auto\" style=\"vertical-align: inherit;\"> 3-[2-(isopropylmethylamino)ethyl]-5-methoxyindole hydrochloride <\/span><\/span><\/span><\/span><br \/>\n<strong><span style=\"vertical-align: inherit;\"><span style=\"vertical-align: inherit;\"><span dir=\"auto\" style=\"vertical-align: inherit;\"><span dir=\"auto\" style=\"vertical-align: inherit;\">Molar mass:<\/span><\/span><\/span><\/span><\/strong><span style=\"vertical-align: inherit;\"><span style=\"vertical-align: inherit;\"><span dir=\"auto\" style=\"vertical-align: inherit;\"><span dir=\"auto\" style=\"vertical-align: inherit;\"> 282.8 g\/mol <\/span><\/span><\/span><\/span><br \/>\n<strong><span style=\"vertical-align: inherit;\"><span style=\"vertical-align: inherit;\"><span dir=\"auto\" style=\"vertical-align: inherit;\"><span dir=\"auto\" style=\"vertical-align: inherit;\">Purity:<\/span><\/span><\/span><\/span><\/strong><span style=\"vertical-align: inherit;\"><span style=\"vertical-align: inherit;\"><span dir=\"auto\" style=\"vertical-align: inherit;\"><span dir=\"auto\" style=\"vertical-align: inherit;\"> &gt;97%<\/span><\/span><\/span><\/span><\/p>\n","protected":false},"featured_media":28466,"comment_status":"closed","ping_status":"closed","template":"","meta":[],"product_brand":[],"product_cat":[436,381],"product_tag":[1170,326],"class_list":{"0":"post-23514","1":"product","2":"type-product","3":"status-publish","4":"has-post-thumbnail","6":"product_cat-5-meo-mipt","7":"product_cat-tryptamines","8":"product_tag-5-meo-mipt-hydrochloride","9":"product_tag-nl","11":"first","12":"instock","13":"taxable","14":"shipping-taxable","15":"purchasable","16":"product-type-variable"},"_links":{"self":[{"href":"https:\/\/researchchemicalhub.com\/pl\/wp-json\/wp\/v2\/product\/23514","targetHints":{"allow":["GET"]}}],"collection":[{"href":"https:\/\/researchchemicalhub.com\/pl\/wp-json\/wp\/v2\/product"}],"about":[{"href":"https:\/\/researchchemicalhub.com\/pl\/wp-json\/wp\/v2\/types\/product"}],"replies":[{"embeddable":true,"href":"https:\/\/researchchemicalhub.com\/pl\/wp-json\/wp\/v2\/comments?post=23514"}],"version-history":[{"count":5,"href":"https:\/\/researchchemicalhub.com\/pl\/wp-json\/wp\/v2\/product\/23514\/revisions"}],"predecessor-version":[{"id":28029,"href":"https:\/\/researchchemicalhub.com\/pl\/wp-json\/wp\/v2\/product\/23514\/revisions\/28029"}],"wp:featuredmedia":[{"embeddable":true,"href":"https:\/\/researchchemicalhub.com\/pl\/wp-json\/wp\/v2\/media\/28466"}],"wp:attachment":[{"href":"https:\/\/researchchemicalhub.com\/pl\/wp-json\/wp\/v2\/media?parent=23514"}],"wp:term":[{"taxonomy":"product_brand","embeddable":true,"href":"https:\/\/researchchemicalhub.com\/pl\/wp-json\/wp\/v2\/product_brand?post=23514"},{"taxonomy":"product_cat","embeddable":true,"href":"https:\/\/researchchemicalhub.com\/pl\/wp-json\/wp\/v2\/product_cat?post=23514"},{"taxonomy":"product_tag","embeddable":true,"href":"https:\/\/researchchemicalhub.com\/pl\/wp-json\/wp\/v2\/product_tag?post=23514"}],"curies":[{"name":"wp","href":"https:\/\/api.w.org\/{rel}","templated":true}]}}