{"id":23497,"date":"2025-04-13T17:39:53","date_gmt":"2025-04-13T17:39:53","guid":{"rendered":"https:\/\/researchchemicalhub.com\/?post_type=product&#038;p=23497"},"modified":"2025-10-30T09:23:01","modified_gmt":"2025-10-30T09:23:01","slug":"5-meo-dmt-wolna-baza","status":"publish","type":"product","link":"https:\/\/researchchemicalhub.com\/pl\/sklep\/5-meo-dmt\/5-meo-dmt-wolna-baza\/","title":{"rendered":"5-MeO-DMT wolna zasada"},"content":{"rendered":"<h3><strong><span dir=\"auto\" style=\"vertical-align: inherit;\"><span dir=\"auto\" style=\"vertical-align: inherit;\">5-MeO-DMT Freebase \u2013 Dokumentacja naukowa produktu<\/span><\/span><\/strong><\/h3>\n<p data-start=\"4033\" data-end=\"4225\"><strong data-start=\"4033\" data-end=\"4090\">5-MeO-DMT wolna zasada (5-metoksy-N,N-dimetylotryptamina)<\/strong> jest <strong data-start=\"4098\" data-end=\"4140\">zwi\u0105zek badawczy o wysokiej czysto\u015bci<\/strong>, zaprojektowany dla <strong data-start=\"4157\" data-end=\"4222\">badania neurologiczne, farmakologiczne i analityczne<\/strong>. <span class=\"___SBox_epc1q-ko_ ___SText_zko9t-ko_\" data-ui-name=\"Link.Text\">5 meo dmt wolna baza<\/span><\/p>\n<p data-start=\"4227\" data-end=\"4608\">To jest <strong data-start=\"4238\" data-end=\"4279\">naturalnie wyst\u0119puj\u0105cy alkaloid indolowy<\/strong>, zwi\u0105zane z <strong data-start=\"4293\" data-end=\"4300\">DMT<\/strong>i nale\u017cy do <strong data-start=\"4320\" data-end=\"4340\">klasa tryptaminy<\/strong>. Przez <strong data-start=\"4350\" data-end=\"4389\">podstawienie metoksylowe w pozycji 5<\/strong> pier\u015bcienia indolowego, 5-MeO-DMT wykazuje unikaln\u0105 <strong data-start=\"4434\" data-end=\"4500\">w\u0142a\u015bciwo\u015bci wi\u0105\u017c\u0105ce z receptorami serotoninowymi (5-HT1A i 5-HT2A)<\/strong>, co czyni go cennym narz\u0119dziem badawczym <strong data-start=\"4556\" data-end=\"4597\">zale\u017cno\u015b\u0107 struktura-aktywno\u015b\u0107 (SAR)<\/strong>-studia.<\/p>\n<p data-start=\"4610\" data-end=\"4776\">Ten <strong data-start=\"4613\" data-end=\"4629\">forma wolna<\/strong> oferuje optymaln\u0105 <strong data-start=\"4645\" data-end=\"4686\">czysto\u015b\u0107 chemiczna i rozpuszczalno\u015b\u0107<\/strong>, idealny do kontrolowanych eksperyment\u00f3w laboratoryjnych i bada\u0144 analitycznych.<\/p>\n<blockquote data-start=\"4778\" data-end=\"4929\">\n<p data-start=\"4780\" data-end=\"4929\">\u26a0\ufe0f <strong data-start=\"4783\" data-end=\"4794\">UWAGA:<\/strong> Ten produkt jest <strong data-start=\"4810\" data-end=\"4865\">przeznaczone wy\u0142\u0105cznie do bada\u0144 naukowych<\/strong> I <strong data-start=\"4869\" data-end=\"4926\">nie nadaje si\u0119 do spo\u017cycia przez ludzi i zwierz\u0119ta<\/strong>.<\/p>\n<\/blockquote>\n<hr data-start=\"4931\" data-end=\"4934\" \/>\n<h3 data-start=\"4936\" data-end=\"4967\"><strong data-start=\"4940\" data-end=\"4967\">G\u0142\u00f3wne cechy<\/strong><\/h3>\n<ul data-start=\"4968\" data-end=\"5398\">\n<li data-start=\"4968\" data-end=\"5066\">\n<p data-start=\"4970\" data-end=\"5066\"><strong data-start=\"4970\" data-end=\"4996\">Wysoka czysto\u015b\u0107 (\u226599%)<\/strong> \u2013 Przebadano laboratoryjnie pod k\u0105tem to\u017csamo\u015bci, stabilno\u015bci i sk\u0142adu. <span class=\"___SBox_epc1q-ko_ ___SText_zko9t-ko_\" data-ui-name=\"Link.Text\">5 meo dmt wolna baza<\/span><\/p>\n<\/li>\n<li data-start=\"5067\" data-end=\"5154\">\n<p data-start=\"5069\" data-end=\"5154\"><strong data-start=\"5069\" data-end=\"5108\">Standard Bada\u0144 Farmakologicznych<\/strong> \u2013 Nadaje si\u0119 do bada\u0144 receptor\u00f3w i SAR.<\/p>\n<\/li>\n<li data-start=\"5155\" data-end=\"5234\">\n<p data-start=\"5157\" data-end=\"5234\"><strong data-start=\"5157\" data-end=\"5173\">Forma wolna<\/strong> \u2013 Oferuje maksymaln\u0105 wszechstronno\u015b\u0107 w badaniach analitycznych.<\/p>\n<\/li>\n<li data-start=\"5235\" data-end=\"5317\">\n<p data-start=\"5237\" data-end=\"5317\"><strong data-start=\"5237\" data-end=\"5262\">Produkcja zgodna z GMP<\/strong> \u2013 Gwarancja sp\u00f3jno\u015bci i powtarzalno\u015bci.<\/p>\n<\/li>\n<li data-start=\"5318\" data-end=\"5398\">\n<p data-start=\"5320\" data-end=\"5398\"><strong data-start=\"5320\" data-end=\"5342\">Bezpieczne opakowanie<\/strong> \u2013 Hermetyczne i nieprzepuszczaj\u0105ce \u015bwiat\u0142a dla optymalnej ochrony.<\/p>\n<\/li>\n<\/ul>\n<hr data-start=\"5400\" data-end=\"5403\" \/>\n<h3 data-start=\"5405\" data-end=\"5422\"><strong data-start=\"5409\" data-end=\"5422\">Zalety<\/strong><\/h3>\n<ul data-start=\"5423\" data-end=\"5669\">\n<li data-start=\"5423\" data-end=\"5503\">\n<p data-start=\"5425\" data-end=\"5503\">Wspiera <strong data-start=\"5437\" data-end=\"5500\">badania nad receptorami serotoninowymi i analogami tryptaminy<\/strong>.<\/p>\n<\/li>\n<li data-start=\"5504\" data-end=\"5566\">\n<p data-start=\"5506\" data-end=\"5566\">Nadaje si\u0119 do <strong data-start=\"5520\" data-end=\"5563\">badania farmakologiczne i biochemiczne<\/strong>.<\/p>\n<\/li>\n<li data-start=\"5567\" data-end=\"5615\">\n<p data-start=\"5569\" data-end=\"5615\"><strong data-start=\"5569\" data-end=\"5612\">Doskona\u0142a rozpuszczalno\u015b\u0107 i czysto\u015b\u0107<\/strong>.<\/p>\n<\/li>\n<li data-start=\"5616\" data-end=\"5669\">\n<p data-start=\"5618\" data-end=\"5669\">Idealny dla <strong data-start=\"5630\" data-end=\"5666\">wykorzystanie akademickie i analityczne<\/strong>.<\/p>\n<\/li>\n<\/ul>\n<hr data-start=\"5671\" data-end=\"5674\" \/>\n<h3 data-start=\"5676\" data-end=\"5691\"><strong data-start=\"5680\" data-end=\"5691\">Stosowanie<\/strong><\/h3>\n<ul data-start=\"5692\" data-end=\"5963\">\n<li data-start=\"5692\" data-end=\"5762\">\n<p data-start=\"5694\" data-end=\"5762\">Do u\u017cytku wy\u0142\u0105cznie przez <strong data-start=\"5719\" data-end=\"5759\">wykwalifikowany personel laboratoryjny<\/strong>.<\/p>\n<\/li>\n<li data-start=\"5763\" data-end=\"5839\">\n<p data-start=\"5765\" data-end=\"5839\">U\u017cyj odpowiedniego <strong data-start=\"5783\" data-end=\"5807\">sprz\u0119t ochronny<\/strong> (r\u0119kawiczki, okulary ochronne, fartuch laboratoryjny).<\/p>\n<\/li>\n<li data-start=\"5840\" data-end=\"5904\">\n<p data-start=\"5842\" data-end=\"5904\">Oszcz\u0119dzaj na <strong data-start=\"5857\" data-end=\"5891\">ch\u0142odne, suche i ciemne miejsce<\/strong> (15\u201325\u00b0C).<\/p>\n<\/li>\n<li data-start=\"5905\" data-end=\"5963\">\n<p data-start=\"5907\" data-end=\"5963\">Nie nadaje si\u0119 do spo\u017cycia przez ludzi i zwierz\u0119ta.<\/p>\n<\/li>\n<\/ul>\n<hr data-start=\"5965\" data-end=\"5968\" \/>\n<h3 data-start=\"5970\" data-end=\"6005\"><strong data-start=\"5974\" data-end=\"6005\">Cz\u0119sto zadawane pytania (FAQ)<\/strong><\/h3>\n<p data-start=\"6007\" data-end=\"6187\"><strong data-start=\"6007\" data-end=\"6057\">1. Do czego s\u0142u\u017cy wolna zasada 5-MeO-DMT?<\/strong><br data-start=\"6057\" data-end=\"6060\" \/>5-MeO-DMT jest stosowany w <strong data-start=\"6088\" data-end=\"6133\">badania farmakologiczne i neurochemiczne<\/strong> do receptor\u00f3w serotoninowych i analog\u00f3w strukturalnych.<\/p>\n<p data-start=\"6189\" data-end=\"6370\"><strong data-start=\"6189\" data-end=\"6248\">2. Czy wolna zasada 5-MeO-DMT jest bezpieczna dla ludzi?<\/strong><br data-start=\"6248\" data-end=\"6251\" \/>Nie. Ten produkt jest <strong data-start=\"6271\" data-end=\"6320\">przeznaczone wy\u0142\u0105cznie do cel\u00f3w badawczych<\/strong> i nie s\u0105 dopuszczone do spo\u017cycia przez ludzi.<\/p>\n<p data-start=\"6372\" data-end=\"6544\"><strong data-start=\"6372\" data-end=\"6422\">3. Jak nale\u017cy przechowywa\u0107 woln\u0105 zasad\u0119 5-MeO-DMT?<\/strong><br data-start=\"6422\" data-end=\"6425\" \/>Przechowywa\u0107 w <strong data-start=\"6440\" data-end=\"6470\">dobrze uszczelnione opakowanie<\/strong> w temperaturze pokojowej (15\u201325\u00b0C), chroni\u0107 od wilgoci, ciep\u0142a i \u015bwiat\u0142a.<\/p>","protected":false},"excerpt":{"rendered":"<h3><span style=\"vertical-align: inherit;\"><span style=\"vertical-align: inherit;\"><span dir=\"auto\" style=\"vertical-align: inherit;\"><span dir=\"auto\" style=\"vertical-align: inherit;\">5-MeO-DMT freebase properties<\/span><\/span><\/span><\/span><\/h3>\n<p><strong><span style=\"vertical-align: inherit;\"><span style=\"vertical-align: inherit;\"><span dir=\"auto\" style=\"vertical-align: inherit;\"><span dir=\"auto\" style=\"vertical-align: inherit;\">Synonym:<\/span><\/span><\/span><\/span><\/strong><span style=\"vertical-align: inherit;\"><span style=\"vertical-align: inherit;\"><span dir=\"auto\" style=\"vertical-align: inherit;\"><span dir=\"auto\" style=\"vertical-align: inherit;\"> 5-methoxy-N,N-dimethyltryptamine <\/span><\/span><\/span><\/span><br \/>\n<strong><span style=\"vertical-align: inherit;\"><span style=\"vertical-align: inherit;\"><span dir=\"auto\" style=\"vertical-align: inherit;\"><span dir=\"auto\" style=\"vertical-align: inherit;\">CAS Number:<\/span><\/span><\/span><\/span><\/strong><span style=\"vertical-align: inherit;\"><span style=\"vertical-align: inherit;\"><span dir=\"auto\" style=\"vertical-align: inherit;\"><span dir=\"auto\" style=\"vertical-align: inherit;\"> 1019-45-0 <\/span><\/span><\/span><\/span><br \/>\n<strong><span style=\"vertical-align: inherit;\"><span style=\"vertical-align: inherit;\"><span dir=\"auto\" style=\"vertical-align: inherit;\"><span dir=\"auto\" style=\"vertical-align: inherit;\">Formula:<\/span><\/span><\/span><\/span><\/strong><span style=\"vertical-align: inherit;\"><span style=\"vertical-align: inherit;\"><span dir=\"auto\" style=\"vertical-align: inherit;\"><span dir=\"auto\" style=\"vertical-align: inherit;\"> 3-[2-(dimethylamino)ethyl]-5-methoxyindole <\/span><\/span><\/span><\/span><br \/>\n<strong><span style=\"vertical-align: inherit;\"><span style=\"vertical-align: inherit;\"><span dir=\"auto\" style=\"vertical-align: inherit;\"><span dir=\"auto\" style=\"vertical-align: inherit;\">Molar Mass:<\/span><\/span><\/span><\/span><\/strong><span style=\"vertical-align: inherit;\"><span style=\"vertical-align: inherit;\"><span dir=\"auto\" style=\"vertical-align: inherit;\"><span dir=\"auto\" style=\"vertical-align: inherit;\"> 218.3 g\/mol <\/span><\/span><\/span><\/span><br \/>\n<strong><span style=\"vertical-align: inherit;\"><span style=\"vertical-align: inherit;\"><span dir=\"auto\" style=\"vertical-align: inherit;\"><span dir=\"auto\" style=\"vertical-align: inherit;\">Purity:<\/span><\/span><\/span><\/span><\/strong><span style=\"vertical-align: inherit;\"><span style=\"vertical-align: inherit;\"><span dir=\"auto\" style=\"vertical-align: inherit;\"><span dir=\"auto\" style=\"vertical-align: inherit;\"> &gt;97%<\/span><\/span><\/span><\/span><\/p>\n","protected":false},"featured_media":28461,"comment_status":"closed","ping_status":"closed","template":"","meta":[],"product_brand":[],"product_cat":[511,381],"product_tag":[1164,624,326],"class_list":{"0":"post-23497","1":"product","2":"type-product","3":"status-publish","4":"has-post-thumbnail","6":"product_cat-5-meo-dmt-kopen","7":"product_cat-tryptamines","8":"product_tag-5-meo-dmt-freebase-kopen","9":"product_tag-5-meo-dmt-freebase","10":"product_tag-nl","12":"first","13":"instock","14":"taxable","15":"shipping-taxable","16":"purchasable","17":"product-type-variable"},"_links":{"self":[{"href":"https:\/\/researchchemicalhub.com\/pl\/wp-json\/wp\/v2\/product\/23497","targetHints":{"allow":["GET"]}}],"collection":[{"href":"https:\/\/researchchemicalhub.com\/pl\/wp-json\/wp\/v2\/product"}],"about":[{"href":"https:\/\/researchchemicalhub.com\/pl\/wp-json\/wp\/v2\/types\/product"}],"replies":[{"embeddable":true,"href":"https:\/\/researchchemicalhub.com\/pl\/wp-json\/wp\/v2\/comments?post=23497"}],"version-history":[{"count":5,"href":"https:\/\/researchchemicalhub.com\/pl\/wp-json\/wp\/v2\/product\/23497\/revisions"}],"predecessor-version":[{"id":28025,"href":"https:\/\/researchchemicalhub.com\/pl\/wp-json\/wp\/v2\/product\/23497\/revisions\/28025"}],"wp:featuredmedia":[{"embeddable":true,"href":"https:\/\/researchchemicalhub.com\/pl\/wp-json\/wp\/v2\/media\/28461"}],"wp:attachment":[{"href":"https:\/\/researchchemicalhub.com\/pl\/wp-json\/wp\/v2\/media?parent=23497"}],"wp:term":[{"taxonomy":"product_brand","embeddable":true,"href":"https:\/\/researchchemicalhub.com\/pl\/wp-json\/wp\/v2\/product_brand?post=23497"},{"taxonomy":"product_cat","embeddable":true,"href":"https:\/\/researchchemicalhub.com\/pl\/wp-json\/wp\/v2\/product_cat?post=23497"},{"taxonomy":"product_tag","embeddable":true,"href":"https:\/\/researchchemicalhub.com\/pl\/wp-json\/wp\/v2\/product_tag?post=23497"}],"curies":[{"name":"wp","href":"https:\/\/api.w.org\/{rel}","templated":true}]}}