{"id":23471,"date":"2025-04-13T17:39:49","date_gmt":"2025-04-13T17:39:49","guid":{"rendered":"https:\/\/researchchemicalhub.com\/?post_type=product&#038;p=23471"},"modified":"2025-10-19T20:39:55","modified_gmt":"2025-10-19T20:39:55","slug":"4-ho-mipt-fumarate","status":"publish","type":"product","link":"https:\/\/researchchemicalhub.com\/pl\/shop\/4-ho-mipt\/4-ho-mipt-fumarate\/","title":{"rendered":"Fumaran 4-HO-MiPT"},"content":{"rendered":"<h3><strong><span dir=\"auto\" style=\"vertical-align: inherit;\"><span dir=\"auto\" style=\"vertical-align: inherit;\">Fumaran 4-HO-MiPT \u2013 opis produktu, zastosowania, korzy\u015bci i wady oraz cz\u0119sto zadawane pytania<\/span><\/span><\/strong><\/h3>\n<p data-start=\"4058\" data-end=\"4259\"><strong data-start=\"4058\" data-end=\"4123\">Fumaran 4-HO-MiPT (4-hydroksy-N-metylo-N-izopropylotryptamina)<\/strong> jest <strong data-start=\"4131\" data-end=\"4173\">zwi\u0105zek badawczy o wysokiej czysto\u015bci<\/strong>, opracowany dla <strong data-start=\"4191\" data-end=\"4256\">badania neurologiczne, farmakologiczne i analityczne<\/strong>. Fumaran 4-HO-MiPT<\/p>\n<p data-start=\"4261\" data-end=\"4597\">Jako cz\u0142onek <strong data-start=\"4276\" data-end=\"4312\">Klasa 4-hydroksytryptaminy (4-HO)<\/strong> czy jest to strukturalnie powi\u0105zane z <strong data-start=\"4344\" data-end=\"4368\">psylocyna (4-HO-DMT)<\/strong> i inne naturalne tryptaminy. <strong data-start=\"4407\" data-end=\"4440\">grupa hydroksylowa w pozycji 4<\/strong> wp\u0142ywa na <strong data-start=\"4455\" data-end=\"4504\">wi\u0105zanie receptora serotoninowego (5-HT1A i 5-HT2A)<\/strong>, co czyni 4-HO-MiPT warto\u015bciowym dla <strong data-start=\"4543\" data-end=\"4584\">zale\u017cno\u015b\u0107 struktura-aktywno\u015b\u0107 (SAR)<\/strong>-badania.<\/p>\n<p data-start=\"4599\" data-end=\"4793\">Ten <strong data-start=\"4602\" data-end=\"4622\">forma soli fumaranowej<\/strong> zapewnia <strong data-start=\"4634\" data-end=\"4702\">doskona\u0142a stabilno\u015b\u0107 chemiczna, rozpuszczalno\u015b\u0107 i trwa\u0142o\u015b\u0107<\/strong>, co czyni go idealnym do d\u0142ugoterminowego przechowywania i kontrolowanych zastosowa\u0144 laboratoryjnych.<\/p>\n<blockquote data-start=\"4795\" data-end=\"4946\">\n<p data-start=\"4797\" data-end=\"4946\">\u26a0\ufe0f <strong data-start=\"4800\" data-end=\"4811\">UWAGA:<\/strong> Ten produkt jest <strong data-start=\"4827\" data-end=\"4882\">przeznaczone wy\u0142\u0105cznie do bada\u0144 naukowych<\/strong> I <strong data-start=\"4886\" data-end=\"4943\">nie nadaje si\u0119 do spo\u017cycia przez ludzi i zwierz\u0119ta<\/strong>.<\/p>\n<\/blockquote>\n<hr data-start=\"4948\" data-end=\"4951\" \/>\n<h3 data-start=\"4953\" data-end=\"4984\"><strong data-start=\"4957\" data-end=\"4984\">G\u0142\u00f3wne cechy<\/strong><\/h3>\n<ul data-start=\"4985\" data-end=\"5377\">\n<li data-start=\"4985\" data-end=\"5055\">\n<p data-start=\"4987\" data-end=\"5055\"><strong data-start=\"4987\" data-end=\"5013\">Wysoka czysto\u015b\u0107 (\u226599%)<\/strong> \u2013 Potwierdzone analiz\u0105 HPLC i GC-MS.<\/p>\n<\/li>\n<li data-start=\"5056\" data-end=\"5130\">\n<p data-start=\"5058\" data-end=\"5130\"><strong data-start=\"5058\" data-end=\"5087\">Stabilna forma soli fumaranowej<\/strong> \u2013 Zwi\u0119ksza stabilno\u015b\u0107 i \u0142atwo\u015b\u0107 u\u017cytkowania.<\/p>\n<\/li>\n<li data-start=\"5131\" data-end=\"5218\">\n<p data-start=\"5133\" data-end=\"5218\"><strong data-start=\"5133\" data-end=\"5172\">Standard Bada\u0144 Farmakologicznych<\/strong> \u2013 Nadaje si\u0119 do bada\u0144 receptor\u00f3w i SAR.<\/p>\n<\/li>\n<li data-start=\"5219\" data-end=\"5288\">\n<p data-start=\"5221\" data-end=\"5288\"><strong data-start=\"5221\" data-end=\"5246\">Produkcja zgodna z GMP<\/strong> \u2013 Zapewnia sp\u00f3jno\u015b\u0107 i jako\u015b\u0107.<\/p>\n<\/li>\n<li data-start=\"5289\" data-end=\"5377\">\n<p data-start=\"5291\" data-end=\"5377\"><strong data-start=\"5291\" data-end=\"5313\">Bezpieczne opakowanie<\/strong> \u2013 Opakowanie hermetyczne i nieprzepuszczaj\u0105ce \u015bwiat\u0142a zapewniaj\u0105ce maksymaln\u0105 ochron\u0119. Fumaran 4-HO-MiPT<\/p>\n<\/li>\n<\/ul>\n<hr data-start=\"5379\" data-end=\"5382\" \/>\n<h3 data-start=\"5384\" data-end=\"5401\"><strong data-start=\"5388\" data-end=\"5401\">Zalety<\/strong><\/h3>\n<ul data-start=\"5402\" data-end=\"5699\">\n<li data-start=\"5402\" data-end=\"5482\">\n<p data-start=\"5404\" data-end=\"5482\">Wspiera <strong data-start=\"5416\" data-end=\"5479\">badania nad receptorami serotoninowymi i analogami tryptaminy<\/strong>.<\/p>\n<\/li>\n<li data-start=\"5483\" data-end=\"5560\">\n<p data-start=\"5485\" data-end=\"5560\"><strong data-start=\"5485\" data-end=\"5530\">Dok\u0142adne i powtarzalne wyniki<\/strong> w kontrolowanych badaniach.<\/p>\n<\/li>\n<li data-start=\"5561\" data-end=\"5627\">\n<p data-start=\"5563\" data-end=\"5627\"><strong data-start=\"5563\" data-end=\"5589\">Poprawiona stabilno\u015b\u0107<\/strong> w stosunku do formy wolnej zasady.<\/p>\n<\/li>\n<li data-start=\"5628\" data-end=\"5699\">\n<p data-start=\"5630\" data-end=\"5699\">Idealny dla <strong data-start=\"5642\" data-end=\"5696\">badania naukowe, farmakologiczne i analityczne<\/strong>.<\/p>\n<\/li>\n<\/ul>\n<hr data-start=\"5701\" data-end=\"5704\" \/>\n<h3 data-start=\"5706\" data-end=\"5721\"><strong data-start=\"5710\" data-end=\"5721\">Stosowanie<\/strong><\/h3>\n<ul data-start=\"5722\" data-end=\"5993\">\n<li data-start=\"5722\" data-end=\"5792\">\n<p data-start=\"5724\" data-end=\"5792\">Do u\u017cytku wy\u0142\u0105cznie przez <strong data-start=\"5749\" data-end=\"5789\">wykwalifikowany personel laboratoryjny<\/strong>.<\/p>\n<\/li>\n<li data-start=\"5793\" data-end=\"5869\">\n<p data-start=\"5795\" data-end=\"5869\">U\u017cyj odpowiedniego <strong data-start=\"5813\" data-end=\"5837\">sprz\u0119t ochronny<\/strong> (r\u0119kawiczki, okulary ochronne, fartuch laboratoryjny).<\/p>\n<\/li>\n<li data-start=\"5870\" data-end=\"5934\">\n<p data-start=\"5872\" data-end=\"5934\">Oszcz\u0119dzaj na <strong data-start=\"5887\" data-end=\"5921\">ch\u0142odne, suche i ciemne miejsce<\/strong> (15\u201325\u00b0C).<\/p>\n<\/li>\n<li data-start=\"5935\" data-end=\"5993\">\n<p data-start=\"5937\" data-end=\"5993\">Nie nadaje si\u0119 do spo\u017cycia przez ludzi i zwierz\u0119ta.<\/p>\n<\/li>\n<\/ul>\n<hr data-start=\"5995\" data-end=\"5998\" \/>\n<h3 data-start=\"6000\" data-end=\"6035\"><strong data-start=\"6004\" data-end=\"6035\">Cz\u0119sto zadawane pytania (FAQ)<\/strong><\/h3>\n<p data-start=\"6037\" data-end=\"6225\"><strong data-start=\"6037\" data-end=\"6087\">1. Do czego s\u0142u\u017cy fumaran 4-HO-MiPT?<\/strong><br data-start=\"6087\" data-end=\"6090\" \/>Fumaran 4-HO-MiPT jest stosowany w <strong data-start=\"6127\" data-end=\"6172\">badania farmakologiczne i neurochemiczne<\/strong> do receptor\u00f3w serotoninowych i analog\u00f3w tryptaminy.<\/p>\n<p data-start=\"6227\" data-end=\"6408\"><strong data-start=\"6227\" data-end=\"6286\">2. Czy fumaran 4-HO-MiPT jest bezpieczny do stosowania u ludzi?<\/strong><br data-start=\"6286\" data-end=\"6289\" \/>Nie. Ten produkt jest <strong data-start=\"6309\" data-end=\"6358\">przeznaczone wy\u0142\u0105cznie do cel\u00f3w badawczych<\/strong> i nie s\u0105 dopuszczone do spo\u017cycia przez ludzi.<\/p>\n<p data-start=\"6410\" data-end=\"6582\"><strong data-start=\"6410\" data-end=\"6460\">3. Jak nale\u017cy przechowywa\u0107 fumaran 4-HO-MiPT?<\/strong><br data-start=\"6460\" data-end=\"6463\" \/>Przechowywa\u0107 w <strong data-start=\"6478\" data-end=\"6508\">dobrze uszczelnione opakowanie<\/strong> w temperaturze pokojowej (15\u201325\u00b0C), chroni\u0107 od wilgoci, ciep\u0142a i \u015bwiat\u0142a.<\/p>","protected":false},"excerpt":{"rendered":"<h3><span data-sheets-value=\"{\" data-sheets-userformat=\"{\"><span style=\"vertical-align: inherit;\"><span style=\"vertical-align: inherit;\"><span dir=\"auto\" style=\"vertical-align: inherit;\"><span dir=\"auto\" style=\"vertical-align: inherit;\">4-HO-MiPT fumarate properties<\/span><\/span><\/span><\/span><\/span><\/h3>\n<p><strong><span style=\"vertical-align: inherit;\"><span style=\"vertical-align: inherit;\"><span dir=\"auto\" style=\"vertical-align: inherit;\"><span dir=\"auto\" style=\"vertical-align: inherit;\">Synonym:<\/span><\/span><\/span><\/span><\/strong><span style=\"vertical-align: inherit;\"><span style=\"vertical-align: inherit;\"><span dir=\"auto\" style=\"vertical-align: inherit;\"><span dir=\"auto\" style=\"vertical-align: inherit;\"> 4-hydroxy-N-methyl-N-isopropyltryptamine fumarate <\/span><\/span><\/span><\/span><br \/>\n<strong><span style=\"vertical-align: inherit;\"><span style=\"vertical-align: inherit;\"><span dir=\"auto\" style=\"vertical-align: inherit;\"><span dir=\"auto\" style=\"vertical-align: inherit;\">CAS Number:<\/span><\/span><\/span><\/span><\/strong><span style=\"vertical-align: inherit;\"><span style=\"vertical-align: inherit;\"><span dir=\"auto\" style=\"vertical-align: inherit;\"><span dir=\"auto\" style=\"vertical-align: inherit;\"> 77872-43-6 <\/span><\/span><\/span><\/span><br \/>\n<strong><span style=\"vertical-align: inherit;\"><span style=\"vertical-align: inherit;\"><span dir=\"auto\" style=\"vertical-align: inherit;\"><span dir=\"auto\" style=\"vertical-align: inherit;\">Formula:<\/span><\/span><\/span><\/span><\/strong><span style=\"vertical-align: inherit;\"><span style=\"vertical-align: inherit;\"><span dir=\"auto\" style=\"vertical-align: inherit;\"><span dir=\"auto\" style=\"vertical-align: inherit;\"> 3-[2-(isopropyl(methyl)amino)ethyl]-1H-indole-4-ol fumarate <\/span><\/span><\/span><\/span><br \/>\n<strong><span style=\"vertical-align: inherit;\"><span style=\"vertical-align: inherit;\"><span dir=\"auto\" style=\"vertical-align: inherit;\"><span dir=\"auto\" style=\"vertical-align: inherit;\">Molar Mass:<\/span><\/span><\/span><\/span><\/strong><span style=\"vertical-align: inherit;\"><span style=\"vertical-align: inherit;\"><span dir=\"auto\" style=\"vertical-align: inherit;\"><span dir=\"auto\" style=\"vertical-align: inherit;\"> 348.4 g\/mol <\/span><\/span><\/span><\/span><br \/>\n<strong><span style=\"vertical-align: inherit;\"><span style=\"vertical-align: inherit;\"><span dir=\"auto\" style=\"vertical-align: inherit;\"><span dir=\"auto\" style=\"vertical-align: inherit;\">Purity:<\/span><\/span><\/span><\/span><\/strong><span style=\"vertical-align: inherit;\"><span style=\"vertical-align: inherit;\"><span dir=\"auto\" style=\"vertical-align: inherit;\"><span dir=\"auto\" style=\"vertical-align: inherit;\"> &gt;97%<\/span><\/span><\/span><\/span><\/p>\n","protected":false},"featured_media":20353,"comment_status":"closed","ping_status":"closed","template":"","meta":[],"product_brand":[],"product_cat":[505,381],"product_tag":[1156,1157,326],"class_list":{"0":"post-23471","1":"product","2":"type-product","3":"status-publish","4":"has-post-thumbnail","6":"product_cat-4-ho-mipt","7":"product_cat-tryptamines","8":"product_tag-4-ho-mipt-fumarate","9":"product_tag-4-ho-mipt-fumarate-kopen","10":"product_tag-nl","12":"first","13":"instock","14":"taxable","15":"shipping-taxable","16":"purchasable","17":"product-type-variable"},"_links":{"self":[{"href":"https:\/\/researchchemicalhub.com\/pl\/wp-json\/wp\/v2\/product\/23471","targetHints":{"allow":["GET"]}}],"collection":[{"href":"https:\/\/researchchemicalhub.com\/pl\/wp-json\/wp\/v2\/product"}],"about":[{"href":"https:\/\/researchchemicalhub.com\/pl\/wp-json\/wp\/v2\/types\/product"}],"replies":[{"embeddable":true,"href":"https:\/\/researchchemicalhub.com\/pl\/wp-json\/wp\/v2\/comments?post=23471"}],"version-history":[{"count":4,"href":"https:\/\/researchchemicalhub.com\/pl\/wp-json\/wp\/v2\/product\/23471\/revisions"}],"predecessor-version":[{"id":28036,"href":"https:\/\/researchchemicalhub.com\/pl\/wp-json\/wp\/v2\/product\/23471\/revisions\/28036"}],"wp:featuredmedia":[{"embeddable":true,"href":"https:\/\/researchchemicalhub.com\/pl\/wp-json\/wp\/v2\/media\/20353"}],"wp:attachment":[{"href":"https:\/\/researchchemicalhub.com\/pl\/wp-json\/wp\/v2\/media?parent=23471"}],"wp:term":[{"taxonomy":"product_brand","embeddable":true,"href":"https:\/\/researchchemicalhub.com\/pl\/wp-json\/wp\/v2\/product_brand?post=23471"},{"taxonomy":"product_cat","embeddable":true,"href":"https:\/\/researchchemicalhub.com\/pl\/wp-json\/wp\/v2\/product_cat?post=23471"},{"taxonomy":"product_tag","embeddable":true,"href":"https:\/\/researchchemicalhub.com\/pl\/wp-json\/wp\/v2\/product_tag?post=23471"}],"curies":[{"name":"wp","href":"https:\/\/api.w.org\/{rel}","templated":true}]}}