{"id":26138,"date":"2025-10-20T01:31:18","date_gmt":"2025-10-20T01:31:18","guid":{"rendered":"https:\/\/researchchemicalhub.com\/?post_type=product&#038;p=26138"},"modified":"2025-10-21T05:55:10","modified_gmt":"2025-10-21T05:55:10","slug":"iboga-kapsler","status":"publish","type":"product","link":"https:\/\/researchchemicalhub.com\/nb\/butikk\/iboga-ibogain\/iboga-kapsler\/","title":{"rendered":"Iboga-kapsler"},"content":{"rendered":"<h2>Kj\u00f8p Iboga-kapsler<\/h2>\n<p>Iboga refererer til en psykoaktiv forbindelse tatt fra planter som inneholder ibogainalkaloidet. Bare i Gabon finnes det en rekke planter som inneholder dette alkaloidet. Hovedkilden er imidlertid Tabernanthe Iboga-planten. Disse plantene vokser p\u00e5 jungelbunnen i avsidesliggende regioner i Vest-Sentral-Afrika, inkludert Kamerun, Republikken Kongo<a href=\"https:\/\/legalerfuhrerschein.com\/\" target=\"_blank\" rel=\"noopener\">,<\/a> Angola, og selvf\u00f8lgelig Gabon, plantens fysiske og \u00e5ndelige hjem. Kj\u00f8p ibogakapsler<\/p>\n<p>Plantens rotbark inneholder de psykoaktive alkaloidene. Ved \u00e5 barbere denne rotbarken fra roten f\u00e5r vi frisk, spiseklar, kraftig, eldgammel og helbredende ingrediens. <a href=\"https:\/\/ibogainerehabilitation.com\/\" target=\"_blank\" rel=\"noopener\">iboga<\/a>Etter \u00e5 ha konsumert rotbarken, opplever fors\u00f8kspersonene en dr\u00f8mmelignende bevissthetstilstand. I l\u00f8pet av reisen kan man (eller ikke) m\u00f8te eksistensielle oppdagelser, krystallklare visjoner, hukommelse og utallige andre fantastiske ting. Slik som avhengighet, depresjon, hudsykdommer, kroppsreduksjon og \u00e5ndelig oppv\u00e5kning.<\/p>","protected":false},"excerpt":{"rendered":"<p>Kj\u00f8p Iboga-kapsler Iboga refererer til en psykoaktiv forbindelse tatt fra planter som inneholder ibogainalkaloidet. Bare i Gabon,<\/p>","protected":false},"featured_media":26151,"comment_status":"closed","ping_status":"closed","template":"","meta":[],"product_brand":[],"product_cat":[908],"product_tag":[],"class_list":{"0":"post-26138","1":"product","2":"type-product","3":"status-publish","4":"has-post-thumbnail","6":"product_cat-iboga-ibogaine","8":"first","9":"instock","10":"taxable","11":"shipping-taxable","12":"purchasable","13":"product-type-variable"},"_links":{"self":[{"href":"https:\/\/researchchemicalhub.com\/nb\/wp-json\/wp\/v2\/product\/26138","targetHints":{"allow":["GET"]}}],"collection":[{"href":"https:\/\/researchchemicalhub.com\/nb\/wp-json\/wp\/v2\/product"}],"about":[{"href":"https:\/\/researchchemicalhub.com\/nb\/wp-json\/wp\/v2\/types\/product"}],"replies":[{"embeddable":true,"href":"https:\/\/researchchemicalhub.com\/nb\/wp-json\/wp\/v2\/comments?post=26138"}],"version-history":[{"count":1,"href":"https:\/\/researchchemicalhub.com\/nb\/wp-json\/wp\/v2\/product\/26138\/revisions"}],"predecessor-version":[{"id":26152,"href":"https:\/\/researchchemicalhub.com\/nb\/wp-json\/wp\/v2\/product\/26138\/revisions\/26152"}],"wp:featuredmedia":[{"embeddable":true,"href":"https:\/\/researchchemicalhub.com\/nb\/wp-json\/wp\/v2\/media\/26151"}],"wp:attachment":[{"href":"https:\/\/researchchemicalhub.com\/nb\/wp-json\/wp\/v2\/media?parent=26138"}],"wp:term":[{"taxonomy":"product_brand","embeddable":true,"href":"https:\/\/researchchemicalhub.com\/nb\/wp-json\/wp\/v2\/product_brand?post=26138"},{"taxonomy":"product_cat","embeddable":true,"href":"https:\/\/researchchemicalhub.com\/nb\/wp-json\/wp\/v2\/product_cat?post=26138"},{"taxonomy":"product_tag","embeddable":true,"href":"https:\/\/researchchemicalhub.com\/nb\/wp-json\/wp\/v2\/product_tag?post=26138"}],"curies":[{"name":"wp","href":"https:\/\/api.w.org\/{rel}","templated":true}]}}