{"id":26132,"date":"2025-10-20T01:31:17","date_gmt":"2025-10-20T01:31:17","guid":{"rendered":"https:\/\/researchchemicalhub.com\/?post_type=product&#038;p=26132"},"modified":"2025-10-21T05:53:59","modified_gmt":"2025-10-21T05:53:59","slug":"kjop-ibogaine-hcl-pa-nett","status":"publish","type":"product","link":"https:\/\/researchchemicalhub.com\/nb\/butikk\/iboga-ibogain\/kjop-ibogaine-hcl-pa-nett\/","title":{"rendered":"Kj\u00f8p Ibogaine HCL"},"content":{"rendered":"<h2>Kj\u00f8p Ibogaine HCL<\/h2>\n<div class=\"sm-table-layout__cell sm-table-layout__cell_align_left sm-table-layout__cell_fixed-cell_phrase\" role=\"cell\" data-testid=\"table-cell-keyword\">\n<div class=\"sm-cell-phrase\"><span class=\"___SText_anxqe-kmt_\" data-ui-name=\"Link.Text\">kj\u00f8p ibogaine hcl p\u00e5 nett, <\/span>Kj\u00f8p Ibogaine HCL. Ibogaine er det aktive stoffet som finnes i den afrikanske Tabernanthe iboga-roten, som fjerner fysiske abstinenstegn og avbryter rusmiddeltrang \u00e9n gang for alle. Ibogaine HCL har vist seg \u00e5 v\u00e6re den mest innflytelsesrike urteplanten for \u00e5 kurere avhengighet. N\u00e5r den brukes riktig, er resultatene 100% effektive. Vi tilbyr Iboga ferdigpakket i kapsler, noe som hjelper med dosering og enkel forbruk.<\/div>\n<\/div>\n<p>Utvunnet fra barken til Tabernanthe Iboga-roten. I det andre laget av Iboga-barken finnes omtrent 12 forskjellige alkaloider. De tre mest fremtredende alkaloidene som utvinnes inkluderer ibogain, ibogamin og ogs\u00e5 ibogalin. Som en kjemisk forbindelse av ibogain brukes ibogain HCL i behandling av avhengighet. Ibogain HCL er en naturlig forekommende forbindelse utvunnet fra Tabernanthe iboga-busken som er hjemmeh\u00f8rende i Afrika. Brukes til \u00e5 skylle ut giftstoffer (som opiater og andre rusmidler) fra kroppen og bidra til \u00e5 redusere de ubehagelige symptomene forbundet med fysisk abstinens fra rusmisbruk dramatisk.<\/p>\n<p>Ibogaine HCL er den tredje graden av ibogaine og brukes oftest som avhengighetsbehandling. Det g\u00e5r gjennom en distinkt renseprosess med HCL som fjerner flere urenheter og andre stoffer. I tillegg inneholder ibogaine HCL omtrent 85\u201399 prosent ren ibogaine.<\/p>\n<h2>Ibogain HCL til salgs<\/h2>\n<p>Vanligvis brukes ibogaine HCL i medisinske omgivelser under veiledning av profesjonelt trente, sertifiserte leger og sykepleiere. Det er gunstig for \u00e5 hjelpe en person som sliter med rusmisbruk med \u00e5 h\u00e5ndtere symptomer p\u00e5 rusmiddel- eller alkoholabstinenser. Ibogaine HCL brukes til \u00e5 behandle symptomer p\u00e5 rusmiddelabstinenser ved \u00e5 virke i synergi med nevroner og spesifikke reseptorsteder som finnes i hjernen og sentralnervesystemet.<\/p>\n<p>N\u00e5r en person opplever abstinenssymptomer med Ibogaine HCL, vil det fortsatt v\u00e6re abstinenssymptomer. Imidlertid merkes de vanligvis i en br\u00f8kdel av det som oppleves uten behandling. Effektene av behandling med Ibogaine HCL kan vare fra 15\u201336 timer, avhengig av pasientens unike egenskaper.<a href=\"https:\/\/researchchemicalhub.com\/nb\/butikk\/katinoner\/kjop-2-cm\/\">2-CMC 250 mg pellets<\/a><a href=\"https:\/\/researchchemicalhub.com\/nb\/butikk\/nesten-forbudt\/6-cl-adba\/\">6-CL-ADBA<\/a><a href=\"https:\/\/researchchemicalhub.com\/nb\/butikk\/lysergamider\/1v-lsd-150-mcg-blotters\/\">1V-LSD 150 MCG Blottere<\/a><a href=\"https:\/\/researchchemicalhub.com\/nb\/butikk\/pellets\/o-dsmt-50-mg-pellets\/\">O-DSMT 50 mg pellets<\/a><a href=\"https:\/\/researchchemicalhub.com\/nb\/butikk\/lysergamider\/1-kopp-lsd-150-mcg\/\">1cP-LSD 150 MCG Kunstpapir<\/a><\/p>","protected":false},"excerpt":{"rendered":"<p>Kj\u00f8p Ibogaine HCL kj\u00f8p ibogaine hcl p\u00e5 nett, Kj\u00f8p Ibogaine HCL, Ibogaine er det aktive kjemikaliet som finnes i den afrikanske Tabernanthe<\/p>","protected":false},"featured_media":26149,"comment_status":"closed","ping_status":"closed","template":"","meta":[],"product_brand":[],"product_cat":[908],"product_tag":[913],"class_list":{"0":"post-26132","1":"product","2":"type-product","3":"status-publish","4":"has-post-thumbnail","6":"product_cat-iboga-ibogaine","7":"product_tag-buy-ibogaine-hcl-online","9":"first","10":"instock","11":"taxable","12":"shipping-taxable","13":"purchasable","14":"product-type-variable"},"_links":{"self":[{"href":"https:\/\/researchchemicalhub.com\/nb\/wp-json\/wp\/v2\/product\/26132","targetHints":{"allow":["GET"]}}],"collection":[{"href":"https:\/\/researchchemicalhub.com\/nb\/wp-json\/wp\/v2\/product"}],"about":[{"href":"https:\/\/researchchemicalhub.com\/nb\/wp-json\/wp\/v2\/types\/product"}],"replies":[{"embeddable":true,"href":"https:\/\/researchchemicalhub.com\/nb\/wp-json\/wp\/v2\/comments?post=26132"}],"version-history":[{"count":3,"href":"https:\/\/researchchemicalhub.com\/nb\/wp-json\/wp\/v2\/product\/26132\/revisions"}],"predecessor-version":[{"id":26157,"href":"https:\/\/researchchemicalhub.com\/nb\/wp-json\/wp\/v2\/product\/26132\/revisions\/26157"}],"wp:featuredmedia":[{"embeddable":true,"href":"https:\/\/researchchemicalhub.com\/nb\/wp-json\/wp\/v2\/media\/26149"}],"wp:attachment":[{"href":"https:\/\/researchchemicalhub.com\/nb\/wp-json\/wp\/v2\/media?parent=26132"}],"wp:term":[{"taxonomy":"product_brand","embeddable":true,"href":"https:\/\/researchchemicalhub.com\/nb\/wp-json\/wp\/v2\/product_brand?post=26132"},{"taxonomy":"product_cat","embeddable":true,"href":"https:\/\/researchchemicalhub.com\/nb\/wp-json\/wp\/v2\/product_cat?post=26132"},{"taxonomy":"product_tag","embeddable":true,"href":"https:\/\/researchchemicalhub.com\/nb\/wp-json\/wp\/v2\/product_tag?post=26132"}],"curies":[{"name":"wp","href":"https:\/\/api.w.org\/{rel}","templated":true}]}}