{"id":26126,"date":"2025-10-20T01:31:17","date_gmt":"2025-10-20T01:31:17","guid":{"rendered":"https:\/\/researchchemicalhub.com\/?post_type=product&#038;p=26126"},"modified":"2025-10-21T05:53:39","modified_gmt":"2025-10-21T05:53:39","slug":"kjop-iboga","status":"publish","type":"product","link":"https:\/\/researchchemicalhub.com\/nb\/butikk\/iboga-ibogain\/kjop-iboga\/","title":{"rendered":"Kj\u00f8p Iboga TA"},"content":{"rendered":"<h2>Kj\u00f8p Iboga TA<\/h2>\n<p>iboga, Kj\u00f8p Iboga TA, TA st\u00e5r for \u00abtotal alkaloid\u00bb. Iboga TA er et ekstrakt som inneholder alle alkaloidene som finnes i iboga-rotbarken. Alkaloidene kan relativt enkelt ekstraheres fra rotbarken via en syre\/base-ekstraksjon. kj\u00f8p iboga p\u00e5 nett<\/p>\n<p>Vitenskapelig forskning viser en drastisk reduksjon i abstinenssymptomer etter inntak av Iboga-rotbark eller ekstrakter kjent som HCL og TA, i den grad at den nesten er fullstendig nedbrutt. Forskning viser at 90% av behandlingene som er utf\u00f8rt er vellykkede, og selv m\u00e5neder etter behandlingen har pasientene ikke trang til tilbakefall. Bortsett fra \u00e5 bryte avhengigheten, gir det pasientene klarhet og innsikt i sine egne liv.<\/p>\n<p>Vi utf\u00f8rer frakt og pakking av iboga-pulver med profesjonalitet for \u00e5 sikre vellykket frakt av 100%. Vi tilbyr eksperttjenester til v\u00e5re respektive destinasjoner, og kataloger om bruk, dosering og annen viktig statistikk kan gis ved henvendelse og foresp\u00f8rsel. <a href=\"https:\/\/researchchemicalhub.com\/nb\/butikk\/okategorisert\/kjop-4mmc\/\">kj\u00f8p 4mmc<\/a><a href=\"https:\/\/researchchemicalhub.com\/nb\/butikk\/iboga-ibogain\/iboga-rotbark\/\">iboga rotbark<\/a><a href=\"https:\/\/researchchemicalhub.com\/nb\/butikk\/iboga-ibogain\/kjop-ibogaine-hcl-pa-nett\/\">kj\u00f8p ibogaine hcl p\u00e5 nett<\/a><a href=\"https:\/\/researchchemicalhub.com\/nb\/butikk\/lysergamider\/1cp-lsd\/\">1cp lsd<\/a><a href=\"https:\/\/researchchemicalhub.com\/nb\/butikk\/pellets-for-pellets\/o-dsmt-50-mg-pellets\/\">o-dsmt<\/a><\/p>","protected":false},"excerpt":{"rendered":"<p>Kj\u00f8p Iboga TA kj\u00f8p iboga\u200b, Kj\u00f8p Iboga TA, TA st\u00e5r for &quot;total alkaloid.&quot; Iboga TA er et ekstrakt som inneholder alle<\/p>","protected":false},"featured_media":26147,"comment_status":"closed","ping_status":"closed","template":"","meta":[],"product_brand":[],"product_cat":[908],"product_tag":[1091,1090],"class_list":{"0":"post-26126","1":"product","2":"type-product","3":"status-publish","4":"has-post-thumbnail","6":"product_cat-iboga-ibogaine","7":"product_tag-iboga","8":"product_tag-iboga-kopen","10":"first","11":"instock","12":"taxable","13":"shipping-taxable","14":"purchasable","15":"product-type-variable"},"_links":{"self":[{"href":"https:\/\/researchchemicalhub.com\/nb\/wp-json\/wp\/v2\/product\/26126","targetHints":{"allow":["GET"]}}],"collection":[{"href":"https:\/\/researchchemicalhub.com\/nb\/wp-json\/wp\/v2\/product"}],"about":[{"href":"https:\/\/researchchemicalhub.com\/nb\/wp-json\/wp\/v2\/types\/product"}],"replies":[{"embeddable":true,"href":"https:\/\/researchchemicalhub.com\/nb\/wp-json\/wp\/v2\/comments?post=26126"}],"version-history":[{"count":3,"href":"https:\/\/researchchemicalhub.com\/nb\/wp-json\/wp\/v2\/product\/26126\/revisions"}],"predecessor-version":[{"id":27690,"href":"https:\/\/researchchemicalhub.com\/nb\/wp-json\/wp\/v2\/product\/26126\/revisions\/27690"}],"wp:featuredmedia":[{"embeddable":true,"href":"https:\/\/researchchemicalhub.com\/nb\/wp-json\/wp\/v2\/media\/26147"}],"wp:attachment":[{"href":"https:\/\/researchchemicalhub.com\/nb\/wp-json\/wp\/v2\/media?parent=26126"}],"wp:term":[{"taxonomy":"product_brand","embeddable":true,"href":"https:\/\/researchchemicalhub.com\/nb\/wp-json\/wp\/v2\/product_brand?post=26126"},{"taxonomy":"product_cat","embeddable":true,"href":"https:\/\/researchchemicalhub.com\/nb\/wp-json\/wp\/v2\/product_cat?post=26126"},{"taxonomy":"product_tag","embeddable":true,"href":"https:\/\/researchchemicalhub.com\/nb\/wp-json\/wp\/v2\/product_tag?post=26126"}],"curies":[{"name":"wp","href":"https:\/\/api.w.org\/{rel}","templated":true}]}}